{"id":71341,"date":"2023-08-17T15:39:13","date_gmt":"2023-08-17T15:39:13","guid":{"rendered":"https:\/\/www.accuratereviews.com\/?page_id=71341"},"modified":"2023-08-17T15:39:13","modified_gmt":"2023-08-17T15:39:13","slug":"heavyjob-recensione","status":"publish","type":"page","link":"https:\/\/www.accuratereviews.com\/it\/software-gestionali-edilizia\/heavyjob-recensione\/","title":{"rendered":"HeavyJob"},"content":{"rendered":"<p><strong>HeavyJob<\/strong> \u00e8 un<strong> software di gestione dei lavori<\/strong> di costruzione basato su <strong>cloud<\/strong>, progettato per aiutare le imprese edili, i capisquadra e le joint venture a gestire le attivit\u00e0 quotidiane in loco, i dipendenti e la produttivit\u00e0 tramite un portale unificato. La piattaforma consente alle organizzazioni di analizzare l&#8217;efficienza della produttivit\u00e0 e semplificare le operazioni relative al confronto di budget e spese e all&#8217;esecuzione di piani e modifiche. La soluzione offre una serie di funzionalit\u00e0 che consentono alle aziende di gestire la supervisione e il monitoraggio dei team in loco e delle loro attivit\u00e0, garantendo la conformit\u00e0 alle normative, il budget allineato e le risorse disponibili. Gli amministratori possono caricare, archiviare e accedere alle informazioni da un database completo per facilitare la pianificazione, migliorare i profitti e ridurre le spese.<\/p>\n<h2>HEAVYJOB &#8211; TUTORIAL<\/h2>\n<div id=\"fluid-wrapper-counter-1\" class=\"g1-fluid-wrapper \" style=\"width:686px;\">\n<div style=\"padding-bottom:56.268221574344%;\"><iframe loading=\"lazy\" title=\"Perform Accurate Construction Forecasting - Labor Hours &amp; Cost | HeavyJob Feature\" width=\"686\" height=\"386\" src=\"https:\/\/www.youtube.com\/embed\/cCoPjBXGxl8?feature=oembed&amp;wmode=transparent&amp;autohide=1&amp;autoplay=0&amp;disablekb=0&amp;fs=1&amp;loop=0&amp;enablejsapi=1&amp;rel=0&amp;controls=2&amp;showinfo=0&amp;wmode=transparent&amp;autohide=2&amp;autoplay=0&amp;disablekb=0&amp;fs=1&amp;loop=0&amp;enablejsapi=1&amp;rel=0&amp;controls=2&amp;showinfo=1\" frameborder=\"0\" allow=\"accelerometer; autoplay; clipboard-write; encrypted-media; gyroscope; picture-in-picture; web-share\" allowfullscreen><\/iframe><\/div>\n<\/div>\n<h3>HEAVYJOB &#8211; CARATTERISTICHE<\/h3>\n<ul>\n<li><strong>Costo del lavoro<\/strong>: ottieni informazioni istantanee su come stanno andando i lavori da qualsiasi luogo.<\/li>\n<li><strong>Monitoraggio della quantit\u00e0<\/strong>: la soluzione semplifica l&#8217;inserimento delle quantit\u00e0 per assicurarti di disporre di dati validi da utilizzare per tenere traccia dei tuoi lavori.<\/li>\n<li><strong>Produttivit\u00e0 sul campo<\/strong>: dare al caposquadra l&#8217;accesso ai dati necessari in modo che le modifiche possano essere apportate immediatamente sul campo.<\/li>\n<li><strong>RFI<\/strong>: tieni traccia dei progressi delle RFI e assicurati che tutti abbiano la risposta di cui hanno bisogno.<\/li>\n<li><strong>Invii<\/strong>: conoscere sempre gli stati di invio in ufficio e sul campo. Scopri chi stai aspettando con il flusso di lavoro sempre aggiornato.<\/li>\n<li><strong>Fatturazione T&amp;M<\/strong>: creazione automatica della fattura per assicurarti di non perdere i soldi che ti sono dovuti.<\/li>\n<li><strong>Esportazione buste paga<\/strong>: stop alla doppia immissione delle schede attivit\u00e0. I cartellini vengono inseriti una volta, vengono controllati pi\u00f9 volte lungo il percorso e quindi facilmente esportati in qualsiasi sistema di contabilit\u00e0\/pagamento scelto.<\/li>\n<li><strong>Budget e previsione<\/strong>: prevedi automaticamente i lavori in modo da sapere esattamente il budget da spendere e le tempistiche di fine lavoro.<\/li>\n<li><strong>Modifica ordini<\/strong>: i\u00a0lavori raramente finiscono perfettamente come quando sono iniziati. Tieni traccia degli ordini di modifica nel momento in cui si verificano e aggiorna automaticamente il tuo budget.<\/li>\n<li><strong>Registro giornaliero<\/strong>: registra facilmente gli eventi giornalieri affinch\u00e9 i manager possano rivederli immediatamente da qualsiasi luogo.<\/li>\n<\/ul>\n<h4>LE RECENSIONI DEGLI UTENTI<\/h4>\n<p><strong>Matthew &#8220;Il miglior prodotto l\u00e0 fuori!!!&#8221;<\/strong><br \/>\n<strong>Pro<\/strong>: Questo prodotto \u00e8 il miglior prodotto l\u00e0 fuori nel settore. Ho usato molti software di stima e niente \u00e8 paragonabile. Puoi rendere la tua offerta semplice o complessa con HCSS. Mi piace che tu possa copiare la tua offerta e fare una nuova offerta super veloce. Questo programma offre pi\u00f9 possibilit\u00e0 di quanto potresti pensare.<br \/>\n<strong>Contro<\/strong>: \u00c8 stato molto difficile imparare questo programma all&#8217;inizio. Sono andato a molti diversi corsi HCSS per ottenere la formazione di cui avevo bisogno. Puoi sbagliare un&#8217;offerta molto facilmente se non stai prestando attenzione.<\/p>\n<p><strong>Chris &#8220;Fantastico prodotto&#8221;<\/strong><br \/>\n<strong>Pro<\/strong>: Ottima soluzione software per monitorare la produzione, l&#8217;inserimento degli orari, i diari giornalieri e le stime salariali. Usalo ogni giorno e lo adoro. Il supporto \u00e8 fantastico.<br \/>\n<strong>Contro<\/strong>: Alcune cose sono un po&#8217; macchinose e difficili da capire ma, come sempre, il supporto \u00e8 disponibile per risolvere rapidamente il tuo problema.<\/p>\n<p><strong>Jessica &#8220;HCSS fa il lavoro pesante&#8221;<\/strong><br \/>\n<strong>Pro<\/strong>: Il servizio clienti \u00e8 di prim&#8217;ordine. Rispondono immediatamente, sono amichevoli e ben informati e fanno di tutto per soddisfare le tue esigenze.<br \/>\n<strong>Contro<\/strong>: Non riesco a pensare a qualcosa che deve essere migliorato.<\/p>\n","protected":false},"excerpt":{"rendered":"<p>HeavyJob \u00e8 un software di gestione dei lavori di costruzione basato su cloud, progettato per aiutare le imprese edili, i capisquadra e le joint venture a gestire le attivit\u00e0 in loco quotidiane, i dipendenti e la produttivit\u00e0 tramite un portale unificato. La piattaforma consente alle organizzazioni di analizzare l&#8217;efficienza della produttivit\u00e0 e semplificare le operazioni relative al confronto di budget e spese e all&#8217;esecuzione di piani e modifiche.<\/p>\n","protected":false},"author":19,"featured_media":71348,"parent":70458,"menu_order":0,"comment_status":"open","ping_status":"closed","template":"g1_template_page_review_new.php","meta":{"_acf_changed":false,"cwp_meta_box_check":"Yes","cwp_rev_product_name":"","cwp_rev_product_image":"","wppr_links":[],"cwp_rev_price":"0.00","wppr_options":[{"name":"Usability","value":"0"},{"name":"Speed","value":"0"},{"name":"Features","value":"0"},{"name":"Support","value":"0"},{"name":"Pricing","value":"0"}],"wppr_pros":["","","","",""],"wppr_cons":["","","","",""],"_monsterinsights_skip_tracking":false,"_monsterinsights_sitenote_active":false,"_monsterinsights_sitenote_note":"","_monsterinsights_sitenote_category":0,"footnotes":""},"categories":[2459],"tags":[14510,14595,14478,14477,14480,14479],"features":[],"class_list":{"0":"post-71341","1":"page","2":"type-page","3":"status-publish","4":"has-post-thumbnail","6":"category-gestionale-per-edilizia-cat","7":"tag-gestione-edilizia","8":"tag-heavyjob","9":"tag-piattaforma-gestionale-edilizia","10":"tag-programma-gestionale-edilizia","11":"tag-software-gestionale-edilizia","12":"tag-soluzione-gestionale-edilizia"},"wppr_data":{"cwp_meta_box_check":"Yes","_wppr_review_template":"default","cwp_rev_product_image":"","cwp_image_link":"image","wppr_links":[],"cwp_rev_price":"0.00","wppr_pros":["","","","",""],"wppr_cons":["","","","",""],"wppr_rating":"0.00","wppr_options":{"1":{"name":"Usability","value":"0"},"2":{"name":"Speed","value":"0"},"3":{"name":"Features","value":"0"},"4":{"name":"Support","value":"0"},"5":{"name":"Pricing","value":"0"}},"wppr_review_type":"Product","wppr_review_custom_fields":{"additionalProperty":"","additionalType":"","aggregateRating":"","alternateName":"","audience":"","award":"","awards":"","brand":"","color":"","depth":"","description":"","disambiguatingDescription":"","gtin12":"","gtin13":"","gtin14":"","gtin8":"","height":"","identifier":"","image":"","isAccessoryOrSparePartFor":"","isConsumableFor":"","isRelatedTo":"","isSimilarTo":"","itemCondition":"","logo":"","mainEntityOfPage":"","manufacturer":"","material":"","model":"","mpn":"","name":"","offers":"","potentialAction":"","productID":"","productionDate":"","purchaseDate":"","releaseDate":"","review":"","reviews":"","sameAs":"","sku":"","slogan":"","subjectOf":"","url":"","weight":"","width":""}},"acf":[],"yoast_head":"<!-- This site is optimized with the Yoast SEO plugin v27.4 - https:\/\/yoast.com\/product\/yoast-seo-wordpress\/ -->\n<title>HeavyJob: recensione software gestionale edilizia - Accurate Reviews<\/title>\n<meta name=\"description\" content=\"HeavyJob: recensione software di gestione dei lavori di costruzione, progettato per le imprese edili, capisquadra e le joint venture.\" \/>\n<meta name=\"robots\" content=\"index, follow, max-snippet:-1, max-image-preview:large, max-video-preview:-1\" \/>\n<link rel=\"canonical\" href=\"https:\/\/www.accuratereviews.com\/it\/software-gestionali-edilizia\/heavyjob-recensione\/\" \/>\n<meta property=\"og:locale\" content=\"it_IT\" \/>\n<meta property=\"og:type\" content=\"article\" \/>\n<meta property=\"og:title\" content=\"HeavyJob: recensione software gestionale edilizia - Accurate Reviews\" \/>\n<meta property=\"og:description\" content=\"HeavyJob: recensione software di gestione dei lavori di costruzione, progettato per le imprese edili, capisquadra e le joint venture.\" \/>\n<meta property=\"og:url\" content=\"https:\/\/www.accuratereviews.com\/it\/software-gestionali-edilizia\/heavyjob-recensione\/\" \/>\n<meta property=\"og:site_name\" content=\"Accurate Reviews\" \/>\n<meta property=\"og:image\" content=\"https:\/\/www.accuratereviews.com\/wp-content\/uploads\/2023\/08\/hcssconstructionsoftwareservicesgreen_10147149.png.webp\" \/>\n\t<meta property=\"og:image:width\" content=\"450\" \/>\n\t<meta property=\"og:image:height\" content=\"364\" \/>\n\t<meta property=\"og:image:type\" content=\"image\/webp\" \/>\n<meta name=\"twitter:card\" content=\"summary_large_image\" \/>\n<meta name=\"twitter:label1\" content=\"Tempo di lettura stimato\" \/>\n\t<meta name=\"twitter:data1\" content=\"3 minuti\" \/>\n<script type=\"application\/ld+json\" class=\"yoast-schema-graph\">{\"@context\":\"https:\\\/\\\/schema.org\",\"@graph\":[{\"@type\":\"WebPage\",\"@id\":\"https:\\\/\\\/www.accuratereviews.com\\\/it\\\/software-gestionali-edilizia\\\/heavyjob-recensione\\\/\",\"url\":\"https:\\\/\\\/www.accuratereviews.com\\\/it\\\/software-gestionali-edilizia\\\/heavyjob-recensione\\\/\",\"name\":\"HeavyJob: recensione software gestionale edilizia - Accurate Reviews\",\"isPartOf\":{\"@id\":\"https:\\\/\\\/www.accuratereviews.com\\\/it\\\/#website\"},\"primaryImageOfPage\":{\"@id\":\"https:\\\/\\\/www.accuratereviews.com\\\/it\\\/software-gestionali-edilizia\\\/heavyjob-recensione\\\/#primaryimage\"},\"image\":{\"@id\":\"https:\\\/\\\/www.accuratereviews.com\\\/it\\\/software-gestionali-edilizia\\\/heavyjob-recensione\\\/#primaryimage\"},\"thumbnailUrl\":\"https:\\\/\\\/www.accuratereviews.com\\\/wp-content\\\/uploads\\\/2023\\\/08\\\/hcssconstructionsoftwareservicesgreen_10147149.png.webp\",\"datePublished\":\"2023-08-17T15:39:13+00:00\",\"description\":\"HeavyJob: recensione software di gestione dei lavori di costruzione, progettato per le imprese edili, capisquadra e le joint venture.\",\"breadcrumb\":{\"@id\":\"https:\\\/\\\/www.accuratereviews.com\\\/it\\\/software-gestionali-edilizia\\\/heavyjob-recensione\\\/#breadcrumb\"},\"inLanguage\":\"it-IT\",\"potentialAction\":[{\"@type\":\"ReadAction\",\"target\":[\"https:\\\/\\\/www.accuratereviews.com\\\/it\\\/software-gestionali-edilizia\\\/heavyjob-recensione\\\/\"]}]},{\"@type\":\"ImageObject\",\"inLanguage\":\"it-IT\",\"@id\":\"https:\\\/\\\/www.accuratereviews.com\\\/it\\\/software-gestionali-edilizia\\\/heavyjob-recensione\\\/#primaryimage\",\"url\":\"https:\\\/\\\/www.accuratereviews.com\\\/wp-content\\\/uploads\\\/2023\\\/08\\\/hcssconstructionsoftwareservicesgreen_10147149.png.webp\",\"contentUrl\":\"https:\\\/\\\/www.accuratereviews.com\\\/wp-content\\\/uploads\\\/2023\\\/08\\\/hcssconstructionsoftwareservicesgreen_10147149.png.webp\",\"width\":450,\"height\":364},{\"@type\":\"BreadcrumbList\",\"@id\":\"https:\\\/\\\/www.accuratereviews.com\\\/it\\\/software-gestionali-edilizia\\\/heavyjob-recensione\\\/#breadcrumb\",\"itemListElement\":[{\"@type\":\"ListItem\",\"position\":1,\"name\":\"Home\",\"item\":\"https:\\\/\\\/www.accuratereviews.com\\\/it\\\/\"},{\"@type\":\"ListItem\",\"position\":2,\"name\":\"Software gestionali per edilizia\",\"item\":\"https:\\\/\\\/www.accuratereviews.com\\\/it\\\/software-gestionali-edilizia\\\/\"},{\"@type\":\"ListItem\",\"position\":3,\"name\":\"HeavyJob\"}]},{\"@type\":\"WebSite\",\"@id\":\"https:\\\/\\\/www.accuratereviews.com\\\/it\\\/#website\",\"url\":\"https:\\\/\\\/www.accuratereviews.com\\\/it\\\/\",\"name\":\"Accurate Reviews\",\"description\":\"\",\"potentialAction\":[{\"@type\":\"SearchAction\",\"target\":{\"@type\":\"EntryPoint\",\"urlTemplate\":\"https:\\\/\\\/www.accuratereviews.com\\\/it\\\/?s={search_term_string}\"},\"query-input\":{\"@type\":\"PropertyValueSpecification\",\"valueRequired\":true,\"valueName\":\"search_term_string\"}}],\"inLanguage\":\"it-IT\"}]}<\/script>\n<!-- \/ Yoast SEO plugin. -->","yoast_head_json":{"title":"HeavyJob: recensione software gestionale edilizia - Accurate Reviews","description":"HeavyJob: recensione software di gestione dei lavori di costruzione, progettato per le imprese edili, capisquadra e le joint venture.","robots":{"index":"index","follow":"follow","max-snippet":"max-snippet:-1","max-image-preview":"max-image-preview:large","max-video-preview":"max-video-preview:-1"},"canonical":"https:\/\/www.accuratereviews.com\/it\/software-gestionali-edilizia\/heavyjob-recensione\/","og_locale":"it_IT","og_type":"article","og_title":"HeavyJob: recensione software gestionale edilizia - Accurate Reviews","og_description":"HeavyJob: recensione software di gestione dei lavori di costruzione, progettato per le imprese edili, capisquadra e le joint venture.","og_url":"https:\/\/www.accuratereviews.com\/it\/software-gestionali-edilizia\/heavyjob-recensione\/","og_site_name":"Accurate Reviews","og_image":[{"width":450,"height":364,"url":"https:\/\/www.accuratereviews.com\/wp-content\/uploads\/2023\/08\/hcssconstructionsoftwareservicesgreen_10147149.png.webp","type":"image\/webp"}],"twitter_card":"summary_large_image","twitter_misc":{"Tempo di lettura stimato":"3 minuti"},"schema":{"@context":"https:\/\/schema.org","@graph":[{"@type":"WebPage","@id":"https:\/\/www.accuratereviews.com\/it\/software-gestionali-edilizia\/heavyjob-recensione\/","url":"https:\/\/www.accuratereviews.com\/it\/software-gestionali-edilizia\/heavyjob-recensione\/","name":"HeavyJob: recensione software gestionale edilizia - Accurate Reviews","isPartOf":{"@id":"https:\/\/www.accuratereviews.com\/it\/#website"},"primaryImageOfPage":{"@id":"https:\/\/www.accuratereviews.com\/it\/software-gestionali-edilizia\/heavyjob-recensione\/#primaryimage"},"image":{"@id":"https:\/\/www.accuratereviews.com\/it\/software-gestionali-edilizia\/heavyjob-recensione\/#primaryimage"},"thumbnailUrl":"https:\/\/www.accuratereviews.com\/wp-content\/uploads\/2023\/08\/hcssconstructionsoftwareservicesgreen_10147149.png.webp","datePublished":"2023-08-17T15:39:13+00:00","description":"HeavyJob: recensione software di gestione dei lavori di costruzione, progettato per le imprese edili, capisquadra e le joint venture.","breadcrumb":{"@id":"https:\/\/www.accuratereviews.com\/it\/software-gestionali-edilizia\/heavyjob-recensione\/#breadcrumb"},"inLanguage":"it-IT","potentialAction":[{"@type":"ReadAction","target":["https:\/\/www.accuratereviews.com\/it\/software-gestionali-edilizia\/heavyjob-recensione\/"]}]},{"@type":"ImageObject","inLanguage":"it-IT","@id":"https:\/\/www.accuratereviews.com\/it\/software-gestionali-edilizia\/heavyjob-recensione\/#primaryimage","url":"https:\/\/www.accuratereviews.com\/wp-content\/uploads\/2023\/08\/hcssconstructionsoftwareservicesgreen_10147149.png.webp","contentUrl":"https:\/\/www.accuratereviews.com\/wp-content\/uploads\/2023\/08\/hcssconstructionsoftwareservicesgreen_10147149.png.webp","width":450,"height":364},{"@type":"BreadcrumbList","@id":"https:\/\/www.accuratereviews.com\/it\/software-gestionali-edilizia\/heavyjob-recensione\/#breadcrumb","itemListElement":[{"@type":"ListItem","position":1,"name":"Home","item":"https:\/\/www.accuratereviews.com\/it\/"},{"@type":"ListItem","position":2,"name":"Software gestionali per edilizia","item":"https:\/\/www.accuratereviews.com\/it\/software-gestionali-edilizia\/"},{"@type":"ListItem","position":3,"name":"HeavyJob"}]},{"@type":"WebSite","@id":"https:\/\/www.accuratereviews.com\/it\/#website","url":"https:\/\/www.accuratereviews.com\/it\/","name":"Accurate Reviews","description":"","potentialAction":[{"@type":"SearchAction","target":{"@type":"EntryPoint","urlTemplate":"https:\/\/www.accuratereviews.com\/it\/?s={search_term_string}"},"query-input":{"@type":"PropertyValueSpecification","valueRequired":true,"valueName":"search_term_string"}}],"inLanguage":"it-IT"}]}},"_links":{"self":[{"href":"https:\/\/www.accuratereviews.com\/it\/wp-json\/wp\/v2\/pages\/71341","targetHints":{"allow":["GET"]}}],"collection":[{"href":"https:\/\/www.accuratereviews.com\/it\/wp-json\/wp\/v2\/pages"}],"about":[{"href":"https:\/\/www.accuratereviews.com\/it\/wp-json\/wp\/v2\/types\/page"}],"author":[{"embeddable":true,"href":"https:\/\/www.accuratereviews.com\/it\/wp-json\/wp\/v2\/users\/19"}],"replies":[{"embeddable":true,"href":"https:\/\/www.accuratereviews.com\/it\/wp-json\/wp\/v2\/comments?post=71341"}],"version-history":[{"count":14,"href":"https:\/\/www.accuratereviews.com\/it\/wp-json\/wp\/v2\/pages\/71341\/revisions"}],"predecessor-version":[{"id":71368,"href":"https:\/\/www.accuratereviews.com\/it\/wp-json\/wp\/v2\/pages\/71341\/revisions\/71368"}],"up":[{"embeddable":true,"href":"https:\/\/www.accuratereviews.com\/it\/wp-json\/wp\/v2\/pages\/70458"}],"wp:featuredmedia":[{"embeddable":true,"href":"https:\/\/www.accuratereviews.com\/it\/wp-json\/wp\/v2\/media\/71348"}],"wp:attachment":[{"href":"https:\/\/www.accuratereviews.com\/it\/wp-json\/wp\/v2\/media?parent=71341"}],"wp:term":[{"taxonomy":"category","embeddable":true,"href":"https:\/\/www.accuratereviews.com\/it\/wp-json\/wp\/v2\/categories?post=71341"},{"taxonomy":"post_tag","embeddable":true,"href":"https:\/\/www.accuratereviews.com\/it\/wp-json\/wp\/v2\/tags?post=71341"},{"taxonomy":"features","embeddable":true,"href":"https:\/\/www.accuratereviews.com\/it\/wp-json\/wp\/v2\/features?post=71341"}],"curies":[{"name":"wp","href":"https:\/\/api.w.org\/{rel}","templated":true}]}}