{"id":71369,"date":"2023-08-18T13:17:31","date_gmt":"2023-08-18T13:17:31","guid":{"rendered":"https:\/\/www.accuratereviews.com\/?page_id=71369"},"modified":"2023-08-18T13:17:31","modified_gmt":"2023-08-18T13:17:31","slug":"builterra-recensione","status":"publish","type":"page","link":"https:\/\/www.accuratereviews.com\/it\/software-gestionali-edilizia\/builterra-recensione\/","title":{"rendered":"Builterra"},"content":{"rendered":"<p><strong>Builterra<\/strong> \u00e8 un <strong>software di amministrazione<\/strong> dei contratti, progettato per assistere le aziende con la preparazione delle offerte, l&#8217;ispezione sul campo, la stima dei costi, la rendicontazione dei pagamenti e altro ancora all&#8217;interno di una piattaforma unificata. Gli utenti possono acquisire e caricare modelli e propriet\u00e0 basate su CAD per oggetti per creare tabelle di elementi di pagamento e confrontare elementi di offerta in base a stime di sezione o di costo attraverso grafici con codice colore.<br \/>\n<strong>Builterra <\/strong>consente alle aziende di aggiungere codici articolo, descrizioni, specifiche, PDF e altre propriet\u00e0 alle schede di offerta. Gli amministratori del contratto possono creare report con sezioni su attrezzature, manodopera, visitatori e immagini in base ai requisiti del prodotto. La piattaforma aiuta anche le aziende a esaminare i dati di ispezione e creare modelli per offerte o stime dei costi.<\/p>\n<h2>BUILTERRA &#8211; TUTORIAL<\/h2>\n<div id=\"fluid-wrapper-counter-1\" class=\"g1-fluid-wrapper \" style=\"width:686px;\">\n<div style=\"padding-bottom:56.268221574344%;\"><iframe loading=\"lazy\" title=\"Welcome to The Built Environment w\/ Builterra\" width=\"686\" height=\"386\" src=\"https:\/\/www.youtube.com\/embed\/av1CoZVO1Lw?feature=oembed&amp;wmode=transparent&amp;autohide=1&amp;autoplay=0&amp;disablekb=0&amp;fs=1&amp;loop=0&amp;enablejsapi=1&amp;rel=0&amp;controls=2&amp;showinfo=0&amp;wmode=transparent&amp;autohide=2&amp;autoplay=0&amp;disablekb=0&amp;fs=1&amp;loop=0&amp;enablejsapi=1&amp;rel=0&amp;controls=2&amp;showinfo=1\" frameborder=\"0\" allow=\"accelerometer; autoplay; clipboard-write; encrypted-media; gyroscope; picture-in-picture; web-share\" allowfullscreen><\/iframe><\/div>\n<\/div>\n<h3>BUILTERRA &#8211; CARATTERISTICHE<\/h3>\n<ul>\n<li>La standardizzazione della preparazione delle offerte utilizzando i cataloghi centrali degli elementi di offerta consente di ottenere elementi coerenti della tabella delle offerte del progetto con specifiche e dettagli allegati.<\/li>\n<li>Il gruppo di sezioni e i modelli di tabella degli elementi di offerta preconfigurati semplificano l&#8217;impostazione delle offerte per nuovi progetti.<\/li>\n<li>Stima dei costi in tempo reale utilizzando i dati delle offerte inviati in precedenza dagli appaltatori.<\/li>\n<li>Foto geolocalizzate, voci di ispezione<\/li>\n<li>I markup PDF vengono tutti utilizzati per integrare il record di ispezione giornaliera.<\/li>\n<li>Collegamento diretto agli elementi della tabella delle offerte aggiudicate<\/li>\n<li>I markup di Google Maps possono essere aggiunti al reportage fotografico<\/li>\n<li>Accesso in tempo reale alla quantit\u00e0 del contratto e alle quantit\u00e0 ispezionate aggiornate<\/li>\n<li>La quantit\u00e0 di articoli nel resoconto progressivo giornaliero viene utilizzata nel resoconto pagamenti anticipati<\/li>\n<li>Raccolta dati configurabile<\/li>\n<li>Opzioni modulo e sottotabella<\/li>\n<li>Qualsiasi tipo di ispezione possibile<\/li>\n<li>Automatizza il processo di approvazione della quantit\u00e0 di ispezione per eliminare la necessit\u00e0 di inviare singolarmente i documenti per la revisione.<\/li>\n<li>La dashboard di avanzamento in tempo reale basato sulle quantit\u00e0 ispezionate e sui prezzi degli articoli aggiudicati genera i dati finanziari del contratto direttamente dal campo<\/li>\n<li>Rapporti dettagliati sui pagamenti di avanzamento, ordini di modifica, trattenute e rilasci sostituiscono Excel come strumento per ottenere rapporti di fine mese coerenti sull&#8217;avanzamento del progetto<\/li>\n<\/ul>\n<h4>LE RECENSIONI DEGLI UTENTI<\/h4>\n<p><strong>Tim &#8220;Buon software per la gestione dei contratti&#8221;<\/strong><br \/>\n<strong>Commenti<\/strong>: Utilizziamo Builterra per la maggior parte dei progetti stradali, idrici e fognari. Ci vuole un po&#8217; di tempo per imparare e acquisire la capacit\u00e0 di navigare nel software, ma i vantaggi di avere tutti i file di progetto gestiti su un&#8217;unica piattaforma funzionale lo rendono molto utile.<br \/>\n<strong>Pro<\/strong>: La capacit\u00e0 di gestire tutti i nostri progetti per tutto il loro ciclo di vita su un&#8217;unica piattaforma software \u00e8 molto efficiente. Incorporare la creazione di offerte, le gare d&#8217;appalto, l&#8217;amministrazione dei contratti e l&#8217;ispezione insieme in un formato leggibile \u00e8 unico nel settore. Le opzioni di reporting personalizzate sono estremamente vantaggiose per i nostri sistemi di gestione e sistemi di monitoraggio dei progetti.<br \/>\n<strong>Contro<\/strong>: Il software funziona abbastanza bene ma a volte ti costringe a iniziare sempre dalla pagina principale del progetto. Alcuni pulsanti di navigazione aggiuntivi all&#8217;interno dei file di gestione del progetto sarebbero utili. Alcune funzionalit\u00e0 personalizzate che sono uniche per la nostra organizzazione dovrebbero probabilmente essere funzionalit\u00e0 &#8220;pronte all&#8217;uso&#8221; nei futuri aggiornamenti di Builterra.<\/p>\n<p><strong>Eric &#8220;Gli ispettori hanno bisogno di questo!&#8221;<\/strong><br \/>\n<strong>Commenti<\/strong>: Mi piace usare il software in generale. Si spera che migliorino l&#8217;interfaccia utente ad un certo punto.<br \/>\n<strong>Pro<\/strong>: Mi piace che questo ci abbia portato dalla carta alle copie digitali dei nostri rapporti di ispezione. Mi aiuta anche a rimanere incredibilmente organizzato.<br \/>\n<strong>Contro<\/strong>: Pu\u00f2 essere complicato da usare all&#8217;inizio. Tuttavia, una volta imparati i passaggi, non \u00e8 poi cos\u00ec male. Il software potrebbe anche utilizzare un po&#8217; di ritocco. L&#8217;interfaccia utente non \u00e8 visivamente accattivante e manca il supporto dei gesti per iOS.<\/p>\n<p><strong>Marko &#8220;Fantastico prodotto&#8221;<\/strong><br \/>\n<strong>Commenti<\/strong>: Facile da usare, aiutato con le attivit\u00e0 quotidiane del mio lavoro<br \/>\n<strong>Pro<\/strong>: Facilit\u00e0 d&#8217;uso e si integra bene con i documenti di pagamento del contratto<br \/>\n<strong>Contro<\/strong>: Sarebbe bello poter aggiungere pi\u00f9 di 20 foto contemporaneamente dal cellulare<\/p>\n","protected":false},"excerpt":{"rendered":"<p>Builterra \u00e8 un software di amministrazione dei contratti progettato per assistere le aziende con la preparazione delle offerte, l&#8217;ispezione sul campo, la stima dei costi, la rendicontazione dei pagamenti e altro ancora all&#8217;interno di una piattaforma unificata. Gli utenti possono acquisire e caricare modelli e propriet\u00e0 basate su CAD.<\/p>\n","protected":false},"author":19,"featured_media":71370,"parent":70458,"menu_order":0,"comment_status":"open","ping_status":"closed","template":"g1_template_page_review_new.php","meta":{"_acf_changed":false,"cwp_meta_box_check":"No","cwp_rev_product_name":"","cwp_rev_product_image":"","wppr_links":[],"cwp_rev_price":"","wppr_options":[],"wppr_pros":[],"wppr_cons":[],"_monsterinsights_skip_tracking":false,"_monsterinsights_sitenote_active":false,"_monsterinsights_sitenote_note":"","_monsterinsights_sitenote_category":0,"footnotes":""},"categories":[2459],"tags":[14486,14470,14474,14480,14479],"features":[],"class_list":{"0":"post-71369","1":"page","2":"type-page","3":"status-publish","4":"has-post-thumbnail","6":"category-gestionale-per-edilizia-cat","7":"tag-app-gestionale-edilizia","8":"tag-gestionale-edilizia","9":"tag-piattaforma-per-edilizia","10":"tag-software-gestionale-edilizia","11":"tag-soluzione-gestionale-edilizia"},"wppr_data":{"cwp_meta_box_check":"No"},"acf":[],"yoast_head":"<!-- This site is optimized with the Yoast SEO plugin v26.0 - https:\/\/yoast.com\/wordpress\/plugins\/seo\/ -->\n<title>Builterra: recensione software gestionale edilizia - Accurate Reviews<\/title>\n<meta name=\"description\" content=\"Builterra: recensione software gestionale per l&#039;edilizia che offre applicazioni mobili per dispositivi Android e iOS.\" \/>\n<meta name=\"robots\" content=\"index, follow, max-snippet:-1, max-image-preview:large, max-video-preview:-1\" \/>\n<link rel=\"canonical\" href=\"https:\/\/www.accuratereviews.com\/it\/software-gestionali-edilizia\/builterra-recensione\/\" \/>\n<meta property=\"og:locale\" content=\"it_IT\" \/>\n<meta property=\"og:type\" content=\"article\" \/>\n<meta property=\"og:title\" content=\"Builterra: recensione software gestionale edilizia - Accurate Reviews\" \/>\n<meta property=\"og:description\" content=\"Builterra: recensione software gestionale per l&#039;edilizia che offre applicazioni mobili per dispositivi Android e iOS.\" \/>\n<meta property=\"og:url\" content=\"https:\/\/www.accuratereviews.com\/it\/software-gestionali-edilizia\/builterra-recensione\/\" \/>\n<meta property=\"og:site_name\" content=\"Accurate Reviews\" \/>\n<meta property=\"og:image\" content=\"https:\/\/www.accuratereviews.com\/wp-content\/uploads\/2023\/08\/Builterra.jpeg\" \/>\n\t<meta property=\"og:image:width\" content=\"225\" \/>\n\t<meta property=\"og:image:height\" content=\"225\" \/>\n\t<meta property=\"og:image:type\" content=\"image\/jpeg\" \/>\n<meta name=\"twitter:card\" content=\"summary_large_image\" \/>\n<meta name=\"twitter:label1\" content=\"Tempo di lettura stimato\" \/>\n\t<meta name=\"twitter:data1\" content=\"4 minuti\" \/>\n<script type=\"application\/ld+json\" class=\"yoast-schema-graph\">{\"@context\":\"https:\/\/schema.org\",\"@graph\":[{\"@type\":\"WebPage\",\"@id\":\"https:\/\/www.accuratereviews.com\/it\/software-gestionali-edilizia\/builterra-recensione\/\",\"url\":\"https:\/\/www.accuratereviews.com\/it\/software-gestionali-edilizia\/builterra-recensione\/\",\"name\":\"Builterra: recensione software gestionale edilizia - Accurate Reviews\",\"isPartOf\":{\"@id\":\"https:\/\/www.accuratereviews.com\/it\/#website\"},\"primaryImageOfPage\":{\"@id\":\"https:\/\/www.accuratereviews.com\/it\/software-gestionali-edilizia\/builterra-recensione\/#primaryimage\"},\"image\":{\"@id\":\"https:\/\/www.accuratereviews.com\/it\/software-gestionali-edilizia\/builterra-recensione\/#primaryimage\"},\"thumbnailUrl\":\"https:\/\/www.accuratereviews.com\/wp-content\/uploads\/2023\/08\/Builterra.jpeg\",\"datePublished\":\"2023-08-18T13:17:31+00:00\",\"description\":\"Builterra: recensione software gestionale per l'edilizia che offre applicazioni mobili per dispositivi Android e iOS.\",\"breadcrumb\":{\"@id\":\"https:\/\/www.accuratereviews.com\/it\/software-gestionali-edilizia\/builterra-recensione\/#breadcrumb\"},\"inLanguage\":\"it-IT\",\"potentialAction\":[{\"@type\":\"ReadAction\",\"target\":[\"https:\/\/www.accuratereviews.com\/it\/software-gestionali-edilizia\/builterra-recensione\/\"]}]},{\"@type\":\"ImageObject\",\"inLanguage\":\"it-IT\",\"@id\":\"https:\/\/www.accuratereviews.com\/it\/software-gestionali-edilizia\/builterra-recensione\/#primaryimage\",\"url\":\"https:\/\/www.accuratereviews.com\/wp-content\/uploads\/2023\/08\/Builterra.jpeg\",\"contentUrl\":\"https:\/\/www.accuratereviews.com\/wp-content\/uploads\/2023\/08\/Builterra.jpeg\",\"width\":225,\"height\":225},{\"@type\":\"BreadcrumbList\",\"@id\":\"https:\/\/www.accuratereviews.com\/it\/software-gestionali-edilizia\/builterra-recensione\/#breadcrumb\",\"itemListElement\":[{\"@type\":\"ListItem\",\"position\":1,\"name\":\"Home\",\"item\":\"https:\/\/www.accuratereviews.com\/it\/\"},{\"@type\":\"ListItem\",\"position\":2,\"name\":\"Software gestionali per edilizia\",\"item\":\"https:\/\/www.accuratereviews.com\/it\/software-gestionali-edilizia\/\"},{\"@type\":\"ListItem\",\"position\":3,\"name\":\"Builterra\"}]},{\"@type\":\"WebSite\",\"@id\":\"https:\/\/www.accuratereviews.com\/it\/#website\",\"url\":\"https:\/\/www.accuratereviews.com\/it\/\",\"name\":\"Accurate Reviews\",\"description\":\"\",\"potentialAction\":[{\"@type\":\"SearchAction\",\"target\":{\"@type\":\"EntryPoint\",\"urlTemplate\":\"https:\/\/www.accuratereviews.com\/it\/?s={search_term_string}\"},\"query-input\":{\"@type\":\"PropertyValueSpecification\",\"valueRequired\":true,\"valueName\":\"search_term_string\"}}],\"inLanguage\":\"it-IT\"}]}<\/script>\n<!-- \/ Yoast SEO plugin. -->","yoast_head_json":{"title":"Builterra: recensione software gestionale edilizia - Accurate Reviews","description":"Builterra: recensione software gestionale per l'edilizia che offre applicazioni mobili per dispositivi Android e iOS.","robots":{"index":"index","follow":"follow","max-snippet":"max-snippet:-1","max-image-preview":"max-image-preview:large","max-video-preview":"max-video-preview:-1"},"canonical":"https:\/\/www.accuratereviews.com\/it\/software-gestionali-edilizia\/builterra-recensione\/","og_locale":"it_IT","og_type":"article","og_title":"Builterra: recensione software gestionale edilizia - Accurate Reviews","og_description":"Builterra: recensione software gestionale per l'edilizia che offre applicazioni mobili per dispositivi Android e iOS.","og_url":"https:\/\/www.accuratereviews.com\/it\/software-gestionali-edilizia\/builterra-recensione\/","og_site_name":"Accurate Reviews","og_image":[{"width":225,"height":225,"url":"https:\/\/www.accuratereviews.com\/wp-content\/uploads\/2023\/08\/Builterra.jpeg","type":"image\/jpeg"}],"twitter_card":"summary_large_image","twitter_misc":{"Tempo di lettura stimato":"4 minuti"},"schema":{"@context":"https:\/\/schema.org","@graph":[{"@type":"WebPage","@id":"https:\/\/www.accuratereviews.com\/it\/software-gestionali-edilizia\/builterra-recensione\/","url":"https:\/\/www.accuratereviews.com\/it\/software-gestionali-edilizia\/builterra-recensione\/","name":"Builterra: recensione software gestionale edilizia - Accurate Reviews","isPartOf":{"@id":"https:\/\/www.accuratereviews.com\/it\/#website"},"primaryImageOfPage":{"@id":"https:\/\/www.accuratereviews.com\/it\/software-gestionali-edilizia\/builterra-recensione\/#primaryimage"},"image":{"@id":"https:\/\/www.accuratereviews.com\/it\/software-gestionali-edilizia\/builterra-recensione\/#primaryimage"},"thumbnailUrl":"https:\/\/www.accuratereviews.com\/wp-content\/uploads\/2023\/08\/Builterra.jpeg","datePublished":"2023-08-18T13:17:31+00:00","description":"Builterra: recensione software gestionale per l'edilizia che offre applicazioni mobili per dispositivi Android e iOS.","breadcrumb":{"@id":"https:\/\/www.accuratereviews.com\/it\/software-gestionali-edilizia\/builterra-recensione\/#breadcrumb"},"inLanguage":"it-IT","potentialAction":[{"@type":"ReadAction","target":["https:\/\/www.accuratereviews.com\/it\/software-gestionali-edilizia\/builterra-recensione\/"]}]},{"@type":"ImageObject","inLanguage":"it-IT","@id":"https:\/\/www.accuratereviews.com\/it\/software-gestionali-edilizia\/builterra-recensione\/#primaryimage","url":"https:\/\/www.accuratereviews.com\/wp-content\/uploads\/2023\/08\/Builterra.jpeg","contentUrl":"https:\/\/www.accuratereviews.com\/wp-content\/uploads\/2023\/08\/Builterra.jpeg","width":225,"height":225},{"@type":"BreadcrumbList","@id":"https:\/\/www.accuratereviews.com\/it\/software-gestionali-edilizia\/builterra-recensione\/#breadcrumb","itemListElement":[{"@type":"ListItem","position":1,"name":"Home","item":"https:\/\/www.accuratereviews.com\/it\/"},{"@type":"ListItem","position":2,"name":"Software gestionali per edilizia","item":"https:\/\/www.accuratereviews.com\/it\/software-gestionali-edilizia\/"},{"@type":"ListItem","position":3,"name":"Builterra"}]},{"@type":"WebSite","@id":"https:\/\/www.accuratereviews.com\/it\/#website","url":"https:\/\/www.accuratereviews.com\/it\/","name":"Accurate Reviews","description":"","potentialAction":[{"@type":"SearchAction","target":{"@type":"EntryPoint","urlTemplate":"https:\/\/www.accuratereviews.com\/it\/?s={search_term_string}"},"query-input":{"@type":"PropertyValueSpecification","valueRequired":true,"valueName":"search_term_string"}}],"inLanguage":"it-IT"}]}},"_links":{"self":[{"href":"https:\/\/www.accuratereviews.com\/it\/wp-json\/wp\/v2\/pages\/71369","targetHints":{"allow":["GET"]}}],"collection":[{"href":"https:\/\/www.accuratereviews.com\/it\/wp-json\/wp\/v2\/pages"}],"about":[{"href":"https:\/\/www.accuratereviews.com\/it\/wp-json\/wp\/v2\/types\/page"}],"author":[{"embeddable":true,"href":"https:\/\/www.accuratereviews.com\/it\/wp-json\/wp\/v2\/users\/19"}],"replies":[{"embeddable":true,"href":"https:\/\/www.accuratereviews.com\/it\/wp-json\/wp\/v2\/comments?post=71369"}],"version-history":[{"count":9,"href":"https:\/\/www.accuratereviews.com\/it\/wp-json\/wp\/v2\/pages\/71369\/revisions"}],"predecessor-version":[{"id":71387,"href":"https:\/\/www.accuratereviews.com\/it\/wp-json\/wp\/v2\/pages\/71369\/revisions\/71387"}],"up":[{"embeddable":true,"href":"https:\/\/www.accuratereviews.com\/it\/wp-json\/wp\/v2\/pages\/70458"}],"wp:featuredmedia":[{"embeddable":true,"href":"https:\/\/www.accuratereviews.com\/it\/wp-json\/wp\/v2\/media\/71370"}],"wp:attachment":[{"href":"https:\/\/www.accuratereviews.com\/it\/wp-json\/wp\/v2\/media?parent=71369"}],"wp:term":[{"taxonomy":"category","embeddable":true,"href":"https:\/\/www.accuratereviews.com\/it\/wp-json\/wp\/v2\/categories?post=71369"},{"taxonomy":"post_tag","embeddable":true,"href":"https:\/\/www.accuratereviews.com\/it\/wp-json\/wp\/v2\/tags?post=71369"},{"taxonomy":"features","embeddable":true,"href":"https:\/\/www.accuratereviews.com\/it\/wp-json\/wp\/v2\/features?post=71369"}],"curies":[{"name":"wp","href":"https:\/\/api.w.org\/{rel}","templated":true}]}}