{"id":71445,"date":"2023-08-23T14:07:12","date_gmt":"2023-08-23T14:07:12","guid":{"rendered":"https:\/\/www.accuratereviews.com\/?page_id=71445"},"modified":"2023-08-23T14:07:12","modified_gmt":"2023-08-23T14:07:12","slug":"asite-recensione","status":"publish","type":"page","link":"https:\/\/www.accuratereviews.com\/it\/software-gestionali-edilizia\/asite-recensione\/","title":{"rendered":"Asite"},"content":{"rendered":"<p>Il <strong>software di gestione delle costruzioni<\/strong> di <strong>Asite<\/strong> semplifica la gestione dei tuoi progetti. Riunisci tutte le informazioni su una piattaforma organizzata, sicura e basata sul cloud. Avrai visibilit\u00e0 immediata sullo stato del tuo progetto. Inoltre, gli strumenti di controllo e automazione manterranno il progetto sempre aggiornato.<br \/>\nLa soluzione \u00e8 una piattaforma che offre configurabilit\u00e0 illimitata con flussi di lavoro, moduli e report, personalizzati per lavorare nel modo che preferisci.<\/p>\n<h2>ASITE &#8211; TUTORIAL<\/h2>\n<div id=\"fluid-wrapper-counter-1\" class=\"g1-fluid-wrapper \" style=\"width:686px;\">\n<div style=\"padding-bottom:56.268221574344%;\"><iframe loading=\"lazy\" title=\"Asite Infrastructure\" width=\"686\" height=\"386\" src=\"https:\/\/www.youtube.com\/embed\/8Njmym5gzTs?list=PLfg-RwI9hwJq0HO3fVtKe66uQt0qyM4rD\" frameborder=\"0\" allow=\"accelerometer; autoplay; clipboard-write; encrypted-media; gyroscope; picture-in-picture; web-share\" allowfullscreen><\/iframe><\/div>\n<\/div>\n<h3>ASITE &#8211; CARATTERISTICHE<\/h3>\n<ul>\n<li><strong>Gestione documenti<\/strong>: caricare, gestire, monitorare e condividere facilmente le informazioni sui clienti in un&#8217;area centrale. Funzionalit\u00e0 aggiuntive come la marcatura 2D\/3D, la revisione automatica e la cronologia delle revisioni facilitano la comunicazione senza soluzione di continuit\u00e0 tra architetti e clienti.<\/li>\n<li><strong>BIM collaborativo<\/strong>: gli architetti possono collaborare e visualizzare modelli 3D in un ambiente basato su cloud. Gli utenti possono visualizzare, cercare e collaborare su oggetti in modelli individuali e federati, supportando oltre 50 formati nativi nello spazio di archiviazione conforme al BIM del software.<\/li>\n<li><strong>Gestione della posta elettronica<\/strong>: permette agli utenti di sincronizzare facilmente email e allegati, garantendo l&#8217;accessibilit\u00e0 alle informazioni sul progetto a tutte le parti interessate. Gli utenti possono creare regole per la sincronizzazione diretta, stabilendo un&#8217;unica fonte di verit\u00e0 e aumentando la produzione<\/li>\n<li><strong>Permessi:<\/strong> tieni traccia e gestisci ispezioni, permessi e certificazioni durante l&#8217;intero processo di autorizzazione.<\/li>\n<li><strong>Gestione delle prestazioni delle risorse:<\/strong> proteggi i tuoi beni patrimoniali con un&#8217;unica fonte di informazioni. Asset Performance Management (APM) migliora il funzionamento delle risorse.<\/li>\n<li><strong>Rapporti con i fornitori:<\/strong> automatizza la prequalificazione e gli inviti a presentare offerte con il software integrato di gestione delle relazioni con i fornitori e di gestione delle offerte. Sii pi\u00f9 efficiente nell&#8217;acquisire informazioni critiche.<\/li>\n<li><strong>Gestione del portafoglio di progetti<\/strong>: migliora la gestione dei costi, della pianificazione e della qualit\u00e0 per ogni progetto nel tuo portfolio.<\/li>\n<\/ul>\n<h4>LE RECENSIONI DEGLI UTENTI<\/h4>\n<p><strong>Laurel &#8220;Piattaforma di collaborazione basata su cloud&#8221;<\/strong><br \/>\n<strong>Commenti<\/strong>: Funzionalit\u00e0 come AppBuilder o il gestore del portafoglio progetti BIM ottimizzano i risultati desiderati. Sono associati alla pianificazione e ai comandi di follow-up.<br \/>\n<strong>Pro<\/strong>: Basato sul cloud SaaS, Asite ti consente di gestire portafogli di progetti BIM, sviluppare applicazioni personalizzate, sviluppare i tuoi flussi di lavoro. \u00c8 anche possibile lavorare da remoto e sincronizzarsi con diverse postazioni. Integra HTML, PDF e altri formati di documentazione<br \/>\n<strong>Contro<\/strong>: L&#8217;accesso alle funzionalit\u00e0 pi\u00f9 avanzate \u00e8 condizionato da un incremento dell&#8217;onere finanziario per l&#8217;acquisizione del premio.<\/p>\n<p><strong>Daniel &#8220;Facile da utilizzare per la visualizzazione e la gestione del controllo dei documenti&#8221;<\/strong><br \/>\n<strong>Pro<\/strong>: La possibilit\u00e0 di visualizzare i documenti prima di scaricarli \u00e8 molto utile e consente di risparmiare tempo.<br \/>\n<strong>Contro<\/strong>: Non c&#8217;\u00e8 niente che non mi piace di Asite<\/p>\n<p><strong>Joe &#8220;Recensione ASITE&#8221;<\/strong><br \/>\n<strong>Pro<\/strong>: Capacit\u00e0 di file\/archiviazione\/metadati\/controllo versione\/BS Standard\/protocolli validi per la gestione dei progetti. Conformit\u00e0 contrattuale NEC. Invio dei file ai clienti nei tempi concordati. sostituire i file garantendo il rispetto dei protocolli di versione. Creazione della struttura dei file. Gli invii BIM di modellazione non hanno capacit\u00e0.<br \/>\n<strong>Contro<\/strong>: Repository di file: nessuna opzione di ripristino di emergenza<\/p>\n","protected":false},"excerpt":{"rendered":"<p>Il software di gestione delle costruzioni di Asite semplifica la gestione dei tuoi progetti. Riunisci tutte le informazioni su una piattaforma organizzata, sicura e basata sul cloud. Avrai visibilit\u00e0 immediata sullo stato del tuo progetto. Inoltre, gli strumenti di controllo e automazione manterranno il progetto sempre aggiornato.<\/p>\n","protected":false},"author":19,"featured_media":71446,"parent":70458,"menu_order":0,"comment_status":"open","ping_status":"closed","template":"g1_template_page_review_new.php","meta":{"_acf_changed":false,"cwp_meta_box_check":"Yes","cwp_rev_product_name":"","cwp_rev_product_image":"","wppr_links":[],"cwp_rev_price":"0.00","wppr_options":[{"name":"Usability","value":"0"},{"name":"Speed","value":"0"},{"name":"Features","value":"0"},{"name":"Support","value":"0"},{"name":"Pricing","value":"0"}],"wppr_pros":["","","","",""],"wppr_cons":["","","","",""],"_monsterinsights_skip_tracking":false,"_monsterinsights_sitenote_active":false,"_monsterinsights_sitenote_note":"","_monsterinsights_sitenote_category":0,"footnotes":""},"categories":[2459],"tags":[14603,14604,14470,14478,14477,14480,14479],"features":[],"class_list":{"0":"post-71445","1":"page","2":"type-page","3":"status-publish","4":"has-post-thumbnail","6":"category-gestionale-per-edilizia-cat","7":"tag-asite","8":"tag-gestionale-costruzioni","9":"tag-gestionale-edilizia","10":"tag-piattaforma-gestionale-edilizia","11":"tag-programma-gestionale-edilizia","12":"tag-software-gestionale-edilizia","13":"tag-soluzione-gestionale-edilizia"},"wppr_data":{"cwp_meta_box_check":"Yes","_wppr_review_template":"default","cwp_rev_product_image":"","cwp_image_link":"image","wppr_links":[],"cwp_rev_price":"0.00","wppr_pros":["","","","",""],"wppr_cons":["","","","",""],"wppr_rating":"0.00","wppr_options":{"1":{"name":"Usability","value":"0"},"2":{"name":"Speed","value":"0"},"3":{"name":"Features","value":"0"},"4":{"name":"Support","value":"0"},"5":{"name":"Pricing","value":"0"}},"wppr_review_type":"Product","wppr_review_custom_fields":{"additionalProperty":"","additionalType":"","aggregateRating":"","alternateName":"","audience":"","award":"","awards":"","brand":"","color":"","depth":"","description":"","disambiguatingDescription":"","gtin12":"","gtin13":"","gtin14":"","gtin8":"","height":"","identifier":"","image":"","isAccessoryOrSparePartFor":"","isConsumableFor":"","isRelatedTo":"","isSimilarTo":"","itemCondition":"","logo":"","mainEntityOfPage":"","manufacturer":"","material":"","model":"","mpn":"","name":"","offers":"","potentialAction":"","productID":"","productionDate":"","purchaseDate":"","releaseDate":"","review":"","reviews":"","sameAs":"","sku":"","slogan":"","subjectOf":"","url":"","weight":"","width":""}},"acf":[],"yoast_head":"<!-- This site is optimized with the Yoast SEO plugin v27.4 - https:\/\/yoast.com\/product\/yoast-seo-wordpress\/ -->\n<title>Asite: recensione software gestionale edilizia - Accurate Reviews<\/title>\n<meta name=\"description\" content=\"Asite: recensione software gestionale per edilizia che semplifica l&#039;organizzazione dei tuoi progetti su una piattaforma unificata.\" \/>\n<meta name=\"robots\" content=\"index, follow, max-snippet:-1, max-image-preview:large, max-video-preview:-1\" \/>\n<link rel=\"canonical\" href=\"https:\/\/www.accuratereviews.com\/it\/software-gestionali-edilizia\/asite-recensione\/\" \/>\n<meta property=\"og:locale\" content=\"it_IT\" \/>\n<meta property=\"og:type\" content=\"article\" \/>\n<meta property=\"og:title\" content=\"Asite: recensione software gestionale edilizia - Accurate Reviews\" \/>\n<meta property=\"og:description\" content=\"Asite: recensione software gestionale per edilizia che semplifica l&#039;organizzazione dei tuoi progetti su una piattaforma unificata.\" \/>\n<meta property=\"og:url\" content=\"https:\/\/www.accuratereviews.com\/it\/software-gestionali-edilizia\/asite-recensione\/\" \/>\n<meta property=\"og:site_name\" content=\"Accurate Reviews\" \/>\n<meta property=\"og:image\" content=\"https:\/\/www.accuratereviews.com\/wp-content\/uploads\/2023\/08\/Asite.jpeg\" \/>\n\t<meta property=\"og:image:width\" content=\"200\" \/>\n\t<meta property=\"og:image:height\" content=\"200\" \/>\n\t<meta property=\"og:image:type\" content=\"image\/jpeg\" \/>\n<meta name=\"twitter:card\" content=\"summary_large_image\" \/>\n<meta name=\"twitter:label1\" content=\"Tempo di lettura stimato\" \/>\n\t<meta name=\"twitter:data1\" content=\"3 minuti\" \/>\n<script type=\"application\/ld+json\" class=\"yoast-schema-graph\">{\"@context\":\"https:\\\/\\\/schema.org\",\"@graph\":[{\"@type\":\"WebPage\",\"@id\":\"https:\\\/\\\/www.accuratereviews.com\\\/it\\\/software-gestionali-edilizia\\\/asite-recensione\\\/\",\"url\":\"https:\\\/\\\/www.accuratereviews.com\\\/it\\\/software-gestionali-edilizia\\\/asite-recensione\\\/\",\"name\":\"Asite: recensione software gestionale edilizia - Accurate Reviews\",\"isPartOf\":{\"@id\":\"https:\\\/\\\/www.accuratereviews.com\\\/it\\\/#website\"},\"primaryImageOfPage\":{\"@id\":\"https:\\\/\\\/www.accuratereviews.com\\\/it\\\/software-gestionali-edilizia\\\/asite-recensione\\\/#primaryimage\"},\"image\":{\"@id\":\"https:\\\/\\\/www.accuratereviews.com\\\/it\\\/software-gestionali-edilizia\\\/asite-recensione\\\/#primaryimage\"},\"thumbnailUrl\":\"https:\\\/\\\/www.accuratereviews.com\\\/wp-content\\\/uploads\\\/2023\\\/08\\\/Asite.jpeg\",\"datePublished\":\"2023-08-23T14:07:12+00:00\",\"description\":\"Asite: recensione software gestionale per edilizia che semplifica l'organizzazione dei tuoi progetti su una piattaforma unificata.\",\"breadcrumb\":{\"@id\":\"https:\\\/\\\/www.accuratereviews.com\\\/it\\\/software-gestionali-edilizia\\\/asite-recensione\\\/#breadcrumb\"},\"inLanguage\":\"it-IT\",\"potentialAction\":[{\"@type\":\"ReadAction\",\"target\":[\"https:\\\/\\\/www.accuratereviews.com\\\/it\\\/software-gestionali-edilizia\\\/asite-recensione\\\/\"]}]},{\"@type\":\"ImageObject\",\"inLanguage\":\"it-IT\",\"@id\":\"https:\\\/\\\/www.accuratereviews.com\\\/it\\\/software-gestionali-edilizia\\\/asite-recensione\\\/#primaryimage\",\"url\":\"https:\\\/\\\/www.accuratereviews.com\\\/wp-content\\\/uploads\\\/2023\\\/08\\\/Asite.jpeg\",\"contentUrl\":\"https:\\\/\\\/www.accuratereviews.com\\\/wp-content\\\/uploads\\\/2023\\\/08\\\/Asite.jpeg\",\"width\":200,\"height\":200},{\"@type\":\"BreadcrumbList\",\"@id\":\"https:\\\/\\\/www.accuratereviews.com\\\/it\\\/software-gestionali-edilizia\\\/asite-recensione\\\/#breadcrumb\",\"itemListElement\":[{\"@type\":\"ListItem\",\"position\":1,\"name\":\"Home\",\"item\":\"https:\\\/\\\/www.accuratereviews.com\\\/it\\\/\"},{\"@type\":\"ListItem\",\"position\":2,\"name\":\"Software gestionali per edilizia\",\"item\":\"https:\\\/\\\/www.accuratereviews.com\\\/it\\\/software-gestionali-edilizia\\\/\"},{\"@type\":\"ListItem\",\"position\":3,\"name\":\"Asite\"}]},{\"@type\":\"WebSite\",\"@id\":\"https:\\\/\\\/www.accuratereviews.com\\\/it\\\/#website\",\"url\":\"https:\\\/\\\/www.accuratereviews.com\\\/it\\\/\",\"name\":\"Accurate Reviews\",\"description\":\"\",\"potentialAction\":[{\"@type\":\"SearchAction\",\"target\":{\"@type\":\"EntryPoint\",\"urlTemplate\":\"https:\\\/\\\/www.accuratereviews.com\\\/it\\\/?s={search_term_string}\"},\"query-input\":{\"@type\":\"PropertyValueSpecification\",\"valueRequired\":true,\"valueName\":\"search_term_string\"}}],\"inLanguage\":\"it-IT\"}]}<\/script>\n<!-- \/ Yoast SEO plugin. -->","yoast_head_json":{"title":"Asite: recensione software gestionale edilizia - Accurate Reviews","description":"Asite: recensione software gestionale per edilizia che semplifica l'organizzazione dei tuoi progetti su una piattaforma unificata.","robots":{"index":"index","follow":"follow","max-snippet":"max-snippet:-1","max-image-preview":"max-image-preview:large","max-video-preview":"max-video-preview:-1"},"canonical":"https:\/\/www.accuratereviews.com\/it\/software-gestionali-edilizia\/asite-recensione\/","og_locale":"it_IT","og_type":"article","og_title":"Asite: recensione software gestionale edilizia - Accurate Reviews","og_description":"Asite: recensione software gestionale per edilizia che semplifica l'organizzazione dei tuoi progetti su una piattaforma unificata.","og_url":"https:\/\/www.accuratereviews.com\/it\/software-gestionali-edilizia\/asite-recensione\/","og_site_name":"Accurate Reviews","og_image":[{"width":200,"height":200,"url":"https:\/\/www.accuratereviews.com\/wp-content\/uploads\/2023\/08\/Asite.jpeg","type":"image\/jpeg"}],"twitter_card":"summary_large_image","twitter_misc":{"Tempo di lettura stimato":"3 minuti"},"schema":{"@context":"https:\/\/schema.org","@graph":[{"@type":"WebPage","@id":"https:\/\/www.accuratereviews.com\/it\/software-gestionali-edilizia\/asite-recensione\/","url":"https:\/\/www.accuratereviews.com\/it\/software-gestionali-edilizia\/asite-recensione\/","name":"Asite: recensione software gestionale edilizia - Accurate Reviews","isPartOf":{"@id":"https:\/\/www.accuratereviews.com\/it\/#website"},"primaryImageOfPage":{"@id":"https:\/\/www.accuratereviews.com\/it\/software-gestionali-edilizia\/asite-recensione\/#primaryimage"},"image":{"@id":"https:\/\/www.accuratereviews.com\/it\/software-gestionali-edilizia\/asite-recensione\/#primaryimage"},"thumbnailUrl":"https:\/\/www.accuratereviews.com\/wp-content\/uploads\/2023\/08\/Asite.jpeg","datePublished":"2023-08-23T14:07:12+00:00","description":"Asite: recensione software gestionale per edilizia che semplifica l'organizzazione dei tuoi progetti su una piattaforma unificata.","breadcrumb":{"@id":"https:\/\/www.accuratereviews.com\/it\/software-gestionali-edilizia\/asite-recensione\/#breadcrumb"},"inLanguage":"it-IT","potentialAction":[{"@type":"ReadAction","target":["https:\/\/www.accuratereviews.com\/it\/software-gestionali-edilizia\/asite-recensione\/"]}]},{"@type":"ImageObject","inLanguage":"it-IT","@id":"https:\/\/www.accuratereviews.com\/it\/software-gestionali-edilizia\/asite-recensione\/#primaryimage","url":"https:\/\/www.accuratereviews.com\/wp-content\/uploads\/2023\/08\/Asite.jpeg","contentUrl":"https:\/\/www.accuratereviews.com\/wp-content\/uploads\/2023\/08\/Asite.jpeg","width":200,"height":200},{"@type":"BreadcrumbList","@id":"https:\/\/www.accuratereviews.com\/it\/software-gestionali-edilizia\/asite-recensione\/#breadcrumb","itemListElement":[{"@type":"ListItem","position":1,"name":"Home","item":"https:\/\/www.accuratereviews.com\/it\/"},{"@type":"ListItem","position":2,"name":"Software gestionali per edilizia","item":"https:\/\/www.accuratereviews.com\/it\/software-gestionali-edilizia\/"},{"@type":"ListItem","position":3,"name":"Asite"}]},{"@type":"WebSite","@id":"https:\/\/www.accuratereviews.com\/it\/#website","url":"https:\/\/www.accuratereviews.com\/it\/","name":"Accurate Reviews","description":"","potentialAction":[{"@type":"SearchAction","target":{"@type":"EntryPoint","urlTemplate":"https:\/\/www.accuratereviews.com\/it\/?s={search_term_string}"},"query-input":{"@type":"PropertyValueSpecification","valueRequired":true,"valueName":"search_term_string"}}],"inLanguage":"it-IT"}]}},"_links":{"self":[{"href":"https:\/\/www.accuratereviews.com\/it\/wp-json\/wp\/v2\/pages\/71445","targetHints":{"allow":["GET"]}}],"collection":[{"href":"https:\/\/www.accuratereviews.com\/it\/wp-json\/wp\/v2\/pages"}],"about":[{"href":"https:\/\/www.accuratereviews.com\/it\/wp-json\/wp\/v2\/types\/page"}],"author":[{"embeddable":true,"href":"https:\/\/www.accuratereviews.com\/it\/wp-json\/wp\/v2\/users\/19"}],"replies":[{"embeddable":true,"href":"https:\/\/www.accuratereviews.com\/it\/wp-json\/wp\/v2\/comments?post=71445"}],"version-history":[{"count":6,"href":"https:\/\/www.accuratereviews.com\/it\/wp-json\/wp\/v2\/pages\/71445\/revisions"}],"predecessor-version":[{"id":71458,"href":"https:\/\/www.accuratereviews.com\/it\/wp-json\/wp\/v2\/pages\/71445\/revisions\/71458"}],"up":[{"embeddable":true,"href":"https:\/\/www.accuratereviews.com\/it\/wp-json\/wp\/v2\/pages\/70458"}],"wp:featuredmedia":[{"embeddable":true,"href":"https:\/\/www.accuratereviews.com\/it\/wp-json\/wp\/v2\/media\/71446"}],"wp:attachment":[{"href":"https:\/\/www.accuratereviews.com\/it\/wp-json\/wp\/v2\/media?parent=71445"}],"wp:term":[{"taxonomy":"category","embeddable":true,"href":"https:\/\/www.accuratereviews.com\/it\/wp-json\/wp\/v2\/categories?post=71445"},{"taxonomy":"post_tag","embeddable":true,"href":"https:\/\/www.accuratereviews.com\/it\/wp-json\/wp\/v2\/tags?post=71445"},{"taxonomy":"features","embeddable":true,"href":"https:\/\/www.accuratereviews.com\/it\/wp-json\/wp\/v2\/features?post=71445"}],"curies":[{"name":"wp","href":"https:\/\/api.w.org\/{rel}","templated":true}]}}