{"id":71526,"date":"2023-08-29T16:12:23","date_gmt":"2023-08-29T16:12:23","guid":{"rendered":"https:\/\/www.accuratereviews.com\/?page_id=71526"},"modified":"2023-08-29T16:16:20","modified_gmt":"2023-08-29T16:16:20","slug":"jobprogress-recensione","status":"publish","type":"page","link":"https:\/\/www.accuratereviews.com\/it\/software-gestionali-edilizia\/jobprogress-recensione\/","title":{"rendered":"Jobprogress"},"content":{"rendered":"<p><strong>Jobprogress<\/strong> \u00e8 una<strong> soluzione di gestione delle costruzioni<\/strong> basata sul <strong>cloud<\/strong>, rivolta agli appaltatori di ristrutturazione residenziale. Questo software funziona con le piccole imprese e pu\u00f2 essere personalizzato in base alle esigenze di un&#8217;organizzazione. Inoltre offre preventivi, gestione dei progetti, controllo dei documenti, gestione dei contratti e dei clienti.<br \/>\nLa soluzione fornisce app mobili per dispositivi Android e iOS. Gli utenti dell&#8217;app possono creare proposte e contratti istantanei e avere il controllo aziendale remoto. Fornisce stime e proposte automatizzate per il monitoraggio di funzionalit\u00e0 e fasi o passaggi del flusso di lavoro personalizzabili. La funzione di gestione della pianificazione dei lavori e la funzionalit\u00e0 GPS aiutano gli utenti a spostarsi da e verso i lavori e i centri di lavoro. Gli utenti possono aggiungere o tenere traccia di pi\u00f9 lavori per cliente.<br \/>\nAltre funzionalit\u00e0 includono calendari del personale o di produzione, firme digitali, pagamento remoto, stime assicurative e automazione delle vendite.<\/p>\n<h2>JOBPROGRESS &#8211; TUTORIAL<\/h2>\n<div id=\"fluid-wrapper-counter-1\" class=\"g1-fluid-wrapper \" style=\"width:686px;\">\n<div style=\"padding-bottom:56.268221574344%;\"><iframe loading=\"lazy\" title=\"Leap&#039;s Overview of Services\" width=\"686\" height=\"386\" src=\"https:\/\/www.youtube.com\/embed\/bq9--U9gaEc?feature=oembed&amp;wmode=transparent&amp;autohide=1&amp;autoplay=0&amp;disablekb=0&amp;fs=1&amp;loop=0&amp;enablejsapi=1&amp;rel=0&amp;controls=2&amp;showinfo=0&amp;wmode=transparent&amp;autohide=2&amp;autoplay=0&amp;disablekb=0&amp;fs=1&amp;loop=0&amp;enablejsapi=1&amp;rel=0&amp;controls=2&amp;showinfo=1\" frameborder=\"0\" allow=\"accelerometer; autoplay; clipboard-write; encrypted-media; gyroscope; picture-in-picture; web-share\" allowfullscreen><\/iframe><\/div>\n<\/div>\n<h2>JOBPROGRESS &#8211; CARATTERISTICHE<\/h2>\n<ul>\n<li><strong>CRM semplice e potente<\/strong>: la gestione dei lead non richiede un prezzo elevato e fronzoli inutili. Ti consente di pianificare appuntamenti e comunicare con i tuoi contatti in un unico posto.<\/li>\n<li><strong>Preventivi e proposte digitali<\/strong>: genera preventivi e proposte con tasse e spese generali integrate, i tuoi margini sono sempre protetti.<\/li>\n<li><strong>Flussi di lavoro pronti all&#8217;uso<\/strong>: sviluppato per riflettere le migliori pratiche, puoi facilmente vedere dove si trova ogni lavoro nel tuo processo e iniziare immediatamente a controllare il caos.<\/li>\n<li><strong>Rapporti con i clienti<\/strong>: aiuta il tuo team a tenere traccia di ogni lead, ogni cliente e ogni opportunit\u00e0 in un unico CRM facile da usare. Tutti i dettagli di cui hai bisogno sono a portata di mano.<\/li>\n<li><strong>Automatizza i tuoi processi<\/strong>: il flusso di lavoro di progetto personalizzato di Leap Team ti d\u00e0 il potere di creare e automatizzare processi che riducono l&#8217;errore umano e lavorano per la tua attivit\u00e0 unica.<\/li>\n<li><strong>Potente gestione della produzione<\/strong>: offre gli strumenti di gestione della produzione per mantenere la troupe puntuale, nel rispetto del budget e tutti aggiornati sullo stato di avanzamento del lavoro.<\/li>\n<li><strong>Strumenti critici in un unico posto<\/strong>: si integra con tutti i sistemi critici su cui fai affidamento per gestire la tua attivit\u00e0. Dai CRM ai software di presentazione con strumenti che fanno al caso tuo.<\/li>\n<li><strong>Misurare diventa facile:<\/strong> ordina misurazioni aeree da pi\u00f9 fornitori che possono confluire nel contratto senza la necessit\u00e0 di inserire dati separati.<\/li>\n<li><strong>Il potere della guida ai prezzi<\/strong>: la soluzione prende la complessit\u00e0 della stima personalizzata, la semplifica e la trasforma in un vantaggio competitivo per il tuo team di vendita.<\/li>\n<li><strong>Lo strumento per far crescere il tuo business:<\/strong> mantieni i tuoi dipendenti informati e i tuoi clienti soddisfatti. Fornisce l&#8217;automazione, l&#8217;organizzazione, gli strumenti di vendita e la gestione della produzione necessari per passare da un nuovo lead a un cliente soddisfatto.<\/li>\n<\/ul>\n<h4>LE RECENSIONI DEGLI UTENTI<\/h4>\n<p><strong>Tony &#8220;JobProgress \u00e8 un OTTIMO STRUMENTO per la nostra attivit\u00e0&#8221;<\/strong><br \/>\n<strong>Commenti<\/strong>: Ho avuto un&#8217;esperienza meravigliosa con il software e il supporto quando necessario. JobProgress sta facendo un ottimo lavoro.<br \/>\n<strong>Pro<\/strong>: Mi piace l&#8217;interfaccia utente e la possibilit\u00e0 di inserire dati e alcune personalizzazioni.<br \/>\n<strong>Contro<\/strong>: C&#8217;\u00e8 molto e utilizzare le funzionalit\u00e0 nel miglior modo possibile \u00e8 impossibile.<\/p>\n<p><strong>Chad &#8220;Fare il passaggio, \u00e8 stato un punto di svolta!&#8221;<\/strong><br \/>\n<strong>Commenti<\/strong>: JobProgress \u00e8 stata una grande aggiunta alla nostra azienda e lo consideriamo parte del nostro team. Dall&#8217;inizio fino ad ora, \u00e8 stato eccezionale e ha effettuato o influenzato diverse richieste di modifiche e aggiornamenti da noi richiesti. Il team di supporto \u00e8 meraviglioso, efficiente e ascolta effettivamente le richieste valide al loro software.<br \/>\n<strong>Pro<\/strong>: Il flusso complessivo del programma e la possibilit\u00e0 di utilizzare MACRO! Punto di svolta per qualsiasi stimatore al volo.<br \/>\n<strong>Contro<\/strong>: Finora non abbiamo riscontrato un&#8217;opzione &#8220;minima&#8221; per la nostra attivit\u00e0, semmai si tratta di piccole modifiche per adattarle alla nostra attivit\u00e0.<\/p>\n<p><strong>Cindy &#8220;JobProgress&#8221;<\/strong><br \/>\n<strong>Commenti<\/strong>: Davvero non riscontro problemi, di tanto in tanto sembra che ci siano problemi di accesso sul campo cos\u00ec come in ufficio, ma di solito si riavvia e stiamo di nuovo tutti connessi.<br \/>\n<strong>Pro<\/strong>: Accesso multiutente, in tempo reale, in ufficio e sul campo. Possibilit\u00e0 di caricare e visualizzare tutti i documenti, le foto, l&#8217;elenco dei materiali e gli ordini di lavoro in qualsiasi momento.<br \/>\n<strong>Contro<\/strong>: La possibilit\u00e0 di modificare il formato non \u00e8 disponibile, una volta impostato qualcosa non hai la possibilit\u00e0 di modificarlo, disponibilit\u00e0 per impostare prezzi e documenti senza dover pagare la tariffa per averli disponibili nel sistema.<\/p>\n","protected":false},"excerpt":{"rendered":"<p>Jobprogress \u00e8 una soluzione di gestione delle costruzioni basata sul cloud, rivolta agli appaltatori di ristrutturazione residenziale. Questo software funziona con le piccole imprese e pu\u00f2 essere personalizzato in base alle esigenze di un&#8217;organizzazione. Inoltre offre preventivi, gestione dei progetti, controllo dei documenti, gestione dei contratti e dei clienti.<\/p>\n","protected":false},"author":19,"featured_media":71530,"parent":70458,"menu_order":0,"comment_status":"open","ping_status":"closed","template":"g1_template_page_review_new.php","meta":{"_acf_changed":false,"cwp_meta_box_check":"Yes","cwp_rev_product_name":"","cwp_rev_product_image":"","wppr_links":[],"cwp_rev_price":"0.00","wppr_options":[{"name":"Usability","value":"0"},{"name":"Speed","value":"0"},{"name":"Features","value":"0"},{"name":"Support","value":"0"},{"name":"Pricing","value":"0"}],"wppr_pros":["","","","",""],"wppr_cons":["","","","",""],"_monsterinsights_skip_tracking":false,"_monsterinsights_sitenote_active":false,"_monsterinsights_sitenote_note":"","_monsterinsights_sitenote_category":0,"footnotes":""},"categories":[2459],"tags":[14470,14612,14478,14477,14480,14479],"features":[],"class_list":{"0":"post-71526","1":"page","2":"type-page","3":"status-publish","4":"has-post-thumbnail","6":"category-gestionale-per-edilizia-cat","7":"tag-gestionale-edilizia","8":"tag-jobprogress","9":"tag-piattaforma-gestionale-edilizia","10":"tag-programma-gestionale-edilizia","11":"tag-software-gestionale-edilizia","12":"tag-soluzione-gestionale-edilizia"},"wppr_data":{"cwp_meta_box_check":"Yes","_wppr_review_template":"default","cwp_rev_product_image":"","cwp_image_link":"image","wppr_links":[],"cwp_rev_price":"0.00","wppr_pros":["","","","",""],"wppr_cons":["","","","",""],"wppr_rating":"0.00","wppr_options":{"1":{"name":"Usability","value":"0"},"2":{"name":"Speed","value":"0"},"3":{"name":"Features","value":"0"},"4":{"name":"Support","value":"0"},"5":{"name":"Pricing","value":"0"}},"wppr_review_type":"Product","wppr_review_custom_fields":{"additionalProperty":"","additionalType":"","aggregateRating":"","alternateName":"","audience":"","award":"","awards":"","brand":"","color":"","depth":"","description":"","disambiguatingDescription":"","gtin12":"","gtin13":"","gtin14":"","gtin8":"","height":"","identifier":"","image":"","isAccessoryOrSparePartFor":"","isConsumableFor":"","isRelatedTo":"","isSimilarTo":"","itemCondition":"","logo":"","mainEntityOfPage":"","manufacturer":"","material":"","model":"","mpn":"","name":"","offers":"","potentialAction":"","productID":"","productionDate":"","purchaseDate":"","releaseDate":"","review":"","reviews":"","sameAs":"","sku":"","slogan":"","subjectOf":"","url":"","weight":"","width":""}},"acf":[],"yoast_head":"<!-- This site is optimized with the Yoast SEO plugin v27.4 - https:\/\/yoast.com\/product\/yoast-seo-wordpress\/ -->\n<title>Jobprogress: recensione software gestione edilizia - Accurate Reviews<\/title>\n<meta name=\"description\" content=\"Jobprogress: recensione soluzione di gestione delle costruzioni basata sul cloud, rivolta agli appaltatori di ristrutturazione residenziale.\" \/>\n<meta name=\"robots\" content=\"index, follow, max-snippet:-1, max-image-preview:large, max-video-preview:-1\" \/>\n<link rel=\"canonical\" href=\"https:\/\/www.accuratereviews.com\/it\/software-gestionali-edilizia\/jobprogress-recensione\/\" \/>\n<meta property=\"og:locale\" content=\"it_IT\" \/>\n<meta property=\"og:type\" content=\"article\" \/>\n<meta property=\"og:title\" content=\"Jobprogress: recensione software gestione edilizia - Accurate Reviews\" \/>\n<meta property=\"og:description\" content=\"Jobprogress: recensione soluzione di gestione delle costruzioni basata sul cloud, rivolta agli appaltatori di ristrutturazione residenziale.\" \/>\n<meta property=\"og:url\" content=\"https:\/\/www.accuratereviews.com\/it\/software-gestionali-edilizia\/jobprogress-recensione\/\" \/>\n<meta property=\"og:site_name\" content=\"Accurate Reviews\" \/>\n<meta property=\"article:modified_time\" content=\"2023-08-29T16:16:20+00:00\" \/>\n<meta property=\"og:image\" content=\"https:\/\/www.accuratereviews.com\/wp-content\/uploads\/2023\/08\/leap.webp\" \/>\n\t<meta property=\"og:image:width\" content=\"400\" \/>\n\t<meta property=\"og:image:height\" content=\"400\" \/>\n\t<meta property=\"og:image:type\" content=\"image\/webp\" \/>\n<meta name=\"twitter:card\" content=\"summary_large_image\" \/>\n<meta name=\"twitter:label1\" content=\"Tempo di lettura stimato\" \/>\n\t<meta name=\"twitter:data1\" content=\"4 minuti\" \/>\n<script type=\"application\/ld+json\" class=\"yoast-schema-graph\">{\"@context\":\"https:\\\/\\\/schema.org\",\"@graph\":[{\"@type\":\"WebPage\",\"@id\":\"https:\\\/\\\/www.accuratereviews.com\\\/it\\\/software-gestionali-edilizia\\\/jobprogress-recensione\\\/\",\"url\":\"https:\\\/\\\/www.accuratereviews.com\\\/it\\\/software-gestionali-edilizia\\\/jobprogress-recensione\\\/\",\"name\":\"Jobprogress: recensione software gestione edilizia - Accurate Reviews\",\"isPartOf\":{\"@id\":\"https:\\\/\\\/www.accuratereviews.com\\\/it\\\/#website\"},\"primaryImageOfPage\":{\"@id\":\"https:\\\/\\\/www.accuratereviews.com\\\/it\\\/software-gestionali-edilizia\\\/jobprogress-recensione\\\/#primaryimage\"},\"image\":{\"@id\":\"https:\\\/\\\/www.accuratereviews.com\\\/it\\\/software-gestionali-edilizia\\\/jobprogress-recensione\\\/#primaryimage\"},\"thumbnailUrl\":\"https:\\\/\\\/www.accuratereviews.com\\\/wp-content\\\/uploads\\\/2023\\\/08\\\/leap.webp\",\"datePublished\":\"2023-08-29T16:12:23+00:00\",\"dateModified\":\"2023-08-29T16:16:20+00:00\",\"description\":\"Jobprogress: recensione soluzione di gestione delle costruzioni basata sul cloud, rivolta agli appaltatori di ristrutturazione residenziale.\",\"breadcrumb\":{\"@id\":\"https:\\\/\\\/www.accuratereviews.com\\\/it\\\/software-gestionali-edilizia\\\/jobprogress-recensione\\\/#breadcrumb\"},\"inLanguage\":\"it-IT\",\"potentialAction\":[{\"@type\":\"ReadAction\",\"target\":[\"https:\\\/\\\/www.accuratereviews.com\\\/it\\\/software-gestionali-edilizia\\\/jobprogress-recensione\\\/\"]}]},{\"@type\":\"ImageObject\",\"inLanguage\":\"it-IT\",\"@id\":\"https:\\\/\\\/www.accuratereviews.com\\\/it\\\/software-gestionali-edilizia\\\/jobprogress-recensione\\\/#primaryimage\",\"url\":\"https:\\\/\\\/www.accuratereviews.com\\\/wp-content\\\/uploads\\\/2023\\\/08\\\/leap.webp\",\"contentUrl\":\"https:\\\/\\\/www.accuratereviews.com\\\/wp-content\\\/uploads\\\/2023\\\/08\\\/leap.webp\",\"width\":400,\"height\":400},{\"@type\":\"BreadcrumbList\",\"@id\":\"https:\\\/\\\/www.accuratereviews.com\\\/it\\\/software-gestionali-edilizia\\\/jobprogress-recensione\\\/#breadcrumb\",\"itemListElement\":[{\"@type\":\"ListItem\",\"position\":1,\"name\":\"Home\",\"item\":\"https:\\\/\\\/www.accuratereviews.com\\\/it\\\/\"},{\"@type\":\"ListItem\",\"position\":2,\"name\":\"Software gestionali per edilizia\",\"item\":\"https:\\\/\\\/www.accuratereviews.com\\\/it\\\/software-gestionali-edilizia\\\/\"},{\"@type\":\"ListItem\",\"position\":3,\"name\":\"Jobprogress\"}]},{\"@type\":\"WebSite\",\"@id\":\"https:\\\/\\\/www.accuratereviews.com\\\/it\\\/#website\",\"url\":\"https:\\\/\\\/www.accuratereviews.com\\\/it\\\/\",\"name\":\"Accurate Reviews\",\"description\":\"\",\"potentialAction\":[{\"@type\":\"SearchAction\",\"target\":{\"@type\":\"EntryPoint\",\"urlTemplate\":\"https:\\\/\\\/www.accuratereviews.com\\\/it\\\/?s={search_term_string}\"},\"query-input\":{\"@type\":\"PropertyValueSpecification\",\"valueRequired\":true,\"valueName\":\"search_term_string\"}}],\"inLanguage\":\"it-IT\"}]}<\/script>\n<!-- \/ Yoast SEO plugin. -->","yoast_head_json":{"title":"Jobprogress: recensione software gestione edilizia - Accurate Reviews","description":"Jobprogress: recensione soluzione di gestione delle costruzioni basata sul cloud, rivolta agli appaltatori di ristrutturazione residenziale.","robots":{"index":"index","follow":"follow","max-snippet":"max-snippet:-1","max-image-preview":"max-image-preview:large","max-video-preview":"max-video-preview:-1"},"canonical":"https:\/\/www.accuratereviews.com\/it\/software-gestionali-edilizia\/jobprogress-recensione\/","og_locale":"it_IT","og_type":"article","og_title":"Jobprogress: recensione software gestione edilizia - Accurate Reviews","og_description":"Jobprogress: recensione soluzione di gestione delle costruzioni basata sul cloud, rivolta agli appaltatori di ristrutturazione residenziale.","og_url":"https:\/\/www.accuratereviews.com\/it\/software-gestionali-edilizia\/jobprogress-recensione\/","og_site_name":"Accurate Reviews","article_modified_time":"2023-08-29T16:16:20+00:00","og_image":[{"width":400,"height":400,"url":"https:\/\/www.accuratereviews.com\/wp-content\/uploads\/2023\/08\/leap.webp","type":"image\/webp"}],"twitter_card":"summary_large_image","twitter_misc":{"Tempo di lettura stimato":"4 minuti"},"schema":{"@context":"https:\/\/schema.org","@graph":[{"@type":"WebPage","@id":"https:\/\/www.accuratereviews.com\/it\/software-gestionali-edilizia\/jobprogress-recensione\/","url":"https:\/\/www.accuratereviews.com\/it\/software-gestionali-edilizia\/jobprogress-recensione\/","name":"Jobprogress: recensione software gestione edilizia - Accurate Reviews","isPartOf":{"@id":"https:\/\/www.accuratereviews.com\/it\/#website"},"primaryImageOfPage":{"@id":"https:\/\/www.accuratereviews.com\/it\/software-gestionali-edilizia\/jobprogress-recensione\/#primaryimage"},"image":{"@id":"https:\/\/www.accuratereviews.com\/it\/software-gestionali-edilizia\/jobprogress-recensione\/#primaryimage"},"thumbnailUrl":"https:\/\/www.accuratereviews.com\/wp-content\/uploads\/2023\/08\/leap.webp","datePublished":"2023-08-29T16:12:23+00:00","dateModified":"2023-08-29T16:16:20+00:00","description":"Jobprogress: recensione soluzione di gestione delle costruzioni basata sul cloud, rivolta agli appaltatori di ristrutturazione residenziale.","breadcrumb":{"@id":"https:\/\/www.accuratereviews.com\/it\/software-gestionali-edilizia\/jobprogress-recensione\/#breadcrumb"},"inLanguage":"it-IT","potentialAction":[{"@type":"ReadAction","target":["https:\/\/www.accuratereviews.com\/it\/software-gestionali-edilizia\/jobprogress-recensione\/"]}]},{"@type":"ImageObject","inLanguage":"it-IT","@id":"https:\/\/www.accuratereviews.com\/it\/software-gestionali-edilizia\/jobprogress-recensione\/#primaryimage","url":"https:\/\/www.accuratereviews.com\/wp-content\/uploads\/2023\/08\/leap.webp","contentUrl":"https:\/\/www.accuratereviews.com\/wp-content\/uploads\/2023\/08\/leap.webp","width":400,"height":400},{"@type":"BreadcrumbList","@id":"https:\/\/www.accuratereviews.com\/it\/software-gestionali-edilizia\/jobprogress-recensione\/#breadcrumb","itemListElement":[{"@type":"ListItem","position":1,"name":"Home","item":"https:\/\/www.accuratereviews.com\/it\/"},{"@type":"ListItem","position":2,"name":"Software gestionali per edilizia","item":"https:\/\/www.accuratereviews.com\/it\/software-gestionali-edilizia\/"},{"@type":"ListItem","position":3,"name":"Jobprogress"}]},{"@type":"WebSite","@id":"https:\/\/www.accuratereviews.com\/it\/#website","url":"https:\/\/www.accuratereviews.com\/it\/","name":"Accurate Reviews","description":"","potentialAction":[{"@type":"SearchAction","target":{"@type":"EntryPoint","urlTemplate":"https:\/\/www.accuratereviews.com\/it\/?s={search_term_string}"},"query-input":{"@type":"PropertyValueSpecification","valueRequired":true,"valueName":"search_term_string"}}],"inLanguage":"it-IT"}]}},"_links":{"self":[{"href":"https:\/\/www.accuratereviews.com\/it\/wp-json\/wp\/v2\/pages\/71526","targetHints":{"allow":["GET"]}}],"collection":[{"href":"https:\/\/www.accuratereviews.com\/it\/wp-json\/wp\/v2\/pages"}],"about":[{"href":"https:\/\/www.accuratereviews.com\/it\/wp-json\/wp\/v2\/types\/page"}],"author":[{"embeddable":true,"href":"https:\/\/www.accuratereviews.com\/it\/wp-json\/wp\/v2\/users\/19"}],"replies":[{"embeddable":true,"href":"https:\/\/www.accuratereviews.com\/it\/wp-json\/wp\/v2\/comments?post=71526"}],"version-history":[{"count":15,"href":"https:\/\/www.accuratereviews.com\/it\/wp-json\/wp\/v2\/pages\/71526\/revisions"}],"predecessor-version":[{"id":71546,"href":"https:\/\/www.accuratereviews.com\/it\/wp-json\/wp\/v2\/pages\/71526\/revisions\/71546"}],"up":[{"embeddable":true,"href":"https:\/\/www.accuratereviews.com\/it\/wp-json\/wp\/v2\/pages\/70458"}],"wp:featuredmedia":[{"embeddable":true,"href":"https:\/\/www.accuratereviews.com\/it\/wp-json\/wp\/v2\/media\/71530"}],"wp:attachment":[{"href":"https:\/\/www.accuratereviews.com\/it\/wp-json\/wp\/v2\/media?parent=71526"}],"wp:term":[{"taxonomy":"category","embeddable":true,"href":"https:\/\/www.accuratereviews.com\/it\/wp-json\/wp\/v2\/categories?post=71526"},{"taxonomy":"post_tag","embeddable":true,"href":"https:\/\/www.accuratereviews.com\/it\/wp-json\/wp\/v2\/tags?post=71526"},{"taxonomy":"features","embeddable":true,"href":"https:\/\/www.accuratereviews.com\/it\/wp-json\/wp\/v2\/features?post=71526"}],"curies":[{"name":"wp","href":"https:\/\/api.w.org\/{rel}","templated":true}]}}