{"id":71558,"date":"2023-08-30T13:20:06","date_gmt":"2023-08-30T13:20:06","guid":{"rendered":"https:\/\/www.accuratereviews.com\/?page_id=71558"},"modified":"2023-08-30T13:20:06","modified_gmt":"2023-08-30T13:20:06","slug":"clockshark-recensione","status":"publish","type":"page","link":"https:\/\/www.accuratereviews.com\/it\/software-gestionali-edilizia\/clockshark-recensione\/","title":{"rendered":"ClockShark"},"content":{"rendered":"<p><strong>ClockShark<\/strong> \u00e8 un <strong>sistema di monitoraggio del tempo<\/strong> basato su <strong>cloud<\/strong>, che aiuta le aziende nei settori dell&#8217;edilizia e dei servizi sul campo a gestire la propria forza lavoro mobile. Le funzionalit\u00e0 includono il monitoraggio degli orari e delle presenze, la pianificazione dei dipendenti, gli avvisi via email e altro ancora.<br \/>\n<strong>ClockShark <\/strong>offre applicazioni mobili per dispositivi iOS e Android che consentono ai lavoratori sul campo di tenere traccia dei propri programmi, timbrare entrate e uscite e allegare foto e file per lavori specifici direttamente alle schede attivit\u00e0. I manager possono anche monitorare la posizione dei propri dipendenti e ottenere aggiornamenti sullo stato in tempo reale di un particolare lavoro. Supporta l&#8217;integrazione con vari sistemi di contabilit\u00e0 e buste paga come Sage, ADP, Xero e QuickBooks.<\/p>\n<h2>CLOCKSHARK &#8211; TUTORIAL<\/h2>\n<div id=\"fluid-wrapper-counter-1\" class=\"g1-fluid-wrapper \" style=\"width:686px;\">\n<div style=\"padding-bottom:56.268221574344%;\"><iframe loading=\"lazy\" title=\"How to Copy A Shift on the Timesheets \u3021Feature\u3021ClockShark\" width=\"686\" height=\"386\" src=\"https:\/\/www.youtube.com\/embed\/X3VuKwcuojg?feature=oembed&amp;wmode=transparent&amp;autohide=1&amp;autoplay=0&amp;disablekb=0&amp;fs=1&amp;loop=0&amp;enablejsapi=1&amp;rel=0&amp;controls=2&amp;showinfo=0&amp;wmode=transparent&amp;autohide=2&amp;autoplay=0&amp;disablekb=0&amp;fs=1&amp;loop=0&amp;enablejsapi=1&amp;rel=0&amp;controls=2&amp;showinfo=1\" frameborder=\"0\" allow=\"accelerometer; autoplay; clipboard-write; encrypted-media; gyroscope; picture-in-picture; web-share\" allowfullscreen><\/iframe><\/div>\n<\/div>\n<h3>CLOCKSHARK &#8211; CARATTERISTICHE<\/h3>\n<ul>\n<li><strong>Software per il monitoraggio del tempo<\/strong>: semplifica e ottimizza il processo di gestione delle buste paga, cos\u00ec non dovrai mai pi\u00f9 preoccuparti di dati imprecisi della scheda attivit\u00e0.<\/li>\n<li><strong>Monitoraggio del tempo mobile<\/strong>: l&#8217;app registra entrate e uscite dei dipendenti e aggiorna automaticamente la scheda attivit\u00e0 e il lavoro.<\/li>\n<li><strong>Gestione dei clienti<\/strong>: conserva i record dei clienti in un unico posto, completi di informazioni di contatto e un elenco dei lavori eseguiti. Rendi queste informazioni facilmente accessibili dall&#8217;ufficio o sul campo.<\/li>\n<li><strong>Orologio GPS<\/strong>: scopri dove si trovavano i tuoi dipendenti ogni volta che timbrano entrata e uscita e ottieni una traccia della loro giornata lavorativa con GPS Time Clock. La privacy dei dipendenti \u00e8 protetta e la loro posizione non viene tracciata quando sono fuori orario.<\/li>\n<li><strong>Georecinto<\/strong>: crea un confine virtuale attorno ai cantieri con la funzione Geofence di ClockShark. Quando i dipendenti entrano nell&#8217;area designata, ricevono un promemoria per timbrare l&#8217;ingresso e quando escono, un promemoria per timbrare l&#8217;uscita.<\/li>\n<li><strong>Chi lavora adesso<\/strong>: quando hai pi\u00f9 squadre e tecnici sul campo, avere una mappa delle loro posizioni rende facile e veloce scoprire dove si trovano.<\/li>\n<li><strong>App per la pianificazione dei dipendenti:<\/strong> consenti rapidamente ai manager di gestire i propri team sul campo con un semplice pianificatore di team drag and drop e, man mano che le cose cambiano, puoi riprogrammare i lavori e riassegnarli in pochi clic.<\/li>\n<li><strong>Fatture<\/strong>: dai ai clienti la sicurezza necessaria per credere che le fatture siano accurate e basate su ci\u00f2 che \u00e8 realmente accaduto. Automatizza la fatturazione e la determinazione dei costi del lavoro in pochi clic.<\/li>\n<li><strong>App per il tempo libero<\/strong>: ti aiuta a creare polizze per ferie e malattia in pochi minuti e tiene traccia automaticamente delle ferie, cos\u00ec non devi farlo tu.<\/li>\n<li><strong>Costo del lavoro<\/strong>: tieni traccia di ogni lavoro e attivit\u00e0 e consenti ai dipendenti di condividere le foto delle ricevute.<\/li>\n<\/ul>\n<h4>LE RECENSIONI DEGLI UTENTI<\/h4>\n<p><strong>Matteo &#8220;Software utile per gestione tempo&#8221;<\/strong><br \/>\n<strong>Pro<\/strong>: Assistenza clienti risponde quasi subito. Anche come i dipendenti, il caposquadra pu\u00f2 timbrare al posto loro<br \/>\n<strong>Contro<\/strong>: Funzione mobile presenta qualche bug, come infatti la maggior parte delle aziende tende ad usare questo software da pc<\/p>\n<p><strong>Lorenzo &#8220;Non male!&#8221;<\/strong><br \/>\n<strong>Commenti<\/strong>: L&#8217;esperienza complessiva non \u00e8 stata male. Il prezzo \u00e8 buono e ha un ottimo servizio clienti. Sono disposti ad apportare modifiche e a mantenere in continua evoluzione il prodotto per andare incontro alle esigenze dei loro clienti.<br \/>\n<strong>Pro<\/strong>: Oltre ad un fantastico ed utilissimo servizio clienti, il team si preoccupa davvero del feedback e dei suggerimenti che ricevono e fa del proprio meglio per implementare il pi\u00f9 possibile. La semplicit\u00e0 di utilizzo per l&#8217;utente \u00e8 ottima.<br \/>\n<strong>Contro<\/strong>: Riguardare un po&#8217; tutto il discorso tariffe e fatturazione, un po&#8217; macchinoso e non se<\/p>\n<p><strong>Peter &#8220;Eccezionale software di monitoraggio del tempo&#8221;<\/strong><br \/>\n<strong>Pro<\/strong>: Un fantastico strumento per il monitoraggio del tempo \u00e8 Clockshark. A causa di numerosi problemi, siamo passati da un software diverso. Lavori, attivit\u00e0 e lavoratori vengono tutti semplicemente aggiunti a Clockshark. Per garantire che i lavoratori si presentino al lavoro all&#8217;orario e nel luogo corretti.<br \/>\n<strong>Contro<\/strong>: L&#8217;unico problema che ho riscontrato con Clockshark \u00e8 che occasionalmente, dopo aver aggiunto lavori sul desktop, questi non vengono visualizzati nelle app dei miei dipendenti e ci vuole un po&#8217; di tempo per l&#8217;aggiornamento. A parte questo, non sembra mancare altro.<\/p>\n","protected":false},"excerpt":{"rendered":"<p>ClockShark \u00e8 un sistema di monitoraggio del tempo basato su cloud, che aiuta le aziende nei settori dell&#8217;edilizia e dei servizi sul campo a gestire la propria forza lavoro mobile. Le funzionalit\u00e0 includono il monitoraggio degli orari e delle presenze, la pianificazione dei dipendenti, gli avvisi via email altro ancora.<\/p>\n","protected":false},"author":19,"featured_media":71559,"parent":70458,"menu_order":0,"comment_status":"open","ping_status":"closed","template":"g1_template_page_review_new.php","meta":{"_acf_changed":false,"cwp_meta_box_check":"Yes","cwp_rev_product_name":"","cwp_rev_product_image":"","wppr_links":[],"cwp_rev_price":"0.00","wppr_options":[{"name":"Usability","value":"0"},{"name":"Speed","value":"0"},{"name":"Features","value":"0"},{"name":"Support","value":"0"},{"name":"Pricing","value":"0"}],"wppr_pros":["","","","",""],"wppr_cons":["","","","",""],"_monsterinsights_skip_tracking":false,"_monsterinsights_sitenote_active":false,"_monsterinsights_sitenote_note":"","_monsterinsights_sitenote_category":0,"footnotes":""},"categories":[2459],"tags":[14614,14470,14478,14477,14480,14479],"features":[],"class_list":{"0":"post-71558","1":"page","2":"type-page","3":"status-publish","4":"has-post-thumbnail","6":"category-gestionale-per-edilizia-cat","7":"tag-clockshark","8":"tag-gestionale-edilizia","9":"tag-piattaforma-gestionale-edilizia","10":"tag-programma-gestionale-edilizia","11":"tag-software-gestionale-edilizia","12":"tag-soluzione-gestionale-edilizia"},"wppr_data":{"cwp_meta_box_check":"Yes","_wppr_review_template":"default","cwp_rev_product_image":"","cwp_image_link":"image","wppr_links":[],"cwp_rev_price":"0.00","wppr_pros":["","","","",""],"wppr_cons":["","","","",""],"wppr_rating":"0.00","wppr_options":{"1":{"name":"Usability","value":"0"},"2":{"name":"Speed","value":"0"},"3":{"name":"Features","value":"0"},"4":{"name":"Support","value":"0"},"5":{"name":"Pricing","value":"0"}},"wppr_review_type":"Product","wppr_review_custom_fields":{"additionalProperty":"","additionalType":"","aggregateRating":"","alternateName":"","audience":"","award":"","awards":"","brand":"","color":"","depth":"","description":"","disambiguatingDescription":"","gtin12":"","gtin13":"","gtin14":"","gtin8":"","height":"","identifier":"","image":"","isAccessoryOrSparePartFor":"","isConsumableFor":"","isRelatedTo":"","isSimilarTo":"","itemCondition":"","logo":"","mainEntityOfPage":"","manufacturer":"","material":"","model":"","mpn":"","name":"","offers":"","potentialAction":"","productID":"","productionDate":"","purchaseDate":"","releaseDate":"","review":"","reviews":"","sameAs":"","sku":"","slogan":"","subjectOf":"","url":"","weight":"","width":""}},"acf":[],"yoast_head":"<!-- This site is optimized with the Yoast SEO plugin v27.4 - https:\/\/yoast.com\/product\/yoast-seo-wordpress\/ -->\n<title>ClockShark: recensione software gestionale edilizia - Accurate Reviews<\/title>\n<meta name=\"description\" content=\"ClockShark: recensione sistema di monitoraggio del tempo basato su cloud che aiuta aziende nei settori dell&#039;edilizia e dei servizi sul campo.\" \/>\n<meta name=\"robots\" content=\"index, follow, max-snippet:-1, max-image-preview:large, max-video-preview:-1\" \/>\n<link rel=\"canonical\" href=\"https:\/\/www.accuratereviews.com\/it\/software-gestionali-edilizia\/clockshark-recensione\/\" \/>\n<meta property=\"og:locale\" content=\"it_IT\" \/>\n<meta property=\"og:type\" content=\"article\" \/>\n<meta property=\"og:title\" content=\"ClockShark: recensione software gestionale edilizia - Accurate Reviews\" \/>\n<meta property=\"og:description\" content=\"ClockShark: recensione sistema di monitoraggio del tempo basato su cloud che aiuta aziende nei settori dell&#039;edilizia e dei servizi sul campo.\" \/>\n<meta property=\"og:url\" content=\"https:\/\/www.accuratereviews.com\/it\/software-gestionali-edilizia\/clockshark-recensione\/\" \/>\n<meta property=\"og:site_name\" content=\"Accurate Reviews\" \/>\n<meta property=\"og:image\" content=\"https:\/\/www.accuratereviews.com\/wp-content\/uploads\/2023\/08\/clockshark.png\" \/>\n\t<meta property=\"og:image:width\" content=\"325\" \/>\n\t<meta property=\"og:image:height\" content=\"319\" \/>\n\t<meta property=\"og:image:type\" content=\"image\/png\" \/>\n<meta name=\"twitter:card\" content=\"summary_large_image\" \/>\n<meta name=\"twitter:label1\" content=\"Tempo di lettura stimato\" \/>\n\t<meta name=\"twitter:data1\" content=\"4 minuti\" \/>\n<script type=\"application\/ld+json\" class=\"yoast-schema-graph\">{\"@context\":\"https:\\\/\\\/schema.org\",\"@graph\":[{\"@type\":\"WebPage\",\"@id\":\"https:\\\/\\\/www.accuratereviews.com\\\/it\\\/software-gestionali-edilizia\\\/clockshark-recensione\\\/\",\"url\":\"https:\\\/\\\/www.accuratereviews.com\\\/it\\\/software-gestionali-edilizia\\\/clockshark-recensione\\\/\",\"name\":\"ClockShark: recensione software gestionale edilizia - Accurate Reviews\",\"isPartOf\":{\"@id\":\"https:\\\/\\\/www.accuratereviews.com\\\/it\\\/#website\"},\"primaryImageOfPage\":{\"@id\":\"https:\\\/\\\/www.accuratereviews.com\\\/it\\\/software-gestionali-edilizia\\\/clockshark-recensione\\\/#primaryimage\"},\"image\":{\"@id\":\"https:\\\/\\\/www.accuratereviews.com\\\/it\\\/software-gestionali-edilizia\\\/clockshark-recensione\\\/#primaryimage\"},\"thumbnailUrl\":\"https:\\\/\\\/www.accuratereviews.com\\\/wp-content\\\/uploads\\\/2023\\\/08\\\/clockshark.png\",\"datePublished\":\"2023-08-30T13:20:06+00:00\",\"description\":\"ClockShark: recensione sistema di monitoraggio del tempo basato su cloud che aiuta aziende nei settori dell'edilizia e dei servizi sul campo.\",\"breadcrumb\":{\"@id\":\"https:\\\/\\\/www.accuratereviews.com\\\/it\\\/software-gestionali-edilizia\\\/clockshark-recensione\\\/#breadcrumb\"},\"inLanguage\":\"it-IT\",\"potentialAction\":[{\"@type\":\"ReadAction\",\"target\":[\"https:\\\/\\\/www.accuratereviews.com\\\/it\\\/software-gestionali-edilizia\\\/clockshark-recensione\\\/\"]}]},{\"@type\":\"ImageObject\",\"inLanguage\":\"it-IT\",\"@id\":\"https:\\\/\\\/www.accuratereviews.com\\\/it\\\/software-gestionali-edilizia\\\/clockshark-recensione\\\/#primaryimage\",\"url\":\"https:\\\/\\\/www.accuratereviews.com\\\/wp-content\\\/uploads\\\/2023\\\/08\\\/clockshark.png\",\"contentUrl\":\"https:\\\/\\\/www.accuratereviews.com\\\/wp-content\\\/uploads\\\/2023\\\/08\\\/clockshark.png\",\"width\":325,\"height\":319},{\"@type\":\"BreadcrumbList\",\"@id\":\"https:\\\/\\\/www.accuratereviews.com\\\/it\\\/software-gestionali-edilizia\\\/clockshark-recensione\\\/#breadcrumb\",\"itemListElement\":[{\"@type\":\"ListItem\",\"position\":1,\"name\":\"Home\",\"item\":\"https:\\\/\\\/www.accuratereviews.com\\\/it\\\/\"},{\"@type\":\"ListItem\",\"position\":2,\"name\":\"Software gestionali per edilizia\",\"item\":\"https:\\\/\\\/www.accuratereviews.com\\\/it\\\/software-gestionali-edilizia\\\/\"},{\"@type\":\"ListItem\",\"position\":3,\"name\":\"ClockShark\"}]},{\"@type\":\"WebSite\",\"@id\":\"https:\\\/\\\/www.accuratereviews.com\\\/it\\\/#website\",\"url\":\"https:\\\/\\\/www.accuratereviews.com\\\/it\\\/\",\"name\":\"Accurate Reviews\",\"description\":\"\",\"potentialAction\":[{\"@type\":\"SearchAction\",\"target\":{\"@type\":\"EntryPoint\",\"urlTemplate\":\"https:\\\/\\\/www.accuratereviews.com\\\/it\\\/?s={search_term_string}\"},\"query-input\":{\"@type\":\"PropertyValueSpecification\",\"valueRequired\":true,\"valueName\":\"search_term_string\"}}],\"inLanguage\":\"it-IT\"}]}<\/script>\n<!-- \/ Yoast SEO plugin. -->","yoast_head_json":{"title":"ClockShark: recensione software gestionale edilizia - Accurate Reviews","description":"ClockShark: recensione sistema di monitoraggio del tempo basato su cloud che aiuta aziende nei settori dell'edilizia e dei servizi sul campo.","robots":{"index":"index","follow":"follow","max-snippet":"max-snippet:-1","max-image-preview":"max-image-preview:large","max-video-preview":"max-video-preview:-1"},"canonical":"https:\/\/www.accuratereviews.com\/it\/software-gestionali-edilizia\/clockshark-recensione\/","og_locale":"it_IT","og_type":"article","og_title":"ClockShark: recensione software gestionale edilizia - Accurate Reviews","og_description":"ClockShark: recensione sistema di monitoraggio del tempo basato su cloud che aiuta aziende nei settori dell'edilizia e dei servizi sul campo.","og_url":"https:\/\/www.accuratereviews.com\/it\/software-gestionali-edilizia\/clockshark-recensione\/","og_site_name":"Accurate Reviews","og_image":[{"width":325,"height":319,"url":"https:\/\/www.accuratereviews.com\/wp-content\/uploads\/2023\/08\/clockshark.png","type":"image\/png"}],"twitter_card":"summary_large_image","twitter_misc":{"Tempo di lettura stimato":"4 minuti"},"schema":{"@context":"https:\/\/schema.org","@graph":[{"@type":"WebPage","@id":"https:\/\/www.accuratereviews.com\/it\/software-gestionali-edilizia\/clockshark-recensione\/","url":"https:\/\/www.accuratereviews.com\/it\/software-gestionali-edilizia\/clockshark-recensione\/","name":"ClockShark: recensione software gestionale edilizia - Accurate Reviews","isPartOf":{"@id":"https:\/\/www.accuratereviews.com\/it\/#website"},"primaryImageOfPage":{"@id":"https:\/\/www.accuratereviews.com\/it\/software-gestionali-edilizia\/clockshark-recensione\/#primaryimage"},"image":{"@id":"https:\/\/www.accuratereviews.com\/it\/software-gestionali-edilizia\/clockshark-recensione\/#primaryimage"},"thumbnailUrl":"https:\/\/www.accuratereviews.com\/wp-content\/uploads\/2023\/08\/clockshark.png","datePublished":"2023-08-30T13:20:06+00:00","description":"ClockShark: recensione sistema di monitoraggio del tempo basato su cloud che aiuta aziende nei settori dell'edilizia e dei servizi sul campo.","breadcrumb":{"@id":"https:\/\/www.accuratereviews.com\/it\/software-gestionali-edilizia\/clockshark-recensione\/#breadcrumb"},"inLanguage":"it-IT","potentialAction":[{"@type":"ReadAction","target":["https:\/\/www.accuratereviews.com\/it\/software-gestionali-edilizia\/clockshark-recensione\/"]}]},{"@type":"ImageObject","inLanguage":"it-IT","@id":"https:\/\/www.accuratereviews.com\/it\/software-gestionali-edilizia\/clockshark-recensione\/#primaryimage","url":"https:\/\/www.accuratereviews.com\/wp-content\/uploads\/2023\/08\/clockshark.png","contentUrl":"https:\/\/www.accuratereviews.com\/wp-content\/uploads\/2023\/08\/clockshark.png","width":325,"height":319},{"@type":"BreadcrumbList","@id":"https:\/\/www.accuratereviews.com\/it\/software-gestionali-edilizia\/clockshark-recensione\/#breadcrumb","itemListElement":[{"@type":"ListItem","position":1,"name":"Home","item":"https:\/\/www.accuratereviews.com\/it\/"},{"@type":"ListItem","position":2,"name":"Software gestionali per edilizia","item":"https:\/\/www.accuratereviews.com\/it\/software-gestionali-edilizia\/"},{"@type":"ListItem","position":3,"name":"ClockShark"}]},{"@type":"WebSite","@id":"https:\/\/www.accuratereviews.com\/it\/#website","url":"https:\/\/www.accuratereviews.com\/it\/","name":"Accurate Reviews","description":"","potentialAction":[{"@type":"SearchAction","target":{"@type":"EntryPoint","urlTemplate":"https:\/\/www.accuratereviews.com\/it\/?s={search_term_string}"},"query-input":{"@type":"PropertyValueSpecification","valueRequired":true,"valueName":"search_term_string"}}],"inLanguage":"it-IT"}]}},"_links":{"self":[{"href":"https:\/\/www.accuratereviews.com\/it\/wp-json\/wp\/v2\/pages\/71558","targetHints":{"allow":["GET"]}}],"collection":[{"href":"https:\/\/www.accuratereviews.com\/it\/wp-json\/wp\/v2\/pages"}],"about":[{"href":"https:\/\/www.accuratereviews.com\/it\/wp-json\/wp\/v2\/types\/page"}],"author":[{"embeddable":true,"href":"https:\/\/www.accuratereviews.com\/it\/wp-json\/wp\/v2\/users\/19"}],"replies":[{"embeddable":true,"href":"https:\/\/www.accuratereviews.com\/it\/wp-json\/wp\/v2\/comments?post=71558"}],"version-history":[{"count":10,"href":"https:\/\/www.accuratereviews.com\/it\/wp-json\/wp\/v2\/pages\/71558\/revisions"}],"predecessor-version":[{"id":71601,"href":"https:\/\/www.accuratereviews.com\/it\/wp-json\/wp\/v2\/pages\/71558\/revisions\/71601"}],"up":[{"embeddable":true,"href":"https:\/\/www.accuratereviews.com\/it\/wp-json\/wp\/v2\/pages\/70458"}],"wp:featuredmedia":[{"embeddable":true,"href":"https:\/\/www.accuratereviews.com\/it\/wp-json\/wp\/v2\/media\/71559"}],"wp:attachment":[{"href":"https:\/\/www.accuratereviews.com\/it\/wp-json\/wp\/v2\/media?parent=71558"}],"wp:term":[{"taxonomy":"category","embeddable":true,"href":"https:\/\/www.accuratereviews.com\/it\/wp-json\/wp\/v2\/categories?post=71558"},{"taxonomy":"post_tag","embeddable":true,"href":"https:\/\/www.accuratereviews.com\/it\/wp-json\/wp\/v2\/tags?post=71558"},{"taxonomy":"features","embeddable":true,"href":"https:\/\/www.accuratereviews.com\/it\/wp-json\/wp\/v2\/features?post=71558"}],"curies":[{"name":"wp","href":"https:\/\/api.w.org\/{rel}","templated":true}]}}