{"id":71657,"date":"2023-09-01T10:49:37","date_gmt":"2023-09-01T10:49:37","guid":{"rendered":"https:\/\/www.accuratereviews.com\/?page_id=71657"},"modified":"2023-09-01T10:49:37","modified_gmt":"2023-09-01T10:49:37","slug":"tireshop-recensione","status":"publish","type":"page","link":"https:\/\/www.accuratereviews.com\/it\/gestionale-per-officine\/tireshop-recensione\/","title":{"rendered":"TireShop"},"content":{"rendered":"<p><strong>TireShop<\/strong> \u00e8 un <strong>sistema di gestione di negozi<\/strong> di automobili e punti vendita (POS) per gommisti e officine di riparazione auto con una o pi\u00f9 sedi che incorpora elenchi di ordini aperti, gestione di ordini di lavoro, preventivi rapidi, gestione dell&#8217;inventario di pneumatici, relazioni con i clienti e funzionalit\u00e0 di reporting.<br \/>\nLa soluzione mira a fornire tutti gli strumenti necessari per gestire online pneumatici, riparazioni e processi di lubrificazione rapida. L&#8217;interfaccia consente agli utenti di inserire dati con tastiera, mouse o touchscreen. Il sistema CRM, la progettazione di moduli e il calendario degli appuntamenti aiutano gli utenti a gestire le attivit\u00e0 di marketing, fatturazione e pianificazione dei clienti. Gli utenti possono gestire i crediti tramite il programma e utilizzare l&#8217;integrazione di QuickBooks per elaborare i debiti. L&#8217;orologio integrato permette ai dipendenti di timbrare entrate\/uscite e tenere traccia delle ore lavorate.<\/p>\n<h2>TIRESHOP &#8211; TUTORIAL<\/h2>\n<div id=\"fluid-wrapper-counter-1\" class=\"g1-fluid-wrapper \" style=\"width:686px;\">\n<div style=\"padding-bottom:56.268221574344%;\"><iframe loading=\"lazy\" title=\"Tireshop by FreedomSoft\" width=\"686\" height=\"386\" src=\"https:\/\/www.youtube.com\/embed\/LLFtafdAv9U?feature=oembed&amp;wmode=transparent&amp;autohide=1&amp;autoplay=0&amp;disablekb=0&amp;fs=1&amp;loop=0&amp;enablejsapi=1&amp;rel=0&amp;controls=2&amp;showinfo=0&amp;wmode=transparent&amp;autohide=2&amp;autoplay=0&amp;disablekb=0&amp;fs=1&amp;loop=0&amp;enablejsapi=1&amp;rel=0&amp;controls=2&amp;showinfo=1\" frameborder=\"0\" allow=\"accelerometer; autoplay; clipboard-write; encrypted-media; gyroscope; picture-in-picture; web-share\" allowfullscreen><\/iframe><\/div>\n<\/div>\n<h3>TIRESHOP &#8211; CARATTERISTICHE<\/h3>\n<ul>\n<li>Costi specifici del negozio, prezzi, elenchi di clienti (estratti conto), tariffe di manodopera.<\/li>\n<li>Trasferimenti di inventario tra sedi. Visualizza lo stock di tutti i negozi<\/li>\n<li>Compatibile con l&#8217;ultimo sistema operativo Windows in grado di gestire anche l&#8217;autofficina.<\/li>\n<li>Mantieni il pieno controllo dei tuoi dati conservandoli localmente o utilizzando un servizio di hosting per mantenerlo per te<\/li>\n<li>Naviga rapidamente nelle aree del sistema utilizzate di frequente senza dover interrompere quello che stai facendo<\/li>\n<li>Controlla i livelli di accesso dei dipendenti e monitora le attivit\u00e0 sospette.<\/li>\n<li>Vendi ai tuoi clienti direttamente dalla soluzione o utilizza un partner integrato come Bay IQ, Demand Force e altro ancora<\/li>\n<li>Personalizza fatture, estratti conto, report e altro ancora<\/li>\n<li>Invia rapidamente via SMS o email fatture, preventivi, promemoria di appuntamenti.<\/li>\n<li>Avvisa il cliente tramite SMS quando il veicolo \u00e8 pronto.<\/li>\n<li>Visualizza report sulle vendite superiori per negozio o venditore<\/li>\n<li>Recupera rapidamente le informazioni fiscali per la rendicontazione dell&#8217;imposta sulle vendite<\/li>\n<li>Inserisci il numero TAG per accedere rapidamente a VIN\/cronologie\/informazioni di richiamo<\/li>\n<li>Rifiuta rapidamente gli articoli al POS e ricevi un avviso in precedenza<\/li>\n<li>Crea avvisi personalizzati per il cliente\/veicolo che appaiono quando viene generato l&#8217;ordine<\/li>\n<li>Unisci facilmente pi\u00f9 clienti\/veicoli conservando tutta la cronologia<\/li>\n<\/ul>\n<h4>LE RECENSIONI DEGLI UTENTI<\/h4>\n<p><strong>Lisa &#8220;TireShop rende le cose facili per il mio meccanico!&#8221;<\/strong><br \/>\n<strong>Commenti<\/strong>: Ha reso la cronologia passata dei clienti senza soluzione di continuit\u00e0 da tenere in archivio. Tutte le informazioni sono facilmente organizzate e utilizzate.<br \/>\n<strong>Pro<\/strong>: Ho aiutato il mio meccanico a implementare questo software nel suo utilizzo quotidiano e lo ADORA!<br \/>\n<strong>Contro<\/strong>: Niente. Le funzionalit\u00e0 sono facili da usare e senza soluzione di continuit\u00e0.<\/p>\n<p><strong>Damon &#8220;Il miglior software POS che abbia mai utilizzato.&#8221;<\/strong><br \/>\n<strong>Commenti<\/strong>: Pi\u00f9 profitti.<br \/>\n<strong>Pro<\/strong>: Facilit\u00e0 d&#8217;uso. Veloce e facilissimo formare i nuovi dipendenti. Tutto in un programma. Il Service Manager pu\u00f2 formulare preventivi velocemente.<\/p>\n<p><strong>Ron &#8220;Avendo utilizzato vari programmi software per pneumatici per oltre 30 anni, trovo che TireShop sia di gran lunga il migliore!&#8221;<\/strong><br \/>\n<strong>Pro<\/strong>: \u00c8 facile configurare e formare nuovi utenti. Abbiamo deciso di acquistare il programma a met\u00e0 novembre 2011 e il 3 gennaio 2012 eravamo operativi praticamente senza problemi. Il team del servizio clienti \u00e8 super reattivo. L&#8217;integrazione con societ\u00e0 di servizi a contratto come acquisizione DOT #, dati di sell-out Goodyear, ecc. \u00e8 semplice. Ha praticamente tutto ci\u00f2 che puoi pensare per aiutarti a vendere pneumatici e assistenza, nonch\u00e9 a gestire al massimo la tua attivit\u00e0.<br \/>\n<strong>Contro<\/strong>: Se ci sono degli aspetti negativi, secondo me sono sepolti da tutti gli aspetti positivi. Avrei solo desiderato aver acquistato questo sistema prima.<\/p>\n","protected":false},"excerpt":{"rendered":"<p>TireShop \u00e8 un sistema di gestione di negozi di automobili e punti vendita (POS) per gommisti e officine di riparazione auto con una o pi\u00f9 sedi che incorpora elenchi di ordini aperti, gestione di ordini di lavoro, preventivi rapidi, gestione dell&#8217;inventario di pneumatici, relazioni con i clienti e funzionalit\u00e0 di reporting.<\/p>\n","protected":false},"author":19,"featured_media":71659,"parent":26440,"menu_order":0,"comment_status":"open","ping_status":"closed","template":"g1_template_page_review_new.php","meta":{"_acf_changed":false,"cwp_meta_box_check":"Yes","cwp_rev_product_name":"","cwp_rev_product_image":"","wppr_links":[],"cwp_rev_price":"0.00","wppr_options":[{"name":"Usability","value":"0"},{"name":"Speed","value":"0"},{"name":"Features","value":"0"},{"name":"Support","value":"0"},{"name":"Pricing","value":"0"}],"wppr_pros":["","","","",""],"wppr_cons":["","","","",""],"_monsterinsights_skip_tracking":false,"_monsterinsights_sitenote_active":false,"_monsterinsights_sitenote_note":"","_monsterinsights_sitenote_category":0,"footnotes":""},"categories":[2818],"tags":[14617,14621,14620,14619,14618,14632],"features":[],"class_list":{"0":"post-71657","1":"page","2":"type-page","3":"status-publish","4":"has-post-thumbnail","6":"category-gestionale-per-officine-cat","7":"tag-gestionale-officine","8":"tag-piattaforma-gestionale-officine","9":"tag-programma-gestionale-officine","10":"tag-software-gestionale-officine","11":"tag-soluzione-gestionale-officine","12":"tag-tireshop"},"wppr_data":{"cwp_meta_box_check":"Yes","_wppr_review_template":"default","cwp_rev_product_image":"","cwp_image_link":"image","wppr_links":[],"cwp_rev_price":"0.00","wppr_pros":["","","","",""],"wppr_cons":["","","","",""],"wppr_rating":"0.00","wppr_options":{"1":{"name":"Usability","value":"0"},"2":{"name":"Speed","value":"0"},"3":{"name":"Features","value":"0"},"4":{"name":"Support","value":"0"},"5":{"name":"Pricing","value":"0"}},"wppr_review_type":"Product","wppr_review_custom_fields":{"additionalProperty":"","additionalType":"","aggregateRating":"","alternateName":"","audience":"","award":"","awards":"","brand":"","color":"","depth":"","description":"","disambiguatingDescription":"","gtin12":"","gtin13":"","gtin14":"","gtin8":"","height":"","identifier":"","image":"","isAccessoryOrSparePartFor":"","isConsumableFor":"","isRelatedTo":"","isSimilarTo":"","itemCondition":"","logo":"","mainEntityOfPage":"","manufacturer":"","material":"","model":"","mpn":"","name":"","offers":"","potentialAction":"","productID":"","productionDate":"","purchaseDate":"","releaseDate":"","review":"","reviews":"","sameAs":"","sku":"","slogan":"","subjectOf":"","url":"","weight":"","width":""}},"acf":[],"yoast_head":"<!-- This site is optimized with the Yoast SEO plugin v27.4 - https:\/\/yoast.com\/product\/yoast-seo-wordpress\/ -->\n<title>TireShop: recensione software gestionale officine - Accurate Reviews<\/title>\n<meta name=\"description\" content=\"TireShop: recensione sistema di gestione di negozi di automobili e punti vendita per gommisti e officine con una o pi\u00f9 sedi.\" \/>\n<meta name=\"robots\" content=\"index, follow, max-snippet:-1, max-image-preview:large, max-video-preview:-1\" \/>\n<link rel=\"canonical\" href=\"https:\/\/www.accuratereviews.com\/it\/gestionale-per-officine\/tireshop-recensione\/\" \/>\n<meta property=\"og:locale\" content=\"it_IT\" \/>\n<meta property=\"og:type\" content=\"article\" \/>\n<meta property=\"og:title\" content=\"TireShop: recensione software gestionale officine - Accurate Reviews\" \/>\n<meta property=\"og:description\" content=\"TireShop: recensione sistema di gestione di negozi di automobili e punti vendita per gommisti e officine con una o pi\u00f9 sedi.\" \/>\n<meta property=\"og:url\" content=\"https:\/\/www.accuratereviews.com\/it\/gestionale-per-officine\/tireshop-recensione\/\" \/>\n<meta property=\"og:site_name\" content=\"Accurate Reviews\" \/>\n<meta property=\"og:image\" content=\"https:\/\/www.accuratereviews.com\/wp-content\/uploads\/2023\/09\/TireShop.jpeg\" \/>\n\t<meta property=\"og:image:width\" content=\"800\" \/>\n\t<meta property=\"og:image:height\" content=\"600\" \/>\n\t<meta property=\"og:image:type\" content=\"image\/jpeg\" \/>\n<meta name=\"twitter:card\" content=\"summary_large_image\" \/>\n<meta name=\"twitter:label1\" content=\"Tempo di lettura stimato\" \/>\n\t<meta name=\"twitter:data1\" content=\"3 minuti\" \/>\n<script type=\"application\/ld+json\" class=\"yoast-schema-graph\">{\"@context\":\"https:\\\/\\\/schema.org\",\"@graph\":[{\"@type\":\"WebPage\",\"@id\":\"https:\\\/\\\/www.accuratereviews.com\\\/it\\\/gestionale-per-officine\\\/tireshop-recensione\\\/\",\"url\":\"https:\\\/\\\/www.accuratereviews.com\\\/it\\\/gestionale-per-officine\\\/tireshop-recensione\\\/\",\"name\":\"TireShop: recensione software gestionale officine - Accurate Reviews\",\"isPartOf\":{\"@id\":\"https:\\\/\\\/www.accuratereviews.com\\\/it\\\/#website\"},\"primaryImageOfPage\":{\"@id\":\"https:\\\/\\\/www.accuratereviews.com\\\/it\\\/gestionale-per-officine\\\/tireshop-recensione\\\/#primaryimage\"},\"image\":{\"@id\":\"https:\\\/\\\/www.accuratereviews.com\\\/it\\\/gestionale-per-officine\\\/tireshop-recensione\\\/#primaryimage\"},\"thumbnailUrl\":\"https:\\\/\\\/www.accuratereviews.com\\\/wp-content\\\/uploads\\\/2023\\\/09\\\/TireShop.jpeg\",\"datePublished\":\"2023-09-01T10:49:37+00:00\",\"description\":\"TireShop: recensione sistema di gestione di negozi di automobili e punti vendita per gommisti e officine con una o pi\u00f9 sedi.\",\"breadcrumb\":{\"@id\":\"https:\\\/\\\/www.accuratereviews.com\\\/it\\\/gestionale-per-officine\\\/tireshop-recensione\\\/#breadcrumb\"},\"inLanguage\":\"it-IT\",\"potentialAction\":[{\"@type\":\"ReadAction\",\"target\":[\"https:\\\/\\\/www.accuratereviews.com\\\/it\\\/gestionale-per-officine\\\/tireshop-recensione\\\/\"]}]},{\"@type\":\"ImageObject\",\"inLanguage\":\"it-IT\",\"@id\":\"https:\\\/\\\/www.accuratereviews.com\\\/it\\\/gestionale-per-officine\\\/tireshop-recensione\\\/#primaryimage\",\"url\":\"https:\\\/\\\/www.accuratereviews.com\\\/wp-content\\\/uploads\\\/2023\\\/09\\\/TireShop.jpeg\",\"contentUrl\":\"https:\\\/\\\/www.accuratereviews.com\\\/wp-content\\\/uploads\\\/2023\\\/09\\\/TireShop.jpeg\",\"width\":800,\"height\":600},{\"@type\":\"BreadcrumbList\",\"@id\":\"https:\\\/\\\/www.accuratereviews.com\\\/it\\\/gestionale-per-officine\\\/tireshop-recensione\\\/#breadcrumb\",\"itemListElement\":[{\"@type\":\"ListItem\",\"position\":1,\"name\":\"Home\",\"item\":\"https:\\\/\\\/www.accuratereviews.com\\\/it\\\/\"},{\"@type\":\"ListItem\",\"position\":2,\"name\":\"Gestionale per officine\",\"item\":\"https:\\\/\\\/www.accuratereviews.com\\\/it\\\/gestionale-per-officine\\\/\"},{\"@type\":\"ListItem\",\"position\":3,\"name\":\"TireShop\"}]},{\"@type\":\"WebSite\",\"@id\":\"https:\\\/\\\/www.accuratereviews.com\\\/it\\\/#website\",\"url\":\"https:\\\/\\\/www.accuratereviews.com\\\/it\\\/\",\"name\":\"Accurate Reviews\",\"description\":\"\",\"potentialAction\":[{\"@type\":\"SearchAction\",\"target\":{\"@type\":\"EntryPoint\",\"urlTemplate\":\"https:\\\/\\\/www.accuratereviews.com\\\/it\\\/?s={search_term_string}\"},\"query-input\":{\"@type\":\"PropertyValueSpecification\",\"valueRequired\":true,\"valueName\":\"search_term_string\"}}],\"inLanguage\":\"it-IT\"}]}<\/script>\n<!-- \/ Yoast SEO plugin. -->","yoast_head_json":{"title":"TireShop: recensione software gestionale officine - Accurate Reviews","description":"TireShop: recensione sistema di gestione di negozi di automobili e punti vendita per gommisti e officine con una o pi\u00f9 sedi.","robots":{"index":"index","follow":"follow","max-snippet":"max-snippet:-1","max-image-preview":"max-image-preview:large","max-video-preview":"max-video-preview:-1"},"canonical":"https:\/\/www.accuratereviews.com\/it\/gestionale-per-officine\/tireshop-recensione\/","og_locale":"it_IT","og_type":"article","og_title":"TireShop: recensione software gestionale officine - Accurate Reviews","og_description":"TireShop: recensione sistema di gestione di negozi di automobili e punti vendita per gommisti e officine con una o pi\u00f9 sedi.","og_url":"https:\/\/www.accuratereviews.com\/it\/gestionale-per-officine\/tireshop-recensione\/","og_site_name":"Accurate Reviews","og_image":[{"width":800,"height":600,"url":"https:\/\/www.accuratereviews.com\/wp-content\/uploads\/2023\/09\/TireShop.jpeg","type":"image\/jpeg"}],"twitter_card":"summary_large_image","twitter_misc":{"Tempo di lettura stimato":"3 minuti"},"schema":{"@context":"https:\/\/schema.org","@graph":[{"@type":"WebPage","@id":"https:\/\/www.accuratereviews.com\/it\/gestionale-per-officine\/tireshop-recensione\/","url":"https:\/\/www.accuratereviews.com\/it\/gestionale-per-officine\/tireshop-recensione\/","name":"TireShop: recensione software gestionale officine - Accurate Reviews","isPartOf":{"@id":"https:\/\/www.accuratereviews.com\/it\/#website"},"primaryImageOfPage":{"@id":"https:\/\/www.accuratereviews.com\/it\/gestionale-per-officine\/tireshop-recensione\/#primaryimage"},"image":{"@id":"https:\/\/www.accuratereviews.com\/it\/gestionale-per-officine\/tireshop-recensione\/#primaryimage"},"thumbnailUrl":"https:\/\/www.accuratereviews.com\/wp-content\/uploads\/2023\/09\/TireShop.jpeg","datePublished":"2023-09-01T10:49:37+00:00","description":"TireShop: recensione sistema di gestione di negozi di automobili e punti vendita per gommisti e officine con una o pi\u00f9 sedi.","breadcrumb":{"@id":"https:\/\/www.accuratereviews.com\/it\/gestionale-per-officine\/tireshop-recensione\/#breadcrumb"},"inLanguage":"it-IT","potentialAction":[{"@type":"ReadAction","target":["https:\/\/www.accuratereviews.com\/it\/gestionale-per-officine\/tireshop-recensione\/"]}]},{"@type":"ImageObject","inLanguage":"it-IT","@id":"https:\/\/www.accuratereviews.com\/it\/gestionale-per-officine\/tireshop-recensione\/#primaryimage","url":"https:\/\/www.accuratereviews.com\/wp-content\/uploads\/2023\/09\/TireShop.jpeg","contentUrl":"https:\/\/www.accuratereviews.com\/wp-content\/uploads\/2023\/09\/TireShop.jpeg","width":800,"height":600},{"@type":"BreadcrumbList","@id":"https:\/\/www.accuratereviews.com\/it\/gestionale-per-officine\/tireshop-recensione\/#breadcrumb","itemListElement":[{"@type":"ListItem","position":1,"name":"Home","item":"https:\/\/www.accuratereviews.com\/it\/"},{"@type":"ListItem","position":2,"name":"Gestionale per officine","item":"https:\/\/www.accuratereviews.com\/it\/gestionale-per-officine\/"},{"@type":"ListItem","position":3,"name":"TireShop"}]},{"@type":"WebSite","@id":"https:\/\/www.accuratereviews.com\/it\/#website","url":"https:\/\/www.accuratereviews.com\/it\/","name":"Accurate Reviews","description":"","potentialAction":[{"@type":"SearchAction","target":{"@type":"EntryPoint","urlTemplate":"https:\/\/www.accuratereviews.com\/it\/?s={search_term_string}"},"query-input":{"@type":"PropertyValueSpecification","valueRequired":true,"valueName":"search_term_string"}}],"inLanguage":"it-IT"}]}},"_links":{"self":[{"href":"https:\/\/www.accuratereviews.com\/it\/wp-json\/wp\/v2\/pages\/71657","targetHints":{"allow":["GET"]}}],"collection":[{"href":"https:\/\/www.accuratereviews.com\/it\/wp-json\/wp\/v2\/pages"}],"about":[{"href":"https:\/\/www.accuratereviews.com\/it\/wp-json\/wp\/v2\/types\/page"}],"author":[{"embeddable":true,"href":"https:\/\/www.accuratereviews.com\/it\/wp-json\/wp\/v2\/users\/19"}],"replies":[{"embeddable":true,"href":"https:\/\/www.accuratereviews.com\/it\/wp-json\/wp\/v2\/comments?post=71657"}],"version-history":[{"count":12,"href":"https:\/\/www.accuratereviews.com\/it\/wp-json\/wp\/v2\/pages\/71657\/revisions"}],"predecessor-version":[{"id":71675,"href":"https:\/\/www.accuratereviews.com\/it\/wp-json\/wp\/v2\/pages\/71657\/revisions\/71675"}],"up":[{"embeddable":true,"href":"https:\/\/www.accuratereviews.com\/it\/wp-json\/wp\/v2\/pages\/26440"}],"wp:featuredmedia":[{"embeddable":true,"href":"https:\/\/www.accuratereviews.com\/it\/wp-json\/wp\/v2\/media\/71659"}],"wp:attachment":[{"href":"https:\/\/www.accuratereviews.com\/it\/wp-json\/wp\/v2\/media?parent=71657"}],"wp:term":[{"taxonomy":"category","embeddable":true,"href":"https:\/\/www.accuratereviews.com\/it\/wp-json\/wp\/v2\/categories?post=71657"},{"taxonomy":"post_tag","embeddable":true,"href":"https:\/\/www.accuratereviews.com\/it\/wp-json\/wp\/v2\/tags?post=71657"},{"taxonomy":"features","embeddable":true,"href":"https:\/\/www.accuratereviews.com\/it\/wp-json\/wp\/v2\/features?post=71657"}],"curies":[{"name":"wp","href":"https:\/\/api.w.org\/{rel}","templated":true}]}}