{"id":71680,"date":"2023-09-04T16:53:47","date_gmt":"2023-09-04T16:53:47","guid":{"rendered":"https:\/\/www.accuratereviews.com\/?page_id=71680"},"modified":"2023-09-05T09:47:06","modified_gmt":"2023-09-05T09:47:06","slug":"orderry-recensione","status":"publish","type":"page","link":"https:\/\/www.accuratereviews.com\/it\/gestionale-per-officine\/orderry-recensione\/","title":{"rendered":"Orderry"},"content":{"rendered":"<p><strong>Orderry<\/strong> \u00e8 una soluzione all-in-one per <strong>officine di riparazione<\/strong> e attivit\u00e0 di servizi. Aiuta le aziende a ottimizzare e automatizzare i processi aziendali, risparmiando tempo e denaro, Il programma \u00e8 un software di gestione che combina la facilit\u00e0 d&#8217;uso con un potenti strumenti di miglioramento della produttivit\u00e0 e funzionalit\u00e0 CRM. Un esempio di funzionalit\u00e0 integrate sono: database clienti e gestione ordini, comunicazione con clienti, acquirenti e fornitori, tenuta della contabilit\u00e0 di cassa, gestione delle scorte, calcolo delle buste paga individuali, finanze, inventario e reporting degli ordini.<\/p>\n<h2>ORDERRY &#8211; TUTORIAL<\/h2>\n<div id=\"fluid-wrapper-counter-1\" class=\"g1-fluid-wrapper \" style=\"width:686px;\">\n<div style=\"padding-bottom:56.268221574344%;\"><iframe loading=\"lazy\" title=\"Orderry Work Orders App\" width=\"686\" height=\"386\" src=\"https:\/\/www.youtube.com\/embed\/VgTd_Wtb3dQ?feature=oembed&amp;wmode=transparent&amp;autohide=1&amp;autoplay=0&amp;disablekb=0&amp;fs=1&amp;loop=0&amp;enablejsapi=1&amp;rel=0&amp;controls=2&amp;showinfo=0&amp;wmode=transparent&amp;autohide=2&amp;autoplay=0&amp;disablekb=0&amp;fs=1&amp;loop=0&amp;enablejsapi=1&amp;rel=0&amp;controls=2&amp;showinfo=1\" frameborder=\"0\" allow=\"accelerometer; autoplay; clipboard-write; encrypted-media; gyroscope; picture-in-picture; web-share\" allowfullscreen><\/iframe><\/div>\n<\/div>\n<h3>ORDERRY &#8211; CARATTERISTICHE<\/h3>\n<ul>\n<li><strong>Conservazione dei registri semplice<\/strong>: conserva i registri dei clienti e dei loro ordini di lavoro, tieni traccia della cronologia dei servizi forniti e dei materiali utilizzati<\/li>\n<li><strong>Strumento di pianificazione integrato:<\/strong> prenota in anticipo appuntamenti e organizza uniformemente dipendenti e risorse aziendali<\/li>\n<li><strong>Moduli, modelli e directory<\/strong>: elimina il lavoro manuale attraverso moduli personalizzabili, directory integrate e modelli di documenti per preventivi e fatture rapide<\/li>\n<li><strong>Prezzi<\/strong>: analizza il costo delle vendite e i margini del tuo assortimento per decidere un prezzo ragionevole<\/li>\n<li><strong>Pagamenti:<\/strong> crea un numero illimitato di casse, gestisci garanzie e sconti<\/li>\n<li><strong>Configurazione flessibile dell&#8217;aliquota fiscale<\/strong>: regole di applicazione fiscale ed esenzioni fiscali a livello aziendale o locale per determinati beni, servizi e relative categorie<\/li>\n<li><strong>Informazioni fiscali nei documenti<\/strong>: prezzi con o senza imposta negli ordini di lavoro, fatture o altri documenti<\/li>\n<li><strong>Accesso alle impostazioni fiscali della societ\u00e0<\/strong>: configurazione personalizzata dei diritti di accesso dei dipendenti alle norme fiscali nell&#8217;account.<\/li>\n<li><strong>App Orderry Business Insights<\/strong>: monitora i KPI della tua azienda in tempo reale, visualizza e filtra i dati per qualsiasi periodo, controlla le casse, analizza le recensioni dei clienti, contatta i tuoi dipendenti con un solo tocco e proteggi il tuo account con l&#8217;autenticazione a due fattori.<\/li>\n<li><strong>Approfondimenti aziendali:<\/strong> ottieni una panoramica chiara di ci\u00f2 che sta accadendo nella tua attivit\u00e0 in grafici e diagrammi di facile lettura<\/li>\n<li><strong>App per ordini di lavoro<\/strong>: applicazione Ordini di lavoro: gestisci i lavori di assistenza sul campo in tempo reale e in movimento: elabora e completa gli ordini di lavoro, controlla i dettagli importanti degli ordini di lavoro prima dell&#8217;arrivo, accetta pagamenti anticipati e pagamenti e aggiungi prodotti dai magazzini.<\/li>\n<li><strong>Rapporti<\/strong>: genera oltre 20 tipi di report su inventario, ordini di lavoro, prestazioni dei dipendenti e statistiche finanziarie per il tuo processo decisionale<\/li>\n<li><strong>Analisi dell&#8217;assortimento<\/strong>: identifica prodotti popolari e redditizi per mantenere le tue scorte in movimento<br \/>\ncontrollo<\/li>\n<li><strong>Registro delle attivit\u00e0<\/strong>: tieni traccia di chi ha fatto cosa e quando. Visualizza eventi per dipendenti, periodi, posizioni, tipologie, nonch\u00e9 recupera oggetti o documenti cancellati accidentalmente<\/li>\n<\/ul>\n<h4>LE RECENSIONI DEGLI UTENTI<\/h4>\n<p><strong>Mikey &#8220;Ottimo software CRM&#8221;<\/strong><br \/>\n<strong>Commenti<\/strong>: Molto soddisfatto del servizio e della registrazione delle chiamate telefoniche recentemente integrata da un servizio di terze parti.<br \/>\n<strong>Pro<\/strong>: Adoro come \u00e8 fatto su misura per il negozio di riparazioni telefoniche. Facile da installare e dal prezzo molto competitivo. La chat online \u00e8 stata di grande aiuto quando ne ho avuto bisogno.<br \/>\n<strong>Contro<\/strong>: C&#8217;erano alcune attivit\u00e0 che avrei voluto modificare, ma mi sono abituato alla configurazione: non mi d\u00e0 fastidio.<\/p>\n<p><strong>Alan &#8220;Nel complesso&#8221;<\/strong><br \/>\n<strong>Pro<\/strong>: \u00e8 utile avere l&#8217;ordine di riparazione, l&#8217;inventario e il sistema contabile<br \/>\n<strong>Contro<\/strong>: potrebbe essere necessario prendere in considerazione una maggiore configurazione della funzione di utilizzo tramite telefono cellulare\/tablet.<\/p>\n<p><strong>Leonardo &#8220;La mia esperienza con Orderry&#8221;<\/strong><br \/>\n<strong>Commenti<\/strong>: Sono 3 mesi che gestisco l&#8217;intera officina e configuro il software e non ho avuto nessuna complicazione.<br \/>\n<strong>Pro<\/strong>: gestione dell&#8217;officina e fluidit\u00e0 dell&#8217;interfaccia<br \/>\n<strong>Contro<\/strong>: non poter scaricare i filtri per marca e dover scaricare tutto in Excel.<\/p>\n","protected":false},"excerpt":{"rendered":"<p>Orderry \u00e8 una soluzione all-in-one per officine di riparazione e attivit\u00e0 di servizi. Aiuta le aziende a ottimizzare e automatizzare i processi aziendali, risparmiando tempo e denaro, Il programma \u00e8 un software di gestione che combina la facilit\u00e0 d&#8217;uso con un potenti strumenti di miglioramento della produttivit\u00e0 e funzionalit\u00e0 CRM.<\/p>\n","protected":false},"author":19,"featured_media":71681,"parent":26440,"menu_order":0,"comment_status":"open","ping_status":"closed","template":"g1_template_page_review_new.php","meta":{"_acf_changed":false,"cwp_meta_box_check":"No","cwp_rev_product_name":"","cwp_rev_product_image":"","wppr_links":[],"cwp_rev_price":"","wppr_options":[],"wppr_pros":[],"wppr_cons":[],"_monsterinsights_skip_tracking":false,"_monsterinsights_sitenote_active":false,"_monsterinsights_sitenote_note":"","_monsterinsights_sitenote_category":0,"footnotes":""},"categories":[2818],"tags":[14617,14634,14621,14620,14619,14618],"features":[],"class_list":{"0":"post-71680","1":"page","2":"type-page","3":"status-publish","4":"has-post-thumbnail","6":"category-gestionale-per-officine-cat","7":"tag-gestionale-officine","8":"tag-orderry","9":"tag-piattaforma-gestionale-officine","10":"tag-programma-gestionale-officine","11":"tag-software-gestionale-officine","12":"tag-soluzione-gestionale-officine"},"wppr_data":{"cwp_meta_box_check":"No"},"acf":[],"yoast_head":"<!-- This site is optimized with the Yoast SEO plugin v27.4 - https:\/\/yoast.com\/product\/yoast-seo-wordpress\/ -->\n<title>Orderry: recensione software gestionale officine - Accurate Reviews<\/title>\n<meta name=\"description\" content=\"Orderry: recensione soluzione all-in-one per officine di riparazione e attivit\u00e0 di servizi che aiuta a gestiore la tua attivit\u00e0.\" \/>\n<meta name=\"robots\" content=\"index, follow, max-snippet:-1, max-image-preview:large, max-video-preview:-1\" \/>\n<link rel=\"canonical\" href=\"https:\/\/www.accuratereviews.com\/it\/gestionale-per-officine\/orderry-recensione\/\" \/>\n<meta property=\"og:locale\" content=\"it_IT\" \/>\n<meta property=\"og:type\" content=\"article\" \/>\n<meta property=\"og:title\" content=\"Orderry: recensione software gestionale officine - Accurate Reviews\" \/>\n<meta property=\"og:description\" content=\"Orderry: recensione soluzione all-in-one per officine di riparazione e attivit\u00e0 di servizi che aiuta a gestiore la tua attivit\u00e0.\" \/>\n<meta property=\"og:url\" content=\"https:\/\/www.accuratereviews.com\/it\/gestionale-per-officine\/orderry-recensione\/\" \/>\n<meta property=\"og:site_name\" content=\"Accurate Reviews\" \/>\n<meta property=\"article:modified_time\" content=\"2023-09-05T09:47:06+00:00\" \/>\n<meta property=\"og:image\" content=\"https:\/\/www.accuratereviews.com\/wp-content\/uploads\/2023\/09\/Screenshot-2023-09-04-alle-09.48.41.png\" \/>\n\t<meta property=\"og:image:width\" content=\"684\" \/>\n\t<meta property=\"og:image:height\" content=\"354\" \/>\n\t<meta property=\"og:image:type\" content=\"image\/png\" \/>\n<meta name=\"twitter:card\" content=\"summary_large_image\" \/>\n<meta name=\"twitter:label1\" content=\"Tempo di lettura stimato\" \/>\n\t<meta name=\"twitter:data1\" content=\"4 minuti\" \/>\n<script type=\"application\/ld+json\" class=\"yoast-schema-graph\">{\"@context\":\"https:\\\/\\\/schema.org\",\"@graph\":[{\"@type\":\"WebPage\",\"@id\":\"https:\\\/\\\/www.accuratereviews.com\\\/it\\\/gestionale-per-officine\\\/orderry-recensione\\\/\",\"url\":\"https:\\\/\\\/www.accuratereviews.com\\\/it\\\/gestionale-per-officine\\\/orderry-recensione\\\/\",\"name\":\"Orderry: recensione software gestionale officine - Accurate Reviews\",\"isPartOf\":{\"@id\":\"https:\\\/\\\/www.accuratereviews.com\\\/it\\\/#website\"},\"primaryImageOfPage\":{\"@id\":\"https:\\\/\\\/www.accuratereviews.com\\\/it\\\/gestionale-per-officine\\\/orderry-recensione\\\/#primaryimage\"},\"image\":{\"@id\":\"https:\\\/\\\/www.accuratereviews.com\\\/it\\\/gestionale-per-officine\\\/orderry-recensione\\\/#primaryimage\"},\"thumbnailUrl\":\"https:\\\/\\\/www.accuratereviews.com\\\/wp-content\\\/uploads\\\/2023\\\/09\\\/Screenshot-2023-09-04-alle-09.48.41.png\",\"datePublished\":\"2023-09-04T16:53:47+00:00\",\"dateModified\":\"2023-09-05T09:47:06+00:00\",\"description\":\"Orderry: recensione soluzione all-in-one per officine di riparazione e attivit\u00e0 di servizi che aiuta a gestiore la tua attivit\u00e0.\",\"breadcrumb\":{\"@id\":\"https:\\\/\\\/www.accuratereviews.com\\\/it\\\/gestionale-per-officine\\\/orderry-recensione\\\/#breadcrumb\"},\"inLanguage\":\"it-IT\",\"potentialAction\":[{\"@type\":\"ReadAction\",\"target\":[\"https:\\\/\\\/www.accuratereviews.com\\\/it\\\/gestionale-per-officine\\\/orderry-recensione\\\/\"]}]},{\"@type\":\"ImageObject\",\"inLanguage\":\"it-IT\",\"@id\":\"https:\\\/\\\/www.accuratereviews.com\\\/it\\\/gestionale-per-officine\\\/orderry-recensione\\\/#primaryimage\",\"url\":\"https:\\\/\\\/www.accuratereviews.com\\\/wp-content\\\/uploads\\\/2023\\\/09\\\/Screenshot-2023-09-04-alle-09.48.41.png\",\"contentUrl\":\"https:\\\/\\\/www.accuratereviews.com\\\/wp-content\\\/uploads\\\/2023\\\/09\\\/Screenshot-2023-09-04-alle-09.48.41.png\",\"width\":684,\"height\":354},{\"@type\":\"BreadcrumbList\",\"@id\":\"https:\\\/\\\/www.accuratereviews.com\\\/it\\\/gestionale-per-officine\\\/orderry-recensione\\\/#breadcrumb\",\"itemListElement\":[{\"@type\":\"ListItem\",\"position\":1,\"name\":\"Home\",\"item\":\"https:\\\/\\\/www.accuratereviews.com\\\/it\\\/\"},{\"@type\":\"ListItem\",\"position\":2,\"name\":\"Gestionale per officine\",\"item\":\"https:\\\/\\\/www.accuratereviews.com\\\/it\\\/gestionale-per-officine\\\/\"},{\"@type\":\"ListItem\",\"position\":3,\"name\":\"Orderry\"}]},{\"@type\":\"WebSite\",\"@id\":\"https:\\\/\\\/www.accuratereviews.com\\\/it\\\/#website\",\"url\":\"https:\\\/\\\/www.accuratereviews.com\\\/it\\\/\",\"name\":\"Accurate Reviews\",\"description\":\"\",\"potentialAction\":[{\"@type\":\"SearchAction\",\"target\":{\"@type\":\"EntryPoint\",\"urlTemplate\":\"https:\\\/\\\/www.accuratereviews.com\\\/it\\\/?s={search_term_string}\"},\"query-input\":{\"@type\":\"PropertyValueSpecification\",\"valueRequired\":true,\"valueName\":\"search_term_string\"}}],\"inLanguage\":\"it-IT\"}]}<\/script>\n<!-- \/ Yoast SEO plugin. -->","yoast_head_json":{"title":"Orderry: recensione software gestionale officine - Accurate Reviews","description":"Orderry: recensione soluzione all-in-one per officine di riparazione e attivit\u00e0 di servizi che aiuta a gestiore la tua attivit\u00e0.","robots":{"index":"index","follow":"follow","max-snippet":"max-snippet:-1","max-image-preview":"max-image-preview:large","max-video-preview":"max-video-preview:-1"},"canonical":"https:\/\/www.accuratereviews.com\/it\/gestionale-per-officine\/orderry-recensione\/","og_locale":"it_IT","og_type":"article","og_title":"Orderry: recensione software gestionale officine - Accurate Reviews","og_description":"Orderry: recensione soluzione all-in-one per officine di riparazione e attivit\u00e0 di servizi che aiuta a gestiore la tua attivit\u00e0.","og_url":"https:\/\/www.accuratereviews.com\/it\/gestionale-per-officine\/orderry-recensione\/","og_site_name":"Accurate Reviews","article_modified_time":"2023-09-05T09:47:06+00:00","og_image":[{"width":684,"height":354,"url":"https:\/\/www.accuratereviews.com\/wp-content\/uploads\/2023\/09\/Screenshot-2023-09-04-alle-09.48.41.png","type":"image\/png"}],"twitter_card":"summary_large_image","twitter_misc":{"Tempo di lettura stimato":"4 minuti"},"schema":{"@context":"https:\/\/schema.org","@graph":[{"@type":"WebPage","@id":"https:\/\/www.accuratereviews.com\/it\/gestionale-per-officine\/orderry-recensione\/","url":"https:\/\/www.accuratereviews.com\/it\/gestionale-per-officine\/orderry-recensione\/","name":"Orderry: recensione software gestionale officine - Accurate Reviews","isPartOf":{"@id":"https:\/\/www.accuratereviews.com\/it\/#website"},"primaryImageOfPage":{"@id":"https:\/\/www.accuratereviews.com\/it\/gestionale-per-officine\/orderry-recensione\/#primaryimage"},"image":{"@id":"https:\/\/www.accuratereviews.com\/it\/gestionale-per-officine\/orderry-recensione\/#primaryimage"},"thumbnailUrl":"https:\/\/www.accuratereviews.com\/wp-content\/uploads\/2023\/09\/Screenshot-2023-09-04-alle-09.48.41.png","datePublished":"2023-09-04T16:53:47+00:00","dateModified":"2023-09-05T09:47:06+00:00","description":"Orderry: recensione soluzione all-in-one per officine di riparazione e attivit\u00e0 di servizi che aiuta a gestiore la tua attivit\u00e0.","breadcrumb":{"@id":"https:\/\/www.accuratereviews.com\/it\/gestionale-per-officine\/orderry-recensione\/#breadcrumb"},"inLanguage":"it-IT","potentialAction":[{"@type":"ReadAction","target":["https:\/\/www.accuratereviews.com\/it\/gestionale-per-officine\/orderry-recensione\/"]}]},{"@type":"ImageObject","inLanguage":"it-IT","@id":"https:\/\/www.accuratereviews.com\/it\/gestionale-per-officine\/orderry-recensione\/#primaryimage","url":"https:\/\/www.accuratereviews.com\/wp-content\/uploads\/2023\/09\/Screenshot-2023-09-04-alle-09.48.41.png","contentUrl":"https:\/\/www.accuratereviews.com\/wp-content\/uploads\/2023\/09\/Screenshot-2023-09-04-alle-09.48.41.png","width":684,"height":354},{"@type":"BreadcrumbList","@id":"https:\/\/www.accuratereviews.com\/it\/gestionale-per-officine\/orderry-recensione\/#breadcrumb","itemListElement":[{"@type":"ListItem","position":1,"name":"Home","item":"https:\/\/www.accuratereviews.com\/it\/"},{"@type":"ListItem","position":2,"name":"Gestionale per officine","item":"https:\/\/www.accuratereviews.com\/it\/gestionale-per-officine\/"},{"@type":"ListItem","position":3,"name":"Orderry"}]},{"@type":"WebSite","@id":"https:\/\/www.accuratereviews.com\/it\/#website","url":"https:\/\/www.accuratereviews.com\/it\/","name":"Accurate Reviews","description":"","potentialAction":[{"@type":"SearchAction","target":{"@type":"EntryPoint","urlTemplate":"https:\/\/www.accuratereviews.com\/it\/?s={search_term_string}"},"query-input":{"@type":"PropertyValueSpecification","valueRequired":true,"valueName":"search_term_string"}}],"inLanguage":"it-IT"}]}},"_links":{"self":[{"href":"https:\/\/www.accuratereviews.com\/it\/wp-json\/wp\/v2\/pages\/71680","targetHints":{"allow":["GET"]}}],"collection":[{"href":"https:\/\/www.accuratereviews.com\/it\/wp-json\/wp\/v2\/pages"}],"about":[{"href":"https:\/\/www.accuratereviews.com\/it\/wp-json\/wp\/v2\/types\/page"}],"author":[{"embeddable":true,"href":"https:\/\/www.accuratereviews.com\/it\/wp-json\/wp\/v2\/users\/19"}],"replies":[{"embeddable":true,"href":"https:\/\/www.accuratereviews.com\/it\/wp-json\/wp\/v2\/comments?post=71680"}],"version-history":[{"count":9,"href":"https:\/\/www.accuratereviews.com\/it\/wp-json\/wp\/v2\/pages\/71680\/revisions"}],"predecessor-version":[{"id":71696,"href":"https:\/\/www.accuratereviews.com\/it\/wp-json\/wp\/v2\/pages\/71680\/revisions\/71696"}],"up":[{"embeddable":true,"href":"https:\/\/www.accuratereviews.com\/it\/wp-json\/wp\/v2\/pages\/26440"}],"wp:featuredmedia":[{"embeddable":true,"href":"https:\/\/www.accuratereviews.com\/it\/wp-json\/wp\/v2\/media\/71681"}],"wp:attachment":[{"href":"https:\/\/www.accuratereviews.com\/it\/wp-json\/wp\/v2\/media?parent=71680"}],"wp:term":[{"taxonomy":"category","embeddable":true,"href":"https:\/\/www.accuratereviews.com\/it\/wp-json\/wp\/v2\/categories?post=71680"},{"taxonomy":"post_tag","embeddable":true,"href":"https:\/\/www.accuratereviews.com\/it\/wp-json\/wp\/v2\/tags?post=71680"},{"taxonomy":"features","embeddable":true,"href":"https:\/\/www.accuratereviews.com\/it\/wp-json\/wp\/v2\/features?post=71680"}],"curies":[{"name":"wp","href":"https:\/\/api.w.org\/{rel}","templated":true}]}}