{"id":71700,"date":"2023-09-05T11:03:38","date_gmt":"2023-09-05T11:03:38","guid":{"rendered":"https:\/\/www.accuratereviews.com\/?page_id=71700"},"modified":"2023-09-05T11:03:38","modified_gmt":"2023-09-05T11:03:38","slug":"cams-dms-recensione","status":"publish","type":"page","link":"https:\/\/www.accuratereviews.com\/it\/gestionale-per-officine\/cams-dms-recensione\/","title":{"rendered":"Cams DMS"},"content":{"rendered":"<p><strong>Cams DMS<\/strong> \u00e8 un <strong>software di gestione dei concessionari<\/strong> basato su <strong>cloud<\/strong>, che assiste i concessionari di automobili nella decodifica del VIN, nel monitoraggio dei costi, nell&#8217;analisi dei profitti e delle perdite e nella gestione dei dati dei clienti. Le funzionalit\u00e0 includono moduli di ispezione del veicolo, <strong>registro dell&#8217;officina<\/strong>, calcoli di rollback, archiviazione di documenti e audit transazionale.<br \/>\n<strong>Cams DMS <\/strong>include un modulo di gestione dell&#8217;inventario, che aiuta i dipendenti ad aggiungere, modificare o eliminare i dettagli degli articoli, creare pi\u00f9 preventivi di contanti o leasing, stampare elenchi di controllo di consegna e classificare gli articoli in base a stato, reparto, modello, acquirente, tipi di transazione e vari altri fattori. Utilizzando il calendario degli appuntamenti, i supervisori possono creare ordini di lavoro, impostare appuntamenti di assistenza o riparazione e tenere traccia dello stato del lavoro attraverso indicatori colorati. Il software, inoltre, permette alle aziende di impostare tariffe predefinite per il noleggio di veicoli su base giornaliera, settimanale o mensile.<\/p>\n<p><a href=\"https:\/\/www.accuratereviews.com\/wp-content\/uploads\/2023\/09\/Screenshot-2023-09-05-alle-10.49.07.png\"><img loading=\"lazy\" decoding=\"async\" class=\"aligncenter wp-image-71703 size-full\" src=\"https:\/\/www.accuratereviews.com\/wp-content\/uploads\/2023\/09\/Screenshot-2023-09-05-alle-10.49.07.png\" alt=\"\" width=\"3366\" height=\"722\" srcset=\"https:\/\/www.accuratereviews.com\/wp-content\/uploads\/2023\/09\/Screenshot-2023-09-05-alle-10.49.07.png 3366w, https:\/\/www.accuratereviews.com\/wp-content\/uploads\/2023\/09\/Screenshot-2023-09-05-alle-10.49.07-300x64.png 300w, https:\/\/www.accuratereviews.com\/wp-content\/uploads\/2023\/09\/Screenshot-2023-09-05-alle-10.49.07-1024x220.png 1024w, https:\/\/www.accuratereviews.com\/wp-content\/uploads\/2023\/09\/Screenshot-2023-09-05-alle-10.49.07-768x165.png 768w, https:\/\/www.accuratereviews.com\/wp-content\/uploads\/2023\/09\/Screenshot-2023-09-05-alle-10.49.07-1536x329.png 1536w, https:\/\/www.accuratereviews.com\/wp-content\/uploads\/2023\/09\/Screenshot-2023-09-05-alle-10.49.07-2048x439.png 2048w, https:\/\/www.accuratereviews.com\/wp-content\/uploads\/2023\/09\/Screenshot-2023-09-05-alle-10.49.07-50x11.png 50w, https:\/\/www.accuratereviews.com\/wp-content\/uploads\/2023\/09\/Screenshot-2023-09-05-alle-10.49.07-260x56.png 260w, https:\/\/www.accuratereviews.com\/wp-content\/uploads\/2023\/09\/Screenshot-2023-09-05-alle-10.49.07-968x208.png 968w, https:\/\/www.accuratereviews.com\/wp-content\/uploads\/2023\/09\/Screenshot-2023-09-05-alle-10.49.07-636x136.png 636w, https:\/\/www.accuratereviews.com\/wp-content\/uploads\/2023\/09\/Screenshot-2023-09-05-alle-10.49.07-320x69.png 320w, https:\/\/www.accuratereviews.com\/wp-content\/uploads\/2023\/09\/Screenshot-2023-09-05-alle-10.49.07-239x51.png 239w\" sizes=\"auto, (max-width: 3366px) 100vw, 3366px\" \/><\/a><\/p>\n<h2>CAMS DMS &#8211; CARATTERISTICHE<\/h2>\n<ul>\n<li>Aggiungi, modifica o elimina articolo di inventario<\/li>\n<li>Crea transazioni in contanti, all&#8217;ingrosso, finanziarie o di leasing<\/li>\n<li>Consenti di creare e salvare pi\u00f9 preventivi<\/li>\n<li>Decodifica VIN e ricerca di query sull&#8217;auto<\/li>\n<li>Configura, modifica e stampa la checklist di consegna<\/li>\n<li>Stampa documenti: atti di vendita, contratti di vendita e locazione, certificati assicurativi, fogli di lavoro clienti, moduli informativi e altro ancora<\/li>\n<li>Crea o modifica le informazioni del cliente e la richiesta di credito<\/li>\n<li>Mantenere le spese utilizzando moduli di spesa singoli, multipli e d&#8217;asta<\/li>\n<li>Visualizza profitti\/perdite<\/li>\n<li>Carica e rivedi un numero qualsiasi di documenti PDF e scansioni relativi al veicolo<\/li>\n<li>Pubblica veicoli online e carica foto<\/li>\n<li>Creare\/modificare un ordine di lavoro di servizio esterno o interno<\/li>\n<li>Navigazione semplice verso qualsiasi modulo del sistema<\/li>\n<li>Interventi di servizio interni ed esterni su qualsiasi numero di linee<\/li>\n<li>Il decodificatore VIN ti aiuta a inserire le informazioni sul veicolo<\/li>\n<li>Filtra e cerca l&#8217;inventario per stato, marca, modello, VIN, targa, nome del cliente e telefono<\/li>\n<li>Inventario dei veicoli del reparto assistenza e vendite<\/li>\n<li>Crea nuovi o visualizza\/modifica ordini di lavoro esistenti<\/li>\n<li>Revisione\/caricamento di documenti nell&#8217;archivio documenti online<\/li>\n<li>Genera e stampa il modulo di ispezione del veicolo e il contratto di prestito<\/li>\n<li>Seleziona\/crea facilmente record di clienti e veicoli<\/li>\n<li>Stampa ordine di lavoro e fattura finale<\/li>\n<li>Rapporto sullo stato del veicolo<\/li>\n<li>Genera e stampa il modulo di ispezione del veicolo e il contratto di prestito<\/li>\n<\/ul>\n<h3>LE RECENSIONI DEGLI UTENTI<\/h3>\n<p><strong>Rowell &#8220;Buon software&#8221;<\/strong><br \/>\n<strong>Pro<\/strong>: Semplice da usare e facile da usare.<br \/>\n<strong>Contro<\/strong>: Risolvono sempre qualsiasi problema, quindi nessun svantaggio. Servizio clienti molto buono.<\/p>\n<p><strong>Nick &#8220;Boccata d&#8217;aria fresca A+&#8221;<\/strong><br \/>\n<strong>Pro<\/strong>: semplice e diretto al punto. le cose sono facili da fare\/trovare<br \/>\n<strong>Contro<\/strong>: l&#8217;aspetto generale potrebbe essere reso un po&#8217; pi\u00f9 &#8220;carino&#8221;, ma in realt\u00e0 ci\u00f2 non impedisce la funzionalit\u00e0 del software<\/p>\n<p><strong>Jason &#8220;Recensione&#8221;<\/strong><br \/>\n<strong>Pro<\/strong>: Facile da usare, integra molto bene tutto il necessario per la vendita\/assistenza. Assistenza clienti di prim&#8217;ordine. Sempre l\u00ec per aiutare.<br \/>\n<strong>Contro<\/strong>: Niente, tutto funziona perfettamente, nessuna lamentela.<\/p>\n","protected":false},"excerpt":{"rendered":"<p>Cams DMS \u00e8 un software di gestione dei concessionari basato su cloud, che assiste i concessionari di automobili nella decodifica del VIN, nel monitoraggio dei costi, nell&#8217;analisi dei profitti e delle perdite e nella gestione dei dati dei clienti. Le funzionalit\u00e0 includono moduli di ispezione del veicolo, registro dell&#8217;officina, calcoli di rollback, archiviazione di documenti e audit transazionale.<\/p>\n","protected":false},"author":19,"featured_media":71713,"parent":26440,"menu_order":0,"comment_status":"closed","ping_status":"closed","template":"g1_template_page_review_new.php","meta":{"_acf_changed":false,"cwp_meta_box_check":"Yes","cwp_rev_product_name":"","cwp_rev_product_image":"","wppr_links":[],"cwp_rev_price":"0.00","wppr_options":[{"name":"Usability","value":"0"},{"name":"Speed","value":"0"},{"name":"Features","value":"0"},{"name":"Support","value":"0"},{"name":"Pricing","value":"0"}],"wppr_pros":["","","","",""],"wppr_cons":["","","","",""],"_monsterinsights_skip_tracking":false,"_monsterinsights_sitenote_active":false,"_monsterinsights_sitenote_note":"","_monsterinsights_sitenote_category":0,"footnotes":""},"categories":[2818],"tags":[14635,14617,14621,14620,14619,14618],"features":[],"class_list":{"0":"post-71700","1":"page","2":"type-page","3":"status-publish","4":"has-post-thumbnail","6":"category-gestionale-per-officine-cat","7":"tag-cams-dms","8":"tag-gestionale-officine","9":"tag-piattaforma-gestionale-officine","10":"tag-programma-gestionale-officine","11":"tag-software-gestionale-officine","12":"tag-soluzione-gestionale-officine"},"wppr_data":{"cwp_meta_box_check":"Yes","_wppr_review_template":"default","cwp_rev_product_image":"","cwp_image_link":"image","wppr_links":[],"cwp_rev_price":"0.00","wppr_pros":["","","","",""],"wppr_cons":["","","","",""],"wppr_rating":"0.00","wppr_options":{"1":{"name":"Usability","value":"0"},"2":{"name":"Speed","value":"0"},"3":{"name":"Features","value":"0"},"4":{"name":"Support","value":"0"},"5":{"name":"Pricing","value":"0"}},"wppr_review_type":"Product","wppr_review_custom_fields":{"additionalProperty":"","additionalType":"","aggregateRating":"","alternateName":"","audience":"","award":"","awards":"","brand":"","color":"","depth":"","description":"","disambiguatingDescription":"","gtin12":"","gtin13":"","gtin14":"","gtin8":"","height":"","identifier":"","image":"","isAccessoryOrSparePartFor":"","isConsumableFor":"","isRelatedTo":"","isSimilarTo":"","itemCondition":"","logo":"","mainEntityOfPage":"","manufacturer":"","material":"","model":"","mpn":"","name":"","offers":"","potentialAction":"","productID":"","productionDate":"","purchaseDate":"","releaseDate":"","review":"","reviews":"","sameAs":"","sku":"","slogan":"","subjectOf":"","url":"","weight":"","width":""}},"acf":[],"yoast_head":"<!-- This site is optimized with the Yoast SEO plugin v27.4 - https:\/\/yoast.com\/product\/yoast-seo-wordpress\/ -->\n<title>Cams DMS: recensione software gestionale officine - Accurate Reviews<\/title>\n<meta name=\"description\" content=\"Cams DMS: recensione software di gestione dei concessionari che assiste i concessionari di automobili nella decodifica del VIN.\" \/>\n<meta name=\"robots\" content=\"index, follow, max-snippet:-1, max-image-preview:large, max-video-preview:-1\" \/>\n<link rel=\"canonical\" href=\"https:\/\/www.accuratereviews.com\/it\/gestionale-per-officine\/cams-dms-recensione\/\" \/>\n<meta property=\"og:locale\" content=\"it_IT\" \/>\n<meta property=\"og:type\" content=\"article\" \/>\n<meta property=\"og:title\" content=\"Cams DMS: recensione software gestionale officine - Accurate Reviews\" \/>\n<meta property=\"og:description\" content=\"Cams DMS: recensione software di gestione dei concessionari che assiste i concessionari di automobili nella decodifica del VIN.\" \/>\n<meta property=\"og:url\" content=\"https:\/\/www.accuratereviews.com\/it\/gestionale-per-officine\/cams-dms-recensione\/\" \/>\n<meta property=\"og:site_name\" content=\"Accurate Reviews\" \/>\n<meta property=\"og:image\" content=\"https:\/\/www.accuratereviews.com\/wp-content\/uploads\/2023\/09\/Cams-DMS.jpeg\" \/>\n\t<meta property=\"og:image:width\" content=\"300\" \/>\n\t<meta property=\"og:image:height\" content=\"300\" \/>\n\t<meta property=\"og:image:type\" content=\"image\/jpeg\" \/>\n<meta name=\"twitter:card\" content=\"summary_large_image\" \/>\n<meta name=\"twitter:label1\" content=\"Tempo di lettura stimato\" \/>\n\t<meta name=\"twitter:data1\" content=\"3 minuti\" \/>\n<script type=\"application\/ld+json\" class=\"yoast-schema-graph\">{\"@context\":\"https:\\\/\\\/schema.org\",\"@graph\":[{\"@type\":\"WebPage\",\"@id\":\"https:\\\/\\\/www.accuratereviews.com\\\/it\\\/gestionale-per-officine\\\/cams-dms-recensione\\\/\",\"url\":\"https:\\\/\\\/www.accuratereviews.com\\\/it\\\/gestionale-per-officine\\\/cams-dms-recensione\\\/\",\"name\":\"Cams DMS: recensione software gestionale officine - Accurate Reviews\",\"isPartOf\":{\"@id\":\"https:\\\/\\\/www.accuratereviews.com\\\/it\\\/#website\"},\"primaryImageOfPage\":{\"@id\":\"https:\\\/\\\/www.accuratereviews.com\\\/it\\\/gestionale-per-officine\\\/cams-dms-recensione\\\/#primaryimage\"},\"image\":{\"@id\":\"https:\\\/\\\/www.accuratereviews.com\\\/it\\\/gestionale-per-officine\\\/cams-dms-recensione\\\/#primaryimage\"},\"thumbnailUrl\":\"https:\\\/\\\/www.accuratereviews.com\\\/wp-content\\\/uploads\\\/2023\\\/09\\\/Cams-DMS.jpeg\",\"datePublished\":\"2023-09-05T11:03:38+00:00\",\"description\":\"Cams DMS: recensione software di gestione dei concessionari che assiste i concessionari di automobili nella decodifica del VIN.\",\"breadcrumb\":{\"@id\":\"https:\\\/\\\/www.accuratereviews.com\\\/it\\\/gestionale-per-officine\\\/cams-dms-recensione\\\/#breadcrumb\"},\"inLanguage\":\"it-IT\",\"potentialAction\":[{\"@type\":\"ReadAction\",\"target\":[\"https:\\\/\\\/www.accuratereviews.com\\\/it\\\/gestionale-per-officine\\\/cams-dms-recensione\\\/\"]}]},{\"@type\":\"ImageObject\",\"inLanguage\":\"it-IT\",\"@id\":\"https:\\\/\\\/www.accuratereviews.com\\\/it\\\/gestionale-per-officine\\\/cams-dms-recensione\\\/#primaryimage\",\"url\":\"https:\\\/\\\/www.accuratereviews.com\\\/wp-content\\\/uploads\\\/2023\\\/09\\\/Cams-DMS.jpeg\",\"contentUrl\":\"https:\\\/\\\/www.accuratereviews.com\\\/wp-content\\\/uploads\\\/2023\\\/09\\\/Cams-DMS.jpeg\",\"width\":300,\"height\":300},{\"@type\":\"BreadcrumbList\",\"@id\":\"https:\\\/\\\/www.accuratereviews.com\\\/it\\\/gestionale-per-officine\\\/cams-dms-recensione\\\/#breadcrumb\",\"itemListElement\":[{\"@type\":\"ListItem\",\"position\":1,\"name\":\"Home\",\"item\":\"https:\\\/\\\/www.accuratereviews.com\\\/it\\\/\"},{\"@type\":\"ListItem\",\"position\":2,\"name\":\"Gestionale per officine\",\"item\":\"https:\\\/\\\/www.accuratereviews.com\\\/it\\\/gestionale-per-officine\\\/\"},{\"@type\":\"ListItem\",\"position\":3,\"name\":\"Cams DMS\"}]},{\"@type\":\"WebSite\",\"@id\":\"https:\\\/\\\/www.accuratereviews.com\\\/it\\\/#website\",\"url\":\"https:\\\/\\\/www.accuratereviews.com\\\/it\\\/\",\"name\":\"Accurate Reviews\",\"description\":\"\",\"potentialAction\":[{\"@type\":\"SearchAction\",\"target\":{\"@type\":\"EntryPoint\",\"urlTemplate\":\"https:\\\/\\\/www.accuratereviews.com\\\/it\\\/?s={search_term_string}\"},\"query-input\":{\"@type\":\"PropertyValueSpecification\",\"valueRequired\":true,\"valueName\":\"search_term_string\"}}],\"inLanguage\":\"it-IT\"}]}<\/script>\n<!-- \/ Yoast SEO plugin. -->","yoast_head_json":{"title":"Cams DMS: recensione software gestionale officine - Accurate Reviews","description":"Cams DMS: recensione software di gestione dei concessionari che assiste i concessionari di automobili nella decodifica del VIN.","robots":{"index":"index","follow":"follow","max-snippet":"max-snippet:-1","max-image-preview":"max-image-preview:large","max-video-preview":"max-video-preview:-1"},"canonical":"https:\/\/www.accuratereviews.com\/it\/gestionale-per-officine\/cams-dms-recensione\/","og_locale":"it_IT","og_type":"article","og_title":"Cams DMS: recensione software gestionale officine - Accurate Reviews","og_description":"Cams DMS: recensione software di gestione dei concessionari che assiste i concessionari di automobili nella decodifica del VIN.","og_url":"https:\/\/www.accuratereviews.com\/it\/gestionale-per-officine\/cams-dms-recensione\/","og_site_name":"Accurate Reviews","og_image":[{"width":300,"height":300,"url":"https:\/\/www.accuratereviews.com\/wp-content\/uploads\/2023\/09\/Cams-DMS.jpeg","type":"image\/jpeg"}],"twitter_card":"summary_large_image","twitter_misc":{"Tempo di lettura stimato":"3 minuti"},"schema":{"@context":"https:\/\/schema.org","@graph":[{"@type":"WebPage","@id":"https:\/\/www.accuratereviews.com\/it\/gestionale-per-officine\/cams-dms-recensione\/","url":"https:\/\/www.accuratereviews.com\/it\/gestionale-per-officine\/cams-dms-recensione\/","name":"Cams DMS: recensione software gestionale officine - Accurate Reviews","isPartOf":{"@id":"https:\/\/www.accuratereviews.com\/it\/#website"},"primaryImageOfPage":{"@id":"https:\/\/www.accuratereviews.com\/it\/gestionale-per-officine\/cams-dms-recensione\/#primaryimage"},"image":{"@id":"https:\/\/www.accuratereviews.com\/it\/gestionale-per-officine\/cams-dms-recensione\/#primaryimage"},"thumbnailUrl":"https:\/\/www.accuratereviews.com\/wp-content\/uploads\/2023\/09\/Cams-DMS.jpeg","datePublished":"2023-09-05T11:03:38+00:00","description":"Cams DMS: recensione software di gestione dei concessionari che assiste i concessionari di automobili nella decodifica del VIN.","breadcrumb":{"@id":"https:\/\/www.accuratereviews.com\/it\/gestionale-per-officine\/cams-dms-recensione\/#breadcrumb"},"inLanguage":"it-IT","potentialAction":[{"@type":"ReadAction","target":["https:\/\/www.accuratereviews.com\/it\/gestionale-per-officine\/cams-dms-recensione\/"]}]},{"@type":"ImageObject","inLanguage":"it-IT","@id":"https:\/\/www.accuratereviews.com\/it\/gestionale-per-officine\/cams-dms-recensione\/#primaryimage","url":"https:\/\/www.accuratereviews.com\/wp-content\/uploads\/2023\/09\/Cams-DMS.jpeg","contentUrl":"https:\/\/www.accuratereviews.com\/wp-content\/uploads\/2023\/09\/Cams-DMS.jpeg","width":300,"height":300},{"@type":"BreadcrumbList","@id":"https:\/\/www.accuratereviews.com\/it\/gestionale-per-officine\/cams-dms-recensione\/#breadcrumb","itemListElement":[{"@type":"ListItem","position":1,"name":"Home","item":"https:\/\/www.accuratereviews.com\/it\/"},{"@type":"ListItem","position":2,"name":"Gestionale per officine","item":"https:\/\/www.accuratereviews.com\/it\/gestionale-per-officine\/"},{"@type":"ListItem","position":3,"name":"Cams DMS"}]},{"@type":"WebSite","@id":"https:\/\/www.accuratereviews.com\/it\/#website","url":"https:\/\/www.accuratereviews.com\/it\/","name":"Accurate Reviews","description":"","potentialAction":[{"@type":"SearchAction","target":{"@type":"EntryPoint","urlTemplate":"https:\/\/www.accuratereviews.com\/it\/?s={search_term_string}"},"query-input":{"@type":"PropertyValueSpecification","valueRequired":true,"valueName":"search_term_string"}}],"inLanguage":"it-IT"}]}},"_links":{"self":[{"href":"https:\/\/www.accuratereviews.com\/it\/wp-json\/wp\/v2\/pages\/71700","targetHints":{"allow":["GET"]}}],"collection":[{"href":"https:\/\/www.accuratereviews.com\/it\/wp-json\/wp\/v2\/pages"}],"about":[{"href":"https:\/\/www.accuratereviews.com\/it\/wp-json\/wp\/v2\/types\/page"}],"author":[{"embeddable":true,"href":"https:\/\/www.accuratereviews.com\/it\/wp-json\/wp\/v2\/users\/19"}],"replies":[{"embeddable":true,"href":"https:\/\/www.accuratereviews.com\/it\/wp-json\/wp\/v2\/comments?post=71700"}],"version-history":[{"count":11,"href":"https:\/\/www.accuratereviews.com\/it\/wp-json\/wp\/v2\/pages\/71700\/revisions"}],"predecessor-version":[{"id":71726,"href":"https:\/\/www.accuratereviews.com\/it\/wp-json\/wp\/v2\/pages\/71700\/revisions\/71726"}],"up":[{"embeddable":true,"href":"https:\/\/www.accuratereviews.com\/it\/wp-json\/wp\/v2\/pages\/26440"}],"wp:featuredmedia":[{"embeddable":true,"href":"https:\/\/www.accuratereviews.com\/it\/wp-json\/wp\/v2\/media\/71713"}],"wp:attachment":[{"href":"https:\/\/www.accuratereviews.com\/it\/wp-json\/wp\/v2\/media?parent=71700"}],"wp:term":[{"taxonomy":"category","embeddable":true,"href":"https:\/\/www.accuratereviews.com\/it\/wp-json\/wp\/v2\/categories?post=71700"},{"taxonomy":"post_tag","embeddable":true,"href":"https:\/\/www.accuratereviews.com\/it\/wp-json\/wp\/v2\/tags?post=71700"},{"taxonomy":"features","embeddable":true,"href":"https:\/\/www.accuratereviews.com\/it\/wp-json\/wp\/v2\/features?post=71700"}],"curies":[{"name":"wp","href":"https:\/\/api.w.org\/{rel}","templated":true}]}}