{"id":71755,"date":"2023-09-07T14:44:28","date_gmt":"2023-09-07T14:44:28","guid":{"rendered":"https:\/\/www.accuratereviews.com\/?page_id=71755"},"modified":"2023-09-07T14:44:28","modified_gmt":"2023-09-07T14:44:28","slug":"r-o-writer-recensione","status":"publish","type":"page","link":"https:\/\/www.accuratereviews.com\/it\/gestionale-per-officine\/r-o-writer-recensione\/","title":{"rendered":"R.O. Writer"},"content":{"rendered":"<p><strong>R.O. Writer<\/strong> \u00e8 una soluzione di <strong>gestione delle officine<\/strong> <strong>auto<\/strong> che si adatta alle piccole e medie imprese. \u00c8 compatibile con i sistemi operativi principali e fornisce strumenti per gestire il monitoraggio del tempo, la scrittura dei servizi, la contabilit\u00e0 e l&#8217;inventario. Gli utenti possono redigere preventivi, programmare ordini di lavoro e accettare pagamenti dai clienti attraverso un&#8217;unica interfaccia.<br \/>\n<strong>R.O. Writer<\/strong> include un orologio per i dipendenti per tenere traccia del tempo dei tecnici e calcolarne l&#8217;efficienza. Pu\u00f2 inoltre fissare un appuntamento con il tecnico e inviare promemoria degli appuntamenti tramite email. Uno strumento Smart eCat si integra con i fornitori di componenti e consente ai negozi di effettuare acquisti. Gli utenti possono cercare parti e ordinarle online. Consente ai rivenditori di servizi di connettere pi\u00f9 negozi attraverso un&#8217;unica soluzione e di cercare fatture per regione o negozio.<\/p>\n<h2>R.O. WRITER &#8211; TUTORIAL<\/h2>\n<div id=\"fluid-wrapper-counter-1\" class=\"g1-fluid-wrapper \" style=\"width:686px;\">\n<div style=\"padding-bottom:56.268221574344%;\"><iframe loading=\"lazy\" title=\"DVI Suite | Everyday Use\" width=\"686\" height=\"386\" src=\"https:\/\/www.youtube.com\/embed\/pZLJPjuwnKw?feature=oembed&amp;wmode=transparent&amp;autohide=1&amp;autoplay=0&amp;disablekb=0&amp;fs=1&amp;loop=0&amp;enablejsapi=1&amp;rel=0&amp;controls=2&amp;showinfo=0&amp;wmode=transparent&amp;autohide=2&amp;autoplay=0&amp;disablekb=0&amp;fs=1&amp;loop=0&amp;enablejsapi=1&amp;rel=0&amp;controls=2&amp;showinfo=1\" frameborder=\"0\" allow=\"accelerometer; autoplay; clipboard-write; encrypted-media; gyroscope; picture-in-picture; web-share\" allowfullscreen><\/iframe><\/div>\n<\/div>\n<h3>R.O. WRITER &#8211; CARATTERISTICHE<\/h3>\n<ul>\n<li>Cataloghi di fornitori di componenti integrati, guide a tariffa forfettaria e guide alla riparazione.<\/li>\n<li>Individuare parti di pi\u00f9 fornitori contemporaneamente.<\/li>\n<li>Garantire automaticamente i tuoi margini di profitto.<\/li>\n<li>Funzioni per lavori di cambio olio e lavaggio.<\/li>\n<li>Preventivo pneumatici con collegamenti integrati a molti famosi distributori di pneumatici.<\/li>\n<li>Pianificazione degli appuntamenti.<\/li>\n<li>Recuperare i numeri VIN inserendo solo i numeri di targa.<\/li>\n<li>Indicatori di avviso di margine su componenti e manodopera a basso margine.<\/li>\n<li>Avvia nuovi ordini di riparazione da qualsiasi dispositivo.<\/li>\n<li>Scansiona e decodifica i VIN.<\/li>\n<li>Esegui ispezioni digitali personalizzate dei veicoli con immagini, video e testo inviati direttamente al cliente.<\/li>\n<li>Comunicare con manager, redattori di servizi e tecnici.<\/li>\n<li>Gestisci il flusso di lavoro degli ordini di riparazione tramite un&#8217;interfaccia drag and drop.<\/li>\n<li>Rimani in contatto con i tuoi clienti utilizzando SMS ed email, riducendo il tempo necessario per chiamare e contattare i clienti.<\/li>\n<li>I report possono essere eseguiti con intervallo di date, centro di profitto o scrittore di servizi. Puoi eseguire il drill-down per un&#8217;analisi dettagliata.<\/li>\n<li>Visualizza facilmente quali lavori sono in corso e quali sono completati.<\/li>\n<li>Assicurati che i tecnici completino una lista di controllo digitale, in modo che nessun elemento venga tralasciato.<\/li>\n<li>I rapporti sui conti clienti tengono traccia dei tuoi conti aperti, cos\u00ec puoi inviare estratti conto ai tuoi clienti. Gli interessi passivi possono essere applicati automaticamente ai conti scaduti.<\/li>\n<li>Condividi i risultati delle ispezioni con i clienti tramite stampa, email o SMS.<\/li>\n<li>Aggiungi note personalizzate per ogni ordine di riparazione.<\/li>\n<\/ul>\n<h4>LE RECENSIONI DEGLI UTENTI<\/h4>\n<p><strong>Edoardo &#8220;dal 2008&#8221;<\/strong><br \/>\n<strong>Commenti<\/strong>: la facilit\u00e0 d&#8217;uso quotidiano grazie all&#8217;eliminazione della carta aumenta<br \/>\n<strong>Pro<\/strong>: \u00e8 facile da usare e crea rapidamente un ordine di lavoro con smart oil e smart jobs<br \/>\n<strong>Contro<\/strong>: il marketing e il follow-up mod. \u00e8 difficile navigare. mi piacerebbe vederlo aggiornato<\/p>\n<p><strong>Lloyd &#8220;La recensione di RO Writer da parte di Bellaire Auto Center, 32 anni!&#8221;<\/strong><br \/>\n<strong>Commenti<\/strong>: Non saremmo qui senza di essa!<br \/>\n<strong>Pro<\/strong>: Scrittura RO, Epicor, storico assistenza, gestione inventario<br \/>\n<strong>Contro<\/strong>: L&#8217;ultima versione 3.0.3 \u00e8 nel complesso molto goffa, lenta e manca alcune funzionalit\u00e0<\/p>\n<p><strong>James &#8220;Direttore generale&#8221;<\/strong><br \/>\n<strong>Commenti<\/strong>: Davvero fantastico con la facilit\u00e0 d&#8217;uso e le funzionalit\u00e0 di supporto sono state davvero belle. AC \u00e8 stata straordinaria nell&#8217;aiutare a nuovi implementatori sistemi.!!!<br \/>\n<strong>Pro<\/strong>: facile da usare e molto in sintonia con le esigenze odierne. AC molto ben informato e disponibile.<br \/>\n<strong>Contro<\/strong>: n\/a solo l&#8217;apprendimento di nuovi problemi di sistema, ma il team di autori di RO \u00e8 stato di grande supporto.<\/p>\n","protected":false},"excerpt":{"rendered":"<p>R.O. Writer \u00e8 una soluzione di gestione delle officine auto che si adatta alle piccole e medie imprese. \u00c8 compatibile con i sistemi operativi principali e fornisce strumenti per gestire il monitoraggio del tempo, la scrittura dei servizi, la contabilit\u00e0 e l&#8217;inventario. Gli utenti possono redigere preventivi, programmare ordini di lavoro e accettare pagamenti dai clienti attraverso un&#8217;unica interfaccia.<\/p>\n","protected":false},"author":19,"featured_media":71756,"parent":26440,"menu_order":0,"comment_status":"open","ping_status":"closed","template":"g1_template_page_review_new.php","meta":{"_acf_changed":false,"cwp_meta_box_check":"Yes","cwp_rev_product_name":"","cwp_rev_product_image":"","wppr_links":[],"cwp_rev_price":"0.00","wppr_options":[{"name":"Usability","value":"0"},{"name":"Speed","value":"0"},{"name":"Features","value":"0"},{"name":"Support","value":"0"},{"name":"Pricing","value":"0"}],"wppr_pros":["","","","",""],"wppr_cons":["","","","",""],"_monsterinsights_skip_tracking":false,"_monsterinsights_sitenote_active":false,"_monsterinsights_sitenote_note":"","_monsterinsights_sitenote_category":0,"footnotes":""},"categories":[2818],"tags":[14617,14621,14620,2837,14619,14618],"features":[],"class_list":{"0":"post-71755","1":"page","2":"type-page","3":"status-publish","4":"has-post-thumbnail","6":"category-gestionale-per-officine-cat","7":"tag-gestionale-officine","8":"tag-piattaforma-gestionale-officine","9":"tag-programma-gestionale-officine","10":"tag-r-o-writer","11":"tag-software-gestionale-officine","12":"tag-soluzione-gestionale-officine"},"wppr_data":{"cwp_meta_box_check":"Yes","_wppr_review_template":"default","cwp_rev_product_image":"","cwp_image_link":"image","wppr_links":[],"cwp_rev_price":"0.00","wppr_pros":["","","","",""],"wppr_cons":["","","","",""],"wppr_rating":"0.00","wppr_options":{"1":{"name":"Usability","value":"0"},"2":{"name":"Speed","value":"0"},"3":{"name":"Features","value":"0"},"4":{"name":"Support","value":"0"},"5":{"name":"Pricing","value":"0"}},"wppr_review_type":"Product","wppr_review_custom_fields":{"additionalProperty":"","additionalType":"","aggregateRating":"","alternateName":"","audience":"","award":"","awards":"","brand":"","color":"","depth":"","description":"","disambiguatingDescription":"","gtin12":"","gtin13":"","gtin14":"","gtin8":"","height":"","identifier":"","image":"","isAccessoryOrSparePartFor":"","isConsumableFor":"","isRelatedTo":"","isSimilarTo":"","itemCondition":"","logo":"","mainEntityOfPage":"","manufacturer":"","material":"","model":"","mpn":"","name":"","offers":"","potentialAction":"","productID":"","productionDate":"","purchaseDate":"","releaseDate":"","review":"","reviews":"","sameAs":"","sku":"","slogan":"","subjectOf":"","url":"","weight":"","width":""}},"acf":[],"yoast_head":"<!-- This site is optimized with the Yoast SEO plugin v27.4 - https:\/\/yoast.com\/product\/yoast-seo-wordpress\/ -->\n<title>R.O. Writer: recensione software gestionale officine - Accurate Reviews<\/title>\n<meta name=\"description\" content=\"R.O. Writer: recensione soluzione di gestione delle officine auto che si adatta alle piccole e medie imprese.\" \/>\n<meta name=\"robots\" content=\"index, follow, max-snippet:-1, max-image-preview:large, max-video-preview:-1\" \/>\n<link rel=\"canonical\" href=\"https:\/\/www.accuratereviews.com\/it\/gestionale-per-officine\/r-o-writer-recensione\/\" \/>\n<meta property=\"og:locale\" content=\"it_IT\" \/>\n<meta property=\"og:type\" content=\"article\" \/>\n<meta property=\"og:title\" content=\"R.O. Writer: recensione software gestionale officine - Accurate Reviews\" \/>\n<meta property=\"og:description\" content=\"R.O. Writer: recensione soluzione di gestione delle officine auto che si adatta alle piccole e medie imprese.\" \/>\n<meta property=\"og:url\" content=\"https:\/\/www.accuratereviews.com\/it\/gestionale-per-officine\/r-o-writer-recensione\/\" \/>\n<meta property=\"og:site_name\" content=\"Accurate Reviews\" \/>\n<meta property=\"og:image\" content=\"https:\/\/www.accuratereviews.com\/wp-content\/uploads\/2023\/09\/Screenshot-2023-09-07-alle-10.30.48.png\" \/>\n\t<meta property=\"og:image:width\" content=\"758\" \/>\n\t<meta property=\"og:image:height\" content=\"210\" \/>\n\t<meta property=\"og:image:type\" content=\"image\/png\" \/>\n<meta name=\"twitter:card\" content=\"summary_large_image\" \/>\n<meta name=\"twitter:label1\" content=\"Tempo di lettura stimato\" \/>\n\t<meta name=\"twitter:data1\" content=\"3 minuti\" \/>\n<script type=\"application\/ld+json\" class=\"yoast-schema-graph\">{\"@context\":\"https:\\\/\\\/schema.org\",\"@graph\":[{\"@type\":\"WebPage\",\"@id\":\"https:\\\/\\\/www.accuratereviews.com\\\/it\\\/gestionale-per-officine\\\/r-o-writer-recensione\\\/\",\"url\":\"https:\\\/\\\/www.accuratereviews.com\\\/it\\\/gestionale-per-officine\\\/r-o-writer-recensione\\\/\",\"name\":\"R.O. Writer: recensione software gestionale officine - Accurate Reviews\",\"isPartOf\":{\"@id\":\"https:\\\/\\\/www.accuratereviews.com\\\/it\\\/#website\"},\"primaryImageOfPage\":{\"@id\":\"https:\\\/\\\/www.accuratereviews.com\\\/it\\\/gestionale-per-officine\\\/r-o-writer-recensione\\\/#primaryimage\"},\"image\":{\"@id\":\"https:\\\/\\\/www.accuratereviews.com\\\/it\\\/gestionale-per-officine\\\/r-o-writer-recensione\\\/#primaryimage\"},\"thumbnailUrl\":\"https:\\\/\\\/www.accuratereviews.com\\\/wp-content\\\/uploads\\\/2023\\\/09\\\/Screenshot-2023-09-07-alle-10.30.48.png\",\"datePublished\":\"2023-09-07T14:44:28+00:00\",\"description\":\"R.O. Writer: recensione soluzione di gestione delle officine auto che si adatta alle piccole e medie imprese.\",\"breadcrumb\":{\"@id\":\"https:\\\/\\\/www.accuratereviews.com\\\/it\\\/gestionale-per-officine\\\/r-o-writer-recensione\\\/#breadcrumb\"},\"inLanguage\":\"it-IT\",\"potentialAction\":[{\"@type\":\"ReadAction\",\"target\":[\"https:\\\/\\\/www.accuratereviews.com\\\/it\\\/gestionale-per-officine\\\/r-o-writer-recensione\\\/\"]}]},{\"@type\":\"ImageObject\",\"inLanguage\":\"it-IT\",\"@id\":\"https:\\\/\\\/www.accuratereviews.com\\\/it\\\/gestionale-per-officine\\\/r-o-writer-recensione\\\/#primaryimage\",\"url\":\"https:\\\/\\\/www.accuratereviews.com\\\/wp-content\\\/uploads\\\/2023\\\/09\\\/Screenshot-2023-09-07-alle-10.30.48.png\",\"contentUrl\":\"https:\\\/\\\/www.accuratereviews.com\\\/wp-content\\\/uploads\\\/2023\\\/09\\\/Screenshot-2023-09-07-alle-10.30.48.png\",\"width\":758,\"height\":210},{\"@type\":\"BreadcrumbList\",\"@id\":\"https:\\\/\\\/www.accuratereviews.com\\\/it\\\/gestionale-per-officine\\\/r-o-writer-recensione\\\/#breadcrumb\",\"itemListElement\":[{\"@type\":\"ListItem\",\"position\":1,\"name\":\"Home\",\"item\":\"https:\\\/\\\/www.accuratereviews.com\\\/it\\\/\"},{\"@type\":\"ListItem\",\"position\":2,\"name\":\"Gestionale per officine\",\"item\":\"https:\\\/\\\/www.accuratereviews.com\\\/it\\\/gestionale-per-officine\\\/\"},{\"@type\":\"ListItem\",\"position\":3,\"name\":\"R.O. Writer\"}]},{\"@type\":\"WebSite\",\"@id\":\"https:\\\/\\\/www.accuratereviews.com\\\/it\\\/#website\",\"url\":\"https:\\\/\\\/www.accuratereviews.com\\\/it\\\/\",\"name\":\"Accurate Reviews\",\"description\":\"\",\"potentialAction\":[{\"@type\":\"SearchAction\",\"target\":{\"@type\":\"EntryPoint\",\"urlTemplate\":\"https:\\\/\\\/www.accuratereviews.com\\\/it\\\/?s={search_term_string}\"},\"query-input\":{\"@type\":\"PropertyValueSpecification\",\"valueRequired\":true,\"valueName\":\"search_term_string\"}}],\"inLanguage\":\"it-IT\"}]}<\/script>\n<!-- \/ Yoast SEO plugin. -->","yoast_head_json":{"title":"R.O. Writer: recensione software gestionale officine - Accurate Reviews","description":"R.O. Writer: recensione soluzione di gestione delle officine auto che si adatta alle piccole e medie imprese.","robots":{"index":"index","follow":"follow","max-snippet":"max-snippet:-1","max-image-preview":"max-image-preview:large","max-video-preview":"max-video-preview:-1"},"canonical":"https:\/\/www.accuratereviews.com\/it\/gestionale-per-officine\/r-o-writer-recensione\/","og_locale":"it_IT","og_type":"article","og_title":"R.O. Writer: recensione software gestionale officine - Accurate Reviews","og_description":"R.O. Writer: recensione soluzione di gestione delle officine auto che si adatta alle piccole e medie imprese.","og_url":"https:\/\/www.accuratereviews.com\/it\/gestionale-per-officine\/r-o-writer-recensione\/","og_site_name":"Accurate Reviews","og_image":[{"width":758,"height":210,"url":"https:\/\/www.accuratereviews.com\/wp-content\/uploads\/2023\/09\/Screenshot-2023-09-07-alle-10.30.48.png","type":"image\/png"}],"twitter_card":"summary_large_image","twitter_misc":{"Tempo di lettura stimato":"3 minuti"},"schema":{"@context":"https:\/\/schema.org","@graph":[{"@type":"WebPage","@id":"https:\/\/www.accuratereviews.com\/it\/gestionale-per-officine\/r-o-writer-recensione\/","url":"https:\/\/www.accuratereviews.com\/it\/gestionale-per-officine\/r-o-writer-recensione\/","name":"R.O. Writer: recensione software gestionale officine - Accurate Reviews","isPartOf":{"@id":"https:\/\/www.accuratereviews.com\/it\/#website"},"primaryImageOfPage":{"@id":"https:\/\/www.accuratereviews.com\/it\/gestionale-per-officine\/r-o-writer-recensione\/#primaryimage"},"image":{"@id":"https:\/\/www.accuratereviews.com\/it\/gestionale-per-officine\/r-o-writer-recensione\/#primaryimage"},"thumbnailUrl":"https:\/\/www.accuratereviews.com\/wp-content\/uploads\/2023\/09\/Screenshot-2023-09-07-alle-10.30.48.png","datePublished":"2023-09-07T14:44:28+00:00","description":"R.O. Writer: recensione soluzione di gestione delle officine auto che si adatta alle piccole e medie imprese.","breadcrumb":{"@id":"https:\/\/www.accuratereviews.com\/it\/gestionale-per-officine\/r-o-writer-recensione\/#breadcrumb"},"inLanguage":"it-IT","potentialAction":[{"@type":"ReadAction","target":["https:\/\/www.accuratereviews.com\/it\/gestionale-per-officine\/r-o-writer-recensione\/"]}]},{"@type":"ImageObject","inLanguage":"it-IT","@id":"https:\/\/www.accuratereviews.com\/it\/gestionale-per-officine\/r-o-writer-recensione\/#primaryimage","url":"https:\/\/www.accuratereviews.com\/wp-content\/uploads\/2023\/09\/Screenshot-2023-09-07-alle-10.30.48.png","contentUrl":"https:\/\/www.accuratereviews.com\/wp-content\/uploads\/2023\/09\/Screenshot-2023-09-07-alle-10.30.48.png","width":758,"height":210},{"@type":"BreadcrumbList","@id":"https:\/\/www.accuratereviews.com\/it\/gestionale-per-officine\/r-o-writer-recensione\/#breadcrumb","itemListElement":[{"@type":"ListItem","position":1,"name":"Home","item":"https:\/\/www.accuratereviews.com\/it\/"},{"@type":"ListItem","position":2,"name":"Gestionale per officine","item":"https:\/\/www.accuratereviews.com\/it\/gestionale-per-officine\/"},{"@type":"ListItem","position":3,"name":"R.O. Writer"}]},{"@type":"WebSite","@id":"https:\/\/www.accuratereviews.com\/it\/#website","url":"https:\/\/www.accuratereviews.com\/it\/","name":"Accurate Reviews","description":"","potentialAction":[{"@type":"SearchAction","target":{"@type":"EntryPoint","urlTemplate":"https:\/\/www.accuratereviews.com\/it\/?s={search_term_string}"},"query-input":{"@type":"PropertyValueSpecification","valueRequired":true,"valueName":"search_term_string"}}],"inLanguage":"it-IT"}]}},"_links":{"self":[{"href":"https:\/\/www.accuratereviews.com\/it\/wp-json\/wp\/v2\/pages\/71755","targetHints":{"allow":["GET"]}}],"collection":[{"href":"https:\/\/www.accuratereviews.com\/it\/wp-json\/wp\/v2\/pages"}],"about":[{"href":"https:\/\/www.accuratereviews.com\/it\/wp-json\/wp\/v2\/types\/page"}],"author":[{"embeddable":true,"href":"https:\/\/www.accuratereviews.com\/it\/wp-json\/wp\/v2\/users\/19"}],"replies":[{"embeddable":true,"href":"https:\/\/www.accuratereviews.com\/it\/wp-json\/wp\/v2\/comments?post=71755"}],"version-history":[{"count":10,"href":"https:\/\/www.accuratereviews.com\/it\/wp-json\/wp\/v2\/pages\/71755\/revisions"}],"predecessor-version":[{"id":71772,"href":"https:\/\/www.accuratereviews.com\/it\/wp-json\/wp\/v2\/pages\/71755\/revisions\/71772"}],"up":[{"embeddable":true,"href":"https:\/\/www.accuratereviews.com\/it\/wp-json\/wp\/v2\/pages\/26440"}],"wp:featuredmedia":[{"embeddable":true,"href":"https:\/\/www.accuratereviews.com\/it\/wp-json\/wp\/v2\/media\/71756"}],"wp:attachment":[{"href":"https:\/\/www.accuratereviews.com\/it\/wp-json\/wp\/v2\/media?parent=71755"}],"wp:term":[{"taxonomy":"category","embeddable":true,"href":"https:\/\/www.accuratereviews.com\/it\/wp-json\/wp\/v2\/categories?post=71755"},{"taxonomy":"post_tag","embeddable":true,"href":"https:\/\/www.accuratereviews.com\/it\/wp-json\/wp\/v2\/tags?post=71755"},{"taxonomy":"features","embeddable":true,"href":"https:\/\/www.accuratereviews.com\/it\/wp-json\/wp\/v2\/features?post=71755"}],"curies":[{"name":"wp","href":"https:\/\/api.w.org\/{rel}","templated":true}]}}