{"id":71858,"date":"2023-09-13T16:35:30","date_gmt":"2023-09-13T16:35:30","guid":{"rendered":"https:\/\/www.accuratereviews.com\/?page_id=71858"},"modified":"2023-10-28T08:37:00","modified_gmt":"2023-10-28T08:37:00","slug":"electron-erp-recensione","status":"publish","type":"page","link":"https:\/\/www.accuratereviews.com\/it\/software-progetti-agile\/electron-erp-recensione\/","title":{"rendered":"Electron-ERP"},"content":{"rendered":"<p><strong>Electron-ERP<\/strong> \u00e8 uno <strong>strumento di gestione dei progetti<\/strong> basato su <strong>cloud<\/strong>, unico e pronto all&#8217;uso, sviluppato per affrontare il problema dell&#8217;organizzazione del tempo. Prima che un&#8217;azienda possa gestire in modo competente le risorse o le finanze, \u00e8 fondamentale padroneggiare la gestione delle attivit\u00e0 all&#8217;interno dei team, formulare pianificazioni di progetti e organizzare riunioni, il che richiede uno strumento condiviso e cooperativo per tutti i membri del team.<br \/>\nInoltre, un foglio di calcolo intuitivo \u00e8 fondamentale per questa soluzione poich\u00e9 semplifica l&#8217;immissione dei dati legati ad attivit\u00e0 o eventi e offre le migliori modalit\u00e0 di visualizzazione per una panoramica completa dell&#8217;intero ciclo di vita del progetto. L&#8217;applicazione pu\u00f2 essere facilmente integrata nei server privati delle aziende target, rendendola uno strumento versatile e accessibile per vari ambienti aziendali.<\/p>\n<h2>ELECTRON-ERP &#8211; TUTORIAL<\/h2>\n<div id=\"fluid-wrapper-counter-1\" class=\"g1-fluid-wrapper \" style=\"width:686px;\">\n<div style=\"padding-bottom:56.268221574344%;\"><iframe loading=\"lazy\" title=\"electron-ERP intuitive project management web app #completeTutorial\" width=\"686\" height=\"386\" src=\"https:\/\/www.youtube.com\/embed\/dbrJtpnwHk8?feature=oembed&amp;wmode=transparent&amp;autohide=1&amp;autoplay=0&amp;disablekb=0&amp;fs=1&amp;loop=0&amp;enablejsapi=1&amp;rel=0&amp;controls=2&amp;showinfo=0&amp;wmode=transparent&amp;autohide=2&amp;autoplay=0&amp;disablekb=0&amp;fs=1&amp;loop=0&amp;enablejsapi=1&amp;rel=0&amp;controls=2&amp;showinfo=1\" frameborder=\"0\" allow=\"accelerometer; autoplay; clipboard-write; encrypted-media; gyroscope; picture-in-picture; web-share\" allowfullscreen><\/iframe><\/div>\n<\/div>\n<h3>ELECTRON-ERP &#8211; CARATTERISTICHE<\/h3>\n<ul>\n<li><strong>Gestione efficiente dei progetti<\/strong>: \u00a0piattaforma web cloud Saas completa, le aziende possono semplificare i processi di gestione dei progetti e garantire un utilizzo ottimale della loro risorsa pi\u00f9 preziosa: le ore di lavoro.<\/li>\n<li><strong>Tieni traccia delle ore di lavoro ed elimina gli sprechi<\/strong>: registrando e monitorando accuratamente gli incarichi dei dipendenti e i loro progressi, il programma elimina gli sprechi di tempo e migliora la produttivit\u00e0 complessiva. Questa funzionalit\u00e0 consente alle aziende di identificare i colli di bottiglia, allocare le risorse in modo efficace e prendere decisioni basate sui dati per raggiungere il successo del progetto.<\/li>\n<li><strong>Semplifica la gestione delle attivit\u00e0 con il monitoraggio delle scadenze: <\/strong>Il rispetto delle scadenze del progetto \u00e8 fondamentale per il successo aziendale. L&#8217;ERP elettronico semplifica il monitoraggio delle scadenze fornendo una piattaforma centralizzata in cui le attivit\u00e0 e le relative scadenze possono essere facilmente gestite. Attraverso una chiara visibilit\u00e0 delle scadenze, le aziende possono dare priorit\u00e0 alle attivit\u00e0, allocare le risorse di conseguenza e garantire il completamento tempestivo dei progetti. Questa funzionalit\u00e0 migliora la pianificazione del progetto, riduce al minimo i ritardi e promuove un approccio proattivo per raggiungere le tappe fondamentali del progetto.<\/li>\n<li><strong>Calcolo KPI automatizzato per prestazioni migliorate<\/strong>: gli indicatori chiave di prestazione (KPI) sono parametri vitali per misurare le prestazioni del progetto. Sfruttando il calcolo automatizzato dei KPI, le aziende possono prendere decisioni informate, identificare aree di miglioramento e ottimizzare i risultati dei progetti.<\/li>\n<li><strong>Maggiore flessibilit\u00e0<\/strong>:\u00a0offre molteplici visualizzazioni di attivit\u00e0, tra cui calendario, Kanban e sequenza temporale, per soddisfare le diverse preferenze di gestione del progetto. La visualizzazione del calendario fornisce una panoramica completa delle attivit\u00e0 e delle relative scadenze, facilitando una pianificazione efficace. La visualizzazione Kanban consente ai team di visualizzare i flussi di lavoro, monitorare i progressi e migliorare la collaborazione. La vista Timeline offre una rappresentazione visiva delle timeline e delle dipendenze del progetto, aiutando a pianificare ed eseguire in modo efficiente il progetto. Con queste visualizzazioni di attivit\u00e0 multiple, le aziende possono scegliere l&#8217;approccio pi\u00f9 adatto per gestire i propri progetti e personalizzare di conseguenza i propri flussi di lavoro.<\/li>\n<li><strong>Gestione semplificata del flusso di cassa<\/strong>: Il flusso di cassa \u00e8 la linfa vitale di qualsiasi azienda e gestirlo in modo efficace \u00e8 fondamentale per la stabilit\u00e0 finanziaria. La soluzione offre solide funzionalit\u00e0 di gestione del flusso di cassa, consentendo alle aziende di monitorare facilmente entrate, spese ed estratti conto del flusso di cassa.<\/li>\n<li><strong>Potenziare le vendite CRM<\/strong>: la gestione delle relazioni con i clienti (CRM) \u00e8 una componente vitale della crescita aziendale e il programma eccelle in quest&#8217;area. Con il suo modulo di vendita CRM consente alle aziende di semplificare i processi di vendita, tenere traccia dei lead, gestire le interazioni con i clienti e analizzare le prestazioni di vendita. Il sistema CRM centralizzato facilita la collaborazione senza soluzione di continuit\u00e0 tra i team di vendita, migliora il coinvolgimento dei clienti e favorisce la crescita dei ricavi.<\/li>\n<\/ul>\n<h4>LE RECENSIONI DEGLI UTENTI<\/h4>\n<p><strong>Jihed &#8220;Ottimo prodotto per la gestione dei progetti&#8221;<\/strong><br \/>\n<strong>Pro<\/strong>: Molto facile da configurare e aggiungere membri del team GUI intuitiva Funzionalit\u00e0 di gestione delle attivit\u00e0 molto utili<br \/>\n<strong>Contro<\/strong>: Una caratteristica che potrebbe essere migliorata \u00e8 la migrazione dei dati<\/p>\n<p><strong>Taha &#8220;Ottimo strumento ERP&#8221;<\/strong><br \/>\n<strong>Pro<\/strong>: Molto facile da configurare e aggiungere membri del team GUI intuitiva Funzionalit\u00e0 di gestione delle attivit\u00e0 molto utili<br \/>\n<strong>Contro<\/strong>: Una caratteristica che potrebbe essere migliorata \u00e8 la migrazione dei dati<\/p>\n","protected":false},"excerpt":{"rendered":"<p>Electron-ERP \u00e8 uno strumento di gestione dei progetti basato su cloud, unico e pronto all&#8217;uso, sviluppato per affrontare il problema dell&#8217;organizzazione del tempo. Prima che un&#8217;azienda possa gestire in modo competente le risorse o le finanze, \u00e8 fondamentale padroneggiare la gestione delle attivit\u00e0 all&#8217;interno dei team, formulare pianificazioni di progetti e organizzare riunioni, il che richiede uno strumento condiviso e cooperativo per tutti i membri del team.<\/p>\n","protected":false},"author":19,"featured_media":71860,"parent":71820,"menu_order":0,"comment_status":"open","ping_status":"closed","template":"g1_template_page_review_new.php","meta":{"_acf_changed":false,"cwp_meta_box_check":"Yes","cwp_rev_product_name":"","cwp_rev_product_image":"","wppr_links":[],"cwp_rev_price":"0.00","wppr_options":[{"name":"Usability","value":"0"},{"name":"Speed","value":"0"},{"name":"Features","value":"0"},{"name":"Support","value":"0"},{"name":"Pricing","value":"0"}],"wppr_pros":["","","","",""],"wppr_cons":["","","","",""],"_monsterinsights_skip_tracking":false,"_monsterinsights_sitenote_active":false,"_monsterinsights_sitenote_note":"","_monsterinsights_sitenote_category":0,"footnotes":""},"categories":[2892],"tags":[14654,2916,14655,2992,14656,2989,2990],"features":[],"class_list":{"0":"post-71858","1":"page","2":"type-page","3":"status-publish","4":"has-post-thumbnail","6":"category-gestionale-per-progetti-agile","7":"tag-electron-erp","8":"tag-gestionale-agile","9":"tag-gestionale-progetti-agile","10":"tag-piattaforma-gestionale-agile","11":"tag-programma-gestionale-agile","12":"tag-software-gestionale-agile","13":"tag-soluzione-gestionale-agile"},"wppr_data":{"cwp_meta_box_check":"Yes","_wppr_review_template":"default","cwp_rev_product_image":"","cwp_image_link":"image","wppr_links":[],"cwp_rev_price":"0.00","wppr_pros":["","","","",""],"wppr_cons":["","","","",""],"wppr_rating":"0.00","wppr_options":{"1":{"name":"Usability","value":"0"},"2":{"name":"Speed","value":"0"},"3":{"name":"Features","value":"0"},"4":{"name":"Support","value":"0"},"5":{"name":"Pricing","value":"0"}},"wppr_review_type":"Product","wppr_review_custom_fields":{"additionalProperty":"","additionalType":"","aggregateRating":"","alternateName":"","audience":"","award":"","awards":"","brand":"","color":"","depth":"","description":"","disambiguatingDescription":"","gtin12":"","gtin13":"","gtin14":"","gtin8":"","height":"","identifier":"","image":"","isAccessoryOrSparePartFor":"","isConsumableFor":"","isRelatedTo":"","isSimilarTo":"","itemCondition":"","logo":"","mainEntityOfPage":"","manufacturer":"","material":"","model":"","mpn":"","name":"","offers":"","potentialAction":"","productID":"","productionDate":"","purchaseDate":"","releaseDate":"","review":"","reviews":"","sameAs":"","sku":"","slogan":"","subjectOf":"","url":"","weight":"","width":""}},"acf":[],"yoast_head":"<!-- This site is optimized with the Yoast SEO plugin v27.4 - https:\/\/yoast.com\/product\/yoast-seo-wordpress\/ -->\n<title>Electron-ERP: recensione gestionale progetti Agile - Accurate Reviews<\/title>\n<meta name=\"description\" content=\"Electron-ERP: recensione strumento di gestione dei progetti, sviluppato per affrontare il problema dell&#039;organizzazione del tempo.\" \/>\n<meta name=\"robots\" content=\"index, follow, max-snippet:-1, max-image-preview:large, max-video-preview:-1\" \/>\n<link rel=\"canonical\" href=\"https:\/\/www.accuratereviews.com\/it\/software-progetti-agile\/electron-erp-recensione\/\" \/>\n<meta property=\"og:locale\" content=\"it_IT\" \/>\n<meta property=\"og:type\" content=\"article\" \/>\n<meta property=\"og:title\" content=\"Electron-ERP: recensione gestionale progetti Agile - Accurate Reviews\" \/>\n<meta property=\"og:description\" content=\"Electron-ERP: recensione strumento di gestione dei progetti, sviluppato per affrontare il problema dell&#039;organizzazione del tempo.\" \/>\n<meta property=\"og:url\" content=\"https:\/\/www.accuratereviews.com\/it\/software-progetti-agile\/electron-erp-recensione\/\" \/>\n<meta property=\"og:site_name\" content=\"Accurate Reviews\" \/>\n<meta property=\"article:modified_time\" content=\"2023-10-28T08:37:00+00:00\" \/>\n<meta property=\"og:image\" content=\"https:\/\/www.accuratereviews.com\/wp-content\/uploads\/2023\/09\/electron-erp.png\" \/>\n\t<meta property=\"og:image:width\" content=\"364\" \/>\n\t<meta property=\"og:image:height\" content=\"364\" \/>\n\t<meta property=\"og:image:type\" content=\"image\/png\" \/>\n<meta name=\"twitter:card\" content=\"summary_large_image\" \/>\n<meta name=\"twitter:label1\" content=\"Tempo di lettura stimato\" \/>\n\t<meta name=\"twitter:data1\" content=\"4 minuti\" \/>\n<script type=\"application\/ld+json\" class=\"yoast-schema-graph\">{\"@context\":\"https:\\\/\\\/schema.org\",\"@graph\":[{\"@type\":\"WebPage\",\"@id\":\"https:\\\/\\\/www.accuratereviews.com\\\/it\\\/software-progetti-agile\\\/electron-erp-recensione\\\/\",\"url\":\"https:\\\/\\\/www.accuratereviews.com\\\/it\\\/software-progetti-agile\\\/electron-erp-recensione\\\/\",\"name\":\"Electron-ERP: recensione gestionale progetti Agile - Accurate Reviews\",\"isPartOf\":{\"@id\":\"https:\\\/\\\/www.accuratereviews.com\\\/it\\\/#website\"},\"primaryImageOfPage\":{\"@id\":\"https:\\\/\\\/www.accuratereviews.com\\\/it\\\/software-progetti-agile\\\/electron-erp-recensione\\\/#primaryimage\"},\"image\":{\"@id\":\"https:\\\/\\\/www.accuratereviews.com\\\/it\\\/software-progetti-agile\\\/electron-erp-recensione\\\/#primaryimage\"},\"thumbnailUrl\":\"https:\\\/\\\/www.accuratereviews.com\\\/wp-content\\\/uploads\\\/2023\\\/09\\\/electron-erp.png\",\"datePublished\":\"2023-09-13T16:35:30+00:00\",\"dateModified\":\"2023-10-28T08:37:00+00:00\",\"description\":\"Electron-ERP: recensione strumento di gestione dei progetti, sviluppato per affrontare il problema dell'organizzazione del tempo.\",\"breadcrumb\":{\"@id\":\"https:\\\/\\\/www.accuratereviews.com\\\/it\\\/software-progetti-agile\\\/electron-erp-recensione\\\/#breadcrumb\"},\"inLanguage\":\"it-IT\",\"potentialAction\":[{\"@type\":\"ReadAction\",\"target\":[\"https:\\\/\\\/www.accuratereviews.com\\\/it\\\/software-progetti-agile\\\/electron-erp-recensione\\\/\"]}]},{\"@type\":\"ImageObject\",\"inLanguage\":\"it-IT\",\"@id\":\"https:\\\/\\\/www.accuratereviews.com\\\/it\\\/software-progetti-agile\\\/electron-erp-recensione\\\/#primaryimage\",\"url\":\"https:\\\/\\\/www.accuratereviews.com\\\/wp-content\\\/uploads\\\/2023\\\/09\\\/electron-erp.png\",\"contentUrl\":\"https:\\\/\\\/www.accuratereviews.com\\\/wp-content\\\/uploads\\\/2023\\\/09\\\/electron-erp.png\",\"width\":364,\"height\":364},{\"@type\":\"BreadcrumbList\",\"@id\":\"https:\\\/\\\/www.accuratereviews.com\\\/it\\\/software-progetti-agile\\\/electron-erp-recensione\\\/#breadcrumb\",\"itemListElement\":[{\"@type\":\"ListItem\",\"position\":1,\"name\":\"Home\",\"item\":\"https:\\\/\\\/www.accuratereviews.com\\\/it\\\/\"},{\"@type\":\"ListItem\",\"position\":2,\"name\":\"Software progetti Agile\",\"item\":\"https:\\\/\\\/www.accuratereviews.com\\\/it\\\/software-progetti-agile\\\/\"},{\"@type\":\"ListItem\",\"position\":3,\"name\":\"Electron-ERP\"}]},{\"@type\":\"WebSite\",\"@id\":\"https:\\\/\\\/www.accuratereviews.com\\\/it\\\/#website\",\"url\":\"https:\\\/\\\/www.accuratereviews.com\\\/it\\\/\",\"name\":\"Accurate Reviews\",\"description\":\"\",\"potentialAction\":[{\"@type\":\"SearchAction\",\"target\":{\"@type\":\"EntryPoint\",\"urlTemplate\":\"https:\\\/\\\/www.accuratereviews.com\\\/it\\\/?s={search_term_string}\"},\"query-input\":{\"@type\":\"PropertyValueSpecification\",\"valueRequired\":true,\"valueName\":\"search_term_string\"}}],\"inLanguage\":\"it-IT\"}]}<\/script>\n<!-- \/ Yoast SEO plugin. -->","yoast_head_json":{"title":"Electron-ERP: recensione gestionale progetti Agile - Accurate Reviews","description":"Electron-ERP: recensione strumento di gestione dei progetti, sviluppato per affrontare il problema dell'organizzazione del tempo.","robots":{"index":"index","follow":"follow","max-snippet":"max-snippet:-1","max-image-preview":"max-image-preview:large","max-video-preview":"max-video-preview:-1"},"canonical":"https:\/\/www.accuratereviews.com\/it\/software-progetti-agile\/electron-erp-recensione\/","og_locale":"it_IT","og_type":"article","og_title":"Electron-ERP: recensione gestionale progetti Agile - Accurate Reviews","og_description":"Electron-ERP: recensione strumento di gestione dei progetti, sviluppato per affrontare il problema dell'organizzazione del tempo.","og_url":"https:\/\/www.accuratereviews.com\/it\/software-progetti-agile\/electron-erp-recensione\/","og_site_name":"Accurate Reviews","article_modified_time":"2023-10-28T08:37:00+00:00","og_image":[{"width":364,"height":364,"url":"https:\/\/www.accuratereviews.com\/wp-content\/uploads\/2023\/09\/electron-erp.png","type":"image\/png"}],"twitter_card":"summary_large_image","twitter_misc":{"Tempo di lettura stimato":"4 minuti"},"schema":{"@context":"https:\/\/schema.org","@graph":[{"@type":"WebPage","@id":"https:\/\/www.accuratereviews.com\/it\/software-progetti-agile\/electron-erp-recensione\/","url":"https:\/\/www.accuratereviews.com\/it\/software-progetti-agile\/electron-erp-recensione\/","name":"Electron-ERP: recensione gestionale progetti Agile - Accurate Reviews","isPartOf":{"@id":"https:\/\/www.accuratereviews.com\/it\/#website"},"primaryImageOfPage":{"@id":"https:\/\/www.accuratereviews.com\/it\/software-progetti-agile\/electron-erp-recensione\/#primaryimage"},"image":{"@id":"https:\/\/www.accuratereviews.com\/it\/software-progetti-agile\/electron-erp-recensione\/#primaryimage"},"thumbnailUrl":"https:\/\/www.accuratereviews.com\/wp-content\/uploads\/2023\/09\/electron-erp.png","datePublished":"2023-09-13T16:35:30+00:00","dateModified":"2023-10-28T08:37:00+00:00","description":"Electron-ERP: recensione strumento di gestione dei progetti, sviluppato per affrontare il problema dell'organizzazione del tempo.","breadcrumb":{"@id":"https:\/\/www.accuratereviews.com\/it\/software-progetti-agile\/electron-erp-recensione\/#breadcrumb"},"inLanguage":"it-IT","potentialAction":[{"@type":"ReadAction","target":["https:\/\/www.accuratereviews.com\/it\/software-progetti-agile\/electron-erp-recensione\/"]}]},{"@type":"ImageObject","inLanguage":"it-IT","@id":"https:\/\/www.accuratereviews.com\/it\/software-progetti-agile\/electron-erp-recensione\/#primaryimage","url":"https:\/\/www.accuratereviews.com\/wp-content\/uploads\/2023\/09\/electron-erp.png","contentUrl":"https:\/\/www.accuratereviews.com\/wp-content\/uploads\/2023\/09\/electron-erp.png","width":364,"height":364},{"@type":"BreadcrumbList","@id":"https:\/\/www.accuratereviews.com\/it\/software-progetti-agile\/electron-erp-recensione\/#breadcrumb","itemListElement":[{"@type":"ListItem","position":1,"name":"Home","item":"https:\/\/www.accuratereviews.com\/it\/"},{"@type":"ListItem","position":2,"name":"Software progetti Agile","item":"https:\/\/www.accuratereviews.com\/it\/software-progetti-agile\/"},{"@type":"ListItem","position":3,"name":"Electron-ERP"}]},{"@type":"WebSite","@id":"https:\/\/www.accuratereviews.com\/it\/#website","url":"https:\/\/www.accuratereviews.com\/it\/","name":"Accurate Reviews","description":"","potentialAction":[{"@type":"SearchAction","target":{"@type":"EntryPoint","urlTemplate":"https:\/\/www.accuratereviews.com\/it\/?s={search_term_string}"},"query-input":{"@type":"PropertyValueSpecification","valueRequired":true,"valueName":"search_term_string"}}],"inLanguage":"it-IT"}]}},"_links":{"self":[{"href":"https:\/\/www.accuratereviews.com\/it\/wp-json\/wp\/v2\/pages\/71858","targetHints":{"allow":["GET"]}}],"collection":[{"href":"https:\/\/www.accuratereviews.com\/it\/wp-json\/wp\/v2\/pages"}],"about":[{"href":"https:\/\/www.accuratereviews.com\/it\/wp-json\/wp\/v2\/types\/page"}],"author":[{"embeddable":true,"href":"https:\/\/www.accuratereviews.com\/it\/wp-json\/wp\/v2\/users\/19"}],"replies":[{"embeddable":true,"href":"https:\/\/www.accuratereviews.com\/it\/wp-json\/wp\/v2\/comments?post=71858"}],"version-history":[{"count":12,"href":"https:\/\/www.accuratereviews.com\/it\/wp-json\/wp\/v2\/pages\/71858\/revisions"}],"predecessor-version":[{"id":71895,"href":"https:\/\/www.accuratereviews.com\/it\/wp-json\/wp\/v2\/pages\/71858\/revisions\/71895"}],"up":[{"embeddable":true,"href":"https:\/\/www.accuratereviews.com\/it\/wp-json\/wp\/v2\/pages\/71820"}],"wp:featuredmedia":[{"embeddable":true,"href":"https:\/\/www.accuratereviews.com\/it\/wp-json\/wp\/v2\/media\/71860"}],"wp:attachment":[{"href":"https:\/\/www.accuratereviews.com\/it\/wp-json\/wp\/v2\/media?parent=71858"}],"wp:term":[{"taxonomy":"category","embeddable":true,"href":"https:\/\/www.accuratereviews.com\/it\/wp-json\/wp\/v2\/categories?post=71858"},{"taxonomy":"post_tag","embeddable":true,"href":"https:\/\/www.accuratereviews.com\/it\/wp-json\/wp\/v2\/tags?post=71858"},{"taxonomy":"features","embeddable":true,"href":"https:\/\/www.accuratereviews.com\/it\/wp-json\/wp\/v2\/features?post=71858"}],"curies":[{"name":"wp","href":"https:\/\/api.w.org\/{rel}","templated":true}]}}