{"id":71879,"date":"2023-09-14T11:12:01","date_gmt":"2023-09-14T11:12:01","guid":{"rendered":"https:\/\/www.accuratereviews.com\/?page_id=71879"},"modified":"2023-09-14T11:12:01","modified_gmt":"2023-09-14T11:12:01","slug":"sap-ruum-recensione","status":"publish","type":"page","link":"https:\/\/www.accuratereviews.com\/it\/software-progetti-agile\/sap-ruum-recensione\/","title":{"rendered":"SAP Ruum"},"content":{"rendered":"<p><strong>Controlli di accesso SAP Ruum<\/strong> \u00e8 una <strong>soluzione di gestione di progetti<\/strong>, collaborativa e basata sull&#8217;intelligenza artificiale, che fornisce strumenti per il monitoraggio delle attivit\u00e0 e il reporting sui progressi dei progetti attivi. La piattaforma si integra con la suite SAP C\/4HANA.<br \/>\nIl bot di intelligenza artificiale (AI) di <strong>Ruum<\/strong> \u00e8 progettato per semplificare la gestione dei progetti automatizzando processi come la fornitura di aggiornamenti giornalieri e il follow-up con i membri del team. Le integrazioni con <strong>SAP Sales Cloud<\/strong> e <strong>SAP Marketing Cloud<\/strong> consentono la sincronizzazione bidirezionale dei dati, lo scambio sicuro di documenti, la collaborazione con un solo clic e altro ancora. I progetti possono essere suddivisi in pi\u00f9 flussi di lavoro per la gestione delle attivit\u00e0. Il reporting in tempo reale e la generazione di report on-demand con un solo clic mantengono aggiornati tutti i membri del team sullo stato di avanzamento del progetto.<\/p>\n<h2>SAP RUUM &#8211; TUTORIAL<\/h2>\n<div id=\"fluid-wrapper-counter-1\" class=\"g1-fluid-wrapper \" style=\"width:686px;\">\n<div style=\"padding-bottom:56.268221574344%;\"><iframe loading=\"lazy\" title=\"Getting Started with SAP Ruum  - Creating Content on your Canvas\" width=\"686\" height=\"386\" src=\"https:\/\/www.youtube.com\/embed\/Ps0zRmouhfo?feature=oembed&amp;wmode=transparent&amp;autohide=1&amp;autoplay=0&amp;disablekb=0&amp;fs=1&amp;loop=0&amp;enablejsapi=1&amp;rel=0&amp;controls=2&amp;showinfo=0&amp;wmode=transparent&amp;autohide=2&amp;autoplay=0&amp;disablekb=0&amp;fs=1&amp;loop=0&amp;enablejsapi=1&amp;rel=0&amp;controls=2&amp;showinfo=1\" frameborder=\"0\" allow=\"accelerometer; autoplay; clipboard-write; encrypted-media; gyroscope; picture-in-picture; web-share\" allowfullscreen><\/iframe><\/div>\n<\/div>\n<h3>SAP RUUM &#8211; CARATTERISTICHE<\/h3>\n<ul>\n<li><strong>Collabora in modo efficiente<\/strong>: riunisci le persone giuste e organizza le informazioni.<\/li>\n<li><strong>Gestisci in modo proattivo<\/strong>: imposta scadenze, informa i membri del team e monitora automaticamente i progressi.<\/li>\n<li><strong>Accelerare le attivit\u00e0:<\/strong> consenti agli utenti finali la possibilit\u00e0 di creare modelli standardizzati.<\/li>\n<li><strong>Riportare i risultati<\/strong>: ottieni una panoramica di tutti i progetti e le attivit\u00e0 aperte in un colpo d&#8217;occhio.<\/li>\n<li><strong>Flessibile<\/strong>: strutturare e costruire routine di lavoro che siano adattabili e riutilizzabili progetto per progetto.<\/li>\n<li><strong>Elementi interattivi<\/strong>: \u00e8 possibile aggiungere e condividere testo, tabelle, contenuti multimediali incorporati e file allegati.<\/li>\n<li><strong>Collaborazione in tempo reale<\/strong>: distribuisci attivit\u00e0, fissa scadenze e fornisci feedback contemporaneamente ai commenti in un documento dinamico.<\/li>\n<li><strong>Gestione delle tappe fondamentali<\/strong>: ottieni informazioni approfondite, rimani aggiornato e individua i rischi con le visualizzazioni sequenza temporale, kanban ed elenco attivit\u00e0.<\/li>\n<li><strong>Marketing ed eventi:<\/strong> coordinarsi con le parti interessate interne ed esterne, seguire i budget delle campagne, condividere aggiornamenti con le agenzie e coordinare gli eventi aziendali.<\/li>\n<li><strong>Gestione della catena di approvvigionamento<\/strong>: aumentare l&#8217;efficienza logistica, creare e mantenere metodi di catena di fornitura chiari ed efficaci, coordinare il lavoro di squadra attraverso la pianificazione e l&#8217;esecuzione.<\/li>\n<li><strong>Servizi professionali<\/strong>: gestisci i servizi in parallelo, coordina le richieste di proposta, la prova di concetto e le escalation dei clienti in totale trasparenza.<\/li>\n<li><strong>Risorse umane e reclutamento<\/strong>: crea piani di assunzione, gestisci e organizza colloqui, inserisci nuovi dipendenti e coordina i programmi per i dipendenti con altri dipartimenti.<\/li>\n<li><strong>Dati e analisi<\/strong>: raccogli e discuti dati, condividi idee per piani d&#8217;azione, gestisci le responsabilit\u00e0 e implementa pi\u00f9 attivit\u00e0 aziendali basate sui dati.<\/li>\n<\/ul>\n<h4>LE RECENSIONI DEGLI UTENTI<\/h4>\n<p><strong>Sven &#8220;Il modo pi\u00f9 semplice di lavorare e collaborare ai progetti pi\u00f9 leggeri.&#8221;<\/strong><br \/>\n<strong>Commenti<\/strong>: Stiamo usando Ruum per diversi casi d&#8217;uso in diversi dipartimenti e regioni, ad es. per<br \/>\n&#8211; Gestione di progetti ed eventi strategici<br \/>\n&#8211; Gestione delle emissioni nella catena di fornitura<br \/>\n&#8211; Onboarding di nuovi dipendenti<br \/>\nSiamo stati in grado di aumentare l&#8217;efficienza e la trasparenza.<br \/>\n<strong>Pro<\/strong>: Facilit\u00e0 d&#8217;uso e apprendimento. Facile collaborazione con il team all&#8217;interno e all&#8217;esterno dell&#8217;azienda. Gestione delle attivit\u00e0 risultante in diagrammi di Gant con dipendenze. Integrazione con i processi aziendali avviando la gestione del progetto direttamente dalle applicazioni aziendali.<br \/>\n<strong>Contro<\/strong>: &#8220;Ruum&#8221; per il miglioramento del monitoraggio dello stato complessivo dei progetti<\/p>\n<p><strong>Friedemann &#8220;La facilit\u00e0 d&#8217;uso \u00e8 un vero USP&#8221;<\/strong><br \/>\n<strong>Pro<\/strong>: una volta effettuato l&#8217;accesso, il resto si spiega pi\u00f9 o meno da s\u00e9. Le funzionalit\u00e0 sono molto focalizzate sugli aspetti importanti per la collaborazione.<br \/>\n<strong>Contro<\/strong>: la facilit\u00e0 d&#8217;uso \u00e8 classificata pi\u00f9 in alto rispetto alla quantit\u00e0 di funzionalit\u00e0, il che va bene. Forse in futuro entrambe le dimensioni potrebbero essere combinate.<\/p>\n","protected":false},"excerpt":{"rendered":"<p>Controlli di accesso SAP Ruum \u00e8 una soluzione di gestione di progetti, collaborativa e basata sull&#8217;intelligenza artificiale, che fornisce strumenti per il monitoraggio delle attivit\u00e0 e il reporting sui progressi dei progetti attivi. La piattaforma si integra con la suite SAP C\/4HANA.<\/p>\n","protected":false},"author":19,"featured_media":71881,"parent":71820,"menu_order":0,"comment_status":"open","ping_status":"closed","template":"g1_template_page_review_new.php","meta":{"_acf_changed":false,"cwp_meta_box_check":"Yes","cwp_rev_product_name":"","cwp_rev_product_image":"","wppr_links":[],"cwp_rev_price":"0.00","wppr_options":[{"name":"Usability","value":"0"},{"name":"Speed","value":"0"},{"name":"Features","value":"0"},{"name":"Support","value":"0"},{"name":"Pricing","value":"0"}],"wppr_pros":["","","","",""],"wppr_cons":["","","","",""],"_monsterinsights_skip_tracking":false,"_monsterinsights_sitenote_active":false,"_monsterinsights_sitenote_note":"","_monsterinsights_sitenote_category":0,"footnotes":""},"categories":[2892],"tags":[997,14655,14659,2992,14658,14657,2985,2984],"features":[],"class_list":{"0":"post-71879","1":"page","2":"type-page","3":"status-publish","4":"has-post-thumbnail","6":"category-gestionale-per-progetti-agile","7":"tag-ai","8":"tag-gestionale-progetti-agile","9":"tag-inteligenza-artificiale","10":"tag-piattaforma-gestionale-agile","11":"tag-programma-gestionale-progetti-agile","12":"tag-sap-ruum","13":"tag-software-gestionale-progetti-agile","14":"tag-soluzione-gestionale-progetti-agile"},"wppr_data":{"cwp_meta_box_check":"Yes","_wppr_review_template":"default","cwp_rev_product_image":"","cwp_image_link":"image","wppr_links":[],"cwp_rev_price":"0.00","wppr_pros":["","","","",""],"wppr_cons":["","","","",""],"wppr_rating":"0.00","wppr_options":{"1":{"name":"Usability","value":"0"},"2":{"name":"Speed","value":"0"},"3":{"name":"Features","value":"0"},"4":{"name":"Support","value":"0"},"5":{"name":"Pricing","value":"0"}},"wppr_review_type":"Product","wppr_review_custom_fields":{"additionalProperty":"","additionalType":"","aggregateRating":"","alternateName":"","audience":"","award":"","awards":"","brand":"","color":"","depth":"","description":"","disambiguatingDescription":"","gtin12":"","gtin13":"","gtin14":"","gtin8":"","height":"","identifier":"","image":"","isAccessoryOrSparePartFor":"","isConsumableFor":"","isRelatedTo":"","isSimilarTo":"","itemCondition":"","logo":"","mainEntityOfPage":"","manufacturer":"","material":"","model":"","mpn":"","name":"","offers":"","potentialAction":"","productID":"","productionDate":"","purchaseDate":"","releaseDate":"","review":"","reviews":"","sameAs":"","sku":"","slogan":"","subjectOf":"","url":"","weight":"","width":""}},"acf":[],"yoast_head":"<!-- This site is optimized with the Yoast SEO plugin v27.4 - https:\/\/yoast.com\/product\/yoast-seo-wordpress\/ -->\n<title>SAP Ruum: recensione software gestionale progetti Agile - Accurate Reviews<\/title>\n<meta name=\"description\" content=\"SAP Ruum: recensione soluzione di gestione dei progetti collaborativa e basata sull&#039;intelligenza artificiale.\" \/>\n<meta name=\"robots\" content=\"index, follow, max-snippet:-1, max-image-preview:large, max-video-preview:-1\" \/>\n<link rel=\"canonical\" href=\"https:\/\/www.accuratereviews.com\/it\/software-progetti-agile\/sap-ruum-recensione\/\" \/>\n<meta property=\"og:locale\" content=\"it_IT\" \/>\n<meta property=\"og:type\" content=\"article\" \/>\n<meta property=\"og:title\" content=\"SAP Ruum: recensione software gestionale progetti Agile - Accurate Reviews\" \/>\n<meta property=\"og:description\" content=\"SAP Ruum: recensione soluzione di gestione dei progetti collaborativa e basata sull&#039;intelligenza artificiale.\" \/>\n<meta property=\"og:url\" content=\"https:\/\/www.accuratereviews.com\/it\/software-progetti-agile\/sap-ruum-recensione\/\" \/>\n<meta property=\"og:site_name\" content=\"Accurate Reviews\" \/>\n<meta property=\"og:image\" content=\"https:\/\/www.accuratereviews.com\/wp-content\/uploads\/2023\/09\/SAP-Ruum.png\" \/>\n\t<meta property=\"og:image:width\" content=\"200\" \/>\n\t<meta property=\"og:image:height\" content=\"200\" \/>\n\t<meta property=\"og:image:type\" content=\"image\/png\" \/>\n<meta name=\"twitter:card\" content=\"summary_large_image\" \/>\n<meta name=\"twitter:label1\" content=\"Tempo di lettura stimato\" \/>\n\t<meta name=\"twitter:data1\" content=\"4 minuti\" \/>\n<script type=\"application\/ld+json\" class=\"yoast-schema-graph\">{\"@context\":\"https:\\\/\\\/schema.org\",\"@graph\":[{\"@type\":\"WebPage\",\"@id\":\"https:\\\/\\\/www.accuratereviews.com\\\/it\\\/software-progetti-agile\\\/sap-ruum-recensione\\\/\",\"url\":\"https:\\\/\\\/www.accuratereviews.com\\\/it\\\/software-progetti-agile\\\/sap-ruum-recensione\\\/\",\"name\":\"SAP Ruum: recensione software gestionale progetti Agile - Accurate Reviews\",\"isPartOf\":{\"@id\":\"https:\\\/\\\/www.accuratereviews.com\\\/it\\\/#website\"},\"primaryImageOfPage\":{\"@id\":\"https:\\\/\\\/www.accuratereviews.com\\\/it\\\/software-progetti-agile\\\/sap-ruum-recensione\\\/#primaryimage\"},\"image\":{\"@id\":\"https:\\\/\\\/www.accuratereviews.com\\\/it\\\/software-progetti-agile\\\/sap-ruum-recensione\\\/#primaryimage\"},\"thumbnailUrl\":\"https:\\\/\\\/www.accuratereviews.com\\\/wp-content\\\/uploads\\\/2023\\\/09\\\/SAP-Ruum.png\",\"datePublished\":\"2023-09-14T11:12:01+00:00\",\"description\":\"SAP Ruum: recensione soluzione di gestione dei progetti collaborativa e basata sull'intelligenza artificiale.\",\"breadcrumb\":{\"@id\":\"https:\\\/\\\/www.accuratereviews.com\\\/it\\\/software-progetti-agile\\\/sap-ruum-recensione\\\/#breadcrumb\"},\"inLanguage\":\"it-IT\",\"potentialAction\":[{\"@type\":\"ReadAction\",\"target\":[\"https:\\\/\\\/www.accuratereviews.com\\\/it\\\/software-progetti-agile\\\/sap-ruum-recensione\\\/\"]}]},{\"@type\":\"ImageObject\",\"inLanguage\":\"it-IT\",\"@id\":\"https:\\\/\\\/www.accuratereviews.com\\\/it\\\/software-progetti-agile\\\/sap-ruum-recensione\\\/#primaryimage\",\"url\":\"https:\\\/\\\/www.accuratereviews.com\\\/wp-content\\\/uploads\\\/2023\\\/09\\\/SAP-Ruum.png\",\"contentUrl\":\"https:\\\/\\\/www.accuratereviews.com\\\/wp-content\\\/uploads\\\/2023\\\/09\\\/SAP-Ruum.png\",\"width\":200,\"height\":200},{\"@type\":\"BreadcrumbList\",\"@id\":\"https:\\\/\\\/www.accuratereviews.com\\\/it\\\/software-progetti-agile\\\/sap-ruum-recensione\\\/#breadcrumb\",\"itemListElement\":[{\"@type\":\"ListItem\",\"position\":1,\"name\":\"Home\",\"item\":\"https:\\\/\\\/www.accuratereviews.com\\\/it\\\/\"},{\"@type\":\"ListItem\",\"position\":2,\"name\":\"Software progetti Agile\",\"item\":\"https:\\\/\\\/www.accuratereviews.com\\\/it\\\/software-progetti-agile\\\/\"},{\"@type\":\"ListItem\",\"position\":3,\"name\":\"SAP Ruum\"}]},{\"@type\":\"WebSite\",\"@id\":\"https:\\\/\\\/www.accuratereviews.com\\\/it\\\/#website\",\"url\":\"https:\\\/\\\/www.accuratereviews.com\\\/it\\\/\",\"name\":\"Accurate Reviews\",\"description\":\"\",\"potentialAction\":[{\"@type\":\"SearchAction\",\"target\":{\"@type\":\"EntryPoint\",\"urlTemplate\":\"https:\\\/\\\/www.accuratereviews.com\\\/it\\\/?s={search_term_string}\"},\"query-input\":{\"@type\":\"PropertyValueSpecification\",\"valueRequired\":true,\"valueName\":\"search_term_string\"}}],\"inLanguage\":\"it-IT\"}]}<\/script>\n<!-- \/ Yoast SEO plugin. -->","yoast_head_json":{"title":"SAP Ruum: recensione software gestionale progetti Agile - Accurate Reviews","description":"SAP Ruum: recensione soluzione di gestione dei progetti collaborativa e basata sull'intelligenza artificiale.","robots":{"index":"index","follow":"follow","max-snippet":"max-snippet:-1","max-image-preview":"max-image-preview:large","max-video-preview":"max-video-preview:-1"},"canonical":"https:\/\/www.accuratereviews.com\/it\/software-progetti-agile\/sap-ruum-recensione\/","og_locale":"it_IT","og_type":"article","og_title":"SAP Ruum: recensione software gestionale progetti Agile - Accurate Reviews","og_description":"SAP Ruum: recensione soluzione di gestione dei progetti collaborativa e basata sull'intelligenza artificiale.","og_url":"https:\/\/www.accuratereviews.com\/it\/software-progetti-agile\/sap-ruum-recensione\/","og_site_name":"Accurate Reviews","og_image":[{"width":200,"height":200,"url":"https:\/\/www.accuratereviews.com\/wp-content\/uploads\/2023\/09\/SAP-Ruum.png","type":"image\/png"}],"twitter_card":"summary_large_image","twitter_misc":{"Tempo di lettura stimato":"4 minuti"},"schema":{"@context":"https:\/\/schema.org","@graph":[{"@type":"WebPage","@id":"https:\/\/www.accuratereviews.com\/it\/software-progetti-agile\/sap-ruum-recensione\/","url":"https:\/\/www.accuratereviews.com\/it\/software-progetti-agile\/sap-ruum-recensione\/","name":"SAP Ruum: recensione software gestionale progetti Agile - Accurate Reviews","isPartOf":{"@id":"https:\/\/www.accuratereviews.com\/it\/#website"},"primaryImageOfPage":{"@id":"https:\/\/www.accuratereviews.com\/it\/software-progetti-agile\/sap-ruum-recensione\/#primaryimage"},"image":{"@id":"https:\/\/www.accuratereviews.com\/it\/software-progetti-agile\/sap-ruum-recensione\/#primaryimage"},"thumbnailUrl":"https:\/\/www.accuratereviews.com\/wp-content\/uploads\/2023\/09\/SAP-Ruum.png","datePublished":"2023-09-14T11:12:01+00:00","description":"SAP Ruum: recensione soluzione di gestione dei progetti collaborativa e basata sull'intelligenza artificiale.","breadcrumb":{"@id":"https:\/\/www.accuratereviews.com\/it\/software-progetti-agile\/sap-ruum-recensione\/#breadcrumb"},"inLanguage":"it-IT","potentialAction":[{"@type":"ReadAction","target":["https:\/\/www.accuratereviews.com\/it\/software-progetti-agile\/sap-ruum-recensione\/"]}]},{"@type":"ImageObject","inLanguage":"it-IT","@id":"https:\/\/www.accuratereviews.com\/it\/software-progetti-agile\/sap-ruum-recensione\/#primaryimage","url":"https:\/\/www.accuratereviews.com\/wp-content\/uploads\/2023\/09\/SAP-Ruum.png","contentUrl":"https:\/\/www.accuratereviews.com\/wp-content\/uploads\/2023\/09\/SAP-Ruum.png","width":200,"height":200},{"@type":"BreadcrumbList","@id":"https:\/\/www.accuratereviews.com\/it\/software-progetti-agile\/sap-ruum-recensione\/#breadcrumb","itemListElement":[{"@type":"ListItem","position":1,"name":"Home","item":"https:\/\/www.accuratereviews.com\/it\/"},{"@type":"ListItem","position":2,"name":"Software progetti Agile","item":"https:\/\/www.accuratereviews.com\/it\/software-progetti-agile\/"},{"@type":"ListItem","position":3,"name":"SAP Ruum"}]},{"@type":"WebSite","@id":"https:\/\/www.accuratereviews.com\/it\/#website","url":"https:\/\/www.accuratereviews.com\/it\/","name":"Accurate Reviews","description":"","potentialAction":[{"@type":"SearchAction","target":{"@type":"EntryPoint","urlTemplate":"https:\/\/www.accuratereviews.com\/it\/?s={search_term_string}"},"query-input":{"@type":"PropertyValueSpecification","valueRequired":true,"valueName":"search_term_string"}}],"inLanguage":"it-IT"}]}},"_links":{"self":[{"href":"https:\/\/www.accuratereviews.com\/it\/wp-json\/wp\/v2\/pages\/71879","targetHints":{"allow":["GET"]}}],"collection":[{"href":"https:\/\/www.accuratereviews.com\/it\/wp-json\/wp\/v2\/pages"}],"about":[{"href":"https:\/\/www.accuratereviews.com\/it\/wp-json\/wp\/v2\/types\/page"}],"author":[{"embeddable":true,"href":"https:\/\/www.accuratereviews.com\/it\/wp-json\/wp\/v2\/users\/19"}],"replies":[{"embeddable":true,"href":"https:\/\/www.accuratereviews.com\/it\/wp-json\/wp\/v2\/comments?post=71879"}],"version-history":[{"count":12,"href":"https:\/\/www.accuratereviews.com\/it\/wp-json\/wp\/v2\/pages\/71879\/revisions"}],"predecessor-version":[{"id":71900,"href":"https:\/\/www.accuratereviews.com\/it\/wp-json\/wp\/v2\/pages\/71879\/revisions\/71900"}],"up":[{"embeddable":true,"href":"https:\/\/www.accuratereviews.com\/it\/wp-json\/wp\/v2\/pages\/71820"}],"wp:featuredmedia":[{"embeddable":true,"href":"https:\/\/www.accuratereviews.com\/it\/wp-json\/wp\/v2\/media\/71881"}],"wp:attachment":[{"href":"https:\/\/www.accuratereviews.com\/it\/wp-json\/wp\/v2\/media?parent=71879"}],"wp:term":[{"taxonomy":"category","embeddable":true,"href":"https:\/\/www.accuratereviews.com\/it\/wp-json\/wp\/v2\/categories?post=71879"},{"taxonomy":"post_tag","embeddable":true,"href":"https:\/\/www.accuratereviews.com\/it\/wp-json\/wp\/v2\/tags?post=71879"},{"taxonomy":"features","embeddable":true,"href":"https:\/\/www.accuratereviews.com\/it\/wp-json\/wp\/v2\/features?post=71879"}],"curies":[{"name":"wp","href":"https:\/\/api.w.org\/{rel}","templated":true}]}}