{"id":71940,"date":"2023-09-18T17:33:58","date_gmt":"2023-09-18T17:33:58","guid":{"rendered":"https:\/\/www.accuratereviews.com\/?page_id=71940"},"modified":"2023-09-26T09:44:10","modified_gmt":"2023-09-26T09:44:10","slug":"mpowr-envision-recensione","status":"publish","type":"page","link":"https:\/\/www.accuratereviews.com\/it\/software-progetti-agile\/mpowr-envision-recensione\/","title":{"rendered":"MPOWR Envision"},"content":{"rendered":"<p><strong>MPOWR Envision<\/strong> \u00e8 una <strong>soluzione di pianificazione strategica<\/strong>, basata sul <strong>cloud<\/strong>, che consente di semplificare la comunicazione, l&#8217;esecuzione della strategia e la collaborazione tra i team. I professionisti possono tenere traccia dei progressi del personale, delle iniziative e di altre attivit\u00e0 tramite report in tempo reale e ricevere aggiornamenti o incarichi via email.<br \/>\nLe caratteristiche principali includono la navigazione breadcrumb, promemoria, un&#8217;interfaccia drag-and-drop, visualizzazione KPI, notifiche email\/push e branding personalizzabile. Consente agli utenti di visualizzare i riepiloghi dei progetti e tenere traccia dei progressi, utilizzando un grafico a raggiera con codici colore fornendo informazioni dettagliate sui processi aziendali.<br \/>\nInoltre, i professionisti possono aggiungere messaggi vocali alle note sui progressi e monitorare gli indicatori chiave di prestazione (KPI) attraverso la dashboard, al fine di migliorare i processi decisionali all&#8217;interno dell&#8217;organizzazione. Aiuta i membri del team a interagire tramite pi\u00f9 piattaforme di comunicazione e a condividere, accedere o visualizzare documenti e altri file secondo i requisiti individuali.<\/p>\n<h2>MPOWR ENVISION &#8211; TUTORIAL<\/h2>\n<div id=\"fluid-wrapper-counter-1\" class=\"g1-fluid-wrapper \" style=\"width:686px;\">\n<div style=\"padding-bottom:56.268221574344%;\"><iframe loading=\"lazy\" title=\"How To Get Started With MPOWR Envision Software\" width=\"686\" height=\"386\" src=\"https:\/\/www.youtube.com\/embed\/PF_qAUgZEg8?feature=oembed&amp;wmode=transparent&amp;autohide=1&amp;autoplay=0&amp;disablekb=0&amp;fs=1&amp;loop=0&amp;enablejsapi=1&amp;rel=0&amp;controls=2&amp;showinfo=0&amp;wmode=transparent&amp;autohide=2&amp;autoplay=0&amp;disablekb=0&amp;fs=1&amp;loop=0&amp;enablejsapi=1&amp;rel=0&amp;controls=2&amp;showinfo=1\" frameborder=\"0\" allow=\"accelerometer; autoplay; clipboard-write; encrypted-media; gyroscope; picture-in-picture; web-share\" allowfullscreen><\/iframe><\/div>\n<\/div>\n<h3>MPOWR ENVISION &#8211; CARATTERISTICHE<\/h3>\n<ul>\n<li><strong>Comunicazione organizzativa semplice<\/strong>: la soluzione \u00e8 una fonte di informazioni e dati. Raccogle dati e ti fornisce aggiornamenti in tempo reale senza aspettare aggiornamenti trimestrali o annuali per apportare modifiche economicamente vantaggiose.<br \/>\nsopra l&#8217;acqua<\/li>\n<li><strong>Fattori critici di successo<\/strong>: i fattori critici di successo (CSF) ti consentono di tenere traccia di ci\u00f2 che \u00e8 assolutamente necessario affinch\u00e9 la tua organizzazione vada avanti senza intoppi. Il software ha la capacit\u00e0 di tenere traccia dei CSF e collegarli a diverse parti del tuo piano per mantenere la tua attivit\u00e0 in crescita e andare avanti.<\/li>\n<li><strong>Costruisci un senso di squadra<\/strong>: le organizzazioni di successo coinvolgono tutti, ecco perch\u00e9 il software \u00e8 personalizzato per ciascun utente. Ogni utente riceve dashboard personalizzate in modo che possa tenere traccia di ci\u00f2 che \u00e8 pi\u00f9 importante per lui. Fornisce inoltre note sui progressi aziendali, riepiloghi, tag dei dipendenti e archiviazione di file.<\/li>\n<li><strong>Il migliore amico di un manager<\/strong>: consente ai manager di visualizzare lo stato di ogni azione e chi sta lavorando su cosa. Potrai segnalare e comunicare facilmente lo stato attuale del tuo piano in modo che i dipendenti possano agire di conseguenza.<\/li>\n<li><strong>Allinea il tuo team<\/strong>: con il programma, ogni dipendente vede e comprende come le proprie azioni individuali o di squadra si allineano con il piano strategico dell&#8217;organizzazione. Gli utenti possono anche visualizzare lo stato del proprio lavoro all&#8217;interno dell&#8217;organizzazione per comprendere le dipendenze ed evitare lavoro ridondante. Oltre a ci\u00f2, sviluppa la creativit\u00e0 attraverso una collaborazione efficace.<\/li>\n<li><strong>Piani multipli<\/strong>: il software pu\u00f2 ospitare qualsiasi numero di piani! I clienti a volte caricano una serie di piani in base alle sedi o alle unit\u00e0 aziendali. Tutti i piani possono aggregarsi in un&#8217;unica dashboard.<\/li>\n<\/ul>\n<h4>LE RECENSIONI DEGLI UTENTI<\/h4>\n<p><strong>Scott &#8220;Ottimo software per l&#8217;esecuzione della strategia&#8221;<\/strong><br \/>\n<strong>Commenti<\/strong>: Sono estremamente felice del supporto che ricevo. Mi piacciono anche i servizi che offrono quando il mio team pianifica i nostri piani strategici per il trimestre e l&#8217;anno successivo.<br \/>\n<strong>Pro<\/strong>: Il software offre visibilit\u00e0 ai leader esecutivi all&#8217;interno della nostra organizzazione. Mi aiuta a vedere lo stato generale della nostra attivit\u00e0 con un solo sguardo mentre sono in movimento. Consiglierei sicuramente questo software a chiunque abbia bisogno di visibilit\u00e0 nella propria organizzazione.<br \/>\n<strong>Contro<\/strong>: Le funzionalit\u00e0 sono in continua evoluzione. Il team di MPOWR Envision implementa costantemente le funzionalit\u00e0 consigliate.<\/p>\n<p><strong>Michael &#8220;Perch\u00e9 ho scelto MPOWR invece di Cascade&#8221;<\/strong><br \/>\n<strong>Pro<\/strong>: Come start-up volevo dedicare pi\u00f9 tempo alla crescita della mia attivit\u00e0, piuttosto che passare ore a imparare come configurare la piattaforma. Ho trovato il livello di complessit\u00e0 con MPOWR proprio al livello giusto per quello che volevo ottenere.<br \/>\n<strong>Contro<\/strong>: Al momento posso onestamente dire che non c&#8217;\u00e8 nulla di MPOWR che potrei criticare.<\/p>\n<p><strong>Marlana &#8220;Tiene impegnata la mia squadra!&#8221;<\/strong><br \/>\n<strong>Pro<\/strong>: Mi piace il fatto che questo aiuti il mio team a immaginare il lavoro che sta svolgendo. Ci mantiene sulla buona strada e d\u00e0 a tutti noi un senso di realizzazione.<br \/>\n<strong>Contro<\/strong>: Ha molto da offrire e ho avuto poco tempo da dedicare all&#8217;apprendimento di un nuovo processo. Tuttavia, ora che mi sono impegnato a utilizzare il prodotto, l&#8217;ho trovato abbastanza facile da usare e non so se potrei farne a meno.<\/p>\n","protected":false},"excerpt":{"rendered":"<p>MPOWR Envision \u00e8 una soluzione di pianificazione strategica, basata sul cloud, che consente di semplificare la comunicazione, l&#8217;esecuzione della strategia e la collaborazione tra i team. I professionisti possono tenere traccia dei progressi del personale, delle iniziative e di altre attivit\u00e0 tramite report in tempo reale e ricevere aggiornamenti o incarichi via email.<\/p>\n","protected":false},"author":19,"featured_media":71947,"parent":71820,"menu_order":0,"comment_status":"open","ping_status":"closed","template":"g1_template_page_review_new.php","meta":{"_acf_changed":false,"cwp_meta_box_check":"Yes","cwp_rev_product_name":"","cwp_rev_product_image":"","wppr_links":[],"cwp_rev_price":"0.00","wppr_options":[{"name":"Usability","value":"0"},{"name":"Speed","value":"0"},{"name":"Features","value":"0"},{"name":"Support","value":"0"},{"name":"Pricing","value":"0"}],"wppr_pros":["","","","",""],"wppr_cons":["","","","",""],"_monsterinsights_skip_tracking":false,"_monsterinsights_sitenote_active":false,"_monsterinsights_sitenote_note":"","_monsterinsights_sitenote_category":0,"footnotes":""},"categories":[2892],"tags":[14671,14670,14666,14672,2985,2984],"features":[],"class_list":{"0":"post-71940","1":"page","2":"type-page","3":"status-publish","4":"has-post-thumbnail","6":"category-gestionale-per-progetti-agile","7":"tag-gestionale-progetti-agilie","8":"tag-mpowr-envision","9":"tag-piattaforma-gestionale-progetti-agile","10":"tag-programma-gestionale-progetti-agilie","11":"tag-software-gestionale-progetti-agile","12":"tag-soluzione-gestionale-progetti-agile"},"wppr_data":{"cwp_meta_box_check":"Yes","_wppr_review_template":"default","cwp_rev_product_image":"","cwp_image_link":"image","wppr_links":[],"cwp_rev_price":"0.00","wppr_pros":["","","","",""],"wppr_cons":["","","","",""],"wppr_rating":"0.00","wppr_options":{"1":{"name":"Usability","value":"0"},"2":{"name":"Speed","value":"0"},"3":{"name":"Features","value":"0"},"4":{"name":"Support","value":"0"},"5":{"name":"Pricing","value":"0"}},"wppr_review_type":"Product","wppr_review_custom_fields":{"additionalProperty":"","additionalType":"","aggregateRating":"","alternateName":"","audience":"","award":"","awards":"","brand":"","color":"","depth":"","description":"","disambiguatingDescription":"","gtin12":"","gtin13":"","gtin14":"","gtin8":"","height":"","identifier":"","image":"","isAccessoryOrSparePartFor":"","isConsumableFor":"","isRelatedTo":"","isSimilarTo":"","itemCondition":"","logo":"","mainEntityOfPage":"","manufacturer":"","material":"","model":"","mpn":"","name":"","offers":"","potentialAction":"","productID":"","productionDate":"","purchaseDate":"","releaseDate":"","review":"","reviews":"","sameAs":"","sku":"","slogan":"","subjectOf":"","url":"","weight":"","width":""}},"acf":[],"yoast_head":"<!-- This site is optimized with the Yoast SEO plugin v27.4 - https:\/\/yoast.com\/product\/yoast-seo-wordpress\/ -->\n<title>MPOWR Envision: recensione software gestionale progetti Agile - Accurate Reviews<\/title>\n<meta name=\"description\" content=\"MPOWR Envision: recensione soluzione di pianificazione strategica per la comunicazione, l&#039;esecuzione della strategia e la collaborazione.\" \/>\n<meta name=\"robots\" content=\"index, follow, max-snippet:-1, max-image-preview:large, max-video-preview:-1\" \/>\n<link rel=\"canonical\" href=\"https:\/\/www.accuratereviews.com\/it\/software-progetti-agile\/mpowr-envision-recensione\/\" \/>\n<meta property=\"og:locale\" content=\"it_IT\" \/>\n<meta property=\"og:type\" content=\"article\" \/>\n<meta property=\"og:title\" content=\"MPOWR Envision: recensione software gestionale progetti Agile - Accurate Reviews\" \/>\n<meta property=\"og:description\" content=\"MPOWR Envision: recensione soluzione di pianificazione strategica per la comunicazione, l&#039;esecuzione della strategia e la collaborazione.\" \/>\n<meta property=\"og:url\" content=\"https:\/\/www.accuratereviews.com\/it\/software-progetti-agile\/mpowr-envision-recensione\/\" \/>\n<meta property=\"og:site_name\" content=\"Accurate Reviews\" \/>\n<meta property=\"article:modified_time\" content=\"2023-09-26T09:44:10+00:00\" \/>\n<meta property=\"og:image\" content=\"https:\/\/www.accuratereviews.com\/wp-content\/uploads\/2023\/09\/MPOWR-Envision.png\" \/>\n\t<meta property=\"og:image:width\" content=\"310\" \/>\n\t<meta property=\"og:image:height\" content=\"310\" \/>\n\t<meta property=\"og:image:type\" content=\"image\/png\" \/>\n<meta name=\"twitter:card\" content=\"summary_large_image\" \/>\n<meta name=\"twitter:label1\" content=\"Tempo di lettura stimato\" \/>\n\t<meta name=\"twitter:data1\" content=\"4 minuti\" \/>\n<script type=\"application\/ld+json\" class=\"yoast-schema-graph\">{\"@context\":\"https:\\\/\\\/schema.org\",\"@graph\":[{\"@type\":\"WebPage\",\"@id\":\"https:\\\/\\\/www.accuratereviews.com\\\/it\\\/software-progetti-agile\\\/mpowr-envision-recensione\\\/\",\"url\":\"https:\\\/\\\/www.accuratereviews.com\\\/it\\\/software-progetti-agile\\\/mpowr-envision-recensione\\\/\",\"name\":\"MPOWR Envision: recensione software gestionale progetti Agile - Accurate Reviews\",\"isPartOf\":{\"@id\":\"https:\\\/\\\/www.accuratereviews.com\\\/it\\\/#website\"},\"primaryImageOfPage\":{\"@id\":\"https:\\\/\\\/www.accuratereviews.com\\\/it\\\/software-progetti-agile\\\/mpowr-envision-recensione\\\/#primaryimage\"},\"image\":{\"@id\":\"https:\\\/\\\/www.accuratereviews.com\\\/it\\\/software-progetti-agile\\\/mpowr-envision-recensione\\\/#primaryimage\"},\"thumbnailUrl\":\"https:\\\/\\\/www.accuratereviews.com\\\/wp-content\\\/uploads\\\/2023\\\/09\\\/MPOWR-Envision.png\",\"datePublished\":\"2023-09-18T17:33:58+00:00\",\"dateModified\":\"2023-09-26T09:44:10+00:00\",\"description\":\"MPOWR Envision: recensione soluzione di pianificazione strategica per la comunicazione, l'esecuzione della strategia e la collaborazione.\",\"breadcrumb\":{\"@id\":\"https:\\\/\\\/www.accuratereviews.com\\\/it\\\/software-progetti-agile\\\/mpowr-envision-recensione\\\/#breadcrumb\"},\"inLanguage\":\"it-IT\",\"potentialAction\":[{\"@type\":\"ReadAction\",\"target\":[\"https:\\\/\\\/www.accuratereviews.com\\\/it\\\/software-progetti-agile\\\/mpowr-envision-recensione\\\/\"]}]},{\"@type\":\"ImageObject\",\"inLanguage\":\"it-IT\",\"@id\":\"https:\\\/\\\/www.accuratereviews.com\\\/it\\\/software-progetti-agile\\\/mpowr-envision-recensione\\\/#primaryimage\",\"url\":\"https:\\\/\\\/www.accuratereviews.com\\\/wp-content\\\/uploads\\\/2023\\\/09\\\/MPOWR-Envision.png\",\"contentUrl\":\"https:\\\/\\\/www.accuratereviews.com\\\/wp-content\\\/uploads\\\/2023\\\/09\\\/MPOWR-Envision.png\",\"width\":310,\"height\":310},{\"@type\":\"BreadcrumbList\",\"@id\":\"https:\\\/\\\/www.accuratereviews.com\\\/it\\\/software-progetti-agile\\\/mpowr-envision-recensione\\\/#breadcrumb\",\"itemListElement\":[{\"@type\":\"ListItem\",\"position\":1,\"name\":\"Home\",\"item\":\"https:\\\/\\\/www.accuratereviews.com\\\/it\\\/\"},{\"@type\":\"ListItem\",\"position\":2,\"name\":\"Software progetti Agile\",\"item\":\"https:\\\/\\\/www.accuratereviews.com\\\/it\\\/software-progetti-agile\\\/\"},{\"@type\":\"ListItem\",\"position\":3,\"name\":\"MPOWR Envision\"}]},{\"@type\":\"WebSite\",\"@id\":\"https:\\\/\\\/www.accuratereviews.com\\\/it\\\/#website\",\"url\":\"https:\\\/\\\/www.accuratereviews.com\\\/it\\\/\",\"name\":\"Accurate Reviews\",\"description\":\"\",\"potentialAction\":[{\"@type\":\"SearchAction\",\"target\":{\"@type\":\"EntryPoint\",\"urlTemplate\":\"https:\\\/\\\/www.accuratereviews.com\\\/it\\\/?s={search_term_string}\"},\"query-input\":{\"@type\":\"PropertyValueSpecification\",\"valueRequired\":true,\"valueName\":\"search_term_string\"}}],\"inLanguage\":\"it-IT\"}]}<\/script>\n<!-- \/ Yoast SEO plugin. -->","yoast_head_json":{"title":"MPOWR Envision: recensione software gestionale progetti Agile - Accurate Reviews","description":"MPOWR Envision: recensione soluzione di pianificazione strategica per la comunicazione, l'esecuzione della strategia e la collaborazione.","robots":{"index":"index","follow":"follow","max-snippet":"max-snippet:-1","max-image-preview":"max-image-preview:large","max-video-preview":"max-video-preview:-1"},"canonical":"https:\/\/www.accuratereviews.com\/it\/software-progetti-agile\/mpowr-envision-recensione\/","og_locale":"it_IT","og_type":"article","og_title":"MPOWR Envision: recensione software gestionale progetti Agile - Accurate Reviews","og_description":"MPOWR Envision: recensione soluzione di pianificazione strategica per la comunicazione, l'esecuzione della strategia e la collaborazione.","og_url":"https:\/\/www.accuratereviews.com\/it\/software-progetti-agile\/mpowr-envision-recensione\/","og_site_name":"Accurate Reviews","article_modified_time":"2023-09-26T09:44:10+00:00","og_image":[{"width":310,"height":310,"url":"https:\/\/www.accuratereviews.com\/wp-content\/uploads\/2023\/09\/MPOWR-Envision.png","type":"image\/png"}],"twitter_card":"summary_large_image","twitter_misc":{"Tempo di lettura stimato":"4 minuti"},"schema":{"@context":"https:\/\/schema.org","@graph":[{"@type":"WebPage","@id":"https:\/\/www.accuratereviews.com\/it\/software-progetti-agile\/mpowr-envision-recensione\/","url":"https:\/\/www.accuratereviews.com\/it\/software-progetti-agile\/mpowr-envision-recensione\/","name":"MPOWR Envision: recensione software gestionale progetti Agile - Accurate Reviews","isPartOf":{"@id":"https:\/\/www.accuratereviews.com\/it\/#website"},"primaryImageOfPage":{"@id":"https:\/\/www.accuratereviews.com\/it\/software-progetti-agile\/mpowr-envision-recensione\/#primaryimage"},"image":{"@id":"https:\/\/www.accuratereviews.com\/it\/software-progetti-agile\/mpowr-envision-recensione\/#primaryimage"},"thumbnailUrl":"https:\/\/www.accuratereviews.com\/wp-content\/uploads\/2023\/09\/MPOWR-Envision.png","datePublished":"2023-09-18T17:33:58+00:00","dateModified":"2023-09-26T09:44:10+00:00","description":"MPOWR Envision: recensione soluzione di pianificazione strategica per la comunicazione, l'esecuzione della strategia e la collaborazione.","breadcrumb":{"@id":"https:\/\/www.accuratereviews.com\/it\/software-progetti-agile\/mpowr-envision-recensione\/#breadcrumb"},"inLanguage":"it-IT","potentialAction":[{"@type":"ReadAction","target":["https:\/\/www.accuratereviews.com\/it\/software-progetti-agile\/mpowr-envision-recensione\/"]}]},{"@type":"ImageObject","inLanguage":"it-IT","@id":"https:\/\/www.accuratereviews.com\/it\/software-progetti-agile\/mpowr-envision-recensione\/#primaryimage","url":"https:\/\/www.accuratereviews.com\/wp-content\/uploads\/2023\/09\/MPOWR-Envision.png","contentUrl":"https:\/\/www.accuratereviews.com\/wp-content\/uploads\/2023\/09\/MPOWR-Envision.png","width":310,"height":310},{"@type":"BreadcrumbList","@id":"https:\/\/www.accuratereviews.com\/it\/software-progetti-agile\/mpowr-envision-recensione\/#breadcrumb","itemListElement":[{"@type":"ListItem","position":1,"name":"Home","item":"https:\/\/www.accuratereviews.com\/it\/"},{"@type":"ListItem","position":2,"name":"Software progetti Agile","item":"https:\/\/www.accuratereviews.com\/it\/software-progetti-agile\/"},{"@type":"ListItem","position":3,"name":"MPOWR Envision"}]},{"@type":"WebSite","@id":"https:\/\/www.accuratereviews.com\/it\/#website","url":"https:\/\/www.accuratereviews.com\/it\/","name":"Accurate Reviews","description":"","potentialAction":[{"@type":"SearchAction","target":{"@type":"EntryPoint","urlTemplate":"https:\/\/www.accuratereviews.com\/it\/?s={search_term_string}"},"query-input":{"@type":"PropertyValueSpecification","valueRequired":true,"valueName":"search_term_string"}}],"inLanguage":"it-IT"}]}},"_links":{"self":[{"href":"https:\/\/www.accuratereviews.com\/it\/wp-json\/wp\/v2\/pages\/71940","targetHints":{"allow":["GET"]}}],"collection":[{"href":"https:\/\/www.accuratereviews.com\/it\/wp-json\/wp\/v2\/pages"}],"about":[{"href":"https:\/\/www.accuratereviews.com\/it\/wp-json\/wp\/v2\/types\/page"}],"author":[{"embeddable":true,"href":"https:\/\/www.accuratereviews.com\/it\/wp-json\/wp\/v2\/users\/19"}],"replies":[{"embeddable":true,"href":"https:\/\/www.accuratereviews.com\/it\/wp-json\/wp\/v2\/comments?post=71940"}],"version-history":[{"count":15,"href":"https:\/\/www.accuratereviews.com\/it\/wp-json\/wp\/v2\/pages\/71940\/revisions"}],"predecessor-version":[{"id":71960,"href":"https:\/\/www.accuratereviews.com\/it\/wp-json\/wp\/v2\/pages\/71940\/revisions\/71960"}],"up":[{"embeddable":true,"href":"https:\/\/www.accuratereviews.com\/it\/wp-json\/wp\/v2\/pages\/71820"}],"wp:featuredmedia":[{"embeddable":true,"href":"https:\/\/www.accuratereviews.com\/it\/wp-json\/wp\/v2\/media\/71947"}],"wp:attachment":[{"href":"https:\/\/www.accuratereviews.com\/it\/wp-json\/wp\/v2\/media?parent=71940"}],"wp:term":[{"taxonomy":"category","embeddable":true,"href":"https:\/\/www.accuratereviews.com\/it\/wp-json\/wp\/v2\/categories?post=71940"},{"taxonomy":"post_tag","embeddable":true,"href":"https:\/\/www.accuratereviews.com\/it\/wp-json\/wp\/v2\/tags?post=71940"},{"taxonomy":"features","embeddable":true,"href":"https:\/\/www.accuratereviews.com\/it\/wp-json\/wp\/v2\/features?post=71940"}],"curies":[{"name":"wp","href":"https:\/\/api.w.org\/{rel}","templated":true}]}}