{"id":72000,"date":"2023-09-20T15:05:07","date_gmt":"2023-09-20T15:05:07","guid":{"rendered":"https:\/\/www.accuratereviews.com\/?page_id=72000"},"modified":"2023-09-20T15:05:07","modified_gmt":"2023-09-20T15:05:07","slug":"junoone-recensione","status":"publish","type":"page","link":"https:\/\/www.accuratereviews.com\/it\/software-progetti-agile\/junoone-recensione\/","title":{"rendered":"JunoOne"},"content":{"rendered":"<p><strong>JunoOne<\/strong> \u00e8 una<strong> soluzione ADLM<\/strong> pu\u00f2 essere utilizzato per creare diversi tipi di progetti, gestire le pianificazioni dei team, supervisionare i processi di test e altro ancora. Include un ambiente intuitivo con dashboard pratiche, pulsanti intelligenti, parametri di filtro ed etichette. La piattaforma consente agli utenti di gestire facilmente tutto il lavoro da un unico posto. L&#8217;ambiente di lavoro <strong>JunoOne<\/strong> pu\u00f2 adattarsi a esigenze specifiche, gestire ruoli e autorizzazioni degli utenti e impostare flussi di lavoro di gestione dei progetti. Puoi trovare tutto ci\u00f2 che \u00e8 importante chiaramente in un unico posto e puoi organizzare facilmente tutto il tuo lavoro. Ottieni la massima efficienza in modo facile e veloce! La missione \u00e8 rendere lo sviluppo software migliore per tutti, in modo che le aziende possano concentrarsi su ci\u00f2 che sanno fare meglio: creare e vendere i propri prodotti.<\/p>\n<h2>JUNO ONE &#8211; TUTORIAL<\/h2>\n<div id=\"fluid-wrapper-counter-1\" class=\"g1-fluid-wrapper \" style=\"width:686px;\">\n<div style=\"padding-bottom:56.268221574344%;\"><iframe loading=\"lazy\" title=\"JunoOne - Agile project design\" width=\"686\" height=\"386\" src=\"https:\/\/www.youtube.com\/embed\/mFWYQ3EgI-k?feature=oembed&amp;wmode=transparent&amp;autohide=1&amp;autoplay=0&amp;disablekb=0&amp;fs=1&amp;loop=0&amp;enablejsapi=1&amp;rel=0&amp;controls=2&amp;showinfo=0&amp;wmode=transparent&amp;autohide=2&amp;autoplay=0&amp;disablekb=0&amp;fs=1&amp;loop=0&amp;enablejsapi=1&amp;rel=0&amp;controls=2&amp;showinfo=1\" frameborder=\"0\" allow=\"accelerometer; autoplay; clipboard-write; encrypted-media; gyroscope; picture-in-picture; web-share\" allowfullscreen><\/iframe><\/div>\n<\/div>\n<h3>JUNO ONE &#8211; CARATTERISTICHE<\/h3>\n<ul>\n<li>Lo strumento ideale per le start-up che vogliono iniziare a mantenere la struttura del lavoro ed esplorare la libert\u00e0 dell&#8217;organizzazione dei dati unica. Semplifica i tuoi processi e struttura i tuoi progetti per una migliore efficienza.<\/li>\n<li>Ti aiuta ad alimentare i tuoi flussi di lavoro agili e aggiunge una struttura precisa. Itera, connettiti e non lasciarti limitare dalle rigide strutture dati del passato.<\/li>\n<li>Quando sviluppi software, devi avere il controllo del tempo, della qualit\u00e0 e della produttivit\u00e0. La soluzione ti aiuta a fare proprio questo.<\/li>\n<li>Per la soluzione la qualit\u00e0 dei risultati viene valutata sopra ogni altra cosa e, se lo fai anche tu, imparerai presto ad amare il programma.<\/li>\n<li>Gestisci e ordina i casi di test, analizza i risultati, utilizza le varie integrazioni e rendi le tue attivit\u00e0 di test pi\u00f9 semplici ed efficienti.<\/li>\n<\/ul>\n<h4>LE RECENSIONE DEGLI UTENTI<\/h4>\n<p><strong>Yukta &#8220;Gestione delle attivit\u00e0&#8221;<\/strong><br \/>\n<strong>Commenti<\/strong>: Gestione delle attivit\u00e0 e risoluzione dei bug.<br \/>\n<strong>Pro<\/strong>: La gestione delle attivit\u00e0 era uno dei miei requisiti essenziali e l&#8217;ho trovato molto utile e mi ha aiutato a pianificare le attivit\u00e0.<br \/>\n<strong>Contro<\/strong>: Alcuni stati al passaggio del mouse possono essere aggiunti nelle aree anche qualcosa sui prezzi e di cui occuparsi.<\/p>\n<p><strong>Nitesh &#8220;Il miglior strumento di gestione dei progetti&#8221;<\/strong><br \/>\n<strong>Pro<\/strong>: \u00c8 molto semplice gestire tutte le attivit\u00e0 insieme in un unico posto senza perdere nessuna attivit\u00e0.<br \/>\n<strong>Contro<\/strong>: L&#8217;interfaccia dell&#8217;applicazione pu\u00f2 essere talvolta difficile da comprendere.<\/p>\n<p><strong>Jan &#8220;Sistema ricco di funzionalit\u00e0 complesse.&#8221;<\/strong><br \/>\n<strong>Pro<\/strong>: \u00c8 davvero facile usare JunoOne. La GUI \u00e8 chiara e lucida. Non dovrai cercare funzionalit\u00e0 nascoste. \u00c8 possibile utilizzare JunoOne, anche se non si \u00e8 in modalit\u00e0 progetto agile.<br \/>\n<strong>Contro<\/strong>: Apprezzerei report pi\u00f9 sofisticati, cos\u00ec da poter guardare i progetti da diverse prospettive. D&#8217;altro canto, l&#8217;area di reporting \u00e8 nella roadmap del prodotto. Credo che coprir\u00e0 le mie esigenze future.<\/p>\n","protected":false},"excerpt":{"rendered":"<p>JunoOne \u00e8 una soluzione ADLM pu\u00f2 essere utilizzato per creare diversi tipi di progetti, gestire le pianificazioni dei team, supervisionare i processi di test e altro ancora. Include un ambiente intuitivo con dashboard pratiche, pulsanti intelligenti, parametri di filtro ed etichette. La piattaforma consente agli utenti di gestire facilmente tutto il lavoro da un unico posto.<\/p>\n","protected":false},"author":19,"featured_media":72001,"parent":71820,"menu_order":0,"comment_status":"open","ping_status":"closed","template":"g1_template_page_review_new.php","meta":{"_acf_changed":false,"cwp_meta_box_check":"Yes","cwp_rev_product_name":"","cwp_rev_product_image":"","wppr_links":[],"cwp_rev_price":"0.00","wppr_options":[{"name":"Usability","value":"0"},{"name":"Speed","value":"0"},{"name":"Features","value":"0"},{"name":"Support","value":"0"},{"name":"Pricing","value":"0"}],"wppr_pros":["","","","",""],"wppr_cons":["","","","",""],"_monsterinsights_skip_tracking":false,"_monsterinsights_sitenote_active":false,"_monsterinsights_sitenote_note":"","_monsterinsights_sitenote_category":0,"footnotes":""},"categories":[2892],"tags":[2894,14655,14681,2992,14680,14658,2985,2984],"features":[],"class_list":{"0":"post-72000","1":"page","2":"type-page","3":"status-publish","4":"has-post-thumbnail","6":"category-gestionale-per-progetti-agile","7":"tag-agile","8":"tag-gestionale-progetti-agile","9":"tag-junoone","10":"tag-piattaforma-gestionale-agile","11":"tag-piattaforma-gestionale-progetti-agili","12":"tag-programma-gestionale-progetti-agile","13":"tag-software-gestionale-progetti-agile","14":"tag-soluzione-gestionale-progetti-agile"},"wppr_data":{"cwp_meta_box_check":"Yes","_wppr_review_template":"default","cwp_rev_product_image":"","cwp_image_link":"image","wppr_links":[],"cwp_rev_price":"0.00","wppr_pros":["","","","",""],"wppr_cons":["","","","",""],"wppr_rating":"0.00","wppr_options":{"1":{"name":"Usability","value":"0"},"2":{"name":"Speed","value":"0"},"3":{"name":"Features","value":"0"},"4":{"name":"Support","value":"0"},"5":{"name":"Pricing","value":"0"}},"wppr_review_type":"Product","wppr_review_custom_fields":{"additionalProperty":"","additionalType":"","aggregateRating":"","alternateName":"","audience":"","award":"","awards":"","brand":"","color":"","depth":"","description":"","disambiguatingDescription":"","gtin12":"","gtin13":"","gtin14":"","gtin8":"","height":"","identifier":"","image":"","isAccessoryOrSparePartFor":"","isConsumableFor":"","isRelatedTo":"","isSimilarTo":"","itemCondition":"","logo":"","mainEntityOfPage":"","manufacturer":"","material":"","model":"","mpn":"","name":"","offers":"","potentialAction":"","productID":"","productionDate":"","purchaseDate":"","releaseDate":"","review":"","reviews":"","sameAs":"","sku":"","slogan":"","subjectOf":"","url":"","weight":"","width":""}},"acf":[],"yoast_head":"<!-- This site is optimized with the Yoast SEO plugin v27.4 - https:\/\/yoast.com\/product\/yoast-seo-wordpress\/ -->\n<title>JunoOne: recensione software gestionale progetti Agile - Accurate Reviews<\/title>\n<meta name=\"description\" content=\"JunoOne: recensione gestionale progetti Agile, utilizzato per creare diversi tipi di progetti, gestire le pianificazioni dei team e altro.\" \/>\n<meta name=\"robots\" content=\"index, follow, max-snippet:-1, max-image-preview:large, max-video-preview:-1\" \/>\n<link rel=\"canonical\" href=\"https:\/\/www.accuratereviews.com\/it\/software-progetti-agile\/junoone-recensione\/\" \/>\n<meta property=\"og:locale\" content=\"it_IT\" \/>\n<meta property=\"og:type\" content=\"article\" \/>\n<meta property=\"og:title\" content=\"JunoOne: recensione software gestionale progetti Agile - Accurate Reviews\" \/>\n<meta property=\"og:description\" content=\"JunoOne: recensione gestionale progetti Agile, utilizzato per creare diversi tipi di progetti, gestire le pianificazioni dei team e altro.\" \/>\n<meta property=\"og:url\" content=\"https:\/\/www.accuratereviews.com\/it\/software-progetti-agile\/junoone-recensione\/\" \/>\n<meta property=\"og:site_name\" content=\"Accurate Reviews\" \/>\n<meta property=\"og:image\" content=\"https:\/\/www.accuratereviews.com\/wp-content\/uploads\/2023\/09\/juno-one.png\" \/>\n\t<meta property=\"og:image:width\" content=\"600\" \/>\n\t<meta property=\"og:image:height\" content=\"315\" \/>\n\t<meta property=\"og:image:type\" content=\"image\/png\" \/>\n<meta name=\"twitter:card\" content=\"summary_large_image\" \/>\n<meta name=\"twitter:label1\" content=\"Tempo di lettura stimato\" \/>\n\t<meta name=\"twitter:data1\" content=\"3 minuti\" \/>\n<script type=\"application\/ld+json\" class=\"yoast-schema-graph\">{\"@context\":\"https:\\\/\\\/schema.org\",\"@graph\":[{\"@type\":\"WebPage\",\"@id\":\"https:\\\/\\\/www.accuratereviews.com\\\/it\\\/software-progetti-agile\\\/junoone-recensione\\\/\",\"url\":\"https:\\\/\\\/www.accuratereviews.com\\\/it\\\/software-progetti-agile\\\/junoone-recensione\\\/\",\"name\":\"JunoOne: recensione software gestionale progetti Agile - Accurate Reviews\",\"isPartOf\":{\"@id\":\"https:\\\/\\\/www.accuratereviews.com\\\/it\\\/#website\"},\"primaryImageOfPage\":{\"@id\":\"https:\\\/\\\/www.accuratereviews.com\\\/it\\\/software-progetti-agile\\\/junoone-recensione\\\/#primaryimage\"},\"image\":{\"@id\":\"https:\\\/\\\/www.accuratereviews.com\\\/it\\\/software-progetti-agile\\\/junoone-recensione\\\/#primaryimage\"},\"thumbnailUrl\":\"https:\\\/\\\/www.accuratereviews.com\\\/wp-content\\\/uploads\\\/2023\\\/09\\\/juno-one.png\",\"datePublished\":\"2023-09-20T15:05:07+00:00\",\"description\":\"JunoOne: recensione gestionale progetti Agile, utilizzato per creare diversi tipi di progetti, gestire le pianificazioni dei team e altro.\",\"breadcrumb\":{\"@id\":\"https:\\\/\\\/www.accuratereviews.com\\\/it\\\/software-progetti-agile\\\/junoone-recensione\\\/#breadcrumb\"},\"inLanguage\":\"it-IT\",\"potentialAction\":[{\"@type\":\"ReadAction\",\"target\":[\"https:\\\/\\\/www.accuratereviews.com\\\/it\\\/software-progetti-agile\\\/junoone-recensione\\\/\"]}]},{\"@type\":\"ImageObject\",\"inLanguage\":\"it-IT\",\"@id\":\"https:\\\/\\\/www.accuratereviews.com\\\/it\\\/software-progetti-agile\\\/junoone-recensione\\\/#primaryimage\",\"url\":\"https:\\\/\\\/www.accuratereviews.com\\\/wp-content\\\/uploads\\\/2023\\\/09\\\/juno-one.png\",\"contentUrl\":\"https:\\\/\\\/www.accuratereviews.com\\\/wp-content\\\/uploads\\\/2023\\\/09\\\/juno-one.png\",\"width\":600,\"height\":315},{\"@type\":\"BreadcrumbList\",\"@id\":\"https:\\\/\\\/www.accuratereviews.com\\\/it\\\/software-progetti-agile\\\/junoone-recensione\\\/#breadcrumb\",\"itemListElement\":[{\"@type\":\"ListItem\",\"position\":1,\"name\":\"Home\",\"item\":\"https:\\\/\\\/www.accuratereviews.com\\\/it\\\/\"},{\"@type\":\"ListItem\",\"position\":2,\"name\":\"Software progetti Agile\",\"item\":\"https:\\\/\\\/www.accuratereviews.com\\\/it\\\/software-progetti-agile\\\/\"},{\"@type\":\"ListItem\",\"position\":3,\"name\":\"JunoOne\"}]},{\"@type\":\"WebSite\",\"@id\":\"https:\\\/\\\/www.accuratereviews.com\\\/it\\\/#website\",\"url\":\"https:\\\/\\\/www.accuratereviews.com\\\/it\\\/\",\"name\":\"Accurate Reviews\",\"description\":\"\",\"potentialAction\":[{\"@type\":\"SearchAction\",\"target\":{\"@type\":\"EntryPoint\",\"urlTemplate\":\"https:\\\/\\\/www.accuratereviews.com\\\/it\\\/?s={search_term_string}\"},\"query-input\":{\"@type\":\"PropertyValueSpecification\",\"valueRequired\":true,\"valueName\":\"search_term_string\"}}],\"inLanguage\":\"it-IT\"}]}<\/script>\n<!-- \/ Yoast SEO plugin. -->","yoast_head_json":{"title":"JunoOne: recensione software gestionale progetti Agile - Accurate Reviews","description":"JunoOne: recensione gestionale progetti Agile, utilizzato per creare diversi tipi di progetti, gestire le pianificazioni dei team e altro.","robots":{"index":"index","follow":"follow","max-snippet":"max-snippet:-1","max-image-preview":"max-image-preview:large","max-video-preview":"max-video-preview:-1"},"canonical":"https:\/\/www.accuratereviews.com\/it\/software-progetti-agile\/junoone-recensione\/","og_locale":"it_IT","og_type":"article","og_title":"JunoOne: recensione software gestionale progetti Agile - Accurate Reviews","og_description":"JunoOne: recensione gestionale progetti Agile, utilizzato per creare diversi tipi di progetti, gestire le pianificazioni dei team e altro.","og_url":"https:\/\/www.accuratereviews.com\/it\/software-progetti-agile\/junoone-recensione\/","og_site_name":"Accurate Reviews","og_image":[{"width":600,"height":315,"url":"https:\/\/www.accuratereviews.com\/wp-content\/uploads\/2023\/09\/juno-one.png","type":"image\/png"}],"twitter_card":"summary_large_image","twitter_misc":{"Tempo di lettura stimato":"3 minuti"},"schema":{"@context":"https:\/\/schema.org","@graph":[{"@type":"WebPage","@id":"https:\/\/www.accuratereviews.com\/it\/software-progetti-agile\/junoone-recensione\/","url":"https:\/\/www.accuratereviews.com\/it\/software-progetti-agile\/junoone-recensione\/","name":"JunoOne: recensione software gestionale progetti Agile - Accurate Reviews","isPartOf":{"@id":"https:\/\/www.accuratereviews.com\/it\/#website"},"primaryImageOfPage":{"@id":"https:\/\/www.accuratereviews.com\/it\/software-progetti-agile\/junoone-recensione\/#primaryimage"},"image":{"@id":"https:\/\/www.accuratereviews.com\/it\/software-progetti-agile\/junoone-recensione\/#primaryimage"},"thumbnailUrl":"https:\/\/www.accuratereviews.com\/wp-content\/uploads\/2023\/09\/juno-one.png","datePublished":"2023-09-20T15:05:07+00:00","description":"JunoOne: recensione gestionale progetti Agile, utilizzato per creare diversi tipi di progetti, gestire le pianificazioni dei team e altro.","breadcrumb":{"@id":"https:\/\/www.accuratereviews.com\/it\/software-progetti-agile\/junoone-recensione\/#breadcrumb"},"inLanguage":"it-IT","potentialAction":[{"@type":"ReadAction","target":["https:\/\/www.accuratereviews.com\/it\/software-progetti-agile\/junoone-recensione\/"]}]},{"@type":"ImageObject","inLanguage":"it-IT","@id":"https:\/\/www.accuratereviews.com\/it\/software-progetti-agile\/junoone-recensione\/#primaryimage","url":"https:\/\/www.accuratereviews.com\/wp-content\/uploads\/2023\/09\/juno-one.png","contentUrl":"https:\/\/www.accuratereviews.com\/wp-content\/uploads\/2023\/09\/juno-one.png","width":600,"height":315},{"@type":"BreadcrumbList","@id":"https:\/\/www.accuratereviews.com\/it\/software-progetti-agile\/junoone-recensione\/#breadcrumb","itemListElement":[{"@type":"ListItem","position":1,"name":"Home","item":"https:\/\/www.accuratereviews.com\/it\/"},{"@type":"ListItem","position":2,"name":"Software progetti Agile","item":"https:\/\/www.accuratereviews.com\/it\/software-progetti-agile\/"},{"@type":"ListItem","position":3,"name":"JunoOne"}]},{"@type":"WebSite","@id":"https:\/\/www.accuratereviews.com\/it\/#website","url":"https:\/\/www.accuratereviews.com\/it\/","name":"Accurate Reviews","description":"","potentialAction":[{"@type":"SearchAction","target":{"@type":"EntryPoint","urlTemplate":"https:\/\/www.accuratereviews.com\/it\/?s={search_term_string}"},"query-input":{"@type":"PropertyValueSpecification","valueRequired":true,"valueName":"search_term_string"}}],"inLanguage":"it-IT"}]}},"_links":{"self":[{"href":"https:\/\/www.accuratereviews.com\/it\/wp-json\/wp\/v2\/pages\/72000","targetHints":{"allow":["GET"]}}],"collection":[{"href":"https:\/\/www.accuratereviews.com\/it\/wp-json\/wp\/v2\/pages"}],"about":[{"href":"https:\/\/www.accuratereviews.com\/it\/wp-json\/wp\/v2\/types\/page"}],"author":[{"embeddable":true,"href":"https:\/\/www.accuratereviews.com\/it\/wp-json\/wp\/v2\/users\/19"}],"replies":[{"embeddable":true,"href":"https:\/\/www.accuratereviews.com\/it\/wp-json\/wp\/v2\/comments?post=72000"}],"version-history":[{"count":11,"href":"https:\/\/www.accuratereviews.com\/it\/wp-json\/wp\/v2\/pages\/72000\/revisions"}],"predecessor-version":[{"id":72019,"href":"https:\/\/www.accuratereviews.com\/it\/wp-json\/wp\/v2\/pages\/72000\/revisions\/72019"}],"up":[{"embeddable":true,"href":"https:\/\/www.accuratereviews.com\/it\/wp-json\/wp\/v2\/pages\/71820"}],"wp:featuredmedia":[{"embeddable":true,"href":"https:\/\/www.accuratereviews.com\/it\/wp-json\/wp\/v2\/media\/72001"}],"wp:attachment":[{"href":"https:\/\/www.accuratereviews.com\/it\/wp-json\/wp\/v2\/media?parent=72000"}],"wp:term":[{"taxonomy":"category","embeddable":true,"href":"https:\/\/www.accuratereviews.com\/it\/wp-json\/wp\/v2\/categories?post=72000"},{"taxonomy":"post_tag","embeddable":true,"href":"https:\/\/www.accuratereviews.com\/it\/wp-json\/wp\/v2\/tags?post=72000"},{"taxonomy":"features","embeddable":true,"href":"https:\/\/www.accuratereviews.com\/it\/wp-json\/wp\/v2\/features?post=72000"}],"curies":[{"name":"wp","href":"https:\/\/api.w.org\/{rel}","templated":true}]}}