{"id":72054,"date":"2023-09-23T07:42:59","date_gmt":"2023-09-23T07:42:59","guid":{"rendered":"https:\/\/www.accuratereviews.com\/?page_id=72054"},"modified":"2023-09-23T07:42:59","modified_gmt":"2023-09-23T07:42:59","slug":"eylean-board-recensione","status":"publish","type":"page","link":"https:\/\/www.accuratereviews.com\/it\/software-progetti-agile\/eylean-board-recensione\/","title":{"rendered":"Eylean Board"},"content":{"rendered":"<p><strong>Eylean Board<\/strong> \u00e8 una semplice<strong> soluzione di gestione dei progetti Agile<\/strong> progettata per le organizzazioni che desiderano visualizzare e semplificare i propri progetti. La sua interfaccia intuitiva lo rende facile da usare per tutti i membri dell&#8217;organizzazione: gli utenti possono iniziare in piccolo, crescere e adattarsi man mano che vanno avanti. Essendo completamente configurabile supporta Kanban, Scrum, Scrumban e altri processi. L&#8217;ambiente di progetto integrato di <strong>Eylean<\/strong> consente di gestire tutti i diversi processi, elementi e fasi di ciascun progetto in un unico spazio di lavoro, indipendentemente dalle loro dimensioni. Lo strumento offre anche la gestione del portfolio di progetti, poich\u00e9 pu\u00f2 essere utilizzato per gestire pi\u00f9 progetti contemporaneamente. Lo strumento include anche integrazioni con Outlook, Excel e MS Project. I\u00a0team possono creare attivit\u00e0, assegnarle ai compagni di squadra, allegare file, fornire descrizioni e stime, aggiungere attivit\u00e0 secondarie e altro ancora.<\/p>\n<h2>EYLEAN BOARD &#8211; TUTORIAL<\/h2>\n<div id=\"fluid-wrapper-counter-1\" class=\"g1-fluid-wrapper \" style=\"width:686px;\">\n<div style=\"padding-bottom:56.268221574344%;\"><iframe loading=\"lazy\" title=\"Projekt\u0173 valdymo \u012frankis - Eylean Board\" width=\"686\" height=\"386\" src=\"https:\/\/www.youtube.com\/embed\/4feFkqs2poM?feature=oembed&amp;wmode=transparent&amp;autohide=1&amp;autoplay=0&amp;disablekb=0&amp;fs=1&amp;loop=0&amp;enablejsapi=1&amp;rel=0&amp;controls=2&amp;showinfo=0&amp;wmode=transparent&amp;autohide=2&amp;autoplay=0&amp;disablekb=0&amp;fs=1&amp;loop=0&amp;enablejsapi=1&amp;rel=0&amp;controls=2&amp;showinfo=1\" frameborder=\"0\" allow=\"accelerometer; autoplay; clipboard-write; encrypted-media; gyroscope; picture-in-picture; web-share\" allowfullscreen><\/iframe><\/div>\n<\/div>\n<h3>EYLEAN BOARD &#8211; CARATTERISTICHE<\/h3>\n<ul>\n<li>Inizia in pochi secondi creando una bacheca visiva con i modelli Scrum, Agile, Kanban o TFS predefiniti oppure crea il tuo processo Scrumban. Facile da apprendere, la flessibilit\u00e0 ti d\u00e0 potere e si adatta alla tua attivit\u00e0.<\/li>\n<li>Semplifica la collaborazione in tempo reale fornendo un hub centrale accessibile ricco di strumenti di produttivit\u00e0 basati sulla metodologia Agile. Sfrutta i diagrammi di Gantt per mantenere il tuo team concentrato durante tutto il ciclo di vita del progetto.<\/li>\n<li>Dai una visione dall&#8217;alto dello stato di avanzamento del tuo progetto. Individua potenziali colli di bottiglia prima che compromettano la produttivit\u00e0 e sfrutta i report sul flusso di lavoro che consentono a te e al tuo team di adattarvi rapidamente quando le cose non procedono come dovrebbero.<\/li>\n<li>L&#8217;informazione \u00e8 potere e il programma mette a tua disposizione un mondo di dati analitici per giudicare le prestazioni e modificare al volo il tuo approccio. Con oltre 16 diversi report metrici Agile disponibili, la messa a punto delle prestazioni \u00e8 un gioco da ragazzi.<\/li>\n<li>Smetti di perderti nello stress di destreggiarti tra pi\u00f9 app, bacheche, grafici, calendari, promemoria, fogli di calcolo e montagne di email. La soluzione mette l&#8217;intero progetto e il suo flusso in un unico posto per tenere tutti informati.<\/li>\n<li>La forza lavoro della tua azienda \u00e8 unica: libera il loro potenziale con uno strumento di gestione dei progetti Agile che supporta Scrum, Kanban e Scrumban. Consenti ai singoli utenti di utilizzare i migliori stili di flusso di lavoro e di trarre vantaggio dalla maggiore produttivit\u00e0 e autonomia.<\/li>\n<li>Assegna attivit\u00e0 primarie e secondarie ai membri del team utilizzando il trascinamento della selezione su un&#8217;interfaccia Kanban pulita e visiva che mantiene l&#8217;intero team aggiornato. Lanciati in uno sprint Agile completo senza sforzo, il tutto aumentando la responsabilit\u00e0 e l&#8217;affidabilit\u00e0 del tuo team.<\/li>\n<li>Negli affari, la performance \u00e8 tutto ci\u00f2 che conta. Essere una piccola impresa non significa che non puoi avere grandi sogni. Eylean aiuta la tua azienda a implementare grandi idee che guidano strategie di progetto intelligenti che consentono la crescita del business e si adattano a te in ogni fase.<\/li>\n<\/ul>\n<h4>LE RECENSIONI DEGLI UTENTI<\/h4>\n<p><strong>Norrul Aziah&#8221;Software utile e ricco di funzionalit\u00e0&#8221;<\/strong><br \/>\n<strong>Commenti<\/strong>: Ho una grande esperienza nell&#8217;uso di questo software per gestire il nostro progetto e attivit\u00e0.<br \/>\n<strong>Pro<\/strong>: Eylean ha finito per essere un membro accomodante della mia squadra nel complesso. Siamo riusciti a trovare tutte le funzionalit\u00e0 che stavamo cercando, oltre ad alcune nuove, come la possibilit\u00e0 di commentare direttamente i compiti, che abbiamo sviluppato per adorare. Eylean \u00e8 uno strumento eccellente poich\u00e9 ha un alto grado di adattabilit\u00e0, \u00e8 semplice da usare ed \u00e8 compatibile con le apparecchiature attualmente in nostro possesso.<br \/>\n<strong>Contro<\/strong>: Lo sviluppatore deve prendere seriamente in considerazione l&#8217;esperienza dell&#8217;utente e il contributo dell&#8217;utente sul posizionamento degli strumenti software. Il fatto che alcune funzionalit\u00e0 siano nascoste in un&#8217;area inaspettata all&#8217;interno di altri dispositivi rende la navigazione nell&#8217;interfaccia piuttosto fastidiosa. Cercare di salvare e caricare file di dimensioni significative senza interrompere costantemente il processo \u00e8 un&#8217;esperienza molto irritante.<\/p>\n<p><strong>Simonas&#8221;Facile da usare&#8221;<\/strong><br \/>\n<strong>Pro<\/strong>: Utilizzo efficiente dello spazio sullo schermo, rende visibili e leggibili le schede. L&#8217;assenza di funzionalit\u00e0 inutili e piacevoli da avere rende il lavoro pi\u00f9 semplice. La soluzione on-premise \u00e8 adatta per i clienti con requisiti di sicurezza speciali.<br \/>\n<strong>Contro<\/strong>: Sarebbe utile avere un&#8217;app mobile, nel nostro caso la versione per PC non basta.<\/p>\n<p><strong>Martynas&#8221;Tutto per l&#8217;efficienza&#8221;<\/strong><br \/>\n<strong>Commenti<\/strong>: Come ho affermato nella sezione Pro, \u00e8 semplice e affidabile. Il supporto \u00e8 fantastico.<br \/>\n<strong>Pro<\/strong>: Tutto \u00e8 semplice. Dedicare compiti in pochi clic. Agile, Kanban, Scrum Boards si costruiscono in pochi minuti. Puoi tenere traccia di tutto e il reporting \u00e8 chiaro. A proposito, mi piace molto che tu possa integrare i tuoi modelli TFS.<br \/>\n<strong>Contro<\/strong>: Non abbiamo bisogno al momento di questa funzionalit\u00e0, ma altre probabilmente le hanno: applicazione per dispositivi mobili.<\/p>\n","protected":false},"excerpt":{"rendered":"<p>Eylean Board \u00e8 una semplice soluzione di gestione dei progetti Agile progettata per le organizzazioni che desiderano visualizzare e semplificare i propri progetti. La sua interfaccia intuitiva lo rende facile da usare per tutti i membri dell&#8217;organizzazione: gli utenti possono iniziare in piccolo, crescere e adattarsi man mano che vanno avanti. Essendo completamente configurabile supporta Kanban, Scrum, Scrumban e altri processi. <\/p>\n","protected":false},"author":19,"featured_media":72056,"parent":71820,"menu_order":0,"comment_status":"open","ping_status":"closed","template":"g1_template_page_review_new.php","meta":{"_acf_changed":false,"cwp_meta_box_check":"Yes","cwp_rev_product_name":"","cwp_rev_product_image":"","wppr_links":[],"cwp_rev_price":"0.00","wppr_options":[{"name":"Usability","value":"0"},{"name":"Speed","value":"0"},{"name":"Features","value":"0"},{"name":"Support","value":"0"},{"name":"Pricing","value":"0"}],"wppr_pros":["","","","",""],"wppr_cons":["","","","",""],"_monsterinsights_skip_tracking":false,"_monsterinsights_sitenote_active":false,"_monsterinsights_sitenote_note":"","_monsterinsights_sitenote_category":0,"footnotes":""},"categories":[2892],"tags":[14655,2992,14666,14656,14658,2989,2985,2990,2984],"features":[],"class_list":{"0":"post-72054","1":"page","2":"type-page","3":"status-publish","4":"has-post-thumbnail","6":"category-gestionale-per-progetti-agile","7":"tag-gestionale-progetti-agile","8":"tag-piattaforma-gestionale-agile","9":"tag-piattaforma-gestionale-progetti-agile","10":"tag-programma-gestionale-agile","11":"tag-programma-gestionale-progetti-agile","12":"tag-software-gestionale-agile","13":"tag-software-gestionale-progetti-agile","14":"tag-soluzione-gestionale-agile","15":"tag-soluzione-gestionale-progetti-agile"},"wppr_data":{"cwp_meta_box_check":"Yes","_wppr_review_template":"default","cwp_rev_product_image":"","cwp_image_link":"image","wppr_links":[],"cwp_rev_price":"0.00","wppr_pros":["","","","",""],"wppr_cons":["","","","",""],"wppr_rating":"0.00","wppr_options":{"1":{"name":"Usability","value":"0"},"2":{"name":"Speed","value":"0"},"3":{"name":"Features","value":"0"},"4":{"name":"Support","value":"0"},"5":{"name":"Pricing","value":"0"}},"wppr_review_type":"Product","wppr_review_custom_fields":{"additionalProperty":"","additionalType":"","aggregateRating":"","alternateName":"","audience":"","award":"","awards":"","brand":"","color":"","depth":"","description":"","disambiguatingDescription":"","gtin12":"","gtin13":"","gtin14":"","gtin8":"","height":"","identifier":"","image":"","isAccessoryOrSparePartFor":"","isConsumableFor":"","isRelatedTo":"","isSimilarTo":"","itemCondition":"","logo":"","mainEntityOfPage":"","manufacturer":"","material":"","model":"","mpn":"","name":"","offers":"","potentialAction":"","productID":"","productionDate":"","purchaseDate":"","releaseDate":"","review":"","reviews":"","sameAs":"","sku":"","slogan":"","subjectOf":"","url":"","weight":"","width":""}},"acf":[],"yoast_head":"<!-- This site is optimized with the Yoast SEO plugin v27.4 - https:\/\/yoast.com\/product\/yoast-seo-wordpress\/ -->\n<title>Eylean Board: recensione software gestionale progetti Agile - Accurate Reviews<\/title>\n<meta name=\"description\" content=\"Eylean Board: recensione soluzione gestione dei progetti Agile progettata per organizzazioni che desiderano visualizzare e semplificare i progetti\" \/>\n<meta name=\"robots\" content=\"index, follow, max-snippet:-1, max-image-preview:large, max-video-preview:-1\" \/>\n<link rel=\"canonical\" href=\"https:\/\/www.accuratereviews.com\/it\/software-progetti-agile\/eylean-board-recensione\/\" \/>\n<meta property=\"og:locale\" content=\"it_IT\" \/>\n<meta property=\"og:type\" content=\"article\" \/>\n<meta property=\"og:title\" content=\"Eylean Board: recensione software gestionale progetti Agile - Accurate Reviews\" \/>\n<meta property=\"og:description\" content=\"Eylean Board: recensione soluzione gestione dei progetti Agile progettata per organizzazioni che desiderano visualizzare e semplificare i progetti\" \/>\n<meta property=\"og:url\" content=\"https:\/\/www.accuratereviews.com\/it\/software-progetti-agile\/eylean-board-recensione\/\" \/>\n<meta property=\"og:site_name\" content=\"Accurate Reviews\" \/>\n<meta property=\"og:image\" content=\"https:\/\/www.accuratereviews.com\/wp-content\/uploads\/2023\/09\/Eylean-Board.png\" \/>\n\t<meta property=\"og:image:width\" content=\"400\" \/>\n\t<meta property=\"og:image:height\" content=\"400\" \/>\n\t<meta property=\"og:image:type\" content=\"image\/png\" \/>\n<meta name=\"twitter:card\" content=\"summary_large_image\" \/>\n<meta name=\"twitter:label1\" content=\"Tempo di lettura stimato\" \/>\n\t<meta name=\"twitter:data1\" content=\"5 minuti\" \/>\n<script type=\"application\/ld+json\" class=\"yoast-schema-graph\">{\"@context\":\"https:\\\/\\\/schema.org\",\"@graph\":[{\"@type\":\"WebPage\",\"@id\":\"https:\\\/\\\/www.accuratereviews.com\\\/it\\\/software-progetti-agile\\\/eylean-board-recensione\\\/\",\"url\":\"https:\\\/\\\/www.accuratereviews.com\\\/it\\\/software-progetti-agile\\\/eylean-board-recensione\\\/\",\"name\":\"Eylean Board: recensione software gestionale progetti Agile - Accurate Reviews\",\"isPartOf\":{\"@id\":\"https:\\\/\\\/www.accuratereviews.com\\\/it\\\/#website\"},\"primaryImageOfPage\":{\"@id\":\"https:\\\/\\\/www.accuratereviews.com\\\/it\\\/software-progetti-agile\\\/eylean-board-recensione\\\/#primaryimage\"},\"image\":{\"@id\":\"https:\\\/\\\/www.accuratereviews.com\\\/it\\\/software-progetti-agile\\\/eylean-board-recensione\\\/#primaryimage\"},\"thumbnailUrl\":\"https:\\\/\\\/www.accuratereviews.com\\\/wp-content\\\/uploads\\\/2023\\\/09\\\/Eylean-Board.png\",\"datePublished\":\"2023-09-23T07:42:59+00:00\",\"description\":\"Eylean Board: recensione soluzione gestione dei progetti Agile progettata per organizzazioni che desiderano visualizzare e semplificare i progetti\",\"breadcrumb\":{\"@id\":\"https:\\\/\\\/www.accuratereviews.com\\\/it\\\/software-progetti-agile\\\/eylean-board-recensione\\\/#breadcrumb\"},\"inLanguage\":\"it-IT\",\"potentialAction\":[{\"@type\":\"ReadAction\",\"target\":[\"https:\\\/\\\/www.accuratereviews.com\\\/it\\\/software-progetti-agile\\\/eylean-board-recensione\\\/\"]}]},{\"@type\":\"ImageObject\",\"inLanguage\":\"it-IT\",\"@id\":\"https:\\\/\\\/www.accuratereviews.com\\\/it\\\/software-progetti-agile\\\/eylean-board-recensione\\\/#primaryimage\",\"url\":\"https:\\\/\\\/www.accuratereviews.com\\\/wp-content\\\/uploads\\\/2023\\\/09\\\/Eylean-Board.png\",\"contentUrl\":\"https:\\\/\\\/www.accuratereviews.com\\\/wp-content\\\/uploads\\\/2023\\\/09\\\/Eylean-Board.png\",\"width\":400,\"height\":400},{\"@type\":\"BreadcrumbList\",\"@id\":\"https:\\\/\\\/www.accuratereviews.com\\\/it\\\/software-progetti-agile\\\/eylean-board-recensione\\\/#breadcrumb\",\"itemListElement\":[{\"@type\":\"ListItem\",\"position\":1,\"name\":\"Home\",\"item\":\"https:\\\/\\\/www.accuratereviews.com\\\/it\\\/\"},{\"@type\":\"ListItem\",\"position\":2,\"name\":\"Software progetti Agile\",\"item\":\"https:\\\/\\\/www.accuratereviews.com\\\/it\\\/software-progetti-agile\\\/\"},{\"@type\":\"ListItem\",\"position\":3,\"name\":\"Eylean Board\"}]},{\"@type\":\"WebSite\",\"@id\":\"https:\\\/\\\/www.accuratereviews.com\\\/it\\\/#website\",\"url\":\"https:\\\/\\\/www.accuratereviews.com\\\/it\\\/\",\"name\":\"Accurate Reviews\",\"description\":\"\",\"potentialAction\":[{\"@type\":\"SearchAction\",\"target\":{\"@type\":\"EntryPoint\",\"urlTemplate\":\"https:\\\/\\\/www.accuratereviews.com\\\/it\\\/?s={search_term_string}\"},\"query-input\":{\"@type\":\"PropertyValueSpecification\",\"valueRequired\":true,\"valueName\":\"search_term_string\"}}],\"inLanguage\":\"it-IT\"}]}<\/script>\n<!-- \/ Yoast SEO plugin. -->","yoast_head_json":{"title":"Eylean Board: recensione software gestionale progetti Agile - Accurate Reviews","description":"Eylean Board: recensione soluzione gestione dei progetti Agile progettata per organizzazioni che desiderano visualizzare e semplificare i progetti","robots":{"index":"index","follow":"follow","max-snippet":"max-snippet:-1","max-image-preview":"max-image-preview:large","max-video-preview":"max-video-preview:-1"},"canonical":"https:\/\/www.accuratereviews.com\/it\/software-progetti-agile\/eylean-board-recensione\/","og_locale":"it_IT","og_type":"article","og_title":"Eylean Board: recensione software gestionale progetti Agile - Accurate Reviews","og_description":"Eylean Board: recensione soluzione gestione dei progetti Agile progettata per organizzazioni che desiderano visualizzare e semplificare i progetti","og_url":"https:\/\/www.accuratereviews.com\/it\/software-progetti-agile\/eylean-board-recensione\/","og_site_name":"Accurate Reviews","og_image":[{"width":400,"height":400,"url":"https:\/\/www.accuratereviews.com\/wp-content\/uploads\/2023\/09\/Eylean-Board.png","type":"image\/png"}],"twitter_card":"summary_large_image","twitter_misc":{"Tempo di lettura stimato":"5 minuti"},"schema":{"@context":"https:\/\/schema.org","@graph":[{"@type":"WebPage","@id":"https:\/\/www.accuratereviews.com\/it\/software-progetti-agile\/eylean-board-recensione\/","url":"https:\/\/www.accuratereviews.com\/it\/software-progetti-agile\/eylean-board-recensione\/","name":"Eylean Board: recensione software gestionale progetti Agile - Accurate Reviews","isPartOf":{"@id":"https:\/\/www.accuratereviews.com\/it\/#website"},"primaryImageOfPage":{"@id":"https:\/\/www.accuratereviews.com\/it\/software-progetti-agile\/eylean-board-recensione\/#primaryimage"},"image":{"@id":"https:\/\/www.accuratereviews.com\/it\/software-progetti-agile\/eylean-board-recensione\/#primaryimage"},"thumbnailUrl":"https:\/\/www.accuratereviews.com\/wp-content\/uploads\/2023\/09\/Eylean-Board.png","datePublished":"2023-09-23T07:42:59+00:00","description":"Eylean Board: recensione soluzione gestione dei progetti Agile progettata per organizzazioni che desiderano visualizzare e semplificare i progetti","breadcrumb":{"@id":"https:\/\/www.accuratereviews.com\/it\/software-progetti-agile\/eylean-board-recensione\/#breadcrumb"},"inLanguage":"it-IT","potentialAction":[{"@type":"ReadAction","target":["https:\/\/www.accuratereviews.com\/it\/software-progetti-agile\/eylean-board-recensione\/"]}]},{"@type":"ImageObject","inLanguage":"it-IT","@id":"https:\/\/www.accuratereviews.com\/it\/software-progetti-agile\/eylean-board-recensione\/#primaryimage","url":"https:\/\/www.accuratereviews.com\/wp-content\/uploads\/2023\/09\/Eylean-Board.png","contentUrl":"https:\/\/www.accuratereviews.com\/wp-content\/uploads\/2023\/09\/Eylean-Board.png","width":400,"height":400},{"@type":"BreadcrumbList","@id":"https:\/\/www.accuratereviews.com\/it\/software-progetti-agile\/eylean-board-recensione\/#breadcrumb","itemListElement":[{"@type":"ListItem","position":1,"name":"Home","item":"https:\/\/www.accuratereviews.com\/it\/"},{"@type":"ListItem","position":2,"name":"Software progetti Agile","item":"https:\/\/www.accuratereviews.com\/it\/software-progetti-agile\/"},{"@type":"ListItem","position":3,"name":"Eylean Board"}]},{"@type":"WebSite","@id":"https:\/\/www.accuratereviews.com\/it\/#website","url":"https:\/\/www.accuratereviews.com\/it\/","name":"Accurate Reviews","description":"","potentialAction":[{"@type":"SearchAction","target":{"@type":"EntryPoint","urlTemplate":"https:\/\/www.accuratereviews.com\/it\/?s={search_term_string}"},"query-input":{"@type":"PropertyValueSpecification","valueRequired":true,"valueName":"search_term_string"}}],"inLanguage":"it-IT"}]}},"_links":{"self":[{"href":"https:\/\/www.accuratereviews.com\/it\/wp-json\/wp\/v2\/pages\/72054","targetHints":{"allow":["GET"]}}],"collection":[{"href":"https:\/\/www.accuratereviews.com\/it\/wp-json\/wp\/v2\/pages"}],"about":[{"href":"https:\/\/www.accuratereviews.com\/it\/wp-json\/wp\/v2\/types\/page"}],"author":[{"embeddable":true,"href":"https:\/\/www.accuratereviews.com\/it\/wp-json\/wp\/v2\/users\/19"}],"replies":[{"embeddable":true,"href":"https:\/\/www.accuratereviews.com\/it\/wp-json\/wp\/v2\/comments?post=72054"}],"version-history":[{"count":9,"href":"https:\/\/www.accuratereviews.com\/it\/wp-json\/wp\/v2\/pages\/72054\/revisions"}],"predecessor-version":[{"id":72069,"href":"https:\/\/www.accuratereviews.com\/it\/wp-json\/wp\/v2\/pages\/72054\/revisions\/72069"}],"up":[{"embeddable":true,"href":"https:\/\/www.accuratereviews.com\/it\/wp-json\/wp\/v2\/pages\/71820"}],"wp:featuredmedia":[{"embeddable":true,"href":"https:\/\/www.accuratereviews.com\/it\/wp-json\/wp\/v2\/media\/72056"}],"wp:attachment":[{"href":"https:\/\/www.accuratereviews.com\/it\/wp-json\/wp\/v2\/media?parent=72054"}],"wp:term":[{"taxonomy":"category","embeddable":true,"href":"https:\/\/www.accuratereviews.com\/it\/wp-json\/wp\/v2\/categories?post=72054"},{"taxonomy":"post_tag","embeddable":true,"href":"https:\/\/www.accuratereviews.com\/it\/wp-json\/wp\/v2\/tags?post=72054"},{"taxonomy":"features","embeddable":true,"href":"https:\/\/www.accuratereviews.com\/it\/wp-json\/wp\/v2\/features?post=72054"}],"curies":[{"name":"wp","href":"https:\/\/api.w.org\/{rel}","templated":true}]}}