{"id":72089,"date":"2023-09-26T10:26:19","date_gmt":"2023-09-26T10:26:19","guid":{"rendered":"https:\/\/www.accuratereviews.com\/?page_id=72089"},"modified":"2023-10-28T08:28:25","modified_gmt":"2023-10-28T08:28:25","slug":"rooftop-recensione","status":"publish","type":"page","link":"https:\/\/www.accuratereviews.com\/it\/software-progetti-agile\/rooftop-recensione\/","title":{"rendered":"Rooftop"},"content":{"rendered":"<p><strong>Rooftop<\/strong> \u00e8 una <strong>piattaforma di collaborazione<\/strong> progettata per aiutare i team nella gestione della posta elettronica, nell&#8217;assistenza clienti e nella gestione di attivit\u00e0\/progetti. Aiuter\u00e0 gli utenti a gestire tutte le caselle di posta personali e del team in un unico posto. Le email possono essere classificate in base a categorie utili. Per gestire i progetti, gli utenti possono creare flussi di lavoro ed elenchi di attivit\u00e0. Le etichette di stato possono essere utilizzate per tenere traccia di ci\u00f2 che sta succedendo e mantenere il controllo sui progetti. Queste funzionalit\u00e0 includono commenti interni, caricamenti di file e comunicazioni esterne. Inoltre, Rooftop pu\u00f2 aiutare a tenere traccia dei KPI, vedere lo stato del progetto e ottimizzare l&#8217;efficienza del team.<\/p>\n<p><a href=\"https:\/\/www.accuratereviews.com\/wp-content\/uploads\/2023\/09\/Screenshot-2023-09-26-alle-10.43.42.png\"><img loading=\"lazy\" decoding=\"async\" class=\"aligncenter wp-image-72107 size-full\" src=\"https:\/\/www.accuratereviews.com\/wp-content\/uploads\/2023\/09\/Screenshot-2023-09-26-alle-10.43.42.png\" alt=\"\" width=\"3010\" height=\"1700\" srcset=\"https:\/\/www.accuratereviews.com\/wp-content\/uploads\/2023\/09\/Screenshot-2023-09-26-alle-10.43.42.png 3010w, https:\/\/www.accuratereviews.com\/wp-content\/uploads\/2023\/09\/Screenshot-2023-09-26-alle-10.43.42-300x169.png 300w, https:\/\/www.accuratereviews.com\/wp-content\/uploads\/2023\/09\/Screenshot-2023-09-26-alle-10.43.42-1024x578.png 1024w, https:\/\/www.accuratereviews.com\/wp-content\/uploads\/2023\/09\/Screenshot-2023-09-26-alle-10.43.42-768x434.png 768w, https:\/\/www.accuratereviews.com\/wp-content\/uploads\/2023\/09\/Screenshot-2023-09-26-alle-10.43.42-1536x868.png 1536w, https:\/\/www.accuratereviews.com\/wp-content\/uploads\/2023\/09\/Screenshot-2023-09-26-alle-10.43.42-2048x1157.png 2048w, https:\/\/www.accuratereviews.com\/wp-content\/uploads\/2023\/09\/Screenshot-2023-09-26-alle-10.43.42-50x28.png 50w, https:\/\/www.accuratereviews.com\/wp-content\/uploads\/2023\/09\/Screenshot-2023-09-26-alle-10.43.42-221x125.png 221w, https:\/\/www.accuratereviews.com\/wp-content\/uploads\/2023\/09\/Screenshot-2023-09-26-alle-10.43.42-968x547.png 968w, https:\/\/www.accuratereviews.com\/wp-content\/uploads\/2023\/09\/Screenshot-2023-09-26-alle-10.43.42-636x359.png 636w, https:\/\/www.accuratereviews.com\/wp-content\/uploads\/2023\/09\/Screenshot-2023-09-26-alle-10.43.42-482x271.png 482w, https:\/\/www.accuratereviews.com\/wp-content\/uploads\/2023\/09\/Screenshot-2023-09-26-alle-10.43.42-320x181.png 320w, https:\/\/www.accuratereviews.com\/wp-content\/uploads\/2023\/09\/Screenshot-2023-09-26-alle-10.43.42-239x135.png 239w\" sizes=\"auto, (max-width: 3010px) 100vw, 3010px\" \/><\/a><\/p>\n<h2><\/h2>\n<h2>ROOFTOP &#8211; CARATTERISTICHE<\/h2>\n<ul>\n<li><strong>D\u00ec addio alla tua vecchia casella di posta<\/strong>: lascia la tua vecchia casella di posta alle spalle ed entra in un mondo completamente nuovo di produttivit\u00e0.<\/li>\n<li><strong>Saluta Snooze<\/strong>: mantieni pulita la tua casella di posta posticipando qualsiasi conversazione che non richieda un&#8217;azione immediata. Una casella di posta chiara porta ad una mente chiara!<\/li>\n<li><strong>Goditi la vista a volo d&#8217;uccello<\/strong>: tieni d&#8217;occhio costantemente chi sta lavorando su cosa, gestisci progetti e attivit\u00e0 e sfrutta le funzionalit\u00e0 di reporting della soluzione.<\/li>\n<li><strong>Una piattaforma, pi\u00f9 partner<\/strong>: che tu abbia bisogno di comunicare con il tuo team, i tuoi clienti, i tuoi partner o i tuoi fornitori, puoi gestire tutto da questo programma.<\/li>\n<li><strong>Non perdere tempo a cercare informazioni<\/strong>: trova istantaneamente ogni interazione che tu abbia mai avuto con qualcuno.<\/li>\n<li><strong>Goditi la tua privacy<\/strong>: consenti ai tuoi colleghi di accedere a tutte le informazioni rilevanti mantenendo le tue comunicazioni private.<\/li>\n<li><strong>Automatizza i flussi di lavoro in pochi secondi<\/strong>: l\u2019automazione non dovrebbe essere riservata solo agli esperti. Sfrutta la tecnologia e falla funzionare a tuo vantaggio.<\/li>\n<li><strong>Reporting<\/strong>: utilizza gli strumenti di reporting per migliorare la gestione della comunicazione e valutare le prestazioni del tuo team. Tieni d&#8217;occhio il carico di lavoro di tutti in modo da distribuire le risorse in modo efficace; monitora il numero di messaggi in entrata e in uscita per sapere quale progetto\/cliente\/attivit\u00e0 genera pi\u00f9 lavoro, oppure tieni traccia dei tuoi obiettivi e scadenze.<\/li>\n<\/ul>\n<h3>LE RECENSIONI DEGLI UTENTI<\/h3>\n<p><strong>Musliah&#8221;Salvatore della collaborazione progettuale&#8221;<\/strong><br \/>\n<strong>Commenti<\/strong>: Ha pro e contro, ma nel complesso ci ha aiutato senza sosta con il nostro progetto sotto l&#8217;aspetto della comunicazione e della collaborazione.<br \/>\n<strong>Pro<\/strong>: ha aiutato me e il mio collega a gestire i nostri progetti e attivit\u00e0 con l&#8217;aiuto di Rooftop. Le conferenze e il sistema di comunicazione sono caratteristiche essenziali per un progetto collaborativo e sono entrambi integrati. Ci rende facile contattarci l&#8217;un l&#8217;altro.<br \/>\n<strong>Contro<\/strong>: \u00c8 stato impegnativo utilizzare questo software poich\u00e9 richiede una connessione stabile a Internet per scaricare tutti i materiali necessari. Anche i servizi di posta elettronica sul mio smartphone non funzionano correttamente ogni volta che tento di modificare il modello.<\/p>\n<p><strong>James&#8221;Email di collaborazione in modo organizzato&#8221;<\/strong><br \/>\n<strong>Commenti<\/strong>: Ho aiutato il team a sviluppare un intero progetto, il tutto in un ufficio domestico.<br \/>\n<strong>Pro<\/strong>: funziona via web; non \u00e8 necessario installare programmi, aiuta il team a lavorare in gruppo attraverso le attivit\u00e0; aiuta a organizzare la casella di posta in modo efficace, creando filtri e dando importanza agli obiettivi reali<br \/>\n<strong>Contro<\/strong>: Credo che necessiti di nuove integrazioni con altri strumenti; Lo strumento di ricerca \u00e8 un po&#8217; lento, potrebbe essere migliorato.<\/p>\n<p><strong>Sean&#8221;Nel complesso \u00e8 abbastanza utile, ma a volte \u00e8 lento&#8221;<\/strong><br \/>\n<strong>Commenti<\/strong>: Nessun commento da parte mia, nel complesso \u00e8 molto utile<br \/>\n<strong>Pro<\/strong>: Il prodotto \u00e8 facile da usare e, cosa pi\u00f9 importante, io e il mio collega potremo esaminare lo stesso argomento mentre discutiamo.<br \/>\n<strong>Contro<\/strong>: A volte \u00e8 lento in termini di caricamento<\/p>\n","protected":false},"excerpt":{"rendered":"<p>Rooftop \u00e8 una piattaforma di collaborazione progettata per aiutare i team nella gestione della posta elettronica, nell&#8217;assistenza clienti e nella gestione di attivit\u00e0\/progetti. Aiuter\u00e0 gli utenti a gestire tutte le caselle di posta personali e del team in un unico posto. Le email possono essere classificate in base a categorie utili. Per gestire i progetti, gli utenti possono creare flussi di lavoro ed elenchi di attivit\u00e0.<\/p>\n","protected":false},"author":19,"featured_media":72465,"parent":71820,"menu_order":0,"comment_status":"open","ping_status":"closed","template":"g1_template_page_review_new.php","meta":{"_acf_changed":false,"cwp_meta_box_check":"Yes","cwp_rev_product_name":"","cwp_rev_product_image":"","wppr_links":[],"cwp_rev_price":"0.00","wppr_options":[{"name":"Usability","value":"0"},{"name":"Speed","value":"0"},{"name":"Features","value":"0"},{"name":"Support","value":"0"},{"name":"Pricing","value":"0"}],"wppr_pros":["","","","",""],"wppr_cons":["","","","",""],"_monsterinsights_skip_tracking":false,"_monsterinsights_sitenote_active":false,"_monsterinsights_sitenote_note":"","_monsterinsights_sitenote_category":0,"footnotes":""},"categories":[2892],"tags":[2916,14655,14666,14688,14686,2985,2984],"features":[],"class_list":{"0":"post-72089","1":"page","2":"type-page","3":"status-publish","4":"has-post-thumbnail","6":"category-gestionale-per-progetti-agile","7":"tag-gestionale-agile","8":"tag-gestionale-progetti-agile","9":"tag-piattaforma-gestionale-progetti-agile","10":"tag-programma-gestionali-programmi-agile","11":"tag-rooftop","12":"tag-software-gestionale-progetti-agile","13":"tag-soluzione-gestionale-progetti-agile"},"wppr_data":{"cwp_meta_box_check":"Yes","_wppr_review_template":"default","cwp_rev_product_image":"","cwp_image_link":"image","wppr_links":[],"cwp_rev_price":"0.00","wppr_pros":["","","","",""],"wppr_cons":["","","","",""],"wppr_rating":"0.00","wppr_options":{"1":{"name":"Usability","value":"0"},"2":{"name":"Speed","value":"0"},"3":{"name":"Features","value":"0"},"4":{"name":"Support","value":"0"},"5":{"name":"Pricing","value":"0"}},"wppr_review_type":"Product","wppr_review_custom_fields":{"additionalProperty":"","additionalType":"","aggregateRating":"","alternateName":"","audience":"","award":"","awards":"","brand":"","color":"","depth":"","description":"","disambiguatingDescription":"","gtin12":"","gtin13":"","gtin14":"","gtin8":"","height":"","identifier":"","image":"","isAccessoryOrSparePartFor":"","isConsumableFor":"","isRelatedTo":"","isSimilarTo":"","itemCondition":"","logo":"","mainEntityOfPage":"","manufacturer":"","material":"","model":"","mpn":"","name":"","offers":"","potentialAction":"","productID":"","productionDate":"","purchaseDate":"","releaseDate":"","review":"","reviews":"","sameAs":"","sku":"","slogan":"","subjectOf":"","url":"","weight":"","width":""}},"acf":[],"yoast_head":"<!-- This site is optimized with the Yoast SEO plugin v27.4 - https:\/\/yoast.com\/product\/yoast-seo-wordpress\/ -->\n<title>Rooftop: recensione software gestionale progetti Agile- Accurate Reviews<\/title>\n<meta name=\"description\" content=\"Rooftop: recensione piattaforma di collaborazione per aiutare nella gestione email, nell&#039;assistenza clienti e organizzazione attivit\u00e0\/progetti\" \/>\n<meta name=\"robots\" content=\"index, follow, max-snippet:-1, max-image-preview:large, max-video-preview:-1\" \/>\n<link rel=\"canonical\" href=\"https:\/\/www.accuratereviews.com\/it\/software-progetti-agile\/rooftop-recensione\/\" \/>\n<meta property=\"og:locale\" content=\"it_IT\" \/>\n<meta property=\"og:type\" content=\"article\" \/>\n<meta property=\"og:title\" content=\"Rooftop: recensione software gestionale progetti Agile- Accurate Reviews\" \/>\n<meta property=\"og:description\" content=\"Rooftop: recensione piattaforma di collaborazione per aiutare nella gestione email, nell&#039;assistenza clienti e organizzazione attivit\u00e0\/progetti\" \/>\n<meta property=\"og:url\" content=\"https:\/\/www.accuratereviews.com\/it\/software-progetti-agile\/rooftop-recensione\/\" \/>\n<meta property=\"og:site_name\" content=\"Accurate Reviews\" \/>\n<meta property=\"article:modified_time\" content=\"2023-10-28T08:28:25+00:00\" \/>\n<meta property=\"og:image\" content=\"https:\/\/www.accuratereviews.com\/wp-content\/uploads\/2023\/10\/606c37082ab6763662f606d6_Rooftop-color-big.png\" \/>\n\t<meta property=\"og:image:width\" content=\"2048\" \/>\n\t<meta property=\"og:image:height\" content=\"436\" \/>\n\t<meta property=\"og:image:type\" content=\"image\/png\" \/>\n<meta name=\"twitter:card\" content=\"summary_large_image\" \/>\n<meta name=\"twitter:label1\" content=\"Tempo di lettura stimato\" \/>\n\t<meta name=\"twitter:data1\" content=\"4 minuti\" \/>\n<script type=\"application\/ld+json\" class=\"yoast-schema-graph\">{\"@context\":\"https:\\\/\\\/schema.org\",\"@graph\":[{\"@type\":\"WebPage\",\"@id\":\"https:\\\/\\\/www.accuratereviews.com\\\/it\\\/software-progetti-agile\\\/rooftop-recensione\\\/\",\"url\":\"https:\\\/\\\/www.accuratereviews.com\\\/it\\\/software-progetti-agile\\\/rooftop-recensione\\\/\",\"name\":\"Rooftop: recensione software gestionale progetti Agile- Accurate Reviews\",\"isPartOf\":{\"@id\":\"https:\\\/\\\/www.accuratereviews.com\\\/it\\\/#website\"},\"primaryImageOfPage\":{\"@id\":\"https:\\\/\\\/www.accuratereviews.com\\\/it\\\/software-progetti-agile\\\/rooftop-recensione\\\/#primaryimage\"},\"image\":{\"@id\":\"https:\\\/\\\/www.accuratereviews.com\\\/it\\\/software-progetti-agile\\\/rooftop-recensione\\\/#primaryimage\"},\"thumbnailUrl\":\"https:\\\/\\\/www.accuratereviews.com\\\/wp-content\\\/uploads\\\/2023\\\/10\\\/606c37082ab6763662f606d6_Rooftop-color-big.png\",\"datePublished\":\"2023-09-26T10:26:19+00:00\",\"dateModified\":\"2023-10-28T08:28:25+00:00\",\"description\":\"Rooftop: recensione piattaforma di collaborazione per aiutare nella gestione email, nell'assistenza clienti e organizzazione attivit\u00e0\\\/progetti\",\"breadcrumb\":{\"@id\":\"https:\\\/\\\/www.accuratereviews.com\\\/it\\\/software-progetti-agile\\\/rooftop-recensione\\\/#breadcrumb\"},\"inLanguage\":\"it-IT\",\"potentialAction\":[{\"@type\":\"ReadAction\",\"target\":[\"https:\\\/\\\/www.accuratereviews.com\\\/it\\\/software-progetti-agile\\\/rooftop-recensione\\\/\"]}]},{\"@type\":\"ImageObject\",\"inLanguage\":\"it-IT\",\"@id\":\"https:\\\/\\\/www.accuratereviews.com\\\/it\\\/software-progetti-agile\\\/rooftop-recensione\\\/#primaryimage\",\"url\":\"https:\\\/\\\/www.accuratereviews.com\\\/wp-content\\\/uploads\\\/2023\\\/10\\\/606c37082ab6763662f606d6_Rooftop-color-big.png\",\"contentUrl\":\"https:\\\/\\\/www.accuratereviews.com\\\/wp-content\\\/uploads\\\/2023\\\/10\\\/606c37082ab6763662f606d6_Rooftop-color-big.png\",\"width\":2048,\"height\":436},{\"@type\":\"BreadcrumbList\",\"@id\":\"https:\\\/\\\/www.accuratereviews.com\\\/it\\\/software-progetti-agile\\\/rooftop-recensione\\\/#breadcrumb\",\"itemListElement\":[{\"@type\":\"ListItem\",\"position\":1,\"name\":\"Home\",\"item\":\"https:\\\/\\\/www.accuratereviews.com\\\/it\\\/\"},{\"@type\":\"ListItem\",\"position\":2,\"name\":\"Software progetti Agile\",\"item\":\"https:\\\/\\\/www.accuratereviews.com\\\/it\\\/software-progetti-agile\\\/\"},{\"@type\":\"ListItem\",\"position\":3,\"name\":\"Rooftop\"}]},{\"@type\":\"WebSite\",\"@id\":\"https:\\\/\\\/www.accuratereviews.com\\\/it\\\/#website\",\"url\":\"https:\\\/\\\/www.accuratereviews.com\\\/it\\\/\",\"name\":\"Accurate Reviews\",\"description\":\"\",\"potentialAction\":[{\"@type\":\"SearchAction\",\"target\":{\"@type\":\"EntryPoint\",\"urlTemplate\":\"https:\\\/\\\/www.accuratereviews.com\\\/it\\\/?s={search_term_string}\"},\"query-input\":{\"@type\":\"PropertyValueSpecification\",\"valueRequired\":true,\"valueName\":\"search_term_string\"}}],\"inLanguage\":\"it-IT\"}]}<\/script>\n<!-- \/ Yoast SEO plugin. -->","yoast_head_json":{"title":"Rooftop: recensione software gestionale progetti Agile- Accurate Reviews","description":"Rooftop: recensione piattaforma di collaborazione per aiutare nella gestione email, nell'assistenza clienti e organizzazione attivit\u00e0\/progetti","robots":{"index":"index","follow":"follow","max-snippet":"max-snippet:-1","max-image-preview":"max-image-preview:large","max-video-preview":"max-video-preview:-1"},"canonical":"https:\/\/www.accuratereviews.com\/it\/software-progetti-agile\/rooftop-recensione\/","og_locale":"it_IT","og_type":"article","og_title":"Rooftop: recensione software gestionale progetti Agile- Accurate Reviews","og_description":"Rooftop: recensione piattaforma di collaborazione per aiutare nella gestione email, nell'assistenza clienti e organizzazione attivit\u00e0\/progetti","og_url":"https:\/\/www.accuratereviews.com\/it\/software-progetti-agile\/rooftop-recensione\/","og_site_name":"Accurate Reviews","article_modified_time":"2023-10-28T08:28:25+00:00","og_image":[{"width":2048,"height":436,"url":"https:\/\/www.accuratereviews.com\/wp-content\/uploads\/2023\/10\/606c37082ab6763662f606d6_Rooftop-color-big.png","type":"image\/png"}],"twitter_card":"summary_large_image","twitter_misc":{"Tempo di lettura stimato":"4 minuti"},"schema":{"@context":"https:\/\/schema.org","@graph":[{"@type":"WebPage","@id":"https:\/\/www.accuratereviews.com\/it\/software-progetti-agile\/rooftop-recensione\/","url":"https:\/\/www.accuratereviews.com\/it\/software-progetti-agile\/rooftop-recensione\/","name":"Rooftop: recensione software gestionale progetti Agile- Accurate Reviews","isPartOf":{"@id":"https:\/\/www.accuratereviews.com\/it\/#website"},"primaryImageOfPage":{"@id":"https:\/\/www.accuratereviews.com\/it\/software-progetti-agile\/rooftop-recensione\/#primaryimage"},"image":{"@id":"https:\/\/www.accuratereviews.com\/it\/software-progetti-agile\/rooftop-recensione\/#primaryimage"},"thumbnailUrl":"https:\/\/www.accuratereviews.com\/wp-content\/uploads\/2023\/10\/606c37082ab6763662f606d6_Rooftop-color-big.png","datePublished":"2023-09-26T10:26:19+00:00","dateModified":"2023-10-28T08:28:25+00:00","description":"Rooftop: recensione piattaforma di collaborazione per aiutare nella gestione email, nell'assistenza clienti e organizzazione attivit\u00e0\/progetti","breadcrumb":{"@id":"https:\/\/www.accuratereviews.com\/it\/software-progetti-agile\/rooftop-recensione\/#breadcrumb"},"inLanguage":"it-IT","potentialAction":[{"@type":"ReadAction","target":["https:\/\/www.accuratereviews.com\/it\/software-progetti-agile\/rooftop-recensione\/"]}]},{"@type":"ImageObject","inLanguage":"it-IT","@id":"https:\/\/www.accuratereviews.com\/it\/software-progetti-agile\/rooftop-recensione\/#primaryimage","url":"https:\/\/www.accuratereviews.com\/wp-content\/uploads\/2023\/10\/606c37082ab6763662f606d6_Rooftop-color-big.png","contentUrl":"https:\/\/www.accuratereviews.com\/wp-content\/uploads\/2023\/10\/606c37082ab6763662f606d6_Rooftop-color-big.png","width":2048,"height":436},{"@type":"BreadcrumbList","@id":"https:\/\/www.accuratereviews.com\/it\/software-progetti-agile\/rooftop-recensione\/#breadcrumb","itemListElement":[{"@type":"ListItem","position":1,"name":"Home","item":"https:\/\/www.accuratereviews.com\/it\/"},{"@type":"ListItem","position":2,"name":"Software progetti Agile","item":"https:\/\/www.accuratereviews.com\/it\/software-progetti-agile\/"},{"@type":"ListItem","position":3,"name":"Rooftop"}]},{"@type":"WebSite","@id":"https:\/\/www.accuratereviews.com\/it\/#website","url":"https:\/\/www.accuratereviews.com\/it\/","name":"Accurate Reviews","description":"","potentialAction":[{"@type":"SearchAction","target":{"@type":"EntryPoint","urlTemplate":"https:\/\/www.accuratereviews.com\/it\/?s={search_term_string}"},"query-input":{"@type":"PropertyValueSpecification","valueRequired":true,"valueName":"search_term_string"}}],"inLanguage":"it-IT"}]}},"_links":{"self":[{"href":"https:\/\/www.accuratereviews.com\/it\/wp-json\/wp\/v2\/pages\/72089","targetHints":{"allow":["GET"]}}],"collection":[{"href":"https:\/\/www.accuratereviews.com\/it\/wp-json\/wp\/v2\/pages"}],"about":[{"href":"https:\/\/www.accuratereviews.com\/it\/wp-json\/wp\/v2\/types\/page"}],"author":[{"embeddable":true,"href":"https:\/\/www.accuratereviews.com\/it\/wp-json\/wp\/v2\/users\/19"}],"replies":[{"embeddable":true,"href":"https:\/\/www.accuratereviews.com\/it\/wp-json\/wp\/v2\/comments?post=72089"}],"version-history":[{"count":11,"href":"https:\/\/www.accuratereviews.com\/it\/wp-json\/wp\/v2\/pages\/72089\/revisions"}],"predecessor-version":[{"id":72576,"href":"https:\/\/www.accuratereviews.com\/it\/wp-json\/wp\/v2\/pages\/72089\/revisions\/72576"}],"up":[{"embeddable":true,"href":"https:\/\/www.accuratereviews.com\/it\/wp-json\/wp\/v2\/pages\/71820"}],"wp:featuredmedia":[{"embeddable":true,"href":"https:\/\/www.accuratereviews.com\/it\/wp-json\/wp\/v2\/media\/72465"}],"wp:attachment":[{"href":"https:\/\/www.accuratereviews.com\/it\/wp-json\/wp\/v2\/media?parent=72089"}],"wp:term":[{"taxonomy":"category","embeddable":true,"href":"https:\/\/www.accuratereviews.com\/it\/wp-json\/wp\/v2\/categories?post=72089"},{"taxonomy":"post_tag","embeddable":true,"href":"https:\/\/www.accuratereviews.com\/it\/wp-json\/wp\/v2\/tags?post=72089"},{"taxonomy":"features","embeddable":true,"href":"https:\/\/www.accuratereviews.com\/it\/wp-json\/wp\/v2\/features?post=72089"}],"curies":[{"name":"wp","href":"https:\/\/api.w.org\/{rel}","templated":true}]}}