{"id":72125,"date":"2023-09-27T10:40:13","date_gmt":"2023-09-27T10:40:13","guid":{"rendered":"https:\/\/www.accuratereviews.com\/?page_id=72125"},"modified":"2023-10-26T10:33:19","modified_gmt":"2023-10-26T10:33:19","slug":"teamhood-recensione","status":"publish","type":"page","link":"https:\/\/www.accuratereviews.com\/it\/software-progetti-agile\/teamhood-recensione\/","title":{"rendered":"Teamhood"},"content":{"rendered":"<p><strong>Teamhood<\/strong> \u00e8 una soluzione di <strong>gestione e collaborazione dei progetti<\/strong> per team ad alte prestazioni. Visualizza qualsiasi processo con bacheche Kanban avanzate, pianifica le fasi del progetto con la visualizzazione del diagramma di Gantt, pianifica il lavoro in una sequenza temporale ed esamina il carico di lavoro per assicurarti che nessuno sia oberato di lavoro. Con il programma potrai usufruire delle funzionalit\u00e0 tradizionali di gestione dei progetti come date di scadenza delle attivit\u00e0, descrizioni, dipendenze e report, nonch\u00e9 di strumenti e funzionalit\u00e0 di collaborazione aggiuntivi come commenti, monitoraggio del tempo, metriche utilizzabili e altro ancora. Condividi facilmente le tue task board all&#8217;interno dell&#8217;organizzazione e con partner esterni rendendo il processo del progetto visivo e facile da gestire.<\/p>\n<h2><strong>TEAMHOOD &#8211; TUTORIAL<\/strong><\/h2>\n<div id=\"fluid-wrapper-counter-1\" class=\"g1-fluid-wrapper \" style=\"width:686px;\">\n<div style=\"padding-bottom:56.268221574344%;\"><iframe loading=\"lazy\" title=\"Easy project management with Teamhood\" width=\"686\" height=\"386\" src=\"https:\/\/www.youtube.com\/embed\/sk0Ze3tkV_o?feature=oembed&amp;wmode=transparent&amp;autohide=1&amp;autoplay=0&amp;disablekb=0&amp;fs=1&amp;loop=0&amp;enablejsapi=1&amp;rel=0&amp;controls=2&amp;showinfo=0&amp;wmode=transparent&amp;autohide=2&amp;autoplay=0&amp;disablekb=0&amp;fs=1&amp;loop=0&amp;enablejsapi=1&amp;rel=0&amp;controls=2&amp;showinfo=1\" frameborder=\"0\" allow=\"accelerometer; autoplay; clipboard-write; encrypted-media; gyroscope; picture-in-picture; web-share\" allowfullscreen><\/iframe><\/div>\n<\/div>\n<h3><strong>TEAMHOOD &#8211; CARATTERISTICHE<\/strong><\/h3>\n<ul>\n<li><strong>Pianificazione della tabella di marcia: m<\/strong>antieni i tuoi team, stakeholder e partner sulla buona strada. Visualizza la tua roadmap sui diagrammi di Gantt. Strutturalo in fasi e livelli secondari per trarne vantaggio sia per scopi strategici che operativi.<\/li>\n<li><strong>Scalabile<\/strong>: crea una struttura per il tuo arretrato. Classifica gli elementi in colonne, righe, colori o tag. Stabilisci priorit\u00e0 chiare anche quando si tratta di grandi quantit\u00e0 di articoli.<\/li>\n<li><strong>Sprint<\/strong>: consegnare spesso e presto. Crea sprint, monitora l&#8217;esecuzione e misura i parametri prestazionali del tuo team. Diventa una squadra con prestazioni migliori dopo ogni sprint.<\/li>\n<li><strong>Storie degli utenti<\/strong>: suddividi le storie degli utenti in attivit\u00e0 pi\u00f9 piccole per garantire chiarezza e consegna tempestiva. Tieni traccia delle attivit\u00e0 a livello operativo. Assicurati che la qualit\u00e0 e i dettagli siano gestiti.<\/li>\n<li><strong>Metriche delle prestazioni<\/strong>: migliora le prestazioni del tuo team utilizzando la dashboard delle metriche agili. Individua i colli di bottiglia, esamina le possibilit\u00e0 di migliorare il time-to-market o bilancia il tuo arretrato.<\/li>\n<li><strong>Monitoraggio dei problemi<\/strong>: ricevi richieste di bug da chiunque nell&#8217;organizzazione o via email dai tuoi clienti. Usa righe, tag, colori per classificare i bug. Ricevi notifiche per controllare il processo di tracciamento dei bug.<\/li>\n<li><strong>Integrazioni:<\/strong> integra la soluzione con le tue app di chat preferite o con la suite aziendale Office365. Sfrutta le integrazioni Single Sign On (SSO) e SCIM per gli utenti aziendali. Oppure collegio a oltre 3500 strumenti popolari tramite Zapier o Open API.<\/li>\n<\/ul>\n<h4>LE RECENSIONI DEGLI UTENTI<\/h4>\n<p><strong>Uosis&#8221;Breve recensione&#8221;<\/strong><br \/>\n<strong>Pro<\/strong>: Software versatile e facile da usare. Consigliato.<br \/>\n<strong>Contro<\/strong>: Non posso dire niente di negativo o non l&#8217;ho ancora scoperto.<\/p>\n<p><strong>Karolis&#8221;Recensione&#8221;<\/strong><br \/>\n<strong>Commenti<\/strong>: Rende pi\u00f9 semplice la comunicazione tra i datori di lavoro.<br \/>\n<strong>Pro<\/strong>: Assistenza clienti facile da usare, reattiva e di alta competenza.<br \/>\n<strong>Contro<\/strong>: Abbiamo avuto alcuni problemi con gli utenti Safari.<\/p>\n<p><strong>Egidijus&#8221;Compiti e gestione del progetto&#8221;<\/strong><br \/>\n<strong>Commenti<\/strong>: Gestione delle attivit\u00e0 pi\u00f9 semplice e possibilit\u00e0 di creare elementi secondari, il che \u00e8 molto utile per i progetti quando si utilizzano attivit\u00e0 secondarie. Nessun problema per gli utenti quando utilizzano Teamhood<br \/>\n<strong>Pro<\/strong>: Facilit\u00e0 d&#8217;uso, software semplice, supporto immediato, opzione di monitoraggio del tempo delle attivit\u00e0 \u00e8 eccezionale.<br \/>\n<strong>Contro<\/strong>: Non ne ho ancora trovato nessuno poich\u00e9 ha tutte le funzioni di cui abbiamo attualmente bisogno.<\/p>\n","protected":false},"excerpt":{"rendered":"<p>Teamhood \u00e8 una soluzione di gestione e collaborazione dei progetti per team ad alte prestazioni. Visualizza qualsiasi processo con bacheche Kanban avanzate, pianifica le fasi del progetto con la visualizzazione del diagramma di Gantt, pianifica il lavoro in una sequenza temporale ed esamina il carico di lavoro per assicurarti che nessuno sia oberato di lavoro.<\/p>\n","protected":false},"author":19,"featured_media":72127,"parent":71820,"menu_order":0,"comment_status":"open","ping_status":"closed","template":"g1_template_page_review_new.php","meta":{"_acf_changed":false,"cwp_meta_box_check":"Yes","cwp_rev_product_name":"","cwp_rev_product_image":"","wppr_links":[],"cwp_rev_price":"0.00","wppr_options":[{"name":"Usability","value":"0"},{"name":"Speed","value":"0"},{"name":"Features","value":"0"},{"name":"Support","value":"0"},{"name":"Pricing","value":"0"}],"wppr_pros":["","","","",""],"wppr_cons":["","","","",""],"_monsterinsights_skip_tracking":false,"_monsterinsights_sitenote_active":false,"_monsterinsights_sitenote_note":"","_monsterinsights_sitenote_category":0,"footnotes":""},"categories":[2892],"tags":[2916,14655,2992,14656,14658,2989,2985,2990,2984,14689],"features":[],"class_list":{"0":"post-72125","1":"page","2":"type-page","3":"status-publish","4":"has-post-thumbnail","6":"category-gestionale-per-progetti-agile","7":"tag-gestionale-agile","8":"tag-gestionale-progetti-agile","9":"tag-piattaforma-gestionale-agile","10":"tag-programma-gestionale-agile","11":"tag-programma-gestionale-progetti-agile","12":"tag-software-gestionale-agile","13":"tag-software-gestionale-progetti-agile","14":"tag-soluzione-gestionale-agile","15":"tag-soluzione-gestionale-progetti-agile","16":"tag-teamhood"},"wppr_data":{"cwp_meta_box_check":"Yes","_wppr_review_template":"default","cwp_rev_product_image":"","cwp_image_link":"image","wppr_links":[],"cwp_rev_price":"0.00","wppr_pros":["","","","",""],"wppr_cons":["","","","",""],"wppr_rating":"0.00","wppr_options":{"1":{"name":"Usability","value":"0"},"2":{"name":"Speed","value":"0"},"3":{"name":"Features","value":"0"},"4":{"name":"Support","value":"0"},"5":{"name":"Pricing","value":"0"}},"wppr_review_type":"Product","wppr_review_custom_fields":{"additionalProperty":"","additionalType":"","aggregateRating":"","alternateName":"","audience":"","award":"","awards":"","brand":"","color":"","depth":"","description":"","disambiguatingDescription":"","gtin12":"","gtin13":"","gtin14":"","gtin8":"","height":"","identifier":"","image":"","isAccessoryOrSparePartFor":"","isConsumableFor":"","isRelatedTo":"","isSimilarTo":"","itemCondition":"","logo":"","mainEntityOfPage":"","manufacturer":"","material":"","model":"","mpn":"","name":"","offers":"","potentialAction":"","productID":"","productionDate":"","purchaseDate":"","releaseDate":"","review":"","reviews":"","sameAs":"","sku":"","slogan":"","subjectOf":"","url":"","weight":"","width":""}},"acf":[],"yoast_head":"<!-- This site is optimized with the Yoast SEO plugin v27.4 - https:\/\/yoast.com\/product\/yoast-seo-wordpress\/ -->\n<title>Teamhood: recensione software gestionale progetti Agile - Accurate Reviews<\/title>\n<meta name=\"description\" content=\"Teamhood: recensione soluzione di gestione e collaborazione dei progetti per team ad alte prestazioni facile da usare.\" \/>\n<meta name=\"robots\" content=\"index, follow, max-snippet:-1, max-image-preview:large, max-video-preview:-1\" \/>\n<link rel=\"canonical\" href=\"https:\/\/www.accuratereviews.com\/it\/software-progetti-agile\/teamhood-recensione\/\" \/>\n<meta property=\"og:locale\" content=\"it_IT\" \/>\n<meta property=\"og:type\" content=\"article\" \/>\n<meta property=\"og:title\" content=\"Teamhood: recensione software gestionale progetti Agile - Accurate Reviews\" \/>\n<meta property=\"og:description\" content=\"Teamhood: recensione soluzione di gestione e collaborazione dei progetti per team ad alte prestazioni facile da usare.\" \/>\n<meta property=\"og:url\" content=\"https:\/\/www.accuratereviews.com\/it\/software-progetti-agile\/teamhood-recensione\/\" \/>\n<meta property=\"og:site_name\" content=\"Accurate Reviews\" \/>\n<meta property=\"article:modified_time\" content=\"2023-10-26T10:33:19+00:00\" \/>\n<meta property=\"og:image\" content=\"https:\/\/www.accuratereviews.com\/wp-content\/uploads\/2023\/09\/Teamhood.jpeg\" \/>\n\t<meta property=\"og:image:width\" content=\"224\" \/>\n\t<meta property=\"og:image:height\" content=\"224\" \/>\n\t<meta property=\"og:image:type\" content=\"image\/jpeg\" \/>\n<meta name=\"twitter:card\" content=\"summary_large_image\" \/>\n<meta name=\"twitter:label1\" content=\"Tempo di lettura stimato\" \/>\n\t<meta name=\"twitter:data1\" content=\"3 minuti\" \/>\n<script type=\"application\/ld+json\" class=\"yoast-schema-graph\">{\"@context\":\"https:\\\/\\\/schema.org\",\"@graph\":[{\"@type\":\"WebPage\",\"@id\":\"https:\\\/\\\/www.accuratereviews.com\\\/it\\\/software-progetti-agile\\\/teamhood-recensione\\\/\",\"url\":\"https:\\\/\\\/www.accuratereviews.com\\\/it\\\/software-progetti-agile\\\/teamhood-recensione\\\/\",\"name\":\"Teamhood: recensione software gestionale progetti Agile - Accurate Reviews\",\"isPartOf\":{\"@id\":\"https:\\\/\\\/www.accuratereviews.com\\\/it\\\/#website\"},\"primaryImageOfPage\":{\"@id\":\"https:\\\/\\\/www.accuratereviews.com\\\/it\\\/software-progetti-agile\\\/teamhood-recensione\\\/#primaryimage\"},\"image\":{\"@id\":\"https:\\\/\\\/www.accuratereviews.com\\\/it\\\/software-progetti-agile\\\/teamhood-recensione\\\/#primaryimage\"},\"thumbnailUrl\":\"https:\\\/\\\/www.accuratereviews.com\\\/wp-content\\\/uploads\\\/2023\\\/09\\\/Teamhood.jpeg\",\"datePublished\":\"2023-09-27T10:40:13+00:00\",\"dateModified\":\"2023-10-26T10:33:19+00:00\",\"description\":\"Teamhood: recensione soluzione di gestione e collaborazione dei progetti per team ad alte prestazioni facile da usare.\",\"breadcrumb\":{\"@id\":\"https:\\\/\\\/www.accuratereviews.com\\\/it\\\/software-progetti-agile\\\/teamhood-recensione\\\/#breadcrumb\"},\"inLanguage\":\"it-IT\",\"potentialAction\":[{\"@type\":\"ReadAction\",\"target\":[\"https:\\\/\\\/www.accuratereviews.com\\\/it\\\/software-progetti-agile\\\/teamhood-recensione\\\/\"]}]},{\"@type\":\"ImageObject\",\"inLanguage\":\"it-IT\",\"@id\":\"https:\\\/\\\/www.accuratereviews.com\\\/it\\\/software-progetti-agile\\\/teamhood-recensione\\\/#primaryimage\",\"url\":\"https:\\\/\\\/www.accuratereviews.com\\\/wp-content\\\/uploads\\\/2023\\\/09\\\/Teamhood.jpeg\",\"contentUrl\":\"https:\\\/\\\/www.accuratereviews.com\\\/wp-content\\\/uploads\\\/2023\\\/09\\\/Teamhood.jpeg\",\"width\":224,\"height\":224},{\"@type\":\"BreadcrumbList\",\"@id\":\"https:\\\/\\\/www.accuratereviews.com\\\/it\\\/software-progetti-agile\\\/teamhood-recensione\\\/#breadcrumb\",\"itemListElement\":[{\"@type\":\"ListItem\",\"position\":1,\"name\":\"Home\",\"item\":\"https:\\\/\\\/www.accuratereviews.com\\\/it\\\/\"},{\"@type\":\"ListItem\",\"position\":2,\"name\":\"Software progetti Agile\",\"item\":\"https:\\\/\\\/www.accuratereviews.com\\\/it\\\/software-progetti-agile\\\/\"},{\"@type\":\"ListItem\",\"position\":3,\"name\":\"Teamhood\"}]},{\"@type\":\"WebSite\",\"@id\":\"https:\\\/\\\/www.accuratereviews.com\\\/it\\\/#website\",\"url\":\"https:\\\/\\\/www.accuratereviews.com\\\/it\\\/\",\"name\":\"Accurate Reviews\",\"description\":\"\",\"potentialAction\":[{\"@type\":\"SearchAction\",\"target\":{\"@type\":\"EntryPoint\",\"urlTemplate\":\"https:\\\/\\\/www.accuratereviews.com\\\/it\\\/?s={search_term_string}\"},\"query-input\":{\"@type\":\"PropertyValueSpecification\",\"valueRequired\":true,\"valueName\":\"search_term_string\"}}],\"inLanguage\":\"it-IT\"}]}<\/script>\n<!-- \/ Yoast SEO plugin. -->","yoast_head_json":{"title":"Teamhood: recensione software gestionale progetti Agile - Accurate Reviews","description":"Teamhood: recensione soluzione di gestione e collaborazione dei progetti per team ad alte prestazioni facile da usare.","robots":{"index":"index","follow":"follow","max-snippet":"max-snippet:-1","max-image-preview":"max-image-preview:large","max-video-preview":"max-video-preview:-1"},"canonical":"https:\/\/www.accuratereviews.com\/it\/software-progetti-agile\/teamhood-recensione\/","og_locale":"it_IT","og_type":"article","og_title":"Teamhood: recensione software gestionale progetti Agile - Accurate Reviews","og_description":"Teamhood: recensione soluzione di gestione e collaborazione dei progetti per team ad alte prestazioni facile da usare.","og_url":"https:\/\/www.accuratereviews.com\/it\/software-progetti-agile\/teamhood-recensione\/","og_site_name":"Accurate Reviews","article_modified_time":"2023-10-26T10:33:19+00:00","og_image":[{"width":224,"height":224,"url":"https:\/\/www.accuratereviews.com\/wp-content\/uploads\/2023\/09\/Teamhood.jpeg","type":"image\/jpeg"}],"twitter_card":"summary_large_image","twitter_misc":{"Tempo di lettura stimato":"3 minuti"},"schema":{"@context":"https:\/\/schema.org","@graph":[{"@type":"WebPage","@id":"https:\/\/www.accuratereviews.com\/it\/software-progetti-agile\/teamhood-recensione\/","url":"https:\/\/www.accuratereviews.com\/it\/software-progetti-agile\/teamhood-recensione\/","name":"Teamhood: recensione software gestionale progetti Agile - Accurate Reviews","isPartOf":{"@id":"https:\/\/www.accuratereviews.com\/it\/#website"},"primaryImageOfPage":{"@id":"https:\/\/www.accuratereviews.com\/it\/software-progetti-agile\/teamhood-recensione\/#primaryimage"},"image":{"@id":"https:\/\/www.accuratereviews.com\/it\/software-progetti-agile\/teamhood-recensione\/#primaryimage"},"thumbnailUrl":"https:\/\/www.accuratereviews.com\/wp-content\/uploads\/2023\/09\/Teamhood.jpeg","datePublished":"2023-09-27T10:40:13+00:00","dateModified":"2023-10-26T10:33:19+00:00","description":"Teamhood: recensione soluzione di gestione e collaborazione dei progetti per team ad alte prestazioni facile da usare.","breadcrumb":{"@id":"https:\/\/www.accuratereviews.com\/it\/software-progetti-agile\/teamhood-recensione\/#breadcrumb"},"inLanguage":"it-IT","potentialAction":[{"@type":"ReadAction","target":["https:\/\/www.accuratereviews.com\/it\/software-progetti-agile\/teamhood-recensione\/"]}]},{"@type":"ImageObject","inLanguage":"it-IT","@id":"https:\/\/www.accuratereviews.com\/it\/software-progetti-agile\/teamhood-recensione\/#primaryimage","url":"https:\/\/www.accuratereviews.com\/wp-content\/uploads\/2023\/09\/Teamhood.jpeg","contentUrl":"https:\/\/www.accuratereviews.com\/wp-content\/uploads\/2023\/09\/Teamhood.jpeg","width":224,"height":224},{"@type":"BreadcrumbList","@id":"https:\/\/www.accuratereviews.com\/it\/software-progetti-agile\/teamhood-recensione\/#breadcrumb","itemListElement":[{"@type":"ListItem","position":1,"name":"Home","item":"https:\/\/www.accuratereviews.com\/it\/"},{"@type":"ListItem","position":2,"name":"Software progetti Agile","item":"https:\/\/www.accuratereviews.com\/it\/software-progetti-agile\/"},{"@type":"ListItem","position":3,"name":"Teamhood"}]},{"@type":"WebSite","@id":"https:\/\/www.accuratereviews.com\/it\/#website","url":"https:\/\/www.accuratereviews.com\/it\/","name":"Accurate Reviews","description":"","potentialAction":[{"@type":"SearchAction","target":{"@type":"EntryPoint","urlTemplate":"https:\/\/www.accuratereviews.com\/it\/?s={search_term_string}"},"query-input":{"@type":"PropertyValueSpecification","valueRequired":true,"valueName":"search_term_string"}}],"inLanguage":"it-IT"}]}},"_links":{"self":[{"href":"https:\/\/www.accuratereviews.com\/it\/wp-json\/wp\/v2\/pages\/72125","targetHints":{"allow":["GET"]}}],"collection":[{"href":"https:\/\/www.accuratereviews.com\/it\/wp-json\/wp\/v2\/pages"}],"about":[{"href":"https:\/\/www.accuratereviews.com\/it\/wp-json\/wp\/v2\/types\/page"}],"author":[{"embeddable":true,"href":"https:\/\/www.accuratereviews.com\/it\/wp-json\/wp\/v2\/users\/19"}],"replies":[{"embeddable":true,"href":"https:\/\/www.accuratereviews.com\/it\/wp-json\/wp\/v2\/comments?post=72125"}],"version-history":[{"count":9,"href":"https:\/\/www.accuratereviews.com\/it\/wp-json\/wp\/v2\/pages\/72125\/revisions"}],"predecessor-version":[{"id":72538,"href":"https:\/\/www.accuratereviews.com\/it\/wp-json\/wp\/v2\/pages\/72125\/revisions\/72538"}],"up":[{"embeddable":true,"href":"https:\/\/www.accuratereviews.com\/it\/wp-json\/wp\/v2\/pages\/71820"}],"wp:featuredmedia":[{"embeddable":true,"href":"https:\/\/www.accuratereviews.com\/it\/wp-json\/wp\/v2\/media\/72127"}],"wp:attachment":[{"href":"https:\/\/www.accuratereviews.com\/it\/wp-json\/wp\/v2\/media?parent=72125"}],"wp:term":[{"taxonomy":"category","embeddable":true,"href":"https:\/\/www.accuratereviews.com\/it\/wp-json\/wp\/v2\/categories?post=72125"},{"taxonomy":"post_tag","embeddable":true,"href":"https:\/\/www.accuratereviews.com\/it\/wp-json\/wp\/v2\/tags?post=72125"},{"taxonomy":"features","embeddable":true,"href":"https:\/\/www.accuratereviews.com\/it\/wp-json\/wp\/v2\/features?post=72125"}],"curies":[{"name":"wp","href":"https:\/\/api.w.org\/{rel}","templated":true}]}}