{"id":72141,"date":"2023-09-28T10:38:35","date_gmt":"2023-09-28T10:38:35","guid":{"rendered":"https:\/\/www.accuratereviews.com\/?page_id=72141"},"modified":"2023-10-30T22:34:38","modified_gmt":"2023-10-30T22:34:38","slug":"project-central-recensione","status":"publish","type":"page","link":"https:\/\/www.accuratereviews.com\/it\/software-progetti-agile\/project-central-recensione\/","title":{"rendered":"Project Central"},"content":{"rendered":"<p><strong>Project Central<\/strong> \u00e8 un software basato su <strong>cloud<\/strong> progettato per aiutare i team che utilizzano Microsoft Office 365 a pianificare, organizzare e tenere traccia dei progetti. La dashboard centralizzata consente ai manager di assegnare attivit\u00e0 ai membri del team e impostare date di scadenza in tempo reale. Possono monitorare lo stato di avanzamento delle attivit\u00e0 in corso attraverso gli aggiornamenti di stato e ottenere informazioni dettagliate sulle prestazioni dei dipendenti. Il modulo di gestione delle attivit\u00e0 permette ai professionisti di aggiungere informazioni rilevanti, collegamenti, documenti corrispondenti, assegnatari e commenti aggiuntivi su vari lavori. <strong>Project Central<\/strong> consente inoltre ai dipendenti di registrare le modifiche apportate agli stati dei progetti, ai report di completamento, ai tag e ad altri attributi, migliorando la trasparenza organizzativa.<\/p>\n<h2>PROJECT CENTRAL &#8211; TUTORIAL<\/h2>\n<div id=\"fluid-wrapper-counter-1\" class=\"g1-fluid-wrapper \" style=\"width:686px;\">\n<div style=\"padding-bottom:56.268221574344%;\"><iframe loading=\"lazy\" title=\"Getting Started with Project Central\" width=\"515\" height=\"386\" src=\"https:\/\/www.youtube.com\/embed\/XgZ5qNYlIjU?feature=oembed&amp;wmode=transparent&amp;autohide=1&amp;autoplay=0&amp;disablekb=0&amp;fs=1&amp;loop=0&amp;enablejsapi=1&amp;rel=0&amp;controls=2&amp;showinfo=0&amp;wmode=transparent&amp;autohide=2&amp;autoplay=0&amp;disablekb=0&amp;fs=1&amp;loop=0&amp;enablejsapi=1&amp;rel=0&amp;controls=2&amp;showinfo=1\" frameborder=\"0\" allow=\"accelerometer; autoplay; clipboard-write; encrypted-media; gyroscope; picture-in-picture; web-share\" allowfullscreen><\/iframe><\/div>\n<\/div>\n<h3>PROJECT CENTRAL &#8211; CARATTERISTICHE<\/h3>\n<ul>\n<li>Utilizza i dettagli dell&#8217;account aziendale di Microsoft 365 per accedere alla soluzione con Single Sign-On. Applica le autorizzazioni Microsoft 365 esistenti, come l&#8217;autenticazione a pi\u00f9 fattori, per un controllo completo.<\/li>\n<li>Aggiungi facilmente membri del team a un progetto non \u00e8 necessario creare nuovi profili o accessi univoci.<\/li>\n<li>Collabora in Microsoft Teams con un&#8217;app nativa. Conserva tutte le informazioni sul progetto, le conversazioni e le riunioni in un unico posto per una visibilit\u00e0 completa.<\/li>\n<li>Connetti un progetto a una raccolta documenti di SharePoint Online per collaborare su file e risultati finali. Utilizza le autorizzazioni nella raccolta di SharePoint per controllare l&#8217;accesso ai documenti di progetto.<\/li>\n<li>Gli utenti possono allegare l&#8217;intera raccolta documenti o una cartella particolare al progetto. I file di progetto rimangono nell&#8217;ambiente SharePoint.<\/li>\n<li>Collega l&#8217;elenco delle attivit\u00e0 direttamente al calendario di Outlook. Non perdere mai una scadenza o un promemoria per il check-in con un cliente.<\/li>\n<li>I diagrammi di Gantt ti offrono una visione completa della sequenza temporale del tuo progetto, delle attivit\u00e0 da svolgere e di come si incastrano tutte insieme.<\/li>\n<li>Assicurati che le attivit\u00e0 e i membri del team siano programmati nel giusto ordine per massimizzare l&#8217;efficienza e distribuire il lavoro in modo equilibrato.<\/li>\n<li>Regola rapidamente la durata di un&#8217;attivit\u00e0 trascinando le date di inizio o di fine oppure sposta l&#8217;attivit\u00e0 per mantenere l&#8217;intero progetto nei tempi previsti.<\/li>\n<li>Visualizza un riepilogo delle informazioni sul progetto a colpo d&#8217;occhio sulle Schede progetto. Utilizza le immagini del progetto per identificare rapidamente i progetti.<\/li>\n<li>Utilizza i filtri di progetto per creare visualizzazioni di progetti raggruppati, ad esempio per project manager, dipartimento o con scadenza imminente. Salva i filtri in modo da poter accedere nuovamente rapidamente a quel gruppo di progetti.<\/li>\n<\/ul>\n<h4>LE RECENSIONI DEGLI UTENTI<\/h4>\n<p><strong>Muhammad Saqib &#8220;Software per risparmiare tempo&#8221;<\/strong><br \/>\n<strong>Commenti<\/strong>: Nel complesso, questo \u00e8 un eccellente software di gestione dei progetti. aiuta facilmente a collaborare con il team.<br \/>\n<strong>Pro<\/strong>: Ero molto preoccupato di come collaborare con il mio team in modo efficace e tempestivo. Il mio amico mi ha consigliato di utilizzare il software Project Central. Questo software \u00e8 molto semplice, robusto e facile da usare.<br \/>\n<strong>Contro<\/strong>: non \u00e8 possibile utilizzare questo software senza un account Microsoft.<\/p>\n<p><strong>William &#8220;ProjectCentral \u00e8 fantastico&#8221;<\/strong><br \/>\n<strong>Commenti<\/strong>: Abbiamo la tendenza a considerare un progetto alla volta, il che ci fa perdere il quadro generale. Abbiamo molti progetti in corso in un dato momento. Quindi uno sguardo d&#8217;insieme \u00e8 di grande aiuto per noi. Abbiamo provato altri strumenti ma sono troppo difficili da usare e implementare.<br \/>\n<strong>Pro<\/strong>: La facilit\u00e0 di installazione e implementazione! Stavamo letteralmente utilizzando il software in pochi minuti. Inoltre, si adattava perfettamente alla nostra configurazione di Office365 e SharePoint. Il team di supporto \u00e8 super reattivo! C&#8217;\u00e8 anche una road map per aggiornamenti e miglioramenti. Quanto \u00e8 raro!!<br \/>\n<strong>Contro<\/strong>: Non ho vere antipatie perch\u00e9 si tratta di un software che sta crescendo in modo intelligente.<\/p>\n<p><strong>Meiri &#8220;Funzionalit\u00e0 chiave mancanti&#8221;<\/strong><br \/>\n<strong>Pro<\/strong>: \u00c8 stato facile da configurare e veloce da avviare. La chiamata di follow-up da parte del team di supporto \u00e8 stata un bel tocco.<br \/>\n<strong>Contro<\/strong>: Al prodotto mancavano le funzionalit\u00e0 delle attivit\u00e0 secondarie e delle dipendenze. Senza questi non sarebbe stato praticabile per l&#8217;uso di cui avevamo bisogno. Durante la chiamata di controllo al termine del periodo di prova, sono stato informato che entrambe le funzionalit\u00e0 sono nella roadmap di sviluppo per il terzo o quarto trimestre del 2020.<\/p>\n","protected":false},"excerpt":{"rendered":"<p>Project Central \u00e8 un software basato su cloud progettato per aiutare i team che utilizzano Microsoft Office 365 a pianificare, organizzare e tenere traccia dei progetti. La dashboard centralizzata consente ai manager di assegnare attivit\u00e0 ai membri del team e impostare date di scadenza in tempo reale. Possono monitorare lo stato di avanzamento delle attivit\u00e0 in corso attraverso gli aggiornamenti di stato e ottenere informazioni dettagliate sulle prestazioni dei dipendenti.<\/p>\n","protected":false},"author":19,"featured_media":72144,"parent":71820,"menu_order":0,"comment_status":"open","ping_status":"closed","template":"g1_template_page_review_new.php","meta":{"_acf_changed":false,"cwp_meta_box_check":"Yes","cwp_rev_product_name":"","cwp_rev_product_image":"","wppr_links":[],"cwp_rev_price":"0.00","wppr_options":[{"name":"Usability","value":"0"},{"name":"Speed","value":"0"},{"name":"Features","value":"0"},{"name":"Support","value":"0"},{"name":"Pricing","value":"0"}],"wppr_pros":["","","","",""],"wppr_cons":["","","","",""],"_monsterinsights_skip_tracking":false,"_monsterinsights_sitenote_active":false,"_monsterinsights_sitenote_note":"","_monsterinsights_sitenote_category":0,"footnotes":""},"categories":[2892],"tags":[2916,14655,14666,14691,14656,14658,14690,2989,2985,2990],"features":[],"class_list":{"0":"post-72141","1":"page","2":"type-page","3":"status-publish","4":"has-post-thumbnail","6":"category-gestionale-per-progetti-agile","7":"tag-gestionale-agile","8":"tag-gestionale-progetti-agile","9":"tag-piattaforma-gestionale-progetti-agile","10":"tag-piattaformagestionale-agile","11":"tag-programma-gestionale-agile","12":"tag-programma-gestionale-progetti-agile","13":"tag-project-central","14":"tag-software-gestionale-agile","15":"tag-software-gestionale-progetti-agile","16":"tag-soluzione-gestionale-agile"},"wppr_data":{"cwp_meta_box_check":"Yes","_wppr_review_template":"default","cwp_rev_product_image":"","cwp_image_link":"image","wppr_links":[],"cwp_rev_price":"0.00","wppr_pros":["","","","",""],"wppr_cons":["","","","",""],"wppr_rating":"0.00","wppr_options":{"1":{"name":"Usability","value":"0"},"2":{"name":"Speed","value":"0"},"3":{"name":"Features","value":"0"},"4":{"name":"Support","value":"0"},"5":{"name":"Pricing","value":"0"}},"wppr_review_type":"Product","wppr_review_custom_fields":{"additionalProperty":"","additionalType":"","aggregateRating":"","alternateName":"","audience":"","award":"","awards":"","brand":"","color":"","depth":"","description":"","disambiguatingDescription":"","gtin12":"","gtin13":"","gtin14":"","gtin8":"","height":"","identifier":"","image":"","isAccessoryOrSparePartFor":"","isConsumableFor":"","isRelatedTo":"","isSimilarTo":"","itemCondition":"","logo":"","mainEntityOfPage":"","manufacturer":"","material":"","model":"","mpn":"","name":"","offers":"","potentialAction":"","productID":"","productionDate":"","purchaseDate":"","releaseDate":"","review":"","reviews":"","sameAs":"","sku":"","slogan":"","subjectOf":"","url":"","weight":"","width":""}},"acf":[],"yoast_head":"<!-- This site is optimized with the Yoast SEO plugin v27.4 - https:\/\/yoast.com\/product\/yoast-seo-wordpress\/ -->\n<title>Project Central: recensione software gestionale progetti Agile - Accurate Reviews<\/title>\n<meta name=\"description\" content=\"Project Central: recensione gestionale progetti Agile include funzioni come \u00a0collaborazione, notifiche email, gestione dei file, diagrammi di Gantt e report.\" \/>\n<meta name=\"robots\" content=\"index, follow, max-snippet:-1, max-image-preview:large, max-video-preview:-1\" \/>\n<link rel=\"canonical\" href=\"https:\/\/www.accuratereviews.com\/it\/software-progetti-agile\/project-central-recensione\/\" \/>\n<meta property=\"og:locale\" content=\"it_IT\" \/>\n<meta property=\"og:type\" content=\"article\" \/>\n<meta property=\"og:title\" content=\"Project Central: recensione software gestionale progetti Agile - Accurate Reviews\" \/>\n<meta property=\"og:description\" content=\"Project Central: recensione gestionale progetti Agile include funzioni come \u00a0collaborazione, notifiche email, gestione dei file, diagrammi di Gantt e report.\" \/>\n<meta property=\"og:url\" content=\"https:\/\/www.accuratereviews.com\/it\/software-progetti-agile\/project-central-recensione\/\" \/>\n<meta property=\"og:site_name\" content=\"Accurate Reviews\" \/>\n<meta property=\"article:modified_time\" content=\"2023-10-30T22:34:38+00:00\" \/>\n<meta property=\"og:image\" content=\"https:\/\/www.accuratereviews.com\/wp-content\/uploads\/2023\/09\/project-central.webp\" \/>\n\t<meta property=\"og:image:width\" content=\"640\" \/>\n\t<meta property=\"og:image:height\" content=\"360\" \/>\n\t<meta property=\"og:image:type\" content=\"image\/webp\" \/>\n<meta name=\"twitter:card\" content=\"summary_large_image\" \/>\n<meta name=\"twitter:label1\" content=\"Tempo di lettura stimato\" \/>\n\t<meta name=\"twitter:data1\" content=\"4 minuti\" \/>\n<script type=\"application\/ld+json\" class=\"yoast-schema-graph\">{\"@context\":\"https:\\\/\\\/schema.org\",\"@graph\":[{\"@type\":\"WebPage\",\"@id\":\"https:\\\/\\\/www.accuratereviews.com\\\/it\\\/software-progetti-agile\\\/project-central-recensione\\\/\",\"url\":\"https:\\\/\\\/www.accuratereviews.com\\\/it\\\/software-progetti-agile\\\/project-central-recensione\\\/\",\"name\":\"Project Central: recensione software gestionale progetti Agile - Accurate Reviews\",\"isPartOf\":{\"@id\":\"https:\\\/\\\/www.accuratereviews.com\\\/it\\\/#website\"},\"primaryImageOfPage\":{\"@id\":\"https:\\\/\\\/www.accuratereviews.com\\\/it\\\/software-progetti-agile\\\/project-central-recensione\\\/#primaryimage\"},\"image\":{\"@id\":\"https:\\\/\\\/www.accuratereviews.com\\\/it\\\/software-progetti-agile\\\/project-central-recensione\\\/#primaryimage\"},\"thumbnailUrl\":\"https:\\\/\\\/www.accuratereviews.com\\\/wp-content\\\/uploads\\\/2023\\\/09\\\/project-central.webp\",\"datePublished\":\"2023-09-28T10:38:35+00:00\",\"dateModified\":\"2023-10-30T22:34:38+00:00\",\"description\":\"Project Central: recensione gestionale progetti Agile include funzioni come \u00a0collaborazione, notifiche email, gestione dei file, diagrammi di Gantt e report.\",\"breadcrumb\":{\"@id\":\"https:\\\/\\\/www.accuratereviews.com\\\/it\\\/software-progetti-agile\\\/project-central-recensione\\\/#breadcrumb\"},\"inLanguage\":\"it-IT\",\"potentialAction\":[{\"@type\":\"ReadAction\",\"target\":[\"https:\\\/\\\/www.accuratereviews.com\\\/it\\\/software-progetti-agile\\\/project-central-recensione\\\/\"]}]},{\"@type\":\"ImageObject\",\"inLanguage\":\"it-IT\",\"@id\":\"https:\\\/\\\/www.accuratereviews.com\\\/it\\\/software-progetti-agile\\\/project-central-recensione\\\/#primaryimage\",\"url\":\"https:\\\/\\\/www.accuratereviews.com\\\/wp-content\\\/uploads\\\/2023\\\/09\\\/project-central.webp\",\"contentUrl\":\"https:\\\/\\\/www.accuratereviews.com\\\/wp-content\\\/uploads\\\/2023\\\/09\\\/project-central.webp\",\"width\":640,\"height\":360},{\"@type\":\"BreadcrumbList\",\"@id\":\"https:\\\/\\\/www.accuratereviews.com\\\/it\\\/software-progetti-agile\\\/project-central-recensione\\\/#breadcrumb\",\"itemListElement\":[{\"@type\":\"ListItem\",\"position\":1,\"name\":\"Home\",\"item\":\"https:\\\/\\\/www.accuratereviews.com\\\/it\\\/\"},{\"@type\":\"ListItem\",\"position\":2,\"name\":\"Software progetti Agile\",\"item\":\"https:\\\/\\\/www.accuratereviews.com\\\/it\\\/software-progetti-agile\\\/\"},{\"@type\":\"ListItem\",\"position\":3,\"name\":\"Project Central\"}]},{\"@type\":\"WebSite\",\"@id\":\"https:\\\/\\\/www.accuratereviews.com\\\/it\\\/#website\",\"url\":\"https:\\\/\\\/www.accuratereviews.com\\\/it\\\/\",\"name\":\"Accurate Reviews\",\"description\":\"\",\"potentialAction\":[{\"@type\":\"SearchAction\",\"target\":{\"@type\":\"EntryPoint\",\"urlTemplate\":\"https:\\\/\\\/www.accuratereviews.com\\\/it\\\/?s={search_term_string}\"},\"query-input\":{\"@type\":\"PropertyValueSpecification\",\"valueRequired\":true,\"valueName\":\"search_term_string\"}}],\"inLanguage\":\"it-IT\"}]}<\/script>\n<!-- \/ Yoast SEO plugin. -->","yoast_head_json":{"title":"Project Central: recensione software gestionale progetti Agile - Accurate Reviews","description":"Project Central: recensione gestionale progetti Agile include funzioni come \u00a0collaborazione, notifiche email, gestione dei file, diagrammi di Gantt e report.","robots":{"index":"index","follow":"follow","max-snippet":"max-snippet:-1","max-image-preview":"max-image-preview:large","max-video-preview":"max-video-preview:-1"},"canonical":"https:\/\/www.accuratereviews.com\/it\/software-progetti-agile\/project-central-recensione\/","og_locale":"it_IT","og_type":"article","og_title":"Project Central: recensione software gestionale progetti Agile - Accurate Reviews","og_description":"Project Central: recensione gestionale progetti Agile include funzioni come \u00a0collaborazione, notifiche email, gestione dei file, diagrammi di Gantt e report.","og_url":"https:\/\/www.accuratereviews.com\/it\/software-progetti-agile\/project-central-recensione\/","og_site_name":"Accurate Reviews","article_modified_time":"2023-10-30T22:34:38+00:00","og_image":[{"width":640,"height":360,"url":"https:\/\/www.accuratereviews.com\/wp-content\/uploads\/2023\/09\/project-central.webp","type":"image\/webp"}],"twitter_card":"summary_large_image","twitter_misc":{"Tempo di lettura stimato":"4 minuti"},"schema":{"@context":"https:\/\/schema.org","@graph":[{"@type":"WebPage","@id":"https:\/\/www.accuratereviews.com\/it\/software-progetti-agile\/project-central-recensione\/","url":"https:\/\/www.accuratereviews.com\/it\/software-progetti-agile\/project-central-recensione\/","name":"Project Central: recensione software gestionale progetti Agile - Accurate Reviews","isPartOf":{"@id":"https:\/\/www.accuratereviews.com\/it\/#website"},"primaryImageOfPage":{"@id":"https:\/\/www.accuratereviews.com\/it\/software-progetti-agile\/project-central-recensione\/#primaryimage"},"image":{"@id":"https:\/\/www.accuratereviews.com\/it\/software-progetti-agile\/project-central-recensione\/#primaryimage"},"thumbnailUrl":"https:\/\/www.accuratereviews.com\/wp-content\/uploads\/2023\/09\/project-central.webp","datePublished":"2023-09-28T10:38:35+00:00","dateModified":"2023-10-30T22:34:38+00:00","description":"Project Central: recensione gestionale progetti Agile include funzioni come \u00a0collaborazione, notifiche email, gestione dei file, diagrammi di Gantt e report.","breadcrumb":{"@id":"https:\/\/www.accuratereviews.com\/it\/software-progetti-agile\/project-central-recensione\/#breadcrumb"},"inLanguage":"it-IT","potentialAction":[{"@type":"ReadAction","target":["https:\/\/www.accuratereviews.com\/it\/software-progetti-agile\/project-central-recensione\/"]}]},{"@type":"ImageObject","inLanguage":"it-IT","@id":"https:\/\/www.accuratereviews.com\/it\/software-progetti-agile\/project-central-recensione\/#primaryimage","url":"https:\/\/www.accuratereviews.com\/wp-content\/uploads\/2023\/09\/project-central.webp","contentUrl":"https:\/\/www.accuratereviews.com\/wp-content\/uploads\/2023\/09\/project-central.webp","width":640,"height":360},{"@type":"BreadcrumbList","@id":"https:\/\/www.accuratereviews.com\/it\/software-progetti-agile\/project-central-recensione\/#breadcrumb","itemListElement":[{"@type":"ListItem","position":1,"name":"Home","item":"https:\/\/www.accuratereviews.com\/it\/"},{"@type":"ListItem","position":2,"name":"Software progetti Agile","item":"https:\/\/www.accuratereviews.com\/it\/software-progetti-agile\/"},{"@type":"ListItem","position":3,"name":"Project Central"}]},{"@type":"WebSite","@id":"https:\/\/www.accuratereviews.com\/it\/#website","url":"https:\/\/www.accuratereviews.com\/it\/","name":"Accurate Reviews","description":"","potentialAction":[{"@type":"SearchAction","target":{"@type":"EntryPoint","urlTemplate":"https:\/\/www.accuratereviews.com\/it\/?s={search_term_string}"},"query-input":{"@type":"PropertyValueSpecification","valueRequired":true,"valueName":"search_term_string"}}],"inLanguage":"it-IT"}]}},"_links":{"self":[{"href":"https:\/\/www.accuratereviews.com\/it\/wp-json\/wp\/v2\/pages\/72141","targetHints":{"allow":["GET"]}}],"collection":[{"href":"https:\/\/www.accuratereviews.com\/it\/wp-json\/wp\/v2\/pages"}],"about":[{"href":"https:\/\/www.accuratereviews.com\/it\/wp-json\/wp\/v2\/types\/page"}],"author":[{"embeddable":true,"href":"https:\/\/www.accuratereviews.com\/it\/wp-json\/wp\/v2\/users\/19"}],"replies":[{"embeddable":true,"href":"https:\/\/www.accuratereviews.com\/it\/wp-json\/wp\/v2\/comments?post=72141"}],"version-history":[{"count":11,"href":"https:\/\/www.accuratereviews.com\/it\/wp-json\/wp\/v2\/pages\/72141\/revisions"}],"predecessor-version":[{"id":72626,"href":"https:\/\/www.accuratereviews.com\/it\/wp-json\/wp\/v2\/pages\/72141\/revisions\/72626"}],"up":[{"embeddable":true,"href":"https:\/\/www.accuratereviews.com\/it\/wp-json\/wp\/v2\/pages\/71820"}],"wp:featuredmedia":[{"embeddable":true,"href":"https:\/\/www.accuratereviews.com\/it\/wp-json\/wp\/v2\/media\/72144"}],"wp:attachment":[{"href":"https:\/\/www.accuratereviews.com\/it\/wp-json\/wp\/v2\/media?parent=72141"}],"wp:term":[{"taxonomy":"category","embeddable":true,"href":"https:\/\/www.accuratereviews.com\/it\/wp-json\/wp\/v2\/categories?post=72141"},{"taxonomy":"post_tag","embeddable":true,"href":"https:\/\/www.accuratereviews.com\/it\/wp-json\/wp\/v2\/tags?post=72141"},{"taxonomy":"features","embeddable":true,"href":"https:\/\/www.accuratereviews.com\/it\/wp-json\/wp\/v2\/features?post=72141"}],"curies":[{"name":"wp","href":"https:\/\/api.w.org\/{rel}","templated":true}]}}