{"id":72155,"date":"2023-09-29T10:32:33","date_gmt":"2023-09-29T10:32:33","guid":{"rendered":"https:\/\/www.accuratereviews.com\/?page_id=72155"},"modified":"2023-10-30T22:46:27","modified_gmt":"2023-10-30T22:46:27","slug":"drutas-recensione","status":"publish","type":"page","link":"https:\/\/www.accuratereviews.com\/it\/software-progetti-agile\/drutas-recensione\/","title":{"rendered":"Drutas"},"content":{"rendered":"<p><strong>Plandek<\/strong> \u00e8 una <strong>soluzione gestionale per progetti Agile <\/strong>che aiuta le organizzazioni a creare i progetti con metriche e analisi che forniscono informazioni approfondite sul processo di distribuzione del software. Una semplice configurazione ti consente di iniziare immediatamente e di scoprire metriche preziose che ti aiutano in tutti gli aspetti della distribuzione del software, comprese qualit\u00e0 e velocit\u00e0. Realizzato concentrandosi sia sui team che sul management, il programma favorisce il processo decisionale strategico.<\/p>\n<h2>PLANDEK &#8211; TUTORIAL<\/h2>\n<div id=\"fluid-wrapper-counter-1\" class=\"g1-fluid-wrapper \" style=\"width:686px;\">\n<div style=\"padding-bottom:56.268221574344%;\"><iframe loading=\"lazy\" title=\"Plandek LiveView Demo\" width=\"515\" height=\"386\" src=\"https:\/\/www.youtube.com\/embed\/i2WeuJFjJ_o?feature=oembed&amp;wmode=transparent&amp;autohide=1&amp;autoplay=0&amp;disablekb=0&amp;fs=1&amp;loop=0&amp;enablejsapi=1&amp;rel=0&amp;controls=2&amp;showinfo=0&amp;wmode=transparent&amp;autohide=2&amp;autoplay=0&amp;disablekb=0&amp;fs=1&amp;loop=0&amp;enablejsapi=1&amp;rel=0&amp;controls=2&amp;showinfo=1\" frameborder=\"0\" allow=\"accelerometer; autoplay; clipboard-write; encrypted-media; gyroscope; picture-in-picture; web-share\" allowfullscreen><\/iframe><\/div>\n<\/div>\n<h3>PLANDEK\u00a0 &#8211; CARATTERISTICHE<\/h3>\n<ul>\n<li>Progettato per essere altamente configurabile, con la possibilit\u00e0 di creare dashboard e metriche per rispondere a qualsiasi domanda posta. L\u2019elenco dei potenziali parametri \u00e8 quindi davvero molto ampio.<\/li>\n<li>LiveView applica algoritmi di apprendimento automatico per identificare i ticket che non rientrano nella norma per ciascun team e richiedono attenzione.<\/li>\n<li>Fa il duro lavoro per i team leader, identificando i principali ostacoli che devono essere discussi man mano che si verificano.<\/li>\n<li>Gli algoritmi intelligenti tengono conto dei flussi di lavoro e delle pratiche dei singoli team per evitare \u201cfalse flag\u201d.<\/li>\n<li>Crea una visualizzazione personalizzata costruita attorno alle domande che ti interessano<\/li>\n<li>Tieni traccia dei miglioramenti nelle capacit\u00e0 dei tuoi team nel tempo<\/li>\n<li>Riduci il rischio di consegna e migliora le tue previsioni identificando i colli di bottiglia e i fattori predittivi dei ritardi di consegna<\/li>\n<li>Facile analisi approfondita per individuare la causa principale del problema<\/li>\n<li>Condividi il successo con team offshore e appaltatori<\/li>\n<li>Dimensioni\/conteggio dei commit, file modificati e altri parametri superano la norma per ticket di dimensioni e complessit\u00e0 simili.<\/li>\n<\/ul>\n<h4>LE RECENSIONI DEGLI UTENTI<\/h4>\n<p><strong>Diana &#8220;Force24 &#8211; SaaS&#8221;<\/strong><br \/>\n<strong>Commenti<\/strong>: Plandek ha contribuito a dare visibilit\u00e0 al team a livello operativo quotidiano. possiamo vedere come stiamo monitorando e misurare facilmente l&#8217;efficienza. Il supporto che abbiamo ricevuto \u00e8 stato di prima classe. Consiglierei lo strumento a chiunque<br \/>\n<strong>Pro<\/strong>: Il prodotto \u00e8 semplicissimo da usare. Lavorare con uno strumento che offre cos\u00ec tante visualizzazioni per rappresentare le statistiche semplifica l&#8217;interpretazione dei risultati. Lo strumento \u00e8 utile a tutti i livelli, dal consiglio alle operazioni quotidiane. Lo strumento \u00e8 molto personalizzabile ed \u00e8 supportato da un ottimo team che ti aiuta in ogni fase del processo. I modelli sono incredibilmente utili per iniziare!<br \/>\n<strong>Contro<\/strong>: Dal punto di vista dell&#8217;interfaccia utente mi piacerebbe poter cambiare i colori nei grafici: questo \u00e8 molto superficiale e non influisce tuttavia sull&#8217;utilizzo.<\/p>\n<p><strong>Matt &#8220;Piattaforma di sviluppo prodotto efficace&#8221;<\/strong><br \/>\n<strong>Commenti<\/strong>: CaseWare \u00e8 riuscita a ottenere visibilit\u00e0 sull&#8217;intero lead time da valorizzare nei nostri sistemi di tracciamento dei bug, codice, creazione e produzione. Abbiamo inoltre implementato una serie comune di parametri per condividere in modo pi\u00f9 efficace le migliori pratiche e le lezioni apprese a livello globale.<br \/>\n<strong>Pro<\/strong>: Plandek aggrega i dati provenienti da sistemi disparati per mettere insieme le metriche DORA complete e molte altre metriche aggiuntive pi\u00f9 complete in un unico pannello di controllo. La documentazione integrata nella piattaforma riduce la barriera che impedisce a tutti i membri del team di trarre valore dal suo utilizzo.<br \/>\n<strong>Contro<\/strong>: Alcuni connettori per il tracciamento di bug o set di strumenti per l&#8217;ambiente di creazione non sono ancora disponibili.<\/p>\n<p><strong>Matthew &#8220;Ottimo prodotto e servizio clienti di prima classe, veri esperti&#8221;<\/strong><br \/>\n<strong>Commenti<\/strong>: Davvero buono, con un&#8217;enorme assistenza nella configurazione e consulenza sui processi Agile e Jira ben oltre l&#8217;ambito della discussione. Un rapporto prezioso. Will e il team sono veri esperti nella gestione agile e del prodotto<br \/>\n<strong>Pro<\/strong>: Presentazione davvero facile da usare e chiara, UX intuitiva<br \/>\n<strong>Contro<\/strong>: Devo ancora trovare qualcosa che non mi piaccia, forse i colori sono troppo vicini alle leggende della classifica<\/p>\n","protected":false},"excerpt":{"rendered":"<p>Plandek \u00e8 una soluzione gestionale per progetti Agile che aiuta le organizzazioni a creare i progetti con metriche e analisi che forniscono informazioni approfondite sul processo di distribuzione del software. Una semplice configurazione ti consente di iniziare immediatamente e di scoprire metriche preziose che ti aiutano in tutti gli aspetti della distribuzione del software, comprese qualit\u00e0 e velocit\u00e0.<\/p>\n","protected":false},"author":19,"featured_media":72157,"parent":71820,"menu_order":0,"comment_status":"open","ping_status":"closed","template":"g1_template_page_review_new.php","meta":{"_acf_changed":false,"cwp_meta_box_check":"Yes","cwp_rev_product_name":"","cwp_rev_product_image":"","wppr_links":[],"cwp_rev_price":"0.00","wppr_options":[{"name":"Usability","value":"0"},{"name":"Speed","value":"0"},{"name":"Features","value":"0"},{"name":"Support","value":"0"},{"name":"Pricing","value":"0"}],"wppr_pros":["","","","",""],"wppr_cons":["","","","",""],"_monsterinsights_skip_tracking":false,"_monsterinsights_sitenote_active":false,"_monsterinsights_sitenote_note":"","_monsterinsights_sitenote_category":0,"footnotes":""},"categories":[2892],"tags":[14692,2916,14693,2992,14666,14656,14658,2989,2985,2990,2984],"features":[],"class_list":{"0":"post-72155","1":"page","2":"type-page","3":"status-publish","4":"has-post-thumbnail","6":"category-gestionale-per-progetti-agile","7":"tag-drutas","8":"tag-gestionale-agile","9":"tag-gestione-progetti-agile","10":"tag-piattaforma-gestionale-agile","11":"tag-piattaforma-gestionale-progetti-agile","12":"tag-programma-gestionale-agile","13":"tag-programma-gestionale-progetti-agile","14":"tag-software-gestionale-agile","15":"tag-software-gestionale-progetti-agile","16":"tag-soluzione-gestionale-agile","17":"tag-soluzione-gestionale-progetti-agile"},"wppr_data":{"cwp_meta_box_check":"Yes","_wppr_review_template":"default","cwp_rev_product_image":"","cwp_image_link":"image","wppr_links":[],"cwp_rev_price":"0.00","wppr_pros":["","","","",""],"wppr_cons":["","","","",""],"wppr_rating":"0.00","wppr_options":{"1":{"name":"Usability","value":"0"},"2":{"name":"Speed","value":"0"},"3":{"name":"Features","value":"0"},"4":{"name":"Support","value":"0"},"5":{"name":"Pricing","value":"0"}},"wppr_review_type":"Product","wppr_review_custom_fields":{"additionalProperty":"","additionalType":"","aggregateRating":"","alternateName":"","audience":"","award":"","awards":"","brand":"","color":"","depth":"","description":"","disambiguatingDescription":"","gtin12":"","gtin13":"","gtin14":"","gtin8":"","height":"","identifier":"","image":"","isAccessoryOrSparePartFor":"","isConsumableFor":"","isRelatedTo":"","isSimilarTo":"","itemCondition":"","logo":"","mainEntityOfPage":"","manufacturer":"","material":"","model":"","mpn":"","name":"","offers":"","potentialAction":"","productID":"","productionDate":"","purchaseDate":"","releaseDate":"","review":"","reviews":"","sameAs":"","sku":"","slogan":"","subjectOf":"","url":"","weight":"","width":""}},"acf":[],"yoast_head":"<!-- This site is optimized with the Yoast SEO plugin v27.4 - https:\/\/yoast.com\/product\/yoast-seo-wordpress\/ -->\n<title>Plandek: recensione software gestionale progetti Agile - Accurate Reviews<\/title>\n<meta name=\"description\" content=\"Plandek: recensione soluzione gestionale per progetti Agile che aiuta le organizzazioni a creare progetti con metriche e analisi dettagliate.\" \/>\n<meta name=\"robots\" content=\"index, follow, max-snippet:-1, max-image-preview:large, max-video-preview:-1\" \/>\n<link rel=\"canonical\" href=\"https:\/\/www.accuratereviews.com\/it\/software-progetti-agile\/drutas-recensione\/\" \/>\n<meta property=\"og:locale\" content=\"it_IT\" \/>\n<meta property=\"og:type\" content=\"article\" \/>\n<meta property=\"og:title\" content=\"Plandek: recensione software gestionale progetti Agile - Accurate Reviews\" \/>\n<meta property=\"og:description\" content=\"Plandek: recensione soluzione gestionale per progetti Agile che aiuta le organizzazioni a creare progetti con metriche e analisi dettagliate.\" \/>\n<meta property=\"og:url\" content=\"https:\/\/www.accuratereviews.com\/it\/software-progetti-agile\/drutas-recensione\/\" \/>\n<meta property=\"og:site_name\" content=\"Accurate Reviews\" \/>\n<meta property=\"article:modified_time\" content=\"2023-10-30T22:46:27+00:00\" \/>\n<meta property=\"og:image\" content=\"https:\/\/www.accuratereviews.com\/wp-content\/uploads\/2023\/09\/Drutas.jpeg\" \/>\n\t<meta property=\"og:image:width\" content=\"400\" \/>\n\t<meta property=\"og:image:height\" content=\"400\" \/>\n\t<meta property=\"og:image:type\" content=\"image\/jpeg\" \/>\n<meta name=\"twitter:card\" content=\"summary_large_image\" \/>\n<meta name=\"twitter:label1\" content=\"Tempo di lettura stimato\" \/>\n\t<meta name=\"twitter:data1\" content=\"4 minuti\" \/>\n<script type=\"application\/ld+json\" class=\"yoast-schema-graph\">{\"@context\":\"https:\\\/\\\/schema.org\",\"@graph\":[{\"@type\":\"WebPage\",\"@id\":\"https:\\\/\\\/www.accuratereviews.com\\\/it\\\/software-progetti-agile\\\/drutas-recensione\\\/\",\"url\":\"https:\\\/\\\/www.accuratereviews.com\\\/it\\\/software-progetti-agile\\\/drutas-recensione\\\/\",\"name\":\"Plandek: recensione software gestionale progetti Agile - Accurate Reviews\",\"isPartOf\":{\"@id\":\"https:\\\/\\\/www.accuratereviews.com\\\/it\\\/#website\"},\"primaryImageOfPage\":{\"@id\":\"https:\\\/\\\/www.accuratereviews.com\\\/it\\\/software-progetti-agile\\\/drutas-recensione\\\/#primaryimage\"},\"image\":{\"@id\":\"https:\\\/\\\/www.accuratereviews.com\\\/it\\\/software-progetti-agile\\\/drutas-recensione\\\/#primaryimage\"},\"thumbnailUrl\":\"https:\\\/\\\/www.accuratereviews.com\\\/wp-content\\\/uploads\\\/2023\\\/09\\\/Drutas.jpeg\",\"datePublished\":\"2023-09-29T10:32:33+00:00\",\"dateModified\":\"2023-10-30T22:46:27+00:00\",\"description\":\"Plandek: recensione soluzione gestionale per progetti Agile che aiuta le organizzazioni a creare progetti con metriche e analisi dettagliate.\",\"breadcrumb\":{\"@id\":\"https:\\\/\\\/www.accuratereviews.com\\\/it\\\/software-progetti-agile\\\/drutas-recensione\\\/#breadcrumb\"},\"inLanguage\":\"it-IT\",\"potentialAction\":[{\"@type\":\"ReadAction\",\"target\":[\"https:\\\/\\\/www.accuratereviews.com\\\/it\\\/software-progetti-agile\\\/drutas-recensione\\\/\"]}]},{\"@type\":\"ImageObject\",\"inLanguage\":\"it-IT\",\"@id\":\"https:\\\/\\\/www.accuratereviews.com\\\/it\\\/software-progetti-agile\\\/drutas-recensione\\\/#primaryimage\",\"url\":\"https:\\\/\\\/www.accuratereviews.com\\\/wp-content\\\/uploads\\\/2023\\\/09\\\/Drutas.jpeg\",\"contentUrl\":\"https:\\\/\\\/www.accuratereviews.com\\\/wp-content\\\/uploads\\\/2023\\\/09\\\/Drutas.jpeg\",\"width\":400,\"height\":400},{\"@type\":\"BreadcrumbList\",\"@id\":\"https:\\\/\\\/www.accuratereviews.com\\\/it\\\/software-progetti-agile\\\/drutas-recensione\\\/#breadcrumb\",\"itemListElement\":[{\"@type\":\"ListItem\",\"position\":1,\"name\":\"Home\",\"item\":\"https:\\\/\\\/www.accuratereviews.com\\\/it\\\/\"},{\"@type\":\"ListItem\",\"position\":2,\"name\":\"Software progetti Agile\",\"item\":\"https:\\\/\\\/www.accuratereviews.com\\\/it\\\/software-progetti-agile\\\/\"},{\"@type\":\"ListItem\",\"position\":3,\"name\":\"Drutas\"}]},{\"@type\":\"WebSite\",\"@id\":\"https:\\\/\\\/www.accuratereviews.com\\\/it\\\/#website\",\"url\":\"https:\\\/\\\/www.accuratereviews.com\\\/it\\\/\",\"name\":\"Accurate Reviews\",\"description\":\"\",\"potentialAction\":[{\"@type\":\"SearchAction\",\"target\":{\"@type\":\"EntryPoint\",\"urlTemplate\":\"https:\\\/\\\/www.accuratereviews.com\\\/it\\\/?s={search_term_string}\"},\"query-input\":{\"@type\":\"PropertyValueSpecification\",\"valueRequired\":true,\"valueName\":\"search_term_string\"}}],\"inLanguage\":\"it-IT\"}]}<\/script>\n<!-- \/ Yoast SEO plugin. -->","yoast_head_json":{"title":"Plandek: recensione software gestionale progetti Agile - Accurate Reviews","description":"Plandek: recensione soluzione gestionale per progetti Agile che aiuta le organizzazioni a creare progetti con metriche e analisi dettagliate.","robots":{"index":"index","follow":"follow","max-snippet":"max-snippet:-1","max-image-preview":"max-image-preview:large","max-video-preview":"max-video-preview:-1"},"canonical":"https:\/\/www.accuratereviews.com\/it\/software-progetti-agile\/drutas-recensione\/","og_locale":"it_IT","og_type":"article","og_title":"Plandek: recensione software gestionale progetti Agile - Accurate Reviews","og_description":"Plandek: recensione soluzione gestionale per progetti Agile che aiuta le organizzazioni a creare progetti con metriche e analisi dettagliate.","og_url":"https:\/\/www.accuratereviews.com\/it\/software-progetti-agile\/drutas-recensione\/","og_site_name":"Accurate Reviews","article_modified_time":"2023-10-30T22:46:27+00:00","og_image":[{"width":400,"height":400,"url":"https:\/\/www.accuratereviews.com\/wp-content\/uploads\/2023\/09\/Drutas.jpeg","type":"image\/jpeg"}],"twitter_card":"summary_large_image","twitter_misc":{"Tempo di lettura stimato":"4 minuti"},"schema":{"@context":"https:\/\/schema.org","@graph":[{"@type":"WebPage","@id":"https:\/\/www.accuratereviews.com\/it\/software-progetti-agile\/drutas-recensione\/","url":"https:\/\/www.accuratereviews.com\/it\/software-progetti-agile\/drutas-recensione\/","name":"Plandek: recensione software gestionale progetti Agile - Accurate Reviews","isPartOf":{"@id":"https:\/\/www.accuratereviews.com\/it\/#website"},"primaryImageOfPage":{"@id":"https:\/\/www.accuratereviews.com\/it\/software-progetti-agile\/drutas-recensione\/#primaryimage"},"image":{"@id":"https:\/\/www.accuratereviews.com\/it\/software-progetti-agile\/drutas-recensione\/#primaryimage"},"thumbnailUrl":"https:\/\/www.accuratereviews.com\/wp-content\/uploads\/2023\/09\/Drutas.jpeg","datePublished":"2023-09-29T10:32:33+00:00","dateModified":"2023-10-30T22:46:27+00:00","description":"Plandek: recensione soluzione gestionale per progetti Agile che aiuta le organizzazioni a creare progetti con metriche e analisi dettagliate.","breadcrumb":{"@id":"https:\/\/www.accuratereviews.com\/it\/software-progetti-agile\/drutas-recensione\/#breadcrumb"},"inLanguage":"it-IT","potentialAction":[{"@type":"ReadAction","target":["https:\/\/www.accuratereviews.com\/it\/software-progetti-agile\/drutas-recensione\/"]}]},{"@type":"ImageObject","inLanguage":"it-IT","@id":"https:\/\/www.accuratereviews.com\/it\/software-progetti-agile\/drutas-recensione\/#primaryimage","url":"https:\/\/www.accuratereviews.com\/wp-content\/uploads\/2023\/09\/Drutas.jpeg","contentUrl":"https:\/\/www.accuratereviews.com\/wp-content\/uploads\/2023\/09\/Drutas.jpeg","width":400,"height":400},{"@type":"BreadcrumbList","@id":"https:\/\/www.accuratereviews.com\/it\/software-progetti-agile\/drutas-recensione\/#breadcrumb","itemListElement":[{"@type":"ListItem","position":1,"name":"Home","item":"https:\/\/www.accuratereviews.com\/it\/"},{"@type":"ListItem","position":2,"name":"Software progetti Agile","item":"https:\/\/www.accuratereviews.com\/it\/software-progetti-agile\/"},{"@type":"ListItem","position":3,"name":"Drutas"}]},{"@type":"WebSite","@id":"https:\/\/www.accuratereviews.com\/it\/#website","url":"https:\/\/www.accuratereviews.com\/it\/","name":"Accurate Reviews","description":"","potentialAction":[{"@type":"SearchAction","target":{"@type":"EntryPoint","urlTemplate":"https:\/\/www.accuratereviews.com\/it\/?s={search_term_string}"},"query-input":{"@type":"PropertyValueSpecification","valueRequired":true,"valueName":"search_term_string"}}],"inLanguage":"it-IT"}]}},"_links":{"self":[{"href":"https:\/\/www.accuratereviews.com\/it\/wp-json\/wp\/v2\/pages\/72155","targetHints":{"allow":["GET"]}}],"collection":[{"href":"https:\/\/www.accuratereviews.com\/it\/wp-json\/wp\/v2\/pages"}],"about":[{"href":"https:\/\/www.accuratereviews.com\/it\/wp-json\/wp\/v2\/types\/page"}],"author":[{"embeddable":true,"href":"https:\/\/www.accuratereviews.com\/it\/wp-json\/wp\/v2\/users\/19"}],"replies":[{"embeddable":true,"href":"https:\/\/www.accuratereviews.com\/it\/wp-json\/wp\/v2\/comments?post=72155"}],"version-history":[{"count":8,"href":"https:\/\/www.accuratereviews.com\/it\/wp-json\/wp\/v2\/pages\/72155\/revisions"}],"predecessor-version":[{"id":72632,"href":"https:\/\/www.accuratereviews.com\/it\/wp-json\/wp\/v2\/pages\/72155\/revisions\/72632"}],"up":[{"embeddable":true,"href":"https:\/\/www.accuratereviews.com\/it\/wp-json\/wp\/v2\/pages\/71820"}],"wp:featuredmedia":[{"embeddable":true,"href":"https:\/\/www.accuratereviews.com\/it\/wp-json\/wp\/v2\/media\/72157"}],"wp:attachment":[{"href":"https:\/\/www.accuratereviews.com\/it\/wp-json\/wp\/v2\/media?parent=72155"}],"wp:term":[{"taxonomy":"category","embeddable":true,"href":"https:\/\/www.accuratereviews.com\/it\/wp-json\/wp\/v2\/categories?post=72155"},{"taxonomy":"post_tag","embeddable":true,"href":"https:\/\/www.accuratereviews.com\/it\/wp-json\/wp\/v2\/tags?post=72155"},{"taxonomy":"features","embeddable":true,"href":"https:\/\/www.accuratereviews.com\/it\/wp-json\/wp\/v2\/features?post=72155"}],"curies":[{"name":"wp","href":"https:\/\/api.w.org\/{rel}","templated":true}]}}