{"id":72173,"date":"2023-10-02T10:09:28","date_gmt":"2023-10-02T10:09:28","guid":{"rendered":"https:\/\/www.accuratereviews.com\/?page_id=72173"},"modified":"2023-10-28T08:30:57","modified_gmt":"2023-10-28T08:30:57","slug":"klient-psa-recensione","status":"publish","type":"page","link":"https:\/\/www.accuratereviews.com\/it\/software-progetti-agile\/klient-psa-recensione\/","title":{"rendered":"Klient PSA"},"content":{"rendered":"<p><strong>Klient PSA<\/strong> \u00e8 un software basato sul Web basato su Salesforce che fornisce funzionalit\u00e0 quali dashboard, gestione delle attivit\u00e0 e pianificazione. Inoltre, consente all&#8217;utente di disporre di diagrammi di Gantt interattivi per una gestione efficiente del progetto oltre alla sua capacit\u00e0 di generare strutture di suddivisione del lavoro. Stabilire una metodologia ripetibile per fornire progetti di qualit\u00e0. Migliorare la struttura del tuo progetto per accelerare il tuo team di consegna. Modifica la sequenza temporale e confrontala con la linea di base. Anticipare problemi e rischi che possono influire sul margine e sulla redditivit\u00e0.<\/p>\n<h2>KLIENT PSA &#8211; TUTORIAL<\/h2>\n<div id=\"fluid-wrapper-counter-1\" class=\"g1-fluid-wrapper \" style=\"width:686px;\">\n<div style=\"padding-bottom:56.268221574344%;\"><iframe loading=\"lazy\" title=\"Introduction to Klient PSA - 60 Seconds Video by Salesforce\" width=\"686\" height=\"386\" src=\"https:\/\/www.youtube.com\/embed\/yDPLDxSWgIU?feature=oembed&amp;wmode=transparent&amp;autohide=1&amp;autoplay=0&amp;disablekb=0&amp;fs=1&amp;loop=0&amp;enablejsapi=1&amp;rel=0&amp;controls=2&amp;showinfo=0&amp;wmode=transparent&amp;autohide=2&amp;autoplay=0&amp;disablekb=0&amp;fs=1&amp;loop=0&amp;enablejsapi=1&amp;rel=0&amp;controls=2&amp;showinfo=1\" frameborder=\"0\" allow=\"accelerometer; autoplay; clipboard-write; encrypted-media; gyroscope; picture-in-picture; web-share\" allowfullscreen><\/iframe><\/div>\n<\/div>\n<h3>KLIENT PSA &#8211; CARATTERISTICHE<\/h3>\n<ul>\n<li>Migliora le stime e le previsioni del tuo progetto.<\/li>\n<li>Genera previsioni accurate per raggiungere una crescita sostenibile.<\/li>\n<li>Accelera il tuo ciclo di vendita e aumenta il rapporto domanda-offerta.<\/li>\n<li>Unifica tutti i reparti della tua attivit\u00e0<\/li>\n<li>Stabilire una metodologia ripetibile per fornire progetti di qualit\u00e0.<\/li>\n<li>Dimostrare responsabilit\u00e0 e fornire risultati oltre le aspettative.<\/li>\n<li>Ottieni una visione completa di tutti i progetti dei tuoi clienti.<\/li>\n<li>Evita i superamenti monitorando da vicino le metriche del tuo progetto.<\/li>\n<li>Prendi il controllo della tua attivit\u00e0 e gestiscila correttamente.<\/li>\n<li>Pianifica il tuo processo di assunzione in base a parametri tangibili.<\/li>\n<li>Assegnare il compito giusto alle persone giuste.<\/li>\n<li>Aumenta la tua fidelizzazione costruendo progetti di percorsi di carriera.<\/li>\n<li>Migliora la tua consegna con tempi di ciclo standard.<\/li>\n<li>Riduci gli attriti e aumenta l\u2019unit\u00e0 del team.<\/li>\n<li>Mantieni la tua contabilit\u00e0 sotto controllo senza alcuno sforzo<\/li>\n<li>Metti tutti sulla stessa lunghezza d&#8217;onda con un ottimo stato del progetto.<\/li>\n<li>Collabora con il tuo cliente e offri una migliore visibilit\u00e0.<\/li>\n<li>Fidelizza i tuoi clienti con il brand.<\/li>\n<li>Crea e invia rapidamente fatture.<\/li>\n<li>Inizia a fatturare con strumenti flessibili e facili da usare.<\/li>\n<li>Fai crescere la tua attivit\u00e0 con contabilit\u00e0 e gestione dei progetti senza soluzione di continuit\u00e0.<\/li>\n<\/ul>\n<h4>LE RECENSIONI DEGLI UTENTI<\/h4>\n<p><strong>Eric&#8221;Una grande scoperta&#8221;<\/strong><br \/>\n<strong>Commenti<\/strong>: Abbiamo ottimizzato i processi quotidiani automatizzando le attivit\u00e0 in modo da poterci concentrare sulle priorit\u00e0<br \/>\n<strong>Pro<\/strong>: Questo PSA \u00e8 cos\u00ec facile da usare e potente. \u00c8 sicuramente di grande aiuto nella conduzione delle attivit\u00e0 quotidiane, nella gestione di progetti e del carico di lavoro!<br \/>\n<strong>Contro<\/strong>: Project Gantt necessita ancora della correzione di alcuni piccoli bug ma \u00e8 perfettamente funzionante<\/p>\n<p><strong>Cengiz Bark\u0131n&#8221;Uno strumento di gestione dei progetti completo e semplificato&#8221;<\/strong><br \/>\n<strong>Commenti<\/strong>: Nel complesso, la mia esperienza con Klient PSA \u00e8 stata positiva. Mi ha permesso di gestire i progetti in modo efficace ed efficiente e lo consiglierei a team grandi. Le funzionalit\u00e0 sono robuste e l&#8217;interfaccia utente \u00e8 intuitiva.<br \/>\n<strong>Pro<\/strong>: Klient PSA \u00e8 uno strumento di gestione dei progetti incredibilmente potente che consente ai team di assegnare facilmente attivit\u00e0 e collaborare ai progetti. L&#8217;interfaccia utente \u00e8 intuitiva e le funzionalit\u00e0 sono robuste, rendendolo un&#8217;ottima scelta per tutti i livelli di gestione dei progetti.<br \/>\n<strong>Contro<\/strong>: Sebbene Klient PSA sia un ottimo strumento per la gestione dei progetti, pu\u00f2 essere difficile personalizzarlo per esigenze specifiche. Inoltre, alcune funzionalit\u00e0 possono creare confusione da navigare e la struttura dei prezzi pu\u00f2 essere complicata.<\/p>\n<p><strong>Marie&#8221;La recensione di Marie&#8221;<\/strong><br \/>\n<strong>Commenti<\/strong>: Ha ottimizzato e mantenuto per noi un metodo semplice e gestibile per la gestione dei progetti, inserimento delle schede attivit\u00e0, reporting e fatturazione.<br \/>\n<strong>Pro<\/strong>: In qualit\u00e0 di coordinatore della fatturazione, la facilit\u00e0 di utilizzo di Klient per generare fatture \u00e8 molto efficiente, tracciabile e semplice da usare.<br \/>\n<strong>Contro<\/strong>: Non utilizziamo il pianificatore delle risorse quanto dovremmo; abbiamo troppe eccezioni che non possono ancora essere gestite.<\/p>\n<p>&nbsp;<\/p>\n","protected":false},"excerpt":{"rendered":"<p>Klient PSA \u00e8 un software basato sul Web basato su Salesforce che fornisce funzionalit\u00e0 quali dashboard, gestione delle attivit\u00e0 e pianificazione. Inoltre, consente all&#8217;utente di disporre di diagrammi di Gantt interattivi per una gestione efficiente del progetto oltre alla sua capacit\u00e0 di generare strutture di suddivisione del lavoro.<\/p>\n","protected":false},"author":19,"featured_media":72175,"parent":71820,"menu_order":0,"comment_status":"open","ping_status":"closed","template":"g1_template_page_review_new.php","meta":{"_acf_changed":false,"cwp_meta_box_check":"Yes","cwp_rev_product_name":"","cwp_rev_product_image":"","wppr_links":[],"cwp_rev_price":"0.00","wppr_options":[{"name":"Usability","value":"0"},{"name":"Speed","value":"0"},{"name":"Features","value":"0"},{"name":"Support","value":"0"},{"name":"Pricing","value":"0"}],"wppr_pros":["","","","",""],"wppr_cons":["","","","",""],"_monsterinsights_skip_tracking":false,"_monsterinsights_sitenote_active":false,"_monsterinsights_sitenote_note":"","_monsterinsights_sitenote_category":0,"footnotes":""},"categories":[2892],"tags":[2916,14694,2992,14666,14656,14658,2989,2985,2990,2984],"features":[],"class_list":{"0":"post-72173","1":"page","2":"type-page","3":"status-publish","4":"has-post-thumbnail","6":"category-gestionale-per-progetti-agile","7":"tag-gestionale-agile","8":"tag-klient-psa","9":"tag-piattaforma-gestionale-agile","10":"tag-piattaforma-gestionale-progetti-agile","11":"tag-programma-gestionale-agile","12":"tag-programma-gestionale-progetti-agile","13":"tag-software-gestionale-agile","14":"tag-software-gestionale-progetti-agile","15":"tag-soluzione-gestionale-agile","16":"tag-soluzione-gestionale-progetti-agile"},"wppr_data":{"cwp_meta_box_check":"Yes","_wppr_review_template":"default","cwp_rev_product_image":"","cwp_image_link":"image","wppr_links":[],"cwp_rev_price":"0.00","wppr_pros":["","","","",""],"wppr_cons":["","","","",""],"wppr_rating":"0.00","wppr_options":{"1":{"name":"Usability","value":"0"},"2":{"name":"Speed","value":"0"},"3":{"name":"Features","value":"0"},"4":{"name":"Support","value":"0"},"5":{"name":"Pricing","value":"0"}},"wppr_review_type":"Product","wppr_review_custom_fields":{"additionalProperty":"","additionalType":"","aggregateRating":"","alternateName":"","audience":"","award":"","awards":"","brand":"","color":"","depth":"","description":"","disambiguatingDescription":"","gtin12":"","gtin13":"","gtin14":"","gtin8":"","height":"","identifier":"","image":"","isAccessoryOrSparePartFor":"","isConsumableFor":"","isRelatedTo":"","isSimilarTo":"","itemCondition":"","logo":"","mainEntityOfPage":"","manufacturer":"","material":"","model":"","mpn":"","name":"","offers":"","potentialAction":"","productID":"","productionDate":"","purchaseDate":"","releaseDate":"","review":"","reviews":"","sameAs":"","sku":"","slogan":"","subjectOf":"","url":"","weight":"","width":""}},"acf":[],"yoast_head":"<!-- This site is optimized with the Yoast SEO plugin v27.4 - https:\/\/yoast.com\/product\/yoast-seo-wordpress\/ -->\n<title>Klient PSA: recensione software gestionale progetti Agile - Accurate Reviews<\/title>\n<meta name=\"description\" content=\"Klient PSA: recensione software basato su Salesforce che fornisce funzionalit\u00e0 quali dashboard, gestione delle attivit\u00e0 e pianificazione.\" \/>\n<meta name=\"robots\" content=\"index, follow, max-snippet:-1, max-image-preview:large, max-video-preview:-1\" \/>\n<link rel=\"canonical\" href=\"https:\/\/www.accuratereviews.com\/it\/software-progetti-agile\/klient-psa-recensione\/\" \/>\n<meta property=\"og:locale\" content=\"it_IT\" \/>\n<meta property=\"og:type\" content=\"article\" \/>\n<meta property=\"og:title\" content=\"Klient PSA: recensione software gestionale progetti Agile - Accurate Reviews\" \/>\n<meta property=\"og:description\" content=\"Klient PSA: recensione software basato su Salesforce che fornisce funzionalit\u00e0 quali dashboard, gestione delle attivit\u00e0 e pianificazione.\" \/>\n<meta property=\"og:url\" content=\"https:\/\/www.accuratereviews.com\/it\/software-progetti-agile\/klient-psa-recensione\/\" \/>\n<meta property=\"og:site_name\" content=\"Accurate Reviews\" \/>\n<meta property=\"article:modified_time\" content=\"2023-10-28T08:30:57+00:00\" \/>\n<meta property=\"og:image\" content=\"https:\/\/www.accuratereviews.com\/wp-content\/uploads\/2023\/10\/Klient-PSA.png\" \/>\n\t<meta property=\"og:image:width\" content=\"600\" \/>\n\t<meta property=\"og:image:height\" content=\"315\" \/>\n\t<meta property=\"og:image:type\" content=\"image\/png\" \/>\n<meta name=\"twitter:card\" content=\"summary_large_image\" \/>\n<meta name=\"twitter:label1\" content=\"Tempo di lettura stimato\" \/>\n\t<meta name=\"twitter:data1\" content=\"3 minuti\" \/>\n<script type=\"application\/ld+json\" class=\"yoast-schema-graph\">{\"@context\":\"https:\\\/\\\/schema.org\",\"@graph\":[{\"@type\":\"WebPage\",\"@id\":\"https:\\\/\\\/www.accuratereviews.com\\\/it\\\/software-progetti-agile\\\/klient-psa-recensione\\\/\",\"url\":\"https:\\\/\\\/www.accuratereviews.com\\\/it\\\/software-progetti-agile\\\/klient-psa-recensione\\\/\",\"name\":\"Klient PSA: recensione software gestionale progetti Agile - Accurate Reviews\",\"isPartOf\":{\"@id\":\"https:\\\/\\\/www.accuratereviews.com\\\/it\\\/#website\"},\"primaryImageOfPage\":{\"@id\":\"https:\\\/\\\/www.accuratereviews.com\\\/it\\\/software-progetti-agile\\\/klient-psa-recensione\\\/#primaryimage\"},\"image\":{\"@id\":\"https:\\\/\\\/www.accuratereviews.com\\\/it\\\/software-progetti-agile\\\/klient-psa-recensione\\\/#primaryimage\"},\"thumbnailUrl\":\"https:\\\/\\\/www.accuratereviews.com\\\/wp-content\\\/uploads\\\/2023\\\/10\\\/Klient-PSA.png\",\"datePublished\":\"2023-10-02T10:09:28+00:00\",\"dateModified\":\"2023-10-28T08:30:57+00:00\",\"description\":\"Klient PSA: recensione software basato su Salesforce che fornisce funzionalit\u00e0 quali dashboard, gestione delle attivit\u00e0 e pianificazione.\",\"breadcrumb\":{\"@id\":\"https:\\\/\\\/www.accuratereviews.com\\\/it\\\/software-progetti-agile\\\/klient-psa-recensione\\\/#breadcrumb\"},\"inLanguage\":\"it-IT\",\"potentialAction\":[{\"@type\":\"ReadAction\",\"target\":[\"https:\\\/\\\/www.accuratereviews.com\\\/it\\\/software-progetti-agile\\\/klient-psa-recensione\\\/\"]}]},{\"@type\":\"ImageObject\",\"inLanguage\":\"it-IT\",\"@id\":\"https:\\\/\\\/www.accuratereviews.com\\\/it\\\/software-progetti-agile\\\/klient-psa-recensione\\\/#primaryimage\",\"url\":\"https:\\\/\\\/www.accuratereviews.com\\\/wp-content\\\/uploads\\\/2023\\\/10\\\/Klient-PSA.png\",\"contentUrl\":\"https:\\\/\\\/www.accuratereviews.com\\\/wp-content\\\/uploads\\\/2023\\\/10\\\/Klient-PSA.png\",\"width\":600,\"height\":315},{\"@type\":\"BreadcrumbList\",\"@id\":\"https:\\\/\\\/www.accuratereviews.com\\\/it\\\/software-progetti-agile\\\/klient-psa-recensione\\\/#breadcrumb\",\"itemListElement\":[{\"@type\":\"ListItem\",\"position\":1,\"name\":\"Home\",\"item\":\"https:\\\/\\\/www.accuratereviews.com\\\/it\\\/\"},{\"@type\":\"ListItem\",\"position\":2,\"name\":\"Software progetti Agile\",\"item\":\"https:\\\/\\\/www.accuratereviews.com\\\/it\\\/software-progetti-agile\\\/\"},{\"@type\":\"ListItem\",\"position\":3,\"name\":\"Klient PSA\"}]},{\"@type\":\"WebSite\",\"@id\":\"https:\\\/\\\/www.accuratereviews.com\\\/it\\\/#website\",\"url\":\"https:\\\/\\\/www.accuratereviews.com\\\/it\\\/\",\"name\":\"Accurate Reviews\",\"description\":\"\",\"potentialAction\":[{\"@type\":\"SearchAction\",\"target\":{\"@type\":\"EntryPoint\",\"urlTemplate\":\"https:\\\/\\\/www.accuratereviews.com\\\/it\\\/?s={search_term_string}\"},\"query-input\":{\"@type\":\"PropertyValueSpecification\",\"valueRequired\":true,\"valueName\":\"search_term_string\"}}],\"inLanguage\":\"it-IT\"}]}<\/script>\n<!-- \/ Yoast SEO plugin. -->","yoast_head_json":{"title":"Klient PSA: recensione software gestionale progetti Agile - Accurate Reviews","description":"Klient PSA: recensione software basato su Salesforce che fornisce funzionalit\u00e0 quali dashboard, gestione delle attivit\u00e0 e pianificazione.","robots":{"index":"index","follow":"follow","max-snippet":"max-snippet:-1","max-image-preview":"max-image-preview:large","max-video-preview":"max-video-preview:-1"},"canonical":"https:\/\/www.accuratereviews.com\/it\/software-progetti-agile\/klient-psa-recensione\/","og_locale":"it_IT","og_type":"article","og_title":"Klient PSA: recensione software gestionale progetti Agile - Accurate Reviews","og_description":"Klient PSA: recensione software basato su Salesforce che fornisce funzionalit\u00e0 quali dashboard, gestione delle attivit\u00e0 e pianificazione.","og_url":"https:\/\/www.accuratereviews.com\/it\/software-progetti-agile\/klient-psa-recensione\/","og_site_name":"Accurate Reviews","article_modified_time":"2023-10-28T08:30:57+00:00","og_image":[{"width":600,"height":315,"url":"https:\/\/www.accuratereviews.com\/wp-content\/uploads\/2023\/10\/Klient-PSA.png","type":"image\/png"}],"twitter_card":"summary_large_image","twitter_misc":{"Tempo di lettura stimato":"3 minuti"},"schema":{"@context":"https:\/\/schema.org","@graph":[{"@type":"WebPage","@id":"https:\/\/www.accuratereviews.com\/it\/software-progetti-agile\/klient-psa-recensione\/","url":"https:\/\/www.accuratereviews.com\/it\/software-progetti-agile\/klient-psa-recensione\/","name":"Klient PSA: recensione software gestionale progetti Agile - Accurate Reviews","isPartOf":{"@id":"https:\/\/www.accuratereviews.com\/it\/#website"},"primaryImageOfPage":{"@id":"https:\/\/www.accuratereviews.com\/it\/software-progetti-agile\/klient-psa-recensione\/#primaryimage"},"image":{"@id":"https:\/\/www.accuratereviews.com\/it\/software-progetti-agile\/klient-psa-recensione\/#primaryimage"},"thumbnailUrl":"https:\/\/www.accuratereviews.com\/wp-content\/uploads\/2023\/10\/Klient-PSA.png","datePublished":"2023-10-02T10:09:28+00:00","dateModified":"2023-10-28T08:30:57+00:00","description":"Klient PSA: recensione software basato su Salesforce che fornisce funzionalit\u00e0 quali dashboard, gestione delle attivit\u00e0 e pianificazione.","breadcrumb":{"@id":"https:\/\/www.accuratereviews.com\/it\/software-progetti-agile\/klient-psa-recensione\/#breadcrumb"},"inLanguage":"it-IT","potentialAction":[{"@type":"ReadAction","target":["https:\/\/www.accuratereviews.com\/it\/software-progetti-agile\/klient-psa-recensione\/"]}]},{"@type":"ImageObject","inLanguage":"it-IT","@id":"https:\/\/www.accuratereviews.com\/it\/software-progetti-agile\/klient-psa-recensione\/#primaryimage","url":"https:\/\/www.accuratereviews.com\/wp-content\/uploads\/2023\/10\/Klient-PSA.png","contentUrl":"https:\/\/www.accuratereviews.com\/wp-content\/uploads\/2023\/10\/Klient-PSA.png","width":600,"height":315},{"@type":"BreadcrumbList","@id":"https:\/\/www.accuratereviews.com\/it\/software-progetti-agile\/klient-psa-recensione\/#breadcrumb","itemListElement":[{"@type":"ListItem","position":1,"name":"Home","item":"https:\/\/www.accuratereviews.com\/it\/"},{"@type":"ListItem","position":2,"name":"Software progetti Agile","item":"https:\/\/www.accuratereviews.com\/it\/software-progetti-agile\/"},{"@type":"ListItem","position":3,"name":"Klient PSA"}]},{"@type":"WebSite","@id":"https:\/\/www.accuratereviews.com\/it\/#website","url":"https:\/\/www.accuratereviews.com\/it\/","name":"Accurate Reviews","description":"","potentialAction":[{"@type":"SearchAction","target":{"@type":"EntryPoint","urlTemplate":"https:\/\/www.accuratereviews.com\/it\/?s={search_term_string}"},"query-input":{"@type":"PropertyValueSpecification","valueRequired":true,"valueName":"search_term_string"}}],"inLanguage":"it-IT"}]}},"_links":{"self":[{"href":"https:\/\/www.accuratereviews.com\/it\/wp-json\/wp\/v2\/pages\/72173","targetHints":{"allow":["GET"]}}],"collection":[{"href":"https:\/\/www.accuratereviews.com\/it\/wp-json\/wp\/v2\/pages"}],"about":[{"href":"https:\/\/www.accuratereviews.com\/it\/wp-json\/wp\/v2\/types\/page"}],"author":[{"embeddable":true,"href":"https:\/\/www.accuratereviews.com\/it\/wp-json\/wp\/v2\/users\/19"}],"replies":[{"embeddable":true,"href":"https:\/\/www.accuratereviews.com\/it\/wp-json\/wp\/v2\/comments?post=72173"}],"version-history":[{"count":10,"href":"https:\/\/www.accuratereviews.com\/it\/wp-json\/wp\/v2\/pages\/72173\/revisions"}],"predecessor-version":[{"id":72579,"href":"https:\/\/www.accuratereviews.com\/it\/wp-json\/wp\/v2\/pages\/72173\/revisions\/72579"}],"up":[{"embeddable":true,"href":"https:\/\/www.accuratereviews.com\/it\/wp-json\/wp\/v2\/pages\/71820"}],"wp:featuredmedia":[{"embeddable":true,"href":"https:\/\/www.accuratereviews.com\/it\/wp-json\/wp\/v2\/media\/72175"}],"wp:attachment":[{"href":"https:\/\/www.accuratereviews.com\/it\/wp-json\/wp\/v2\/media?parent=72173"}],"wp:term":[{"taxonomy":"category","embeddable":true,"href":"https:\/\/www.accuratereviews.com\/it\/wp-json\/wp\/v2\/categories?post=72173"},{"taxonomy":"post_tag","embeddable":true,"href":"https:\/\/www.accuratereviews.com\/it\/wp-json\/wp\/v2\/tags?post=72173"},{"taxonomy":"features","embeddable":true,"href":"https:\/\/www.accuratereviews.com\/it\/wp-json\/wp\/v2\/features?post=72173"}],"curies":[{"name":"wp","href":"https:\/\/api.w.org\/{rel}","templated":true}]}}