{"id":72189,"date":"2023-10-03T12:07:32","date_gmt":"2023-10-03T12:07:32","guid":{"rendered":"https:\/\/www.accuratereviews.com\/?page_id=72189"},"modified":"2023-10-28T08:29:20","modified_gmt":"2023-10-28T08:29:20","slug":"twproject-recensione","status":"publish","type":"page","link":"https:\/\/www.accuratereviews.com\/it\/software-progetti-agile\/twproject-recensione\/","title":{"rendered":"Twproject"},"content":{"rendered":"<p><strong>Twproject<\/strong> \u00e8 una <strong>soluzione di gestione dei progetti<\/strong> disponibile come sistema on-premise o basato su cloud con app mobili per telefoni Windows, Android e iOS. Le funzionalit\u00e0 principali includono la pianificazione del progetto, la gestione delle risorse e i flussi di lavoro per i team <strong>Agile<\/strong>. Fornisce WBS, diagrammi di Gantt interattivi per visualizzare le tappe fondamentali del progetto. Offre inoltre una visualizzazione del carico di lavoro in tempo reale per monitorare l&#8217;utilizzo delle risorse e la loro disponibilit\u00e0. La soluzione supporta i processi XP, Scrum e Kanban e permette agli utenti di collaborare con i membri del team su ToDo condividendo immagini, documenti e idee. In pi\u00f9 fornisce un generatore di filtri che aiuta a trovare dati e creare report. La soluzione pu\u00f2 essere configurata in pi\u00f9 lingue con impostazioni regionali per date e valute.<\/p>\n<h2>TWPROJECT &#8211; TUTORIAL<\/h2>\n<div id=\"fluid-wrapper-counter-1\" class=\"g1-fluid-wrapper \" style=\"width:686px;\">\n<div style=\"padding-bottom:56.268221574344%;\"><iframe loading=\"lazy\" title=\"Twproject for timesheet management\" width=\"686\" height=\"386\" src=\"https:\/\/www.youtube.com\/embed\/5QP9iRHkvGs?feature=oembed&amp;wmode=transparent&amp;autohide=1&amp;autoplay=0&amp;disablekb=0&amp;fs=1&amp;loop=0&amp;enablejsapi=1&amp;rel=0&amp;controls=2&amp;showinfo=0&amp;wmode=transparent&amp;autohide=2&amp;autoplay=0&amp;disablekb=0&amp;fs=1&amp;loop=0&amp;enablejsapi=1&amp;rel=0&amp;controls=2&amp;showinfo=1\" frameborder=\"0\" allow=\"accelerometer; autoplay; clipboard-write; encrypted-media; gyroscope; picture-in-picture; web-share\" allowfullscreen><\/iframe><\/div>\n<\/div>\n<h3>TWPROJECT &#8211; CARATTERISTICHE<\/h3>\n<ul>\n<li>Flessibile, per adattarsi a tutte le metodologie. Uno strumento unico per pianificare, gestire e lanciare grandi prodotti.<\/li>\n<li>Gestisci il tuo progetto organizzando le cose da fare. Gestisci gli sprint con facilit\u00e0 e l\u2019avanzamento dei lavori con un Kanban multidimensionale.<\/li>\n<li>Elimina la confusione e organizza le cose da fare programmandole nelle tue settimane. Imposta promemoria, ricorrenze e assegna priorit\u00e0 in modo da non perdere mai pi\u00f9 nulla.<\/li>\n<li>I ToDo possono essere anche idee, link, facilmente inseribili tramite app mobile ma anche ticket inviati dai tuoi clienti tramite pagine di help desk dedicate. \u00c8 supportato il ciclo completo di email di richiesta, ma possono essere anche checklist, bugs, tutto quello che serve al tuo progetto.<\/li>\n<li>Ogni team ha il suo modo di lavorare e la soluzione si adatta ad ognuno di essi. Gli stati delle ToDo possono essere customizzati secondo le tue necessit\u00e0 cos\u00ec da ricreare il tuo abituale flusso di lavoro.<\/li>\n<li>La dashboard ti consente di avere uno sguardo generale su ogni progetto e sulla lista di ToDo ad esso associati. Sar\u00e0 facile capire se ce ne sono di urgenti o di scaduti.<\/li>\n<li>La comunicazione \u00e8 immediata, esattamente come trasformare un messaggio, una nota, in un ToDo di progetto.<\/li>\n<li>Documenti, Immagini, Grafici, Report. Un posto per tutti i tuoi file essenziali<\/li>\n<\/ul>\n<h4>LE RECENSIONI DEGLI UTENTI<\/h4>\n<p><strong>Marco&#8221;Software completo con supporto molto disponible&#8221;<\/strong><br \/>\n<strong>Commenti<\/strong>: Allineamento dello sviluppo prodotto delle divisioni prodotto con i marchi richiedenti il prodotto<br \/>\n<strong>Pro<\/strong>: Unico software che permette di combinare il processo waterfall con quello agile. Cio\u00e8 progetti ibridi con delle fasi e dei to-do nella cornice temporale e di costo data dalla fase in cui \u00e8 inserita.<br \/>\n<strong>Contro<\/strong>: la funzionalit\u00e0 mobile \u00e8 un po&#8217; rudimentale<\/p>\n<p><strong>Francesco&#8221;Un software moderno per la gestione dei progetti&#8221;<\/strong><br \/>\n<strong>Commenti<\/strong>: Il software \u00e8 stato integrato totalmente con i preesistenti applicativi aziendali attraverso le loro API di interscambio dati. Questo ci ha permesso di risolvere tutti i problemi che avevamo nel gestire i vari progetti per i clienti e ci ha permesso di accelerare al massimo la fase di adozione di Twproject all&#8217;interno dell&#8217;azienda<br \/>\n<strong>Pro<\/strong>: Abbiamo adottato Twproject da quasi quattro anni, ed il pregio del software \u00e8 sempre stata la semplicit\u00e0 di utilizzo dell&#8217;interfaccia, ulteriormente migliorata nell&#8217;ultima versione 7. In poche ore, si riesce a capire ed utilizzare il software in tutte le sue potenzialit\u00e0 anche senza dover ricorrere sempre all&#8217;help in linea. Tutto ci\u00f2 si traduce in una gestione pi\u00f9 semplice e snella dei progetti, anche di grandi dimensioni<br \/>\n<strong>Contro<\/strong>: Nelle versioni precedenti non era possibile ancora interfacciarsi dall&#8217;esterno a tutte le funzioni del software tramite API. La cosa \u00e8 notevolmente migliorata con la versione 7<\/p>\n<p><strong>Nicola&#8221;Ottimo prodotto&#8221;<\/strong><br \/>\n<strong>Commenti<\/strong>: Ha permesso l&#8217;integrazione tra assistenza e sviluppo ed una migliore organizzazione del ciclo produttivo aziendale.<br \/>\n<strong>Pro<\/strong>: &#8211; gestisce il carico delle risorse &#8220;cross project&#8221;. E&#8217; quindi possibile impiegare la stessa persona in pi\u00f9 progetti e gestire sempre correttamente le sue assegnazioni &#8211; Integrazione tramite api completa e potente &#8211; gestione dei worklog operatori molto pratica &#8211; possibilit\u00e0 di averlo come SaaS o On Premise<br \/>\n<strong>Contro<\/strong>: un po&#8217; macchinoso l&#8217;accesso ai dettagli dei task. La versione nuova sembra migliore su questo aspetto. Il carico operatori a volte si falsa se i task vengono chiusi in anticipo dalle risorse.<\/p>\n<p>&nbsp;<\/p>\n","protected":false},"excerpt":{"rendered":"<p>Twproject \u00e8 una soluzione di gestione dei progetti disponibile come sistema on-premise o basato su cloud con app mobili per telefoni Windows, Android e iOS. Le funzionalit\u00e0 principali includono la pianificazione del progetto, la gestione delle risorse e i flussi di lavoro per i team Agile.<\/p>\n","protected":false},"author":19,"featured_media":72190,"parent":71820,"menu_order":0,"comment_status":"open","ping_status":"closed","template":"g1_template_page_review_new.php","meta":{"_acf_changed":false,"cwp_meta_box_check":"No","cwp_rev_product_name":"","cwp_rev_product_image":"","wppr_links":[],"cwp_rev_price":"","wppr_options":[],"wppr_pros":[],"wppr_cons":[],"_monsterinsights_skip_tracking":false,"_monsterinsights_sitenote_active":false,"_monsterinsights_sitenote_note":"","_monsterinsights_sitenote_category":0,"footnotes":""},"categories":[2892],"tags":[2916,2992,14666,14656,14658,2989,2985,2990,2984,14695],"features":[],"class_list":{"0":"post-72189","1":"page","2":"type-page","3":"status-publish","4":"has-post-thumbnail","6":"category-gestionale-per-progetti-agile","7":"tag-gestionale-agile","8":"tag-piattaforma-gestionale-agile","9":"tag-piattaforma-gestionale-progetti-agile","10":"tag-programma-gestionale-agile","11":"tag-programma-gestionale-progetti-agile","12":"tag-software-gestionale-agile","13":"tag-software-gestionale-progetti-agile","14":"tag-soluzione-gestionale-agile","15":"tag-soluzione-gestionale-progetti-agile","16":"tag-twproject"},"wppr_data":{"cwp_meta_box_check":"No"},"acf":[],"yoast_head":"<!-- This site is optimized with the Yoast SEO plugin v27.4 - https:\/\/yoast.com\/product\/yoast-seo-wordpress\/ -->\n<title>Twproject: recensione software gestionale progetti Agile - Accurate Reviews<\/title>\n<meta name=\"description\" content=\"Twproject: recensione soluzione di gestione dei progetti disponibile basato su cloud con app mobili per cellulari Windows, Android e iOS.\" \/>\n<meta name=\"robots\" content=\"index, follow, max-snippet:-1, max-image-preview:large, max-video-preview:-1\" \/>\n<link rel=\"canonical\" href=\"https:\/\/www.accuratereviews.com\/it\/software-progetti-agile\/twproject-recensione\/\" \/>\n<meta property=\"og:locale\" content=\"it_IT\" \/>\n<meta property=\"og:type\" content=\"article\" \/>\n<meta property=\"og:title\" content=\"Twproject: recensione software gestionale progetti Agile - Accurate Reviews\" \/>\n<meta property=\"og:description\" content=\"Twproject: recensione soluzione di gestione dei progetti disponibile basato su cloud con app mobili per cellulari Windows, Android e iOS.\" \/>\n<meta property=\"og:url\" content=\"https:\/\/www.accuratereviews.com\/it\/software-progetti-agile\/twproject-recensione\/\" \/>\n<meta property=\"og:site_name\" content=\"Accurate Reviews\" \/>\n<meta property=\"article:modified_time\" content=\"2023-10-28T08:29:20+00:00\" \/>\n<meta property=\"og:image\" content=\"https:\/\/www.accuratereviews.com\/wp-content\/uploads\/2023\/10\/Twproject.jpeg\" \/>\n\t<meta property=\"og:image:width\" content=\"200\" \/>\n\t<meta property=\"og:image:height\" content=\"200\" \/>\n\t<meta property=\"og:image:type\" content=\"image\/jpeg\" \/>\n<meta name=\"twitter:card\" content=\"summary_large_image\" \/>\n<meta name=\"twitter:label1\" content=\"Tempo di lettura stimato\" \/>\n\t<meta name=\"twitter:data1\" content=\"4 minuti\" \/>\n<script type=\"application\/ld+json\" class=\"yoast-schema-graph\">{\"@context\":\"https:\\\/\\\/schema.org\",\"@graph\":[{\"@type\":\"WebPage\",\"@id\":\"https:\\\/\\\/www.accuratereviews.com\\\/it\\\/software-progetti-agile\\\/twproject-recensione\\\/\",\"url\":\"https:\\\/\\\/www.accuratereviews.com\\\/it\\\/software-progetti-agile\\\/twproject-recensione\\\/\",\"name\":\"Twproject: recensione software gestionale progetti Agile - Accurate Reviews\",\"isPartOf\":{\"@id\":\"https:\\\/\\\/www.accuratereviews.com\\\/it\\\/#website\"},\"primaryImageOfPage\":{\"@id\":\"https:\\\/\\\/www.accuratereviews.com\\\/it\\\/software-progetti-agile\\\/twproject-recensione\\\/#primaryimage\"},\"image\":{\"@id\":\"https:\\\/\\\/www.accuratereviews.com\\\/it\\\/software-progetti-agile\\\/twproject-recensione\\\/#primaryimage\"},\"thumbnailUrl\":\"https:\\\/\\\/www.accuratereviews.com\\\/wp-content\\\/uploads\\\/2023\\\/10\\\/Twproject.jpeg\",\"datePublished\":\"2023-10-03T12:07:32+00:00\",\"dateModified\":\"2023-10-28T08:29:20+00:00\",\"description\":\"Twproject: recensione soluzione di gestione dei progetti disponibile basato su cloud con app mobili per cellulari Windows, Android e iOS.\",\"breadcrumb\":{\"@id\":\"https:\\\/\\\/www.accuratereviews.com\\\/it\\\/software-progetti-agile\\\/twproject-recensione\\\/#breadcrumb\"},\"inLanguage\":\"it-IT\",\"potentialAction\":[{\"@type\":\"ReadAction\",\"target\":[\"https:\\\/\\\/www.accuratereviews.com\\\/it\\\/software-progetti-agile\\\/twproject-recensione\\\/\"]}]},{\"@type\":\"ImageObject\",\"inLanguage\":\"it-IT\",\"@id\":\"https:\\\/\\\/www.accuratereviews.com\\\/it\\\/software-progetti-agile\\\/twproject-recensione\\\/#primaryimage\",\"url\":\"https:\\\/\\\/www.accuratereviews.com\\\/wp-content\\\/uploads\\\/2023\\\/10\\\/Twproject.jpeg\",\"contentUrl\":\"https:\\\/\\\/www.accuratereviews.com\\\/wp-content\\\/uploads\\\/2023\\\/10\\\/Twproject.jpeg\",\"width\":200,\"height\":200},{\"@type\":\"BreadcrumbList\",\"@id\":\"https:\\\/\\\/www.accuratereviews.com\\\/it\\\/software-progetti-agile\\\/twproject-recensione\\\/#breadcrumb\",\"itemListElement\":[{\"@type\":\"ListItem\",\"position\":1,\"name\":\"Home\",\"item\":\"https:\\\/\\\/www.accuratereviews.com\\\/it\\\/\"},{\"@type\":\"ListItem\",\"position\":2,\"name\":\"Software progetti Agile\",\"item\":\"https:\\\/\\\/www.accuratereviews.com\\\/it\\\/software-progetti-agile\\\/\"},{\"@type\":\"ListItem\",\"position\":3,\"name\":\"Twproject\"}]},{\"@type\":\"WebSite\",\"@id\":\"https:\\\/\\\/www.accuratereviews.com\\\/it\\\/#website\",\"url\":\"https:\\\/\\\/www.accuratereviews.com\\\/it\\\/\",\"name\":\"Accurate Reviews\",\"description\":\"\",\"potentialAction\":[{\"@type\":\"SearchAction\",\"target\":{\"@type\":\"EntryPoint\",\"urlTemplate\":\"https:\\\/\\\/www.accuratereviews.com\\\/it\\\/?s={search_term_string}\"},\"query-input\":{\"@type\":\"PropertyValueSpecification\",\"valueRequired\":true,\"valueName\":\"search_term_string\"}}],\"inLanguage\":\"it-IT\"}]}<\/script>\n<!-- \/ Yoast SEO plugin. -->","yoast_head_json":{"title":"Twproject: recensione software gestionale progetti Agile - Accurate Reviews","description":"Twproject: recensione soluzione di gestione dei progetti disponibile basato su cloud con app mobili per cellulari Windows, Android e iOS.","robots":{"index":"index","follow":"follow","max-snippet":"max-snippet:-1","max-image-preview":"max-image-preview:large","max-video-preview":"max-video-preview:-1"},"canonical":"https:\/\/www.accuratereviews.com\/it\/software-progetti-agile\/twproject-recensione\/","og_locale":"it_IT","og_type":"article","og_title":"Twproject: recensione software gestionale progetti Agile - Accurate Reviews","og_description":"Twproject: recensione soluzione di gestione dei progetti disponibile basato su cloud con app mobili per cellulari Windows, Android e iOS.","og_url":"https:\/\/www.accuratereviews.com\/it\/software-progetti-agile\/twproject-recensione\/","og_site_name":"Accurate Reviews","article_modified_time":"2023-10-28T08:29:20+00:00","og_image":[{"width":200,"height":200,"url":"https:\/\/www.accuratereviews.com\/wp-content\/uploads\/2023\/10\/Twproject.jpeg","type":"image\/jpeg"}],"twitter_card":"summary_large_image","twitter_misc":{"Tempo di lettura stimato":"4 minuti"},"schema":{"@context":"https:\/\/schema.org","@graph":[{"@type":"WebPage","@id":"https:\/\/www.accuratereviews.com\/it\/software-progetti-agile\/twproject-recensione\/","url":"https:\/\/www.accuratereviews.com\/it\/software-progetti-agile\/twproject-recensione\/","name":"Twproject: recensione software gestionale progetti Agile - Accurate Reviews","isPartOf":{"@id":"https:\/\/www.accuratereviews.com\/it\/#website"},"primaryImageOfPage":{"@id":"https:\/\/www.accuratereviews.com\/it\/software-progetti-agile\/twproject-recensione\/#primaryimage"},"image":{"@id":"https:\/\/www.accuratereviews.com\/it\/software-progetti-agile\/twproject-recensione\/#primaryimage"},"thumbnailUrl":"https:\/\/www.accuratereviews.com\/wp-content\/uploads\/2023\/10\/Twproject.jpeg","datePublished":"2023-10-03T12:07:32+00:00","dateModified":"2023-10-28T08:29:20+00:00","description":"Twproject: recensione soluzione di gestione dei progetti disponibile basato su cloud con app mobili per cellulari Windows, Android e iOS.","breadcrumb":{"@id":"https:\/\/www.accuratereviews.com\/it\/software-progetti-agile\/twproject-recensione\/#breadcrumb"},"inLanguage":"it-IT","potentialAction":[{"@type":"ReadAction","target":["https:\/\/www.accuratereviews.com\/it\/software-progetti-agile\/twproject-recensione\/"]}]},{"@type":"ImageObject","inLanguage":"it-IT","@id":"https:\/\/www.accuratereviews.com\/it\/software-progetti-agile\/twproject-recensione\/#primaryimage","url":"https:\/\/www.accuratereviews.com\/wp-content\/uploads\/2023\/10\/Twproject.jpeg","contentUrl":"https:\/\/www.accuratereviews.com\/wp-content\/uploads\/2023\/10\/Twproject.jpeg","width":200,"height":200},{"@type":"BreadcrumbList","@id":"https:\/\/www.accuratereviews.com\/it\/software-progetti-agile\/twproject-recensione\/#breadcrumb","itemListElement":[{"@type":"ListItem","position":1,"name":"Home","item":"https:\/\/www.accuratereviews.com\/it\/"},{"@type":"ListItem","position":2,"name":"Software progetti Agile","item":"https:\/\/www.accuratereviews.com\/it\/software-progetti-agile\/"},{"@type":"ListItem","position":3,"name":"Twproject"}]},{"@type":"WebSite","@id":"https:\/\/www.accuratereviews.com\/it\/#website","url":"https:\/\/www.accuratereviews.com\/it\/","name":"Accurate Reviews","description":"","potentialAction":[{"@type":"SearchAction","target":{"@type":"EntryPoint","urlTemplate":"https:\/\/www.accuratereviews.com\/it\/?s={search_term_string}"},"query-input":{"@type":"PropertyValueSpecification","valueRequired":true,"valueName":"search_term_string"}}],"inLanguage":"it-IT"}]}},"_links":{"self":[{"href":"https:\/\/www.accuratereviews.com\/it\/wp-json\/wp\/v2\/pages\/72189","targetHints":{"allow":["GET"]}}],"collection":[{"href":"https:\/\/www.accuratereviews.com\/it\/wp-json\/wp\/v2\/pages"}],"about":[{"href":"https:\/\/www.accuratereviews.com\/it\/wp-json\/wp\/v2\/types\/page"}],"author":[{"embeddable":true,"href":"https:\/\/www.accuratereviews.com\/it\/wp-json\/wp\/v2\/users\/19"}],"replies":[{"embeddable":true,"href":"https:\/\/www.accuratereviews.com\/it\/wp-json\/wp\/v2\/comments?post=72189"}],"version-history":[{"count":11,"href":"https:\/\/www.accuratereviews.com\/it\/wp-json\/wp\/v2\/pages\/72189\/revisions"}],"predecessor-version":[{"id":72577,"href":"https:\/\/www.accuratereviews.com\/it\/wp-json\/wp\/v2\/pages\/72189\/revisions\/72577"}],"up":[{"embeddable":true,"href":"https:\/\/www.accuratereviews.com\/it\/wp-json\/wp\/v2\/pages\/71820"}],"wp:featuredmedia":[{"embeddable":true,"href":"https:\/\/www.accuratereviews.com\/it\/wp-json\/wp\/v2\/media\/72190"}],"wp:attachment":[{"href":"https:\/\/www.accuratereviews.com\/it\/wp-json\/wp\/v2\/media?parent=72189"}],"wp:term":[{"taxonomy":"category","embeddable":true,"href":"https:\/\/www.accuratereviews.com\/it\/wp-json\/wp\/v2\/categories?post=72189"},{"taxonomy":"post_tag","embeddable":true,"href":"https:\/\/www.accuratereviews.com\/it\/wp-json\/wp\/v2\/tags?post=72189"},{"taxonomy":"features","embeddable":true,"href":"https:\/\/www.accuratereviews.com\/it\/wp-json\/wp\/v2\/features?post=72189"}],"curies":[{"name":"wp","href":"https:\/\/api.w.org\/{rel}","templated":true}]}}