{"id":72208,"date":"2023-10-09T11:35:30","date_gmt":"2023-10-09T11:35:30","guid":{"rendered":"https:\/\/www.accuratereviews.com\/?page_id=72208"},"modified":"2023-10-10T10:38:46","modified_gmt":"2023-10-10T10:38:46","slug":"redmineup-recensione","status":"publish","type":"page","link":"https:\/\/www.accuratereviews.com\/it\/software-progetti-agile\/redmineup-recensione\/","title":{"rendered":"RedmineUP"},"content":{"rendered":"<p><strong>RedmineUP<\/strong>\u00a0\u00e8 un&#8217;app <strong>cloud<\/strong> per la gestione dei progetti che si concentra su metodologie <strong>Agile<\/strong>, come Scrum e Kanban, ma pu\u00f2 anche essere personalizzata per qualsiasi metodologia. Viene fornito con tutte le funzionalit\u00e0 necessarie, tra cui pianificatore di sprint e versioni, gestore del backlog, una bacheca con corsie e sottocolonne, storie utente con punti storia e limiti WIP e altro ancora.<br \/>\n<strong>RedmineUp Cloud<\/strong> facilita la personalizzazione consentendo agli utenti, ad esempio, di creare pi\u00f9 schede Agile per diversi team o membri e aggiungere campi personalizzati. Con il pacchetto Enterprise gli utenti possono integrarsi con moduli o software di terze parti.<\/p>\n<h2>REDMINEUP &#8211; TUTORIAL<\/h2>\n<div id=\"fluid-wrapper-counter-1\" class=\"g1-fluid-wrapper \" style=\"width:686px;\">\n<div style=\"padding-bottom:56.268221574344%;\"><iframe loading=\"lazy\" title=\"New Redmine Agile Plugin from RedmineUP\" width=\"686\" height=\"386\" src=\"https:\/\/www.youtube.com\/embed\/Dc0NCRE7hro?feature=oembed&amp;wmode=transparent&amp;autohide=1&amp;autoplay=0&amp;disablekb=0&amp;fs=1&amp;loop=0&amp;enablejsapi=1&amp;rel=0&amp;controls=2&amp;showinfo=0&amp;wmode=transparent&amp;autohide=2&amp;autoplay=0&amp;disablekb=0&amp;fs=1&amp;loop=0&amp;enablejsapi=1&amp;rel=0&amp;controls=2&amp;showinfo=1\" frameborder=\"0\" allow=\"accelerometer; autoplay; clipboard-write; encrypted-media; gyroscope; picture-in-picture; web-share\" allowfullscreen><\/iframe><\/div>\n<\/div>\n<h3>REDMINEUP &#8211; CARATTERISTICHE<\/h3>\n<ul>\n<li><strong>Schede SCRUM e Kanban<\/strong>: puoi spostare la scheda con le attivit\u00e0 tra stati, assegnatari, sprint o progetti. Adatto per team SCRUM e Kanban<\/li>\n<li><strong>Grafici Agile personalizzabili<\/strong>: utilizza i grafici Burn-down\/up, Flusso cumulativo, Velocit\u00e0, Lead Time con linee di tendenza che mostrano i cambiamenti.<\/li>\n<li><strong>Trascina e rilascia lo Sprint Planner<\/strong>: restringi l&#8217;attivit\u00e0 con i filtri e quindi assegna e riassegna facilmente le attivit\u00e0 anche a pi\u00f9 Sprint o Backlog in un&#8217;unica schermata<\/li>\n<li><strong>Utilizza gli Story Point per stimare l&#8217;impegno<\/strong>: stimare la quantit\u00e0 di lavoro richiesta o la complessit\u00e0 delle attivit\u00e0 con Story Points. Quindi predefinire i valori da selezionare da un elenco a discesa.<\/li>\n<li><strong>Sottocolonne e corsie<\/strong>: imposta una chiara categorizzazione verticale e orizzontale delle attivit\u00e0 in base allo stato, alla priorit\u00e0 o assegnazione.<\/li>\n<li><strong>Limiti di lavoro in corso (WIP)<\/strong>.: mantieni il carico di lavoro sotto controllo per un flusso di lavoro ottimale con la metrica Kanban WIP<\/li>\n<li><strong>Tag<\/strong>: i tag ti aiutano a organizzare e classificare ulteriormente i problemi. I tag vengono visualizzati sulle schede attivit\u00e0<\/li>\n<li><strong>Ricerca veloce<\/strong>: digita la parola chiave, il nome del compagno di squadra o qualsiasi altra frase per vedere le carte evidenziate che corrispondono alla query specificata<\/li>\n<li><strong>Aggiungi attivit\u00e0 e note alla lavagna<\/strong>: puoi creare nuovi problemi e aggiungere commenti alle attivit\u00e0 direttamente nella bacheca Agile.<\/li>\n<\/ul>\n<h4>LE RECENSIONI DEGLI UTENTI<\/h4>\n<p><strong>Ernst &#8220;Raggiungi gli obiettivi di supporto e sviluppo&#8221;<\/strong><br \/>\n<strong>Commenti<\/strong>: Organizzazione e gestione del supporto e dello sviluppo<br \/>\n<strong>Pro<\/strong>: Facile da configurare e veloce da utilizzare. Buona integrazione nel nostro processo di sviluppo<br \/>\n<strong>Contro<\/strong>: Le funzionalit\u00e0 di vendita e CRM sono insufficienti per il nostro caso d&#8217;uso.<\/p>\n<p><strong>Ak\u0131n &#8220;La migliore estensione per Redmine&#8221;<\/strong><br \/>\n<strong>Pro<\/strong>: Questo plugin modifica il comportamento del software Redmine. Sono sicuro che possiamo fidarci dei servizi Redmineup mentre adottiamo Agile nei nostri team.<br \/>\n<strong>Contro<\/strong>: Al momento non c&#8217;\u00e8 nulla che non ci sia piaciuto nel software<\/p>\n<p><strong>Francisco &#8220;Buon servizio&#8221;<\/strong><br \/>\n<strong>Commenti<\/strong>: Redmine consente di connettere un&#8217;applicazione utilizzando l&#8217;API, questa funzionalit\u00e0 consente di gestire il progetto in Redmine da un&#8217;altra applicazione, nel mio caso aziendale avevo bisogno di connettere il mio BPM e altri sistemi di gestione per utilizzare il BPM come orchestratore<br \/>\n<strong>Pro<\/strong>: il supporto \u00e8 molto buono e la documentazione per la gestione del progetto \u00e8 buona<br \/>\n<strong>Contro<\/strong>: Redmine non supporta i webhook per notificare nativamente gli eventi al sistema esterno, avevo bisogno di utilizzare Zapier per emulare questa funzionalit\u00e0<\/p>\n","protected":false},"excerpt":{"rendered":"<p>RedmineUP\u00a0\u00e8 un&#8217;app cloud per la gestione dei progetti che si concentra su metodologie Agile, come Scrum e Kanban, ma pu\u00f2 anche essere personalizzata per qualsiasi metodologia. Viene fornito con tutte le funzionalit\u00e0 necessarie, tra cui pianificatore di sprint e versioni, gestore del backlog, una bacheca con corsie e sottocolonne, storie utente con punti storia e limiti WIP e altro ancora.<\/p>\n","protected":false},"author":19,"featured_media":72209,"parent":71820,"menu_order":0,"comment_status":"open","ping_status":"closed","template":"g1_template_page_review_new.php","meta":{"_acf_changed":false,"cwp_meta_box_check":"No","cwp_rev_product_name":"","cwp_rev_product_image":"","wppr_links":[],"cwp_rev_price":"","wppr_options":[],"wppr_pros":[],"wppr_cons":[],"_monsterinsights_skip_tracking":false,"_monsterinsights_sitenote_active":false,"_monsterinsights_sitenote_note":"","_monsterinsights_sitenote_category":0,"footnotes":""},"categories":[2892],"tags":[2916,2992,14666,14656,14697,14696,2989,2985,2990,2984],"features":[],"class_list":{"0":"post-72208","1":"page","2":"type-page","3":"status-publish","4":"has-post-thumbnail","6":"category-gestionale-per-progetti-agile","7":"tag-gestionale-agile","8":"tag-piattaforma-gestionale-agile","9":"tag-piattaforma-gestionale-progetti-agile","10":"tag-programma-gestionale-agile","11":"tag-programmazione-gestionale-progetti-agile","12":"tag-redmineup","13":"tag-software-gestionale-agile","14":"tag-software-gestionale-progetti-agile","15":"tag-soluzione-gestionale-agile","16":"tag-soluzione-gestionale-progetti-agile"},"wppr_data":{"cwp_meta_box_check":"No"},"acf":[],"yoast_head":"<!-- This site is optimized with the Yoast SEO plugin v27.4 - https:\/\/yoast.com\/product\/yoast-seo-wordpress\/ -->\n<title>RedmineUP: recensione software gestionale progetti Agile - Accurate Reviews<\/title>\n<meta name=\"description\" content=\"RedmineUP: recensione\u00a0applicazione basata su cloud per la gestione dei progetti che si concentra su metodologie Agile, come Scrum e Kanban.\" \/>\n<meta name=\"robots\" content=\"index, follow, max-snippet:-1, max-image-preview:large, max-video-preview:-1\" \/>\n<link rel=\"canonical\" href=\"https:\/\/www.accuratereviews.com\/it\/software-progetti-agile\/redmineup-recensione\/\" \/>\n<meta property=\"og:locale\" content=\"it_IT\" \/>\n<meta property=\"og:type\" content=\"article\" \/>\n<meta property=\"og:title\" content=\"RedmineUP: recensione software gestionale progetti Agile - Accurate Reviews\" \/>\n<meta property=\"og:description\" content=\"RedmineUP: recensione\u00a0applicazione basata su cloud per la gestione dei progetti che si concentra su metodologie Agile, come Scrum e Kanban.\" \/>\n<meta property=\"og:url\" content=\"https:\/\/www.accuratereviews.com\/it\/software-progetti-agile\/redmineup-recensione\/\" \/>\n<meta property=\"og:site_name\" content=\"Accurate Reviews\" \/>\n<meta property=\"article:modified_time\" content=\"2023-10-10T10:38:46+00:00\" \/>\n<meta property=\"og:image\" content=\"https:\/\/www.accuratereviews.com\/wp-content\/uploads\/2023\/10\/RedminUp.jpeg\" \/>\n\t<meta property=\"og:image:width\" content=\"400\" \/>\n\t<meta property=\"og:image:height\" content=\"400\" \/>\n\t<meta property=\"og:image:type\" content=\"image\/jpeg\" \/>\n<meta name=\"twitter:card\" content=\"summary_large_image\" \/>\n<meta name=\"twitter:label1\" content=\"Tempo di lettura stimato\" \/>\n\t<meta name=\"twitter:data1\" content=\"3 minuti\" \/>\n<script type=\"application\/ld+json\" class=\"yoast-schema-graph\">{\"@context\":\"https:\\\/\\\/schema.org\",\"@graph\":[{\"@type\":\"WebPage\",\"@id\":\"https:\\\/\\\/www.accuratereviews.com\\\/it\\\/software-progetti-agile\\\/redmineup-recensione\\\/\",\"url\":\"https:\\\/\\\/www.accuratereviews.com\\\/it\\\/software-progetti-agile\\\/redmineup-recensione\\\/\",\"name\":\"RedmineUP: recensione software gestionale progetti Agile - Accurate Reviews\",\"isPartOf\":{\"@id\":\"https:\\\/\\\/www.accuratereviews.com\\\/it\\\/#website\"},\"primaryImageOfPage\":{\"@id\":\"https:\\\/\\\/www.accuratereviews.com\\\/it\\\/software-progetti-agile\\\/redmineup-recensione\\\/#primaryimage\"},\"image\":{\"@id\":\"https:\\\/\\\/www.accuratereviews.com\\\/it\\\/software-progetti-agile\\\/redmineup-recensione\\\/#primaryimage\"},\"thumbnailUrl\":\"https:\\\/\\\/www.accuratereviews.com\\\/wp-content\\\/uploads\\\/2023\\\/10\\\/RedminUp.jpeg\",\"datePublished\":\"2023-10-09T11:35:30+00:00\",\"dateModified\":\"2023-10-10T10:38:46+00:00\",\"description\":\"RedmineUP: recensione\u00a0applicazione basata su cloud per la gestione dei progetti che si concentra su metodologie Agile, come Scrum e Kanban.\",\"breadcrumb\":{\"@id\":\"https:\\\/\\\/www.accuratereviews.com\\\/it\\\/software-progetti-agile\\\/redmineup-recensione\\\/#breadcrumb\"},\"inLanguage\":\"it-IT\",\"potentialAction\":[{\"@type\":\"ReadAction\",\"target\":[\"https:\\\/\\\/www.accuratereviews.com\\\/it\\\/software-progetti-agile\\\/redmineup-recensione\\\/\"]}]},{\"@type\":\"ImageObject\",\"inLanguage\":\"it-IT\",\"@id\":\"https:\\\/\\\/www.accuratereviews.com\\\/it\\\/software-progetti-agile\\\/redmineup-recensione\\\/#primaryimage\",\"url\":\"https:\\\/\\\/www.accuratereviews.com\\\/wp-content\\\/uploads\\\/2023\\\/10\\\/RedminUp.jpeg\",\"contentUrl\":\"https:\\\/\\\/www.accuratereviews.com\\\/wp-content\\\/uploads\\\/2023\\\/10\\\/RedminUp.jpeg\",\"width\":400,\"height\":400},{\"@type\":\"BreadcrumbList\",\"@id\":\"https:\\\/\\\/www.accuratereviews.com\\\/it\\\/software-progetti-agile\\\/redmineup-recensione\\\/#breadcrumb\",\"itemListElement\":[{\"@type\":\"ListItem\",\"position\":1,\"name\":\"Home\",\"item\":\"https:\\\/\\\/www.accuratereviews.com\\\/it\\\/\"},{\"@type\":\"ListItem\",\"position\":2,\"name\":\"Software progetti Agile\",\"item\":\"https:\\\/\\\/www.accuratereviews.com\\\/it\\\/software-progetti-agile\\\/\"},{\"@type\":\"ListItem\",\"position\":3,\"name\":\"RedmineUP\"}]},{\"@type\":\"WebSite\",\"@id\":\"https:\\\/\\\/www.accuratereviews.com\\\/it\\\/#website\",\"url\":\"https:\\\/\\\/www.accuratereviews.com\\\/it\\\/\",\"name\":\"Accurate Reviews\",\"description\":\"\",\"potentialAction\":[{\"@type\":\"SearchAction\",\"target\":{\"@type\":\"EntryPoint\",\"urlTemplate\":\"https:\\\/\\\/www.accuratereviews.com\\\/it\\\/?s={search_term_string}\"},\"query-input\":{\"@type\":\"PropertyValueSpecification\",\"valueRequired\":true,\"valueName\":\"search_term_string\"}}],\"inLanguage\":\"it-IT\"}]}<\/script>\n<!-- \/ Yoast SEO plugin. -->","yoast_head_json":{"title":"RedmineUP: recensione software gestionale progetti Agile - Accurate Reviews","description":"RedmineUP: recensione\u00a0applicazione basata su cloud per la gestione dei progetti che si concentra su metodologie Agile, come Scrum e Kanban.","robots":{"index":"index","follow":"follow","max-snippet":"max-snippet:-1","max-image-preview":"max-image-preview:large","max-video-preview":"max-video-preview:-1"},"canonical":"https:\/\/www.accuratereviews.com\/it\/software-progetti-agile\/redmineup-recensione\/","og_locale":"it_IT","og_type":"article","og_title":"RedmineUP: recensione software gestionale progetti Agile - Accurate Reviews","og_description":"RedmineUP: recensione\u00a0applicazione basata su cloud per la gestione dei progetti che si concentra su metodologie Agile, come Scrum e Kanban.","og_url":"https:\/\/www.accuratereviews.com\/it\/software-progetti-agile\/redmineup-recensione\/","og_site_name":"Accurate Reviews","article_modified_time":"2023-10-10T10:38:46+00:00","og_image":[{"width":400,"height":400,"url":"https:\/\/www.accuratereviews.com\/wp-content\/uploads\/2023\/10\/RedminUp.jpeg","type":"image\/jpeg"}],"twitter_card":"summary_large_image","twitter_misc":{"Tempo di lettura stimato":"3 minuti"},"schema":{"@context":"https:\/\/schema.org","@graph":[{"@type":"WebPage","@id":"https:\/\/www.accuratereviews.com\/it\/software-progetti-agile\/redmineup-recensione\/","url":"https:\/\/www.accuratereviews.com\/it\/software-progetti-agile\/redmineup-recensione\/","name":"RedmineUP: recensione software gestionale progetti Agile - Accurate Reviews","isPartOf":{"@id":"https:\/\/www.accuratereviews.com\/it\/#website"},"primaryImageOfPage":{"@id":"https:\/\/www.accuratereviews.com\/it\/software-progetti-agile\/redmineup-recensione\/#primaryimage"},"image":{"@id":"https:\/\/www.accuratereviews.com\/it\/software-progetti-agile\/redmineup-recensione\/#primaryimage"},"thumbnailUrl":"https:\/\/www.accuratereviews.com\/wp-content\/uploads\/2023\/10\/RedminUp.jpeg","datePublished":"2023-10-09T11:35:30+00:00","dateModified":"2023-10-10T10:38:46+00:00","description":"RedmineUP: recensione\u00a0applicazione basata su cloud per la gestione dei progetti che si concentra su metodologie Agile, come Scrum e Kanban.","breadcrumb":{"@id":"https:\/\/www.accuratereviews.com\/it\/software-progetti-agile\/redmineup-recensione\/#breadcrumb"},"inLanguage":"it-IT","potentialAction":[{"@type":"ReadAction","target":["https:\/\/www.accuratereviews.com\/it\/software-progetti-agile\/redmineup-recensione\/"]}]},{"@type":"ImageObject","inLanguage":"it-IT","@id":"https:\/\/www.accuratereviews.com\/it\/software-progetti-agile\/redmineup-recensione\/#primaryimage","url":"https:\/\/www.accuratereviews.com\/wp-content\/uploads\/2023\/10\/RedminUp.jpeg","contentUrl":"https:\/\/www.accuratereviews.com\/wp-content\/uploads\/2023\/10\/RedminUp.jpeg","width":400,"height":400},{"@type":"BreadcrumbList","@id":"https:\/\/www.accuratereviews.com\/it\/software-progetti-agile\/redmineup-recensione\/#breadcrumb","itemListElement":[{"@type":"ListItem","position":1,"name":"Home","item":"https:\/\/www.accuratereviews.com\/it\/"},{"@type":"ListItem","position":2,"name":"Software progetti Agile","item":"https:\/\/www.accuratereviews.com\/it\/software-progetti-agile\/"},{"@type":"ListItem","position":3,"name":"RedmineUP"}]},{"@type":"WebSite","@id":"https:\/\/www.accuratereviews.com\/it\/#website","url":"https:\/\/www.accuratereviews.com\/it\/","name":"Accurate Reviews","description":"","potentialAction":[{"@type":"SearchAction","target":{"@type":"EntryPoint","urlTemplate":"https:\/\/www.accuratereviews.com\/it\/?s={search_term_string}"},"query-input":{"@type":"PropertyValueSpecification","valueRequired":true,"valueName":"search_term_string"}}],"inLanguage":"it-IT"}]}},"_links":{"self":[{"href":"https:\/\/www.accuratereviews.com\/it\/wp-json\/wp\/v2\/pages\/72208","targetHints":{"allow":["GET"]}}],"collection":[{"href":"https:\/\/www.accuratereviews.com\/it\/wp-json\/wp\/v2\/pages"}],"about":[{"href":"https:\/\/www.accuratereviews.com\/it\/wp-json\/wp\/v2\/types\/page"}],"author":[{"embeddable":true,"href":"https:\/\/www.accuratereviews.com\/it\/wp-json\/wp\/v2\/users\/19"}],"replies":[{"embeddable":true,"href":"https:\/\/www.accuratereviews.com\/it\/wp-json\/wp\/v2\/comments?post=72208"}],"version-history":[{"count":10,"href":"https:\/\/www.accuratereviews.com\/it\/wp-json\/wp\/v2\/pages\/72208\/revisions"}],"predecessor-version":[{"id":72249,"href":"https:\/\/www.accuratereviews.com\/it\/wp-json\/wp\/v2\/pages\/72208\/revisions\/72249"}],"up":[{"embeddable":true,"href":"https:\/\/www.accuratereviews.com\/it\/wp-json\/wp\/v2\/pages\/71820"}],"wp:featuredmedia":[{"embeddable":true,"href":"https:\/\/www.accuratereviews.com\/it\/wp-json\/wp\/v2\/media\/72209"}],"wp:attachment":[{"href":"https:\/\/www.accuratereviews.com\/it\/wp-json\/wp\/v2\/media?parent=72208"}],"wp:term":[{"taxonomy":"category","embeddable":true,"href":"https:\/\/www.accuratereviews.com\/it\/wp-json\/wp\/v2\/categories?post=72208"},{"taxonomy":"post_tag","embeddable":true,"href":"https:\/\/www.accuratereviews.com\/it\/wp-json\/wp\/v2\/tags?post=72208"},{"taxonomy":"features","embeddable":true,"href":"https:\/\/www.accuratereviews.com\/it\/wp-json\/wp\/v2\/features?post=72208"}],"curies":[{"name":"wp","href":"https:\/\/api.w.org\/{rel}","templated":true}]}}