{"id":72226,"date":"2023-10-11T07:17:52","date_gmt":"2023-10-11T07:17:52","guid":{"rendered":"https:\/\/www.accuratereviews.com\/?page_id=72226"},"modified":"2023-11-02T14:18:19","modified_gmt":"2023-11-02T14:18:19","slug":"agile-central-recensione","status":"publish","type":"page","link":"https:\/\/www.accuratereviews.com\/it\/software-progetti-agile\/agile-central-recensione\/","title":{"rendered":"Planbox Agile Central"},"content":{"rendered":"<p><strong>Planbox Work<\/strong> \u00e8 un potente <strong>strumento di gestione dei progetti<\/strong> che consente ai team di stabilire le priorit\u00e0, pianificare, collaborare e monitorare il lavoro dei progetti. La sua interfaccia intuitiva semplifica la gestione del lavoro da parte dell&#8217;intero team e pu\u00f2 essere facilmente utilizzata da tutti i membri dell&#8217;organizzazione. Si basa sui valori del modello <strong>Agile<\/strong>. L&#8217;accento \u00e8 posto sulla collaborazione del team, sul monitoraggio dell&#8217;impegno effettivo rispetto alle stime di lavoro, sulla misurazione dell&#8217;efficienza del team e sulla fornitura agli utenti degli strumenti necessari per rispondere rapidamente al cambiamento. Il team dei servizi professionali offre formazione, servizi di consulenza e assistenza clienti leader del settore.<\/p>\n<h2>PLANBOX WORK &#8211; TUTORIAL<\/h2>\n<div id=\"fluid-wrapper-counter-1\" class=\"g1-fluid-wrapper \" style=\"width:686px;\">\n<div style=\"padding-bottom:56.268221574344%;\"><iframe loading=\"lazy\" title=\"The Planbox Agile Innovation Suite\" width=\"686\" height=\"386\" src=\"https:\/\/www.youtube.com\/embed\/kd90ciSjopk?feature=oembed&amp;wmode=transparent&amp;autohide=1&amp;autoplay=0&amp;disablekb=0&amp;fs=1&amp;loop=0&amp;enablejsapi=1&amp;rel=0&amp;controls=2&amp;showinfo=0&amp;wmode=transparent&amp;autohide=2&amp;autoplay=0&amp;disablekb=0&amp;fs=1&amp;loop=0&amp;enablejsapi=1&amp;rel=0&amp;controls=2&amp;showinfo=1\" frameborder=\"0\" allow=\"accelerometer; autoplay; clipboard-write; encrypted-media; gyroscope; picture-in-picture; web-share\" allowfullscreen><\/iframe><\/div>\n<\/div>\n<h3>PLANBOX WORK &#8211; CARATTERISTICHE<\/h3>\n<ul>\n<li><strong>Completa il tuo backlog in iterazioni<\/strong>: archivia tutte le cose da fare nel tuo backlog e affrontale in blocchi o iterazioni con limiti di tempo.<\/li>\n<li><strong>Integrare il feedback dei clienti<\/strong>: leggi cosa hanno da dire i tuoi clienti e tieni tutto a mente quando pianifichi e lavori.<\/li>\n<li><strong>Percepisci la velocit\u00e0<\/strong>: osserva la velocit\u00e0 per sapere quanto il tuo team pu\u00f2 realizzare in un&#8217;iterazione e per pianificare meglio il lavoro futuro.<\/li>\n<li><strong>Tieni traccia dei progressi con i grafici<\/strong>: visualizza il lavoro che \u00e8 stato completato e se sei in linea con l&#8217;obiettivo di completarlo entro la fine dell&#8217;iterazione.<\/li>\n<li><strong>Monitorare i progressi<\/strong>: tieni d&#8217;occhio il tuo team con i grafici burndown e le barre di avanzamento e scopri chi \u00e8 in linea o in overbooking.<\/li>\n<li><strong>Imposta le scadenze<\/strong>: assegna scadenze agli elementi, imposta promemoria per loro e visualizzali tutti nel tuo calendario.<\/li>\n<li><strong>Coinvolgere i clienti<\/strong>: leggi cosa hanno da dire i clienti attraverso un widget di feedback e torna ai clienti una volta terminato il lavoro.<\/li>\n<li><strong>Tieni traccia dei rapporti<\/strong>: rapporti e grafici ti mostreranno tutto ci\u00f2 di cui hai bisogno e niente di superfluo.<\/li>\n<li><strong>Collabora in tempo reale<\/strong>: visualizza e reagisci istantaneamente ai commenti in modo da andare sempre avanti come squadra.<\/li>\n<li><strong>Condividi file in un unico posto<\/strong>: allega file alle attivit\u00e0 in modo che tutto ci\u00f2 di cui i tuoi colleghi hanno bisogno per portare a termine il lavoro.<\/li>\n<li><strong>Lavora in modo efficiente<\/strong>: crea elementi e attivit\u00e0 e utilizza il trascinamento della selezione per assegnarne la priorit\u00e0.<\/li>\n<li><strong>Tieni traccia del tuo tempo<\/strong>: stima e registra il tempo per le attivit\u00e0. Le schede attivit\u00e0 sono a portata di clic; se il tuo compagno di squadra \u00e8 in overbooking, riceverai una notifica.<\/li>\n<li><strong>Visualizza le tue cose da fare<\/strong>: utilizza i filtri per visualizzare solo le attivit\u00e0 che desideri vedere.<\/li>\n<li><strong>Rimani aggiornato<\/strong>: scopri cosa stanno facendo i compagni di squadra con feed di attivit\u00e0 in tempo reale e report sullo stato degli elementi codificati a colori.<\/li>\n<\/ul>\n<p><strong>LE RECENSIONI DEGLI UTENTI<\/strong><\/p>\n<p><strong>Saurabh &#8220;Agile&#8221;<\/strong><br \/>\n<strong>Commenti<\/strong>: \u00c8 divertente lavorare in Agile poich\u00e9 tutti lavorano nello stesso luogo e il suo approccio \u00e8 orientato ai risultati<br \/>\n<strong>Pro<\/strong>: Approccio orientato al risultato I risultati finali fase per fase sono disponibili per gli utenti finali Meno soldi sprecati in grandi progetti<br \/>\n<strong>Contro<\/strong>: La curva di apprendimento \u00e8 maggiore Difficile convincere le persone che si trovano nei cicli di vita SDLC da molto tempo Alcune attivit\u00e0 sono pi\u00f9 complicate rispetto a SDLC<\/p>\n<p><strong>Himanshu &#8220;Ottimo strumento di collaborazione e reporting per i team Agile&#8221;<\/strong><br \/>\n<strong>Commenti<\/strong>: Nel complesso, l&#8217;esperienza con lo strumento con diversi report \u00e8 molto buona. Sarebbe meglio se fornisse approfondimenti pi\u00f9 automatici.<br \/>\n<strong>Pro<\/strong>: 1. Rapporti 2. Personalizzazione dell&#8217;interfaccia utente 3. Gestione degli arretrati 4.Dashboard 5. Tabelloni Kanban 6. Visualizzazione della gestione<\/p>\n<p><strong>Contro<\/strong>: 1. Monitoraggio del rischio 2. Non tutte le funzionalit\u00e0 sono intuitive<\/p>\n<p><strong>Jessica &#8220;Central Agile&#8221;<\/strong><br \/>\n<strong>Commenti<\/strong>: Nel complesso sono rimasto soddisfatto di Agile Central.<br \/>\n<strong>Pro<\/strong>: Agile central \u00e8 stato un buon strumento software da utilizzare per la pianificazione. I grafici mostrano facilmente i progressi.<br \/>\n<strong>Contro<\/strong>: Non ho ancora usato molto questo software, ma finora sembra facile da usare.<\/p>\n","protected":false},"excerpt":{"rendered":"<p>Planbox Work \u00e8 un potente strumento di gestione dei progetti che consente ai team di stabilire le priorit\u00e0, pianificare, collaborare e monitorare il lavoro dei progetti. La sua interfaccia intuitiva semplifica la gestione del lavoro da parte dell&#8217;intero team e pu\u00f2 essere facilmente utilizzata da tutti i membri dell&#8217;organizzazione<\/p>\n","protected":false},"author":19,"featured_media":72227,"parent":71820,"menu_order":0,"comment_status":"open","ping_status":"closed","template":"g1_template_page_review_new.php","meta":{"_acf_changed":false,"cwp_meta_box_check":"Yes","cwp_rev_product_name":"","cwp_rev_product_image":"","wppr_links":[],"cwp_rev_price":"0.00","wppr_options":[{"name":"Usability","value":"0"},{"name":"Speed","value":"0"},{"name":"Features","value":"0"},{"name":"Support","value":"0"},{"name":"Pricing","value":"0"}],"wppr_pros":["","","","",""],"wppr_cons":["","","","",""],"_monsterinsights_skip_tracking":false,"_monsterinsights_sitenote_active":false,"_monsterinsights_sitenote_note":"","_monsterinsights_sitenote_category":0,"footnotes":""},"categories":[2892],"tags":[14698,2916,14655,2992,14666,14656,14658,2989,2985,2990,2984],"features":[],"class_list":{"0":"post-72226","1":"page","2":"type-page","3":"status-publish","4":"has-post-thumbnail","6":"category-gestionale-per-progetti-agile","7":"tag-agile-central","8":"tag-gestionale-agile","9":"tag-gestionale-progetti-agile","10":"tag-piattaforma-gestionale-agile","11":"tag-piattaforma-gestionale-progetti-agile","12":"tag-programma-gestionale-agile","13":"tag-programma-gestionale-progetti-agile","14":"tag-software-gestionale-agile","15":"tag-software-gestionale-progetti-agile","16":"tag-soluzione-gestionale-agile","17":"tag-soluzione-gestionale-progetti-agile"},"wppr_data":{"cwp_meta_box_check":"Yes","_wppr_review_template":"default","cwp_rev_product_image":"","cwp_image_link":"image","wppr_links":[],"cwp_rev_price":"0.00","wppr_pros":["","","","",""],"wppr_cons":["","","","",""],"wppr_rating":"0.00","wppr_options":{"1":{"name":"Usability","value":"0"},"2":{"name":"Speed","value":"0"},"3":{"name":"Features","value":"0"},"4":{"name":"Support","value":"0"},"5":{"name":"Pricing","value":"0"}},"wppr_review_type":"Product","wppr_review_custom_fields":{"additionalProperty":"","additionalType":"","aggregateRating":"","alternateName":"","audience":"","award":"","awards":"","brand":"","color":"","depth":"","description":"","disambiguatingDescription":"","gtin12":"","gtin13":"","gtin14":"","gtin8":"","height":"","identifier":"","image":"","isAccessoryOrSparePartFor":"","isConsumableFor":"","isRelatedTo":"","isSimilarTo":"","itemCondition":"","logo":"","mainEntityOfPage":"","manufacturer":"","material":"","model":"","mpn":"","name":"","offers":"","potentialAction":"","productID":"","productionDate":"","purchaseDate":"","releaseDate":"","review":"","reviews":"","sameAs":"","sku":"","slogan":"","subjectOf":"","url":"","weight":"","width":""}},"acf":[],"yoast_head":"<!-- This site is optimized with the Yoast SEO plugin v27.4 - https:\/\/yoast.com\/product\/yoast-seo-wordpress\/ -->\n<title>Planbox Work: recensione software gestionale progetti Agile - Accurate Reviews<\/title>\n<meta name=\"description\" content=\"Planbox Work: recensione strumento di gestione progetti che consente ai team di stabilire priorit\u00e0, pianificare, collaborare e monitorare il lavoro.\" \/>\n<meta name=\"robots\" content=\"index, follow, max-snippet:-1, max-image-preview:large, max-video-preview:-1\" \/>\n<link rel=\"canonical\" href=\"https:\/\/www.accuratereviews.com\/it\/software-progetti-agile\/agile-central-recensione\/\" \/>\n<meta property=\"og:locale\" content=\"it_IT\" \/>\n<meta property=\"og:type\" content=\"article\" \/>\n<meta property=\"og:title\" content=\"Planbox Work: recensione software gestionale progetti Agile - Accurate Reviews\" \/>\n<meta property=\"og:description\" content=\"Planbox Work: recensione strumento di gestione progetti che consente ai team di stabilire priorit\u00e0, pianificare, collaborare e monitorare il lavoro.\" \/>\n<meta property=\"og:url\" content=\"https:\/\/www.accuratereviews.com\/it\/software-progetti-agile\/agile-central-recensione\/\" \/>\n<meta property=\"og:site_name\" content=\"Accurate Reviews\" \/>\n<meta property=\"article:modified_time\" content=\"2023-11-02T14:18:19+00:00\" \/>\n<meta property=\"og:image\" content=\"https:\/\/www.accuratereviews.com\/wp-content\/uploads\/2023\/10\/Screenshot-2023-10-10-alle-10.10.35.png\" \/>\n\t<meta property=\"og:image:width\" content=\"298\" \/>\n\t<meta property=\"og:image:height\" content=\"328\" \/>\n\t<meta property=\"og:image:type\" content=\"image\/png\" \/>\n<meta name=\"twitter:card\" content=\"summary_large_image\" \/>\n<meta name=\"twitter:label1\" content=\"Tempo di lettura stimato\" \/>\n\t<meta name=\"twitter:data1\" content=\"4 minuti\" \/>\n<script type=\"application\/ld+json\" class=\"yoast-schema-graph\">{\"@context\":\"https:\\\/\\\/schema.org\",\"@graph\":[{\"@type\":\"WebPage\",\"@id\":\"https:\\\/\\\/www.accuratereviews.com\\\/it\\\/software-progetti-agile\\\/agile-central-recensione\\\/\",\"url\":\"https:\\\/\\\/www.accuratereviews.com\\\/it\\\/software-progetti-agile\\\/agile-central-recensione\\\/\",\"name\":\"Planbox Work: recensione software gestionale progetti Agile - Accurate Reviews\",\"isPartOf\":{\"@id\":\"https:\\\/\\\/www.accuratereviews.com\\\/it\\\/#website\"},\"primaryImageOfPage\":{\"@id\":\"https:\\\/\\\/www.accuratereviews.com\\\/it\\\/software-progetti-agile\\\/agile-central-recensione\\\/#primaryimage\"},\"image\":{\"@id\":\"https:\\\/\\\/www.accuratereviews.com\\\/it\\\/software-progetti-agile\\\/agile-central-recensione\\\/#primaryimage\"},\"thumbnailUrl\":\"https:\\\/\\\/www.accuratereviews.com\\\/wp-content\\\/uploads\\\/2023\\\/10\\\/Screenshot-2023-10-10-alle-10.10.35.png\",\"datePublished\":\"2023-10-11T07:17:52+00:00\",\"dateModified\":\"2023-11-02T14:18:19+00:00\",\"description\":\"Planbox Work: recensione strumento di gestione progetti che consente ai team di stabilire priorit\u00e0, pianificare, collaborare e monitorare il lavoro.\",\"breadcrumb\":{\"@id\":\"https:\\\/\\\/www.accuratereviews.com\\\/it\\\/software-progetti-agile\\\/agile-central-recensione\\\/#breadcrumb\"},\"inLanguage\":\"it-IT\",\"potentialAction\":[{\"@type\":\"ReadAction\",\"target\":[\"https:\\\/\\\/www.accuratereviews.com\\\/it\\\/software-progetti-agile\\\/agile-central-recensione\\\/\"]}]},{\"@type\":\"ImageObject\",\"inLanguage\":\"it-IT\",\"@id\":\"https:\\\/\\\/www.accuratereviews.com\\\/it\\\/software-progetti-agile\\\/agile-central-recensione\\\/#primaryimage\",\"url\":\"https:\\\/\\\/www.accuratereviews.com\\\/wp-content\\\/uploads\\\/2023\\\/10\\\/Screenshot-2023-10-10-alle-10.10.35.png\",\"contentUrl\":\"https:\\\/\\\/www.accuratereviews.com\\\/wp-content\\\/uploads\\\/2023\\\/10\\\/Screenshot-2023-10-10-alle-10.10.35.png\",\"width\":298,\"height\":328},{\"@type\":\"BreadcrumbList\",\"@id\":\"https:\\\/\\\/www.accuratereviews.com\\\/it\\\/software-progetti-agile\\\/agile-central-recensione\\\/#breadcrumb\",\"itemListElement\":[{\"@type\":\"ListItem\",\"position\":1,\"name\":\"Home\",\"item\":\"https:\\\/\\\/www.accuratereviews.com\\\/it\\\/\"},{\"@type\":\"ListItem\",\"position\":2,\"name\":\"Software progetti Agile\",\"item\":\"https:\\\/\\\/www.accuratereviews.com\\\/it\\\/software-progetti-agile\\\/\"},{\"@type\":\"ListItem\",\"position\":3,\"name\":\"Planbox Agile Central\"}]},{\"@type\":\"WebSite\",\"@id\":\"https:\\\/\\\/www.accuratereviews.com\\\/it\\\/#website\",\"url\":\"https:\\\/\\\/www.accuratereviews.com\\\/it\\\/\",\"name\":\"Accurate Reviews\",\"description\":\"\",\"potentialAction\":[{\"@type\":\"SearchAction\",\"target\":{\"@type\":\"EntryPoint\",\"urlTemplate\":\"https:\\\/\\\/www.accuratereviews.com\\\/it\\\/?s={search_term_string}\"},\"query-input\":{\"@type\":\"PropertyValueSpecification\",\"valueRequired\":true,\"valueName\":\"search_term_string\"}}],\"inLanguage\":\"it-IT\"}]}<\/script>\n<!-- \/ Yoast SEO plugin. -->","yoast_head_json":{"title":"Planbox Work: recensione software gestionale progetti Agile - Accurate Reviews","description":"Planbox Work: recensione strumento di gestione progetti che consente ai team di stabilire priorit\u00e0, pianificare, collaborare e monitorare il lavoro.","robots":{"index":"index","follow":"follow","max-snippet":"max-snippet:-1","max-image-preview":"max-image-preview:large","max-video-preview":"max-video-preview:-1"},"canonical":"https:\/\/www.accuratereviews.com\/it\/software-progetti-agile\/agile-central-recensione\/","og_locale":"it_IT","og_type":"article","og_title":"Planbox Work: recensione software gestionale progetti Agile - Accurate Reviews","og_description":"Planbox Work: recensione strumento di gestione progetti che consente ai team di stabilire priorit\u00e0, pianificare, collaborare e monitorare il lavoro.","og_url":"https:\/\/www.accuratereviews.com\/it\/software-progetti-agile\/agile-central-recensione\/","og_site_name":"Accurate Reviews","article_modified_time":"2023-11-02T14:18:19+00:00","og_image":[{"width":298,"height":328,"url":"https:\/\/www.accuratereviews.com\/wp-content\/uploads\/2023\/10\/Screenshot-2023-10-10-alle-10.10.35.png","type":"image\/png"}],"twitter_card":"summary_large_image","twitter_misc":{"Tempo di lettura stimato":"4 minuti"},"schema":{"@context":"https:\/\/schema.org","@graph":[{"@type":"WebPage","@id":"https:\/\/www.accuratereviews.com\/it\/software-progetti-agile\/agile-central-recensione\/","url":"https:\/\/www.accuratereviews.com\/it\/software-progetti-agile\/agile-central-recensione\/","name":"Planbox Work: recensione software gestionale progetti Agile - Accurate Reviews","isPartOf":{"@id":"https:\/\/www.accuratereviews.com\/it\/#website"},"primaryImageOfPage":{"@id":"https:\/\/www.accuratereviews.com\/it\/software-progetti-agile\/agile-central-recensione\/#primaryimage"},"image":{"@id":"https:\/\/www.accuratereviews.com\/it\/software-progetti-agile\/agile-central-recensione\/#primaryimage"},"thumbnailUrl":"https:\/\/www.accuratereviews.com\/wp-content\/uploads\/2023\/10\/Screenshot-2023-10-10-alle-10.10.35.png","datePublished":"2023-10-11T07:17:52+00:00","dateModified":"2023-11-02T14:18:19+00:00","description":"Planbox Work: recensione strumento di gestione progetti che consente ai team di stabilire priorit\u00e0, pianificare, collaborare e monitorare il lavoro.","breadcrumb":{"@id":"https:\/\/www.accuratereviews.com\/it\/software-progetti-agile\/agile-central-recensione\/#breadcrumb"},"inLanguage":"it-IT","potentialAction":[{"@type":"ReadAction","target":["https:\/\/www.accuratereviews.com\/it\/software-progetti-agile\/agile-central-recensione\/"]}]},{"@type":"ImageObject","inLanguage":"it-IT","@id":"https:\/\/www.accuratereviews.com\/it\/software-progetti-agile\/agile-central-recensione\/#primaryimage","url":"https:\/\/www.accuratereviews.com\/wp-content\/uploads\/2023\/10\/Screenshot-2023-10-10-alle-10.10.35.png","contentUrl":"https:\/\/www.accuratereviews.com\/wp-content\/uploads\/2023\/10\/Screenshot-2023-10-10-alle-10.10.35.png","width":298,"height":328},{"@type":"BreadcrumbList","@id":"https:\/\/www.accuratereviews.com\/it\/software-progetti-agile\/agile-central-recensione\/#breadcrumb","itemListElement":[{"@type":"ListItem","position":1,"name":"Home","item":"https:\/\/www.accuratereviews.com\/it\/"},{"@type":"ListItem","position":2,"name":"Software progetti Agile","item":"https:\/\/www.accuratereviews.com\/it\/software-progetti-agile\/"},{"@type":"ListItem","position":3,"name":"Planbox Agile Central"}]},{"@type":"WebSite","@id":"https:\/\/www.accuratereviews.com\/it\/#website","url":"https:\/\/www.accuratereviews.com\/it\/","name":"Accurate Reviews","description":"","potentialAction":[{"@type":"SearchAction","target":{"@type":"EntryPoint","urlTemplate":"https:\/\/www.accuratereviews.com\/it\/?s={search_term_string}"},"query-input":{"@type":"PropertyValueSpecification","valueRequired":true,"valueName":"search_term_string"}}],"inLanguage":"it-IT"}]}},"_links":{"self":[{"href":"https:\/\/www.accuratereviews.com\/it\/wp-json\/wp\/v2\/pages\/72226","targetHints":{"allow":["GET"]}}],"collection":[{"href":"https:\/\/www.accuratereviews.com\/it\/wp-json\/wp\/v2\/pages"}],"about":[{"href":"https:\/\/www.accuratereviews.com\/it\/wp-json\/wp\/v2\/types\/page"}],"author":[{"embeddable":true,"href":"https:\/\/www.accuratereviews.com\/it\/wp-json\/wp\/v2\/users\/19"}],"replies":[{"embeddable":true,"href":"https:\/\/www.accuratereviews.com\/it\/wp-json\/wp\/v2\/comments?post=72226"}],"version-history":[{"count":14,"href":"https:\/\/www.accuratereviews.com\/it\/wp-json\/wp\/v2\/pages\/72226\/revisions"}],"predecessor-version":[{"id":72684,"href":"https:\/\/www.accuratereviews.com\/it\/wp-json\/wp\/v2\/pages\/72226\/revisions\/72684"}],"up":[{"embeddable":true,"href":"https:\/\/www.accuratereviews.com\/it\/wp-json\/wp\/v2\/pages\/71820"}],"wp:featuredmedia":[{"embeddable":true,"href":"https:\/\/www.accuratereviews.com\/it\/wp-json\/wp\/v2\/media\/72227"}],"wp:attachment":[{"href":"https:\/\/www.accuratereviews.com\/it\/wp-json\/wp\/v2\/media?parent=72226"}],"wp:term":[{"taxonomy":"category","embeddable":true,"href":"https:\/\/www.accuratereviews.com\/it\/wp-json\/wp\/v2\/categories?post=72226"},{"taxonomy":"post_tag","embeddable":true,"href":"https:\/\/www.accuratereviews.com\/it\/wp-json\/wp\/v2\/tags?post=72226"},{"taxonomy":"features","embeddable":true,"href":"https:\/\/www.accuratereviews.com\/it\/wp-json\/wp\/v2\/features?post=72226"}],"curies":[{"name":"wp","href":"https:\/\/api.w.org\/{rel}","templated":true}]}}