{"id":72254,"date":"2023-10-11T10:32:37","date_gmt":"2023-10-11T10:32:37","guid":{"rendered":"https:\/\/www.accuratereviews.com\/?page_id=72254"},"modified":"2023-10-24T16:57:37","modified_gmt":"2023-10-24T16:57:37","slug":"easyretro-recensione","status":"publish","type":"page","link":"https:\/\/www.accuratereviews.com\/it\/software-progetti-agile\/easyretro-recensione\/","title":{"rendered":"EasyRetro"},"content":{"rendered":"<p><strong>EasyRetro<\/strong> \u00e8 un <strong>software di gestione dei progetti<\/strong> che aiuta le aziende a gestire team, azioni, collaborazione e altro su una piattaforma centralizzata. I supervisori possono utilizzare i modelli predefiniti per creare bacheche private o pubbliche con nomi, colonne, temi colore e altri elementi personalizzati.<br \/>\n<strong>EasyRetro<\/strong> consente ai supervisori di creare pi\u00f9 team inviando automaticamente email di invito con messaggi personalizzati. La funzionalit\u00e0 integrata di ordinamento e filtro consente ai membri dello staff di organizzare le carte in base a pi\u00f9 criteri, come ordine, voti, data e altre parole chiave. Permette ai membri del team di collaborare alle attivit\u00e0 aggiungendo commenti, votando idee, conducendo sondaggi e condividendo schede con le parti interessate.<\/p>\n<h2>EASYRETRO &#8211; TUTORIAL<\/h2>\n<div id=\"fluid-wrapper-counter-1\" class=\"g1-fluid-wrapper \" style=\"width:686px;\">\n<div style=\"padding-bottom:56.268221574344%;\"><iframe loading=\"lazy\" title=\"How to use EasyRetro - Sprint Retrospective Tool\" width=\"686\" height=\"386\" src=\"https:\/\/www.youtube.com\/embed\/Yl6wV7EIRBw?feature=oembed&amp;wmode=transparent&amp;autohide=1&amp;autoplay=0&amp;disablekb=0&amp;fs=1&amp;loop=0&amp;enablejsapi=1&amp;rel=0&amp;controls=2&amp;showinfo=0&amp;wmode=transparent&amp;autohide=2&amp;autoplay=0&amp;disablekb=0&amp;fs=1&amp;loop=0&amp;enablejsapi=1&amp;rel=0&amp;controls=2&amp;showinfo=1\" frameborder=\"0\" allow=\"accelerometer; autoplay; clipboard-write; encrypted-media; gyroscope; picture-in-picture; web-share\" allowfullscreen><\/iframe><\/div>\n<\/div>\n<h3>EASYRETRO &#8211; CARATTERISTICHE<\/h3>\n<ul>\n<li><strong>Diverse modalit\u00e0 di accesso<\/strong>: accedi utilizzando la tua email o il tuo account Google<\/li>\n<li><strong>Crea bacheche<\/strong>: crea bacheche private o pubbliche utilizzando pi\u00f9 di 100 diversi modelli predefiniti<\/li>\n<li><strong>Personalizza completamente il tuo lavoro<\/strong>: aggiungi il nome e il contesto della scheda, crea colonne illimitate, rinominale e cambiane il colore<\/li>\n<li><strong>Crea squadre<\/strong>: crea team e invita un numero illimitato di persone a collaborare sulle bacheche<\/li>\n<li><strong>Vedi tutte le tue bacheche<\/strong>: controlla e filtra tutti i tuoi retro passati in una semplice dashboard<\/li>\n<li><strong>Ordina le carte<\/strong>: ordina le carte per ordine, data di creazione o numero di voti. Filtra le carte anche per testo<\/li>\n<li><strong>Aggiungi commenti e voti<\/strong>: consenti alle persone di commentare le carte, vota e imposta il numero massimo di voti per persona<\/li>\n<li><strong>Esporta la tua scheda<\/strong>: esporta la tua scheda negli appunti, in una pagina Confluence o nei formati PDF, CSV, PNG, EXCEL e DOCX<\/li>\n<li><strong>Sondaggio sulle tue bacheche<\/strong>: esegui facilmente sondaggi direttamente sulle tue bacheche<\/li>\n<li><strong>Integrazione<\/strong>: mostra una notifica sul canale del tuo team quando viene creata una bacheca<\/li>\n<li><strong>Esporta i tuoi elementi di azione<\/strong>: esporta i tuoi elementi di azione come problemi Jira<\/li>\n<\/ul>\n<h4><strong>LE RECENSIONI DEGLI UTENTI<\/strong><\/h4>\n<p><strong>Daniel &#8220;\u00c8 cos\u00ec semplice da usare e iniziare&#8221;<\/strong><br \/>\n<strong>Commenti<\/strong>: Usiamo FunRetro per i nostri incontri retr\u00f2 quando esaminiamo ci\u00f2 che \u00e8 andato bene, ci\u00f2 che deve essere migliorato e anche la definizione degli obiettivi e le azioni. \u00c8 divertente avere tutti noi collaborare allo stesso tempo.<br \/>\n<strong>Pro<\/strong>: Mi piace che abbia funzionalit\u00e0 semplici ed \u00e8 facile da usare. \u00c8 molto semplice con poca configurazione per iniziare.<br \/>\n<strong>Contro<\/strong>: Manca la possibilit\u00e0 di personalizzarlo quanto desideri. Inoltre, non puoi salvare le schede precedenti come riferimento storico, quindi dobbiamo pulire la scheda ogni volta che la usiamo.<\/p>\n<p><strong>Ryan &#8220;EasyRetro ci ha dato un posto centrale per le retrospettive e ha reso il processo semplice&#8221;<\/strong><br \/>\n<strong>Commenti<\/strong>: Abbiamo iniziato a utilizzare questo software prima della pandemia, ma in quel periodo era fondamentale. Avevamo bisogno di uno strumento leggero per realizzare retroscena ed \u00e8 stato bello non doverlo risolvere con strumenti di disegno o pagine disordinate di Notion. Questo strumento fa un lavoro e un lavoro davvero bene. Ne vale davvero la pena.<br \/>\n<strong>Pro<\/strong>: Il software \u00e8 facile da distribuire al team e facilitare i retros. Mi piacciono tutti gli strumenti inclusi, inclusa la possibilit\u00e0 di votare e ordinare in base ai voti. Utilizziamo spesso la funzione timer per far avanzare le riunioni. Facciamo riferimento anche alle nostre bacheche per le azioni.<br \/>\n<strong>Contro<\/strong>: Invitare altri nel forum e accedere sembra sempre avere qualche problema, ma di solito lo risolviamo abbastanza facilmente. Non credo che ci sia alcuna integrazione con JIRA o Notion, il che sarebbe un enorme vantaggio per noi.<\/p>\n<p><strong>F\u00e1bio &#8220;Strumento facile da usare nelle retrospettive&#8221;<\/strong><br \/>\n<strong>Pro<\/strong>: EasyRetro aiuta a rendere operativa una retrospettiva realizzata alla fine di un progetto. Offre un&#8217;ampia gamma di personalizzazioni, come la votazione dei cartellini, l&#8217;uso anonimo per la squadra (la persona che gestisce la retrospettiva deve effettuare il login), la classifica e la classifica. \u00c8 facile iniziare a usarlo, semplicemente creando un nuovo Retro e iniziando ad aggiungervi carte.<br \/>\n<strong>Contro<\/strong>: Non \u00e8 possibile esportare le schede in un report o salvare le schede create per potervi accedere nuovamente.<\/p>\n","protected":false},"excerpt":{"rendered":"<p>EasyRetro \u00e8 un software di gestione dei progetti che aiuta le aziende a gestire team, azioni, collaborazione e altro su una piattaforma centralizzata. I supervisori possono utilizzare i modelli predefiniti per creare bacheche private o pubbliche con nomi, colonne, temi colore e altri elementi personalizzati.<\/p>\n","protected":false},"author":19,"featured_media":72255,"parent":71820,"menu_order":0,"comment_status":"open","ping_status":"closed","template":"g1_template_page_review_new.php","meta":{"_acf_changed":false,"cwp_meta_box_check":"Yes","cwp_rev_product_name":"","cwp_rev_product_image":"","wppr_links":[],"cwp_rev_price":"0.00","wppr_options":[{"name":"Usability","value":"0"},{"name":"Speed","value":"0"},{"name":"Features","value":"0"},{"name":"Support","value":"0"},{"name":"Pricing","value":"0"}],"wppr_pros":["","","","",""],"wppr_cons":["","","","",""],"_monsterinsights_skip_tracking":false,"_monsterinsights_sitenote_active":false,"_monsterinsights_sitenote_note":"","_monsterinsights_sitenote_category":0,"footnotes":""},"categories":[2892],"tags":[14699,2916,2992,14666,14656,14658,2989,2985,2990,2984],"features":[],"class_list":{"0":"post-72254","1":"page","2":"type-page","3":"status-publish","4":"has-post-thumbnail","6":"category-gestionale-per-progetti-agile","7":"tag-easyretro","8":"tag-gestionale-agile","9":"tag-piattaforma-gestionale-agile","10":"tag-piattaforma-gestionale-progetti-agile","11":"tag-programma-gestionale-agile","12":"tag-programma-gestionale-progetti-agile","13":"tag-software-gestionale-agile","14":"tag-software-gestionale-progetti-agile","15":"tag-soluzione-gestionale-agile","16":"tag-soluzione-gestionale-progetti-agile"},"wppr_data":{"cwp_meta_box_check":"Yes","_wppr_review_template":"default","cwp_rev_product_image":"","cwp_image_link":"image","wppr_links":[],"cwp_rev_price":"0.00","wppr_pros":["","","","",""],"wppr_cons":["","","","",""],"wppr_rating":"0.00","wppr_options":{"1":{"name":"Usability","value":"0"},"2":{"name":"Speed","value":"0"},"3":{"name":"Features","value":"0"},"4":{"name":"Support","value":"0"},"5":{"name":"Pricing","value":"0"}},"wppr_review_type":"Product","wppr_review_custom_fields":{"additionalProperty":"","additionalType":"","aggregateRating":"","alternateName":"","audience":"","award":"","awards":"","brand":"","color":"","depth":"","description":"","disambiguatingDescription":"","gtin12":"","gtin13":"","gtin14":"","gtin8":"","height":"","identifier":"","image":"","isAccessoryOrSparePartFor":"","isConsumableFor":"","isRelatedTo":"","isSimilarTo":"","itemCondition":"","logo":"","mainEntityOfPage":"","manufacturer":"","material":"","model":"","mpn":"","name":"","offers":"","potentialAction":"","productID":"","productionDate":"","purchaseDate":"","releaseDate":"","review":"","reviews":"","sameAs":"","sku":"","slogan":"","subjectOf":"","url":"","weight":"","width":""}},"acf":[],"yoast_head":"<!-- This site is optimized with the Yoast SEO plugin v27.4 - https:\/\/yoast.com\/product\/yoast-seo-wordpress\/ -->\n<title>EasyRetro: recensione software gestionale progetti Agile - Accurate Reviews<\/title>\n<meta name=\"description\" content=\"EasyRetro: recensione software gestione dei progetti che aiuta aziende a gestire team, azioni, collaborazione e altro su una piattaforma centralizzata\" \/>\n<meta name=\"robots\" content=\"index, follow, max-snippet:-1, max-image-preview:large, max-video-preview:-1\" \/>\n<link rel=\"canonical\" href=\"https:\/\/www.accuratereviews.com\/it\/software-progetti-agile\/easyretro-recensione\/\" \/>\n<meta property=\"og:locale\" content=\"it_IT\" \/>\n<meta property=\"og:type\" content=\"article\" \/>\n<meta property=\"og:title\" content=\"EasyRetro: recensione software gestionale progetti Agile - Accurate Reviews\" \/>\n<meta property=\"og:description\" content=\"EasyRetro: recensione software gestione dei progetti che aiuta aziende a gestire team, azioni, collaborazione e altro su una piattaforma centralizzata\" \/>\n<meta property=\"og:url\" content=\"https:\/\/www.accuratereviews.com\/it\/software-progetti-agile\/easyretro-recensione\/\" \/>\n<meta property=\"og:site_name\" content=\"Accurate Reviews\" \/>\n<meta property=\"article:modified_time\" content=\"2023-10-24T16:57:37+00:00\" \/>\n<meta property=\"og:image\" content=\"https:\/\/www.accuratereviews.com\/wp-content\/uploads\/2023\/10\/EasyRetro.jpeg\" \/>\n\t<meta property=\"og:image:width\" content=\"280\" \/>\n\t<meta property=\"og:image:height\" content=\"280\" \/>\n\t<meta property=\"og:image:type\" content=\"image\/jpeg\" \/>\n<meta name=\"twitter:card\" content=\"summary_large_image\" \/>\n<meta name=\"twitter:label1\" content=\"Tempo di lettura stimato\" \/>\n\t<meta name=\"twitter:data1\" content=\"4 minuti\" \/>\n<script type=\"application\/ld+json\" class=\"yoast-schema-graph\">{\"@context\":\"https:\\\/\\\/schema.org\",\"@graph\":[{\"@type\":\"WebPage\",\"@id\":\"https:\\\/\\\/www.accuratereviews.com\\\/it\\\/software-progetti-agile\\\/easyretro-recensione\\\/\",\"url\":\"https:\\\/\\\/www.accuratereviews.com\\\/it\\\/software-progetti-agile\\\/easyretro-recensione\\\/\",\"name\":\"EasyRetro: recensione software gestionale progetti Agile - Accurate Reviews\",\"isPartOf\":{\"@id\":\"https:\\\/\\\/www.accuratereviews.com\\\/it\\\/#website\"},\"primaryImageOfPage\":{\"@id\":\"https:\\\/\\\/www.accuratereviews.com\\\/it\\\/software-progetti-agile\\\/easyretro-recensione\\\/#primaryimage\"},\"image\":{\"@id\":\"https:\\\/\\\/www.accuratereviews.com\\\/it\\\/software-progetti-agile\\\/easyretro-recensione\\\/#primaryimage\"},\"thumbnailUrl\":\"https:\\\/\\\/www.accuratereviews.com\\\/wp-content\\\/uploads\\\/2023\\\/10\\\/EasyRetro.jpeg\",\"datePublished\":\"2023-10-11T10:32:37+00:00\",\"dateModified\":\"2023-10-24T16:57:37+00:00\",\"description\":\"EasyRetro: recensione software gestione dei progetti che aiuta aziende a gestire team, azioni, collaborazione e altro su una piattaforma centralizzata\",\"breadcrumb\":{\"@id\":\"https:\\\/\\\/www.accuratereviews.com\\\/it\\\/software-progetti-agile\\\/easyretro-recensione\\\/#breadcrumb\"},\"inLanguage\":\"it-IT\",\"potentialAction\":[{\"@type\":\"ReadAction\",\"target\":[\"https:\\\/\\\/www.accuratereviews.com\\\/it\\\/software-progetti-agile\\\/easyretro-recensione\\\/\"]}]},{\"@type\":\"ImageObject\",\"inLanguage\":\"it-IT\",\"@id\":\"https:\\\/\\\/www.accuratereviews.com\\\/it\\\/software-progetti-agile\\\/easyretro-recensione\\\/#primaryimage\",\"url\":\"https:\\\/\\\/www.accuratereviews.com\\\/wp-content\\\/uploads\\\/2023\\\/10\\\/EasyRetro.jpeg\",\"contentUrl\":\"https:\\\/\\\/www.accuratereviews.com\\\/wp-content\\\/uploads\\\/2023\\\/10\\\/EasyRetro.jpeg\",\"width\":280,\"height\":280},{\"@type\":\"BreadcrumbList\",\"@id\":\"https:\\\/\\\/www.accuratereviews.com\\\/it\\\/software-progetti-agile\\\/easyretro-recensione\\\/#breadcrumb\",\"itemListElement\":[{\"@type\":\"ListItem\",\"position\":1,\"name\":\"Home\",\"item\":\"https:\\\/\\\/www.accuratereviews.com\\\/it\\\/\"},{\"@type\":\"ListItem\",\"position\":2,\"name\":\"Software progetti Agile\",\"item\":\"https:\\\/\\\/www.accuratereviews.com\\\/it\\\/software-progetti-agile\\\/\"},{\"@type\":\"ListItem\",\"position\":3,\"name\":\"EasyRetro\"}]},{\"@type\":\"WebSite\",\"@id\":\"https:\\\/\\\/www.accuratereviews.com\\\/it\\\/#website\",\"url\":\"https:\\\/\\\/www.accuratereviews.com\\\/it\\\/\",\"name\":\"Accurate Reviews\",\"description\":\"\",\"potentialAction\":[{\"@type\":\"SearchAction\",\"target\":{\"@type\":\"EntryPoint\",\"urlTemplate\":\"https:\\\/\\\/www.accuratereviews.com\\\/it\\\/?s={search_term_string}\"},\"query-input\":{\"@type\":\"PropertyValueSpecification\",\"valueRequired\":true,\"valueName\":\"search_term_string\"}}],\"inLanguage\":\"it-IT\"}]}<\/script>\n<!-- \/ Yoast SEO plugin. -->","yoast_head_json":{"title":"EasyRetro: recensione software gestionale progetti Agile - Accurate Reviews","description":"EasyRetro: recensione software gestione dei progetti che aiuta aziende a gestire team, azioni, collaborazione e altro su una piattaforma centralizzata","robots":{"index":"index","follow":"follow","max-snippet":"max-snippet:-1","max-image-preview":"max-image-preview:large","max-video-preview":"max-video-preview:-1"},"canonical":"https:\/\/www.accuratereviews.com\/it\/software-progetti-agile\/easyretro-recensione\/","og_locale":"it_IT","og_type":"article","og_title":"EasyRetro: recensione software gestionale progetti Agile - Accurate Reviews","og_description":"EasyRetro: recensione software gestione dei progetti che aiuta aziende a gestire team, azioni, collaborazione e altro su una piattaforma centralizzata","og_url":"https:\/\/www.accuratereviews.com\/it\/software-progetti-agile\/easyretro-recensione\/","og_site_name":"Accurate Reviews","article_modified_time":"2023-10-24T16:57:37+00:00","og_image":[{"width":280,"height":280,"url":"https:\/\/www.accuratereviews.com\/wp-content\/uploads\/2023\/10\/EasyRetro.jpeg","type":"image\/jpeg"}],"twitter_card":"summary_large_image","twitter_misc":{"Tempo di lettura stimato":"4 minuti"},"schema":{"@context":"https:\/\/schema.org","@graph":[{"@type":"WebPage","@id":"https:\/\/www.accuratereviews.com\/it\/software-progetti-agile\/easyretro-recensione\/","url":"https:\/\/www.accuratereviews.com\/it\/software-progetti-agile\/easyretro-recensione\/","name":"EasyRetro: recensione software gestionale progetti Agile - Accurate Reviews","isPartOf":{"@id":"https:\/\/www.accuratereviews.com\/it\/#website"},"primaryImageOfPage":{"@id":"https:\/\/www.accuratereviews.com\/it\/software-progetti-agile\/easyretro-recensione\/#primaryimage"},"image":{"@id":"https:\/\/www.accuratereviews.com\/it\/software-progetti-agile\/easyretro-recensione\/#primaryimage"},"thumbnailUrl":"https:\/\/www.accuratereviews.com\/wp-content\/uploads\/2023\/10\/EasyRetro.jpeg","datePublished":"2023-10-11T10:32:37+00:00","dateModified":"2023-10-24T16:57:37+00:00","description":"EasyRetro: recensione software gestione dei progetti che aiuta aziende a gestire team, azioni, collaborazione e altro su una piattaforma centralizzata","breadcrumb":{"@id":"https:\/\/www.accuratereviews.com\/it\/software-progetti-agile\/easyretro-recensione\/#breadcrumb"},"inLanguage":"it-IT","potentialAction":[{"@type":"ReadAction","target":["https:\/\/www.accuratereviews.com\/it\/software-progetti-agile\/easyretro-recensione\/"]}]},{"@type":"ImageObject","inLanguage":"it-IT","@id":"https:\/\/www.accuratereviews.com\/it\/software-progetti-agile\/easyretro-recensione\/#primaryimage","url":"https:\/\/www.accuratereviews.com\/wp-content\/uploads\/2023\/10\/EasyRetro.jpeg","contentUrl":"https:\/\/www.accuratereviews.com\/wp-content\/uploads\/2023\/10\/EasyRetro.jpeg","width":280,"height":280},{"@type":"BreadcrumbList","@id":"https:\/\/www.accuratereviews.com\/it\/software-progetti-agile\/easyretro-recensione\/#breadcrumb","itemListElement":[{"@type":"ListItem","position":1,"name":"Home","item":"https:\/\/www.accuratereviews.com\/it\/"},{"@type":"ListItem","position":2,"name":"Software progetti Agile","item":"https:\/\/www.accuratereviews.com\/it\/software-progetti-agile\/"},{"@type":"ListItem","position":3,"name":"EasyRetro"}]},{"@type":"WebSite","@id":"https:\/\/www.accuratereviews.com\/it\/#website","url":"https:\/\/www.accuratereviews.com\/it\/","name":"Accurate Reviews","description":"","potentialAction":[{"@type":"SearchAction","target":{"@type":"EntryPoint","urlTemplate":"https:\/\/www.accuratereviews.com\/it\/?s={search_term_string}"},"query-input":{"@type":"PropertyValueSpecification","valueRequired":true,"valueName":"search_term_string"}}],"inLanguage":"it-IT"}]}},"_links":{"self":[{"href":"https:\/\/www.accuratereviews.com\/it\/wp-json\/wp\/v2\/pages\/72254","targetHints":{"allow":["GET"]}}],"collection":[{"href":"https:\/\/www.accuratereviews.com\/it\/wp-json\/wp\/v2\/pages"}],"about":[{"href":"https:\/\/www.accuratereviews.com\/it\/wp-json\/wp\/v2\/types\/page"}],"author":[{"embeddable":true,"href":"https:\/\/www.accuratereviews.com\/it\/wp-json\/wp\/v2\/users\/19"}],"replies":[{"embeddable":true,"href":"https:\/\/www.accuratereviews.com\/it\/wp-json\/wp\/v2\/comments?post=72254"}],"version-history":[{"count":12,"href":"https:\/\/www.accuratereviews.com\/it\/wp-json\/wp\/v2\/pages\/72254\/revisions"}],"predecessor-version":[{"id":72494,"href":"https:\/\/www.accuratereviews.com\/it\/wp-json\/wp\/v2\/pages\/72254\/revisions\/72494"}],"up":[{"embeddable":true,"href":"https:\/\/www.accuratereviews.com\/it\/wp-json\/wp\/v2\/pages\/71820"}],"wp:featuredmedia":[{"embeddable":true,"href":"https:\/\/www.accuratereviews.com\/it\/wp-json\/wp\/v2\/media\/72255"}],"wp:attachment":[{"href":"https:\/\/www.accuratereviews.com\/it\/wp-json\/wp\/v2\/media?parent=72254"}],"wp:term":[{"taxonomy":"category","embeddable":true,"href":"https:\/\/www.accuratereviews.com\/it\/wp-json\/wp\/v2\/categories?post=72254"},{"taxonomy":"post_tag","embeddable":true,"href":"https:\/\/www.accuratereviews.com\/it\/wp-json\/wp\/v2\/tags?post=72254"},{"taxonomy":"features","embeddable":true,"href":"https:\/\/www.accuratereviews.com\/it\/wp-json\/wp\/v2\/features?post=72254"}],"curies":[{"name":"wp","href":"https:\/\/api.w.org\/{rel}","templated":true}]}}