{"id":72272,"date":"2023-10-12T10:20:21","date_gmt":"2023-10-12T10:20:21","guid":{"rendered":"https:\/\/www.accuratereviews.com\/?page_id=72272"},"modified":"2023-10-13T09:29:27","modified_gmt":"2023-10-13T09:29:27","slug":"craft-io-recensione","status":"publish","type":"page","link":"https:\/\/www.accuratereviews.com\/it\/software-progetti-agile\/craft-io-recensione\/","title":{"rendered":"Craft.io"},"content":{"rendered":"<p><strong>Craft.io<\/strong> \u00e8 <strong>una piattaforma di gestione dei prodotti<\/strong> a cui le aziende si affidano per creare ottimi prodotti digitali in tutta sicurezza. Migliaia professionisti provenienti da aziende come Kimberly-Clark, Marks &amp; Spencer, Quickbase, SAP, Cisco e Dun &amp; Bradstreet utilizzano la soluzione per gestire l&#8217;intero ciclo di vita del prodotto, prendere decisioni intelligenti, allineare i propri team e raccontare una storia avvincente del prodotto. Fornisce un&#8217;unica fonte di verit\u00e0 in uno spazio di lavoro collaborativo in cui i team possono sviluppare strategie, dare priorit\u00e0 al lavoro, monitorare i progressi e condividere i dettagli giusti con ciascuna parte interessata. Inoltre, i team di prodotto possono utilizzare le integrazioni con strumenti di sviluppo come Jira e Azure DevOps per sincronizzare i progressi sulle attivit\u00e0 tattiche con roadmap strategiche. L&#8217;esclusivo livello Guru della piattaforma include le migliori pratiche per aiutare i professionisti del prodotto a potenziare le competenze, standardizzare i processi e creare allineamento aziendale.<\/p>\n<h2>CRAFT.IO &#8211; TUTORIAL<\/h2>\n<div id=\"fluid-wrapper-counter-1\" class=\"g1-fluid-wrapper \" style=\"width:686px;\">\n<div style=\"padding-bottom:56.268221574344%;\"><iframe loading=\"lazy\" title=\"Intro to Product Backlog with Craft.io\" width=\"686\" height=\"386\" src=\"https:\/\/www.youtube.com\/embed\/Uwa2_Y9s8Gc?feature=oembed&amp;wmode=transparent&amp;autohide=1&amp;autoplay=0&amp;disablekb=0&amp;fs=1&amp;loop=0&amp;enablejsapi=1&amp;rel=0&amp;controls=2&amp;showinfo=0&amp;wmode=transparent&amp;autohide=2&amp;autoplay=0&amp;disablekb=0&amp;fs=1&amp;loop=0&amp;enablejsapi=1&amp;rel=0&amp;controls=2&amp;showinfo=1\" frameborder=\"0\" allow=\"accelerometer; autoplay; clipboard-write; encrypted-media; gyroscope; picture-in-picture; web-share\" allowfullscreen><\/iframe><\/div>\n<\/div>\n<h3>CRAFT.IO &#8211; CARATTERISTICHE<\/h3>\n<ul>\n<li><strong>Delinea la tua visione<\/strong>: documenta e condividi la visione del tuo prodotto con la tua squadra.<\/li>\n<li><strong>Gestisci i personaggi:<\/strong> crea schede personali per focalizzare il tuo team sul perch\u00e9 e per chi viene realizzato il prodotto.<\/li>\n<li><strong>OKR<\/strong>: definire e gestire gli obiettivi di prodotto e obiettivi.<\/li>\n<li><strong>Gestire feedback interni ed esterni<\/strong>: raccogli, tagga e monitora il feedback delle parti interessate interne o esterne e concentrati su cosa costruire dopo con decisioni informate e basate sui dati.<\/li>\n<li><strong>Scopri insight di grande impatto:<\/strong> sfrutta pi\u00f9 moduli di feedback per acquisire feedback strutturato, concentrandoti sulla scoperta di ci\u00f2 che conta di pi\u00f9 per i tuoi utenti e le parti interessate.<\/li>\n<li><strong>Collega il feedback al lavoro sul tuo prodotto<\/strong>: inserisci il feedback nel contesto e dai la priorit\u00e0 a ci\u00f2 che conta di pi\u00f9 collegando i tuoi elementi di feedback alle tue funzionalit\u00e0 assicurandoti che il tuo lavoro sia in linea con le esigenze dei tuoi clienti.<\/li>\n<li><strong>Portafoglio prodotti:<\/strong> costruisci, visualizza e organizza il tuo prodotto backlog utilizzando una gerarchia logica e collegalo alla tua roadmap.<\/li>\n<li><strong>Editor delle specifiche<\/strong>: scrivi le specifiche del prodotto nel contesto e visualizza le storie correlate su un&#8217;unica pagina: trascina e rilascia gli elementi per organizzare la gerarchia del prodotto.<\/li>\n<li><strong>Mappatura delle storie<\/strong>: costruisci una gerarchia di prodotto di alto livello e visualizza il percorso degli utenti attraverso il tuo prodotto.<\/li>\n<li><strong>Stabilisci le priorit\u00e0<\/strong>: sfrutta le best practice integrate per la definizione delle priorit\u00e0 come RICE, MoSCoW, WSJF e molte altre.<\/li>\n<li><strong>Rifletti il tuo metodo di prioritizzazione:<\/strong> sfrutta il generatore di formule per creare formule personalizzate e rappresentare le tue priorit\u00e0.<\/li>\n<li><strong>Pianifica in modo accurato<\/strong>: sostituisci i fogli di calcolo con un live sistema di registrazione.<\/li>\n<li><strong>Tieni traccia delle disponibilit\u00e0<\/strong>: valutare la disponibilit\u00e0 delle risorse tra i team e capacit\u00e0.<\/li>\n<\/ul>\n<h4>LE RECENSIONI DEGLI UTENTI<\/h4>\n<p><strong>Mirella&#8221;Ottimo per creare roadmap strategiche&#8221;<\/strong><br \/>\n<strong>Pro<\/strong>: La funzionalit\u00e0 di roadmapping strategico \u00e8 stata ottima per fornire chiarezza e trasparenza durante la presentazione della roadmap alle diverse parti interessate del prodotto e al team di sviluppo.<br \/>\n<strong>Contro<\/strong>: La piattaforma \u00e8 molto flessibile e offre infinite personalizzazioni, il che \u00e8 fantastico da un lato ma dall&#8217;altro potrebbe diventare difficile per gli utenti con meno esperienza.<\/p>\n<p><strong>Simon&#8221;Proprio quello di cui avevamo bisogno&#8221;<\/strong><br \/>\n<strong>Pro<\/strong>: La funzionalit\u00e0 di reporting \u00e8 eccezionale ed \u00e8 proprio ci\u00f2 di cui avevamo bisogno<br \/>\n<strong>Contro<\/strong>: Finora abbiamo riscontrato alcuni bug\/problemi, ma il team di supporto di Craft \u00e8 stato molto reattivo<\/p>\n<p><strong>Jessica&#8221;Recensione personale per Craft&#8221;<\/strong><br \/>\n<strong>Pro<\/strong>: L&#8217;approccio di immissione dei dati di Craft \u00e8 estremamente rapido e ti consente di passare da un concetto a una storia finita in pochi secondi. Craft \u00e8 un fantastico strumento a tutto tondo, motivo per cui l&#8217;ho scelto in primo luogo. Utilizzando la visualizzazione a schede, puoi aggiungere elementi visivi ai racconti in modo che tutti possano vedere cosa sta succedendo in tempo reale. \u00c8 anche abbastanza semplice trasformare le tue idee casuali in racconti di utenti. Puoi anche utilizzare i punti della storia, l&#8217;impegno e i campi personalizzati per aiutarti a organizzare e dare priorit\u00e0 alle tue storie.<br \/>\n<strong>Contro<\/strong>: Pu\u00f2 essere difficile orientarsi e richiedere uno sforzo maggiore del necessario per scoprire prodotti che non sono stati etichettati correttamente.<\/p>\n","protected":false},"excerpt":{"rendered":"<p>Craft.io \u00e8 una piattaforma di gestione dei prodotti a cui le aziende si affidano per creare ottimi prodotti digitali in tutta sicurezza. Migliaia professionisti provenienti da aziende come Kimberly-Clark, Marks &#038; Spencer, Quickbase, SAP, Cisco e Dun &#038; Bradstreet utilizzano la soluzione per gestire l&#8217;intero ciclo di vita del prodotto, prendere decisioni intelligenti, allineare i propri team e raccontare una storia avvincente del prodotto.<\/p>\n","protected":false},"author":19,"featured_media":72273,"parent":71820,"menu_order":0,"comment_status":"open","ping_status":"closed","template":"g1_template_page_review_new.php","meta":{"_acf_changed":false,"cwp_meta_box_check":"Yes","cwp_rev_product_name":"","cwp_rev_product_image":"","wppr_links":[],"cwp_rev_price":"0.00","wppr_options":[{"name":"Usability","value":"0"},{"name":"Speed","value":"0"},{"name":"Features","value":"0"},{"name":"Support","value":"0"},{"name":"Pricing","value":"0"}],"wppr_pros":["","","","",""],"wppr_cons":["","","","",""],"_monsterinsights_skip_tracking":false,"_monsterinsights_sitenote_active":false,"_monsterinsights_sitenote_note":"","_monsterinsights_sitenote_category":0,"footnotes":""},"categories":[2892],"tags":[14700,2916,2992,14656,14658,2989,2985,2990,2984],"features":[],"class_list":{"0":"post-72272","1":"page","2":"type-page","3":"status-publish","4":"has-post-thumbnail","6":"category-gestionale-per-progetti-agile","7":"tag-craft-io","8":"tag-gestionale-agile","9":"tag-piattaforma-gestionale-agile","10":"tag-programma-gestionale-agile","11":"tag-programma-gestionale-progetti-agile","12":"tag-software-gestionale-agile","13":"tag-software-gestionale-progetti-agile","14":"tag-soluzione-gestionale-agile","15":"tag-soluzione-gestionale-progetti-agile"},"wppr_data":{"cwp_meta_box_check":"Yes","_wppr_review_template":"default","cwp_rev_product_image":"","cwp_image_link":"image","wppr_links":[],"cwp_rev_price":"0.00","wppr_pros":["","","","",""],"wppr_cons":["","","","",""],"wppr_rating":"0.00","wppr_options":{"1":{"name":"Usability","value":"0"},"2":{"name":"Speed","value":"0"},"3":{"name":"Features","value":"0"},"4":{"name":"Support","value":"0"},"5":{"name":"Pricing","value":"0"}},"wppr_review_type":"Product","wppr_review_custom_fields":{"additionalProperty":"","additionalType":"","aggregateRating":"","alternateName":"","audience":"","award":"","awards":"","brand":"","color":"","depth":"","description":"","disambiguatingDescription":"","gtin12":"","gtin13":"","gtin14":"","gtin8":"","height":"","identifier":"","image":"","isAccessoryOrSparePartFor":"","isConsumableFor":"","isRelatedTo":"","isSimilarTo":"","itemCondition":"","logo":"","mainEntityOfPage":"","manufacturer":"","material":"","model":"","mpn":"","name":"","offers":"","potentialAction":"","productID":"","productionDate":"","purchaseDate":"","releaseDate":"","review":"","reviews":"","sameAs":"","sku":"","slogan":"","subjectOf":"","url":"","weight":"","width":""}},"acf":[],"yoast_head":"<!-- This site is optimized with the Yoast SEO plugin v27.4 - https:\/\/yoast.com\/product\/yoast-seo-wordpress\/ -->\n<title>Craft.io: recensione software gestionale progetti Agile - Accurate Reviews<\/title>\n<meta name=\"description\" content=\"Craft.io: recensione piattaforma di gestione dei prodotti a cui le aziende si affidano per creare ottimi prodotti digitali in tutta sicurezza\" \/>\n<meta name=\"robots\" content=\"index, follow, max-snippet:-1, max-image-preview:large, max-video-preview:-1\" \/>\n<link rel=\"canonical\" href=\"https:\/\/www.accuratereviews.com\/it\/software-progetti-agile\/craft-io-recensione\/\" \/>\n<meta property=\"og:locale\" content=\"it_IT\" \/>\n<meta property=\"og:type\" content=\"article\" \/>\n<meta property=\"og:title\" content=\"Craft.io: recensione software gestionale progetti Agile - Accurate Reviews\" \/>\n<meta property=\"og:description\" content=\"Craft.io: recensione piattaforma di gestione dei prodotti a cui le aziende si affidano per creare ottimi prodotti digitali in tutta sicurezza\" \/>\n<meta property=\"og:url\" content=\"https:\/\/www.accuratereviews.com\/it\/software-progetti-agile\/craft-io-recensione\/\" \/>\n<meta property=\"og:site_name\" content=\"Accurate Reviews\" \/>\n<meta property=\"article:modified_time\" content=\"2023-10-13T09:29:27+00:00\" \/>\n<meta property=\"og:image\" content=\"https:\/\/www.accuratereviews.com\/wp-content\/uploads\/2023\/10\/craft-io-craft-io.png\" \/>\n\t<meta property=\"og:image:width\" content=\"600\" \/>\n\t<meta property=\"og:image:height\" content=\"315\" \/>\n\t<meta property=\"og:image:type\" content=\"image\/png\" \/>\n<meta name=\"twitter:card\" content=\"summary_large_image\" \/>\n<meta name=\"twitter:label1\" content=\"Tempo di lettura stimato\" \/>\n\t<meta name=\"twitter:data1\" content=\"4 minuti\" \/>\n<script type=\"application\/ld+json\" class=\"yoast-schema-graph\">{\"@context\":\"https:\\\/\\\/schema.org\",\"@graph\":[{\"@type\":\"WebPage\",\"@id\":\"https:\\\/\\\/www.accuratereviews.com\\\/it\\\/software-progetti-agile\\\/craft-io-recensione\\\/\",\"url\":\"https:\\\/\\\/www.accuratereviews.com\\\/it\\\/software-progetti-agile\\\/craft-io-recensione\\\/\",\"name\":\"Craft.io: recensione software gestionale progetti Agile - Accurate Reviews\",\"isPartOf\":{\"@id\":\"https:\\\/\\\/www.accuratereviews.com\\\/it\\\/#website\"},\"primaryImageOfPage\":{\"@id\":\"https:\\\/\\\/www.accuratereviews.com\\\/it\\\/software-progetti-agile\\\/craft-io-recensione\\\/#primaryimage\"},\"image\":{\"@id\":\"https:\\\/\\\/www.accuratereviews.com\\\/it\\\/software-progetti-agile\\\/craft-io-recensione\\\/#primaryimage\"},\"thumbnailUrl\":\"https:\\\/\\\/www.accuratereviews.com\\\/wp-content\\\/uploads\\\/2023\\\/10\\\/craft-io-craft-io.png\",\"datePublished\":\"2023-10-12T10:20:21+00:00\",\"dateModified\":\"2023-10-13T09:29:27+00:00\",\"description\":\"Craft.io: recensione piattaforma di gestione dei prodotti a cui le aziende si affidano per creare ottimi prodotti digitali in tutta sicurezza\",\"breadcrumb\":{\"@id\":\"https:\\\/\\\/www.accuratereviews.com\\\/it\\\/software-progetti-agile\\\/craft-io-recensione\\\/#breadcrumb\"},\"inLanguage\":\"it-IT\",\"potentialAction\":[{\"@type\":\"ReadAction\",\"target\":[\"https:\\\/\\\/www.accuratereviews.com\\\/it\\\/software-progetti-agile\\\/craft-io-recensione\\\/\"]}]},{\"@type\":\"ImageObject\",\"inLanguage\":\"it-IT\",\"@id\":\"https:\\\/\\\/www.accuratereviews.com\\\/it\\\/software-progetti-agile\\\/craft-io-recensione\\\/#primaryimage\",\"url\":\"https:\\\/\\\/www.accuratereviews.com\\\/wp-content\\\/uploads\\\/2023\\\/10\\\/craft-io-craft-io.png\",\"contentUrl\":\"https:\\\/\\\/www.accuratereviews.com\\\/wp-content\\\/uploads\\\/2023\\\/10\\\/craft-io-craft-io.png\",\"width\":600,\"height\":315},{\"@type\":\"BreadcrumbList\",\"@id\":\"https:\\\/\\\/www.accuratereviews.com\\\/it\\\/software-progetti-agile\\\/craft-io-recensione\\\/#breadcrumb\",\"itemListElement\":[{\"@type\":\"ListItem\",\"position\":1,\"name\":\"Home\",\"item\":\"https:\\\/\\\/www.accuratereviews.com\\\/it\\\/\"},{\"@type\":\"ListItem\",\"position\":2,\"name\":\"Software progetti Agile\",\"item\":\"https:\\\/\\\/www.accuratereviews.com\\\/it\\\/software-progetti-agile\\\/\"},{\"@type\":\"ListItem\",\"position\":3,\"name\":\"Craft.io\"}]},{\"@type\":\"WebSite\",\"@id\":\"https:\\\/\\\/www.accuratereviews.com\\\/it\\\/#website\",\"url\":\"https:\\\/\\\/www.accuratereviews.com\\\/it\\\/\",\"name\":\"Accurate Reviews\",\"description\":\"\",\"potentialAction\":[{\"@type\":\"SearchAction\",\"target\":{\"@type\":\"EntryPoint\",\"urlTemplate\":\"https:\\\/\\\/www.accuratereviews.com\\\/it\\\/?s={search_term_string}\"},\"query-input\":{\"@type\":\"PropertyValueSpecification\",\"valueRequired\":true,\"valueName\":\"search_term_string\"}}],\"inLanguage\":\"it-IT\"}]}<\/script>\n<!-- \/ Yoast SEO plugin. -->","yoast_head_json":{"title":"Craft.io: recensione software gestionale progetti Agile - Accurate Reviews","description":"Craft.io: recensione piattaforma di gestione dei prodotti a cui le aziende si affidano per creare ottimi prodotti digitali in tutta sicurezza","robots":{"index":"index","follow":"follow","max-snippet":"max-snippet:-1","max-image-preview":"max-image-preview:large","max-video-preview":"max-video-preview:-1"},"canonical":"https:\/\/www.accuratereviews.com\/it\/software-progetti-agile\/craft-io-recensione\/","og_locale":"it_IT","og_type":"article","og_title":"Craft.io: recensione software gestionale progetti Agile - Accurate Reviews","og_description":"Craft.io: recensione piattaforma di gestione dei prodotti a cui le aziende si affidano per creare ottimi prodotti digitali in tutta sicurezza","og_url":"https:\/\/www.accuratereviews.com\/it\/software-progetti-agile\/craft-io-recensione\/","og_site_name":"Accurate Reviews","article_modified_time":"2023-10-13T09:29:27+00:00","og_image":[{"width":600,"height":315,"url":"https:\/\/www.accuratereviews.com\/wp-content\/uploads\/2023\/10\/craft-io-craft-io.png","type":"image\/png"}],"twitter_card":"summary_large_image","twitter_misc":{"Tempo di lettura stimato":"4 minuti"},"schema":{"@context":"https:\/\/schema.org","@graph":[{"@type":"WebPage","@id":"https:\/\/www.accuratereviews.com\/it\/software-progetti-agile\/craft-io-recensione\/","url":"https:\/\/www.accuratereviews.com\/it\/software-progetti-agile\/craft-io-recensione\/","name":"Craft.io: recensione software gestionale progetti Agile - Accurate Reviews","isPartOf":{"@id":"https:\/\/www.accuratereviews.com\/it\/#website"},"primaryImageOfPage":{"@id":"https:\/\/www.accuratereviews.com\/it\/software-progetti-agile\/craft-io-recensione\/#primaryimage"},"image":{"@id":"https:\/\/www.accuratereviews.com\/it\/software-progetti-agile\/craft-io-recensione\/#primaryimage"},"thumbnailUrl":"https:\/\/www.accuratereviews.com\/wp-content\/uploads\/2023\/10\/craft-io-craft-io.png","datePublished":"2023-10-12T10:20:21+00:00","dateModified":"2023-10-13T09:29:27+00:00","description":"Craft.io: recensione piattaforma di gestione dei prodotti a cui le aziende si affidano per creare ottimi prodotti digitali in tutta sicurezza","breadcrumb":{"@id":"https:\/\/www.accuratereviews.com\/it\/software-progetti-agile\/craft-io-recensione\/#breadcrumb"},"inLanguage":"it-IT","potentialAction":[{"@type":"ReadAction","target":["https:\/\/www.accuratereviews.com\/it\/software-progetti-agile\/craft-io-recensione\/"]}]},{"@type":"ImageObject","inLanguage":"it-IT","@id":"https:\/\/www.accuratereviews.com\/it\/software-progetti-agile\/craft-io-recensione\/#primaryimage","url":"https:\/\/www.accuratereviews.com\/wp-content\/uploads\/2023\/10\/craft-io-craft-io.png","contentUrl":"https:\/\/www.accuratereviews.com\/wp-content\/uploads\/2023\/10\/craft-io-craft-io.png","width":600,"height":315},{"@type":"BreadcrumbList","@id":"https:\/\/www.accuratereviews.com\/it\/software-progetti-agile\/craft-io-recensione\/#breadcrumb","itemListElement":[{"@type":"ListItem","position":1,"name":"Home","item":"https:\/\/www.accuratereviews.com\/it\/"},{"@type":"ListItem","position":2,"name":"Software progetti Agile","item":"https:\/\/www.accuratereviews.com\/it\/software-progetti-agile\/"},{"@type":"ListItem","position":3,"name":"Craft.io"}]},{"@type":"WebSite","@id":"https:\/\/www.accuratereviews.com\/it\/#website","url":"https:\/\/www.accuratereviews.com\/it\/","name":"Accurate Reviews","description":"","potentialAction":[{"@type":"SearchAction","target":{"@type":"EntryPoint","urlTemplate":"https:\/\/www.accuratereviews.com\/it\/?s={search_term_string}"},"query-input":{"@type":"PropertyValueSpecification","valueRequired":true,"valueName":"search_term_string"}}],"inLanguage":"it-IT"}]}},"_links":{"self":[{"href":"https:\/\/www.accuratereviews.com\/it\/wp-json\/wp\/v2\/pages\/72272","targetHints":{"allow":["GET"]}}],"collection":[{"href":"https:\/\/www.accuratereviews.com\/it\/wp-json\/wp\/v2\/pages"}],"about":[{"href":"https:\/\/www.accuratereviews.com\/it\/wp-json\/wp\/v2\/types\/page"}],"author":[{"embeddable":true,"href":"https:\/\/www.accuratereviews.com\/it\/wp-json\/wp\/v2\/users\/19"}],"replies":[{"embeddable":true,"href":"https:\/\/www.accuratereviews.com\/it\/wp-json\/wp\/v2\/comments?post=72272"}],"version-history":[{"count":8,"href":"https:\/\/www.accuratereviews.com\/it\/wp-json\/wp\/v2\/pages\/72272\/revisions"}],"predecessor-version":[{"id":72293,"href":"https:\/\/www.accuratereviews.com\/it\/wp-json\/wp\/v2\/pages\/72272\/revisions\/72293"}],"up":[{"embeddable":true,"href":"https:\/\/www.accuratereviews.com\/it\/wp-json\/wp\/v2\/pages\/71820"}],"wp:featuredmedia":[{"embeddable":true,"href":"https:\/\/www.accuratereviews.com\/it\/wp-json\/wp\/v2\/media\/72273"}],"wp:attachment":[{"href":"https:\/\/www.accuratereviews.com\/it\/wp-json\/wp\/v2\/media?parent=72272"}],"wp:term":[{"taxonomy":"category","embeddable":true,"href":"https:\/\/www.accuratereviews.com\/it\/wp-json\/wp\/v2\/categories?post=72272"},{"taxonomy":"post_tag","embeddable":true,"href":"https:\/\/www.accuratereviews.com\/it\/wp-json\/wp\/v2\/tags?post=72272"},{"taxonomy":"features","embeddable":true,"href":"https:\/\/www.accuratereviews.com\/it\/wp-json\/wp\/v2\/features?post=72272"}],"curies":[{"name":"wp","href":"https:\/\/api.w.org\/{rel}","templated":true}]}}