{"id":72285,"date":"2023-10-13T10:01:19","date_gmt":"2023-10-13T10:01:19","guid":{"rendered":"https:\/\/www.accuratereviews.com\/?page_id=72285"},"modified":"2023-10-24T14:03:37","modified_gmt":"2023-10-24T14:03:37","slug":"rally-recensione","status":"publish","type":"page","link":"https:\/\/www.accuratereviews.com\/it\/software-progetti-agile\/rally-recensione\/","title":{"rendered":"Rally"},"content":{"rendered":"<p><strong>Rally<\/strong> (in precedenza CA Agile Central) \u00e8 un sistema <strong>software di gestione dei progetti<\/strong> basato su <strong>cloud<\/strong>. Le funzionalit\u00e0 principali includono la collaborazione in team, la gestione dei progetti, di prodotti e portfolio, analisi e metriche e integrazione della piattaforma. La funzionalit\u00e0 di collaborazione del team di Rally consente la chat di gruppo e il threading delle chat. Offre funzionalit\u00e0 come una visualizzazione unica dei progressi del team, un dashboard personalizzato per Kanban, Scrum e qualsiasi altro approccio utilizzato dalle organizzazioni insieme a report su burndown, burnup, velocit\u00e0 e flusso. Fornisce roadmap multilivello e integrate, collegate ai report di consegna. Le organizzazioni e i team possono definire categorie di investimento, punteggi di valore e flussi di lavoro, il che consente loro di utilizzare in modo efficace le risorse.<\/p>\n<h2>RALLY &#8211; TUTORIAL<\/h2>\n<div id=\"fluid-wrapper-counter-1\" class=\"g1-fluid-wrapper \" style=\"width:686px;\">\n<div style=\"padding-bottom:56.268221574344%;\"><iframe loading=\"lazy\" title=\"Analytics and Reporting with Rally Software\" width=\"686\" height=\"386\" src=\"https:\/\/www.youtube.com\/embed\/kaVjB10lfMk?feature=oembed&amp;wmode=transparent&amp;autohide=1&amp;autoplay=0&amp;disablekb=0&amp;fs=1&amp;loop=0&amp;enablejsapi=1&amp;rel=0&amp;controls=2&amp;showinfo=0&amp;wmode=transparent&amp;autohide=2&amp;autoplay=0&amp;disablekb=0&amp;fs=1&amp;loop=0&amp;enablejsapi=1&amp;rel=0&amp;controls=2&amp;showinfo=1\" frameborder=\"0\" allow=\"accelerometer; autoplay; clipboard-write; encrypted-media; gyroscope; picture-in-picture; web-share\" allowfullscreen><\/iframe><\/div>\n<\/div>\n<h3>RALLY &#8211; CARATTERISTICHE<\/h3>\n<ul>\n<li>I grafici delle metriche della soluzione includono velocit\u00e0 di flusso\/rendimento, carico di flusso, tempo di flusso, efficienza e prevedibilit\u00e0 di flusso. Comprendi la tua capacit\u00e0 in base a dati reali.<\/li>\n<li>Visualizza la probabilit\u00e0 di consegnare oggetti\/punti in base ai dati storici del team. Allineare il lavoro per un migliore processo decisionale, chiarezza e concentrazione.<\/li>\n<li>Utilizza la funzionalit\u00e0 Obiettivi e risultati chiave (OKR) per fornire alla tua organizzazione e ai tuoi team un quadro di definizione degli obiettivi per allinearsi agli stessi. Questo allineamento crea chiarezza e concentrazione e aiuta a garantire che il lavoro pi\u00f9 importante venga svolto.<\/li>\n<li>Allinea il lavoro quotidiano alla strategia e sfrutta i dati per indirizzare la tua azienda verso una cultura orientata ai risultati.<\/li>\n<li>Il software funge da hub centrale per consentire ai team di pianificare, stabilire le priorit\u00e0 e tenere traccia del lavoro in modo collaborativo con una cadenza sincronizzata. I team possono visualizzare il proprio lavoro sotto forma di elenchi, bacheche o visualizzazioni di sequenza temporale e, cosa pi\u00f9 importante, possono capire come il loro lavoro quotidiano si allinea agli obiettivi pi\u00f9 importanti dell&#8217;azienda.<\/li>\n<li>I diagrammi di flusso cumulativi mostrano come gli stati degli elementi di lavoro sono progrediti nel tempo, offrendoti la possibilit\u00e0 di identificare e risolvere i colli di bottiglia del processo prima che diventino un problema.<\/li>\n<li>La dashboard \u00a0ti consente di creare e seguire le metriche pi\u00f9 importanti per te. Visualizza la produttivit\u00e0 e la velocit\u00e0 di incremento del programma, i grafici dei tempi di ciclo e i diagrammi di flusso cumulativi, tutto in un unico posto. Apporta modifiche agli obiettivi o ai processi di livello superiore secondo necessit\u00e0 in tempo reale.<\/li>\n<\/ul>\n<h4>LE RECENSIONI DEGLI UTENTI<\/h4>\n<p><strong>Uddipan &#8220;Rally: migliore collaborazione&#8221;<\/strong><br \/>\n<strong>Commenti<\/strong>: Rally \u00e8 un ottimo strumento di collaborazione che aiuta sia i team di prodotto che quelli di ingegneria con buone funzionalit\u00e0 come la gestione dei test<br \/>\n<strong>Pro<\/strong>: Rally ha aiutato a pianificare il lavoro con attivit\u00e0 secondarie e ha alcune caratteristiche uniche. La funzionalit\u00e0 di automazione dei test \u00e8 molto utile<br \/>\n<strong>Contro<\/strong>: doveva essere pi\u00f9 facile da usare e consentire un accesso rapido. Anche i dashboard come la roadmap devono essere migliorati<\/p>\n<p><strong>Ogechi &#8220;Buono strumento di gestione del progetto&#8221;<\/strong><br \/>\n<strong>Commenti<\/strong>: La mia organizzazione ha implementato il rally per aumentare l&#8217;efficienza e la collaborazione tra i progetti e finora \u00e8 stata una buona esperienza. Ci vuole pi\u00f9 tempo di quello a cui sono abituato per inserire tutte le storie e le attivit\u00e0, tuttavia il mio manager trova molto utili le funzionalit\u00e0 di monitoraggio. Ha contribuito a incoraggiare una mentalit\u00e0 agile all&#8217;interno del mio team.<br \/>\n<strong>Pro<\/strong>: Rally consente al mio team di creare storie utente, ciascuna con diverse attivit\u00e0 che possono essere monitorate e aggiornate. Aiuta a stimare le tempistiche e offre una visuale sui progressi di ciascun membro del team.<br \/>\n<strong>Contro<\/strong>: L&#8217;interfaccia utente pu\u00f2 creare confusione, soprattutto quando si prende familiarit\u00e0 con il software. Apprezzerei un&#8217;interfaccia pi\u00f9 snella e intuitiva.<\/p>\n<p><strong>Assel &#8220;Buon software per la gestione dei progetti Agile&#8221;<\/strong><br \/>\n<strong>Pro<\/strong>: \u00c8 facile da usare, facile da configurare. Efficiente per tenere traccia delle storie degli utenti e dei difetti. Facile spostare gli oggetti da uno stato all&#8217;altro.<br \/>\n<strong>Contro<\/strong>: Non cos\u00ec personalizzabile come Jira. 1 difetto non pu\u00f2 essere collegato a 2 o pi\u00f9 storie utente.<\/p>\n","protected":false},"excerpt":{"rendered":"<p>Rally (in precedenza CA Agile Central) \u00e8 un sistema software di gestione dei progetti, basato su cloud. Le funzionalit\u00e0 principali includono la collaborazione in team, la gestione dei progetti, di prodotti e portfolio, analisi e metriche e integrazione della piattaforma. La funzionalit\u00e0 di collaborazione del team di Rally consente la chat di gruppo e il threading delle chat.<\/p>\n","protected":false},"author":19,"featured_media":72286,"parent":71820,"menu_order":0,"comment_status":"open","ping_status":"closed","template":"g1_template_page_review_new.php","meta":{"_acf_changed":false,"cwp_meta_box_check":"Yes","cwp_rev_product_name":"","cwp_rev_product_image":"","wppr_links":[],"cwp_rev_price":"0.00","wppr_options":[{"name":"Usability","value":"0"},{"name":"Speed","value":"0"},{"name":"Features","value":"0"},{"name":"Support","value":"0"},{"name":"Pricing","value":"0"}],"wppr_pros":["","","","",""],"wppr_cons":["","","","",""],"_monsterinsights_skip_tracking":false,"_monsterinsights_sitenote_active":false,"_monsterinsights_sitenote_note":"","_monsterinsights_sitenote_category":0,"footnotes":""},"categories":[2892],"tags":[2916,2992,14666,14656,14658,14701,2989,2985,2990,2984],"features":[],"class_list":{"0":"post-72285","1":"page","2":"type-page","3":"status-publish","4":"has-post-thumbnail","6":"category-gestionale-per-progetti-agile","7":"tag-gestionale-agile","8":"tag-piattaforma-gestionale-agile","9":"tag-piattaforma-gestionale-progetti-agile","10":"tag-programma-gestionale-agile","11":"tag-programma-gestionale-progetti-agile","12":"tag-rally","13":"tag-software-gestionale-agile","14":"tag-software-gestionale-progetti-agile","15":"tag-soluzione-gestionale-agile","16":"tag-soluzione-gestionale-progetti-agile"},"wppr_data":{"cwp_meta_box_check":"Yes","_wppr_review_template":"default","cwp_rev_product_image":"","cwp_image_link":"image","wppr_links":[],"cwp_rev_price":"0.00","wppr_pros":["","","","",""],"wppr_cons":["","","","",""],"wppr_rating":"0.00","wppr_options":{"1":{"name":"Usability","value":"0"},"2":{"name":"Speed","value":"0"},"3":{"name":"Features","value":"0"},"4":{"name":"Support","value":"0"},"5":{"name":"Pricing","value":"0"}},"wppr_review_type":"Product","wppr_review_custom_fields":{"additionalProperty":"","additionalType":"","aggregateRating":"","alternateName":"","audience":"","award":"","awards":"","brand":"","color":"","depth":"","description":"","disambiguatingDescription":"","gtin12":"","gtin13":"","gtin14":"","gtin8":"","height":"","identifier":"","image":"","isAccessoryOrSparePartFor":"","isConsumableFor":"","isRelatedTo":"","isSimilarTo":"","itemCondition":"","logo":"","mainEntityOfPage":"","manufacturer":"","material":"","model":"","mpn":"","name":"","offers":"","potentialAction":"","productID":"","productionDate":"","purchaseDate":"","releaseDate":"","review":"","reviews":"","sameAs":"","sku":"","slogan":"","subjectOf":"","url":"","weight":"","width":""}},"acf":[],"yoast_head":"<!-- This site is optimized with the Yoast SEO plugin v27.4 - https:\/\/yoast.com\/product\/yoast-seo-wordpress\/ -->\n<title>Rally: recensione software gestionale progetti Agile - Accurate Reviews<\/title>\n<meta name=\"description\" content=\"Rally: recensione sistema software di gestione dei progetti, basato su cloud, precedentemente conosciuto come CA Agile Central.\" \/>\n<meta name=\"robots\" content=\"index, follow, max-snippet:-1, max-image-preview:large, max-video-preview:-1\" \/>\n<link rel=\"canonical\" href=\"https:\/\/www.accuratereviews.com\/it\/software-progetti-agile\/rally-recensione\/\" \/>\n<meta property=\"og:locale\" content=\"it_IT\" \/>\n<meta property=\"og:type\" content=\"article\" \/>\n<meta property=\"og:title\" content=\"Rally: recensione software gestionale progetti Agile - Accurate Reviews\" \/>\n<meta property=\"og:description\" content=\"Rally: recensione sistema software di gestione dei progetti, basato su cloud, precedentemente conosciuto come CA Agile Central.\" \/>\n<meta property=\"og:url\" content=\"https:\/\/www.accuratereviews.com\/it\/software-progetti-agile\/rally-recensione\/\" \/>\n<meta property=\"og:site_name\" content=\"Accurate Reviews\" \/>\n<meta property=\"article:modified_time\" content=\"2023-10-24T14:03:37+00:00\" \/>\n<meta property=\"og:image\" content=\"https:\/\/www.accuratereviews.com\/wp-content\/uploads\/2023\/10\/Rally.jpeg\" \/>\n\t<meta property=\"og:image:width\" content=\"200\" \/>\n\t<meta property=\"og:image:height\" content=\"200\" \/>\n\t<meta property=\"og:image:type\" content=\"image\/jpeg\" \/>\n<meta name=\"twitter:card\" content=\"summary_large_image\" \/>\n<meta name=\"twitter:label1\" content=\"Tempo di lettura stimato\" \/>\n\t<meta name=\"twitter:data1\" content=\"4 minuti\" \/>\n<script type=\"application\/ld+json\" class=\"yoast-schema-graph\">{\"@context\":\"https:\\\/\\\/schema.org\",\"@graph\":[{\"@type\":\"WebPage\",\"@id\":\"https:\\\/\\\/www.accuratereviews.com\\\/it\\\/software-progetti-agile\\\/rally-recensione\\\/\",\"url\":\"https:\\\/\\\/www.accuratereviews.com\\\/it\\\/software-progetti-agile\\\/rally-recensione\\\/\",\"name\":\"Rally: recensione software gestionale progetti Agile - Accurate Reviews\",\"isPartOf\":{\"@id\":\"https:\\\/\\\/www.accuratereviews.com\\\/it\\\/#website\"},\"primaryImageOfPage\":{\"@id\":\"https:\\\/\\\/www.accuratereviews.com\\\/it\\\/software-progetti-agile\\\/rally-recensione\\\/#primaryimage\"},\"image\":{\"@id\":\"https:\\\/\\\/www.accuratereviews.com\\\/it\\\/software-progetti-agile\\\/rally-recensione\\\/#primaryimage\"},\"thumbnailUrl\":\"https:\\\/\\\/www.accuratereviews.com\\\/wp-content\\\/uploads\\\/2023\\\/10\\\/Rally.jpeg\",\"datePublished\":\"2023-10-13T10:01:19+00:00\",\"dateModified\":\"2023-10-24T14:03:37+00:00\",\"description\":\"Rally: recensione sistema software di gestione dei progetti, basato su cloud, precedentemente conosciuto come CA Agile Central.\",\"breadcrumb\":{\"@id\":\"https:\\\/\\\/www.accuratereviews.com\\\/it\\\/software-progetti-agile\\\/rally-recensione\\\/#breadcrumb\"},\"inLanguage\":\"it-IT\",\"potentialAction\":[{\"@type\":\"ReadAction\",\"target\":[\"https:\\\/\\\/www.accuratereviews.com\\\/it\\\/software-progetti-agile\\\/rally-recensione\\\/\"]}]},{\"@type\":\"ImageObject\",\"inLanguage\":\"it-IT\",\"@id\":\"https:\\\/\\\/www.accuratereviews.com\\\/it\\\/software-progetti-agile\\\/rally-recensione\\\/#primaryimage\",\"url\":\"https:\\\/\\\/www.accuratereviews.com\\\/wp-content\\\/uploads\\\/2023\\\/10\\\/Rally.jpeg\",\"contentUrl\":\"https:\\\/\\\/www.accuratereviews.com\\\/wp-content\\\/uploads\\\/2023\\\/10\\\/Rally.jpeg\",\"width\":200,\"height\":200},{\"@type\":\"BreadcrumbList\",\"@id\":\"https:\\\/\\\/www.accuratereviews.com\\\/it\\\/software-progetti-agile\\\/rally-recensione\\\/#breadcrumb\",\"itemListElement\":[{\"@type\":\"ListItem\",\"position\":1,\"name\":\"Home\",\"item\":\"https:\\\/\\\/www.accuratereviews.com\\\/it\\\/\"},{\"@type\":\"ListItem\",\"position\":2,\"name\":\"Software progetti Agile\",\"item\":\"https:\\\/\\\/www.accuratereviews.com\\\/it\\\/software-progetti-agile\\\/\"},{\"@type\":\"ListItem\",\"position\":3,\"name\":\"Rally\"}]},{\"@type\":\"WebSite\",\"@id\":\"https:\\\/\\\/www.accuratereviews.com\\\/it\\\/#website\",\"url\":\"https:\\\/\\\/www.accuratereviews.com\\\/it\\\/\",\"name\":\"Accurate Reviews\",\"description\":\"\",\"potentialAction\":[{\"@type\":\"SearchAction\",\"target\":{\"@type\":\"EntryPoint\",\"urlTemplate\":\"https:\\\/\\\/www.accuratereviews.com\\\/it\\\/?s={search_term_string}\"},\"query-input\":{\"@type\":\"PropertyValueSpecification\",\"valueRequired\":true,\"valueName\":\"search_term_string\"}}],\"inLanguage\":\"it-IT\"}]}<\/script>\n<!-- \/ Yoast SEO plugin. -->","yoast_head_json":{"title":"Rally: recensione software gestionale progetti Agile - Accurate Reviews","description":"Rally: recensione sistema software di gestione dei progetti, basato su cloud, precedentemente conosciuto come CA Agile Central.","robots":{"index":"index","follow":"follow","max-snippet":"max-snippet:-1","max-image-preview":"max-image-preview:large","max-video-preview":"max-video-preview:-1"},"canonical":"https:\/\/www.accuratereviews.com\/it\/software-progetti-agile\/rally-recensione\/","og_locale":"it_IT","og_type":"article","og_title":"Rally: recensione software gestionale progetti Agile - Accurate Reviews","og_description":"Rally: recensione sistema software di gestione dei progetti, basato su cloud, precedentemente conosciuto come CA Agile Central.","og_url":"https:\/\/www.accuratereviews.com\/it\/software-progetti-agile\/rally-recensione\/","og_site_name":"Accurate Reviews","article_modified_time":"2023-10-24T14:03:37+00:00","og_image":[{"width":200,"height":200,"url":"https:\/\/www.accuratereviews.com\/wp-content\/uploads\/2023\/10\/Rally.jpeg","type":"image\/jpeg"}],"twitter_card":"summary_large_image","twitter_misc":{"Tempo di lettura stimato":"4 minuti"},"schema":{"@context":"https:\/\/schema.org","@graph":[{"@type":"WebPage","@id":"https:\/\/www.accuratereviews.com\/it\/software-progetti-agile\/rally-recensione\/","url":"https:\/\/www.accuratereviews.com\/it\/software-progetti-agile\/rally-recensione\/","name":"Rally: recensione software gestionale progetti Agile - Accurate Reviews","isPartOf":{"@id":"https:\/\/www.accuratereviews.com\/it\/#website"},"primaryImageOfPage":{"@id":"https:\/\/www.accuratereviews.com\/it\/software-progetti-agile\/rally-recensione\/#primaryimage"},"image":{"@id":"https:\/\/www.accuratereviews.com\/it\/software-progetti-agile\/rally-recensione\/#primaryimage"},"thumbnailUrl":"https:\/\/www.accuratereviews.com\/wp-content\/uploads\/2023\/10\/Rally.jpeg","datePublished":"2023-10-13T10:01:19+00:00","dateModified":"2023-10-24T14:03:37+00:00","description":"Rally: recensione sistema software di gestione dei progetti, basato su cloud, precedentemente conosciuto come CA Agile Central.","breadcrumb":{"@id":"https:\/\/www.accuratereviews.com\/it\/software-progetti-agile\/rally-recensione\/#breadcrumb"},"inLanguage":"it-IT","potentialAction":[{"@type":"ReadAction","target":["https:\/\/www.accuratereviews.com\/it\/software-progetti-agile\/rally-recensione\/"]}]},{"@type":"ImageObject","inLanguage":"it-IT","@id":"https:\/\/www.accuratereviews.com\/it\/software-progetti-agile\/rally-recensione\/#primaryimage","url":"https:\/\/www.accuratereviews.com\/wp-content\/uploads\/2023\/10\/Rally.jpeg","contentUrl":"https:\/\/www.accuratereviews.com\/wp-content\/uploads\/2023\/10\/Rally.jpeg","width":200,"height":200},{"@type":"BreadcrumbList","@id":"https:\/\/www.accuratereviews.com\/it\/software-progetti-agile\/rally-recensione\/#breadcrumb","itemListElement":[{"@type":"ListItem","position":1,"name":"Home","item":"https:\/\/www.accuratereviews.com\/it\/"},{"@type":"ListItem","position":2,"name":"Software progetti Agile","item":"https:\/\/www.accuratereviews.com\/it\/software-progetti-agile\/"},{"@type":"ListItem","position":3,"name":"Rally"}]},{"@type":"WebSite","@id":"https:\/\/www.accuratereviews.com\/it\/#website","url":"https:\/\/www.accuratereviews.com\/it\/","name":"Accurate Reviews","description":"","potentialAction":[{"@type":"SearchAction","target":{"@type":"EntryPoint","urlTemplate":"https:\/\/www.accuratereviews.com\/it\/?s={search_term_string}"},"query-input":{"@type":"PropertyValueSpecification","valueRequired":true,"valueName":"search_term_string"}}],"inLanguage":"it-IT"}]}},"_links":{"self":[{"href":"https:\/\/www.accuratereviews.com\/it\/wp-json\/wp\/v2\/pages\/72285","targetHints":{"allow":["GET"]}}],"collection":[{"href":"https:\/\/www.accuratereviews.com\/it\/wp-json\/wp\/v2\/pages"}],"about":[{"href":"https:\/\/www.accuratereviews.com\/it\/wp-json\/wp\/v2\/types\/page"}],"author":[{"embeddable":true,"href":"https:\/\/www.accuratereviews.com\/it\/wp-json\/wp\/v2\/users\/19"}],"replies":[{"embeddable":true,"href":"https:\/\/www.accuratereviews.com\/it\/wp-json\/wp\/v2\/comments?post=72285"}],"version-history":[{"count":8,"href":"https:\/\/www.accuratereviews.com\/it\/wp-json\/wp\/v2\/pages\/72285\/revisions"}],"predecessor-version":[{"id":72483,"href":"https:\/\/www.accuratereviews.com\/it\/wp-json\/wp\/v2\/pages\/72285\/revisions\/72483"}],"up":[{"embeddable":true,"href":"https:\/\/www.accuratereviews.com\/it\/wp-json\/wp\/v2\/pages\/71820"}],"wp:featuredmedia":[{"embeddable":true,"href":"https:\/\/www.accuratereviews.com\/it\/wp-json\/wp\/v2\/media\/72286"}],"wp:attachment":[{"href":"https:\/\/www.accuratereviews.com\/it\/wp-json\/wp\/v2\/media?parent=72285"}],"wp:term":[{"taxonomy":"category","embeddable":true,"href":"https:\/\/www.accuratereviews.com\/it\/wp-json\/wp\/v2\/categories?post=72285"},{"taxonomy":"post_tag","embeddable":true,"href":"https:\/\/www.accuratereviews.com\/it\/wp-json\/wp\/v2\/tags?post=72285"},{"taxonomy":"features","embeddable":true,"href":"https:\/\/www.accuratereviews.com\/it\/wp-json\/wp\/v2\/features?post=72285"}],"curies":[{"name":"wp","href":"https:\/\/api.w.org\/{rel}","templated":true}]}}