{"id":72304,"date":"2023-10-16T11:38:24","date_gmt":"2023-10-16T11:38:24","guid":{"rendered":"https:\/\/www.accuratereviews.com\/?page_id=72304"},"modified":"2023-10-17T09:26:29","modified_gmt":"2023-10-17T09:26:29","slug":"zenhub-recensione","status":"publish","type":"page","link":"https:\/\/www.accuratereviews.com\/it\/software-progetti-agile\/zenhub-recensione\/","title":{"rendered":"Zenhub"},"content":{"rendered":"<p><strong>Zenhub<\/strong> \u00e8 una piattaforma flessibile e dal prezzo competitivo per la<strong> gestione dei progetti<\/strong> e della produttivit\u00e0 per <strong>team agili<\/strong>. Pi\u00f9 di 7.000 team di sviluppo software all&#8217;avanguardia in tutto il mondo si affidano a questo programma per mantenere i propri progetti nei tempi previsti e nel rispetto del budget. Con la soluzione, processi e cerimonie agili possono essere implementati e ottimizzati senza sforzo all&#8217;interno di GitHub. Mantiene i team allineati, produttivi e impegnati verso un obiettivo comune fornendo una visione unificata dell&#8217;avanzamento del progetto.<br \/>\n<strong>Zenhub<\/strong> aiuta i team a fare di pi\u00f9 automatizzando attivit\u00e0 ripetitive e banali, con il fine di migliorare la concentrazione e la velocit\u00e0. Utilizzando strumenti automatizzati di pianificazione e stima, i team sono in grado di proiettare le date di completamento in modo efficace e di consegnare il lavoro pianificato in modo affidabile e puntuale.<\/p>\n<h2>ZENHUB &#8211; TUTORIAL<\/h2>\n<div id=\"fluid-wrapper-counter-1\" class=\"g1-fluid-wrapper \" style=\"width:686px;\">\n<div style=\"padding-bottom:56.268221574344%;\"><iframe loading=\"lazy\" title=\"How Zenhub uses Zenhub\" width=\"686\" height=\"386\" src=\"https:\/\/www.youtube.com\/embed\/I2VnrdXBTNQ?feature=oembed&amp;wmode=transparent&amp;autohide=1&amp;autoplay=0&amp;disablekb=0&amp;fs=1&amp;loop=0&amp;enablejsapi=1&amp;rel=0&amp;controls=2&amp;showinfo=0&amp;wmode=transparent&amp;autohide=2&amp;autoplay=0&amp;disablekb=0&amp;fs=1&amp;loop=0&amp;enablejsapi=1&amp;rel=0&amp;controls=2&amp;showinfo=1\" frameborder=\"0\" allow=\"accelerometer; autoplay; clipboard-write; encrypted-media; gyroscope; picture-in-picture; web-share\" allowfullscreen><\/iframe><\/div>\n<\/div>\n<h3>ZENHUB &#8211; CARATTERISTICHE<\/h3>\n<ul>\n<li>Prezzi flessibili e competitivi che mantengono i progetti entro i tempi e il budget<\/li>\n<li>Onboarding rapido e semplice con un&#8217;unica interfaccia e zero-config<\/li>\n<li>Gestione del progetto che riduce i costi generali e il cambio di contesto<\/li>\n<li>Suggerimenti e consigli per adottare cerimonie agili (sprint, epic, preventivi)<\/li>\n<li>Flusso di lavoro unificato e migliore visualizzazione tramite schede multi-repo<\/li>\n<li>Miglioramento della comunicazione sviluppatore-azienda e allineamento con le roadmap<\/li>\n<li>Automazione del flusso di lavoro attraverso la pianificazione e i passaggi automatizzati dello sprint<\/li>\n<li>Stime asincrone e senza sforzo attraverso Planning Poker<\/li>\n<li>I report basati sullo sviluppo del codice aiutano a distribuire i progetti nell&#8217;ambito e nei tempi previsti<\/li>\n<li>L&#8217;app Web e l&#8217;estensione offrono un&#8217;interfaccia a scelta per mantenere l&#8217;attenzione e ridurre al minimo il cambio di contesto<\/li>\n<\/ul>\n<h4>LE RECENSIONI DEGLI UTENTI<\/h4>\n<p><strong>Wassim &#8220;ZenHub: il plugin di successo per la gestione dei progetti GitHub&#8221;<\/strong><br \/>\n<strong>Commenti<\/strong>: Ottima aggiunta al fantastico CVS di GitHub<br \/>\n<strong>Pro<\/strong>: Le funzionalit\u00e0 di pianificazione e gestione dei progetti sono molto avanzate e talvolta superano i principali software di gestione dei progetti sul mercato. \u00c8 compatibile con GitHub e quindi \u00e8 orientato ai progetti software. La versione aziendale fornisce una ricca raccolta di strumenti di collaborazione per gli sviluppatori che si aggiungono a quelli disponibili in GitHub. Le attivit\u00e0 possono essere create e gestite in modo flessibile con un&#8217;interazione GUI molto intuitiva. Essendo la parte mancante della gestione dei progetti in GitHub, ZenHub \u00e8 una sinergia perfetta per la gestione collaborativa di progetti software su larga scala. Anche il monitoraggio dei problemi e dei bug del software \u00e8 molto facilitato. Ma ancora una volta ci affidiamo a GitHub per svolgere tali attivit\u00e0 di gestione.<br \/>\n<strong>Contro<\/strong>: Il prezzo \u00e8 un po\u2019 alto per progetti su larga scala. Una strategia di licenza pi\u00f9 flessibile potrebbe essere allettante. Alcuni bug della GUI vengono visualizzati qua e l\u00e0, ma gli sviluppatori rispondono molto attivamente alle segnalazioni di bug.<\/p>\n<p><strong>Tiffany &#8220;Integra subito ZenHub con GitHub&#8221;<\/strong><br \/>\n<strong>Commenti<\/strong>: Grande esperienza. Consiglio vivamente ad altre societ\u00e0 di provare ZenHub.<br \/>\n<strong>Pro<\/strong>: La perfetta integrazione con GitHub rende questo prodotto un gioco da ragazzi per il nostro team!<br \/>\n<strong>Contro<\/strong>: Il prodotto pu\u00f2 essere lento ma potrebbe anche essere dovuto alle dimensioni delle nostre tavole.<\/p>\n<p><strong>Vincent &#8220;Un ricco livello sui problemi di GitHub&#8221;<\/strong><br \/>\n<strong>Commenti<\/strong>: La mia esperienza con ZenHub \u00e8 stata fantastica, ho provato altri strumenti per vedere se potevano fare meglio, ma alla fine sono rimasto con ZenHub.<br \/>\n<strong>Pro<\/strong>: L&#8217;integrazione con GitHub \u00e8 fantastica. Kanban funziona alla grande e sia Epics che Stories sono funzionalit\u00e0 molto ben sviluppate. Ha tutto ci\u00f2 che ci si pu\u00f2 aspettare da uno strumento per gestire i ticket in modo agile.<br \/>\n<strong>Contro<\/strong>: L&#8217;interfaccia utente a volte non \u00e8 l&#8217;ideale, ad esempio potresti fare clic fuori da una barra laterale\/modale pensando di aver salvato le modifiche, ma non \u00e8 cos\u00ec. Una volta che ti ci abitui non \u00e8 un grosso problema, ma si ripresenta ad ogni sessione di preventivo.<\/p>\n","protected":false},"excerpt":{"rendered":"<p>Zenhub \u00e8 una piattaforma flessibile e dal prezzo competitivo per la gestione dei progetti e della produttivit\u00e0 per team agili. Pi\u00f9 di 7.000 team di sviluppo software all&#8217;avanguardia in tutto il mondo si affidano a questo programma per mantenere i propri progetti nei tempi previsti e nel rispetto del budget. Con la soluzione, processi e cerimonie agili possono essere implementati e ottimizzati senza sforzo all&#8217;interno di GitHub.<\/p>\n","protected":false},"author":19,"featured_media":72305,"parent":71820,"menu_order":0,"comment_status":"open","ping_status":"closed","template":"g1_template_page_review_new.php","meta":{"_acf_changed":false,"cwp_meta_box_check":"Yes","cwp_rev_product_name":"","cwp_rev_product_image":"","wppr_links":[],"cwp_rev_price":"0.00","wppr_options":[{"name":"Usability","value":"0"},{"name":"Speed","value":"0"},{"name":"Features","value":"0"},{"name":"Support","value":"0"},{"name":"Pricing","value":"0"}],"wppr_pros":["","","","",""],"wppr_cons":["","","","",""],"_monsterinsights_skip_tracking":false,"_monsterinsights_sitenote_active":false,"_monsterinsights_sitenote_note":"","_monsterinsights_sitenote_category":0,"footnotes":""},"categories":[2892],"tags":[2916,2992,14666,14656,14703,2989,2985,2990,2984,14702],"features":[],"class_list":{"0":"post-72304","1":"page","2":"type-page","3":"status-publish","4":"has-post-thumbnail","6":"category-gestionale-per-progetti-agile","7":"tag-gestionale-agile","8":"tag-piattaforma-gestionale-agile","9":"tag-piattaforma-gestionale-progetti-agile","10":"tag-programma-gestionale-agile","11":"tag-programma-gestionale-progetti-agili","12":"tag-software-gestionale-agile","13":"tag-software-gestionale-progetti-agile","14":"tag-soluzione-gestionale-agile","15":"tag-soluzione-gestionale-progetti-agile","16":"tag-zenhub"},"wppr_data":{"cwp_meta_box_check":"Yes","_wppr_review_template":"default","cwp_rev_product_image":"","cwp_image_link":"image","wppr_links":[],"cwp_rev_price":"0.00","wppr_pros":["","","","",""],"wppr_cons":["","","","",""],"wppr_rating":"0.00","wppr_options":{"1":{"name":"Usability","value":"0"},"2":{"name":"Speed","value":"0"},"3":{"name":"Features","value":"0"},"4":{"name":"Support","value":"0"},"5":{"name":"Pricing","value":"0"}},"wppr_review_type":"Product","wppr_review_custom_fields":{"additionalProperty":"","additionalType":"","aggregateRating":"","alternateName":"","audience":"","award":"","awards":"","brand":"","color":"","depth":"","description":"","disambiguatingDescription":"","gtin12":"","gtin13":"","gtin14":"","gtin8":"","height":"","identifier":"","image":"","isAccessoryOrSparePartFor":"","isConsumableFor":"","isRelatedTo":"","isSimilarTo":"","itemCondition":"","logo":"","mainEntityOfPage":"","manufacturer":"","material":"","model":"","mpn":"","name":"","offers":"","potentialAction":"","productID":"","productionDate":"","purchaseDate":"","releaseDate":"","review":"","reviews":"","sameAs":"","sku":"","slogan":"","subjectOf":"","url":"","weight":"","width":""}},"acf":[],"yoast_head":"<!-- This site is optimized with the Yoast SEO plugin v27.4 - https:\/\/yoast.com\/product\/yoast-seo-wordpress\/ -->\n<title>Zenhub: recensione software gestionale progetti Agile - Accurate Reviews<\/title>\n<meta name=\"description\" content=\"Zenhub: recensione piattaforma flessibile e dal prezzo competitivo, per la gestione dei progetti e della produttivit\u00e0 per team agili.\" \/>\n<meta name=\"robots\" content=\"index, follow, max-snippet:-1, max-image-preview:large, max-video-preview:-1\" \/>\n<link rel=\"canonical\" href=\"https:\/\/www.accuratereviews.com\/it\/software-progetti-agile\/zenhub-recensione\/\" \/>\n<meta property=\"og:locale\" content=\"it_IT\" \/>\n<meta property=\"og:type\" content=\"article\" \/>\n<meta property=\"og:title\" content=\"Zenhub: recensione software gestionale progetti Agile - Accurate Reviews\" \/>\n<meta property=\"og:description\" content=\"Zenhub: recensione piattaforma flessibile e dal prezzo competitivo, per la gestione dei progetti e della produttivit\u00e0 per team agili.\" \/>\n<meta property=\"og:url\" content=\"https:\/\/www.accuratereviews.com\/it\/software-progetti-agile\/zenhub-recensione\/\" \/>\n<meta property=\"og:site_name\" content=\"Accurate Reviews\" \/>\n<meta property=\"article:modified_time\" content=\"2023-10-17T09:26:29+00:00\" \/>\n<meta property=\"og:image\" content=\"https:\/\/www.accuratereviews.com\/wp-content\/uploads\/2023\/10\/Zenhub.png\" \/>\n\t<meta property=\"og:image:width\" content=\"270\" \/>\n\t<meta property=\"og:image:height\" content=\"270\" \/>\n\t<meta property=\"og:image:type\" content=\"image\/png\" \/>\n<meta name=\"twitter:card\" content=\"summary_large_image\" \/>\n<meta name=\"twitter:label1\" content=\"Tempo di lettura stimato\" \/>\n\t<meta name=\"twitter:data1\" content=\"4 minuti\" \/>\n<script type=\"application\/ld+json\" class=\"yoast-schema-graph\">{\"@context\":\"https:\\\/\\\/schema.org\",\"@graph\":[{\"@type\":\"WebPage\",\"@id\":\"https:\\\/\\\/www.accuratereviews.com\\\/it\\\/software-progetti-agile\\\/zenhub-recensione\\\/\",\"url\":\"https:\\\/\\\/www.accuratereviews.com\\\/it\\\/software-progetti-agile\\\/zenhub-recensione\\\/\",\"name\":\"Zenhub: recensione software gestionale progetti Agile - Accurate Reviews\",\"isPartOf\":{\"@id\":\"https:\\\/\\\/www.accuratereviews.com\\\/it\\\/#website\"},\"primaryImageOfPage\":{\"@id\":\"https:\\\/\\\/www.accuratereviews.com\\\/it\\\/software-progetti-agile\\\/zenhub-recensione\\\/#primaryimage\"},\"image\":{\"@id\":\"https:\\\/\\\/www.accuratereviews.com\\\/it\\\/software-progetti-agile\\\/zenhub-recensione\\\/#primaryimage\"},\"thumbnailUrl\":\"https:\\\/\\\/www.accuratereviews.com\\\/wp-content\\\/uploads\\\/2023\\\/10\\\/Zenhub.png\",\"datePublished\":\"2023-10-16T11:38:24+00:00\",\"dateModified\":\"2023-10-17T09:26:29+00:00\",\"description\":\"Zenhub: recensione piattaforma flessibile e dal prezzo competitivo, per la gestione dei progetti e della produttivit\u00e0 per team agili.\",\"breadcrumb\":{\"@id\":\"https:\\\/\\\/www.accuratereviews.com\\\/it\\\/software-progetti-agile\\\/zenhub-recensione\\\/#breadcrumb\"},\"inLanguage\":\"it-IT\",\"potentialAction\":[{\"@type\":\"ReadAction\",\"target\":[\"https:\\\/\\\/www.accuratereviews.com\\\/it\\\/software-progetti-agile\\\/zenhub-recensione\\\/\"]}]},{\"@type\":\"ImageObject\",\"inLanguage\":\"it-IT\",\"@id\":\"https:\\\/\\\/www.accuratereviews.com\\\/it\\\/software-progetti-agile\\\/zenhub-recensione\\\/#primaryimage\",\"url\":\"https:\\\/\\\/www.accuratereviews.com\\\/wp-content\\\/uploads\\\/2023\\\/10\\\/Zenhub.png\",\"contentUrl\":\"https:\\\/\\\/www.accuratereviews.com\\\/wp-content\\\/uploads\\\/2023\\\/10\\\/Zenhub.png\",\"width\":270,\"height\":270},{\"@type\":\"BreadcrumbList\",\"@id\":\"https:\\\/\\\/www.accuratereviews.com\\\/it\\\/software-progetti-agile\\\/zenhub-recensione\\\/#breadcrumb\",\"itemListElement\":[{\"@type\":\"ListItem\",\"position\":1,\"name\":\"Home\",\"item\":\"https:\\\/\\\/www.accuratereviews.com\\\/it\\\/\"},{\"@type\":\"ListItem\",\"position\":2,\"name\":\"Software progetti Agile\",\"item\":\"https:\\\/\\\/www.accuratereviews.com\\\/it\\\/software-progetti-agile\\\/\"},{\"@type\":\"ListItem\",\"position\":3,\"name\":\"Zenhub\"}]},{\"@type\":\"WebSite\",\"@id\":\"https:\\\/\\\/www.accuratereviews.com\\\/it\\\/#website\",\"url\":\"https:\\\/\\\/www.accuratereviews.com\\\/it\\\/\",\"name\":\"Accurate Reviews\",\"description\":\"\",\"potentialAction\":[{\"@type\":\"SearchAction\",\"target\":{\"@type\":\"EntryPoint\",\"urlTemplate\":\"https:\\\/\\\/www.accuratereviews.com\\\/it\\\/?s={search_term_string}\"},\"query-input\":{\"@type\":\"PropertyValueSpecification\",\"valueRequired\":true,\"valueName\":\"search_term_string\"}}],\"inLanguage\":\"it-IT\"}]}<\/script>\n<!-- \/ Yoast SEO plugin. -->","yoast_head_json":{"title":"Zenhub: recensione software gestionale progetti Agile - Accurate Reviews","description":"Zenhub: recensione piattaforma flessibile e dal prezzo competitivo, per la gestione dei progetti e della produttivit\u00e0 per team agili.","robots":{"index":"index","follow":"follow","max-snippet":"max-snippet:-1","max-image-preview":"max-image-preview:large","max-video-preview":"max-video-preview:-1"},"canonical":"https:\/\/www.accuratereviews.com\/it\/software-progetti-agile\/zenhub-recensione\/","og_locale":"it_IT","og_type":"article","og_title":"Zenhub: recensione software gestionale progetti Agile - Accurate Reviews","og_description":"Zenhub: recensione piattaforma flessibile e dal prezzo competitivo, per la gestione dei progetti e della produttivit\u00e0 per team agili.","og_url":"https:\/\/www.accuratereviews.com\/it\/software-progetti-agile\/zenhub-recensione\/","og_site_name":"Accurate Reviews","article_modified_time":"2023-10-17T09:26:29+00:00","og_image":[{"width":270,"height":270,"url":"https:\/\/www.accuratereviews.com\/wp-content\/uploads\/2023\/10\/Zenhub.png","type":"image\/png"}],"twitter_card":"summary_large_image","twitter_misc":{"Tempo di lettura stimato":"4 minuti"},"schema":{"@context":"https:\/\/schema.org","@graph":[{"@type":"WebPage","@id":"https:\/\/www.accuratereviews.com\/it\/software-progetti-agile\/zenhub-recensione\/","url":"https:\/\/www.accuratereviews.com\/it\/software-progetti-agile\/zenhub-recensione\/","name":"Zenhub: recensione software gestionale progetti Agile - Accurate Reviews","isPartOf":{"@id":"https:\/\/www.accuratereviews.com\/it\/#website"},"primaryImageOfPage":{"@id":"https:\/\/www.accuratereviews.com\/it\/software-progetti-agile\/zenhub-recensione\/#primaryimage"},"image":{"@id":"https:\/\/www.accuratereviews.com\/it\/software-progetti-agile\/zenhub-recensione\/#primaryimage"},"thumbnailUrl":"https:\/\/www.accuratereviews.com\/wp-content\/uploads\/2023\/10\/Zenhub.png","datePublished":"2023-10-16T11:38:24+00:00","dateModified":"2023-10-17T09:26:29+00:00","description":"Zenhub: recensione piattaforma flessibile e dal prezzo competitivo, per la gestione dei progetti e della produttivit\u00e0 per team agili.","breadcrumb":{"@id":"https:\/\/www.accuratereviews.com\/it\/software-progetti-agile\/zenhub-recensione\/#breadcrumb"},"inLanguage":"it-IT","potentialAction":[{"@type":"ReadAction","target":["https:\/\/www.accuratereviews.com\/it\/software-progetti-agile\/zenhub-recensione\/"]}]},{"@type":"ImageObject","inLanguage":"it-IT","@id":"https:\/\/www.accuratereviews.com\/it\/software-progetti-agile\/zenhub-recensione\/#primaryimage","url":"https:\/\/www.accuratereviews.com\/wp-content\/uploads\/2023\/10\/Zenhub.png","contentUrl":"https:\/\/www.accuratereviews.com\/wp-content\/uploads\/2023\/10\/Zenhub.png","width":270,"height":270},{"@type":"BreadcrumbList","@id":"https:\/\/www.accuratereviews.com\/it\/software-progetti-agile\/zenhub-recensione\/#breadcrumb","itemListElement":[{"@type":"ListItem","position":1,"name":"Home","item":"https:\/\/www.accuratereviews.com\/it\/"},{"@type":"ListItem","position":2,"name":"Software progetti Agile","item":"https:\/\/www.accuratereviews.com\/it\/software-progetti-agile\/"},{"@type":"ListItem","position":3,"name":"Zenhub"}]},{"@type":"WebSite","@id":"https:\/\/www.accuratereviews.com\/it\/#website","url":"https:\/\/www.accuratereviews.com\/it\/","name":"Accurate Reviews","description":"","potentialAction":[{"@type":"SearchAction","target":{"@type":"EntryPoint","urlTemplate":"https:\/\/www.accuratereviews.com\/it\/?s={search_term_string}"},"query-input":{"@type":"PropertyValueSpecification","valueRequired":true,"valueName":"search_term_string"}}],"inLanguage":"it-IT"}]}},"_links":{"self":[{"href":"https:\/\/www.accuratereviews.com\/it\/wp-json\/wp\/v2\/pages\/72304","targetHints":{"allow":["GET"]}}],"collection":[{"href":"https:\/\/www.accuratereviews.com\/it\/wp-json\/wp\/v2\/pages"}],"about":[{"href":"https:\/\/www.accuratereviews.com\/it\/wp-json\/wp\/v2\/types\/page"}],"author":[{"embeddable":true,"href":"https:\/\/www.accuratereviews.com\/it\/wp-json\/wp\/v2\/users\/19"}],"replies":[{"embeddable":true,"href":"https:\/\/www.accuratereviews.com\/it\/wp-json\/wp\/v2\/comments?post=72304"}],"version-history":[{"count":10,"href":"https:\/\/www.accuratereviews.com\/it\/wp-json\/wp\/v2\/pages\/72304\/revisions"}],"predecessor-version":[{"id":72336,"href":"https:\/\/www.accuratereviews.com\/it\/wp-json\/wp\/v2\/pages\/72304\/revisions\/72336"}],"up":[{"embeddable":true,"href":"https:\/\/www.accuratereviews.com\/it\/wp-json\/wp\/v2\/pages\/71820"}],"wp:featuredmedia":[{"embeddable":true,"href":"https:\/\/www.accuratereviews.com\/it\/wp-json\/wp\/v2\/media\/72305"}],"wp:attachment":[{"href":"https:\/\/www.accuratereviews.com\/it\/wp-json\/wp\/v2\/media?parent=72304"}],"wp:term":[{"taxonomy":"category","embeddable":true,"href":"https:\/\/www.accuratereviews.com\/it\/wp-json\/wp\/v2\/categories?post=72304"},{"taxonomy":"post_tag","embeddable":true,"href":"https:\/\/www.accuratereviews.com\/it\/wp-json\/wp\/v2\/tags?post=72304"},{"taxonomy":"features","embeddable":true,"href":"https:\/\/www.accuratereviews.com\/it\/wp-json\/wp\/v2\/features?post=72304"}],"curies":[{"name":"wp","href":"https:\/\/api.w.org\/{rel}","templated":true}]}}