{"id":72329,"date":"2023-10-17T12:39:27","date_gmt":"2023-10-17T12:39:27","guid":{"rendered":"https:\/\/www.accuratereviews.com\/?page_id=72329"},"modified":"2023-10-17T12:39:27","modified_gmt":"2023-10-17T12:39:27","slug":"projectplace-recensione","status":"publish","type":"page","link":"https:\/\/www.accuratereviews.com\/it\/software-progetti-agile\/projectplace-recensione\/","title":{"rendered":"Projectplace"},"content":{"rendered":"<p><strong>Projectplace<\/strong> \u00e8 una <strong>soluzione di collaborazione e gestione dei progetti<\/strong>, basata su <strong>cloud<\/strong>, che aiuta le organizzazioni a eseguire progetti e a monitorare i loro progressi in modo efficiente. Offre una variet\u00e0 di funzionalit\u00e0 tra cui lavagne Kanban, diagrammi di Gantt, calendari, elenchi di cose da fare e dashboard di progetto. Lo strumento aiuta a organizzare le attivit\u00e0 del team, analizzare le prestazioni del team, organizzare riunioni online con un massimo di 100 partecipanti e condividere file da fonti di terze parti come Dropbox, Google o Box.<br \/>\n<strong>Projectplace<\/strong> fornisce modelli di progetto, report di gestione dei progetti e strumenti di conversazione che aiutano gli utenti a condividere file, collegamenti e immagini e a raccogliere feedback. Altre funzionalit\u00e0 fornite includono la gestione del carico di lavoro, il Single Sign-On e l&#8217;integrazione con applicazioni di terze parti. La soluzione consente, inoltre, la personalizzazione per soddisfare le esigenze dei singoli clienti.<\/p>\n<h2>PROJECTPLACE &#8211; TUTORAL<\/h2>\n<div id=\"fluid-wrapper-counter-1\" class=\"g1-fluid-wrapper \" style=\"width:686px;\">\n<div style=\"padding-bottom:56.268221574344%;\"><iframe loading=\"lazy\" title=\"Planview Projectplace - Getting started (DE)\" width=\"686\" height=\"386\" src=\"https:\/\/www.youtube.com\/embed\/cntTfeSJcNQ?feature=oembed&amp;wmode=transparent&amp;autohide=1&amp;autoplay=0&amp;disablekb=0&amp;fs=1&amp;loop=0&amp;enablejsapi=1&amp;rel=0&amp;controls=2&amp;showinfo=0&amp;wmode=transparent&amp;autohide=2&amp;autoplay=0&amp;disablekb=0&amp;fs=1&amp;loop=0&amp;enablejsapi=1&amp;rel=0&amp;controls=2&amp;showinfo=1\" frameborder=\"0\" allow=\"accelerometer; autoplay; clipboard-write; encrypted-media; gyroscope; picture-in-picture; web-share\" allowfullscreen><\/iframe><\/div>\n<\/div>\n<h3>PROJECTPLACE &#8211; CARATTERISTICHE<\/h3>\n<ul>\n<li><strong>Flussi di lavoro collaborativi:<\/strong> crea un piano di progetto e quindi collega gli elementi del flusso di lavoro alle attivit\u00e0 e ai traguardi utilizzando le schede Kanban e i diagrammi di Gantt integrati.<\/li>\n<li><strong>Bacheche Kanban<\/strong>: visualizza il flusso di lavoro e i progressi nei progetti del team.<\/li>\n<li><strong>Roadmap<\/strong>: imposta strategie a lungo termine e quindi gestisci ed esegui i componenti della roadmap.<\/li>\n<li><strong>Grafici di Gantt<\/strong>: visualizza gli obiettivi e i progressi del progetto utilizzando potenti diagrammi di Gantt online.<\/li>\n<li><strong>Gestione del carico di lavoro<\/strong>: visualizza un quadro completo degli impegni e delle assegnazioni di attivit\u00e0 per tutti i membri del team e i progetti.<\/li>\n<li><strong>Modelli di aree di lavoro<\/strong>: configura rapidamente nuovi progetti e aree di lavoro utilizzando modelli di progetto personalizzabili.<\/li>\n<li><strong>Dashboard di progetto<\/strong>: visualizza l&#8217;avanzamento del progetto e identifica i colli di bottiglia.<\/li>\n<li><strong>Gestione dei documenti:<\/strong> collabora su documenti condivisi.<\/li>\n<li><strong>App mobili<\/strong>: accedi al lavoro, aggiorna lo stato, esamina i documenti e collabora con i membri del team utilizzando le app iOS e Android.<\/li>\n<li><strong>Portafogli di progetti:<\/strong> monitora le prestazioni dei portafogli di progetti.<\/li>\n<li><strong>Monitoraggio del tempo<\/strong>: i membri del team possono facilmente creare report e tenere traccia del proprio tempo rispetto a compiti e attivit\u00e0.<\/li>\n<li><strong>Comunicazione in tempo reale<\/strong>: condividi istantaneamente feedback, idee e domande utilizzando potenti strumenti di comunicazione<\/li>\n<\/ul>\n<h4><strong>LE RECENSIONI DEGLI UTENTI<\/strong><\/h4>\n<p><strong>Andrew &#8220;Buon software, potrebbero essere utili alcune modifiche&#8221;<\/strong><br \/>\n<strong>Pro<\/strong>: Penso che sia un disegno facile da leggere. Il layout della pagina web \u00e8 abbastanza semplice e la pagina delle impostazioni \u00e8 intuitiva.<br \/>\n<strong>Contro<\/strong>: Non mi piace dover aggiungere le mie attivit\u00e0 per errore nella settimana, anche quando riesco a copiarle dalla settimana prima. Ho impostato le stesse attivit\u00e0 e non sembra necessario aggiungerle nuovamente ogni settimana, dovrei essere in grado di avere una configurazione predefinita. Il pulsante Salva deve essere utilizzato prima di passare una settimana o perderai tutto ci\u00f2 che hai appena fatto.<\/p>\n<p><strong>Devendra &#8220;Ottimo strumento di gestione dei progetti per tutti i settori&#8221;<\/strong><br \/>\n<strong>Pro<\/strong>: Interfaccia molto facile da usare. Facile da comprendere e assegnare compiti ai colleghi. Le schede e le fasi aiutano a gestire i progetti in modo efficace<br \/>\n<strong>Contro<\/strong>: Il software \u00e8 troppo costoso per il tempo che fa risparmiare. Ci\u00f2 lo rende un\u2019alternativa con un minor rapporto qualit\u00e0-prezzo sul mercato<\/p>\n<p><strong>David &#8220;Monitoraggio di attivit\u00e0\/progetti basato sul Web facile da usare.&#8221;<\/strong><br \/>\n<strong>Commenti<\/strong>: Tutte le parti dell&#8217;azienda hanno visibilit\u00e0 sullo stato dei progetti. Non solo i project manager.<br \/>\n<strong>Pro<\/strong>: Facilit\u00e0 d&#8217;uso per i responsabili non di progetto e le persone non tecniche. L&#8217;app per dispositivi mobili rispecchia fedelmente il Web (per l&#8217;uso in Board).<br \/>\n<strong>Contro<\/strong>: Vengo dal progetto MSFT, quindi sono abituato a un set di funzionalit\u00e0 pi\u00f9 ricco. \u00c8 difficile gestire pi\u00f9 progetti, non potendo legarli insieme all&#8217;interno del PP. Ad esempio, gli spazi di lavoro alimentano una roadmap globale. Voglio davvero che i documenti facciano riferimento alle nostre librerie Sharepoint esistenti piuttosto che su PP o onedrive.<\/p>\n","protected":false},"excerpt":{"rendered":"<p>Projectplace \u00e8 una soluzione di collaborazione e gestione dei progetti, basata su cloud, che aiuta le organizzazioni a eseguire progetti e a monitorare i loro progressi in modo efficiente. Offre una variet\u00e0 di funzionalit\u00e0 tra cui lavagne Kanban, diagrammi di Gantt, calendari, elenchi di cose da fare e dashboard di progetto.<\/p>\n","protected":false},"author":19,"featured_media":72331,"parent":71820,"menu_order":0,"comment_status":"open","ping_status":"closed","template":"g1_template_page_review_new.php","meta":{"_acf_changed":false,"cwp_meta_box_check":"Yes","cwp_rev_product_name":"","cwp_rev_product_image":"","wppr_links":[],"cwp_rev_price":"0.00","wppr_options":[{"name":"Usability","value":"0"},{"name":"Speed","value":"0"},{"name":"Features","value":"0"},{"name":"Support","value":"0"},{"name":"Pricing","value":"0"}],"wppr_pros":["","","","",""],"wppr_cons":["","","","",""],"_monsterinsights_skip_tracking":false,"_monsterinsights_sitenote_active":false,"_monsterinsights_sitenote_note":"","_monsterinsights_sitenote_category":0,"footnotes":""},"categories":[2892],"tags":[2916,2992,14666,14656,14658,14705,2989,2985,2990,2984],"features":[],"class_list":{"0":"post-72329","1":"page","2":"type-page","3":"status-publish","4":"has-post-thumbnail","6":"category-gestionale-per-progetti-agile","7":"tag-gestionale-agile","8":"tag-piattaforma-gestionale-agile","9":"tag-piattaforma-gestionale-progetti-agile","10":"tag-programma-gestionale-agile","11":"tag-programma-gestionale-progetti-agile","12":"tag-projectplace","13":"tag-software-gestionale-agile","14":"tag-software-gestionale-progetti-agile","15":"tag-soluzione-gestionale-agile","16":"tag-soluzione-gestionale-progetti-agile"},"wppr_data":{"cwp_meta_box_check":"Yes","_wppr_review_template":"default","cwp_rev_product_image":"","cwp_image_link":"image","wppr_links":[],"cwp_rev_price":"0.00","wppr_pros":["","","","",""],"wppr_cons":["","","","",""],"wppr_rating":"0.00","wppr_options":{"1":{"name":"Usability","value":"0"},"2":{"name":"Speed","value":"0"},"3":{"name":"Features","value":"0"},"4":{"name":"Support","value":"0"},"5":{"name":"Pricing","value":"0"}},"wppr_review_type":"Product","wppr_review_custom_fields":{"additionalProperty":"","additionalType":"","aggregateRating":"","alternateName":"","audience":"","award":"","awards":"","brand":"","color":"","depth":"","description":"","disambiguatingDescription":"","gtin12":"","gtin13":"","gtin14":"","gtin8":"","height":"","identifier":"","image":"","isAccessoryOrSparePartFor":"","isConsumableFor":"","isRelatedTo":"","isSimilarTo":"","itemCondition":"","logo":"","mainEntityOfPage":"","manufacturer":"","material":"","model":"","mpn":"","name":"","offers":"","potentialAction":"","productID":"","productionDate":"","purchaseDate":"","releaseDate":"","review":"","reviews":"","sameAs":"","sku":"","slogan":"","subjectOf":"","url":"","weight":"","width":""}},"acf":[],"yoast_head":"<!-- This site is optimized with the Yoast SEO plugin v27.4 - https:\/\/yoast.com\/product\/yoast-seo-wordpress\/ -->\n<title>Projectplace: recensione software gestionale progetti Agile - Accurate Reviews<\/title>\n<meta name=\"description\" content=\"Projectplace: recensione soluzione di gestione dei progetti che aiuta a eseguire progetti e a monitorare i progressi in modo efficiente.\" \/>\n<meta name=\"robots\" content=\"index, follow, max-snippet:-1, max-image-preview:large, max-video-preview:-1\" \/>\n<link rel=\"canonical\" href=\"https:\/\/www.accuratereviews.com\/it\/software-progetti-agile\/projectplace-recensione\/\" \/>\n<meta property=\"og:locale\" content=\"it_IT\" \/>\n<meta property=\"og:type\" content=\"article\" \/>\n<meta property=\"og:title\" content=\"Projectplace: recensione software gestionale progetti Agile - Accurate Reviews\" \/>\n<meta property=\"og:description\" content=\"Projectplace: recensione soluzione di gestione dei progetti che aiuta a eseguire progetti e a monitorare i progressi in modo efficiente.\" \/>\n<meta property=\"og:url\" content=\"https:\/\/www.accuratereviews.com\/it\/software-progetti-agile\/projectplace-recensione\/\" \/>\n<meta property=\"og:site_name\" content=\"Accurate Reviews\" \/>\n<meta property=\"og:image\" content=\"https:\/\/www.accuratereviews.com\/wp-content\/uploads\/2023\/10\/Planview-ProjectPlace.png\" \/>\n\t<meta property=\"og:image:width\" content=\"800\" \/>\n\t<meta property=\"og:image:height\" content=\"403\" \/>\n\t<meta property=\"og:image:type\" content=\"image\/png\" \/>\n<meta name=\"twitter:card\" content=\"summary_large_image\" \/>\n<meta name=\"twitter:label1\" content=\"Tempo di lettura stimato\" \/>\n\t<meta name=\"twitter:data1\" content=\"4 minuti\" \/>\n<script type=\"application\/ld+json\" class=\"yoast-schema-graph\">{\"@context\":\"https:\\\/\\\/schema.org\",\"@graph\":[{\"@type\":\"WebPage\",\"@id\":\"https:\\\/\\\/www.accuratereviews.com\\\/it\\\/software-progetti-agile\\\/projectplace-recensione\\\/\",\"url\":\"https:\\\/\\\/www.accuratereviews.com\\\/it\\\/software-progetti-agile\\\/projectplace-recensione\\\/\",\"name\":\"Projectplace: recensione software gestionale progetti Agile - Accurate Reviews\",\"isPartOf\":{\"@id\":\"https:\\\/\\\/www.accuratereviews.com\\\/it\\\/#website\"},\"primaryImageOfPage\":{\"@id\":\"https:\\\/\\\/www.accuratereviews.com\\\/it\\\/software-progetti-agile\\\/projectplace-recensione\\\/#primaryimage\"},\"image\":{\"@id\":\"https:\\\/\\\/www.accuratereviews.com\\\/it\\\/software-progetti-agile\\\/projectplace-recensione\\\/#primaryimage\"},\"thumbnailUrl\":\"https:\\\/\\\/www.accuratereviews.com\\\/wp-content\\\/uploads\\\/2023\\\/10\\\/Planview-ProjectPlace.png\",\"datePublished\":\"2023-10-17T12:39:27+00:00\",\"description\":\"Projectplace: recensione soluzione di gestione dei progetti che aiuta a eseguire progetti e a monitorare i progressi in modo efficiente.\",\"breadcrumb\":{\"@id\":\"https:\\\/\\\/www.accuratereviews.com\\\/it\\\/software-progetti-agile\\\/projectplace-recensione\\\/#breadcrumb\"},\"inLanguage\":\"it-IT\",\"potentialAction\":[{\"@type\":\"ReadAction\",\"target\":[\"https:\\\/\\\/www.accuratereviews.com\\\/it\\\/software-progetti-agile\\\/projectplace-recensione\\\/\"]}]},{\"@type\":\"ImageObject\",\"inLanguage\":\"it-IT\",\"@id\":\"https:\\\/\\\/www.accuratereviews.com\\\/it\\\/software-progetti-agile\\\/projectplace-recensione\\\/#primaryimage\",\"url\":\"https:\\\/\\\/www.accuratereviews.com\\\/wp-content\\\/uploads\\\/2023\\\/10\\\/Planview-ProjectPlace.png\",\"contentUrl\":\"https:\\\/\\\/www.accuratereviews.com\\\/wp-content\\\/uploads\\\/2023\\\/10\\\/Planview-ProjectPlace.png\",\"width\":800,\"height\":403},{\"@type\":\"BreadcrumbList\",\"@id\":\"https:\\\/\\\/www.accuratereviews.com\\\/it\\\/software-progetti-agile\\\/projectplace-recensione\\\/#breadcrumb\",\"itemListElement\":[{\"@type\":\"ListItem\",\"position\":1,\"name\":\"Home\",\"item\":\"https:\\\/\\\/www.accuratereviews.com\\\/it\\\/\"},{\"@type\":\"ListItem\",\"position\":2,\"name\":\"Software progetti Agile\",\"item\":\"https:\\\/\\\/www.accuratereviews.com\\\/it\\\/software-progetti-agile\\\/\"},{\"@type\":\"ListItem\",\"position\":3,\"name\":\"Projectplace\"}]},{\"@type\":\"WebSite\",\"@id\":\"https:\\\/\\\/www.accuratereviews.com\\\/it\\\/#website\",\"url\":\"https:\\\/\\\/www.accuratereviews.com\\\/it\\\/\",\"name\":\"Accurate Reviews\",\"description\":\"\",\"potentialAction\":[{\"@type\":\"SearchAction\",\"target\":{\"@type\":\"EntryPoint\",\"urlTemplate\":\"https:\\\/\\\/www.accuratereviews.com\\\/it\\\/?s={search_term_string}\"},\"query-input\":{\"@type\":\"PropertyValueSpecification\",\"valueRequired\":true,\"valueName\":\"search_term_string\"}}],\"inLanguage\":\"it-IT\"}]}<\/script>\n<!-- \/ Yoast SEO plugin. -->","yoast_head_json":{"title":"Projectplace: recensione software gestionale progetti Agile - Accurate Reviews","description":"Projectplace: recensione soluzione di gestione dei progetti che aiuta a eseguire progetti e a monitorare i progressi in modo efficiente.","robots":{"index":"index","follow":"follow","max-snippet":"max-snippet:-1","max-image-preview":"max-image-preview:large","max-video-preview":"max-video-preview:-1"},"canonical":"https:\/\/www.accuratereviews.com\/it\/software-progetti-agile\/projectplace-recensione\/","og_locale":"it_IT","og_type":"article","og_title":"Projectplace: recensione software gestionale progetti Agile - Accurate Reviews","og_description":"Projectplace: recensione soluzione di gestione dei progetti che aiuta a eseguire progetti e a monitorare i progressi in modo efficiente.","og_url":"https:\/\/www.accuratereviews.com\/it\/software-progetti-agile\/projectplace-recensione\/","og_site_name":"Accurate Reviews","og_image":[{"width":800,"height":403,"url":"https:\/\/www.accuratereviews.com\/wp-content\/uploads\/2023\/10\/Planview-ProjectPlace.png","type":"image\/png"}],"twitter_card":"summary_large_image","twitter_misc":{"Tempo di lettura stimato":"4 minuti"},"schema":{"@context":"https:\/\/schema.org","@graph":[{"@type":"WebPage","@id":"https:\/\/www.accuratereviews.com\/it\/software-progetti-agile\/projectplace-recensione\/","url":"https:\/\/www.accuratereviews.com\/it\/software-progetti-agile\/projectplace-recensione\/","name":"Projectplace: recensione software gestionale progetti Agile - Accurate Reviews","isPartOf":{"@id":"https:\/\/www.accuratereviews.com\/it\/#website"},"primaryImageOfPage":{"@id":"https:\/\/www.accuratereviews.com\/it\/software-progetti-agile\/projectplace-recensione\/#primaryimage"},"image":{"@id":"https:\/\/www.accuratereviews.com\/it\/software-progetti-agile\/projectplace-recensione\/#primaryimage"},"thumbnailUrl":"https:\/\/www.accuratereviews.com\/wp-content\/uploads\/2023\/10\/Planview-ProjectPlace.png","datePublished":"2023-10-17T12:39:27+00:00","description":"Projectplace: recensione soluzione di gestione dei progetti che aiuta a eseguire progetti e a monitorare i progressi in modo efficiente.","breadcrumb":{"@id":"https:\/\/www.accuratereviews.com\/it\/software-progetti-agile\/projectplace-recensione\/#breadcrumb"},"inLanguage":"it-IT","potentialAction":[{"@type":"ReadAction","target":["https:\/\/www.accuratereviews.com\/it\/software-progetti-agile\/projectplace-recensione\/"]}]},{"@type":"ImageObject","inLanguage":"it-IT","@id":"https:\/\/www.accuratereviews.com\/it\/software-progetti-agile\/projectplace-recensione\/#primaryimage","url":"https:\/\/www.accuratereviews.com\/wp-content\/uploads\/2023\/10\/Planview-ProjectPlace.png","contentUrl":"https:\/\/www.accuratereviews.com\/wp-content\/uploads\/2023\/10\/Planview-ProjectPlace.png","width":800,"height":403},{"@type":"BreadcrumbList","@id":"https:\/\/www.accuratereviews.com\/it\/software-progetti-agile\/projectplace-recensione\/#breadcrumb","itemListElement":[{"@type":"ListItem","position":1,"name":"Home","item":"https:\/\/www.accuratereviews.com\/it\/"},{"@type":"ListItem","position":2,"name":"Software progetti Agile","item":"https:\/\/www.accuratereviews.com\/it\/software-progetti-agile\/"},{"@type":"ListItem","position":3,"name":"Projectplace"}]},{"@type":"WebSite","@id":"https:\/\/www.accuratereviews.com\/it\/#website","url":"https:\/\/www.accuratereviews.com\/it\/","name":"Accurate Reviews","description":"","potentialAction":[{"@type":"SearchAction","target":{"@type":"EntryPoint","urlTemplate":"https:\/\/www.accuratereviews.com\/it\/?s={search_term_string}"},"query-input":{"@type":"PropertyValueSpecification","valueRequired":true,"valueName":"search_term_string"}}],"inLanguage":"it-IT"}]}},"_links":{"self":[{"href":"https:\/\/www.accuratereviews.com\/it\/wp-json\/wp\/v2\/pages\/72329","targetHints":{"allow":["GET"]}}],"collection":[{"href":"https:\/\/www.accuratereviews.com\/it\/wp-json\/wp\/v2\/pages"}],"about":[{"href":"https:\/\/www.accuratereviews.com\/it\/wp-json\/wp\/v2\/types\/page"}],"author":[{"embeddable":true,"href":"https:\/\/www.accuratereviews.com\/it\/wp-json\/wp\/v2\/users\/19"}],"replies":[{"embeddable":true,"href":"https:\/\/www.accuratereviews.com\/it\/wp-json\/wp\/v2\/comments?post=72329"}],"version-history":[{"count":7,"href":"https:\/\/www.accuratereviews.com\/it\/wp-json\/wp\/v2\/pages\/72329\/revisions"}],"predecessor-version":[{"id":72344,"href":"https:\/\/www.accuratereviews.com\/it\/wp-json\/wp\/v2\/pages\/72329\/revisions\/72344"}],"up":[{"embeddable":true,"href":"https:\/\/www.accuratereviews.com\/it\/wp-json\/wp\/v2\/pages\/71820"}],"wp:featuredmedia":[{"embeddable":true,"href":"https:\/\/www.accuratereviews.com\/it\/wp-json\/wp\/v2\/media\/72331"}],"wp:attachment":[{"href":"https:\/\/www.accuratereviews.com\/it\/wp-json\/wp\/v2\/media?parent=72329"}],"wp:term":[{"taxonomy":"category","embeddable":true,"href":"https:\/\/www.accuratereviews.com\/it\/wp-json\/wp\/v2\/categories?post=72329"},{"taxonomy":"post_tag","embeddable":true,"href":"https:\/\/www.accuratereviews.com\/it\/wp-json\/wp\/v2\/tags?post=72329"},{"taxonomy":"features","embeddable":true,"href":"https:\/\/www.accuratereviews.com\/it\/wp-json\/wp\/v2\/features?post=72329"}],"curies":[{"name":"wp","href":"https:\/\/api.w.org\/{rel}","templated":true}]}}