{"id":72345,"date":"2023-10-18T17:33:07","date_gmt":"2023-10-18T17:33:07","guid":{"rendered":"https:\/\/www.accuratereviews.com\/?page_id=72345"},"modified":"2023-10-19T10:05:30","modified_gmt":"2023-10-19T10:05:30","slug":"awork-recensione","status":"publish","type":"page","link":"https:\/\/www.accuratereviews.com\/it\/software-progetti-agile\/awork-recensione\/","title":{"rendered":"Awork"},"content":{"rendered":"<p><strong>Awork<\/strong> \u00e8 lo <strong>strumento di gestione del lavoro<\/strong> per una facile collaborazione: intuitivo e user-friendly. Raggruppa tutte le cose da fare e i dati di progetto in un unico posto, sempre e ovunque disponibili, anche nell&#8217;ufficio di casa o in una riunione con il cliente. La gestione rimane semplice e intuitiva. Cos\u00ec puoi tenere traccia di progetti complessi e numerosi clienti. Pianifica il tuo team e coordina facilmente tutti i progetti in un lavoro.<br \/>\nIl software\u00a0combina la pianificazione del progetto con il calendario personale del tuo team. In questo modo sai sempre quanto \u00e8 impegnato il tuo team, chi sta lavorando attualmente su cosa e quando sono programmate le ferie. I conflitti nei tuoi progetti sono immediatamente visibili nella panoramica del carico di lavoro. In questo modo puoi decidere immediatamente chi pu\u00f2 farsi carico delle cose urgenti e se avete ancora risorse per un nuovo progetto.<\/p>\n<h2>AWORK &#8211; TUTORIAL<\/h2>\n<div id=\"fluid-wrapper-counter-1\" class=\"g1-fluid-wrapper \" style=\"width:686px;\">\n<div style=\"padding-bottom:56.268221574344%;\"><iframe loading=\"lazy\" title=\"Zeiterfassung in awork\" width=\"686\" height=\"386\" src=\"https:\/\/www.youtube.com\/embed\/B_vTJ-RJ1q8?feature=oembed&amp;wmode=transparent&amp;autohide=1&amp;autoplay=0&amp;disablekb=0&amp;fs=1&amp;loop=0&amp;enablejsapi=1&amp;rel=0&amp;controls=2&amp;showinfo=0&amp;wmode=transparent&amp;autohide=2&amp;autoplay=0&amp;disablekb=0&amp;fs=1&amp;loop=0&amp;enablejsapi=1&amp;rel=0&amp;controls=2&amp;showinfo=1\" frameborder=\"0\" allow=\"accelerometer; autoplay; clipboard-write; encrypted-media; gyroscope; picture-in-picture; web-share\" allowfullscreen><\/iframe><\/div>\n<\/div>\n<h3>AWORK &#8211; CARATTERISTICHE<\/h3>\n<ul>\n<li>Integra un lavoro con il tuo strumento di comunicazione preferito per tenere tutti aggiornati, interagire con nuove attivit\u00e0 e gestire un lavoro direttamente dalla tua chat.<\/li>\n<li>Trasferisci i tempi tracciati al tuo software di fatturazione preferito con pochi clic. Risparmia tempo con un processo automatizzato e affidabile per i progetti dei tuoi clienti.<\/li>\n<li>Collega un lavoro al tuo stack di strumenti e porta la tua efficienza a un livello superiore: non sono richieste competenze di programmazione.<\/li>\n<li>Combina la gestione dei progetti con i calendari dei tuoi team per una pianificazione della capacit\u00e0 molto pi\u00f9 accurata.<\/li>\n<li>D\u00ec addio al caos dei documenti collegando i pi\u00f9 diffusi servizi di file hosting con il programma. Per il controllo completo e una facile panoramica dei file di progetto.<\/li>\n<li>Con la tecnologia SSO, puoi autenticarti in modo rapido e sicuro su tutte le tue applicazioni e siti Web.<\/li>\n<li>Trasformare il modo in cui i team lavorano con flussi di lavoro perfettamente realizzati.<\/li>\n<li>Processi senza soluzione di continuit\u00e0 per un felice lavoro di squadra.<\/li>\n<li>Consentire ai singoli individui di brillare all&#8217;interno dei loro team.<\/li>\n<li>Rilasciano regolarmente aggiornamenti, pieni di nuove funzionalit\u00e0 e miglioramenti. Per la cronologia delle versioni, visita il Centro assistenza.<\/li>\n<\/ul>\n<h4>LA RECENSIONE DEGLI UTENTI<\/h4>\n<p><strong>Catarina &#8220;\u00c8 divertente!&#8221;<\/strong><br \/>\n<strong>Commenti<\/strong>: \u00c8 fantastico che il nostro elenco generale dei lavori nella panoramica delle attivit\u00e0 sia sempre aggiornato automaticamente.<br \/>\n<strong>Pro<\/strong>: Abbiamo particolarmente apprezzato la gestione intuitiva e il semplice filtraggio delle attivit\u00e0 nella panoramica delle attivit\u00e0. Il supporto \u00e8 stato molto utile e veloce e i video di YouTube ti aiutano davvero a conoscere meglio il programma e a scoprire funzioni aggiuntive. Il design \u00e8 divertente!<br \/>\n<strong>Contro<\/strong>: Abbiamo trovato l&#8217;integrazione di Slack piuttosto complicata. Pensiamo anche che sia un peccato non poter assegnare compiti a pi\u00f9 persone o a un team di progetto.<\/p>\n<p><strong>Alex &#8220;Molte funzioni ma comunque un layout semplice&#8221;<\/strong><br \/>\n<strong>Commenti<\/strong>: Finora ci piace davvero un lavoro. Anche il monitoraggio del tempo \u00e8 ottimo.<br \/>\n<strong>Pro<\/strong>: Trovo che il software sia abbastanza facile da usare. Le attivit\u00e0 e i progetti sono facili da creare e mi piace che ci sia una modalit\u00e0 offline.<br \/>\n<strong>Contro<\/strong>: Quando ho creato la prima attivit\u00e0, non ho potuto impostare uno stato. Ha funzionato solo dopo aver effettuato nuovamente l&#8217;accesso.<\/p>\n<p><strong>Philipp &#8220;Un lavoro per aziende creative da 10-20 persone&#8221;<\/strong><br \/>\n<strong>Pro<\/strong>: ha tutto ci\u00f2 di cui hai bisogno quando lavori in un&#8217;azienda creativa con un massimo di 20 persone o pi\u00f9: non \u00e8 complicato ed \u00e8 facile da usare.<br \/>\n<strong>Contro<\/strong>: Non esiste un&#8217;app OSX: devi usarla nel browser<\/p>\n","protected":false},"excerpt":{"rendered":"<p>Awork \u00e8 lo strumento di gestione del lavoro per una facile collaborazione: intuitivo e user-friendly. Raggruppa tutte le cose da fare e i dati di progetto in un unico posto, sempre e ovunque disponibili, anche nell&#8217;ufficio di casa o in una riunione con il cliente. La gestione rimane semplice e intuitiva. Cos\u00ec puoi tenere traccia di progetti complessi e numerosi clienti.<\/p>\n","protected":false},"author":19,"featured_media":72346,"parent":71820,"menu_order":0,"comment_status":"open","ping_status":"closed","template":"g1_template_page_review_new.php","meta":{"_acf_changed":false,"cwp_meta_box_check":"No","cwp_rev_product_name":"","cwp_rev_product_image":"","wppr_links":[],"cwp_rev_price":"","wppr_options":[],"wppr_pros":[],"wppr_cons":[],"_monsterinsights_skip_tracking":false,"_monsterinsights_sitenote_active":false,"_monsterinsights_sitenote_note":"","_monsterinsights_sitenote_category":0,"footnotes":""},"categories":[2892],"tags":[14706,2916,2992,14666,14656,14658,2989,2985,2990,2984],"features":[],"class_list":{"0":"post-72345","1":"page","2":"type-page","3":"status-publish","4":"has-post-thumbnail","6":"category-gestionale-per-progetti-agile","7":"tag-awork","8":"tag-gestionale-agile","9":"tag-piattaforma-gestionale-agile","10":"tag-piattaforma-gestionale-progetti-agile","11":"tag-programma-gestionale-agile","12":"tag-programma-gestionale-progetti-agile","13":"tag-software-gestionale-agile","14":"tag-software-gestionale-progetti-agile","15":"tag-soluzione-gestionale-agile","16":"tag-soluzione-gestionale-progetti-agile"},"wppr_data":{"cwp_meta_box_check":"No"},"acf":[],"yoast_head":"<!-- This site is optimized with the Yoast SEO plugin v27.4 - https:\/\/yoast.com\/product\/yoast-seo-wordpress\/ -->\n<title>Awork: recensione software gestionale progetti agile - Accurate Reviews<\/title>\n<meta name=\"description\" content=\"Awork: recensione strumento di gestione del lavoro per una facile collaborazione: intuitivo e user-friendly.\" \/>\n<meta name=\"robots\" content=\"index, follow, max-snippet:-1, max-image-preview:large, max-video-preview:-1\" \/>\n<link rel=\"canonical\" href=\"https:\/\/www.accuratereviews.com\/it\/software-progetti-agile\/awork-recensione\/\" \/>\n<meta property=\"og:locale\" content=\"it_IT\" \/>\n<meta property=\"og:type\" content=\"article\" \/>\n<meta property=\"og:title\" content=\"Awork: recensione software gestionale progetti agile - Accurate Reviews\" \/>\n<meta property=\"og:description\" content=\"Awork: recensione strumento di gestione del lavoro per una facile collaborazione: intuitivo e user-friendly.\" \/>\n<meta property=\"og:url\" content=\"https:\/\/www.accuratereviews.com\/it\/software-progetti-agile\/awork-recensione\/\" \/>\n<meta property=\"og:site_name\" content=\"Accurate Reviews\" \/>\n<meta property=\"article:modified_time\" content=\"2023-10-19T10:05:30+00:00\" \/>\n<meta property=\"og:image\" content=\"https:\/\/www.accuratereviews.com\/wp-content\/uploads\/2023\/10\/Awork.png\" \/>\n\t<meta property=\"og:image:width\" content=\"1200\" \/>\n\t<meta property=\"og:image:height\" content=\"628\" \/>\n\t<meta property=\"og:image:type\" content=\"image\/png\" \/>\n<meta name=\"twitter:card\" content=\"summary_large_image\" \/>\n<meta name=\"twitter:label1\" content=\"Tempo di lettura stimato\" \/>\n\t<meta name=\"twitter:data1\" content=\"4 minuti\" \/>\n<script type=\"application\/ld+json\" class=\"yoast-schema-graph\">{\"@context\":\"https:\\\/\\\/schema.org\",\"@graph\":[{\"@type\":\"WebPage\",\"@id\":\"https:\\\/\\\/www.accuratereviews.com\\\/it\\\/software-progetti-agile\\\/awork-recensione\\\/\",\"url\":\"https:\\\/\\\/www.accuratereviews.com\\\/it\\\/software-progetti-agile\\\/awork-recensione\\\/\",\"name\":\"Awork: recensione software gestionale progetti agile - Accurate Reviews\",\"isPartOf\":{\"@id\":\"https:\\\/\\\/www.accuratereviews.com\\\/it\\\/#website\"},\"primaryImageOfPage\":{\"@id\":\"https:\\\/\\\/www.accuratereviews.com\\\/it\\\/software-progetti-agile\\\/awork-recensione\\\/#primaryimage\"},\"image\":{\"@id\":\"https:\\\/\\\/www.accuratereviews.com\\\/it\\\/software-progetti-agile\\\/awork-recensione\\\/#primaryimage\"},\"thumbnailUrl\":\"https:\\\/\\\/www.accuratereviews.com\\\/wp-content\\\/uploads\\\/2023\\\/10\\\/Awork.png\",\"datePublished\":\"2023-10-18T17:33:07+00:00\",\"dateModified\":\"2023-10-19T10:05:30+00:00\",\"description\":\"Awork: recensione strumento di gestione del lavoro per una facile collaborazione: intuitivo e user-friendly.\",\"breadcrumb\":{\"@id\":\"https:\\\/\\\/www.accuratereviews.com\\\/it\\\/software-progetti-agile\\\/awork-recensione\\\/#breadcrumb\"},\"inLanguage\":\"it-IT\",\"potentialAction\":[{\"@type\":\"ReadAction\",\"target\":[\"https:\\\/\\\/www.accuratereviews.com\\\/it\\\/software-progetti-agile\\\/awork-recensione\\\/\"]}]},{\"@type\":\"ImageObject\",\"inLanguage\":\"it-IT\",\"@id\":\"https:\\\/\\\/www.accuratereviews.com\\\/it\\\/software-progetti-agile\\\/awork-recensione\\\/#primaryimage\",\"url\":\"https:\\\/\\\/www.accuratereviews.com\\\/wp-content\\\/uploads\\\/2023\\\/10\\\/Awork.png\",\"contentUrl\":\"https:\\\/\\\/www.accuratereviews.com\\\/wp-content\\\/uploads\\\/2023\\\/10\\\/Awork.png\",\"width\":1200,\"height\":628},{\"@type\":\"BreadcrumbList\",\"@id\":\"https:\\\/\\\/www.accuratereviews.com\\\/it\\\/software-progetti-agile\\\/awork-recensione\\\/#breadcrumb\",\"itemListElement\":[{\"@type\":\"ListItem\",\"position\":1,\"name\":\"Home\",\"item\":\"https:\\\/\\\/www.accuratereviews.com\\\/it\\\/\"},{\"@type\":\"ListItem\",\"position\":2,\"name\":\"Software progetti Agile\",\"item\":\"https:\\\/\\\/www.accuratereviews.com\\\/it\\\/software-progetti-agile\\\/\"},{\"@type\":\"ListItem\",\"position\":3,\"name\":\"Awork\"}]},{\"@type\":\"WebSite\",\"@id\":\"https:\\\/\\\/www.accuratereviews.com\\\/it\\\/#website\",\"url\":\"https:\\\/\\\/www.accuratereviews.com\\\/it\\\/\",\"name\":\"Accurate Reviews\",\"description\":\"\",\"potentialAction\":[{\"@type\":\"SearchAction\",\"target\":{\"@type\":\"EntryPoint\",\"urlTemplate\":\"https:\\\/\\\/www.accuratereviews.com\\\/it\\\/?s={search_term_string}\"},\"query-input\":{\"@type\":\"PropertyValueSpecification\",\"valueRequired\":true,\"valueName\":\"search_term_string\"}}],\"inLanguage\":\"it-IT\"}]}<\/script>\n<!-- \/ Yoast SEO plugin. -->","yoast_head_json":{"title":"Awork: recensione software gestionale progetti agile - Accurate Reviews","description":"Awork: recensione strumento di gestione del lavoro per una facile collaborazione: intuitivo e user-friendly.","robots":{"index":"index","follow":"follow","max-snippet":"max-snippet:-1","max-image-preview":"max-image-preview:large","max-video-preview":"max-video-preview:-1"},"canonical":"https:\/\/www.accuratereviews.com\/it\/software-progetti-agile\/awork-recensione\/","og_locale":"it_IT","og_type":"article","og_title":"Awork: recensione software gestionale progetti agile - Accurate Reviews","og_description":"Awork: recensione strumento di gestione del lavoro per una facile collaborazione: intuitivo e user-friendly.","og_url":"https:\/\/www.accuratereviews.com\/it\/software-progetti-agile\/awork-recensione\/","og_site_name":"Accurate Reviews","article_modified_time":"2023-10-19T10:05:30+00:00","og_image":[{"width":1200,"height":628,"url":"https:\/\/www.accuratereviews.com\/wp-content\/uploads\/2023\/10\/Awork.png","type":"image\/png"}],"twitter_card":"summary_large_image","twitter_misc":{"Tempo di lettura stimato":"4 minuti"},"schema":{"@context":"https:\/\/schema.org","@graph":[{"@type":"WebPage","@id":"https:\/\/www.accuratereviews.com\/it\/software-progetti-agile\/awork-recensione\/","url":"https:\/\/www.accuratereviews.com\/it\/software-progetti-agile\/awork-recensione\/","name":"Awork: recensione software gestionale progetti agile - Accurate Reviews","isPartOf":{"@id":"https:\/\/www.accuratereviews.com\/it\/#website"},"primaryImageOfPage":{"@id":"https:\/\/www.accuratereviews.com\/it\/software-progetti-agile\/awork-recensione\/#primaryimage"},"image":{"@id":"https:\/\/www.accuratereviews.com\/it\/software-progetti-agile\/awork-recensione\/#primaryimage"},"thumbnailUrl":"https:\/\/www.accuratereviews.com\/wp-content\/uploads\/2023\/10\/Awork.png","datePublished":"2023-10-18T17:33:07+00:00","dateModified":"2023-10-19T10:05:30+00:00","description":"Awork: recensione strumento di gestione del lavoro per una facile collaborazione: intuitivo e user-friendly.","breadcrumb":{"@id":"https:\/\/www.accuratereviews.com\/it\/software-progetti-agile\/awork-recensione\/#breadcrumb"},"inLanguage":"it-IT","potentialAction":[{"@type":"ReadAction","target":["https:\/\/www.accuratereviews.com\/it\/software-progetti-agile\/awork-recensione\/"]}]},{"@type":"ImageObject","inLanguage":"it-IT","@id":"https:\/\/www.accuratereviews.com\/it\/software-progetti-agile\/awork-recensione\/#primaryimage","url":"https:\/\/www.accuratereviews.com\/wp-content\/uploads\/2023\/10\/Awork.png","contentUrl":"https:\/\/www.accuratereviews.com\/wp-content\/uploads\/2023\/10\/Awork.png","width":1200,"height":628},{"@type":"BreadcrumbList","@id":"https:\/\/www.accuratereviews.com\/it\/software-progetti-agile\/awork-recensione\/#breadcrumb","itemListElement":[{"@type":"ListItem","position":1,"name":"Home","item":"https:\/\/www.accuratereviews.com\/it\/"},{"@type":"ListItem","position":2,"name":"Software progetti Agile","item":"https:\/\/www.accuratereviews.com\/it\/software-progetti-agile\/"},{"@type":"ListItem","position":3,"name":"Awork"}]},{"@type":"WebSite","@id":"https:\/\/www.accuratereviews.com\/it\/#website","url":"https:\/\/www.accuratereviews.com\/it\/","name":"Accurate Reviews","description":"","potentialAction":[{"@type":"SearchAction","target":{"@type":"EntryPoint","urlTemplate":"https:\/\/www.accuratereviews.com\/it\/?s={search_term_string}"},"query-input":{"@type":"PropertyValueSpecification","valueRequired":true,"valueName":"search_term_string"}}],"inLanguage":"it-IT"}]}},"_links":{"self":[{"href":"https:\/\/www.accuratereviews.com\/it\/wp-json\/wp\/v2\/pages\/72345","targetHints":{"allow":["GET"]}}],"collection":[{"href":"https:\/\/www.accuratereviews.com\/it\/wp-json\/wp\/v2\/pages"}],"about":[{"href":"https:\/\/www.accuratereviews.com\/it\/wp-json\/wp\/v2\/types\/page"}],"author":[{"embeddable":true,"href":"https:\/\/www.accuratereviews.com\/it\/wp-json\/wp\/v2\/users\/19"}],"replies":[{"embeddable":true,"href":"https:\/\/www.accuratereviews.com\/it\/wp-json\/wp\/v2\/comments?post=72345"}],"version-history":[{"count":12,"href":"https:\/\/www.accuratereviews.com\/it\/wp-json\/wp\/v2\/pages\/72345\/revisions"}],"predecessor-version":[{"id":72372,"href":"https:\/\/www.accuratereviews.com\/it\/wp-json\/wp\/v2\/pages\/72345\/revisions\/72372"}],"up":[{"embeddable":true,"href":"https:\/\/www.accuratereviews.com\/it\/wp-json\/wp\/v2\/pages\/71820"}],"wp:featuredmedia":[{"embeddable":true,"href":"https:\/\/www.accuratereviews.com\/it\/wp-json\/wp\/v2\/media\/72346"}],"wp:attachment":[{"href":"https:\/\/www.accuratereviews.com\/it\/wp-json\/wp\/v2\/media?parent=72345"}],"wp:term":[{"taxonomy":"category","embeddable":true,"href":"https:\/\/www.accuratereviews.com\/it\/wp-json\/wp\/v2\/categories?post=72345"},{"taxonomy":"post_tag","embeddable":true,"href":"https:\/\/www.accuratereviews.com\/it\/wp-json\/wp\/v2\/tags?post=72345"},{"taxonomy":"features","embeddable":true,"href":"https:\/\/www.accuratereviews.com\/it\/wp-json\/wp\/v2\/features?post=72345"}],"curies":[{"name":"wp","href":"https:\/\/api.w.org\/{rel}","templated":true}]}}