{"id":72362,"date":"2023-10-19T10:33:27","date_gmt":"2023-10-19T10:33:27","guid":{"rendered":"https:\/\/www.accuratereviews.com\/?page_id=72362"},"modified":"2023-10-20T08:01:41","modified_gmt":"2023-10-20T08:01:41","slug":"tuleap-recensione","status":"publish","type":"page","link":"https:\/\/www.accuratereviews.com\/it\/software-progetti-agile\/tuleap-recensione\/","title":{"rendered":"Tuleap"},"content":{"rendered":"<p><strong>Tuleap<\/strong> \u00e8 un <strong>software di gestione dei progetti Agile<\/strong> open source progettato per aiutare le aziende a facilitare la collaborazione tra pi\u00f9 team per fornire software conformi, adottando pratiche DevOps e Agile. Le funzionalit\u00e0 principali includono il monitoraggio dell&#8217;automazione, il connettore Gerrit, la linee base dei requisiti, il controllo delle versioni del codice, la gestione dei test e l&#8217;infrastruttura condivisa.<br \/>\nI project manager che utilizzano <strong>Tuleap<\/strong> possono scegliere gli strumenti per il proprio team, definire gruppi di utenti e autorizzazioni, personalizzare autorizzazioni e strumenti e impostare i flussi di lavoro del team. Permette ai team di esplorare l&#8217;intero ciclo di vita dello sviluppo, dalle idee iniziali alle consegne finali. Inoltre, i dirigenti CEO possono utilizzare la soluzione per ottimizzare le prestazioni aziendali complessive attraverso attivit\u00e0 di ricerca e sviluppo efficaci. Altre caratteristiche di <strong>Tuleap<\/strong> sono: la pianificazione del rilascio, il backlog del prodotto e le metriche Agile.<\/p>\n<h2>TULEAP &#8211; TUTORIAL<\/h2>\n<div id=\"fluid-wrapper-counter-1\" class=\"g1-fluid-wrapper \" style=\"width:686px;\">\n<div style=\"padding-bottom:56.268221574344%;\"><iframe loading=\"lazy\" title=\"Demo Integration Tuleap GitLab\" width=\"686\" height=\"386\" src=\"https:\/\/www.youtube.com\/embed\/-tVEywuknao?feature=oembed&amp;wmode=transparent&amp;autohide=1&amp;autoplay=0&amp;disablekb=0&amp;fs=1&amp;loop=0&amp;enablejsapi=1&amp;rel=0&amp;controls=2&amp;showinfo=0&amp;wmode=transparent&amp;autohide=2&amp;autoplay=0&amp;disablekb=0&amp;fs=1&amp;loop=0&amp;enablejsapi=1&amp;rel=0&amp;controls=2&amp;showinfo=1\" frameborder=\"0\" allow=\"accelerometer; autoplay; clipboard-write; encrypted-media; gyroscope; picture-in-picture; web-share\" allowfullscreen><\/iframe><\/div>\n<\/div>\n<h3>TULEAP &#8211; CARATTERISTICHE<\/h3>\n<ul>\n<li>Organizza il tuo backlog in modo che venga mostrato solo ci\u00f2 che \u00e8 pronto per essere pianificato (storie, bug, requisiti, attivit\u00e0&#8230;)<\/li>\n<li>Raccogli e aggiungi le richieste dei clienti con un clic<\/li>\n<li>Dai priorit\u00e0 alle storie con il drag &#8216;n&#8217; drop<\/li>\n<li>Definisci i tuoi traguardi e la pianificazione della consegna. Ad esempio: sprint individuali, rilasci suddivisi in 4 sprint&#8230;<\/li>\n<li>Controlla la capacit\u00e0 del team in base alla velocit\u00e0 e allo sforzo stimato<\/li>\n<li>Suddividi epiche e storie in compiti pi\u00f9 piccoli<\/li>\n<li>Crea schede Kanban<\/li>\n<li>Dividi il tuo flusso di lavoro in piccole fasi<\/li>\n<li>Limitare il numero di attivit\u00e0 in corso (WIP)<\/li>\n<li>Modifica le carte e apporta modifiche al volo<\/li>\n<li>Configura flussi di lavoro tramite colonne: limitazione per spostare direttamente una scheda dalla colonna \u201cda fare\u201d a \u201cchiusa\u201d<\/li>\n<li>Condividi le schede con tutti limitando gli aggiornamenti a determinati gruppi di utenti: solo il gruppo di utenti &#8220;manutentore&#8221; pu\u00f2 spostare una scheda da &#8220;in revisione&#8221; a &#8220;unisci&#8221;, ad esempio<\/li>\n<li>Personalizza rapidamente e facilmente le tue bacheche Kanban: modifica l&#8217;ordine delle colonne e rinomina i titoli<\/li>\n<li>Migliora il tuo lavoro analizzando i diagrammi di flusso cumulativi che mostrano come si accumulano le attivit\u00e0 e come vengono distribuite nelle fasi del processo<\/li>\n<li>Sii pi\u00f9 efficiente e riduci lo stress concentrandoti su un&#8217;attivit\u00e0 alla volta<\/li>\n<li>Dai la caccia ai colli di bottiglia<\/li>\n<li>Comunica con i colleghi attraverso un&#8217;interfaccia visiva<\/li>\n<li>Crea dashboard personali e di progetto selezionando i widget da un catalogo: scegli tra task board, aggiornamenti di bug, ultimi commit, stato del lavoro, documenti da rivedere e altro ancora<\/li>\n<li>Visualizza tutti i dashboard su un&#8217;unica pagina con la visualizzazione a schede<\/li>\n<li>Controlla lo stato di avanzamento di ogni progetto in un&#8217;unica visualizzazione personalizzabile<\/li>\n<li>Ricevi aggiornamenti automatici solo sulle attivit\u00e0 che ti interessano<\/li>\n<\/ul>\n<h4>LE RECENSIONI DEGLI UTENTI<\/h4>\n<p><strong>Nicholas &#8220;La migliore soluzione per la gestione dei progetti con open source&#8221;<\/strong><br \/>\n<strong>Pro<\/strong>: L&#8217;implementazione agile \u00e8 la caratteristica migliore che consiglierei. La parte di integrazione non \u00e8 difficile quando la terminologia\/conoscenza Agile \u00e8 familiare.<br \/>\n<strong>Contro<\/strong>: Il tempo trascorso nell&#8217;attivit\u00e0 finale dovrebbe riflettersi sulla storia\/attivit\u00e0 che si riflette sulla dashboard che abbiamo selezionato per l&#8217;implementazione Agile.<br \/>\n<strong>Roland &#8220;ottimo software in costante miglioramento&#8221;<\/strong><br \/>\n<strong>Commenti<\/strong>: Consente di gestire facilmente progetti semplici e complessi. \u00c8 molto facile avviare un progetto, anche per un breve periodo di tempo.<br \/>\n<strong>Pro<\/strong>: Rispetto ad esempio a gitLab, Tuleap ti consente di gestire progetti molto pi\u00f9 complessi con diversi repository git, bug tracker, ecc.<br \/>\n<strong>Contro<\/strong>: L&#8217;interfaccia a volte non \u00e8 molto user-friendly (ma in costante miglioramento) e la gestione dei documenti\/file non \u00e8 soddisfacente: nessuna possibilit\u00e0 affidabile di utilizzarlo in cli, scarsa gestione delle versioni e nessuno sharepoint.<br \/>\n<strong>Flavio &#8220;Intuitivo e facile da implementare nei team di sviluppo software&#8221;<\/strong><br \/>\n<strong>Pro<\/strong>: Quando abbiamo adottato Tuleap \u00e8 stato molto semplice migrare e coinvolgere il team.<br \/>\n<strong>Contro<\/strong>: Eseguire aggiornamenti di massa non \u00e8 stato facile da imparare.<\/p>\n","protected":false},"excerpt":{"rendered":"<p>Tuleap \u00e8 un software di gestione dei progetti Agile open source progettato per aiutare le aziende a facilitare la collaborazione tra pi\u00f9 team per fornire software conformi, adottando pratiche DevOps e Agile. Le funzionalit\u00e0 principali includono il monitoraggio dell&#8217;automazione, il connettore Gerrit, la linee base dei requisiti, il controllo delle versioni del codice, la gestione dei test e l&#8217;infrastruttura condivisa.<\/p>\n","protected":false},"author":19,"featured_media":72364,"parent":71820,"menu_order":0,"comment_status":"open","ping_status":"closed","template":"g1_template_page_review_new.php","meta":{"_acf_changed":false,"cwp_meta_box_check":"Yes","cwp_rev_product_name":"","cwp_rev_product_image":"","wppr_links":[],"cwp_rev_price":"0.00","wppr_options":[{"name":"Usability","value":"0"},{"name":"Speed","value":"0"},{"name":"Features","value":"0"},{"name":"Support","value":"0"},{"name":"Pricing","value":"0"}],"wppr_pros":["","","","",""],"wppr_cons":["","","","",""],"_monsterinsights_skip_tracking":false,"_monsterinsights_sitenote_active":false,"_monsterinsights_sitenote_note":"","_monsterinsights_sitenote_category":0,"footnotes":""},"categories":[2892],"tags":[2916,14655,2992,14666,14656,14658,2989,2985,2990,2984,14707],"features":[],"class_list":{"0":"post-72362","1":"page","2":"type-page","3":"status-publish","4":"has-post-thumbnail","6":"category-gestionale-per-progetti-agile","7":"tag-gestionale-agile","8":"tag-gestionale-progetti-agile","9":"tag-piattaforma-gestionale-agile","10":"tag-piattaforma-gestionale-progetti-agile","11":"tag-programma-gestionale-agile","12":"tag-programma-gestionale-progetti-agile","13":"tag-software-gestionale-agile","14":"tag-software-gestionale-progetti-agile","15":"tag-soluzione-gestionale-agile","16":"tag-soluzione-gestionale-progetti-agile","17":"tag-tuleap"},"wppr_data":{"cwp_meta_box_check":"Yes","_wppr_review_template":"default","cwp_rev_product_image":"","cwp_image_link":"image","wppr_links":[],"cwp_rev_price":"0.00","wppr_pros":["","","","",""],"wppr_cons":["","","","",""],"wppr_rating":"0.00","wppr_options":{"1":{"name":"Usability","value":"0"},"2":{"name":"Speed","value":"0"},"3":{"name":"Features","value":"0"},"4":{"name":"Support","value":"0"},"5":{"name":"Pricing","value":"0"}},"wppr_review_type":"Product","wppr_review_custom_fields":{"additionalProperty":"","additionalType":"","aggregateRating":"","alternateName":"","audience":"","award":"","awards":"","brand":"","color":"","depth":"","description":"","disambiguatingDescription":"","gtin12":"","gtin13":"","gtin14":"","gtin8":"","height":"","identifier":"","image":"","isAccessoryOrSparePartFor":"","isConsumableFor":"","isRelatedTo":"","isSimilarTo":"","itemCondition":"","logo":"","mainEntityOfPage":"","manufacturer":"","material":"","model":"","mpn":"","name":"","offers":"","potentialAction":"","productID":"","productionDate":"","purchaseDate":"","releaseDate":"","review":"","reviews":"","sameAs":"","sku":"","slogan":"","subjectOf":"","url":"","weight":"","width":""}},"acf":[],"yoast_head":"<!-- This site is optimized with the Yoast SEO plugin v27.4 - https:\/\/yoast.com\/product\/yoast-seo-wordpress\/ -->\n<title>Tuleap: recensione software gestionale progetti Agile - Accurate Reviews<\/title>\n<meta name=\"description\" content=\"Tuleap: recensione software di gestione dei progetti Agile open source progettato per aiutare aziende a facilitare la collaborazione tra team\" \/>\n<meta name=\"robots\" content=\"index, follow, max-snippet:-1, max-image-preview:large, max-video-preview:-1\" \/>\n<link rel=\"canonical\" href=\"https:\/\/www.accuratereviews.com\/it\/software-progetti-agile\/tuleap-recensione\/\" \/>\n<meta property=\"og:locale\" content=\"it_IT\" \/>\n<meta property=\"og:type\" content=\"article\" \/>\n<meta property=\"og:title\" content=\"Tuleap: recensione software gestionale progetti Agile - Accurate Reviews\" \/>\n<meta property=\"og:description\" content=\"Tuleap: recensione software di gestione dei progetti Agile open source progettato per aiutare aziende a facilitare la collaborazione tra team\" \/>\n<meta property=\"og:url\" content=\"https:\/\/www.accuratereviews.com\/it\/software-progetti-agile\/tuleap-recensione\/\" \/>\n<meta property=\"og:site_name\" content=\"Accurate Reviews\" \/>\n<meta property=\"article:modified_time\" content=\"2023-10-20T08:01:41+00:00\" \/>\n<meta property=\"og:image\" content=\"https:\/\/www.accuratereviews.com\/wp-content\/uploads\/2023\/10\/Tuleap.png\" \/>\n\t<meta property=\"og:image:width\" content=\"893\" \/>\n\t<meta property=\"og:image:height\" content=\"893\" \/>\n\t<meta property=\"og:image:type\" content=\"image\/png\" \/>\n<meta name=\"twitter:card\" content=\"summary_large_image\" \/>\n<meta name=\"twitter:label1\" content=\"Tempo di lettura stimato\" \/>\n\t<meta name=\"twitter:data1\" content=\"4 minuti\" \/>\n<script type=\"application\/ld+json\" class=\"yoast-schema-graph\">{\"@context\":\"https:\\\/\\\/schema.org\",\"@graph\":[{\"@type\":\"WebPage\",\"@id\":\"https:\\\/\\\/www.accuratereviews.com\\\/it\\\/software-progetti-agile\\\/tuleap-recensione\\\/\",\"url\":\"https:\\\/\\\/www.accuratereviews.com\\\/it\\\/software-progetti-agile\\\/tuleap-recensione\\\/\",\"name\":\"Tuleap: recensione software gestionale progetti Agile - Accurate Reviews\",\"isPartOf\":{\"@id\":\"https:\\\/\\\/www.accuratereviews.com\\\/it\\\/#website\"},\"primaryImageOfPage\":{\"@id\":\"https:\\\/\\\/www.accuratereviews.com\\\/it\\\/software-progetti-agile\\\/tuleap-recensione\\\/#primaryimage\"},\"image\":{\"@id\":\"https:\\\/\\\/www.accuratereviews.com\\\/it\\\/software-progetti-agile\\\/tuleap-recensione\\\/#primaryimage\"},\"thumbnailUrl\":\"https:\\\/\\\/www.accuratereviews.com\\\/wp-content\\\/uploads\\\/2023\\\/10\\\/Tuleap.png\",\"datePublished\":\"2023-10-19T10:33:27+00:00\",\"dateModified\":\"2023-10-20T08:01:41+00:00\",\"description\":\"Tuleap: recensione software di gestione dei progetti Agile open source progettato per aiutare aziende a facilitare la collaborazione tra team\",\"breadcrumb\":{\"@id\":\"https:\\\/\\\/www.accuratereviews.com\\\/it\\\/software-progetti-agile\\\/tuleap-recensione\\\/#breadcrumb\"},\"inLanguage\":\"it-IT\",\"potentialAction\":[{\"@type\":\"ReadAction\",\"target\":[\"https:\\\/\\\/www.accuratereviews.com\\\/it\\\/software-progetti-agile\\\/tuleap-recensione\\\/\"]}]},{\"@type\":\"ImageObject\",\"inLanguage\":\"it-IT\",\"@id\":\"https:\\\/\\\/www.accuratereviews.com\\\/it\\\/software-progetti-agile\\\/tuleap-recensione\\\/#primaryimage\",\"url\":\"https:\\\/\\\/www.accuratereviews.com\\\/wp-content\\\/uploads\\\/2023\\\/10\\\/Tuleap.png\",\"contentUrl\":\"https:\\\/\\\/www.accuratereviews.com\\\/wp-content\\\/uploads\\\/2023\\\/10\\\/Tuleap.png\",\"width\":893,\"height\":893},{\"@type\":\"BreadcrumbList\",\"@id\":\"https:\\\/\\\/www.accuratereviews.com\\\/it\\\/software-progetti-agile\\\/tuleap-recensione\\\/#breadcrumb\",\"itemListElement\":[{\"@type\":\"ListItem\",\"position\":1,\"name\":\"Home\",\"item\":\"https:\\\/\\\/www.accuratereviews.com\\\/it\\\/\"},{\"@type\":\"ListItem\",\"position\":2,\"name\":\"Software progetti Agile\",\"item\":\"https:\\\/\\\/www.accuratereviews.com\\\/it\\\/software-progetti-agile\\\/\"},{\"@type\":\"ListItem\",\"position\":3,\"name\":\"Tuleap\"}]},{\"@type\":\"WebSite\",\"@id\":\"https:\\\/\\\/www.accuratereviews.com\\\/it\\\/#website\",\"url\":\"https:\\\/\\\/www.accuratereviews.com\\\/it\\\/\",\"name\":\"Accurate Reviews\",\"description\":\"\",\"potentialAction\":[{\"@type\":\"SearchAction\",\"target\":{\"@type\":\"EntryPoint\",\"urlTemplate\":\"https:\\\/\\\/www.accuratereviews.com\\\/it\\\/?s={search_term_string}\"},\"query-input\":{\"@type\":\"PropertyValueSpecification\",\"valueRequired\":true,\"valueName\":\"search_term_string\"}}],\"inLanguage\":\"it-IT\"}]}<\/script>\n<!-- \/ Yoast SEO plugin. -->","yoast_head_json":{"title":"Tuleap: recensione software gestionale progetti Agile - Accurate Reviews","description":"Tuleap: recensione software di gestione dei progetti Agile open source progettato per aiutare aziende a facilitare la collaborazione tra team","robots":{"index":"index","follow":"follow","max-snippet":"max-snippet:-1","max-image-preview":"max-image-preview:large","max-video-preview":"max-video-preview:-1"},"canonical":"https:\/\/www.accuratereviews.com\/it\/software-progetti-agile\/tuleap-recensione\/","og_locale":"it_IT","og_type":"article","og_title":"Tuleap: recensione software gestionale progetti Agile - Accurate Reviews","og_description":"Tuleap: recensione software di gestione dei progetti Agile open source progettato per aiutare aziende a facilitare la collaborazione tra team","og_url":"https:\/\/www.accuratereviews.com\/it\/software-progetti-agile\/tuleap-recensione\/","og_site_name":"Accurate Reviews","article_modified_time":"2023-10-20T08:01:41+00:00","og_image":[{"width":893,"height":893,"url":"https:\/\/www.accuratereviews.com\/wp-content\/uploads\/2023\/10\/Tuleap.png","type":"image\/png"}],"twitter_card":"summary_large_image","twitter_misc":{"Tempo di lettura stimato":"4 minuti"},"schema":{"@context":"https:\/\/schema.org","@graph":[{"@type":"WebPage","@id":"https:\/\/www.accuratereviews.com\/it\/software-progetti-agile\/tuleap-recensione\/","url":"https:\/\/www.accuratereviews.com\/it\/software-progetti-agile\/tuleap-recensione\/","name":"Tuleap: recensione software gestionale progetti Agile - Accurate Reviews","isPartOf":{"@id":"https:\/\/www.accuratereviews.com\/it\/#website"},"primaryImageOfPage":{"@id":"https:\/\/www.accuratereviews.com\/it\/software-progetti-agile\/tuleap-recensione\/#primaryimage"},"image":{"@id":"https:\/\/www.accuratereviews.com\/it\/software-progetti-agile\/tuleap-recensione\/#primaryimage"},"thumbnailUrl":"https:\/\/www.accuratereviews.com\/wp-content\/uploads\/2023\/10\/Tuleap.png","datePublished":"2023-10-19T10:33:27+00:00","dateModified":"2023-10-20T08:01:41+00:00","description":"Tuleap: recensione software di gestione dei progetti Agile open source progettato per aiutare aziende a facilitare la collaborazione tra team","breadcrumb":{"@id":"https:\/\/www.accuratereviews.com\/it\/software-progetti-agile\/tuleap-recensione\/#breadcrumb"},"inLanguage":"it-IT","potentialAction":[{"@type":"ReadAction","target":["https:\/\/www.accuratereviews.com\/it\/software-progetti-agile\/tuleap-recensione\/"]}]},{"@type":"ImageObject","inLanguage":"it-IT","@id":"https:\/\/www.accuratereviews.com\/it\/software-progetti-agile\/tuleap-recensione\/#primaryimage","url":"https:\/\/www.accuratereviews.com\/wp-content\/uploads\/2023\/10\/Tuleap.png","contentUrl":"https:\/\/www.accuratereviews.com\/wp-content\/uploads\/2023\/10\/Tuleap.png","width":893,"height":893},{"@type":"BreadcrumbList","@id":"https:\/\/www.accuratereviews.com\/it\/software-progetti-agile\/tuleap-recensione\/#breadcrumb","itemListElement":[{"@type":"ListItem","position":1,"name":"Home","item":"https:\/\/www.accuratereviews.com\/it\/"},{"@type":"ListItem","position":2,"name":"Software progetti Agile","item":"https:\/\/www.accuratereviews.com\/it\/software-progetti-agile\/"},{"@type":"ListItem","position":3,"name":"Tuleap"}]},{"@type":"WebSite","@id":"https:\/\/www.accuratereviews.com\/it\/#website","url":"https:\/\/www.accuratereviews.com\/it\/","name":"Accurate Reviews","description":"","potentialAction":[{"@type":"SearchAction","target":{"@type":"EntryPoint","urlTemplate":"https:\/\/www.accuratereviews.com\/it\/?s={search_term_string}"},"query-input":{"@type":"PropertyValueSpecification","valueRequired":true,"valueName":"search_term_string"}}],"inLanguage":"it-IT"}]}},"_links":{"self":[{"href":"https:\/\/www.accuratereviews.com\/it\/wp-json\/wp\/v2\/pages\/72362","targetHints":{"allow":["GET"]}}],"collection":[{"href":"https:\/\/www.accuratereviews.com\/it\/wp-json\/wp\/v2\/pages"}],"about":[{"href":"https:\/\/www.accuratereviews.com\/it\/wp-json\/wp\/v2\/types\/page"}],"author":[{"embeddable":true,"href":"https:\/\/www.accuratereviews.com\/it\/wp-json\/wp\/v2\/users\/19"}],"replies":[{"embeddable":true,"href":"https:\/\/www.accuratereviews.com\/it\/wp-json\/wp\/v2\/comments?post=72362"}],"version-history":[{"count":8,"href":"https:\/\/www.accuratereviews.com\/it\/wp-json\/wp\/v2\/pages\/72362\/revisions"}],"predecessor-version":[{"id":72385,"href":"https:\/\/www.accuratereviews.com\/it\/wp-json\/wp\/v2\/pages\/72362\/revisions\/72385"}],"up":[{"embeddable":true,"href":"https:\/\/www.accuratereviews.com\/it\/wp-json\/wp\/v2\/pages\/71820"}],"wp:featuredmedia":[{"embeddable":true,"href":"https:\/\/www.accuratereviews.com\/it\/wp-json\/wp\/v2\/media\/72364"}],"wp:attachment":[{"href":"https:\/\/www.accuratereviews.com\/it\/wp-json\/wp\/v2\/media?parent=72362"}],"wp:term":[{"taxonomy":"category","embeddable":true,"href":"https:\/\/www.accuratereviews.com\/it\/wp-json\/wp\/v2\/categories?post=72362"},{"taxonomy":"post_tag","embeddable":true,"href":"https:\/\/www.accuratereviews.com\/it\/wp-json\/wp\/v2\/tags?post=72362"},{"taxonomy":"features","embeddable":true,"href":"https:\/\/www.accuratereviews.com\/it\/wp-json\/wp\/v2\/features?post=72362"}],"curies":[{"name":"wp","href":"https:\/\/api.w.org\/{rel}","templated":true}]}}