{"id":72378,"date":"2023-10-20T12:53:40","date_gmt":"2023-10-20T12:53:40","guid":{"rendered":"https:\/\/www.accuratereviews.com\/?page_id=72378"},"modified":"2023-10-23T10:16:45","modified_gmt":"2023-10-23T10:16:45","slug":"sciforma-recensione","status":"publish","type":"page","link":"https:\/\/www.accuratereviews.com\/it\/software-progetti-agile\/sciforma-recensione\/","title":{"rendered":"Sciforma"},"content":{"rendered":"<p>Il <strong>software di gestione di progetti<\/strong> e portfolio <strong>Sciforma<\/strong> \u00e8 una piattaforma solida e facile da usare che supporta i PMO con queste funzionalit\u00e0 PPM fondamentali: idea e domanda, portfolio e programma, pianificazione, lavoro e collaborazione, risorse e monitoraggio del tempo. Flessibile e scalabile dal punto di vista funzionale, soddisfa vari livelli di maturit\u00e0 del PMO.<br \/>\nI principali clienti includono Netgear, NXP Semiconductor, Deutsche Telekom, EADS. Scopri potenti panoramiche sullo stato del portafoglio, punteggi sullo stato dei progetti, simulazioni del portafoglio, pianificazione efficace della capacit\u00e0 e molto altro ancora. Il servizio \u00e8 disponibile in sette lingue.<\/p>\n<h2>SCRIFORMA &#8211; TUTORIAL<\/h2>\n<div id=\"fluid-wrapper-counter-1\" class=\"g1-fluid-wrapper \" style=\"width:686px;\">\n<div style=\"padding-bottom:56.268221574344%;\"><iframe loading=\"lazy\" title=\"Sciforma Corporate Overview Video\" width=\"686\" height=\"386\" src=\"https:\/\/www.youtube.com\/embed\/jGJ2kUIsEI8?feature=oembed&amp;wmode=transparent&amp;autohide=1&amp;autoplay=0&amp;disablekb=0&amp;fs=1&amp;loop=0&amp;enablejsapi=1&amp;rel=0&amp;controls=2&amp;showinfo=0&amp;wmode=transparent&amp;autohide=2&amp;autoplay=0&amp;disablekb=0&amp;fs=1&amp;loop=0&amp;enablejsapi=1&amp;rel=0&amp;controls=2&amp;showinfo=1\" frameborder=\"0\" allow=\"accelerometer; autoplay; clipboard-write; encrypted-media; gyroscope; picture-in-picture; web-share\" allowfullscreen><\/iframe><\/div>\n<\/div>\n<h3>SCRIFORMA &#8211; CARATTERISTICHE<\/h3>\n<ul>\n<li>Determina quali iniziative, prodotti o progetti lanciare, accelerare, ridurre o tagliare con i nostri test di scenari ipotetici in tempo reale.<\/li>\n<li>Conduci analisi &#8220;what-if&#8221; di pi\u00f9 scenari su pi\u00f9 portfolio e mostra l&#8217;impatto del carico di lavoro, l&#8217;impatto sul budget e gli impatti sui flussi di cassa dei progetti proposti.<\/li>\n<li>Scegli le allocazioni che meglio si adattano alle esigenze e agli obiettivi strategici della tua azienda.<\/li>\n<li>Potente visualizzazione Gantt all-in-one per gestire il percorso critico del progetto, le assegnazioni, le transazioni finanziarie, i risultati finali e i rischi.<\/li>\n<li>Gestire compiti difficili e generici.<\/li>\n<li>Segui costi e ROI in tempo reale.<\/li>\n<li>Mantieni la visibilit\u00e0 su problemi, azioni, risultati finali, rischi, ecc. e sulle relative connessioni con la possibilit\u00e0 di aggiungere e modificare in modo flessibile le connessioni tra casi aziendali, progetti, prodotti, programmi e portfolio.<\/li>\n<li>Comprendere e seguire i cambiamenti e l&#8217;impatto in termini di tempo, impegno e costo a livello di progetto.<\/li>\n<li>Sfrutta un flusso di lavoro di approvazione della scheda attivit\u00e0 in due passaggi per i gestori di progetti e risorse, con piano di progetto integrato e funzionalit\u00e0 di monitoraggio.<\/li>\n<li>Automatizza la richiesta di ferie e il processo di approvazione.<\/li>\n<li>Aggiungi attivit\u00e0 per visualizzarle e accedervi facilmente settimana per settimana.<\/li>\n<li>Accedi al foglio presenze in movimento, dalla app mobile gratuita<\/li>\n<li>Integrazione con il registro delle attivit\u00e0 Agile per importare il tempo registrato rispetto agli elementi del backlog, evitando cos\u00ec la doppia immissione.<\/li>\n<li>Tieni traccia dei tempi effettivi e rimanenti rispetto alle attivit\u00e0 pianificate, con note di collaborazione tra project manager, gestori delle risorse e utenti.<\/li>\n<li>Monitora il tempo non dedicato al progetto per migliorare l&#8217;efficienza organizzativa.<\/li>\n<\/ul>\n<h4>LE RECENSIONI DEGLI UTENTI<\/h4>\n<p><strong>Bhargav \u00a0&#8220;Incredibile strumento PPM per la gestione dei progetti&#8221;<\/strong><br \/>\n<strong>Commenti<\/strong>: Sciforma \u00e8 uno dei migliori strumenti PPM che fornisce soluzioni alle organizzazioni e ai suoi team per eseguire varie operazioni per ottenere i risultati desiderati in molto meno tempo. \u00c8 stato molto efficace per me e il mio team gestire le tempistiche per progetti particolari.<br \/>\n<strong>Pro<\/strong>: Project Management \u00e8 la parte migliore di questo strumento in cui possiamo gestire i nostri molteplici progetti senza sforzo. \u00c8 molto facile da usare e implementa rapidamente le funzionalit\u00e0 nel nostro lavoro.<br \/>\n<strong>Contro<\/strong>: Ancora adesso, non ho riscontrato alcuno svantaggio di questo strumento. Se esploriamo pi\u00f9 funzionalit\u00e0 e affrontiamo eventuali difficolt\u00e0, le condivideremo sicuramente.<\/p>\n<p><strong>Christopher &#8220;Strumento Sciforma PPM&#8221;<\/strong><br \/>\n<strong>Pro<\/strong>: Ottimo software, facile da usare, funzionalit\u00e0 estese, backend realizzabile da soli, ottimo supporto clienti, possibilit\u00e0 di collegamento ad altri sistemi, gestione delle risorse molto buona e sofisticata, presto sar\u00e0 possibile il feedback temporale tramite APP, aggiornamenti regolari<br \/>\n<strong>Contro<\/strong>: A causa dell&#8217;elevato numero di funzionalit\u00e0, inizialmente \u00e8 difficile orientarsi nel software Molta preparazione per sfruttare le funzionalit\u00e0 esistenti<\/p>\n<p><strong>Julien &#8220;Recensione Sciforma&#8221;<\/strong><br \/>\n<strong>Commenti<\/strong>: La soluzione soddisfa l&#8217;esigenza con una ricca copertura funzionale.<br \/>\nNon \u00e8 da sottovalutare il cambiamento che dovr\u00e0 essere sostenuto da gestori e utenti diversi.<br \/>\n<strong>Pro<\/strong>: La copertura funzionale \u00e8 ampia. Ci\u00f2 consente di gestire progetti e portafogli di progetti da tutti i dipartimenti dell&#8217;azienda. Apprezzo avere una funzionalit\u00e0 per il futuro che ci permetter\u00e0 di informare la strategia dell&#8217;azienda e dei diversi dipartimenti e di essere in grado di misurare il contributo dei progetti al raggiungimento degli obiettivi e il livello di contributo dei progetti alla strategia aziendale.<br \/>\n<strong>Contro<\/strong>: richiede di definire chiaramente il processo da implementare. Avrei apprezzato avere una configurazione standard, buone pratiche per iniziare semplicemente con la soluzione. Uno sviluppo prevedibile \u00e8 la possibilit\u00e0 di manipolare direttamente le informazioni nel Gantt per stabilire, ad esempio, mappe stradali.<\/p>\n","protected":false},"excerpt":{"rendered":"<p>Il software di gestione di progetti e portfolio Sciforma \u00e8 una piattaforma solida e facile da usare che supporta i PMO con queste funzionalit\u00e0 PPM fondamentali: idea e domanda, portfolio e programma, pianificazione, lavoro e collaborazione, risorse e monitoraggio del tempo. Flessibile e scalabile dal punto di vista funzionale, soddisfa vari livelli di maturit\u00e0 del PMO.<\/p>\n","protected":false},"author":19,"featured_media":72379,"parent":71820,"menu_order":0,"comment_status":"open","ping_status":"closed","template":"g1_template_page_review_new.php","meta":{"_acf_changed":false,"cwp_meta_box_check":"Yes","cwp_rev_product_name":"","cwp_rev_product_image":"","wppr_links":[],"cwp_rev_price":"0.00","wppr_options":[{"name":"Usability","value":"0"},{"name":"Speed","value":"0"},{"name":"Features","value":"0"},{"name":"Support","value":"0"},{"name":"Pricing","value":"0"}],"wppr_pros":["","","","",""],"wppr_cons":["","","","",""],"_monsterinsights_skip_tracking":false,"_monsterinsights_sitenote_active":false,"_monsterinsights_sitenote_note":"","_monsterinsights_sitenote_category":0,"footnotes":""},"categories":[2892],"tags":[2916,2992,14666,14656,14658,14708,2989,2985,2990,2984],"features":[],"class_list":{"0":"post-72378","1":"page","2":"type-page","3":"status-publish","4":"has-post-thumbnail","6":"category-gestionale-per-progetti-agile","7":"tag-gestionale-agile","8":"tag-piattaforma-gestionale-agile","9":"tag-piattaforma-gestionale-progetti-agile","10":"tag-programma-gestionale-agile","11":"tag-programma-gestionale-progetti-agile","12":"tag-sciforma","13":"tag-software-gestionale-agile","14":"tag-software-gestionale-progetti-agile","15":"tag-soluzione-gestionale-agile","16":"tag-soluzione-gestionale-progetti-agile"},"wppr_data":{"cwp_meta_box_check":"Yes","_wppr_review_template":"default","cwp_rev_product_image":"","cwp_image_link":"image","wppr_links":[],"cwp_rev_price":"0.00","wppr_pros":["","","","",""],"wppr_cons":["","","","",""],"wppr_rating":"0.00","wppr_options":{"1":{"name":"Usability","value":"0"},"2":{"name":"Speed","value":"0"},"3":{"name":"Features","value":"0"},"4":{"name":"Support","value":"0"},"5":{"name":"Pricing","value":"0"}},"wppr_review_type":"Product","wppr_review_custom_fields":{"additionalProperty":"","additionalType":"","aggregateRating":"","alternateName":"","audience":"","award":"","awards":"","brand":"","color":"","depth":"","description":"","disambiguatingDescription":"","gtin12":"","gtin13":"","gtin14":"","gtin8":"","height":"","identifier":"","image":"","isAccessoryOrSparePartFor":"","isConsumableFor":"","isRelatedTo":"","isSimilarTo":"","itemCondition":"","logo":"","mainEntityOfPage":"","manufacturer":"","material":"","model":"","mpn":"","name":"","offers":"","potentialAction":"","productID":"","productionDate":"","purchaseDate":"","releaseDate":"","review":"","reviews":"","sameAs":"","sku":"","slogan":"","subjectOf":"","url":"","weight":"","width":""}},"acf":[],"yoast_head":"<!-- This site is optimized with the Yoast SEO plugin v27.4 - https:\/\/yoast.com\/product\/yoast-seo-wordpress\/ -->\n<title>Sciforma: recensione software gestionale progetti agile - Accurate Reviews<\/title>\n<meta name=\"description\" content=\"Sciforma: recensione del software gestionale per progetti agile. Solido, facile da usare, scalabile e ricco di funzionalit\u00e0.\" \/>\n<meta name=\"robots\" content=\"index, follow, max-snippet:-1, max-image-preview:large, max-video-preview:-1\" \/>\n<link rel=\"canonical\" href=\"https:\/\/www.accuratereviews.com\/it\/software-progetti-agile\/sciforma-recensione\/\" \/>\n<meta property=\"og:locale\" content=\"it_IT\" \/>\n<meta property=\"og:type\" content=\"article\" \/>\n<meta property=\"og:title\" content=\"Sciforma: recensione software gestionale progetti agile - Accurate Reviews\" \/>\n<meta property=\"og:description\" content=\"Sciforma: recensione del software gestionale per progetti agile. Solido, facile da usare, scalabile e ricco di funzionalit\u00e0.\" \/>\n<meta property=\"og:url\" content=\"https:\/\/www.accuratereviews.com\/it\/software-progetti-agile\/sciforma-recensione\/\" \/>\n<meta property=\"og:site_name\" content=\"Accurate Reviews\" \/>\n<meta property=\"article:modified_time\" content=\"2023-10-23T10:16:45+00:00\" \/>\n<meta property=\"og:image\" content=\"https:\/\/www.accuratereviews.com\/wp-content\/uploads\/2023\/10\/Sciforma.png\" \/>\n\t<meta property=\"og:image:width\" content=\"1280\" \/>\n\t<meta property=\"og:image:height\" content=\"640\" \/>\n\t<meta property=\"og:image:type\" content=\"image\/png\" \/>\n<meta name=\"twitter:card\" content=\"summary_large_image\" \/>\n<meta name=\"twitter:label1\" content=\"Tempo di lettura stimato\" \/>\n\t<meta name=\"twitter:data1\" content=\"4 minuti\" \/>\n<script type=\"application\/ld+json\" class=\"yoast-schema-graph\">{\"@context\":\"https:\\\/\\\/schema.org\",\"@graph\":[{\"@type\":\"WebPage\",\"@id\":\"https:\\\/\\\/www.accuratereviews.com\\\/it\\\/software-progetti-agile\\\/sciforma-recensione\\\/\",\"url\":\"https:\\\/\\\/www.accuratereviews.com\\\/it\\\/software-progetti-agile\\\/sciforma-recensione\\\/\",\"name\":\"Sciforma: recensione software gestionale progetti agile - Accurate Reviews\",\"isPartOf\":{\"@id\":\"https:\\\/\\\/www.accuratereviews.com\\\/it\\\/#website\"},\"primaryImageOfPage\":{\"@id\":\"https:\\\/\\\/www.accuratereviews.com\\\/it\\\/software-progetti-agile\\\/sciforma-recensione\\\/#primaryimage\"},\"image\":{\"@id\":\"https:\\\/\\\/www.accuratereviews.com\\\/it\\\/software-progetti-agile\\\/sciforma-recensione\\\/#primaryimage\"},\"thumbnailUrl\":\"https:\\\/\\\/www.accuratereviews.com\\\/wp-content\\\/uploads\\\/2023\\\/10\\\/Sciforma.png\",\"datePublished\":\"2023-10-20T12:53:40+00:00\",\"dateModified\":\"2023-10-23T10:16:45+00:00\",\"description\":\"Sciforma: recensione del software gestionale per progetti agile. Solido, facile da usare, scalabile e ricco di funzionalit\u00e0.\",\"breadcrumb\":{\"@id\":\"https:\\\/\\\/www.accuratereviews.com\\\/it\\\/software-progetti-agile\\\/sciforma-recensione\\\/#breadcrumb\"},\"inLanguage\":\"it-IT\",\"potentialAction\":[{\"@type\":\"ReadAction\",\"target\":[\"https:\\\/\\\/www.accuratereviews.com\\\/it\\\/software-progetti-agile\\\/sciforma-recensione\\\/\"]}]},{\"@type\":\"ImageObject\",\"inLanguage\":\"it-IT\",\"@id\":\"https:\\\/\\\/www.accuratereviews.com\\\/it\\\/software-progetti-agile\\\/sciforma-recensione\\\/#primaryimage\",\"url\":\"https:\\\/\\\/www.accuratereviews.com\\\/wp-content\\\/uploads\\\/2023\\\/10\\\/Sciforma.png\",\"contentUrl\":\"https:\\\/\\\/www.accuratereviews.com\\\/wp-content\\\/uploads\\\/2023\\\/10\\\/Sciforma.png\",\"width\":1280,\"height\":640},{\"@type\":\"BreadcrumbList\",\"@id\":\"https:\\\/\\\/www.accuratereviews.com\\\/it\\\/software-progetti-agile\\\/sciforma-recensione\\\/#breadcrumb\",\"itemListElement\":[{\"@type\":\"ListItem\",\"position\":1,\"name\":\"Home\",\"item\":\"https:\\\/\\\/www.accuratereviews.com\\\/it\\\/\"},{\"@type\":\"ListItem\",\"position\":2,\"name\":\"Software progetti Agile\",\"item\":\"https:\\\/\\\/www.accuratereviews.com\\\/it\\\/software-progetti-agile\\\/\"},{\"@type\":\"ListItem\",\"position\":3,\"name\":\"Sciforma\"}]},{\"@type\":\"WebSite\",\"@id\":\"https:\\\/\\\/www.accuratereviews.com\\\/it\\\/#website\",\"url\":\"https:\\\/\\\/www.accuratereviews.com\\\/it\\\/\",\"name\":\"Accurate Reviews\",\"description\":\"\",\"potentialAction\":[{\"@type\":\"SearchAction\",\"target\":{\"@type\":\"EntryPoint\",\"urlTemplate\":\"https:\\\/\\\/www.accuratereviews.com\\\/it\\\/?s={search_term_string}\"},\"query-input\":{\"@type\":\"PropertyValueSpecification\",\"valueRequired\":true,\"valueName\":\"search_term_string\"}}],\"inLanguage\":\"it-IT\"}]}<\/script>\n<!-- \/ Yoast SEO plugin. -->","yoast_head_json":{"title":"Sciforma: recensione software gestionale progetti agile - Accurate Reviews","description":"Sciforma: recensione del software gestionale per progetti agile. Solido, facile da usare, scalabile e ricco di funzionalit\u00e0.","robots":{"index":"index","follow":"follow","max-snippet":"max-snippet:-1","max-image-preview":"max-image-preview:large","max-video-preview":"max-video-preview:-1"},"canonical":"https:\/\/www.accuratereviews.com\/it\/software-progetti-agile\/sciforma-recensione\/","og_locale":"it_IT","og_type":"article","og_title":"Sciforma: recensione software gestionale progetti agile - Accurate Reviews","og_description":"Sciforma: recensione del software gestionale per progetti agile. Solido, facile da usare, scalabile e ricco di funzionalit\u00e0.","og_url":"https:\/\/www.accuratereviews.com\/it\/software-progetti-agile\/sciforma-recensione\/","og_site_name":"Accurate Reviews","article_modified_time":"2023-10-23T10:16:45+00:00","og_image":[{"width":1280,"height":640,"url":"https:\/\/www.accuratereviews.com\/wp-content\/uploads\/2023\/10\/Sciforma.png","type":"image\/png"}],"twitter_card":"summary_large_image","twitter_misc":{"Tempo di lettura stimato":"4 minuti"},"schema":{"@context":"https:\/\/schema.org","@graph":[{"@type":"WebPage","@id":"https:\/\/www.accuratereviews.com\/it\/software-progetti-agile\/sciforma-recensione\/","url":"https:\/\/www.accuratereviews.com\/it\/software-progetti-agile\/sciforma-recensione\/","name":"Sciforma: recensione software gestionale progetti agile - Accurate Reviews","isPartOf":{"@id":"https:\/\/www.accuratereviews.com\/it\/#website"},"primaryImageOfPage":{"@id":"https:\/\/www.accuratereviews.com\/it\/software-progetti-agile\/sciforma-recensione\/#primaryimage"},"image":{"@id":"https:\/\/www.accuratereviews.com\/it\/software-progetti-agile\/sciforma-recensione\/#primaryimage"},"thumbnailUrl":"https:\/\/www.accuratereviews.com\/wp-content\/uploads\/2023\/10\/Sciforma.png","datePublished":"2023-10-20T12:53:40+00:00","dateModified":"2023-10-23T10:16:45+00:00","description":"Sciforma: recensione del software gestionale per progetti agile. Solido, facile da usare, scalabile e ricco di funzionalit\u00e0.","breadcrumb":{"@id":"https:\/\/www.accuratereviews.com\/it\/software-progetti-agile\/sciforma-recensione\/#breadcrumb"},"inLanguage":"it-IT","potentialAction":[{"@type":"ReadAction","target":["https:\/\/www.accuratereviews.com\/it\/software-progetti-agile\/sciforma-recensione\/"]}]},{"@type":"ImageObject","inLanguage":"it-IT","@id":"https:\/\/www.accuratereviews.com\/it\/software-progetti-agile\/sciforma-recensione\/#primaryimage","url":"https:\/\/www.accuratereviews.com\/wp-content\/uploads\/2023\/10\/Sciforma.png","contentUrl":"https:\/\/www.accuratereviews.com\/wp-content\/uploads\/2023\/10\/Sciforma.png","width":1280,"height":640},{"@type":"BreadcrumbList","@id":"https:\/\/www.accuratereviews.com\/it\/software-progetti-agile\/sciforma-recensione\/#breadcrumb","itemListElement":[{"@type":"ListItem","position":1,"name":"Home","item":"https:\/\/www.accuratereviews.com\/it\/"},{"@type":"ListItem","position":2,"name":"Software progetti Agile","item":"https:\/\/www.accuratereviews.com\/it\/software-progetti-agile\/"},{"@type":"ListItem","position":3,"name":"Sciforma"}]},{"@type":"WebSite","@id":"https:\/\/www.accuratereviews.com\/it\/#website","url":"https:\/\/www.accuratereviews.com\/it\/","name":"Accurate Reviews","description":"","potentialAction":[{"@type":"SearchAction","target":{"@type":"EntryPoint","urlTemplate":"https:\/\/www.accuratereviews.com\/it\/?s={search_term_string}"},"query-input":{"@type":"PropertyValueSpecification","valueRequired":true,"valueName":"search_term_string"}}],"inLanguage":"it-IT"}]}},"_links":{"self":[{"href":"https:\/\/www.accuratereviews.com\/it\/wp-json\/wp\/v2\/pages\/72378","targetHints":{"allow":["GET"]}}],"collection":[{"href":"https:\/\/www.accuratereviews.com\/it\/wp-json\/wp\/v2\/pages"}],"about":[{"href":"https:\/\/www.accuratereviews.com\/it\/wp-json\/wp\/v2\/types\/page"}],"author":[{"embeddable":true,"href":"https:\/\/www.accuratereviews.com\/it\/wp-json\/wp\/v2\/users\/19"}],"replies":[{"embeddable":true,"href":"https:\/\/www.accuratereviews.com\/it\/wp-json\/wp\/v2\/comments?post=72378"}],"version-history":[{"count":12,"href":"https:\/\/www.accuratereviews.com\/it\/wp-json\/wp\/v2\/pages\/72378\/revisions"}],"predecessor-version":[{"id":72424,"href":"https:\/\/www.accuratereviews.com\/it\/wp-json\/wp\/v2\/pages\/72378\/revisions\/72424"}],"up":[{"embeddable":true,"href":"https:\/\/www.accuratereviews.com\/it\/wp-json\/wp\/v2\/pages\/71820"}],"wp:featuredmedia":[{"embeddable":true,"href":"https:\/\/www.accuratereviews.com\/it\/wp-json\/wp\/v2\/media\/72379"}],"wp:attachment":[{"href":"https:\/\/www.accuratereviews.com\/it\/wp-json\/wp\/v2\/media?parent=72378"}],"wp:term":[{"taxonomy":"category","embeddable":true,"href":"https:\/\/www.accuratereviews.com\/it\/wp-json\/wp\/v2\/categories?post=72378"},{"taxonomy":"post_tag","embeddable":true,"href":"https:\/\/www.accuratereviews.com\/it\/wp-json\/wp\/v2\/tags?post=72378"},{"taxonomy":"features","embeddable":true,"href":"https:\/\/www.accuratereviews.com\/it\/wp-json\/wp\/v2\/features?post=72378"}],"curies":[{"name":"wp","href":"https:\/\/api.w.org\/{rel}","templated":true}]}}