{"id":72415,"date":"2023-10-23T12:57:46","date_gmt":"2023-10-23T12:57:46","guid":{"rendered":"https:\/\/www.accuratereviews.com\/?page_id=72415"},"modified":"2023-10-23T12:57:46","modified_gmt":"2023-10-23T12:57:46","slug":"kanbanflow-recensione","status":"publish","type":"page","link":"https:\/\/www.accuratereviews.com\/it\/software-progetti-agile\/kanbanflow-recensione\/","title":{"rendered":"KanbanFlow"},"content":{"rendered":"<p><strong>KanbanFlow<\/strong> \u00e8 una <strong>soluzione di gestione dei progetti agile<\/strong>\u00a0di <strong>CodeKick<\/strong>, basata su <strong>cloud<\/strong>, che consente la collaborazione in tempo reale tra utenti e colleghi. Utilizza le bacheche Kanban per fornire una panoramica della situazione lavorativa esistente e contribuire a migliorare la comunicazione e l&#8217;efficacia complessiva. Gli utenti possono dividere il tabellone in team, prodotti e aree aziendali per gestire le attivit\u00e0.<br \/>\nLa soluzione fornisce collaborazione in tempo reale, mostrando a tutti i membri del team tutte le modifiche apportate alle bacheche. Offre la tecnica &#8220;Pomodoro&#8221; per il monitoraggio del tempo delle attivit\u00e0. Il report temporale consente agli utenti di filtrare e raggruppare i dati temporali registrati. Fornisce feed di calendario per calendari esterni come Outlook e Google Calendar. Gli utenti possono aggiungere attivit\u00e0 tramite email e importare ed esportare file in formato Excel. Offre grafici cumulativi di flusso, ciclo e lead-time per analisi e reporting.<\/p>\n<h2>KANBANFLOW &#8211; TUTORIAL<\/h2>\n<div id=\"fluid-wrapper-counter-1\" class=\"g1-fluid-wrapper \" style=\"width:686px;\">\n<div style=\"padding-bottom:56.268221574344%;\"><iframe loading=\"lazy\" title=\"Kanban Flow\" width=\"686\" height=\"386\" src=\"https:\/\/www.youtube.com\/embed\/quz1_zV5Vq8?feature=oembed&amp;wmode=transparent&amp;autohide=1&amp;autoplay=0&amp;disablekb=0&amp;fs=1&amp;loop=0&amp;enablejsapi=1&amp;rel=0&amp;controls=2&amp;showinfo=0&amp;wmode=transparent&amp;autohide=2&amp;autoplay=0&amp;disablekb=0&amp;fs=1&amp;loop=0&amp;enablejsapi=1&amp;rel=0&amp;controls=2&amp;showinfo=1\" frameborder=\"0\" allow=\"accelerometer; autoplay; clipboard-write; encrypted-media; gyroscope; picture-in-picture; web-share\" allowfullscreen><\/iframe><\/div>\n<\/div>\n<h3>KANBANFLOW &#8211; CARATTERISTICHE<\/h3>\n<ul>\n<li><strong>Flusso di lavoro personalizzato<\/strong>: la scheda Kanban \u00e8 divisa in colonne. Con una rapida occhiata alla lavagna avrai un&#8217;eccellente panoramica della tua attuale situazione lavorativa. Puoi personalizzare le colonne per adattarle al tuo modo di lavorare preferito.<\/li>\n<li><strong>Limiti WIP<\/strong>: per evitare colli di bottiglia nel processo, puoi limitare il numero di attivit\u00e0 che puoi avere in una determinata colonna. Ci\u00f2 ti costringer\u00e0 a iniziare a completare le attivit\u00e0 invece di avviarne di nuove. Riducendo il multitasking, diventerai pi\u00f9 concentrato e produttivo.<\/li>\n<li><strong>Sottoattivit\u00e0<\/strong>: dividendo la tua attivit\u00e0 in sottoattivit\u00e0 puoi monitorare pi\u00f9 facilmente i progressi compiuti su di essa. Una volta completata un&#8217;attivit\u00e0 secondaria, \u00e8 sufficiente spuntarla direttamente sulla lavagna.<\/li>\n<li><strong>Corsie<\/strong>: ottieni una panoramica migliore delle tue attivit\u00e0 aggiungendo corsie orizzontali alla tua bacheca Kanban. Dividi il tuo consiglio di amministrazione in team, prodotti, aree di business o qualcos&#8217;altro.<\/li>\n<li><strong>Attivit\u00e0 ricorrenti:<\/strong> svolgi lo stesso tipo di attivit\u00e0 ogni settimana o mese? Contrassegna l&#8217;attivit\u00e0 come ricorrente, specifica quanto spesso dovrebbe essere eseguita e non appena completi l&#8217;attivit\u00e0 verr\u00e0 creata una nuova copia.<\/li>\n<li><strong>Relazioni<\/strong>: aggiungi relazioni tra attivit\u00e0, anche tra schede, per indicare che sono correlate o dipendono l&#8217;una dall&#8217;altra. Ad esempio, ci\u00f2 ti consente di avere una bacheca portfolio di alto livello e di collegare ad essa le attivit\u00e0 delle bacheche del team.<\/li>\n<li><strong>Visualizza le attivit\u00e0 completate per data<\/strong>: quando sposti le attivit\u00e0 in Fine, queste vengono raggruppate in base alla data in cui sono state completate. Puoi facilmente vedere quanto lavoro hai completato la scorsa settimana. Non \u00e8 necessario archiviare manualmente le attivit\u00e0 completate. Per impostazione predefinita, vengono visualizzate solo le 20 attivit\u00e0 pi\u00f9 recenti.<\/li>\n<li><strong>Documenti e file allegati<\/strong>: allega documenti, fogli di calcolo, presentazioni e altri file alle tue attivit\u00e0. Allega i file direttamente dal tuo computer o da Dropbox, Google Drive, OneDrive o Box.<\/li>\n<li><strong>Timer<\/strong>: monitora il tempo che dedichi alle tue attivit\u00e0. Utilizza la tecnica del &#8220;Pomodoro&#8221; per aumentare la tua produttivit\u00e0. Ti incoraggia a lavorare con la massima concentrazione in intervalli di 25 minuti, separati da brevi pause. Se preferisci qualcosa di meno rigido, puoi invece utilizzare il semplice timer Cronometro. Puoi anche registrare il tempo manualmente.<\/li>\n<li><strong>Rapporto sul tempo impiegato<\/strong>: scopri come \u00e8 stato impiegato il tempo in diverse attivit\u00e0. Tieni traccia del tuo tempo o rivedi su cosa hanno lavorato i membri del tuo team. Personalizza il report filtrando e raggruppando i dati temporali registrati in molti modi.<\/li>\n<li><strong>Statistiche &#8220;Pomodoro&#8221;<\/strong>: monitora come migliora la tua capacit\u00e0 di concentrazione utilizzando la tecnica del Pomodoro. Scopri che tipo di interruzioni causano la perdita di produttivit\u00e0. Usa queste informazioni per adattare il tuo processo di lavoro.<\/li>\n<li><strong>Flusso cumulativo<\/strong>: il diagramma del flusso cumulativo mostra quante attivit\u00e0 sono presenti in colonne diverse nel tempo. Utilizza il diagramma per analizzare il tuo flusso di lavoro e identificare i colli di bottiglia.<\/li>\n<li><strong>Ciclo e tempo di consegna<\/strong>: il grafico Ciclo\/tempo di consegna mostra il tempo impiegato dalle attivit\u00e0 per spostarsi tra le diverse colonne del flusso di lavoro. Usalo per vedere se diventi pi\u00f9 veloce o pi\u00f9 lento nel fornire valore ai tuoi clienti.<\/li>\n<li><strong>Burndown<\/strong>: il grafico Burndown mostra quante attivit\u00e0 restano da svolgere. Tieni traccia dei progressi nel tempo e prevedi quando tutto il lavoro sar\u00e0 completato.<\/li>\n<li><strong>Calendario<\/strong>: ottieni una panoramica della scadenza delle tue attivit\u00e0 con la visualizzazione del calendario. Filtra per utente, colore, etichette o corsia. Puoi anche mostrare le date nel tuo calendario esterno iscrivendoti a un feed.<\/li>\n<li><strong>Dashboard<\/strong>: la dashboard pu\u00f2 mostrare informazioni da pi\u00f9 schede sulla stessa pagina. Progetta liberamente la tua dashboard aggiungendo widget. Specifica le impostazioni della bacheca, delle colonne, dei filtri e delle attivit\u00e0 per widget.<\/li>\n<\/ul>\n<h4>LE RECENSIONI DEGLI UTENTI<\/h4>\n<p><strong>Alexander &#8220;Monitoraggio del progetto e del lavoro&#8221;<\/strong><br \/>\n<strong>Commenti<\/strong>: Il follow-up di ogni attivit\u00e0 ha migliorato il lavoro poich\u00e9 il gruppo \u00e8 stato in grado di avere informazioni sugli aggiornamenti in tempo reale e tutto allo stesso tempo<br \/>\n<strong>Pro<\/strong>: Fornisce una panoramica di tutto il lavoro svolto, avendo un follow-up migliore su ciascuna attivit\u00e0 e fornendone il corretto completamento prima di iniziare la nuova attivit\u00e0. Tutti noi del gruppo di lavoro ci teniamo informati di ogni aggiornamento che viene eseguito in ogni attivit\u00e0 per svolgere cos\u00ec un lavoro organizzato<br \/>\n<strong>Contro<\/strong>: I tempi di risposta alle domande poste tramite email sono un po&#8217; lunghi, come suggerimento sarebbe bene se rispondessero pi\u00f9 velocemente<\/p>\n<p><strong>Jamie &#8220;Strumento Kanban facile da usare ma potente&#8221;<\/strong><br \/>\n<strong>Commenti<\/strong>: Lo adoro, lo uso tutti i giorni e non potrei farne a meno.<br \/>\n<strong>Pro<\/strong>: Molto facile da usare con funzionalit\u00e0 semplici che consentono molta collaborazione, personalizzazione e attivit\u00e0 facili da visualizzare da tutto il team. Le attivit\u00e0 secondarie, i promemoria e la condivisione di file rendono questo strumento una grande risorsa per il nostro stack.<br \/>\n<strong>Contro<\/strong>: L&#8217;interfaccia utente \u00e8 un po&#8217; datata e la mancanza di un&#8217;app mobile dedicata rende l&#8217;accesso un po&#8217; limitante quando si \u00e8 in movimento.<\/p>\n<p><strong>Maria &#8220;Il mio primo software per la gestione dei progetti&#8221;<\/strong><br \/>\n<strong>Commenti<\/strong>: \u00c8 stata la mia prima esperienza con il software per la gestione di progetti all&#8217;interno di un&#8217;azienda esperta di software. \u00c8 stata una buona base per apprendere la gestione agile dei progetti e le funzionalit\u00e0 del team.<br \/>\n<strong>Pro<\/strong>: molto intuitivo da gestire, scheda molto facile da strutturare e offre una buona panoramica, la funzionalit\u00e0 del team nella versione acquistata \u00e8 stata molto utile per la collaborazione tra i reparti.<br \/>\n<strong>Contro<\/strong>: Lo strumento di monitoraggio del tempo non disponeva di una funzione di report automatico per un periodo di tempo definito o personalizzabile e pertanto doveva essere calcolato manualmente<\/p>\n","protected":false},"excerpt":{"rendered":"<p>KanbanFlow \u00e8 una soluzione di gestione dei progetti agile di CodeKick, basata su cloud , che consente la collaborazione in tempo reale tra utenti e colleghi. Utilizza le bacheche Kanban per fornire una panoramica della situazione lavorativa esistente e contribuire a migliorare la comunicazione e l&#8217;efficacia complessiva.<\/p>\n","protected":false},"author":19,"featured_media":72416,"parent":71820,"menu_order":0,"comment_status":"open","ping_status":"closed","template":"g1_template_page_review_new.php","meta":{"_acf_changed":false,"cwp_meta_box_check":"Yes","cwp_rev_product_name":"","cwp_rev_product_image":"","wppr_links":[],"cwp_rev_price":"0.00","wppr_options":[{"name":"Usability","value":"0"},{"name":"Speed","value":"0"},{"name":"Features","value":"0"},{"name":"Support","value":"0"},{"name":"Pricing","value":"0"}],"wppr_pros":["","","","",""],"wppr_cons":["","","","",""],"_monsterinsights_skip_tracking":false,"_monsterinsights_sitenote_active":false,"_monsterinsights_sitenote_note":"","_monsterinsights_sitenote_category":0,"footnotes":""},"categories":[2892],"tags":[2916,14655,14713,2992,14666,14656,14658,2989,2985,2990,2984],"features":[],"class_list":{"0":"post-72415","1":"page","2":"type-page","3":"status-publish","4":"has-post-thumbnail","6":"category-gestionale-per-progetti-agile","7":"tag-gestionale-agile","8":"tag-gestionale-progetti-agile","9":"tag-kanbanflow","10":"tag-piattaforma-gestionale-agile","11":"tag-piattaforma-gestionale-progetti-agile","12":"tag-programma-gestionale-agile","13":"tag-programma-gestionale-progetti-agile","14":"tag-software-gestionale-agile","15":"tag-software-gestionale-progetti-agile","16":"tag-soluzione-gestionale-agile","17":"tag-soluzione-gestionale-progetti-agile"},"wppr_data":{"cwp_meta_box_check":"Yes","_wppr_review_template":"default","cwp_rev_product_image":"","cwp_image_link":"image","wppr_links":[],"cwp_rev_price":"0.00","wppr_pros":["","","","",""],"wppr_cons":["","","","",""],"wppr_rating":"0.00","wppr_options":{"1":{"name":"Usability","value":"0"},"2":{"name":"Speed","value":"0"},"3":{"name":"Features","value":"0"},"4":{"name":"Support","value":"0"},"5":{"name":"Pricing","value":"0"}},"wppr_review_type":"Product","wppr_review_custom_fields":{"additionalProperty":"","additionalType":"","aggregateRating":"","alternateName":"","audience":"","award":"","awards":"","brand":"","color":"","depth":"","description":"","disambiguatingDescription":"","gtin12":"","gtin13":"","gtin14":"","gtin8":"","height":"","identifier":"","image":"","isAccessoryOrSparePartFor":"","isConsumableFor":"","isRelatedTo":"","isSimilarTo":"","itemCondition":"","logo":"","mainEntityOfPage":"","manufacturer":"","material":"","model":"","mpn":"","name":"","offers":"","potentialAction":"","productID":"","productionDate":"","purchaseDate":"","releaseDate":"","review":"","reviews":"","sameAs":"","sku":"","slogan":"","subjectOf":"","url":"","weight":"","width":""}},"acf":[],"yoast_head":"<!-- This site is optimized with the Yoast SEO plugin v27.4 - https:\/\/yoast.com\/product\/yoast-seo-wordpress\/ -->\n<title>KanbanFlow: recensione software gestionale progetti Agile - Accurate Reviews<\/title>\n<meta name=\"description\" content=\"KanbanFlow: recensione soluzione di gestione dei progetti agile basata su cloud, che consente la collaborazione in tempo reale tra colleghi.\" \/>\n<meta name=\"robots\" content=\"index, follow, max-snippet:-1, max-image-preview:large, max-video-preview:-1\" \/>\n<link rel=\"canonical\" href=\"https:\/\/www.accuratereviews.com\/it\/software-progetti-agile\/kanbanflow-recensione\/\" \/>\n<meta property=\"og:locale\" content=\"it_IT\" \/>\n<meta property=\"og:type\" content=\"article\" \/>\n<meta property=\"og:title\" content=\"KanbanFlow: recensione software gestionale progetti Agile - Accurate Reviews\" \/>\n<meta property=\"og:description\" content=\"KanbanFlow: recensione soluzione di gestione dei progetti agile basata su cloud, che consente la collaborazione in tempo reale tra colleghi.\" \/>\n<meta property=\"og:url\" content=\"https:\/\/www.accuratereviews.com\/it\/software-progetti-agile\/kanbanflow-recensione\/\" \/>\n<meta property=\"og:site_name\" content=\"Accurate Reviews\" \/>\n<meta property=\"og:image\" content=\"https:\/\/www.accuratereviews.com\/wp-content\/uploads\/2023\/10\/KanbanFlow.png\" \/>\n\t<meta property=\"og:image:width\" content=\"225\" \/>\n\t<meta property=\"og:image:height\" content=\"225\" \/>\n\t<meta property=\"og:image:type\" content=\"image\/png\" \/>\n<meta name=\"twitter:card\" content=\"summary_large_image\" \/>\n<meta name=\"twitter:label1\" content=\"Tempo di lettura stimato\" \/>\n\t<meta name=\"twitter:data1\" content=\"6 minuti\" \/>\n<script type=\"application\/ld+json\" class=\"yoast-schema-graph\">{\"@context\":\"https:\\\/\\\/schema.org\",\"@graph\":[{\"@type\":\"WebPage\",\"@id\":\"https:\\\/\\\/www.accuratereviews.com\\\/it\\\/software-progetti-agile\\\/kanbanflow-recensione\\\/\",\"url\":\"https:\\\/\\\/www.accuratereviews.com\\\/it\\\/software-progetti-agile\\\/kanbanflow-recensione\\\/\",\"name\":\"KanbanFlow: recensione software gestionale progetti Agile - Accurate Reviews\",\"isPartOf\":{\"@id\":\"https:\\\/\\\/www.accuratereviews.com\\\/it\\\/#website\"},\"primaryImageOfPage\":{\"@id\":\"https:\\\/\\\/www.accuratereviews.com\\\/it\\\/software-progetti-agile\\\/kanbanflow-recensione\\\/#primaryimage\"},\"image\":{\"@id\":\"https:\\\/\\\/www.accuratereviews.com\\\/it\\\/software-progetti-agile\\\/kanbanflow-recensione\\\/#primaryimage\"},\"thumbnailUrl\":\"https:\\\/\\\/www.accuratereviews.com\\\/wp-content\\\/uploads\\\/2023\\\/10\\\/KanbanFlow.png\",\"datePublished\":\"2023-10-23T12:57:46+00:00\",\"description\":\"KanbanFlow: recensione soluzione di gestione dei progetti agile basata su cloud, che consente la collaborazione in tempo reale tra colleghi.\",\"breadcrumb\":{\"@id\":\"https:\\\/\\\/www.accuratereviews.com\\\/it\\\/software-progetti-agile\\\/kanbanflow-recensione\\\/#breadcrumb\"},\"inLanguage\":\"it-IT\",\"potentialAction\":[{\"@type\":\"ReadAction\",\"target\":[\"https:\\\/\\\/www.accuratereviews.com\\\/it\\\/software-progetti-agile\\\/kanbanflow-recensione\\\/\"]}]},{\"@type\":\"ImageObject\",\"inLanguage\":\"it-IT\",\"@id\":\"https:\\\/\\\/www.accuratereviews.com\\\/it\\\/software-progetti-agile\\\/kanbanflow-recensione\\\/#primaryimage\",\"url\":\"https:\\\/\\\/www.accuratereviews.com\\\/wp-content\\\/uploads\\\/2023\\\/10\\\/KanbanFlow.png\",\"contentUrl\":\"https:\\\/\\\/www.accuratereviews.com\\\/wp-content\\\/uploads\\\/2023\\\/10\\\/KanbanFlow.png\",\"width\":225,\"height\":225},{\"@type\":\"BreadcrumbList\",\"@id\":\"https:\\\/\\\/www.accuratereviews.com\\\/it\\\/software-progetti-agile\\\/kanbanflow-recensione\\\/#breadcrumb\",\"itemListElement\":[{\"@type\":\"ListItem\",\"position\":1,\"name\":\"Home\",\"item\":\"https:\\\/\\\/www.accuratereviews.com\\\/it\\\/\"},{\"@type\":\"ListItem\",\"position\":2,\"name\":\"Software progetti Agile\",\"item\":\"https:\\\/\\\/www.accuratereviews.com\\\/it\\\/software-progetti-agile\\\/\"},{\"@type\":\"ListItem\",\"position\":3,\"name\":\"KanbanFlow\"}]},{\"@type\":\"WebSite\",\"@id\":\"https:\\\/\\\/www.accuratereviews.com\\\/it\\\/#website\",\"url\":\"https:\\\/\\\/www.accuratereviews.com\\\/it\\\/\",\"name\":\"Accurate Reviews\",\"description\":\"\",\"potentialAction\":[{\"@type\":\"SearchAction\",\"target\":{\"@type\":\"EntryPoint\",\"urlTemplate\":\"https:\\\/\\\/www.accuratereviews.com\\\/it\\\/?s={search_term_string}\"},\"query-input\":{\"@type\":\"PropertyValueSpecification\",\"valueRequired\":true,\"valueName\":\"search_term_string\"}}],\"inLanguage\":\"it-IT\"}]}<\/script>\n<!-- \/ Yoast SEO plugin. -->","yoast_head_json":{"title":"KanbanFlow: recensione software gestionale progetti Agile - Accurate Reviews","description":"KanbanFlow: recensione soluzione di gestione dei progetti agile basata su cloud, che consente la collaborazione in tempo reale tra colleghi.","robots":{"index":"index","follow":"follow","max-snippet":"max-snippet:-1","max-image-preview":"max-image-preview:large","max-video-preview":"max-video-preview:-1"},"canonical":"https:\/\/www.accuratereviews.com\/it\/software-progetti-agile\/kanbanflow-recensione\/","og_locale":"it_IT","og_type":"article","og_title":"KanbanFlow: recensione software gestionale progetti Agile - Accurate Reviews","og_description":"KanbanFlow: recensione soluzione di gestione dei progetti agile basata su cloud, che consente la collaborazione in tempo reale tra colleghi.","og_url":"https:\/\/www.accuratereviews.com\/it\/software-progetti-agile\/kanbanflow-recensione\/","og_site_name":"Accurate Reviews","og_image":[{"width":225,"height":225,"url":"https:\/\/www.accuratereviews.com\/wp-content\/uploads\/2023\/10\/KanbanFlow.png","type":"image\/png"}],"twitter_card":"summary_large_image","twitter_misc":{"Tempo di lettura stimato":"6 minuti"},"schema":{"@context":"https:\/\/schema.org","@graph":[{"@type":"WebPage","@id":"https:\/\/www.accuratereviews.com\/it\/software-progetti-agile\/kanbanflow-recensione\/","url":"https:\/\/www.accuratereviews.com\/it\/software-progetti-agile\/kanbanflow-recensione\/","name":"KanbanFlow: recensione software gestionale progetti Agile - Accurate Reviews","isPartOf":{"@id":"https:\/\/www.accuratereviews.com\/it\/#website"},"primaryImageOfPage":{"@id":"https:\/\/www.accuratereviews.com\/it\/software-progetti-agile\/kanbanflow-recensione\/#primaryimage"},"image":{"@id":"https:\/\/www.accuratereviews.com\/it\/software-progetti-agile\/kanbanflow-recensione\/#primaryimage"},"thumbnailUrl":"https:\/\/www.accuratereviews.com\/wp-content\/uploads\/2023\/10\/KanbanFlow.png","datePublished":"2023-10-23T12:57:46+00:00","description":"KanbanFlow: recensione soluzione di gestione dei progetti agile basata su cloud, che consente la collaborazione in tempo reale tra colleghi.","breadcrumb":{"@id":"https:\/\/www.accuratereviews.com\/it\/software-progetti-agile\/kanbanflow-recensione\/#breadcrumb"},"inLanguage":"it-IT","potentialAction":[{"@type":"ReadAction","target":["https:\/\/www.accuratereviews.com\/it\/software-progetti-agile\/kanbanflow-recensione\/"]}]},{"@type":"ImageObject","inLanguage":"it-IT","@id":"https:\/\/www.accuratereviews.com\/it\/software-progetti-agile\/kanbanflow-recensione\/#primaryimage","url":"https:\/\/www.accuratereviews.com\/wp-content\/uploads\/2023\/10\/KanbanFlow.png","contentUrl":"https:\/\/www.accuratereviews.com\/wp-content\/uploads\/2023\/10\/KanbanFlow.png","width":225,"height":225},{"@type":"BreadcrumbList","@id":"https:\/\/www.accuratereviews.com\/it\/software-progetti-agile\/kanbanflow-recensione\/#breadcrumb","itemListElement":[{"@type":"ListItem","position":1,"name":"Home","item":"https:\/\/www.accuratereviews.com\/it\/"},{"@type":"ListItem","position":2,"name":"Software progetti Agile","item":"https:\/\/www.accuratereviews.com\/it\/software-progetti-agile\/"},{"@type":"ListItem","position":3,"name":"KanbanFlow"}]},{"@type":"WebSite","@id":"https:\/\/www.accuratereviews.com\/it\/#website","url":"https:\/\/www.accuratereviews.com\/it\/","name":"Accurate Reviews","description":"","potentialAction":[{"@type":"SearchAction","target":{"@type":"EntryPoint","urlTemplate":"https:\/\/www.accuratereviews.com\/it\/?s={search_term_string}"},"query-input":{"@type":"PropertyValueSpecification","valueRequired":true,"valueName":"search_term_string"}}],"inLanguage":"it-IT"}]}},"_links":{"self":[{"href":"https:\/\/www.accuratereviews.com\/it\/wp-json\/wp\/v2\/pages\/72415","targetHints":{"allow":["GET"]}}],"collection":[{"href":"https:\/\/www.accuratereviews.com\/it\/wp-json\/wp\/v2\/pages"}],"about":[{"href":"https:\/\/www.accuratereviews.com\/it\/wp-json\/wp\/v2\/types\/page"}],"author":[{"embeddable":true,"href":"https:\/\/www.accuratereviews.com\/it\/wp-json\/wp\/v2\/users\/19"}],"replies":[{"embeddable":true,"href":"https:\/\/www.accuratereviews.com\/it\/wp-json\/wp\/v2\/comments?post=72415"}],"version-history":[{"count":5,"href":"https:\/\/www.accuratereviews.com\/it\/wp-json\/wp\/v2\/pages\/72415\/revisions"}],"predecessor-version":[{"id":72427,"href":"https:\/\/www.accuratereviews.com\/it\/wp-json\/wp\/v2\/pages\/72415\/revisions\/72427"}],"up":[{"embeddable":true,"href":"https:\/\/www.accuratereviews.com\/it\/wp-json\/wp\/v2\/pages\/71820"}],"wp:featuredmedia":[{"embeddable":true,"href":"https:\/\/www.accuratereviews.com\/it\/wp-json\/wp\/v2\/media\/72416"}],"wp:attachment":[{"href":"https:\/\/www.accuratereviews.com\/it\/wp-json\/wp\/v2\/media?parent=72415"}],"wp:term":[{"taxonomy":"category","embeddable":true,"href":"https:\/\/www.accuratereviews.com\/it\/wp-json\/wp\/v2\/categories?post=72415"},{"taxonomy":"post_tag","embeddable":true,"href":"https:\/\/www.accuratereviews.com\/it\/wp-json\/wp\/v2\/tags?post=72415"},{"taxonomy":"features","embeddable":true,"href":"https:\/\/www.accuratereviews.com\/it\/wp-json\/wp\/v2\/features?post=72415"}],"curies":[{"name":"wp","href":"https:\/\/api.w.org\/{rel}","templated":true}]}}