{"id":72438,"date":"2023-10-24T16:16:47","date_gmt":"2023-10-24T16:16:47","guid":{"rendered":"https:\/\/www.accuratereviews.com\/?page_id=72438"},"modified":"2023-10-25T09:27:11","modified_gmt":"2023-10-25T09:27:11","slug":"o3-recensione","status":"publish","type":"page","link":"https:\/\/www.accuratereviews.com\/it\/software-progetti-agile\/o3-recensione\/","title":{"rendered":"O3"},"content":{"rendered":"<p>Le soluzioni software di <strong>O3<\/strong> sono realizzate appositamente per l&#8217;edilizia e sono progettate per supportare il tuo percorso di modernizzazione. Dalla pianificazione della forza lavoro al pacchetto di lavoro avanzato e completo, alla gestione <strong>agile dei progetti<\/strong> e alla trasformazione digitale, <strong>O3<\/strong> \u00e8 qui per supportare progetti, portfolio o iniziative aziendali.<br \/>\nLa piattaforma supporta un programma Advanced Work Packaging permettendo ai suoi clienti di raggiungere gli obiettivi prefissati.<\/p>\n<h2>O3 &#8211; TUTORIAL<\/h2>\n<div id=\"fluid-wrapper-counter-1\" class=\"g1-fluid-wrapper \" style=\"width:686px;\">\n<div style=\"padding-bottom:56.268221574344%;\"><iframe loading=\"lazy\" title=\"The best AWP software for industrial construction.\" width=\"686\" height=\"386\" src=\"https:\/\/www.youtube.com\/embed\/2T09tVXRviQ?feature=oembed&amp;wmode=transparent&amp;autohide=1&amp;autoplay=0&amp;disablekb=0&amp;fs=1&amp;loop=0&amp;enablejsapi=1&amp;rel=0&amp;controls=2&amp;showinfo=0&amp;wmode=transparent&amp;autohide=2&amp;autoplay=0&amp;disablekb=0&amp;fs=1&amp;loop=0&amp;enablejsapi=1&amp;rel=0&amp;controls=2&amp;showinfo=1\" frameborder=\"0\" allow=\"accelerometer; autoplay; clipboard-write; encrypted-media; gyroscope; picture-in-picture; web-share\" allowfullscreen><\/iframe><\/div>\n<\/div>\n<h3>O3 &#8211; CARATTERISTICHE<\/h3>\n<ul>\n<li>Gli appaltatori possono creare e gestire pacchetti e vincoli<\/li>\n<li>Flussi di lavoro sullo stato, approvazioni, strumenti di vincolo<\/li>\n<li>Dati rilevanti, contesto e filtri in tutti i tipi di modelli supportati<\/li>\n<li>Moderna piattaforma SaaS compatibile con qualsiasi strumento di ingegneria, con o senza modello 3D<\/li>\n<li>Robusta struttura di ruoli e autorizzazioni<\/li>\n<li>Le curve di avanzamento forniscono una visione rapida, efficiente e standardizzata dello stato di avanzamento<br \/>\nPiattaforma SaaS moderna senza Thick Client da installare<\/li>\n<li>Robusto strumento AWP che include 10 tipi di pacchetti di lavoro<\/li>\n<li>Misurazione automatizzata dello stato dei processi<\/li>\n<li>Analisi predittiva per guidare la correzione della rotta<\/li>\n<li>Libreria delle migliori pratiche AWP<\/li>\n<li>Moderna piattaforma SaaS<\/li>\n<li>Gestione completa delle attivit\u00e0<\/li>\n<li>Framework agile per la pianificazione dello sprint<\/li>\n<li>Monitoraggio degli obiettivi incorporato<\/li>\n<li>Reporting e analisi della dashboard in tempo reale<\/li>\n<\/ul>\n<h4>LE RECENSIONI DEGLI UTENTI<\/h4>\n<p><strong>Sanie Joel&#8221;Fantastico software di gestione di attivit\u00e0 e progetti&#8221;<\/strong><br \/>\n<strong>Commenti<\/strong>: Strumento potente e facile da usare per la gestione dei nostri progetti e attivit\u00e0.<br \/>\n<strong>Pro<\/strong>: La caratteristica che mi piace di pi\u00f9 \u00e8 la facilit\u00e0 nel gestire le attivit\u00e0 e nell&#8217;esaminare le diverse attivit\u00e0 create dai nostri pianificatori nei diversi progetti che gestiamo.<br \/>\n<strong>Contro<\/strong>: Finora non ho alcun feedback negativo per O3.<\/p>\n<p><strong>Scott&#8221;Usiamo parecchio O3 nel petrolio e nel gas offshore&#8221;<\/strong><br \/>\n<strong>Commenti<\/strong>: \u00c8 stato un piacere lavorare con il team per ottenere ci\u00f2 di cui abbiamo bisogno. Generalmente forniscono un supporto rapido alle richieste.<br \/>\n<strong>Pro<\/strong>: Mi piace la possibilit\u00e0 di trovare quasi tutte le informazioni necessarie per capire quale lavoro \u00e8 previsto e\/o completato. Disegni, foto, storia del work pack.<br \/>\n<strong>Contro<\/strong>: La navigazione non \u00e8 molto intuitiva. Hanno creato repository\/schede apparentemente per tutti i diversi clienti e non \u00e8 un flusso di lavoro molto ovvio su quali informazioni vadano in quale punto. Credo che questo sia personalizzabile per sito, quindi potrebbe essere un problema con il nostro lancio.<\/p>\n<p><strong>Vinod Kumar&#8221;O3 Gestione della costruzione&#8221;<\/strong><br \/>\n<strong>Commenti<\/strong>: Soddisfacente<br \/>\n<strong>Pro<\/strong>: Facilita la pianificazione e la gestione dei pacchetti di lavoro<br \/>\n<strong>Contro<\/strong>: O3 pu\u00f2 portare EDMS che sar\u00e0 una suite completa. Nello scenario attuale l&#8217;O3 non pu\u00f2 essere utilizzato esclusivamente per la gestione della costruzione. Richiedeva la sincronizzazione con qualsiasi EDMS.<\/p>\n","protected":false},"excerpt":{"rendered":"<p>Le soluzioni software di O3 sono realizzate appositamente per l&#8217;edilizia e sono progettate per supportare il tuo percorso di modernizzazione. Dalla pianificazione della forza lavoro al pacchetto di lavoro avanzato e completo, alla gestione agile dei progetti e alla trasformazione digitale, O3 \u00e8 qui per supportare progetti, portfolio o iniziative aziendali.<\/p>\n","protected":false},"author":19,"featured_media":72441,"parent":71820,"menu_order":0,"comment_status":"open","ping_status":"closed","template":"g1_template_page_review_new.php","meta":{"_acf_changed":false,"cwp_meta_box_check":"Yes","cwp_rev_product_name":"","cwp_rev_product_image":"","wppr_links":[],"cwp_rev_price":"0.00","wppr_options":[{"name":"Usability","value":"0"},{"name":"Speed","value":"0"},{"name":"Features","value":"0"},{"name":"Support","value":"0"},{"name":"Pricing","value":"0"}],"wppr_pros":["","","","",""],"wppr_cons":["","","","",""],"_monsterinsights_skip_tracking":false,"_monsterinsights_sitenote_active":false,"_monsterinsights_sitenote_note":"","_monsterinsights_sitenote_category":0,"footnotes":""},"categories":[2892],"tags":[2916,14655,14716,2992,14666,14656,14658,2989,2985,2990,2984],"features":[],"class_list":{"0":"post-72438","1":"page","2":"type-page","3":"status-publish","4":"has-post-thumbnail","6":"category-gestionale-per-progetti-agile","7":"tag-gestionale-agile","8":"tag-gestionale-progetti-agile","9":"tag-o3","10":"tag-piattaforma-gestionale-agile","11":"tag-piattaforma-gestionale-progetti-agile","12":"tag-programma-gestionale-agile","13":"tag-programma-gestionale-progetti-agile","14":"tag-software-gestionale-agile","15":"tag-software-gestionale-progetti-agile","16":"tag-soluzione-gestionale-agile","17":"tag-soluzione-gestionale-progetti-agile"},"wppr_data":{"cwp_meta_box_check":"Yes","_wppr_review_template":"default","cwp_rev_product_image":"","cwp_image_link":"image","wppr_links":[],"cwp_rev_price":"0.00","wppr_pros":["","","","",""],"wppr_cons":["","","","",""],"wppr_rating":"0.00","wppr_options":{"1":{"name":"Usability","value":"0"},"2":{"name":"Speed","value":"0"},"3":{"name":"Features","value":"0"},"4":{"name":"Support","value":"0"},"5":{"name":"Pricing","value":"0"}},"wppr_review_type":"Product","wppr_review_custom_fields":{"additionalProperty":"","additionalType":"","aggregateRating":"","alternateName":"","audience":"","award":"","awards":"","brand":"","color":"","depth":"","description":"","disambiguatingDescription":"","gtin12":"","gtin13":"","gtin14":"","gtin8":"","height":"","identifier":"","image":"","isAccessoryOrSparePartFor":"","isConsumableFor":"","isRelatedTo":"","isSimilarTo":"","itemCondition":"","logo":"","mainEntityOfPage":"","manufacturer":"","material":"","model":"","mpn":"","name":"","offers":"","potentialAction":"","productID":"","productionDate":"","purchaseDate":"","releaseDate":"","review":"","reviews":"","sameAs":"","sku":"","slogan":"","subjectOf":"","url":"","weight":"","width":""}},"acf":[],"yoast_head":"<!-- This site is optimized with the Yoast SEO plugin v27.4 - https:\/\/yoast.com\/product\/yoast-seo-wordpress\/ -->\n<title>O3: recensione software gestionale progetti agile - Accurate Reviews<\/title>\n<meta name=\"description\" content=\"O3: software gestionale progetti agile realizzato per l&#039;edilizia per supportare il tuo percorso di modernizzazione.\" \/>\n<meta name=\"robots\" content=\"index, follow, max-snippet:-1, max-image-preview:large, max-video-preview:-1\" \/>\n<link rel=\"canonical\" href=\"https:\/\/www.accuratereviews.com\/it\/software-progetti-agile\/o3-recensione\/\" \/>\n<meta property=\"og:locale\" content=\"it_IT\" \/>\n<meta property=\"og:type\" content=\"article\" \/>\n<meta property=\"og:title\" content=\"O3: recensione software gestionale progetti agile - Accurate Reviews\" \/>\n<meta property=\"og:description\" content=\"O3: software gestionale progetti agile realizzato per l&#039;edilizia per supportare il tuo percorso di modernizzazione.\" \/>\n<meta property=\"og:url\" content=\"https:\/\/www.accuratereviews.com\/it\/software-progetti-agile\/o3-recensione\/\" \/>\n<meta property=\"og:site_name\" content=\"Accurate Reviews\" \/>\n<meta property=\"article:modified_time\" content=\"2023-10-25T09:27:11+00:00\" \/>\n<meta property=\"og:image\" content=\"https:\/\/www.accuratereviews.com\/wp-content\/uploads\/2023\/10\/O3.png\" \/>\n\t<meta property=\"og:image:width\" content=\"225\" \/>\n\t<meta property=\"og:image:height\" content=\"225\" \/>\n\t<meta property=\"og:image:type\" content=\"image\/png\" \/>\n<meta name=\"twitter:card\" content=\"summary_large_image\" \/>\n<meta name=\"twitter:label1\" content=\"Tempo di lettura stimato\" \/>\n\t<meta name=\"twitter:data1\" content=\"3 minuti\" \/>\n<script type=\"application\/ld+json\" class=\"yoast-schema-graph\">{\"@context\":\"https:\\\/\\\/schema.org\",\"@graph\":[{\"@type\":\"WebPage\",\"@id\":\"https:\\\/\\\/www.accuratereviews.com\\\/it\\\/software-progetti-agile\\\/o3-recensione\\\/\",\"url\":\"https:\\\/\\\/www.accuratereviews.com\\\/it\\\/software-progetti-agile\\\/o3-recensione\\\/\",\"name\":\"O3: recensione software gestionale progetti agile - Accurate Reviews\",\"isPartOf\":{\"@id\":\"https:\\\/\\\/www.accuratereviews.com\\\/it\\\/#website\"},\"primaryImageOfPage\":{\"@id\":\"https:\\\/\\\/www.accuratereviews.com\\\/it\\\/software-progetti-agile\\\/o3-recensione\\\/#primaryimage\"},\"image\":{\"@id\":\"https:\\\/\\\/www.accuratereviews.com\\\/it\\\/software-progetti-agile\\\/o3-recensione\\\/#primaryimage\"},\"thumbnailUrl\":\"https:\\\/\\\/www.accuratereviews.com\\\/wp-content\\\/uploads\\\/2023\\\/10\\\/O3.png\",\"datePublished\":\"2023-10-24T16:16:47+00:00\",\"dateModified\":\"2023-10-25T09:27:11+00:00\",\"description\":\"O3: software gestionale progetti agile realizzato per l'edilizia per supportare il tuo percorso di modernizzazione.\",\"breadcrumb\":{\"@id\":\"https:\\\/\\\/www.accuratereviews.com\\\/it\\\/software-progetti-agile\\\/o3-recensione\\\/#breadcrumb\"},\"inLanguage\":\"it-IT\",\"potentialAction\":[{\"@type\":\"ReadAction\",\"target\":[\"https:\\\/\\\/www.accuratereviews.com\\\/it\\\/software-progetti-agile\\\/o3-recensione\\\/\"]}]},{\"@type\":\"ImageObject\",\"inLanguage\":\"it-IT\",\"@id\":\"https:\\\/\\\/www.accuratereviews.com\\\/it\\\/software-progetti-agile\\\/o3-recensione\\\/#primaryimage\",\"url\":\"https:\\\/\\\/www.accuratereviews.com\\\/wp-content\\\/uploads\\\/2023\\\/10\\\/O3.png\",\"contentUrl\":\"https:\\\/\\\/www.accuratereviews.com\\\/wp-content\\\/uploads\\\/2023\\\/10\\\/O3.png\",\"width\":225,\"height\":225},{\"@type\":\"BreadcrumbList\",\"@id\":\"https:\\\/\\\/www.accuratereviews.com\\\/it\\\/software-progetti-agile\\\/o3-recensione\\\/#breadcrumb\",\"itemListElement\":[{\"@type\":\"ListItem\",\"position\":1,\"name\":\"Home\",\"item\":\"https:\\\/\\\/www.accuratereviews.com\\\/it\\\/\"},{\"@type\":\"ListItem\",\"position\":2,\"name\":\"Software progetti Agile\",\"item\":\"https:\\\/\\\/www.accuratereviews.com\\\/it\\\/software-progetti-agile\\\/\"},{\"@type\":\"ListItem\",\"position\":3,\"name\":\"O3\"}]},{\"@type\":\"WebSite\",\"@id\":\"https:\\\/\\\/www.accuratereviews.com\\\/it\\\/#website\",\"url\":\"https:\\\/\\\/www.accuratereviews.com\\\/it\\\/\",\"name\":\"Accurate Reviews\",\"description\":\"\",\"potentialAction\":[{\"@type\":\"SearchAction\",\"target\":{\"@type\":\"EntryPoint\",\"urlTemplate\":\"https:\\\/\\\/www.accuratereviews.com\\\/it\\\/?s={search_term_string}\"},\"query-input\":{\"@type\":\"PropertyValueSpecification\",\"valueRequired\":true,\"valueName\":\"search_term_string\"}}],\"inLanguage\":\"it-IT\"}]}<\/script>\n<!-- \/ Yoast SEO plugin. -->","yoast_head_json":{"title":"O3: recensione software gestionale progetti agile - Accurate Reviews","description":"O3: software gestionale progetti agile realizzato per l'edilizia per supportare il tuo percorso di modernizzazione.","robots":{"index":"index","follow":"follow","max-snippet":"max-snippet:-1","max-image-preview":"max-image-preview:large","max-video-preview":"max-video-preview:-1"},"canonical":"https:\/\/www.accuratereviews.com\/it\/software-progetti-agile\/o3-recensione\/","og_locale":"it_IT","og_type":"article","og_title":"O3: recensione software gestionale progetti agile - Accurate Reviews","og_description":"O3: software gestionale progetti agile realizzato per l'edilizia per supportare il tuo percorso di modernizzazione.","og_url":"https:\/\/www.accuratereviews.com\/it\/software-progetti-agile\/o3-recensione\/","og_site_name":"Accurate Reviews","article_modified_time":"2023-10-25T09:27:11+00:00","og_image":[{"width":225,"height":225,"url":"https:\/\/www.accuratereviews.com\/wp-content\/uploads\/2023\/10\/O3.png","type":"image\/png"}],"twitter_card":"summary_large_image","twitter_misc":{"Tempo di lettura stimato":"3 minuti"},"schema":{"@context":"https:\/\/schema.org","@graph":[{"@type":"WebPage","@id":"https:\/\/www.accuratereviews.com\/it\/software-progetti-agile\/o3-recensione\/","url":"https:\/\/www.accuratereviews.com\/it\/software-progetti-agile\/o3-recensione\/","name":"O3: recensione software gestionale progetti agile - Accurate Reviews","isPartOf":{"@id":"https:\/\/www.accuratereviews.com\/it\/#website"},"primaryImageOfPage":{"@id":"https:\/\/www.accuratereviews.com\/it\/software-progetti-agile\/o3-recensione\/#primaryimage"},"image":{"@id":"https:\/\/www.accuratereviews.com\/it\/software-progetti-agile\/o3-recensione\/#primaryimage"},"thumbnailUrl":"https:\/\/www.accuratereviews.com\/wp-content\/uploads\/2023\/10\/O3.png","datePublished":"2023-10-24T16:16:47+00:00","dateModified":"2023-10-25T09:27:11+00:00","description":"O3: software gestionale progetti agile realizzato per l'edilizia per supportare il tuo percorso di modernizzazione.","breadcrumb":{"@id":"https:\/\/www.accuratereviews.com\/it\/software-progetti-agile\/o3-recensione\/#breadcrumb"},"inLanguage":"it-IT","potentialAction":[{"@type":"ReadAction","target":["https:\/\/www.accuratereviews.com\/it\/software-progetti-agile\/o3-recensione\/"]}]},{"@type":"ImageObject","inLanguage":"it-IT","@id":"https:\/\/www.accuratereviews.com\/it\/software-progetti-agile\/o3-recensione\/#primaryimage","url":"https:\/\/www.accuratereviews.com\/wp-content\/uploads\/2023\/10\/O3.png","contentUrl":"https:\/\/www.accuratereviews.com\/wp-content\/uploads\/2023\/10\/O3.png","width":225,"height":225},{"@type":"BreadcrumbList","@id":"https:\/\/www.accuratereviews.com\/it\/software-progetti-agile\/o3-recensione\/#breadcrumb","itemListElement":[{"@type":"ListItem","position":1,"name":"Home","item":"https:\/\/www.accuratereviews.com\/it\/"},{"@type":"ListItem","position":2,"name":"Software progetti Agile","item":"https:\/\/www.accuratereviews.com\/it\/software-progetti-agile\/"},{"@type":"ListItem","position":3,"name":"O3"}]},{"@type":"WebSite","@id":"https:\/\/www.accuratereviews.com\/it\/#website","url":"https:\/\/www.accuratereviews.com\/it\/","name":"Accurate Reviews","description":"","potentialAction":[{"@type":"SearchAction","target":{"@type":"EntryPoint","urlTemplate":"https:\/\/www.accuratereviews.com\/it\/?s={search_term_string}"},"query-input":{"@type":"PropertyValueSpecification","valueRequired":true,"valueName":"search_term_string"}}],"inLanguage":"it-IT"}]}},"_links":{"self":[{"href":"https:\/\/www.accuratereviews.com\/it\/wp-json\/wp\/v2\/pages\/72438","targetHints":{"allow":["GET"]}}],"collection":[{"href":"https:\/\/www.accuratereviews.com\/it\/wp-json\/wp\/v2\/pages"}],"about":[{"href":"https:\/\/www.accuratereviews.com\/it\/wp-json\/wp\/v2\/types\/page"}],"author":[{"embeddable":true,"href":"https:\/\/www.accuratereviews.com\/it\/wp-json\/wp\/v2\/users\/19"}],"replies":[{"embeddable":true,"href":"https:\/\/www.accuratereviews.com\/it\/wp-json\/wp\/v2\/comments?post=72438"}],"version-history":[{"count":10,"href":"https:\/\/www.accuratereviews.com\/it\/wp-json\/wp\/v2\/pages\/72438\/revisions"}],"predecessor-version":[{"id":72509,"href":"https:\/\/www.accuratereviews.com\/it\/wp-json\/wp\/v2\/pages\/72438\/revisions\/72509"}],"up":[{"embeddable":true,"href":"https:\/\/www.accuratereviews.com\/it\/wp-json\/wp\/v2\/pages\/71820"}],"wp:featuredmedia":[{"embeddable":true,"href":"https:\/\/www.accuratereviews.com\/it\/wp-json\/wp\/v2\/media\/72441"}],"wp:attachment":[{"href":"https:\/\/www.accuratereviews.com\/it\/wp-json\/wp\/v2\/media?parent=72438"}],"wp:term":[{"taxonomy":"category","embeddable":true,"href":"https:\/\/www.accuratereviews.com\/it\/wp-json\/wp\/v2\/categories?post=72438"},{"taxonomy":"post_tag","embeddable":true,"href":"https:\/\/www.accuratereviews.com\/it\/wp-json\/wp\/v2\/tags?post=72438"},{"taxonomy":"features","embeddable":true,"href":"https:\/\/www.accuratereviews.com\/it\/wp-json\/wp\/v2\/features?post=72438"}],"curies":[{"name":"wp","href":"https:\/\/api.w.org\/{rel}","templated":true}]}}