{"id":72499,"date":"2023-10-25T15:55:37","date_gmt":"2023-10-25T15:55:37","guid":{"rendered":"https:\/\/www.accuratereviews.com\/?page_id=72499"},"modified":"2023-10-25T15:55:37","modified_gmt":"2023-10-25T15:55:37","slug":"storiesonboard-recensione","status":"publish","type":"page","link":"https:\/\/www.accuratereviews.com\/it\/software-progetti-agile\/storiesonboard-recensione\/","title":{"rendered":"StoriesOnBoard"},"content":{"rendered":"<p><strong>StoriesOnBoard<\/strong> \u00e8 uno strumento di gestione del prodotto progettato per team di<strong> prodotti agili.<\/strong> Sviluppa e stabilisci la priorit\u00e0 delle idee, comprendi i requisiti degli utenti e trasformali in storie e funzionalit\u00e0 degli utenti. Collabora in modo efficace, pianifica e gestisci le iterazioni e crea prototipi di prodotto. Raccogli e gestisci feedback, idee e requisiti per le funzionalit\u00e0 e invita le parti interessate e persino i clienti a pianificare cosa sviluppare successivamente.<br \/>\n<strong>StoriesOnBoard <\/strong>dispone di integrazioni con JIRA, Trello, Azure DevOps Server, Zapier, Google Chrome, Figma, Pivotal Tracker, Slack, GitHub, Confluence, Google Workspace, FlowDock e OneLogin e altro ancora. La dashboard interattiva di StoriesOnBoard consente ai manager di generare ed esportare report in formato Excel per ottenere informazioni dettagliate sulle attivit\u00e0 in sospeso, in corso e completate.<\/p>\n<h2>STORIESONBOARD &#8211; TUTORIAL<\/h2>\n<div id=\"fluid-wrapper-counter-1\" class=\"g1-fluid-wrapper \" style=\"width:686px;\">\n<div style=\"padding-bottom:56.268221574344%;\"><iframe loading=\"lazy\" title=\"Generate user stories with AI\" width=\"686\" height=\"386\" src=\"https:\/\/www.youtube.com\/embed\/LqQk2pNFFQ0?feature=oembed&amp;wmode=transparent&amp;autohide=1&amp;autoplay=0&amp;disablekb=0&amp;fs=1&amp;loop=0&amp;enablejsapi=1&amp;rel=0&amp;controls=2&amp;showinfo=0&amp;wmode=transparent&amp;autohide=2&amp;autoplay=0&amp;disablekb=0&amp;fs=1&amp;loop=0&amp;enablejsapi=1&amp;rel=0&amp;controls=2&amp;showinfo=1\" frameborder=\"0\" allow=\"accelerometer; autoplay; clipboard-write; encrypted-media; gyroscope; picture-in-picture; web-share\" allowfullscreen><\/iframe><\/div>\n<\/div>\n<h3>STORIESONBOARD &#8211; CARATTERISTICHE<\/h3>\n<ul>\n<li>Raggruppare la conoscenza del prodotto in idee funzionali di livello superiore<\/li>\n<li>Aggiungi informazioni dettagliate su utenti e parti interessate a un&#8217;idea in un secondo momento<\/li>\n<li>Monitoraggio del feedback degli utenti e delle parti interessate da diversi canali su un&#8217;unica piattaforma<\/li>\n<li>Acquisisci rapidamente le tue informazioni sul prodotto mentre navighi sul web<\/li>\n<li>Archivia la fonte degli approfondimenti e delle idee sui prodotti in modo da poterli monitorare in seguito<\/li>\n<li>Collabora con il tuo team per sviluppare idee sulle funzionalit\u00e0<\/li>\n<li>Aggiungi allegati come modelli e collegamenti a idee in primo piano<\/li>\n<li>Assegna tag diversi alle idee per classificarle<\/li>\n<li>Creare una tabella di marcia in modo che le parti interessate sappiano cosa c&#8217;\u00e8 nel radar dello sviluppo.<\/li>\n<li>Rendi pubblica la roadmap o condividila con pochi utenti.<\/li>\n<li>Consenti ai tuoi utenti esperti di votare e commentare i pensieri.<\/li>\n<li>Pianifica le iterazioni tracciando le idee su uno storyboard.<\/li>\n<li>Trova il posto giusto per la tua idea nella user story<\/li>\n<li>Prendi in considerazione azioni alternative da parte dell&#8217;utente e stabilisci le priorit\u00e0<\/li>\n<li>Notifica semplice di tutti gli utenti e le parti interessate rilevanti<\/li>\n<li>Migliora il coinvolgimento esprimendo apprezzamento per il loro feedback<\/li>\n<li>Costruisci una forte base di utenti attorno al tuo prodotto<\/li>\n<li>Trasforma il tuo backlog di prodotto in una roadmap strategica con pochi clic<\/li>\n<li>Scegli uno dei modelli di roadmap<\/li>\n<li>Raggruppa gli elementi del backlog per versioni<\/li>\n<li>Coinvolgi gratuitamente le parti interessate e i membri del team come spettatori<\/li>\n<li>I visualizzatori possono aprire gli elementi della roadmap e lasciare commenti e feedback<\/li>\n<li>Copia il piano della tua roadmap per creare un punto di vista diverso: gli elementi sono sincronizzati<\/li>\n<li>Ottieni una rapida panoramica dello stato di avanzamento di ciascun elemento della roadmap<\/li>\n<li>Crea un report sullo stato pronto per la lavagna con un solo clic<\/li>\n<li>Navigazione rapida a qualsiasi elemento correlato, ad esempio una versione, un&#8217;epopea o anche una storia utente<\/li>\n<li>Organizza gli elementi della tua roadmap in trimestri o gruppi di priorit\u00e0<\/li>\n<li>Utilizza le etichette per migliorare la chiarezza visiva della roadmap del prodotto<\/li>\n<\/ul>\n<h4>LE RECENSIONI DEGLI UTENTI<\/h4>\n<p><strong>David &#8220;Ancora il miglior strumento di mappatura delle storie sul mercato&#8221;<\/strong><br \/>\n<strong>Pro:<\/strong> Mi piacciono di pi\u00f9 le scorciatoie da tastiera in StoriesOnBoard. Consente una facile navigazione e modifica delle carte in modo efficiente rispetto ad altri strumenti di mappatura delle storie disponibili sul mercato.<br \/>\n<strong>Contro<\/strong>: Normalmente avrei detto che l&#8217;estetica del design visivo avrebbe potuto essere migliorata, ma l&#8217;ultima serie di aggiornamenti ha fatto una drastica differenza. Vorrei che l&#8217;integrazione tra JIRA e StoriesOnBoard fosse pi\u00f9 solida per i progetti Nextgen.<\/p>\n<p><strong>Piotr &#8220;StoriesOnBoard: uno strumento per definire le idee dei prodotti&#8221;<\/strong><br \/>\n<strong>Commenti<\/strong>: Come squadra stavamo utilizzando questo strumento per definire l&#8217;idea delle app. \u00c8 lo strumento pi\u00f9 intuitivo che conosco sul mercato ed \u00e8 molto utile quando devi definire l&#8217;ambito della funzionalit\u00e0 o dell&#8217;app in modo rapido e trasparente per ragazzi non tecnici.<br \/>\n<strong>Pro<\/strong>: Gestione della tastiera, supporto, riprogettazione con aspetto moderno, filtraggio, aggiunta di colore<br \/>\n<strong>Contro<\/strong>: Selezione di pi\u00f9 carte, nuovo modo di aggiungere colore alle mappe ridisegnate: non \u00e8 cos\u00ec veloce come prima<\/p>\n<p><strong>Bram &#8220;Ho solo 2 strumenti che considero essenziali per il mio lavoro e Storiesonboard \u00e8 uno di questi!&#8221;<\/strong><br \/>\n<strong>Commenti<\/strong>: La mappatura delle storie \u00e8 la tecnica pi\u00f9 utile che conosco per visualizzare qualsiasi tipo di progetto o processo. Utilizzo StoriesOnBoard ormai da oltre 6 anni e non potrei immaginare uno strumento migliore e facile da usare (e continua a migliorare continuamente!) Ma non solo il loro prodotto \u00e8 eccezionale, ma anche il loro servizio clienti \u00e8 davvero eccezionale. \u00a0Quando ho cambiato azienda, ho chiesto loro se potevano estendere la mia licenza gratuita mentre cercavo di convincere il mio nuovo manager. per iniziare a utilizzare StoriesOnBoard. Risposta personale immediata, demo utili, aiuto pratico nella configurazione di nuove funzionalit\u00e0, estensione gratuita della mia licenza personale mentre convinco mgmt. al mio nuovo lavoro per pagarlo \ud83d\ude0a.<br \/>\n<strong>Pro<\/strong>: La mappatura delle storie come tecnica ha lo scopo di creare una comprensione condivisa attraverso il pensiero esternalizzato. Il modo in cui Storiesonboard lo supporta in modo cos\u00ec fluido \u00e8 ci\u00f2 che mi piace di pi\u00f9. Quando chiedo a qualcuno di spiegare il suo progetto, posso visualizzare ci\u00f2 che sta dicendo alla velocit\u00e0 con cui lo spiega. \u00c8 facilissimo da usare. Lo uso per mappare visivamente qualsiasi tipo di progetto in cui sono coinvolto. Dai progetti software su larga scala alla pianificazione delle ristrutturazioni della mia casa. Quando lavoravo con i clienti, era il punto di partenza visualizzare l&#8217;ambito, il board per fornire il contesto per le stime, la base per un&#8217;offerta al cliente e la panoramica per monitorare i progressi una volta iniziato.<br \/>\n<strong>Contro<\/strong>: Solo una piccola osservazione, ma l&#8217;esportazione per excel, sebbene perfettamente funzionante, potrebbe essere migliorata. In particolare, il fatto che esporti alcuni contenuti nei commenti invece che in nuove colonne. Un&#8217;integrazione che spero \u00e8 la possibilit\u00e0 di incorporare una story map in uno strumento di lavagna, come Miro, per raggruppare visivamente informazioni ancora pi\u00f9 rilevanti attorno al mappa stessa.<\/p>\n","protected":false},"excerpt":{"rendered":"<p>StoriesOnBoard \u00e8 uno strumento di gestione del prodotto progettato per team di prodotti agili. Sviluppa e stabilisci la priorit\u00e0 delle idee, comprendi i requisiti degli utenti e trasformali in storie e funzionalit\u00e0 degli utenti. Collabora in modo efficace, pianifica e gestisci le iterazioni e crea prototipi di prodotto. Raccogli e gestisci feedback, idee e requisiti per le funzionalit\u00e0 e invita le parti interessate e persino i clienti a pianificare cosa sviluppare successivamente.<\/p>\n","protected":false},"author":19,"featured_media":72500,"parent":71820,"menu_order":0,"comment_status":"open","ping_status":"closed","template":"g1_template_page_review_new.php","meta":{"_acf_changed":false,"cwp_meta_box_check":"Yes","cwp_rev_product_name":"","cwp_rev_product_image":"","wppr_links":[],"cwp_rev_price":"0.00","wppr_options":[{"name":"Usability","value":"0"},{"name":"Speed","value":"0"},{"name":"Features","value":"0"},{"name":"Support","value":"0"},{"name":"Pricing","value":"0"}],"wppr_pros":["","","","",""],"wppr_cons":["","","","",""],"_monsterinsights_skip_tracking":false,"_monsterinsights_sitenote_active":false,"_monsterinsights_sitenote_note":"","_monsterinsights_sitenote_category":0,"footnotes":""},"categories":[2892],"tags":[2916,14655,2992,14666,14656,14658,2989,2985,2990,2984,14724],"features":[],"class_list":{"0":"post-72499","1":"page","2":"type-page","3":"status-publish","4":"has-post-thumbnail","6":"category-gestionale-per-progetti-agile","7":"tag-gestionale-agile","8":"tag-gestionale-progetti-agile","9":"tag-piattaforma-gestionale-agile","10":"tag-piattaforma-gestionale-progetti-agile","11":"tag-programma-gestionale-agile","12":"tag-programma-gestionale-progetti-agile","13":"tag-software-gestionale-agile","14":"tag-software-gestionale-progetti-agile","15":"tag-soluzione-gestionale-agile","16":"tag-soluzione-gestionale-progetti-agile","17":"tag-storiesonboard"},"wppr_data":{"cwp_meta_box_check":"Yes","_wppr_review_template":"default","cwp_rev_product_image":"","cwp_image_link":"image","wppr_links":[],"cwp_rev_price":"0.00","wppr_pros":["","","","",""],"wppr_cons":["","","","",""],"wppr_rating":"0.00","wppr_options":{"1":{"name":"Usability","value":"0"},"2":{"name":"Speed","value":"0"},"3":{"name":"Features","value":"0"},"4":{"name":"Support","value":"0"},"5":{"name":"Pricing","value":"0"}},"wppr_review_type":"Product","wppr_review_custom_fields":{"additionalProperty":"","additionalType":"","aggregateRating":"","alternateName":"","audience":"","award":"","awards":"","brand":"","color":"","depth":"","description":"","disambiguatingDescription":"","gtin12":"","gtin13":"","gtin14":"","gtin8":"","height":"","identifier":"","image":"","isAccessoryOrSparePartFor":"","isConsumableFor":"","isRelatedTo":"","isSimilarTo":"","itemCondition":"","logo":"","mainEntityOfPage":"","manufacturer":"","material":"","model":"","mpn":"","name":"","offers":"","potentialAction":"","productID":"","productionDate":"","purchaseDate":"","releaseDate":"","review":"","reviews":"","sameAs":"","sku":"","slogan":"","subjectOf":"","url":"","weight":"","width":""}},"acf":[],"yoast_head":"<!-- This site is optimized with the Yoast SEO plugin v27.4 - https:\/\/yoast.com\/product\/yoast-seo-wordpress\/ -->\n<title>StoriesOnBoard: recensione software gestionale progetti agile - Accurate Reviews<\/title>\n<meta name=\"description\" content=\"StoriesOnBoard: recensione strumento gestione del prodotto progettato per team per raccogliere e gestire feedback, idee e requisiti.\" \/>\n<meta name=\"robots\" content=\"index, follow, max-snippet:-1, max-image-preview:large, max-video-preview:-1\" \/>\n<link rel=\"canonical\" href=\"https:\/\/www.accuratereviews.com\/it\/software-progetti-agile\/storiesonboard-recensione\/\" \/>\n<meta property=\"og:locale\" content=\"it_IT\" \/>\n<meta property=\"og:type\" content=\"article\" \/>\n<meta property=\"og:title\" content=\"StoriesOnBoard: recensione software gestionale progetti agile - Accurate Reviews\" \/>\n<meta property=\"og:description\" content=\"StoriesOnBoard: recensione strumento gestione del prodotto progettato per team per raccogliere e gestire feedback, idee e requisiti.\" \/>\n<meta property=\"og:url\" content=\"https:\/\/www.accuratereviews.com\/it\/software-progetti-agile\/storiesonboard-recensione\/\" \/>\n<meta property=\"og:site_name\" content=\"Accurate Reviews\" \/>\n<meta property=\"og:image\" content=\"https:\/\/www.accuratereviews.com\/wp-content\/uploads\/2023\/10\/StoriesOnBoard.webp\" \/>\n\t<meta property=\"og:image:width\" content=\"1670\" \/>\n\t<meta property=\"og:image:height\" content=\"420\" \/>\n\t<meta property=\"og:image:type\" content=\"image\/webp\" \/>\n<meta name=\"twitter:card\" content=\"summary_large_image\" \/>\n<meta name=\"twitter:label1\" content=\"Tempo di lettura stimato\" \/>\n\t<meta name=\"twitter:data1\" content=\"6 minuti\" \/>\n<script type=\"application\/ld+json\" class=\"yoast-schema-graph\">{\"@context\":\"https:\\\/\\\/schema.org\",\"@graph\":[{\"@type\":\"WebPage\",\"@id\":\"https:\\\/\\\/www.accuratereviews.com\\\/it\\\/software-progetti-agile\\\/storiesonboard-recensione\\\/\",\"url\":\"https:\\\/\\\/www.accuratereviews.com\\\/it\\\/software-progetti-agile\\\/storiesonboard-recensione\\\/\",\"name\":\"StoriesOnBoard: recensione software gestionale progetti agile - Accurate Reviews\",\"isPartOf\":{\"@id\":\"https:\\\/\\\/www.accuratereviews.com\\\/it\\\/#website\"},\"primaryImageOfPage\":{\"@id\":\"https:\\\/\\\/www.accuratereviews.com\\\/it\\\/software-progetti-agile\\\/storiesonboard-recensione\\\/#primaryimage\"},\"image\":{\"@id\":\"https:\\\/\\\/www.accuratereviews.com\\\/it\\\/software-progetti-agile\\\/storiesonboard-recensione\\\/#primaryimage\"},\"thumbnailUrl\":\"https:\\\/\\\/www.accuratereviews.com\\\/wp-content\\\/uploads\\\/2023\\\/10\\\/StoriesOnBoard.webp\",\"datePublished\":\"2023-10-25T15:55:37+00:00\",\"description\":\"StoriesOnBoard: recensione strumento gestione del prodotto progettato per team per raccogliere e gestire feedback, idee e requisiti.\",\"breadcrumb\":{\"@id\":\"https:\\\/\\\/www.accuratereviews.com\\\/it\\\/software-progetti-agile\\\/storiesonboard-recensione\\\/#breadcrumb\"},\"inLanguage\":\"it-IT\",\"potentialAction\":[{\"@type\":\"ReadAction\",\"target\":[\"https:\\\/\\\/www.accuratereviews.com\\\/it\\\/software-progetti-agile\\\/storiesonboard-recensione\\\/\"]}]},{\"@type\":\"ImageObject\",\"inLanguage\":\"it-IT\",\"@id\":\"https:\\\/\\\/www.accuratereviews.com\\\/it\\\/software-progetti-agile\\\/storiesonboard-recensione\\\/#primaryimage\",\"url\":\"https:\\\/\\\/www.accuratereviews.com\\\/wp-content\\\/uploads\\\/2023\\\/10\\\/StoriesOnBoard.webp\",\"contentUrl\":\"https:\\\/\\\/www.accuratereviews.com\\\/wp-content\\\/uploads\\\/2023\\\/10\\\/StoriesOnBoard.webp\",\"width\":1670,\"height\":420},{\"@type\":\"BreadcrumbList\",\"@id\":\"https:\\\/\\\/www.accuratereviews.com\\\/it\\\/software-progetti-agile\\\/storiesonboard-recensione\\\/#breadcrumb\",\"itemListElement\":[{\"@type\":\"ListItem\",\"position\":1,\"name\":\"Home\",\"item\":\"https:\\\/\\\/www.accuratereviews.com\\\/it\\\/\"},{\"@type\":\"ListItem\",\"position\":2,\"name\":\"Software progetti Agile\",\"item\":\"https:\\\/\\\/www.accuratereviews.com\\\/it\\\/software-progetti-agile\\\/\"},{\"@type\":\"ListItem\",\"position\":3,\"name\":\"StoriesOnBoard\"}]},{\"@type\":\"WebSite\",\"@id\":\"https:\\\/\\\/www.accuratereviews.com\\\/it\\\/#website\",\"url\":\"https:\\\/\\\/www.accuratereviews.com\\\/it\\\/\",\"name\":\"Accurate Reviews\",\"description\":\"\",\"potentialAction\":[{\"@type\":\"SearchAction\",\"target\":{\"@type\":\"EntryPoint\",\"urlTemplate\":\"https:\\\/\\\/www.accuratereviews.com\\\/it\\\/?s={search_term_string}\"},\"query-input\":{\"@type\":\"PropertyValueSpecification\",\"valueRequired\":true,\"valueName\":\"search_term_string\"}}],\"inLanguage\":\"it-IT\"}]}<\/script>\n<!-- \/ Yoast SEO plugin. -->","yoast_head_json":{"title":"StoriesOnBoard: recensione software gestionale progetti agile - Accurate Reviews","description":"StoriesOnBoard: recensione strumento gestione del prodotto progettato per team per raccogliere e gestire feedback, idee e requisiti.","robots":{"index":"index","follow":"follow","max-snippet":"max-snippet:-1","max-image-preview":"max-image-preview:large","max-video-preview":"max-video-preview:-1"},"canonical":"https:\/\/www.accuratereviews.com\/it\/software-progetti-agile\/storiesonboard-recensione\/","og_locale":"it_IT","og_type":"article","og_title":"StoriesOnBoard: recensione software gestionale progetti agile - Accurate Reviews","og_description":"StoriesOnBoard: recensione strumento gestione del prodotto progettato per team per raccogliere e gestire feedback, idee e requisiti.","og_url":"https:\/\/www.accuratereviews.com\/it\/software-progetti-agile\/storiesonboard-recensione\/","og_site_name":"Accurate Reviews","og_image":[{"width":1670,"height":420,"url":"https:\/\/www.accuratereviews.com\/wp-content\/uploads\/2023\/10\/StoriesOnBoard.webp","type":"image\/webp"}],"twitter_card":"summary_large_image","twitter_misc":{"Tempo di lettura stimato":"6 minuti"},"schema":{"@context":"https:\/\/schema.org","@graph":[{"@type":"WebPage","@id":"https:\/\/www.accuratereviews.com\/it\/software-progetti-agile\/storiesonboard-recensione\/","url":"https:\/\/www.accuratereviews.com\/it\/software-progetti-agile\/storiesonboard-recensione\/","name":"StoriesOnBoard: recensione software gestionale progetti agile - Accurate Reviews","isPartOf":{"@id":"https:\/\/www.accuratereviews.com\/it\/#website"},"primaryImageOfPage":{"@id":"https:\/\/www.accuratereviews.com\/it\/software-progetti-agile\/storiesonboard-recensione\/#primaryimage"},"image":{"@id":"https:\/\/www.accuratereviews.com\/it\/software-progetti-agile\/storiesonboard-recensione\/#primaryimage"},"thumbnailUrl":"https:\/\/www.accuratereviews.com\/wp-content\/uploads\/2023\/10\/StoriesOnBoard.webp","datePublished":"2023-10-25T15:55:37+00:00","description":"StoriesOnBoard: recensione strumento gestione del prodotto progettato per team per raccogliere e gestire feedback, idee e requisiti.","breadcrumb":{"@id":"https:\/\/www.accuratereviews.com\/it\/software-progetti-agile\/storiesonboard-recensione\/#breadcrumb"},"inLanguage":"it-IT","potentialAction":[{"@type":"ReadAction","target":["https:\/\/www.accuratereviews.com\/it\/software-progetti-agile\/storiesonboard-recensione\/"]}]},{"@type":"ImageObject","inLanguage":"it-IT","@id":"https:\/\/www.accuratereviews.com\/it\/software-progetti-agile\/storiesonboard-recensione\/#primaryimage","url":"https:\/\/www.accuratereviews.com\/wp-content\/uploads\/2023\/10\/StoriesOnBoard.webp","contentUrl":"https:\/\/www.accuratereviews.com\/wp-content\/uploads\/2023\/10\/StoriesOnBoard.webp","width":1670,"height":420},{"@type":"BreadcrumbList","@id":"https:\/\/www.accuratereviews.com\/it\/software-progetti-agile\/storiesonboard-recensione\/#breadcrumb","itemListElement":[{"@type":"ListItem","position":1,"name":"Home","item":"https:\/\/www.accuratereviews.com\/it\/"},{"@type":"ListItem","position":2,"name":"Software progetti Agile","item":"https:\/\/www.accuratereviews.com\/it\/software-progetti-agile\/"},{"@type":"ListItem","position":3,"name":"StoriesOnBoard"}]},{"@type":"WebSite","@id":"https:\/\/www.accuratereviews.com\/it\/#website","url":"https:\/\/www.accuratereviews.com\/it\/","name":"Accurate Reviews","description":"","potentialAction":[{"@type":"SearchAction","target":{"@type":"EntryPoint","urlTemplate":"https:\/\/www.accuratereviews.com\/it\/?s={search_term_string}"},"query-input":{"@type":"PropertyValueSpecification","valueRequired":true,"valueName":"search_term_string"}}],"inLanguage":"it-IT"}]}},"_links":{"self":[{"href":"https:\/\/www.accuratereviews.com\/it\/wp-json\/wp\/v2\/pages\/72499","targetHints":{"allow":["GET"]}}],"collection":[{"href":"https:\/\/www.accuratereviews.com\/it\/wp-json\/wp\/v2\/pages"}],"about":[{"href":"https:\/\/www.accuratereviews.com\/it\/wp-json\/wp\/v2\/types\/page"}],"author":[{"embeddable":true,"href":"https:\/\/www.accuratereviews.com\/it\/wp-json\/wp\/v2\/users\/19"}],"replies":[{"embeddable":true,"href":"https:\/\/www.accuratereviews.com\/it\/wp-json\/wp\/v2\/comments?post=72499"}],"version-history":[{"count":10,"href":"https:\/\/www.accuratereviews.com\/it\/wp-json\/wp\/v2\/pages\/72499\/revisions"}],"predecessor-version":[{"id":72516,"href":"https:\/\/www.accuratereviews.com\/it\/wp-json\/wp\/v2\/pages\/72499\/revisions\/72516"}],"up":[{"embeddable":true,"href":"https:\/\/www.accuratereviews.com\/it\/wp-json\/wp\/v2\/pages\/71820"}],"wp:featuredmedia":[{"embeddable":true,"href":"https:\/\/www.accuratereviews.com\/it\/wp-json\/wp\/v2\/media\/72500"}],"wp:attachment":[{"href":"https:\/\/www.accuratereviews.com\/it\/wp-json\/wp\/v2\/media?parent=72499"}],"wp:term":[{"taxonomy":"category","embeddable":true,"href":"https:\/\/www.accuratereviews.com\/it\/wp-json\/wp\/v2\/categories?post=72499"},{"taxonomy":"post_tag","embeddable":true,"href":"https:\/\/www.accuratereviews.com\/it\/wp-json\/wp\/v2\/tags?post=72499"},{"taxonomy":"features","embeddable":true,"href":"https:\/\/www.accuratereviews.com\/it\/wp-json\/wp\/v2\/features?post=72499"}],"curies":[{"name":"wp","href":"https:\/\/api.w.org\/{rel}","templated":true}]}}