{"id":72522,"date":"2023-10-26T11:15:26","date_gmt":"2023-10-26T11:15:26","guid":{"rendered":"https:\/\/www.accuratereviews.com\/?page_id=72522"},"modified":"2023-10-27T14:10:13","modified_gmt":"2023-10-27T14:10:13","slug":"roadmunk-recensione","status":"publish","type":"page","link":"https:\/\/www.accuratereviews.com\/it\/software-progetti-agile\/roadmunk-recensione\/","title":{"rendered":"Roadmunk"},"content":{"rendered":"<p><strong>Roadmunk<\/strong> \u00e8 un software <strong>basato sul web<\/strong>, progettato per aiutare a creare e condividere interessanti roadmap visive per la <strong>gestione del prodotto.<\/strong> La soluzione consente all&#8217;intero team di collaborare in modo efficiente nella pianificazione delle fasi future di un prodotto. Tutte le roadmap sono &#8220;pronte per la presentazione&#8221; e possono essere pubblicate in PDF, PNG e PowerPoint utilizzando il motore di esportazione della soluzione. I product manager e le parti interessate possono intervenire sullo sviluppo di un piano, utilizzando la soluzione come strumento di visualizzazione attraverso diversi tipi di panoramiche, risorse e set di dati.<br \/>\n<strong>Roadmunk <\/strong>permette agli utenti di visualizzare i progressi e indicare i risultati tattici aggiungendo indicatori di traguardo a una tabella di marcia. I product manager possono aggiungere tavolozze di colori e marchi personalizzati per differenziare i reparti, la fase della linea di prodotti o lo stato di avanzamento del progetto. Gli utenti possono anche impostare autorizzazioni di accesso personalizzate assegnando diversi ruoli utente ai partecipanti. La soluzione si integra con JIRA per offrire maggiore visibilit\u00e0 alle parti interessate.<\/p>\n<h2>ROADMUNK &#8211; TUTORIAL<\/h2>\n<div id=\"fluid-wrapper-counter-1\" class=\"g1-fluid-wrapper \" style=\"width:686px;\">\n<div style=\"padding-bottom:56.268221574344%;\"><iframe loading=\"lazy\" title=\"Project Portfolio Management with Tempo\" width=\"686\" height=\"386\" src=\"https:\/\/www.youtube.com\/embed\/LIcGXGjspeI?feature=oembed&amp;wmode=transparent&amp;autohide=1&amp;autoplay=0&amp;disablekb=0&amp;fs=1&amp;loop=0&amp;enablejsapi=1&amp;rel=0&amp;controls=2&amp;showinfo=0&amp;wmode=transparent&amp;autohide=2&amp;autoplay=0&amp;disablekb=0&amp;fs=1&amp;loop=0&amp;enablejsapi=1&amp;rel=0&amp;controls=2&amp;showinfo=1\" frameborder=\"0\" allow=\"accelerometer; autoplay; clipboard-write; encrypted-media; gyroscope; picture-in-picture; web-share\" allowfullscreen><\/iframe><\/div>\n<\/div>\n<h3>ROADMUNK &#8211; CARATTERISTICHE<\/h3>\n<ul>\n<li>Visualizza la tua strategia su una sequenza temporale e crea allineamento attorno a iniziative, obiettivi e traguardi.<\/li>\n<li>Personalizza la tua roadmap per un pubblico specifico. Ruota e filtra istantaneamente i tuoi dati per creare e salvare diverse visualizzazioni della tua roadmap.<\/li>\n<li>Collega una strategia di alto livello alla tua pianificazione quotidiana. Sincronizza i tuoi dati senza problemi tra la soluzione e Jira. Puoi scegliere tra una sincronizzazione automatica unidirezionale o bidirezionale.<\/li>\n<li>\u00c8 semplice e veloce sincronizzare un progetto con una roadmap, combinare tutti i dati importanti e creare una bella visualizzazione che si sincronizza direttamente con la fonte. Mantieni la strategia di alto livello sincronizzata con lo sviluppo quotidiano.<\/li>\n<li>Collega un elemento a qualsiasi altro elemento, anche se esiste nella roadmap di qualcun altro, per identificare le relazioni tra le iniziative.<\/li>\n<li>Scegli tra tre tipi di elementi collegati: Blocco: quando un elemento \u00e8 bloccato da un altro elemento. Si muove con: quando due elementi si muovono in tandem tra loro e Si riferisce a: quando due elementi sono associati tra loro, indipendentemente dalle relative date.<\/li>\n<li>Crea due livelli di elementi della roadmap: elementi e sottoelementi. Utilizza le date chiave per confrontare le fasi degli elementi o i punti decisionali. Utilizza l&#8217;avanzamento dell&#8217;elemento per visualizzare lo stato di completamento.<\/li>\n<li>Fai collaborare tutto il tuo team direttamente all&#8217;interno di una roadmap. Collabora per creare una strategia, commentare gli elementi e allegare file, in modo da non perdere alcuna attivit\u00e0 o considerazione importante.<\/li>\n<li>Le postazioni di revisore consentono alle parti interessate designate di commentare una roadmap senza modificarla: una soluzione perfetta per le parti interessate a livello esecutivo che desiderano rivedere roadmap interfunzionali.<\/li>\n<li>Ruota e filtra i tuoi dati per raccontare una storia rilevante a ciascun stakeholder. Prima di presentare la tua roadmap, crea e salva una nuova visualizzazione per mostrare solo gli elementi che contano per il tuo pubblico.<\/li>\n<li>Aggiungi un logo aziendale e una tavolozza di colori unica per creare una roadmap del marchio. Aggiungi la tua dichiarazione di visione nella parte superiore della tua roadmap per mantenere l&#8217;obiettivo a lungo termine e la missione in primo piano. Crea istantaneamente diapositive pronte per la sala riunioni esportando la tua roadmap in PNG<\/li>\n<li>Condividi una versione HTML interattiva o un URL protetto da password della tua roadmap<\/li>\n<li>Utilizza la modalit\u00e0 presentazione per visualizzare facilmente la roadmap a schermo intero, il tutto senza uscire dall&#8217;app<\/li>\n<\/ul>\n<h4>LE RECENSIONI DEGLI UTENTI<\/h4>\n<p><strong>Jonathan &#8220;Le giuste funzionalit\u00e0 al giusto prezzo&#8221;<\/strong><br \/>\n<strong>Commenti<\/strong>: Roadmunk mi ha permesso di mostrare visivamente la roadmap, supporta l&#8217;allineamento degli elementi con i temi della roadmap, il che a sua volta aiuta tutti in azienda a capire dove stiamo andando con il prodotto e perch\u00e9 stiamo andando in quella direzione.<br \/>\n<strong>Pro<\/strong>: Stavo cercando due cose principali in uno strumento di roadmap: 1) Visualizzazione della roadmap e 2) Definizione delle priorit\u00e0 delle idee di prodotto. Al punto 1, \u00e8 anche importante poter allineare gli elementi della roadmap con un tema, in modo che tutti gli altri comprendano i vantaggi che gli elementi della roadmap offrono agli utenti. E il prezzo era buono per un piccolo team di prodotto.<br \/>\n<strong>Contro<\/strong>: Mi sarebbe piaciuto applicare pesi personalizzati all&#8217;aspetto della definizione delle priorit\u00e0 della tabella di marcia, ma questo non \u00e8 disponibile al prezzo pi\u00f9 basso. E anche se posso mostrare i temi per la roadmap, non esiste un modo semplice per mostrare la descrizione di tali temi direttamente sulla roadmap.<\/p>\n<p><strong>Denis &#8220;Ottimo strumento con un grande USP&#8221;<\/strong><br \/>\n<strong>Commenti<\/strong>: Molto positivo. L&#8217;onboarding\/supporto clienti \u00e8 ottimo. Tante risorse sul web. Un po&#8217; complicato trovare il modo giusto di strutturare gli argomenti sulle mappe e quale livello di dettaglio si vuole mostrare. Immagino che questo valga per ogni tabella di marcia, ma \u00e8 necessario abbinare le proprie aspettative allo strumento e quindi conoscere lo strumento. Preparati a investire un po&#8217; di tempo ;)<br \/>\n<strong>Pro<\/strong>: Davvero facile da iniziare ma con molta profondit\u00e0 e possibilit\u00e0 di creare mappe dettagliate. Ottimo onboarding.<br \/>\n<strong>Contro<\/strong>: Non lavoriamo da molto con lo strumento. Immagino che potrebbero esserci limitazioni nella visualizzazione, ma Roadmunk espande costantemente le funzionalit\u00e0.<\/p>\n<p><strong>Scott &#8220;Roadmunk&#8221;<\/strong><br \/>\n<strong>Commenti<\/strong>: La mia esperienza durante la prova \u00e8 stata piuttosto buona, ma ho subito imparato che era un po&#8217; ingannevole. Il periodo di prova ti ha fornito tutte le funzionalit\u00e0 senza chiarire chiaramente che la maggior parte di queste richiede un abbonamento premium. Il prezzo premium che applicano \u00e8 troppo alto per ci\u00f2 che lo strumento pu\u00f2 fare rispetto ad altri strumenti simili.<br \/>\n<strong>Pro<\/strong>: Le mappe stradali che pu\u00f2 creare sono visivamente accattivanti e facili da comprendere per gli altri<br \/>\n<strong>Contro<\/strong>: L&#8217;integrazione con altri sistemi \u00e8 piuttosto scarsa, il che significa che devo aggiornare costantemente le cose manualmente e quindi lo strumento non mi fa risparmiare tempo<\/p>\n","protected":false},"excerpt":{"rendered":"<p>Roadmunk \u00e8 un software basato sul web progettato per aiutare a creare e condividere interessanti roadmap visive per la gestione del prodotto. La soluzione consente all&#8217;intero team di collaborare in modo efficiente nella pianificazione delle fasi future di un prodotto. Tutte le roadmap sono &#8220;pronte per la presentazione&#8221; e possono essere pubblicate in PDF, PNG e PowerPoint utilizzando il motore di esportazione della soluzione.<\/p>\n","protected":false},"author":19,"featured_media":72525,"parent":71820,"menu_order":0,"comment_status":"open","ping_status":"closed","template":"g1_template_page_review_new.php","meta":{"_acf_changed":false,"cwp_meta_box_check":"No","cwp_rev_product_name":"","cwp_rev_product_image":"","wppr_links":[],"cwp_rev_price":"","wppr_options":[],"wppr_pros":[],"wppr_cons":[],"_monsterinsights_skip_tracking":false,"_monsterinsights_sitenote_active":false,"_monsterinsights_sitenote_note":"","_monsterinsights_sitenote_category":0,"footnotes":""},"categories":[2892],"tags":[2916,14655,2992,14666,14656,14658,14726,2989,2985,2990,2984],"features":[],"class_list":{"0":"post-72522","1":"page","2":"type-page","3":"status-publish","4":"has-post-thumbnail","6":"category-gestionale-per-progetti-agile","7":"tag-gestionale-agile","8":"tag-gestionale-progetti-agile","9":"tag-piattaforma-gestionale-agile","10":"tag-piattaforma-gestionale-progetti-agile","11":"tag-programma-gestionale-agile","12":"tag-programma-gestionale-progetti-agile","13":"tag-roadmunk","14":"tag-software-gestionale-agile","15":"tag-software-gestionale-progetti-agile","16":"tag-soluzione-gestionale-agile","17":"tag-soluzione-gestionale-progetti-agile"},"wppr_data":{"cwp_meta_box_check":"No"},"acf":[],"yoast_head":"<!-- This site is optimized with the Yoast SEO plugin v27.4 - https:\/\/yoast.com\/product\/yoast-seo-wordpress\/ -->\n<title>Roadmunk: recensione software gestionale progetti agile - Accurate Reviews<\/title>\n<meta name=\"description\" content=\"Roadmunk: recensione software progettato per aiutare a creare e condividere interessanti roadmap visive per la gestione del prodotto.\" \/>\n<meta name=\"robots\" content=\"index, follow, max-snippet:-1, max-image-preview:large, max-video-preview:-1\" \/>\n<link rel=\"canonical\" href=\"https:\/\/www.accuratereviews.com\/it\/software-progetti-agile\/roadmunk-recensione\/\" \/>\n<meta property=\"og:locale\" content=\"it_IT\" \/>\n<meta property=\"og:type\" content=\"article\" \/>\n<meta property=\"og:title\" content=\"Roadmunk: recensione software gestionale progetti agile - Accurate Reviews\" \/>\n<meta property=\"og:description\" content=\"Roadmunk: recensione software progettato per aiutare a creare e condividere interessanti roadmap visive per la gestione del prodotto.\" \/>\n<meta property=\"og:url\" content=\"https:\/\/www.accuratereviews.com\/it\/software-progetti-agile\/roadmunk-recensione\/\" \/>\n<meta property=\"og:site_name\" content=\"Accurate Reviews\" \/>\n<meta property=\"article:modified_time\" content=\"2023-10-27T14:10:13+00:00\" \/>\n<meta property=\"og:image\" content=\"https:\/\/www.accuratereviews.com\/wp-content\/uploads\/2023\/10\/Roadmunk.jpeg\" \/>\n\t<meta property=\"og:image:width\" content=\"996\" \/>\n\t<meta property=\"og:image:height\" content=\"262\" \/>\n\t<meta property=\"og:image:type\" content=\"image\/jpeg\" \/>\n<meta name=\"twitter:card\" content=\"summary_large_image\" \/>\n<meta name=\"twitter:label1\" content=\"Tempo di lettura stimato\" \/>\n\t<meta name=\"twitter:data1\" content=\"6 minuti\" \/>\n<script type=\"application\/ld+json\" class=\"yoast-schema-graph\">{\"@context\":\"https:\\\/\\\/schema.org\",\"@graph\":[{\"@type\":\"WebPage\",\"@id\":\"https:\\\/\\\/www.accuratereviews.com\\\/it\\\/software-progetti-agile\\\/roadmunk-recensione\\\/\",\"url\":\"https:\\\/\\\/www.accuratereviews.com\\\/it\\\/software-progetti-agile\\\/roadmunk-recensione\\\/\",\"name\":\"Roadmunk: recensione software gestionale progetti agile - Accurate Reviews\",\"isPartOf\":{\"@id\":\"https:\\\/\\\/www.accuratereviews.com\\\/it\\\/#website\"},\"primaryImageOfPage\":{\"@id\":\"https:\\\/\\\/www.accuratereviews.com\\\/it\\\/software-progetti-agile\\\/roadmunk-recensione\\\/#primaryimage\"},\"image\":{\"@id\":\"https:\\\/\\\/www.accuratereviews.com\\\/it\\\/software-progetti-agile\\\/roadmunk-recensione\\\/#primaryimage\"},\"thumbnailUrl\":\"https:\\\/\\\/www.accuratereviews.com\\\/wp-content\\\/uploads\\\/2023\\\/10\\\/Roadmunk.jpeg\",\"datePublished\":\"2023-10-26T11:15:26+00:00\",\"dateModified\":\"2023-10-27T14:10:13+00:00\",\"description\":\"Roadmunk: recensione software progettato per aiutare a creare e condividere interessanti roadmap visive per la gestione del prodotto.\",\"breadcrumb\":{\"@id\":\"https:\\\/\\\/www.accuratereviews.com\\\/it\\\/software-progetti-agile\\\/roadmunk-recensione\\\/#breadcrumb\"},\"inLanguage\":\"it-IT\",\"potentialAction\":[{\"@type\":\"ReadAction\",\"target\":[\"https:\\\/\\\/www.accuratereviews.com\\\/it\\\/software-progetti-agile\\\/roadmunk-recensione\\\/\"]}]},{\"@type\":\"ImageObject\",\"inLanguage\":\"it-IT\",\"@id\":\"https:\\\/\\\/www.accuratereviews.com\\\/it\\\/software-progetti-agile\\\/roadmunk-recensione\\\/#primaryimage\",\"url\":\"https:\\\/\\\/www.accuratereviews.com\\\/wp-content\\\/uploads\\\/2023\\\/10\\\/Roadmunk.jpeg\",\"contentUrl\":\"https:\\\/\\\/www.accuratereviews.com\\\/wp-content\\\/uploads\\\/2023\\\/10\\\/Roadmunk.jpeg\",\"width\":996,\"height\":262},{\"@type\":\"BreadcrumbList\",\"@id\":\"https:\\\/\\\/www.accuratereviews.com\\\/it\\\/software-progetti-agile\\\/roadmunk-recensione\\\/#breadcrumb\",\"itemListElement\":[{\"@type\":\"ListItem\",\"position\":1,\"name\":\"Home\",\"item\":\"https:\\\/\\\/www.accuratereviews.com\\\/it\\\/\"},{\"@type\":\"ListItem\",\"position\":2,\"name\":\"Software progetti Agile\",\"item\":\"https:\\\/\\\/www.accuratereviews.com\\\/it\\\/software-progetti-agile\\\/\"},{\"@type\":\"ListItem\",\"position\":3,\"name\":\"Roadmunk\"}]},{\"@type\":\"WebSite\",\"@id\":\"https:\\\/\\\/www.accuratereviews.com\\\/it\\\/#website\",\"url\":\"https:\\\/\\\/www.accuratereviews.com\\\/it\\\/\",\"name\":\"Accurate Reviews\",\"description\":\"\",\"potentialAction\":[{\"@type\":\"SearchAction\",\"target\":{\"@type\":\"EntryPoint\",\"urlTemplate\":\"https:\\\/\\\/www.accuratereviews.com\\\/it\\\/?s={search_term_string}\"},\"query-input\":{\"@type\":\"PropertyValueSpecification\",\"valueRequired\":true,\"valueName\":\"search_term_string\"}}],\"inLanguage\":\"it-IT\"}]}<\/script>\n<!-- \/ Yoast SEO plugin. -->","yoast_head_json":{"title":"Roadmunk: recensione software gestionale progetti agile - Accurate Reviews","description":"Roadmunk: recensione software progettato per aiutare a creare e condividere interessanti roadmap visive per la gestione del prodotto.","robots":{"index":"index","follow":"follow","max-snippet":"max-snippet:-1","max-image-preview":"max-image-preview:large","max-video-preview":"max-video-preview:-1"},"canonical":"https:\/\/www.accuratereviews.com\/it\/software-progetti-agile\/roadmunk-recensione\/","og_locale":"it_IT","og_type":"article","og_title":"Roadmunk: recensione software gestionale progetti agile - Accurate Reviews","og_description":"Roadmunk: recensione software progettato per aiutare a creare e condividere interessanti roadmap visive per la gestione del prodotto.","og_url":"https:\/\/www.accuratereviews.com\/it\/software-progetti-agile\/roadmunk-recensione\/","og_site_name":"Accurate Reviews","article_modified_time":"2023-10-27T14:10:13+00:00","og_image":[{"width":996,"height":262,"url":"https:\/\/www.accuratereviews.com\/wp-content\/uploads\/2023\/10\/Roadmunk.jpeg","type":"image\/jpeg"}],"twitter_card":"summary_large_image","twitter_misc":{"Tempo di lettura stimato":"6 minuti"},"schema":{"@context":"https:\/\/schema.org","@graph":[{"@type":"WebPage","@id":"https:\/\/www.accuratereviews.com\/it\/software-progetti-agile\/roadmunk-recensione\/","url":"https:\/\/www.accuratereviews.com\/it\/software-progetti-agile\/roadmunk-recensione\/","name":"Roadmunk: recensione software gestionale progetti agile - Accurate Reviews","isPartOf":{"@id":"https:\/\/www.accuratereviews.com\/it\/#website"},"primaryImageOfPage":{"@id":"https:\/\/www.accuratereviews.com\/it\/software-progetti-agile\/roadmunk-recensione\/#primaryimage"},"image":{"@id":"https:\/\/www.accuratereviews.com\/it\/software-progetti-agile\/roadmunk-recensione\/#primaryimage"},"thumbnailUrl":"https:\/\/www.accuratereviews.com\/wp-content\/uploads\/2023\/10\/Roadmunk.jpeg","datePublished":"2023-10-26T11:15:26+00:00","dateModified":"2023-10-27T14:10:13+00:00","description":"Roadmunk: recensione software progettato per aiutare a creare e condividere interessanti roadmap visive per la gestione del prodotto.","breadcrumb":{"@id":"https:\/\/www.accuratereviews.com\/it\/software-progetti-agile\/roadmunk-recensione\/#breadcrumb"},"inLanguage":"it-IT","potentialAction":[{"@type":"ReadAction","target":["https:\/\/www.accuratereviews.com\/it\/software-progetti-agile\/roadmunk-recensione\/"]}]},{"@type":"ImageObject","inLanguage":"it-IT","@id":"https:\/\/www.accuratereviews.com\/it\/software-progetti-agile\/roadmunk-recensione\/#primaryimage","url":"https:\/\/www.accuratereviews.com\/wp-content\/uploads\/2023\/10\/Roadmunk.jpeg","contentUrl":"https:\/\/www.accuratereviews.com\/wp-content\/uploads\/2023\/10\/Roadmunk.jpeg","width":996,"height":262},{"@type":"BreadcrumbList","@id":"https:\/\/www.accuratereviews.com\/it\/software-progetti-agile\/roadmunk-recensione\/#breadcrumb","itemListElement":[{"@type":"ListItem","position":1,"name":"Home","item":"https:\/\/www.accuratereviews.com\/it\/"},{"@type":"ListItem","position":2,"name":"Software progetti Agile","item":"https:\/\/www.accuratereviews.com\/it\/software-progetti-agile\/"},{"@type":"ListItem","position":3,"name":"Roadmunk"}]},{"@type":"WebSite","@id":"https:\/\/www.accuratereviews.com\/it\/#website","url":"https:\/\/www.accuratereviews.com\/it\/","name":"Accurate Reviews","description":"","potentialAction":[{"@type":"SearchAction","target":{"@type":"EntryPoint","urlTemplate":"https:\/\/www.accuratereviews.com\/it\/?s={search_term_string}"},"query-input":{"@type":"PropertyValueSpecification","valueRequired":true,"valueName":"search_term_string"}}],"inLanguage":"it-IT"}]}},"_links":{"self":[{"href":"https:\/\/www.accuratereviews.com\/it\/wp-json\/wp\/v2\/pages\/72522","targetHints":{"allow":["GET"]}}],"collection":[{"href":"https:\/\/www.accuratereviews.com\/it\/wp-json\/wp\/v2\/pages"}],"about":[{"href":"https:\/\/www.accuratereviews.com\/it\/wp-json\/wp\/v2\/types\/page"}],"author":[{"embeddable":true,"href":"https:\/\/www.accuratereviews.com\/it\/wp-json\/wp\/v2\/users\/19"}],"replies":[{"embeddable":true,"href":"https:\/\/www.accuratereviews.com\/it\/wp-json\/wp\/v2\/comments?post=72522"}],"version-history":[{"count":13,"href":"https:\/\/www.accuratereviews.com\/it\/wp-json\/wp\/v2\/pages\/72522\/revisions"}],"predecessor-version":[{"id":72569,"href":"https:\/\/www.accuratereviews.com\/it\/wp-json\/wp\/v2\/pages\/72522\/revisions\/72569"}],"up":[{"embeddable":true,"href":"https:\/\/www.accuratereviews.com\/it\/wp-json\/wp\/v2\/pages\/71820"}],"wp:featuredmedia":[{"embeddable":true,"href":"https:\/\/www.accuratereviews.com\/it\/wp-json\/wp\/v2\/media\/72525"}],"wp:attachment":[{"href":"https:\/\/www.accuratereviews.com\/it\/wp-json\/wp\/v2\/media?parent=72522"}],"wp:term":[{"taxonomy":"category","embeddable":true,"href":"https:\/\/www.accuratereviews.com\/it\/wp-json\/wp\/v2\/categories?post=72522"},{"taxonomy":"post_tag","embeddable":true,"href":"https:\/\/www.accuratereviews.com\/it\/wp-json\/wp\/v2\/tags?post=72522"},{"taxonomy":"features","embeddable":true,"href":"https:\/\/www.accuratereviews.com\/it\/wp-json\/wp\/v2\/features?post=72522"}],"curies":[{"name":"wp","href":"https:\/\/api.w.org\/{rel}","templated":true}]}}