{"id":72541,"date":"2023-10-30T11:44:19","date_gmt":"2023-10-30T11:44:19","guid":{"rendered":"https:\/\/www.accuratereviews.com\/?page_id=72541"},"modified":"2023-10-30T11:44:19","modified_gmt":"2023-10-30T11:44:19","slug":"coda-recensione","status":"publish","type":"page","link":"https:\/\/www.accuratereviews.com\/it\/software-progetti-agile\/coda-recensione\/","title":{"rendered":"Coda"},"content":{"rendered":"<p><strong>Coda<\/strong> \u00e8 una soluzione di gestione dei documenti che aiuta le aziende a creare, modificare e visualizzare documenti di testo e fogli di calcolo, semplificando i processi relativi al lancio di prodotti, alla <strong>gestione dei progetti<\/strong>, allo sviluppo di applicazioni e altro ancora. La piattaforma \u00e8 dotata di modelli personalizzabili, che consentono alle organizzazioni di creare documenti personalizzati per riunioni, sessioni di brainstorming, feedback dei clienti, elenchi di cose da fare e ricerche di mercato.<br \/>\n<strong>Coda<\/strong> include funzionalit\u00e0 drag-and-drop, che assistono i manager nella creazione di sondaggi per migliorare i flussi di lavoro e i processi di approvazione. La soluzione offre una serie di funzionalit\u00e0 come condivisione di documenti, sezioni nascoste, cartelle private, Single Sign-On (SSO), cronologia delle revisioni, accesso basato sui ruoli e altro ancora. Inoltre, gli utenti possono creare flussi di lavoro personalizzati e automatizzare le notifiche per ricevere avvisi via email su aggiornamenti di stato, completamento delle attivit\u00e0, modifiche del progetto e riepiloghi giornalieri.<\/p>\n<h2>CODA &#8211; TUTORIAL<\/h2>\n<div id=\"fluid-wrapper-counter-1\" class=\"g1-fluid-wrapper \" style=\"width:686px;\">\n<div style=\"padding-bottom:56.268221574344%;\"><iframe loading=\"lazy\" title=\"Coda Tutorial For Beginners - How To Use Coda\" width=\"686\" height=\"386\" src=\"https:\/\/www.youtube.com\/embed\/KzSt2bR7LVc?feature=oembed&amp;wmode=transparent&amp;autohide=1&amp;autoplay=0&amp;disablekb=0&amp;fs=1&amp;loop=0&amp;enablejsapi=1&amp;rel=0&amp;controls=2&amp;showinfo=0&amp;wmode=transparent&amp;autohide=2&amp;autoplay=0&amp;disablekb=0&amp;fs=1&amp;loop=0&amp;enablejsapi=1&amp;rel=0&amp;controls=2&amp;showinfo=1\" frameborder=\"0\" allow=\"accelerometer; autoplay; clipboard-write; encrypted-media; gyroscope; picture-in-picture; web-share\" allowfullscreen><\/iframe><\/div>\n<\/div>\n<h3>CODA &#8211; CARATTERISTICHE<\/h3>\n<ul>\n<li>Automazioni: con regole basate sul tempo o sulle azioni, puoi inserire il pilota automatico per attivit\u00e0 piccole e importanti, come l&#8217;invio di aggiornamenti giornalieri.<\/li>\n<li>Connetti il tuo documento alle app che usi ogni giorno, cos\u00ec puoi inserire dati in tempo reale o inviare aggiornamenti automaticamente.<\/li>\n<li>Cross-doc collega le informazioni tra i documenti. Sincronizza tabelle o parti di tabelle tra documenti per una fonte di verit\u00e0 mai obsoleta.<\/li>\n<li>Esplora e condividi documenti: la Galleria di documenti contiene documenti autopubblicati dalla nostra community. Questi documenti pubblicati hanno un&#8217;interfaccia simile a una pagina Web e hanno diversi livelli di interattivit\u00e0 come visualizzazione, riproduzione o modifica.<\/li>\n<li>Trova e condividi strumenti, modelli, piccole app, manuali interattivi e qualsiasi altra cosa che puoi creare.<\/li>\n<li>I modelli con trascinamento della selezione forniscono un collegamento rapido ai modelli di uso comune come voto positivo\/negativo, elenco di cose da fare e tracker del sentiment del team.<\/li>\n<li>Puoi suddividere, tagliare e tagliare i tuoi dati come preferisci utilizzando Views. Una vista \u00e8 uno specchio dei tuoi dati che pu\u00f2 essere adattato alle tue esigenze specifiche, il tutto rimanendo connesso alla fonte<\/li>\n<li>Ottimizzato per dispositivi mobili e simile a un&#8217;app. Quando accedi al tuo documento dal tuo dispositivo mobile, ti sembrer\u00e0 di aver creato un&#8217;app. Le pagine dei documenti diventano schede, i pulsanti diventano azioni di scorrimento e le notifiche dei documenti diventano notifiche push<\/li>\n<li>Visualizza le modifiche apportate da altri editor in tempo reale e chi \u00e8 presente nel tuo documento in questo momento.<\/li>\n<li>Condividi i documenti direttamente, tramite collegamento o tramite una cartella e scegli chi pu\u00f2 modificarli, commentarli o visualizzarli.<\/li>\n<li>Semplifica un documento per il tuo team nascondendo le pagine di supporto e archiviando i vecchi contenuti.<\/li>\n<li>Impedisci agli editor di apportare modifiche accidentali bloccando le pagine o un intero documento. Con il blocco avanzato, limita chi pu\u00f2 sbloccare, aggiungere pagine e configurare le impostazioni in un documento.<\/li>\n<\/ul>\n<h4>LE RECENSIONI DEGLI UTENTI<\/h4>\n<p><strong>Jennifer &#8220;Ottimo strumento tutto in uno&#8221;<\/strong><br \/>\n<strong>Commenti<\/strong>: Lo adoro. Divertiti a usarlo quotidianamente per mantenere i nostri progetti agili e ci consente di lavorare in collaborazione con i clienti.<br \/>\n<strong>Pro<\/strong>: Uno sportello unico in cui possiamo creare hub di progetti collaborativi, coordinare attivit\u00e0 e risultati finali, integrarci con Jira e fornire lo stato quotidiano dei progetti a clienti e team interni.<br \/>\n<strong>Contro<\/strong>: Formule e connettori non sono facili da navigare e formare i nostri team interni \u00e8 stata una sfida<\/p>\n<p><strong>Mohamed &#8220;Esperienza straordinaria&#8221;<\/strong><br \/>\n<strong>Commenti<\/strong>: Il tutto \u00e8 fantastico quando si tratta di utilizzare Coda con tutte le funzionalit\u00e0 disponibili, utilizzo molte cose a causa dei miei compiti lavorativi, creo documenti con nuovi processi, aggiorno i documenti attuali, comunico con il team e gestisco le attivit\u00e0 richieste per me e il mio team e l&#8217;utilizzo Coda su qualsiasi dispositivo rendendo tutto molto pi\u00f9 semplice.<br \/>\n<strong>Pro<\/strong>: \u00c8 il modo pi\u00f9 semplice per creare o aggiornare un flusso di lavoro del processo e tenere traccia delle attivit\u00e0, inoltre ha una visione chiara e fluida della dashboard delle attivit\u00e0 con le date di scadenza e chi ha richiesto le attivit\u00e0 con lo stato dell&#8217;attivit\u00e0 e la data di scadenza. Gestione delle attivit\u00e0 quotidiane Anche la squadra \u00e8 un&#8217;ottima caratteristica.<br \/>\n<strong>Contro<\/strong>: A volte, soprattutto quando si utilizzano connessioni Internet a bassa velocit\u00e0, le pagine impiegano molto tempo a caricarsi e questo potrebbe causare problemi agli utenti, consiglio di creare una vista speciale &#8220;versione Web ridotta&#8221; per tale velocit\u00e0 Internet.<\/p>\n<p><strong>Pawe &#8220;Organizzare i miei documenti e i processi di progetto con Coda&#8221;<\/strong><br \/>\n<strong>Pro<\/strong>: Adoro le funzionalit\u00e0 di Coda che lo rendono un luogo unico per l&#8217;archiviazione di documenti e processi. Usandolo per varie attivit\u00e0 come la creazione di tabelle di dati, la condivisione delle conoscenze e la pianificazione del tempo.<br \/>\n<strong>Contro<\/strong>: Alcuni fastidiosi bug dell&#8217;interfaccia utente che rendono Coda un po&#8217; meno piacevole.<\/p>\n","protected":false},"excerpt":{"rendered":"<p>Coda \u00e8 una soluzione di gestione dei documenti che aiuta le aziende a creare, modificare e visualizzare documenti di testo e fogli di calcolo, semplificando i processi relativi al lancio di prodotti, alla gestione dei progetti, allo sviluppo di applicazioni e altro ancora. La piattaforma \u00e8 dotata di modelli personalizzabili, che consentono alle organizzazioni di creare documenti personalizzati per riunioni, sessioni di brainstorming, feedback dei clienti, elenchi di cose da fare e ricerche di mercato.<\/p>\n","protected":false},"author":19,"featured_media":72542,"parent":71820,"menu_order":0,"comment_status":"open","ping_status":"closed","template":"g1_template_page_review_new.php","meta":{"_acf_changed":false,"cwp_meta_box_check":"Yes","cwp_rev_product_name":"","cwp_rev_product_image":"","wppr_links":[],"cwp_rev_price":"0.00","wppr_options":[{"name":"Usability","value":"0"},{"name":"Speed","value":"0"},{"name":"Features","value":"0"},{"name":"Support","value":"0"},{"name":"Pricing","value":"0"}],"wppr_pros":["","","","",""],"wppr_cons":["","","","",""],"_monsterinsights_skip_tracking":false,"_monsterinsights_sitenote_active":false,"_monsterinsights_sitenote_note":"","_monsterinsights_sitenote_category":0,"footnotes":""},"categories":[2892],"tags":[14727,2916,2992,14666,14656,14658,2989,2985,2990,2984],"features":[],"class_list":{"0":"post-72541","1":"page","2":"type-page","3":"status-publish","4":"has-post-thumbnail","6":"category-gestionale-per-progetti-agile","7":"tag-coda","8":"tag-gestionale-agile","9":"tag-piattaforma-gestionale-agile","10":"tag-piattaforma-gestionale-progetti-agile","11":"tag-programma-gestionale-agile","12":"tag-programma-gestionale-progetti-agile","13":"tag-software-gestionale-agile","14":"tag-software-gestionale-progetti-agile","15":"tag-soluzione-gestionale-agile","16":"tag-soluzione-gestionale-progetti-agile"},"wppr_data":{"cwp_meta_box_check":"Yes","_wppr_review_template":"default","cwp_rev_product_image":"","cwp_image_link":"image","wppr_links":[],"cwp_rev_price":"0.00","wppr_pros":["","","","",""],"wppr_cons":["","","","",""],"wppr_rating":"0.00","wppr_options":{"1":{"name":"Usability","value":"0"},"2":{"name":"Speed","value":"0"},"3":{"name":"Features","value":"0"},"4":{"name":"Support","value":"0"},"5":{"name":"Pricing","value":"0"}},"wppr_review_type":"Product","wppr_review_custom_fields":{"additionalProperty":"","additionalType":"","aggregateRating":"","alternateName":"","audience":"","award":"","awards":"","brand":"","color":"","depth":"","description":"","disambiguatingDescription":"","gtin12":"","gtin13":"","gtin14":"","gtin8":"","height":"","identifier":"","image":"","isAccessoryOrSparePartFor":"","isConsumableFor":"","isRelatedTo":"","isSimilarTo":"","itemCondition":"","logo":"","mainEntityOfPage":"","manufacturer":"","material":"","model":"","mpn":"","name":"","offers":"","potentialAction":"","productID":"","productionDate":"","purchaseDate":"","releaseDate":"","review":"","reviews":"","sameAs":"","sku":"","slogan":"","subjectOf":"","url":"","weight":"","width":""}},"acf":[],"yoast_head":"<!-- This site is optimized with the Yoast SEO plugin v27.4 - https:\/\/yoast.com\/product\/yoast-seo-wordpress\/ -->\n<title>Coda: recensione software gestionale progetti agile - Accurate Reviews<\/title>\n<meta name=\"description\" content=\"Coda: recensione software gestionale progetti agile che le aiuta aziende a creare, modificare e visualizzare documenti di testo ecc.\" \/>\n<meta name=\"robots\" content=\"index, follow, max-snippet:-1, max-image-preview:large, max-video-preview:-1\" \/>\n<link rel=\"canonical\" href=\"https:\/\/www.accuratereviews.com\/it\/software-progetti-agile\/coda-recensione\/\" \/>\n<meta property=\"og:locale\" content=\"it_IT\" \/>\n<meta property=\"og:type\" content=\"article\" \/>\n<meta property=\"og:title\" content=\"Coda: recensione software gestionale progetti agile - Accurate Reviews\" \/>\n<meta property=\"og:description\" content=\"Coda: recensione software gestionale progetti agile che le aiuta aziende a creare, modificare e visualizzare documenti di testo ecc.\" \/>\n<meta property=\"og:url\" content=\"https:\/\/www.accuratereviews.com\/it\/software-progetti-agile\/coda-recensione\/\" \/>\n<meta property=\"og:site_name\" content=\"Accurate Reviews\" \/>\n<meta property=\"og:image\" content=\"https:\/\/www.accuratereviews.com\/wp-content\/uploads\/2023\/10\/coda-app-featured.jpg\" \/>\n\t<meta property=\"og:image:width\" content=\"800\" \/>\n\t<meta property=\"og:image:height\" content=\"400\" \/>\n\t<meta property=\"og:image:type\" content=\"image\/jpeg\" \/>\n<meta name=\"twitter:card\" content=\"summary_large_image\" \/>\n<meta name=\"twitter:label1\" content=\"Tempo di lettura stimato\" \/>\n\t<meta name=\"twitter:data1\" content=\"5 minuti\" \/>\n<script type=\"application\/ld+json\" class=\"yoast-schema-graph\">{\"@context\":\"https:\\\/\\\/schema.org\",\"@graph\":[{\"@type\":\"WebPage\",\"@id\":\"https:\\\/\\\/www.accuratereviews.com\\\/it\\\/software-progetti-agile\\\/coda-recensione\\\/\",\"url\":\"https:\\\/\\\/www.accuratereviews.com\\\/it\\\/software-progetti-agile\\\/coda-recensione\\\/\",\"name\":\"Coda: recensione software gestionale progetti agile - Accurate Reviews\",\"isPartOf\":{\"@id\":\"https:\\\/\\\/www.accuratereviews.com\\\/it\\\/#website\"},\"primaryImageOfPage\":{\"@id\":\"https:\\\/\\\/www.accuratereviews.com\\\/it\\\/software-progetti-agile\\\/coda-recensione\\\/#primaryimage\"},\"image\":{\"@id\":\"https:\\\/\\\/www.accuratereviews.com\\\/it\\\/software-progetti-agile\\\/coda-recensione\\\/#primaryimage\"},\"thumbnailUrl\":\"https:\\\/\\\/www.accuratereviews.com\\\/wp-content\\\/uploads\\\/2023\\\/10\\\/coda-app-featured.jpg\",\"datePublished\":\"2023-10-30T11:44:19+00:00\",\"description\":\"Coda: recensione software gestionale progetti agile che le aiuta aziende a creare, modificare e visualizzare documenti di testo ecc.\",\"breadcrumb\":{\"@id\":\"https:\\\/\\\/www.accuratereviews.com\\\/it\\\/software-progetti-agile\\\/coda-recensione\\\/#breadcrumb\"},\"inLanguage\":\"it-IT\",\"potentialAction\":[{\"@type\":\"ReadAction\",\"target\":[\"https:\\\/\\\/www.accuratereviews.com\\\/it\\\/software-progetti-agile\\\/coda-recensione\\\/\"]}]},{\"@type\":\"ImageObject\",\"inLanguage\":\"it-IT\",\"@id\":\"https:\\\/\\\/www.accuratereviews.com\\\/it\\\/software-progetti-agile\\\/coda-recensione\\\/#primaryimage\",\"url\":\"https:\\\/\\\/www.accuratereviews.com\\\/wp-content\\\/uploads\\\/2023\\\/10\\\/coda-app-featured.jpg\",\"contentUrl\":\"https:\\\/\\\/www.accuratereviews.com\\\/wp-content\\\/uploads\\\/2023\\\/10\\\/coda-app-featured.jpg\",\"width\":800,\"height\":400},{\"@type\":\"BreadcrumbList\",\"@id\":\"https:\\\/\\\/www.accuratereviews.com\\\/it\\\/software-progetti-agile\\\/coda-recensione\\\/#breadcrumb\",\"itemListElement\":[{\"@type\":\"ListItem\",\"position\":1,\"name\":\"Home\",\"item\":\"https:\\\/\\\/www.accuratereviews.com\\\/it\\\/\"},{\"@type\":\"ListItem\",\"position\":2,\"name\":\"Software progetti Agile\",\"item\":\"https:\\\/\\\/www.accuratereviews.com\\\/it\\\/software-progetti-agile\\\/\"},{\"@type\":\"ListItem\",\"position\":3,\"name\":\"Coda\"}]},{\"@type\":\"WebSite\",\"@id\":\"https:\\\/\\\/www.accuratereviews.com\\\/it\\\/#website\",\"url\":\"https:\\\/\\\/www.accuratereviews.com\\\/it\\\/\",\"name\":\"Accurate Reviews\",\"description\":\"\",\"potentialAction\":[{\"@type\":\"SearchAction\",\"target\":{\"@type\":\"EntryPoint\",\"urlTemplate\":\"https:\\\/\\\/www.accuratereviews.com\\\/it\\\/?s={search_term_string}\"},\"query-input\":{\"@type\":\"PropertyValueSpecification\",\"valueRequired\":true,\"valueName\":\"search_term_string\"}}],\"inLanguage\":\"it-IT\"}]}<\/script>\n<!-- \/ Yoast SEO plugin. -->","yoast_head_json":{"title":"Coda: recensione software gestionale progetti agile - Accurate Reviews","description":"Coda: recensione software gestionale progetti agile che le aiuta aziende a creare, modificare e visualizzare documenti di testo ecc.","robots":{"index":"index","follow":"follow","max-snippet":"max-snippet:-1","max-image-preview":"max-image-preview:large","max-video-preview":"max-video-preview:-1"},"canonical":"https:\/\/www.accuratereviews.com\/it\/software-progetti-agile\/coda-recensione\/","og_locale":"it_IT","og_type":"article","og_title":"Coda: recensione software gestionale progetti agile - Accurate Reviews","og_description":"Coda: recensione software gestionale progetti agile che le aiuta aziende a creare, modificare e visualizzare documenti di testo ecc.","og_url":"https:\/\/www.accuratereviews.com\/it\/software-progetti-agile\/coda-recensione\/","og_site_name":"Accurate Reviews","og_image":[{"width":800,"height":400,"url":"https:\/\/www.accuratereviews.com\/wp-content\/uploads\/2023\/10\/coda-app-featured.jpg","type":"image\/jpeg"}],"twitter_card":"summary_large_image","twitter_misc":{"Tempo di lettura stimato":"5 minuti"},"schema":{"@context":"https:\/\/schema.org","@graph":[{"@type":"WebPage","@id":"https:\/\/www.accuratereviews.com\/it\/software-progetti-agile\/coda-recensione\/","url":"https:\/\/www.accuratereviews.com\/it\/software-progetti-agile\/coda-recensione\/","name":"Coda: recensione software gestionale progetti agile - Accurate Reviews","isPartOf":{"@id":"https:\/\/www.accuratereviews.com\/it\/#website"},"primaryImageOfPage":{"@id":"https:\/\/www.accuratereviews.com\/it\/software-progetti-agile\/coda-recensione\/#primaryimage"},"image":{"@id":"https:\/\/www.accuratereviews.com\/it\/software-progetti-agile\/coda-recensione\/#primaryimage"},"thumbnailUrl":"https:\/\/www.accuratereviews.com\/wp-content\/uploads\/2023\/10\/coda-app-featured.jpg","datePublished":"2023-10-30T11:44:19+00:00","description":"Coda: recensione software gestionale progetti agile che le aiuta aziende a creare, modificare e visualizzare documenti di testo ecc.","breadcrumb":{"@id":"https:\/\/www.accuratereviews.com\/it\/software-progetti-agile\/coda-recensione\/#breadcrumb"},"inLanguage":"it-IT","potentialAction":[{"@type":"ReadAction","target":["https:\/\/www.accuratereviews.com\/it\/software-progetti-agile\/coda-recensione\/"]}]},{"@type":"ImageObject","inLanguage":"it-IT","@id":"https:\/\/www.accuratereviews.com\/it\/software-progetti-agile\/coda-recensione\/#primaryimage","url":"https:\/\/www.accuratereviews.com\/wp-content\/uploads\/2023\/10\/coda-app-featured.jpg","contentUrl":"https:\/\/www.accuratereviews.com\/wp-content\/uploads\/2023\/10\/coda-app-featured.jpg","width":800,"height":400},{"@type":"BreadcrumbList","@id":"https:\/\/www.accuratereviews.com\/it\/software-progetti-agile\/coda-recensione\/#breadcrumb","itemListElement":[{"@type":"ListItem","position":1,"name":"Home","item":"https:\/\/www.accuratereviews.com\/it\/"},{"@type":"ListItem","position":2,"name":"Software progetti Agile","item":"https:\/\/www.accuratereviews.com\/it\/software-progetti-agile\/"},{"@type":"ListItem","position":3,"name":"Coda"}]},{"@type":"WebSite","@id":"https:\/\/www.accuratereviews.com\/it\/#website","url":"https:\/\/www.accuratereviews.com\/it\/","name":"Accurate Reviews","description":"","potentialAction":[{"@type":"SearchAction","target":{"@type":"EntryPoint","urlTemplate":"https:\/\/www.accuratereviews.com\/it\/?s={search_term_string}"},"query-input":{"@type":"PropertyValueSpecification","valueRequired":true,"valueName":"search_term_string"}}],"inLanguage":"it-IT"}]}},"_links":{"self":[{"href":"https:\/\/www.accuratereviews.com\/it\/wp-json\/wp\/v2\/pages\/72541","targetHints":{"allow":["GET"]}}],"collection":[{"href":"https:\/\/www.accuratereviews.com\/it\/wp-json\/wp\/v2\/pages"}],"about":[{"href":"https:\/\/www.accuratereviews.com\/it\/wp-json\/wp\/v2\/types\/page"}],"author":[{"embeddable":true,"href":"https:\/\/www.accuratereviews.com\/it\/wp-json\/wp\/v2\/users\/19"}],"replies":[{"embeddable":true,"href":"https:\/\/www.accuratereviews.com\/it\/wp-json\/wp\/v2\/comments?post=72541"}],"version-history":[{"count":12,"href":"https:\/\/www.accuratereviews.com\/it\/wp-json\/wp\/v2\/pages\/72541\/revisions"}],"predecessor-version":[{"id":72605,"href":"https:\/\/www.accuratereviews.com\/it\/wp-json\/wp\/v2\/pages\/72541\/revisions\/72605"}],"up":[{"embeddable":true,"href":"https:\/\/www.accuratereviews.com\/it\/wp-json\/wp\/v2\/pages\/71820"}],"wp:featuredmedia":[{"embeddable":true,"href":"https:\/\/www.accuratereviews.com\/it\/wp-json\/wp\/v2\/media\/72542"}],"wp:attachment":[{"href":"https:\/\/www.accuratereviews.com\/it\/wp-json\/wp\/v2\/media?parent=72541"}],"wp:term":[{"taxonomy":"category","embeddable":true,"href":"https:\/\/www.accuratereviews.com\/it\/wp-json\/wp\/v2\/categories?post=72541"},{"taxonomy":"post_tag","embeddable":true,"href":"https:\/\/www.accuratereviews.com\/it\/wp-json\/wp\/v2\/tags?post=72541"},{"taxonomy":"features","embeddable":true,"href":"https:\/\/www.accuratereviews.com\/it\/wp-json\/wp\/v2\/features?post=72541"}],"curies":[{"name":"wp","href":"https:\/\/api.w.org\/{rel}","templated":true}]}}