{"id":72585,"date":"2023-10-30T11:53:42","date_gmt":"2023-10-30T11:53:42","guid":{"rendered":"https:\/\/www.accuratereviews.com\/?page_id=72585"},"modified":"2023-10-31T09:17:04","modified_gmt":"2023-10-31T09:17:04","slug":"itm-platform-recensione","status":"publish","type":"page","link":"https:\/\/www.accuratereviews.com\/it\/software-progetti-agile\/itm-platform-recensione\/","title":{"rendered":"ITM Platform"},"content":{"rendered":"<p><strong>ITM Platform<\/strong> \u00e8 la soluzione di Project Portfolio Management che collega facilmente la tua strategia aziendale con la gestione dei progetti. Offrendo potenti strumenti che ti consentono di gestire tutti i componenti a livello di portafoglio, programma, progetto e attivit\u00e0, la piattaforma <strong>ITM<\/strong> semplifica la supervisione di <strong>progetti agili<\/strong> e a cascata, d\u00e0 priorit\u00e0 alle esigenze e ai requisiti specifici della tua azienda e utilizza informazioni in tempo reale per riferire i progressi agli attori chiave.<br \/>\nCon un&#8217;integrazione di sole due settimane e una curva di apprendimento semplice, tu e i membri del team sarete completamente operativi in tempi rapidi, fornendovi gli strumenti di gestione del progetto e del lavoro necessari per allineare il vostro portafoglio con la strategia aziendale complessiva.<\/p>\n<h2>ITM PLATFORM &#8211; TUTORIAL<\/h2>\n<div id=\"fluid-wrapper-counter-1\" class=\"g1-fluid-wrapper \" style=\"width:686px;\">\n<div style=\"padding-bottom:56.268221574344%;\"><iframe loading=\"lazy\" title=\"PM 5   Working with the Agile Board   ITM Platform\" width=\"686\" height=\"386\" src=\"https:\/\/www.youtube.com\/embed\/9ie_1maUROM?feature=oembed&amp;wmode=transparent&amp;autohide=1&amp;autoplay=0&amp;disablekb=0&amp;fs=1&amp;loop=0&amp;enablejsapi=1&amp;rel=0&amp;controls=2&amp;showinfo=0&amp;wmode=transparent&amp;autohide=2&amp;autoplay=0&amp;disablekb=0&amp;fs=1&amp;loop=0&amp;enablejsapi=1&amp;rel=0&amp;controls=2&amp;showinfo=1\" frameborder=\"0\" allow=\"accelerometer; autoplay; clipboard-write; encrypted-media; gyroscope; picture-in-picture; web-share\" allowfullscreen><\/iframe><\/div>\n<\/div>\n<h3>ITM PLATFORM &#8211; CARATTERISTICHE<\/h3>\n<ul>\n<li><strong>Portafoglio e programmi:<\/strong> gestisci il tuo intero portafoglio in una soluzione completa. Struttura i tuoi progetti all&#8217;interno di programmi aziendali. Stabilire obiettivi e valutare i risultati.<\/li>\n<li><strong>Cascata e Agile<\/strong>: gestisci i tuoi progetti in modalit\u00e0 predittiva utilizzando il diagramma di Gantt o in modalit\u00e0 agile con le schede Kanban.<\/li>\n<li><strong>Gestione delle risorse<\/strong>: monitora\u00a0tutte le risorse del tuo progetto da una visualizzazione del portfolio unificata. Abbina domanda e allocazione senza sforzo.<\/li>\n<li><strong>Allineare la strategia con l&#8217;esecuzione<\/strong>: prendi decisioni sui progetti in base alle priorit\u00e0 aziendali e ai dati in tempo reale.<\/li>\n<li><strong>Integrazioni e API:<\/strong> segnala gli sforzi compiuti da Slack, importa i tuoi diagrammi di Gantt da MS Project o collega la piattaforma ai tuoi sistemi esistenti utilizzando la nostra API per sviluppatori.<\/li>\n<li><strong>Progetto finanziario<\/strong>: controlla tutte le finanze del tuo progetto: costi, ricavi, gestione dei fornitori, budget globale e spesa stimata.<\/li>\n<li><strong>Clienti e Fornitori:<\/strong> gestisci tutte le informazioni di ciascun cliente e scopri quali fornitori sono pi\u00f9 vantaggiosi per la tua attivit\u00e0.<\/li>\n<li><strong>Informazione e comunicazione<\/strong>: la piattaforma sar\u00e0 il tuo repository di informazioni e il principale alleato del tuo PMO. Chatta con il tuo team, esporta facilmente le informazioni e goditi le dashboard predefinite.<\/li>\n<\/ul>\n<h4>LE RECENSIONI DEGLI UTENTI<\/h4>\n<p><strong>Fernando &#8220;Soluzione efficace ed efficiente per la gestione dei progetti&#8221;<\/strong><br \/>\n<strong>Commenti<\/strong>: Dopo un&#8217;analisi approfondita e completa delle soluzioni, abbiamo optato per la piattaforma ITM, l&#8217;implementazione \u00e8 stata rapida e semplice. Siamo molto soddisfatti del funzionamento poich\u00e9 \u00e8 stabile e ci vengono costantemente fornite nuove funzionalit\u00e0. La sua architettura di integrazione \u00e8 molto intelligente e semplice, siamo stati praticamente in grado di integrare il resto delle nostre soluzioni con la piattaforma ITM.<br \/>\n<strong>Pro<\/strong>: A differenza di altre soluzioni, la piattaforma ITM offre tutte le funzionalit\u00e0 per gestire programmi, portfolio, progetti e servizi. Fornisce tutte le funzionalit\u00e0 di MS-Project in termini di gestione della pianificazione Gantt e del percorso critico. Fornisce spazio di archiviazione illimitato ed \u00e8 completamente integrato con le funzioni del sistema; \u00e8 come avere uno sharepoint. Ha un social network integrato che consente una comunicazione efficace tra i membri del team. Dashboard, indicatori chiave e report sono gi\u00e0 creati, basati sulle migliori pratiche e possono essere utilizzati fin dall&#8217;inizio della soluzione. Consente di gestire progetti da prospettive robuste, a cascata e agili.<br \/>\n<strong>Contro<\/strong>: Il funzionamento della soluzione avviene esclusivamente tramite browser web<\/p>\n<p><strong>Jorge &#8220;Software ITM PM&#8221;<\/strong><br \/>\n<strong>Pro<\/strong>: funzioni Amichevole Gestione del portafoglio kanban<br \/>\n<strong>Contro<\/strong>: Visualizzazione report per gli utenti ospiti gestione dei costi integrazione delle attivit\u00e0 kanban con la sequenza temporale<\/p>\n<p><strong>Rafael &#8220;Ottima applicazione ma eccellente supporto clienti&#8221;<\/strong><br \/>\n<strong>Pro<\/strong>: \u00e8 un&#8217;applicazione completa per la gestione dei progetti, la gestione dei programmi e la gestione del portfolio, il costo \u00e8 buono e il supporto \u00e8 eccellente. \u00c8 facile integrarsi con Power BI per creare altri dashboard.<br \/>\n<strong>Contro<\/strong>: per utilizzare l&#8217;applicazione \u00e8 necessario prima creare i parametri e potrebbe non essere cos\u00ec semplice. L&#8217;applicazione non ha sottoprogetti o sottoprogrammi.<\/p>\n","protected":false},"excerpt":{"rendered":"<p>ITM Platform \u00e8 la soluzione di Project Portfolio Management che collega facilmente la tua strategia aziendale con la gestione dei progetti. Offrendo potenti strumenti che ti consentono di gestire tutti i componenti a livello di portafoglio, programma, progetto e attivit\u00e0, la piattaforma ITM semplifica la supervisione di progetti agili e a cascata, d\u00e0 priorit\u00e0 alle esigenze e ai requisiti specifici della tua azienda e utilizza informazioni in tempo reale per riferire i progressi agli attori chiave.<\/p>\n","protected":false},"author":19,"featured_media":72586,"parent":71820,"menu_order":0,"comment_status":"open","ping_status":"closed","template":"g1_template_page_review_new.php","meta":{"_acf_changed":false,"cwp_meta_box_check":"Yes","cwp_rev_product_name":"","cwp_rev_product_image":"","wppr_links":[],"cwp_rev_price":"0.00","wppr_options":[{"name":"Usability","value":"0"},{"name":"Speed","value":"0"},{"name":"Features","value":"0"},{"name":"Support","value":"0"},{"name":"Pricing","value":"0"}],"wppr_pros":["","","","",""],"wppr_cons":["","","","",""],"_monsterinsights_skip_tracking":false,"_monsterinsights_sitenote_active":false,"_monsterinsights_sitenote_note":"","_monsterinsights_sitenote_category":0,"footnotes":""},"categories":[2892],"tags":[2916,14655,14732,2992,14656,14658,2989,2985,2990],"features":[],"class_list":{"0":"post-72585","1":"page","2":"type-page","3":"status-publish","4":"has-post-thumbnail","6":"category-gestionale-per-progetti-agile","7":"tag-gestionale-agile","8":"tag-gestionale-progetti-agile","9":"tag-itm-platform","10":"tag-piattaforma-gestionale-agile","11":"tag-programma-gestionale-agile","12":"tag-programma-gestionale-progetti-agile","13":"tag-software-gestionale-agile","14":"tag-software-gestionale-progetti-agile","15":"tag-soluzione-gestionale-agile"},"wppr_data":{"cwp_meta_box_check":"Yes","_wppr_review_template":"default","cwp_rev_product_image":"","cwp_image_link":"image","wppr_links":[],"cwp_rev_price":"0.00","wppr_pros":["","","","",""],"wppr_cons":["","","","",""],"wppr_rating":"0.00","wppr_options":{"1":{"name":"Usability","value":"0"},"2":{"name":"Speed","value":"0"},"3":{"name":"Features","value":"0"},"4":{"name":"Support","value":"0"},"5":{"name":"Pricing","value":"0"}},"wppr_review_type":"Product","wppr_review_custom_fields":{"additionalProperty":"","additionalType":"","aggregateRating":"","alternateName":"","audience":"","award":"","awards":"","brand":"","color":"","depth":"","description":"","disambiguatingDescription":"","gtin12":"","gtin13":"","gtin14":"","gtin8":"","height":"","identifier":"","image":"","isAccessoryOrSparePartFor":"","isConsumableFor":"","isRelatedTo":"","isSimilarTo":"","itemCondition":"","logo":"","mainEntityOfPage":"","manufacturer":"","material":"","model":"","mpn":"","name":"","offers":"","potentialAction":"","productID":"","productionDate":"","purchaseDate":"","releaseDate":"","review":"","reviews":"","sameAs":"","sku":"","slogan":"","subjectOf":"","url":"","weight":"","width":""}},"acf":[],"yoast_head":"<!-- This site is optimized with the Yoast SEO plugin v27.4 - https:\/\/yoast.com\/product\/yoast-seo-wordpress\/ -->\n<title>ITM Platform: recensione software gestionale progetti agile - Accurate Reviews<\/title>\n<meta name=\"description\" content=\"ITM Platform: recensione soluzione di Project Portfolio Management che collega la tua strategia aziendale con la gestione dei progetti.\" \/>\n<meta name=\"robots\" content=\"index, follow, max-snippet:-1, max-image-preview:large, max-video-preview:-1\" \/>\n<link rel=\"canonical\" href=\"https:\/\/www.accuratereviews.com\/it\/software-progetti-agile\/itm-platform-recensione\/\" \/>\n<meta property=\"og:locale\" content=\"it_IT\" \/>\n<meta property=\"og:type\" content=\"article\" \/>\n<meta property=\"og:title\" content=\"ITM Platform: recensione software gestionale progetti agile - Accurate Reviews\" \/>\n<meta property=\"og:description\" content=\"ITM Platform: recensione soluzione di Project Portfolio Management che collega la tua strategia aziendale con la gestione dei progetti.\" \/>\n<meta property=\"og:url\" content=\"https:\/\/www.accuratereviews.com\/it\/software-progetti-agile\/itm-platform-recensione\/\" \/>\n<meta property=\"og:site_name\" content=\"Accurate Reviews\" \/>\n<meta property=\"article:modified_time\" content=\"2023-10-31T09:17:04+00:00\" \/>\n<meta property=\"og:image\" content=\"https:\/\/www.accuratereviews.com\/wp-content\/uploads\/2023\/10\/ITM-Platform.webp\" \/>\n\t<meta property=\"og:image:width\" content=\"209\" \/>\n\t<meta property=\"og:image:height\" content=\"222\" \/>\n\t<meta property=\"og:image:type\" content=\"image\/webp\" \/>\n<meta name=\"twitter:card\" content=\"summary_large_image\" \/>\n<meta name=\"twitter:label1\" content=\"Tempo di lettura stimato\" \/>\n\t<meta name=\"twitter:data1\" content=\"4 minuti\" \/>\n<script type=\"application\/ld+json\" class=\"yoast-schema-graph\">{\"@context\":\"https:\\\/\\\/schema.org\",\"@graph\":[{\"@type\":\"WebPage\",\"@id\":\"https:\\\/\\\/www.accuratereviews.com\\\/it\\\/software-progetti-agile\\\/itm-platform-recensione\\\/\",\"url\":\"https:\\\/\\\/www.accuratereviews.com\\\/it\\\/software-progetti-agile\\\/itm-platform-recensione\\\/\",\"name\":\"ITM Platform: recensione software gestionale progetti agile - Accurate Reviews\",\"isPartOf\":{\"@id\":\"https:\\\/\\\/www.accuratereviews.com\\\/it\\\/#website\"},\"primaryImageOfPage\":{\"@id\":\"https:\\\/\\\/www.accuratereviews.com\\\/it\\\/software-progetti-agile\\\/itm-platform-recensione\\\/#primaryimage\"},\"image\":{\"@id\":\"https:\\\/\\\/www.accuratereviews.com\\\/it\\\/software-progetti-agile\\\/itm-platform-recensione\\\/#primaryimage\"},\"thumbnailUrl\":\"https:\\\/\\\/www.accuratereviews.com\\\/wp-content\\\/uploads\\\/2023\\\/10\\\/ITM-Platform.webp\",\"datePublished\":\"2023-10-30T11:53:42+00:00\",\"dateModified\":\"2023-10-31T09:17:04+00:00\",\"description\":\"ITM Platform: recensione soluzione di Project Portfolio Management che collega la tua strategia aziendale con la gestione dei progetti.\",\"breadcrumb\":{\"@id\":\"https:\\\/\\\/www.accuratereviews.com\\\/it\\\/software-progetti-agile\\\/itm-platform-recensione\\\/#breadcrumb\"},\"inLanguage\":\"it-IT\",\"potentialAction\":[{\"@type\":\"ReadAction\",\"target\":[\"https:\\\/\\\/www.accuratereviews.com\\\/it\\\/software-progetti-agile\\\/itm-platform-recensione\\\/\"]}]},{\"@type\":\"ImageObject\",\"inLanguage\":\"it-IT\",\"@id\":\"https:\\\/\\\/www.accuratereviews.com\\\/it\\\/software-progetti-agile\\\/itm-platform-recensione\\\/#primaryimage\",\"url\":\"https:\\\/\\\/www.accuratereviews.com\\\/wp-content\\\/uploads\\\/2023\\\/10\\\/ITM-Platform.webp\",\"contentUrl\":\"https:\\\/\\\/www.accuratereviews.com\\\/wp-content\\\/uploads\\\/2023\\\/10\\\/ITM-Platform.webp\",\"width\":209,\"height\":222},{\"@type\":\"BreadcrumbList\",\"@id\":\"https:\\\/\\\/www.accuratereviews.com\\\/it\\\/software-progetti-agile\\\/itm-platform-recensione\\\/#breadcrumb\",\"itemListElement\":[{\"@type\":\"ListItem\",\"position\":1,\"name\":\"Home\",\"item\":\"https:\\\/\\\/www.accuratereviews.com\\\/it\\\/\"},{\"@type\":\"ListItem\",\"position\":2,\"name\":\"Software progetti Agile\",\"item\":\"https:\\\/\\\/www.accuratereviews.com\\\/it\\\/software-progetti-agile\\\/\"},{\"@type\":\"ListItem\",\"position\":3,\"name\":\"ITM Platform\"}]},{\"@type\":\"WebSite\",\"@id\":\"https:\\\/\\\/www.accuratereviews.com\\\/it\\\/#website\",\"url\":\"https:\\\/\\\/www.accuratereviews.com\\\/it\\\/\",\"name\":\"Accurate Reviews\",\"description\":\"\",\"potentialAction\":[{\"@type\":\"SearchAction\",\"target\":{\"@type\":\"EntryPoint\",\"urlTemplate\":\"https:\\\/\\\/www.accuratereviews.com\\\/it\\\/?s={search_term_string}\"},\"query-input\":{\"@type\":\"PropertyValueSpecification\",\"valueRequired\":true,\"valueName\":\"search_term_string\"}}],\"inLanguage\":\"it-IT\"}]}<\/script>\n<!-- \/ Yoast SEO plugin. -->","yoast_head_json":{"title":"ITM Platform: recensione software gestionale progetti agile - Accurate Reviews","description":"ITM Platform: recensione soluzione di Project Portfolio Management che collega la tua strategia aziendale con la gestione dei progetti.","robots":{"index":"index","follow":"follow","max-snippet":"max-snippet:-1","max-image-preview":"max-image-preview:large","max-video-preview":"max-video-preview:-1"},"canonical":"https:\/\/www.accuratereviews.com\/it\/software-progetti-agile\/itm-platform-recensione\/","og_locale":"it_IT","og_type":"article","og_title":"ITM Platform: recensione software gestionale progetti agile - Accurate Reviews","og_description":"ITM Platform: recensione soluzione di Project Portfolio Management che collega la tua strategia aziendale con la gestione dei progetti.","og_url":"https:\/\/www.accuratereviews.com\/it\/software-progetti-agile\/itm-platform-recensione\/","og_site_name":"Accurate Reviews","article_modified_time":"2023-10-31T09:17:04+00:00","og_image":[{"width":209,"height":222,"url":"https:\/\/www.accuratereviews.com\/wp-content\/uploads\/2023\/10\/ITM-Platform.webp","type":"image\/webp"}],"twitter_card":"summary_large_image","twitter_misc":{"Tempo di lettura stimato":"4 minuti"},"schema":{"@context":"https:\/\/schema.org","@graph":[{"@type":"WebPage","@id":"https:\/\/www.accuratereviews.com\/it\/software-progetti-agile\/itm-platform-recensione\/","url":"https:\/\/www.accuratereviews.com\/it\/software-progetti-agile\/itm-platform-recensione\/","name":"ITM Platform: recensione software gestionale progetti agile - Accurate Reviews","isPartOf":{"@id":"https:\/\/www.accuratereviews.com\/it\/#website"},"primaryImageOfPage":{"@id":"https:\/\/www.accuratereviews.com\/it\/software-progetti-agile\/itm-platform-recensione\/#primaryimage"},"image":{"@id":"https:\/\/www.accuratereviews.com\/it\/software-progetti-agile\/itm-platform-recensione\/#primaryimage"},"thumbnailUrl":"https:\/\/www.accuratereviews.com\/wp-content\/uploads\/2023\/10\/ITM-Platform.webp","datePublished":"2023-10-30T11:53:42+00:00","dateModified":"2023-10-31T09:17:04+00:00","description":"ITM Platform: recensione soluzione di Project Portfolio Management che collega la tua strategia aziendale con la gestione dei progetti.","breadcrumb":{"@id":"https:\/\/www.accuratereviews.com\/it\/software-progetti-agile\/itm-platform-recensione\/#breadcrumb"},"inLanguage":"it-IT","potentialAction":[{"@type":"ReadAction","target":["https:\/\/www.accuratereviews.com\/it\/software-progetti-agile\/itm-platform-recensione\/"]}]},{"@type":"ImageObject","inLanguage":"it-IT","@id":"https:\/\/www.accuratereviews.com\/it\/software-progetti-agile\/itm-platform-recensione\/#primaryimage","url":"https:\/\/www.accuratereviews.com\/wp-content\/uploads\/2023\/10\/ITM-Platform.webp","contentUrl":"https:\/\/www.accuratereviews.com\/wp-content\/uploads\/2023\/10\/ITM-Platform.webp","width":209,"height":222},{"@type":"BreadcrumbList","@id":"https:\/\/www.accuratereviews.com\/it\/software-progetti-agile\/itm-platform-recensione\/#breadcrumb","itemListElement":[{"@type":"ListItem","position":1,"name":"Home","item":"https:\/\/www.accuratereviews.com\/it\/"},{"@type":"ListItem","position":2,"name":"Software progetti Agile","item":"https:\/\/www.accuratereviews.com\/it\/software-progetti-agile\/"},{"@type":"ListItem","position":3,"name":"ITM Platform"}]},{"@type":"WebSite","@id":"https:\/\/www.accuratereviews.com\/it\/#website","url":"https:\/\/www.accuratereviews.com\/it\/","name":"Accurate Reviews","description":"","potentialAction":[{"@type":"SearchAction","target":{"@type":"EntryPoint","urlTemplate":"https:\/\/www.accuratereviews.com\/it\/?s={search_term_string}"},"query-input":{"@type":"PropertyValueSpecification","valueRequired":true,"valueName":"search_term_string"}}],"inLanguage":"it-IT"}]}},"_links":{"self":[{"href":"https:\/\/www.accuratereviews.com\/it\/wp-json\/wp\/v2\/pages\/72585","targetHints":{"allow":["GET"]}}],"collection":[{"href":"https:\/\/www.accuratereviews.com\/it\/wp-json\/wp\/v2\/pages"}],"about":[{"href":"https:\/\/www.accuratereviews.com\/it\/wp-json\/wp\/v2\/types\/page"}],"author":[{"embeddable":true,"href":"https:\/\/www.accuratereviews.com\/it\/wp-json\/wp\/v2\/users\/19"}],"replies":[{"embeddable":true,"href":"https:\/\/www.accuratereviews.com\/it\/wp-json\/wp\/v2\/comments?post=72585"}],"version-history":[{"count":11,"href":"https:\/\/www.accuratereviews.com\/it\/wp-json\/wp\/v2\/pages\/72585\/revisions"}],"predecessor-version":[{"id":72656,"href":"https:\/\/www.accuratereviews.com\/it\/wp-json\/wp\/v2\/pages\/72585\/revisions\/72656"}],"up":[{"embeddable":true,"href":"https:\/\/www.accuratereviews.com\/it\/wp-json\/wp\/v2\/pages\/71820"}],"wp:featuredmedia":[{"embeddable":true,"href":"https:\/\/www.accuratereviews.com\/it\/wp-json\/wp\/v2\/media\/72586"}],"wp:attachment":[{"href":"https:\/\/www.accuratereviews.com\/it\/wp-json\/wp\/v2\/media?parent=72585"}],"wp:term":[{"taxonomy":"category","embeddable":true,"href":"https:\/\/www.accuratereviews.com\/it\/wp-json\/wp\/v2\/categories?post=72585"},{"taxonomy":"post_tag","embeddable":true,"href":"https:\/\/www.accuratereviews.com\/it\/wp-json\/wp\/v2\/tags?post=72585"},{"taxonomy":"features","embeddable":true,"href":"https:\/\/www.accuratereviews.com\/it\/wp-json\/wp\/v2\/features?post=72585"}],"curies":[{"name":"wp","href":"https:\/\/api.w.org\/{rel}","templated":true}]}}