{"id":72640,"date":"2023-10-31T15:53:54","date_gmt":"2023-10-31T15:53:54","guid":{"rendered":"https:\/\/www.accuratereviews.com\/?page_id=72640"},"modified":"2023-11-02T10:48:31","modified_gmt":"2023-11-02T10:48:31","slug":"spirateam-recensione","status":"publish","type":"page","link":"https:\/\/www.accuratereviews.com\/it\/software-progetti-agile\/spirateam-recensione\/","title":{"rendered":"SpiraTeam"},"content":{"rendered":"<p><strong>SpiraTeam<\/strong> \u00e8 il principale<strong> sistema ALM<\/strong> (Application Lifecycle Management) che gestisce requisiti, rilasci, test, problemi e attivit\u00e0 in un unico ambiente integrato. Fornisce dashboard integrate con informazioni chiave sulla salute e sullo stato del progetto. Prevede dashboard di reporting della qualit\u00e0 chiave del progetto e degli indicatori di progresso &#8211; copertura dei test dei requisiti, avanzamento delle attivit\u00e0, velocit\u00e0 del progetto, esecuzione dei test e rischi e problemi principali &#8211; in un&#8217;unica visione consolidata fatta su misura per le metodologie <strong>agili<\/strong> e per supportare la tua eredit\u00e0\/ progetti a cascata ibridi.<br \/>\nLo sviluppo del software \u00e8 stato trasformato dalle nuove metodologie <strong>Agile<\/strong> come Scrum, XP, DSDM e AUP. Tuttavia gli strumenti tradizionali di gestione dei progetti sono troppo ingombranti e poco adatti. La scheda di pianificazione Agile di SpiraTeam \u00e8 perfetta per le riunioni di gruppo con codifica a colori e semplice modifica con trascinamento della selezione.<\/p>\n<h2>SPIRATEAM &#8211; TUTORIAL<\/h2>\n<div id=\"fluid-wrapper-counter-1\" class=\"g1-fluid-wrapper \" style=\"width:686px;\">\n<div style=\"padding-bottom:56.268221574344%;\"><iframe loading=\"lazy\" title=\"Getting Started With Spira v.6 | Global Navigation (Part 1)\" width=\"686\" height=\"386\" src=\"https:\/\/www.youtube.com\/embed\/8rDdyrY0InY?list=PL1GncVUgF5nud52AdNX-_s-I8KkAdX614\" frameborder=\"0\" allow=\"accelerometer; autoplay; clipboard-write; encrypted-media; gyroscope; picture-in-picture; web-share\" allowfullscreen><\/iframe><\/div>\n<\/div>\n<h3>SPIRATEAM &#8211; CARATTERISTICHE<\/h3>\n<ul>\n<li>Cattura i requisiti e scomponili in attivit\u00e0 dettagliate<\/li>\n<li>Assegnare priorit\u00e0 e pianificare i requisiti per ogni rilascio\/iterazione<\/li>\n<li>Tieni traccia di bug, miglioramenti, rischi e problemi<\/li>\n<li>Assegnare i requisiti agli sviluppatori in base a stime dettagliate delle attivit\u00e0<\/li>\n<li>Tieni traccia di bug, miglioramenti, rischi e problemi<\/li>\n<li>Creare, modificare ed eseguire casi di test<\/li>\n<li>Gestire la copertura dei test dei requisiti<\/li>\n<li>Creare e assegnare set di test per l&#8217;esecuzione<\/li>\n<li>Registra i bug collegati ai passaggi del test durante l&#8217;esecuzione<\/li>\n<li>Dashboard personalizzate e reportistica personalizzabile<\/li>\n<li>Sistema di gestione dei documenti basato sul Web completamente integrato<\/li>\n<li>Cronologia completa degli audit di tutte le modifiche apportate al sistema<\/li>\n<li>Grafici e report basati sul Web nei formati HTML e MS-Office<\/li>\n<li>Potente interfaccia utente basata sul Web ottimizzata per dispositivi mobili<\/li>\n<\/ul>\n<h4>SPIRATEAM &#8211; CARATTERISTICHE<\/h4>\n<p><strong>Rosaria &#8220;SpiraTeam: un sollievo&#8221;<\/strong><br \/>\n<strong>Commenti<\/strong>: Complessivamente utile e dinamico<br \/>\n<strong>Pro<\/strong>: Ho iniziato a usare questo software durante un breve corso aziendale. \u00c8 abbastanza facile scrivere i vari step dei macroscenari, una volta individuati<br \/>\n<strong>Contro<\/strong>: Il nuovo aggiornamento ha cambiato radicalmente la dashboard e quindi ci vuole un attimo per trovare le informazioni che si cercano<\/p>\n<p><strong>Ambrish &#8220;\u00c8 un fantastico prodotto di Inflectra per la gestione complessiva del progetto. L&#8217;assistenza clienti \u00e8 eccellente&#8221;<\/strong><br \/>\n<strong>Pro<\/strong>: Funzionalit\u00e0 interessanti, integrazione con la maggior parte degli strumenti di automazione, facilit\u00e0 di navigazione, interfaccia utente di facile comprensione, tracciamento delle attivit\u00e0, controllo della versione, accesso in base ai ruoli, facile tracciamento di tutti gli artefatti e mappature facili da comprendere con essi.<br \/>\n<strong>Contro<\/strong>: Il reporting pu\u00f2 essere migliorato. A volte alcuni formati generano errori durante il reporting, per lo pi\u00f9 i report dettagliati sugli incidenti falliscono quando si allegano immagini diverse dai formati jpeg.<\/p>\n<p><strong>John &#8220;Grande valore e grande supporto&#8221;<\/strong><br \/>\nPro: Set di funzionalit\u00e0 per il prezzo rispetto ai prodotti concorrenti. Licenza flessibile. Ottimo supporto da parte dell&#8217;azienda.<br \/>\n<strong>Contro<\/strong>: Occasionalmente pu\u00f2 essere lento, senza una ragione apparente. La convalida rispetto ad AD pu\u00f2 essere difficile da configurare.<\/p>\n","protected":false},"excerpt":{"rendered":"<p>SpiraTeam \u00e8 il principale sistema ALM (Application Lifecycle Management) che gestisce requisiti, rilasci, test, problemi e attivit\u00e0 in un unico ambiente integrato. Fornisce dashboard integrate con informazioni chiave sulla salute e sullo stato del progetto.<\/p>\n","protected":false},"author":19,"featured_media":72648,"parent":71820,"menu_order":0,"comment_status":"open","ping_status":"closed","template":"g1_template_page_review_new.php","meta":{"_acf_changed":false,"cwp_meta_box_check":"Yes","cwp_rev_product_name":"","cwp_rev_product_image":"","wppr_links":[],"cwp_rev_price":"0.00","wppr_options":[{"name":"Usability","value":"0"},{"name":"Speed","value":"0"},{"name":"Features","value":"0"},{"name":"Support","value":"0"},{"name":"Pricing","value":"0"}],"wppr_pros":["","","","",""],"wppr_cons":["","","","",""],"_monsterinsights_skip_tracking":false,"_monsterinsights_sitenote_active":false,"_monsterinsights_sitenote_note":"","_monsterinsights_sitenote_category":0,"footnotes":""},"categories":[2892],"tags":[14742,14655,2992,14666,14656,14658,2989,2985,2990,2984,14741],"features":[],"class_list":{"0":"post-72640","1":"page","2":"type-page","3":"status-publish","4":"has-post-thumbnail","6":"category-gestionale-per-progetti-agile","7":"tag-gestionale-agille","8":"tag-gestionale-progetti-agile","9":"tag-piattaforma-gestionale-agile","10":"tag-piattaforma-gestionale-progetti-agile","11":"tag-programma-gestionale-agile","12":"tag-programma-gestionale-progetti-agile","13":"tag-software-gestionale-agile","14":"tag-software-gestionale-progetti-agile","15":"tag-soluzione-gestionale-agile","16":"tag-soluzione-gestionale-progetti-agile","17":"tag-spirateam"},"wppr_data":{"cwp_meta_box_check":"Yes","_wppr_review_template":"default","cwp_rev_product_image":"","cwp_image_link":"image","wppr_links":[],"cwp_rev_price":"0.00","wppr_pros":["","","","",""],"wppr_cons":["","","","",""],"wppr_rating":"0.00","wppr_options":{"1":{"name":"Usability","value":"0"},"2":{"name":"Speed","value":"0"},"3":{"name":"Features","value":"0"},"4":{"name":"Support","value":"0"},"5":{"name":"Pricing","value":"0"}},"wppr_review_type":"Product","wppr_review_custom_fields":{"additionalProperty":"","additionalType":"","aggregateRating":"","alternateName":"","audience":"","award":"","awards":"","brand":"","color":"","depth":"","description":"","disambiguatingDescription":"","gtin12":"","gtin13":"","gtin14":"","gtin8":"","height":"","identifier":"","image":"","isAccessoryOrSparePartFor":"","isConsumableFor":"","isRelatedTo":"","isSimilarTo":"","itemCondition":"","logo":"","mainEntityOfPage":"","manufacturer":"","material":"","model":"","mpn":"","name":"","offers":"","potentialAction":"","productID":"","productionDate":"","purchaseDate":"","releaseDate":"","review":"","reviews":"","sameAs":"","sku":"","slogan":"","subjectOf":"","url":"","weight":"","width":""}},"acf":[],"yoast_head":"<!-- This site is optimized with the Yoast SEO plugin v27.4 - https:\/\/yoast.com\/product\/yoast-seo-wordpress\/ -->\n<title>SpiraTeam: recensione software gestionale progetti Agile - Accurate Reviews<\/title>\n<meta name=\"description\" content=\"SpiraTeam: recensione sistema ALM che gestisce requisiti, rilasci, test, problemi e attivit\u00e0 in un unico ambiente integrato.\" \/>\n<meta name=\"robots\" content=\"index, follow, max-snippet:-1, max-image-preview:large, max-video-preview:-1\" \/>\n<link rel=\"canonical\" href=\"https:\/\/www.accuratereviews.com\/it\/software-progetti-agile\/spirateam-recensione\/\" \/>\n<meta property=\"og:locale\" content=\"it_IT\" \/>\n<meta property=\"og:type\" content=\"article\" \/>\n<meta property=\"og:title\" content=\"SpiraTeam: recensione software gestionale progetti Agile - Accurate Reviews\" \/>\n<meta property=\"og:description\" content=\"SpiraTeam: recensione sistema ALM che gestisce requisiti, rilasci, test, problemi e attivit\u00e0 in un unico ambiente integrato.\" \/>\n<meta property=\"og:url\" content=\"https:\/\/www.accuratereviews.com\/it\/software-progetti-agile\/spirateam-recensione\/\" \/>\n<meta property=\"og:site_name\" content=\"Accurate Reviews\" \/>\n<meta property=\"article:modified_time\" content=\"2023-11-02T10:48:31+00:00\" \/>\n<meta property=\"og:image\" content=\"https:\/\/www.accuratereviews.com\/wp-content\/uploads\/2023\/10\/SpiraTeam2.png\" \/>\n\t<meta property=\"og:image:width\" content=\"350\" \/>\n\t<meta property=\"og:image:height\" content=\"350\" \/>\n\t<meta property=\"og:image:type\" content=\"image\/png\" \/>\n<meta name=\"twitter:card\" content=\"summary_large_image\" \/>\n<meta name=\"twitter:label1\" content=\"Tempo di lettura stimato\" \/>\n\t<meta name=\"twitter:data1\" content=\"3 minuti\" \/>\n<script type=\"application\/ld+json\" class=\"yoast-schema-graph\">{\"@context\":\"https:\\\/\\\/schema.org\",\"@graph\":[{\"@type\":\"WebPage\",\"@id\":\"https:\\\/\\\/www.accuratereviews.com\\\/it\\\/software-progetti-agile\\\/spirateam-recensione\\\/\",\"url\":\"https:\\\/\\\/www.accuratereviews.com\\\/it\\\/software-progetti-agile\\\/spirateam-recensione\\\/\",\"name\":\"SpiraTeam: recensione software gestionale progetti Agile - Accurate Reviews\",\"isPartOf\":{\"@id\":\"https:\\\/\\\/www.accuratereviews.com\\\/it\\\/#website\"},\"primaryImageOfPage\":{\"@id\":\"https:\\\/\\\/www.accuratereviews.com\\\/it\\\/software-progetti-agile\\\/spirateam-recensione\\\/#primaryimage\"},\"image\":{\"@id\":\"https:\\\/\\\/www.accuratereviews.com\\\/it\\\/software-progetti-agile\\\/spirateam-recensione\\\/#primaryimage\"},\"thumbnailUrl\":\"https:\\\/\\\/www.accuratereviews.com\\\/wp-content\\\/uploads\\\/2023\\\/10\\\/SpiraTeam2.png\",\"datePublished\":\"2023-10-31T15:53:54+00:00\",\"dateModified\":\"2023-11-02T10:48:31+00:00\",\"description\":\"SpiraTeam: recensione sistema ALM che gestisce requisiti, rilasci, test, problemi e attivit\u00e0 in un unico ambiente integrato.\",\"breadcrumb\":{\"@id\":\"https:\\\/\\\/www.accuratereviews.com\\\/it\\\/software-progetti-agile\\\/spirateam-recensione\\\/#breadcrumb\"},\"inLanguage\":\"it-IT\",\"potentialAction\":[{\"@type\":\"ReadAction\",\"target\":[\"https:\\\/\\\/www.accuratereviews.com\\\/it\\\/software-progetti-agile\\\/spirateam-recensione\\\/\"]}]},{\"@type\":\"ImageObject\",\"inLanguage\":\"it-IT\",\"@id\":\"https:\\\/\\\/www.accuratereviews.com\\\/it\\\/software-progetti-agile\\\/spirateam-recensione\\\/#primaryimage\",\"url\":\"https:\\\/\\\/www.accuratereviews.com\\\/wp-content\\\/uploads\\\/2023\\\/10\\\/SpiraTeam2.png\",\"contentUrl\":\"https:\\\/\\\/www.accuratereviews.com\\\/wp-content\\\/uploads\\\/2023\\\/10\\\/SpiraTeam2.png\",\"width\":350,\"height\":350},{\"@type\":\"BreadcrumbList\",\"@id\":\"https:\\\/\\\/www.accuratereviews.com\\\/it\\\/software-progetti-agile\\\/spirateam-recensione\\\/#breadcrumb\",\"itemListElement\":[{\"@type\":\"ListItem\",\"position\":1,\"name\":\"Home\",\"item\":\"https:\\\/\\\/www.accuratereviews.com\\\/it\\\/\"},{\"@type\":\"ListItem\",\"position\":2,\"name\":\"Software progetti Agile\",\"item\":\"https:\\\/\\\/www.accuratereviews.com\\\/it\\\/software-progetti-agile\\\/\"},{\"@type\":\"ListItem\",\"position\":3,\"name\":\"SpiraTeam\"}]},{\"@type\":\"WebSite\",\"@id\":\"https:\\\/\\\/www.accuratereviews.com\\\/it\\\/#website\",\"url\":\"https:\\\/\\\/www.accuratereviews.com\\\/it\\\/\",\"name\":\"Accurate Reviews\",\"description\":\"\",\"potentialAction\":[{\"@type\":\"SearchAction\",\"target\":{\"@type\":\"EntryPoint\",\"urlTemplate\":\"https:\\\/\\\/www.accuratereviews.com\\\/it\\\/?s={search_term_string}\"},\"query-input\":{\"@type\":\"PropertyValueSpecification\",\"valueRequired\":true,\"valueName\":\"search_term_string\"}}],\"inLanguage\":\"it-IT\"}]}<\/script>\n<!-- \/ Yoast SEO plugin. -->","yoast_head_json":{"title":"SpiraTeam: recensione software gestionale progetti Agile - Accurate Reviews","description":"SpiraTeam: recensione sistema ALM che gestisce requisiti, rilasci, test, problemi e attivit\u00e0 in un unico ambiente integrato.","robots":{"index":"index","follow":"follow","max-snippet":"max-snippet:-1","max-image-preview":"max-image-preview:large","max-video-preview":"max-video-preview:-1"},"canonical":"https:\/\/www.accuratereviews.com\/it\/software-progetti-agile\/spirateam-recensione\/","og_locale":"it_IT","og_type":"article","og_title":"SpiraTeam: recensione software gestionale progetti Agile - Accurate Reviews","og_description":"SpiraTeam: recensione sistema ALM che gestisce requisiti, rilasci, test, problemi e attivit\u00e0 in un unico ambiente integrato.","og_url":"https:\/\/www.accuratereviews.com\/it\/software-progetti-agile\/spirateam-recensione\/","og_site_name":"Accurate Reviews","article_modified_time":"2023-11-02T10:48:31+00:00","og_image":[{"width":350,"height":350,"url":"https:\/\/www.accuratereviews.com\/wp-content\/uploads\/2023\/10\/SpiraTeam2.png","type":"image\/png"}],"twitter_card":"summary_large_image","twitter_misc":{"Tempo di lettura stimato":"3 minuti"},"schema":{"@context":"https:\/\/schema.org","@graph":[{"@type":"WebPage","@id":"https:\/\/www.accuratereviews.com\/it\/software-progetti-agile\/spirateam-recensione\/","url":"https:\/\/www.accuratereviews.com\/it\/software-progetti-agile\/spirateam-recensione\/","name":"SpiraTeam: recensione software gestionale progetti Agile - Accurate Reviews","isPartOf":{"@id":"https:\/\/www.accuratereviews.com\/it\/#website"},"primaryImageOfPage":{"@id":"https:\/\/www.accuratereviews.com\/it\/software-progetti-agile\/spirateam-recensione\/#primaryimage"},"image":{"@id":"https:\/\/www.accuratereviews.com\/it\/software-progetti-agile\/spirateam-recensione\/#primaryimage"},"thumbnailUrl":"https:\/\/www.accuratereviews.com\/wp-content\/uploads\/2023\/10\/SpiraTeam2.png","datePublished":"2023-10-31T15:53:54+00:00","dateModified":"2023-11-02T10:48:31+00:00","description":"SpiraTeam: recensione sistema ALM che gestisce requisiti, rilasci, test, problemi e attivit\u00e0 in un unico ambiente integrato.","breadcrumb":{"@id":"https:\/\/www.accuratereviews.com\/it\/software-progetti-agile\/spirateam-recensione\/#breadcrumb"},"inLanguage":"it-IT","potentialAction":[{"@type":"ReadAction","target":["https:\/\/www.accuratereviews.com\/it\/software-progetti-agile\/spirateam-recensione\/"]}]},{"@type":"ImageObject","inLanguage":"it-IT","@id":"https:\/\/www.accuratereviews.com\/it\/software-progetti-agile\/spirateam-recensione\/#primaryimage","url":"https:\/\/www.accuratereviews.com\/wp-content\/uploads\/2023\/10\/SpiraTeam2.png","contentUrl":"https:\/\/www.accuratereviews.com\/wp-content\/uploads\/2023\/10\/SpiraTeam2.png","width":350,"height":350},{"@type":"BreadcrumbList","@id":"https:\/\/www.accuratereviews.com\/it\/software-progetti-agile\/spirateam-recensione\/#breadcrumb","itemListElement":[{"@type":"ListItem","position":1,"name":"Home","item":"https:\/\/www.accuratereviews.com\/it\/"},{"@type":"ListItem","position":2,"name":"Software progetti Agile","item":"https:\/\/www.accuratereviews.com\/it\/software-progetti-agile\/"},{"@type":"ListItem","position":3,"name":"SpiraTeam"}]},{"@type":"WebSite","@id":"https:\/\/www.accuratereviews.com\/it\/#website","url":"https:\/\/www.accuratereviews.com\/it\/","name":"Accurate Reviews","description":"","potentialAction":[{"@type":"SearchAction","target":{"@type":"EntryPoint","urlTemplate":"https:\/\/www.accuratereviews.com\/it\/?s={search_term_string}"},"query-input":{"@type":"PropertyValueSpecification","valueRequired":true,"valueName":"search_term_string"}}],"inLanguage":"it-IT"}]}},"_links":{"self":[{"href":"https:\/\/www.accuratereviews.com\/it\/wp-json\/wp\/v2\/pages\/72640","targetHints":{"allow":["GET"]}}],"collection":[{"href":"https:\/\/www.accuratereviews.com\/it\/wp-json\/wp\/v2\/pages"}],"about":[{"href":"https:\/\/www.accuratereviews.com\/it\/wp-json\/wp\/v2\/types\/page"}],"author":[{"embeddable":true,"href":"https:\/\/www.accuratereviews.com\/it\/wp-json\/wp\/v2\/users\/19"}],"replies":[{"embeddable":true,"href":"https:\/\/www.accuratereviews.com\/it\/wp-json\/wp\/v2\/comments?post=72640"}],"version-history":[{"count":12,"href":"https:\/\/www.accuratereviews.com\/it\/wp-json\/wp\/v2\/pages\/72640\/revisions"}],"predecessor-version":[{"id":72672,"href":"https:\/\/www.accuratereviews.com\/it\/wp-json\/wp\/v2\/pages\/72640\/revisions\/72672"}],"up":[{"embeddable":true,"href":"https:\/\/www.accuratereviews.com\/it\/wp-json\/wp\/v2\/pages\/71820"}],"wp:featuredmedia":[{"embeddable":true,"href":"https:\/\/www.accuratereviews.com\/it\/wp-json\/wp\/v2\/media\/72648"}],"wp:attachment":[{"href":"https:\/\/www.accuratereviews.com\/it\/wp-json\/wp\/v2\/media?parent=72640"}],"wp:term":[{"taxonomy":"category","embeddable":true,"href":"https:\/\/www.accuratereviews.com\/it\/wp-json\/wp\/v2\/categories?post=72640"},{"taxonomy":"post_tag","embeddable":true,"href":"https:\/\/www.accuratereviews.com\/it\/wp-json\/wp\/v2\/tags?post=72640"},{"taxonomy":"features","embeddable":true,"href":"https:\/\/www.accuratereviews.com\/it\/wp-json\/wp\/v2\/features?post=72640"}],"curies":[{"name":"wp","href":"https:\/\/api.w.org\/{rel}","templated":true}]}}