{"id":72663,"date":"2023-11-02T15:23:19","date_gmt":"2023-11-02T15:23:19","guid":{"rendered":"https:\/\/www.accuratereviews.com\/?page_id=72663"},"modified":"2023-11-03T13:07:33","modified_gmt":"2023-11-03T13:07:33","slug":"toggl-plan-recensione","status":"publish","type":"page","link":"https:\/\/www.accuratereviews.com\/it\/software-progetti-agile\/toggl-plan-recensione\/","title":{"rendered":"Toggl Plan"},"content":{"rendered":"<p><strong>Toggl Plan<\/strong> (in precedenza conosciuto come Teamweek) \u00e8 una soluzione di<strong> gestione dei progetti<\/strong> che aiuta le aziende a gestire attivit\u00e0, progetti, requisiti dei clienti e altro ancora. Il programma \u00e8 dotato di un&#8217;interfaccia drag-and-drop che consente ai manager di creare\/modificare liste di controllo e assegnare attivit\u00e0 ai team di tutta l&#8217;organizzazione. Permette agli amministratori di condividere le roadmap dei progetti con i clienti e di dividere i progetti in segmenti per semplificare le operazioni.<br \/>\nLe funzionalit\u00e0 di <strong>Toggl Plan <\/strong>includono dettagli di progetto configurabili, notifiche via email\/sms, importazione ed esportazione di dati, codici colore personalizzabili, monitoraggio delle scadenze, applicazioni mobili e altro ancora. Inoltre, la funzionalit\u00e0 di collaborazione aiuta gli utenti a condividere le tempistiche dei progetti, i programmi dei membri e gli obiettivi con i membri del team in tempo reale.<\/p>\n<h2>TOGGL PLAN &#8211; TUTORIAL<\/h2>\n<div id=\"fluid-wrapper-counter-1\" class=\"g1-fluid-wrapper \" style=\"width:686px;\">\n<div style=\"padding-bottom:56.268221574344%;\"><iframe loading=\"lazy\" title=\"Get started with Toggl Plan\" width=\"515\" height=\"386\" src=\"https:\/\/www.youtube.com\/embed\/0VItN0bfCkA?feature=oembed&amp;wmode=transparent&amp;autohide=1&amp;autoplay=0&amp;disablekb=0&amp;fs=1&amp;loop=0&amp;enablejsapi=1&amp;rel=0&amp;controls=2&amp;showinfo=0&amp;wmode=transparent&amp;autohide=2&amp;autoplay=0&amp;disablekb=0&amp;fs=1&amp;loop=0&amp;enablejsapi=1&amp;rel=0&amp;controls=2&amp;showinfo=1\" frameborder=\"0\" allow=\"accelerometer; autoplay; clipboard-write; encrypted-media; gyroscope; picture-in-picture; web-share\" allowfullscreen><\/iframe><\/div>\n<\/div>\n<h3>TOGGL PLAN &#8211; CARATTERISTICHE<\/h3>\n<div class=\"usGWQd\">\n<div class=\"KkbLmb\">\n<ul>\n<li class=\"lRu31\">Aggiungi, pianifica e assegna attivit\u00e0 e traguardi del progetto con un semplice trascinamento.<\/li>\n<li class=\"lRu31\">Visualizza la disponibilit\u00e0 e la capacit\u00e0 del tuo team su pi\u00f9 progetti, ferie e giorni festivi. Regola il lavoro e i carichi di lavoro con il semplice trascinamento della selezione.<\/li>\n<li class=\"lRu31\">Pianifica traguardi codificati a colori per tenere traccia delle scadenze. Rendi visibili le date critiche nei progetti in modo che tutti sappiano quando sono in scadenza.<\/li>\n<li class=\"lRu31\">Tieni traccia dell&#8217;avanzamento del progetto direttamente sulla timeline. Ricevi notifiche in-app e aggiornamenti via email quando qualcosa cambia.<\/li>\n<li class=\"lRu31\">Visualizza il programma della tua squadra nel prossimo trimestre o anno. Scopri se puoi intraprendere pi\u00f9 progetti o se devi assumere pi\u00f9 persone.<\/li>\n<li class=\"lRu31\">Esegui la scansione visiva della disponibilit\u00e0 e della capacit\u00e0 del tuo team. Massimizza le ore fatturabili, anche tra progetti con piani codificati a colori.<\/li>\n<li class=\"lRu31\">Crea programmi di squadra, velocemente. Trascina, rilascia, espandi o contrai le attivit\u00e0 per pianificare e riprogrammare con facilit\u00e0. Trova le risorse giuste e assegna loro le attivit\u00e0 evitando conflitti di pianificazione.<\/li>\n<li class=\"lRu31\">Le app della soluzione per iOS e Android sono dotate di funzionalit\u00e0 di pianificazione delle risorse. Gestisci le risorse del tuo team anche quando non sei in ufficio.<\/li>\n<li class=\"lRu31\">Semplifica la comunicazione tra team, clienti e fornitori. Conserva tutte le informazioni relative alle attivit\u00e0 in un unico posto con file allegati, elenchi di controllo e feedback.<\/li>\n<li class=\"lRu31\">Ottieni una panoramica chiara di chi sta facendo cosa e quando.<\/li>\n<\/ul>\n<h4>LE RECENSIONI DEGLI UTENTI<\/h4>\n<p><strong>Caitlin &#8220;Superstar della pianificazione&#8221;<\/strong><br \/>\n<strong>Commenti:<\/strong> Cos\u00ec divertente. Ho parlato alcune volte con il team di supporto e anche loro sono stati molto positivi e disponibili. Adoro l&#8217;estetica e il tono originali, colorati e ottimisti del software. Lo trovo estremamente utile per un imprenditore creativo e l&#8217;ho consigliato a tanti altri.<br \/>\n<strong>Pro<\/strong>: La panoramica visiva e lineare del mio anno. Come mente visiva amo poter notare quando sono troppo occupato per dire s\u00ec al prossimo progetto, o meglio ancora, quando suggerire alla mia richiesta il prossimo periodo disponibile!<br \/>\n<strong>Contro<\/strong>: Le funzionalit\u00e0 che mancano sono a pagamento. Sarebbe fantastico avere la visualizzazione della scheda per almeno un cliente\/progetto.<\/p>\n<p><strong>Brent &#8220;La mia squadra&#8221;<\/strong><br \/>\n<strong>Commenti<\/strong>: Molte persone vanno in molte direzioni diverse, facendo molte cose diverse. Questo era il modo pi\u00f9 semplice per sapere chi sta facendo cosa e dove \u00e8.<br \/>\n<strong>Pro<\/strong>: Quanto \u00e8 facile verificare rapidamente dove si trova ciascun membro del team, con una visione di alto livello di ci\u00f2 su cui sta lavorando.<br \/>\n<strong>Contro<\/strong>: Ci sono momenti in cui faccio clic, la mia visualizzazione cambia dalla della squadra a singolo individuo e non ho capito come tornare facilmente alla visualizzazione della squadra.<\/p>\n<p><strong>Allie &#8220;Il piano Toggl \u00e8 fantastico!&#8221;<\/strong><br \/>\n<strong>Pro<\/strong>: La cosa che mi piace di pi\u00f9 del piano toggl \u00e8 quanto sia visivo e incredibilmente semplice da usare. Lo utilizzo per la pianificazione generale e il coordinamento degli sforzi straordinari del nostro team di alto livello, ma con i recenti aggiornamenti potrebbe essere utilizzato anche per flussi di lavoro dettagliati e altre attivit\u00e0 quotidiane.<br \/>\n<strong>Contro<\/strong>: Per molto tempo ho utilizzato Toggl come strumento autonomo, senza integrarlo con altri. Ma ora che hanno migliorato le loro integrazioni e aggiunto anche le visualizzazioni in stile board, probabilmente cambier\u00f2 il modo in cui lo utilizzo.<\/p>\n<\/div>\n<\/div>\n","protected":false},"excerpt":{"rendered":"<p>Toggl Plan (in precedenza conosciuto come Teamweek) \u00e8 una soluzione di gestione dei progetti che aiuta le aziende a gestire attivit\u00e0, progetti, requisiti dei clienti e altro ancora. Il programma \u00e8 dotato di un&#8217;interfaccia drag-and-drop che consente ai manager di creare\/modificare liste di controllo e assegnare attivit\u00e0 ai team di tutta l&#8217;organizzazione.<\/p>\n","protected":false},"author":19,"featured_media":72666,"parent":71820,"menu_order":0,"comment_status":"open","ping_status":"closed","template":"g1_template_page_review_new.php","meta":{"_acf_changed":false,"cwp_meta_box_check":"No","cwp_rev_product_name":"","cwp_rev_product_image":"","wppr_links":[],"cwp_rev_price":"","wppr_options":[],"wppr_pros":[],"wppr_cons":[],"_monsterinsights_skip_tracking":false,"_monsterinsights_sitenote_active":false,"_monsterinsights_sitenote_note":"","_monsterinsights_sitenote_category":0,"footnotes":""},"categories":[2892],"tags":[2916,2992,14666,14656,14658,2989,2985,2990,2984,14743],"features":[],"class_list":{"0":"post-72663","1":"page","2":"type-page","3":"status-publish","4":"has-post-thumbnail","6":"category-gestionale-per-progetti-agile","7":"tag-gestionale-agile","8":"tag-piattaforma-gestionale-agile","9":"tag-piattaforma-gestionale-progetti-agile","10":"tag-programma-gestionale-agile","11":"tag-programma-gestionale-progetti-agile","12":"tag-software-gestionale-agile","13":"tag-software-gestionale-progetti-agile","14":"tag-soluzione-gestionale-agile","15":"tag-soluzione-gestionale-progetti-agile","16":"tag-toggl-plan"},"wppr_data":{"cwp_meta_box_check":"No"},"acf":[],"yoast_head":"<!-- This site is optimized with the Yoast SEO plugin v27.4 - https:\/\/yoast.com\/product\/yoast-seo-wordpress\/ -->\n<title>Toggl Plan: recensione software gestionale progetti agile - Accurate Reviews<\/title>\n<meta name=\"description\" content=\"Toggl Plan: recensione soluzione di gestione dei progetti che aiuta a gestire attivit\u00e0, progetti, requisiti dei clienti e molto altro.\" \/>\n<meta name=\"robots\" content=\"index, follow, max-snippet:-1, max-image-preview:large, max-video-preview:-1\" \/>\n<link rel=\"canonical\" href=\"https:\/\/www.accuratereviews.com\/it\/software-progetti-agile\/toggl-plan-recensione\/\" \/>\n<meta property=\"og:locale\" content=\"it_IT\" \/>\n<meta property=\"og:type\" content=\"article\" \/>\n<meta property=\"og:title\" content=\"Toggl Plan: recensione software gestionale progetti agile - Accurate Reviews\" \/>\n<meta property=\"og:description\" content=\"Toggl Plan: recensione soluzione di gestione dei progetti che aiuta a gestire attivit\u00e0, progetti, requisiti dei clienti e molto altro.\" \/>\n<meta property=\"og:url\" content=\"https:\/\/www.accuratereviews.com\/it\/software-progetti-agile\/toggl-plan-recensione\/\" \/>\n<meta property=\"og:site_name\" content=\"Accurate Reviews\" \/>\n<meta property=\"article:modified_time\" content=\"2023-11-03T13:07:33+00:00\" \/>\n<meta property=\"og:image\" content=\"https:\/\/www.accuratereviews.com\/wp-content\/uploads\/2023\/11\/Toggl-Plan.png\" \/>\n\t<meta property=\"og:image:width\" content=\"280\" \/>\n\t<meta property=\"og:image:height\" content=\"280\" \/>\n\t<meta property=\"og:image:type\" content=\"image\/png\" \/>\n<meta name=\"twitter:card\" content=\"summary_large_image\" \/>\n<meta name=\"twitter:label1\" content=\"Tempo di lettura stimato\" \/>\n\t<meta name=\"twitter:data1\" content=\"4 minuti\" \/>\n<script type=\"application\/ld+json\" class=\"yoast-schema-graph\">{\"@context\":\"https:\\\/\\\/schema.org\",\"@graph\":[{\"@type\":\"WebPage\",\"@id\":\"https:\\\/\\\/www.accuratereviews.com\\\/it\\\/software-progetti-agile\\\/toggl-plan-recensione\\\/\",\"url\":\"https:\\\/\\\/www.accuratereviews.com\\\/it\\\/software-progetti-agile\\\/toggl-plan-recensione\\\/\",\"name\":\"Toggl Plan: recensione software gestionale progetti agile - Accurate Reviews\",\"isPartOf\":{\"@id\":\"https:\\\/\\\/www.accuratereviews.com\\\/it\\\/#website\"},\"primaryImageOfPage\":{\"@id\":\"https:\\\/\\\/www.accuratereviews.com\\\/it\\\/software-progetti-agile\\\/toggl-plan-recensione\\\/#primaryimage\"},\"image\":{\"@id\":\"https:\\\/\\\/www.accuratereviews.com\\\/it\\\/software-progetti-agile\\\/toggl-plan-recensione\\\/#primaryimage\"},\"thumbnailUrl\":\"https:\\\/\\\/www.accuratereviews.com\\\/wp-content\\\/uploads\\\/2023\\\/11\\\/Toggl-Plan.png\",\"datePublished\":\"2023-11-02T15:23:19+00:00\",\"dateModified\":\"2023-11-03T13:07:33+00:00\",\"description\":\"Toggl Plan: recensione soluzione di gestione dei progetti che aiuta a gestire attivit\u00e0, progetti, requisiti dei clienti e molto altro.\",\"breadcrumb\":{\"@id\":\"https:\\\/\\\/www.accuratereviews.com\\\/it\\\/software-progetti-agile\\\/toggl-plan-recensione\\\/#breadcrumb\"},\"inLanguage\":\"it-IT\",\"potentialAction\":[{\"@type\":\"ReadAction\",\"target\":[\"https:\\\/\\\/www.accuratereviews.com\\\/it\\\/software-progetti-agile\\\/toggl-plan-recensione\\\/\"]}]},{\"@type\":\"ImageObject\",\"inLanguage\":\"it-IT\",\"@id\":\"https:\\\/\\\/www.accuratereviews.com\\\/it\\\/software-progetti-agile\\\/toggl-plan-recensione\\\/#primaryimage\",\"url\":\"https:\\\/\\\/www.accuratereviews.com\\\/wp-content\\\/uploads\\\/2023\\\/11\\\/Toggl-Plan.png\",\"contentUrl\":\"https:\\\/\\\/www.accuratereviews.com\\\/wp-content\\\/uploads\\\/2023\\\/11\\\/Toggl-Plan.png\",\"width\":280,\"height\":280},{\"@type\":\"BreadcrumbList\",\"@id\":\"https:\\\/\\\/www.accuratereviews.com\\\/it\\\/software-progetti-agile\\\/toggl-plan-recensione\\\/#breadcrumb\",\"itemListElement\":[{\"@type\":\"ListItem\",\"position\":1,\"name\":\"Home\",\"item\":\"https:\\\/\\\/www.accuratereviews.com\\\/it\\\/\"},{\"@type\":\"ListItem\",\"position\":2,\"name\":\"Software progetti Agile\",\"item\":\"https:\\\/\\\/www.accuratereviews.com\\\/it\\\/software-progetti-agile\\\/\"},{\"@type\":\"ListItem\",\"position\":3,\"name\":\"Toggl Plan\"}]},{\"@type\":\"WebSite\",\"@id\":\"https:\\\/\\\/www.accuratereviews.com\\\/it\\\/#website\",\"url\":\"https:\\\/\\\/www.accuratereviews.com\\\/it\\\/\",\"name\":\"Accurate Reviews\",\"description\":\"\",\"potentialAction\":[{\"@type\":\"SearchAction\",\"target\":{\"@type\":\"EntryPoint\",\"urlTemplate\":\"https:\\\/\\\/www.accuratereviews.com\\\/it\\\/?s={search_term_string}\"},\"query-input\":{\"@type\":\"PropertyValueSpecification\",\"valueRequired\":true,\"valueName\":\"search_term_string\"}}],\"inLanguage\":\"it-IT\"}]}<\/script>\n<!-- \/ Yoast SEO plugin. -->","yoast_head_json":{"title":"Toggl Plan: recensione software gestionale progetti agile - Accurate Reviews","description":"Toggl Plan: recensione soluzione di gestione dei progetti che aiuta a gestire attivit\u00e0, progetti, requisiti dei clienti e molto altro.","robots":{"index":"index","follow":"follow","max-snippet":"max-snippet:-1","max-image-preview":"max-image-preview:large","max-video-preview":"max-video-preview:-1"},"canonical":"https:\/\/www.accuratereviews.com\/it\/software-progetti-agile\/toggl-plan-recensione\/","og_locale":"it_IT","og_type":"article","og_title":"Toggl Plan: recensione software gestionale progetti agile - Accurate Reviews","og_description":"Toggl Plan: recensione soluzione di gestione dei progetti che aiuta a gestire attivit\u00e0, progetti, requisiti dei clienti e molto altro.","og_url":"https:\/\/www.accuratereviews.com\/it\/software-progetti-agile\/toggl-plan-recensione\/","og_site_name":"Accurate Reviews","article_modified_time":"2023-11-03T13:07:33+00:00","og_image":[{"width":280,"height":280,"url":"https:\/\/www.accuratereviews.com\/wp-content\/uploads\/2023\/11\/Toggl-Plan.png","type":"image\/png"}],"twitter_card":"summary_large_image","twitter_misc":{"Tempo di lettura stimato":"4 minuti"},"schema":{"@context":"https:\/\/schema.org","@graph":[{"@type":"WebPage","@id":"https:\/\/www.accuratereviews.com\/it\/software-progetti-agile\/toggl-plan-recensione\/","url":"https:\/\/www.accuratereviews.com\/it\/software-progetti-agile\/toggl-plan-recensione\/","name":"Toggl Plan: recensione software gestionale progetti agile - Accurate Reviews","isPartOf":{"@id":"https:\/\/www.accuratereviews.com\/it\/#website"},"primaryImageOfPage":{"@id":"https:\/\/www.accuratereviews.com\/it\/software-progetti-agile\/toggl-plan-recensione\/#primaryimage"},"image":{"@id":"https:\/\/www.accuratereviews.com\/it\/software-progetti-agile\/toggl-plan-recensione\/#primaryimage"},"thumbnailUrl":"https:\/\/www.accuratereviews.com\/wp-content\/uploads\/2023\/11\/Toggl-Plan.png","datePublished":"2023-11-02T15:23:19+00:00","dateModified":"2023-11-03T13:07:33+00:00","description":"Toggl Plan: recensione soluzione di gestione dei progetti che aiuta a gestire attivit\u00e0, progetti, requisiti dei clienti e molto altro.","breadcrumb":{"@id":"https:\/\/www.accuratereviews.com\/it\/software-progetti-agile\/toggl-plan-recensione\/#breadcrumb"},"inLanguage":"it-IT","potentialAction":[{"@type":"ReadAction","target":["https:\/\/www.accuratereviews.com\/it\/software-progetti-agile\/toggl-plan-recensione\/"]}]},{"@type":"ImageObject","inLanguage":"it-IT","@id":"https:\/\/www.accuratereviews.com\/it\/software-progetti-agile\/toggl-plan-recensione\/#primaryimage","url":"https:\/\/www.accuratereviews.com\/wp-content\/uploads\/2023\/11\/Toggl-Plan.png","contentUrl":"https:\/\/www.accuratereviews.com\/wp-content\/uploads\/2023\/11\/Toggl-Plan.png","width":280,"height":280},{"@type":"BreadcrumbList","@id":"https:\/\/www.accuratereviews.com\/it\/software-progetti-agile\/toggl-plan-recensione\/#breadcrumb","itemListElement":[{"@type":"ListItem","position":1,"name":"Home","item":"https:\/\/www.accuratereviews.com\/it\/"},{"@type":"ListItem","position":2,"name":"Software progetti Agile","item":"https:\/\/www.accuratereviews.com\/it\/software-progetti-agile\/"},{"@type":"ListItem","position":3,"name":"Toggl Plan"}]},{"@type":"WebSite","@id":"https:\/\/www.accuratereviews.com\/it\/#website","url":"https:\/\/www.accuratereviews.com\/it\/","name":"Accurate Reviews","description":"","potentialAction":[{"@type":"SearchAction","target":{"@type":"EntryPoint","urlTemplate":"https:\/\/www.accuratereviews.com\/it\/?s={search_term_string}"},"query-input":{"@type":"PropertyValueSpecification","valueRequired":true,"valueName":"search_term_string"}}],"inLanguage":"it-IT"}]}},"_links":{"self":[{"href":"https:\/\/www.accuratereviews.com\/it\/wp-json\/wp\/v2\/pages\/72663","targetHints":{"allow":["GET"]}}],"collection":[{"href":"https:\/\/www.accuratereviews.com\/it\/wp-json\/wp\/v2\/pages"}],"about":[{"href":"https:\/\/www.accuratereviews.com\/it\/wp-json\/wp\/v2\/types\/page"}],"author":[{"embeddable":true,"href":"https:\/\/www.accuratereviews.com\/it\/wp-json\/wp\/v2\/users\/19"}],"replies":[{"embeddable":true,"href":"https:\/\/www.accuratereviews.com\/it\/wp-json\/wp\/v2\/comments?post=72663"}],"version-history":[{"count":10,"href":"https:\/\/www.accuratereviews.com\/it\/wp-json\/wp\/v2\/pages\/72663\/revisions"}],"predecessor-version":[{"id":72709,"href":"https:\/\/www.accuratereviews.com\/it\/wp-json\/wp\/v2\/pages\/72663\/revisions\/72709"}],"up":[{"embeddable":true,"href":"https:\/\/www.accuratereviews.com\/it\/wp-json\/wp\/v2\/pages\/71820"}],"wp:featuredmedia":[{"embeddable":true,"href":"https:\/\/www.accuratereviews.com\/it\/wp-json\/wp\/v2\/media\/72666"}],"wp:attachment":[{"href":"https:\/\/www.accuratereviews.com\/it\/wp-json\/wp\/v2\/media?parent=72663"}],"wp:term":[{"taxonomy":"category","embeddable":true,"href":"https:\/\/www.accuratereviews.com\/it\/wp-json\/wp\/v2\/categories?post=72663"},{"taxonomy":"post_tag","embeddable":true,"href":"https:\/\/www.accuratereviews.com\/it\/wp-json\/wp\/v2\/tags?post=72663"},{"taxonomy":"features","embeddable":true,"href":"https:\/\/www.accuratereviews.com\/it\/wp-json\/wp\/v2\/features?post=72663"}],"curies":[{"name":"wp","href":"https:\/\/api.w.org\/{rel}","templated":true}]}}