{"id":72694,"date":"2023-11-03T20:07:14","date_gmt":"2023-11-03T20:07:14","guid":{"rendered":"https:\/\/www.accuratereviews.com\/?page_id=72694"},"modified":"2023-11-03T20:07:14","modified_gmt":"2023-11-03T20:07:14","slug":"memtime-recensione","status":"publish","type":"page","link":"https:\/\/www.accuratereviews.com\/it\/software-progetti-agile\/memtime-recensione\/","title":{"rendered":"Memtime"},"content":{"rendered":"<p><strong>Memtime<\/strong> \u00e8 uno <strong>strumento di monitoraggio del tempo<\/strong> completamente automatico per Windows, macOS e Linux, che cattura ogni minuto trascorso a lavorare su diversi progetti. Mentre \u00e8 in esecuzione in background, il software tiene traccia di ogni attivit\u00e0 del computer fino al secondo, non importa se funziona in diversi programmi\/file, email, scheda del browser o voce del calendario. Ci\u00f2 significa che gli utenti possono concentrarsi sul proprio lavoro, mentre lo strumento visualizza la propria giornata lavorativa come una sequenza temporale. Lo strumento offre un&#8217;integrazione perfetta con oltre 25 strumenti di gestione dei progetti.<\/p>\n<h2>MEMTIME &#8211; TUTORIAL<\/h2>\n<div id=\"fluid-wrapper-counter-1\" class=\"g1-fluid-wrapper \" style=\"width:686px;\">\n<div style=\"padding-bottom:56.268221574344%;\"><iframe loading=\"lazy\" title=\"Memtime - Automated Time Tracker for Windows, macOS &amp; Linux\" width=\"686\" height=\"386\" src=\"https:\/\/www.youtube.com\/embed\/m7mNKLccZkY?feature=oembed&amp;wmode=transparent&amp;autohide=1&amp;autoplay=0&amp;disablekb=0&amp;fs=1&amp;loop=0&amp;enablejsapi=1&amp;rel=0&amp;controls=2&amp;showinfo=0&amp;wmode=transparent&amp;autohide=2&amp;autoplay=0&amp;disablekb=0&amp;fs=1&amp;loop=0&amp;enablejsapi=1&amp;rel=0&amp;controls=2&amp;showinfo=1\" frameborder=\"0\" allow=\"accelerometer; autoplay; clipboard-write; encrypted-media; gyroscope; picture-in-picture; web-share\" allowfullscreen><\/iframe><\/div>\n<\/div>\n<h3>MEMTIME &#8211; CARATTERISTICHE<\/h3>\n<ul>\n<li><strong>Controlla il tempo<\/strong>: monitoraggio del tempo completamente automatico<\/li>\n<li><strong>Aiuto per la memoria<\/strong>: la cronologia aiuta gli utenti a ricordare ogni minuto della loro giornata lavorativa.<\/li>\n<li><strong>Privacy e protezione dei dati al 100%<\/strong>: il programma non pu\u00f2 essere utilizzato per monitorare i processi. Tutti i dati vengono memorizzati esclusivamente sul dispositivo dell&#8217;utente.<\/li>\n<li><strong>Sincronizzazione con un solo clic<\/strong>: dopo aver inserito orari e commenti, gli utenti possono sincronizzarli rapidamente con il proprio strumento di gestione dei progetti.<\/li>\n<li><strong>Portale clienti<\/strong>: scopri di pi\u00f9 sulla gestione dell&#8217;abbonamento, delle licenze, sull&#8217;invito di nuovi utenti e altro ancora<\/li>\n<\/ul>\n<h4>LE RECENSIONI DEGLI UTENTI<\/h4>\n<p><strong>Lex &#8220;software offline per monitorare il momento giusto con la giusta concentrazione&#8221;<\/strong><br \/>\n<strong>Pro<\/strong>: Ci\u00f2 che mi piace di pi\u00f9 del monitoraggio automatico del mio tempo \u00e8 che posso vedere in quale finestra sto lavorando. mi d\u00e0 molte informazioni sul mio comportamento. Integrazione con calendari. e classificare il tempo su progetti specifici<br \/>\n<strong>Contro<\/strong>: vorrei integrare l&#8217;utilizzo del mio telefono Android<\/p>\n<p><strong>Alfred &#8220;Nessuna faticosa ricostruzione dell&#8217;orario di lavoro&#8221;<\/strong><br \/>\n<strong>Commenti<\/strong>: Il monitoraggio del tempo semplifica l&#8217;assegnazione delle aree di lavoro professionale e delle aree di responsabilit\u00e0 e fa risparmiare tempo, molto tempo.<br \/>\n<strong>Pro<\/strong>: La registrazione del tempo delle attivit\u00e0 online e del lavoro offline al computer e la loro esatta descrizione, nome del documento, oggetto dell&#8217;e-mail, ecc. \u00e8 il miglior aiuto per la memoria e mostra il flusso di lavoro e aiuta nella distribuzione delle attivit\u00e0 nella vita lavorativa quotidiana ed \u00e8 una meravigliosa opportunit\u00e0 per includere le aree di attivit\u00e0 nella propria registrazione del tempo.<br \/>\n<strong>Contro<\/strong>: Con i tempi offline senza computer, sarei felice se TimeBro aprisse un menu con i progetti in modo da poterli assegnare immediatamente.<\/p>\n<p><strong>Misty &#8220;Utile nella mia attivit\u00e0&#8221;<\/strong><br \/>\n<strong>Pro<\/strong>: Mi aiuta a tenere traccia di ci\u00f2 su cui ho lavorato in modo da poter fatturare con precisione i miei clienti. Il tempo non viene effettivamente monitorato online, quindi viene mantenuto privato.<br \/>\n<strong>Contro<\/strong>: Vorrei poter creare regole in modo che alcune cose vengano classificate automaticamente. Vorrei anche che totalizzasse il tempo per attivit\u00e0 mensile, settimanale o in un intervallo di tempo personalizzato anzich\u00e9 solo giornaliero<\/p>\n","protected":false},"excerpt":{"rendered":"<p>Memtime \u00e8 uno strumento di monitoraggio del tempo completamente automatico per Windows, macOS e Linux, che cattura ogni minuto trascorso a lavorare su diversi progetti. Mentre \u00e8 in esecuzione in background, il software tiene traccia di ogni attivit\u00e0 del computer fino al secondo, non importa se funziona in diversi programmi\/file, email, scheda del browser o voce del calendario.<\/p>\n","protected":false},"author":19,"featured_media":72696,"parent":71820,"menu_order":0,"comment_status":"open","ping_status":"closed","template":"g1_template_page_review_new.php","meta":{"_acf_changed":false,"cwp_meta_box_check":"Yes","cwp_rev_product_name":"","cwp_rev_product_image":"","wppr_links":[],"cwp_rev_price":"0.00","wppr_options":[{"name":"Usability","value":"0"},{"name":"Speed","value":"0"},{"name":"Features","value":"0"},{"name":"Support","value":"0"},{"name":"Pricing","value":"0"}],"wppr_pros":["","","","",""],"wppr_cons":["","","","",""],"_monsterinsights_skip_tracking":false,"_monsterinsights_sitenote_active":false,"_monsterinsights_sitenote_note":"","_monsterinsights_sitenote_category":0,"footnotes":""},"categories":[2892],"tags":[2916,14655,14747,2992,14666,14656,14658,2989,2985,2990,2984],"features":[],"class_list":{"0":"post-72694","1":"page","2":"type-page","3":"status-publish","4":"has-post-thumbnail","6":"category-gestionale-per-progetti-agile","7":"tag-gestionale-agile","8":"tag-gestionale-progetti-agile","9":"tag-memtime","10":"tag-piattaforma-gestionale-agile","11":"tag-piattaforma-gestionale-progetti-agile","12":"tag-programma-gestionale-agile","13":"tag-programma-gestionale-progetti-agile","14":"tag-software-gestionale-agile","15":"tag-software-gestionale-progetti-agile","16":"tag-soluzione-gestionale-agile","17":"tag-soluzione-gestionale-progetti-agile"},"wppr_data":{"cwp_meta_box_check":"Yes","_wppr_review_template":"default","cwp_rev_product_image":"","cwp_image_link":"image","wppr_links":[],"cwp_rev_price":"0.00","wppr_pros":["","","","",""],"wppr_cons":["","","","",""],"wppr_rating":"0.00","wppr_options":{"1":{"name":"Usability","value":"0"},"2":{"name":"Speed","value":"0"},"3":{"name":"Features","value":"0"},"4":{"name":"Support","value":"0"},"5":{"name":"Pricing","value":"0"}},"wppr_review_type":"Product","wppr_review_custom_fields":{"additionalProperty":"","additionalType":"","aggregateRating":"","alternateName":"","audience":"","award":"","awards":"","brand":"","color":"","depth":"","description":"","disambiguatingDescription":"","gtin12":"","gtin13":"","gtin14":"","gtin8":"","height":"","identifier":"","image":"","isAccessoryOrSparePartFor":"","isConsumableFor":"","isRelatedTo":"","isSimilarTo":"","itemCondition":"","logo":"","mainEntityOfPage":"","manufacturer":"","material":"","model":"","mpn":"","name":"","offers":"","potentialAction":"","productID":"","productionDate":"","purchaseDate":"","releaseDate":"","review":"","reviews":"","sameAs":"","sku":"","slogan":"","subjectOf":"","url":"","weight":"","width":""}},"acf":[],"yoast_head":"<!-- This site is optimized with the Yoast SEO plugin v27.4 - https:\/\/yoast.com\/product\/yoast-seo-wordpress\/ -->\n<title>Memtime: recensione software gestionale progetti agile - Accurate Reviews<\/title>\n<meta name=\"description\" content=\"Memtime: recensione strumento di monitoraggio del tempo completamente automatico per Windows, macOS e Linux.\" \/>\n<meta name=\"robots\" content=\"index, follow, max-snippet:-1, max-image-preview:large, max-video-preview:-1\" \/>\n<link rel=\"canonical\" href=\"https:\/\/www.accuratereviews.com\/it\/software-progetti-agile\/memtime-recensione\/\" \/>\n<meta property=\"og:locale\" content=\"it_IT\" \/>\n<meta property=\"og:type\" content=\"article\" \/>\n<meta property=\"og:title\" content=\"Memtime: recensione software gestionale progetti agile - Accurate Reviews\" \/>\n<meta property=\"og:description\" content=\"Memtime: recensione strumento di monitoraggio del tempo completamente automatico per Windows, macOS e Linux.\" \/>\n<meta property=\"og:url\" content=\"https:\/\/www.accuratereviews.com\/it\/software-progetti-agile\/memtime-recensione\/\" \/>\n<meta property=\"og:site_name\" content=\"Accurate Reviews\" \/>\n<meta property=\"og:image\" content=\"https:\/\/www.accuratereviews.com\/wp-content\/uploads\/2023\/11\/Memtime.jpeg\" \/>\n\t<meta property=\"og:image:width\" content=\"200\" \/>\n\t<meta property=\"og:image:height\" content=\"200\" \/>\n\t<meta property=\"og:image:type\" content=\"image\/jpeg\" \/>\n<meta name=\"twitter:card\" content=\"summary_large_image\" \/>\n<meta name=\"twitter:label1\" content=\"Tempo di lettura stimato\" \/>\n\t<meta name=\"twitter:data1\" content=\"3 minuti\" \/>\n<script type=\"application\/ld+json\" class=\"yoast-schema-graph\">{\"@context\":\"https:\\\/\\\/schema.org\",\"@graph\":[{\"@type\":\"WebPage\",\"@id\":\"https:\\\/\\\/www.accuratereviews.com\\\/it\\\/software-progetti-agile\\\/memtime-recensione\\\/\",\"url\":\"https:\\\/\\\/www.accuratereviews.com\\\/it\\\/software-progetti-agile\\\/memtime-recensione\\\/\",\"name\":\"Memtime: recensione software gestionale progetti agile - Accurate Reviews\",\"isPartOf\":{\"@id\":\"https:\\\/\\\/www.accuratereviews.com\\\/it\\\/#website\"},\"primaryImageOfPage\":{\"@id\":\"https:\\\/\\\/www.accuratereviews.com\\\/it\\\/software-progetti-agile\\\/memtime-recensione\\\/#primaryimage\"},\"image\":{\"@id\":\"https:\\\/\\\/www.accuratereviews.com\\\/it\\\/software-progetti-agile\\\/memtime-recensione\\\/#primaryimage\"},\"thumbnailUrl\":\"https:\\\/\\\/www.accuratereviews.com\\\/wp-content\\\/uploads\\\/2023\\\/11\\\/Memtime.jpeg\",\"datePublished\":\"2023-11-03T20:07:14+00:00\",\"description\":\"Memtime: recensione strumento di monitoraggio del tempo completamente automatico per Windows, macOS e Linux.\",\"breadcrumb\":{\"@id\":\"https:\\\/\\\/www.accuratereviews.com\\\/it\\\/software-progetti-agile\\\/memtime-recensione\\\/#breadcrumb\"},\"inLanguage\":\"it-IT\",\"potentialAction\":[{\"@type\":\"ReadAction\",\"target\":[\"https:\\\/\\\/www.accuratereviews.com\\\/it\\\/software-progetti-agile\\\/memtime-recensione\\\/\"]}]},{\"@type\":\"ImageObject\",\"inLanguage\":\"it-IT\",\"@id\":\"https:\\\/\\\/www.accuratereviews.com\\\/it\\\/software-progetti-agile\\\/memtime-recensione\\\/#primaryimage\",\"url\":\"https:\\\/\\\/www.accuratereviews.com\\\/wp-content\\\/uploads\\\/2023\\\/11\\\/Memtime.jpeg\",\"contentUrl\":\"https:\\\/\\\/www.accuratereviews.com\\\/wp-content\\\/uploads\\\/2023\\\/11\\\/Memtime.jpeg\",\"width\":200,\"height\":200},{\"@type\":\"BreadcrumbList\",\"@id\":\"https:\\\/\\\/www.accuratereviews.com\\\/it\\\/software-progetti-agile\\\/memtime-recensione\\\/#breadcrumb\",\"itemListElement\":[{\"@type\":\"ListItem\",\"position\":1,\"name\":\"Home\",\"item\":\"https:\\\/\\\/www.accuratereviews.com\\\/it\\\/\"},{\"@type\":\"ListItem\",\"position\":2,\"name\":\"Software progetti Agile\",\"item\":\"https:\\\/\\\/www.accuratereviews.com\\\/it\\\/software-progetti-agile\\\/\"},{\"@type\":\"ListItem\",\"position\":3,\"name\":\"Memtime\"}]},{\"@type\":\"WebSite\",\"@id\":\"https:\\\/\\\/www.accuratereviews.com\\\/it\\\/#website\",\"url\":\"https:\\\/\\\/www.accuratereviews.com\\\/it\\\/\",\"name\":\"Accurate Reviews\",\"description\":\"\",\"potentialAction\":[{\"@type\":\"SearchAction\",\"target\":{\"@type\":\"EntryPoint\",\"urlTemplate\":\"https:\\\/\\\/www.accuratereviews.com\\\/it\\\/?s={search_term_string}\"},\"query-input\":{\"@type\":\"PropertyValueSpecification\",\"valueRequired\":true,\"valueName\":\"search_term_string\"}}],\"inLanguage\":\"it-IT\"}]}<\/script>\n<!-- \/ Yoast SEO plugin. -->","yoast_head_json":{"title":"Memtime: recensione software gestionale progetti agile - Accurate Reviews","description":"Memtime: recensione strumento di monitoraggio del tempo completamente automatico per Windows, macOS e Linux.","robots":{"index":"index","follow":"follow","max-snippet":"max-snippet:-1","max-image-preview":"max-image-preview:large","max-video-preview":"max-video-preview:-1"},"canonical":"https:\/\/www.accuratereviews.com\/it\/software-progetti-agile\/memtime-recensione\/","og_locale":"it_IT","og_type":"article","og_title":"Memtime: recensione software gestionale progetti agile - Accurate Reviews","og_description":"Memtime: recensione strumento di monitoraggio del tempo completamente automatico per Windows, macOS e Linux.","og_url":"https:\/\/www.accuratereviews.com\/it\/software-progetti-agile\/memtime-recensione\/","og_site_name":"Accurate Reviews","og_image":[{"width":200,"height":200,"url":"https:\/\/www.accuratereviews.com\/wp-content\/uploads\/2023\/11\/Memtime.jpeg","type":"image\/jpeg"}],"twitter_card":"summary_large_image","twitter_misc":{"Tempo di lettura stimato":"3 minuti"},"schema":{"@context":"https:\/\/schema.org","@graph":[{"@type":"WebPage","@id":"https:\/\/www.accuratereviews.com\/it\/software-progetti-agile\/memtime-recensione\/","url":"https:\/\/www.accuratereviews.com\/it\/software-progetti-agile\/memtime-recensione\/","name":"Memtime: recensione software gestionale progetti agile - Accurate Reviews","isPartOf":{"@id":"https:\/\/www.accuratereviews.com\/it\/#website"},"primaryImageOfPage":{"@id":"https:\/\/www.accuratereviews.com\/it\/software-progetti-agile\/memtime-recensione\/#primaryimage"},"image":{"@id":"https:\/\/www.accuratereviews.com\/it\/software-progetti-agile\/memtime-recensione\/#primaryimage"},"thumbnailUrl":"https:\/\/www.accuratereviews.com\/wp-content\/uploads\/2023\/11\/Memtime.jpeg","datePublished":"2023-11-03T20:07:14+00:00","description":"Memtime: recensione strumento di monitoraggio del tempo completamente automatico per Windows, macOS e Linux.","breadcrumb":{"@id":"https:\/\/www.accuratereviews.com\/it\/software-progetti-agile\/memtime-recensione\/#breadcrumb"},"inLanguage":"it-IT","potentialAction":[{"@type":"ReadAction","target":["https:\/\/www.accuratereviews.com\/it\/software-progetti-agile\/memtime-recensione\/"]}]},{"@type":"ImageObject","inLanguage":"it-IT","@id":"https:\/\/www.accuratereviews.com\/it\/software-progetti-agile\/memtime-recensione\/#primaryimage","url":"https:\/\/www.accuratereviews.com\/wp-content\/uploads\/2023\/11\/Memtime.jpeg","contentUrl":"https:\/\/www.accuratereviews.com\/wp-content\/uploads\/2023\/11\/Memtime.jpeg","width":200,"height":200},{"@type":"BreadcrumbList","@id":"https:\/\/www.accuratereviews.com\/it\/software-progetti-agile\/memtime-recensione\/#breadcrumb","itemListElement":[{"@type":"ListItem","position":1,"name":"Home","item":"https:\/\/www.accuratereviews.com\/it\/"},{"@type":"ListItem","position":2,"name":"Software progetti Agile","item":"https:\/\/www.accuratereviews.com\/it\/software-progetti-agile\/"},{"@type":"ListItem","position":3,"name":"Memtime"}]},{"@type":"WebSite","@id":"https:\/\/www.accuratereviews.com\/it\/#website","url":"https:\/\/www.accuratereviews.com\/it\/","name":"Accurate Reviews","description":"","potentialAction":[{"@type":"SearchAction","target":{"@type":"EntryPoint","urlTemplate":"https:\/\/www.accuratereviews.com\/it\/?s={search_term_string}"},"query-input":{"@type":"PropertyValueSpecification","valueRequired":true,"valueName":"search_term_string"}}],"inLanguage":"it-IT"}]}},"_links":{"self":[{"href":"https:\/\/www.accuratereviews.com\/it\/wp-json\/wp\/v2\/pages\/72694","targetHints":{"allow":["GET"]}}],"collection":[{"href":"https:\/\/www.accuratereviews.com\/it\/wp-json\/wp\/v2\/pages"}],"about":[{"href":"https:\/\/www.accuratereviews.com\/it\/wp-json\/wp\/v2\/types\/page"}],"author":[{"embeddable":true,"href":"https:\/\/www.accuratereviews.com\/it\/wp-json\/wp\/v2\/users\/19"}],"replies":[{"embeddable":true,"href":"https:\/\/www.accuratereviews.com\/it\/wp-json\/wp\/v2\/comments?post=72694"}],"version-history":[{"count":10,"href":"https:\/\/www.accuratereviews.com\/it\/wp-json\/wp\/v2\/pages\/72694\/revisions"}],"predecessor-version":[{"id":72710,"href":"https:\/\/www.accuratereviews.com\/it\/wp-json\/wp\/v2\/pages\/72694\/revisions\/72710"}],"up":[{"embeddable":true,"href":"https:\/\/www.accuratereviews.com\/it\/wp-json\/wp\/v2\/pages\/71820"}],"wp:featuredmedia":[{"embeddable":true,"href":"https:\/\/www.accuratereviews.com\/it\/wp-json\/wp\/v2\/media\/72696"}],"wp:attachment":[{"href":"https:\/\/www.accuratereviews.com\/it\/wp-json\/wp\/v2\/media?parent=72694"}],"wp:term":[{"taxonomy":"category","embeddable":true,"href":"https:\/\/www.accuratereviews.com\/it\/wp-json\/wp\/v2\/categories?post=72694"},{"taxonomy":"post_tag","embeddable":true,"href":"https:\/\/www.accuratereviews.com\/it\/wp-json\/wp\/v2\/tags?post=72694"},{"taxonomy":"features","embeddable":true,"href":"https:\/\/www.accuratereviews.com\/it\/wp-json\/wp\/v2\/features?post=72694"}],"curies":[{"name":"wp","href":"https:\/\/api.w.org\/{rel}","templated":true}]}}