{"id":72716,"date":"2023-11-06T14:20:04","date_gmt":"2023-11-06T14:20:04","guid":{"rendered":"https:\/\/www.accuratereviews.com\/?page_id=72716"},"modified":"2023-11-07T11:22:43","modified_gmt":"2023-11-07T11:22:43","slug":"kanban-tool-recensione","status":"publish","type":"page","link":"https:\/\/www.accuratereviews.com\/it\/software-progetti-agile\/kanban-tool-recensione\/","title":{"rendered":"Kanban Tool"},"content":{"rendered":"<p><strong>Kanban Tool<\/strong> \u00e8 una<strong> piattaforma di gestione dei progetti<\/strong> che consente agli utenti di visualizzare e organizzare il proprio flusso di lavoro. La soluzione offre strumenti di collaborazione di gruppo in tempo reale e aiuta le organizzazioni a gestire le attivit\u00e0 di progetto, tenere traccia delle scadenze e allocare le risorse utilizzando <strong>tabelloni kanban digitali<\/strong>. Sono disponibili distribuzioni on-premise e basate su <strong>cloud<\/strong>, con applicazioni mobili Android e iOS gratuite.<br \/>\n<strong>Kanban Tool<\/strong>\u00a0include una facile gestione delle attivit\u00e0, monitoraggio del tempo, automazione dei processi, funzionalit\u00e0 di collaborazione del team, condivisione di file e analisi generate automaticamente. Gli utenti possono organizzare le attivit\u00e0 in elementi in arretrato che richiedono il completamento, attivit\u00e0 in corso e obiettivi completati, nel modo che meglio si adatta al loro flusso di lavoro specifico.<\/p>\n<h2>KANBAN TOOL &#8211; TUTORIAL<\/h2>\n<div id=\"fluid-wrapper-counter-1\" class=\"g1-fluid-wrapper \" style=\"width:686px;\">\n<div style=\"padding-bottom:56.268221574344%;\"><iframe loading=\"lazy\" title=\"Kanban Tool: Product Deep Dive | kanbantool.com\" width=\"686\" height=\"386\" src=\"https:\/\/www.youtube.com\/embed\/foNggjOU4ks?feature=oembed&amp;wmode=transparent&amp;autohide=1&amp;autoplay=0&amp;disablekb=0&amp;fs=1&amp;loop=0&amp;enablejsapi=1&amp;rel=0&amp;controls=2&amp;showinfo=0&amp;wmode=transparent&amp;autohide=2&amp;autoplay=0&amp;disablekb=0&amp;fs=1&amp;loop=0&amp;enablejsapi=1&amp;rel=0&amp;controls=2&amp;showinfo=1\" frameborder=\"0\" allow=\"accelerometer; autoplay; clipboard-write; encrypted-media; gyroscope; picture-in-picture; web-share\" allowfullscreen><\/iframe><\/div>\n<\/div>\n<h3>KANBAN TOOL &#8211; CARATTERISTICHE<\/h3>\n<ul>\n<li>Interfaccia drag &amp; drop facile da usare<\/li>\n<li>Layout personalizzabili con swimlane<\/li>\n<li>Commenti e notifiche email<\/li>\n<li>Assegnazione attivit\u00e0<\/li>\n<li>Widget attivit\u00e0 del team<\/li>\n<li>Limiti WIP<\/li>\n<li>Promemoria scadenze<\/li>\n<li>Aggiornamenti in tempo reale tra i dispositivi del team<\/li>\n<li>Flussi di lavoro configurabili e modelli di tabellone<\/li>\n<li>Modelli di cartellini con 15 campi personalizzati<\/li>\n<li>Sfondi e temi dei tabelloni<\/li>\n<li>Pi\u00f9 di 30 Power-Up, tra cui: Power-Up con Tool per sviluppatori<\/li>\n<li>API e SDK ben documentati<\/li>\n<li>Disponibile in 9 lingue<\/li>\n<li>Privilegi di accesso avanzati per account<\/li>\n<li>Single sign-on (SSO)<\/li>\n<li>Autenticazione a due fattori (2FA)<\/li>\n<li>A norma di GDPR<\/li>\n<li>Gestione del gruppo utenti<\/li>\n<li>Commenti, notifiche email e promemoria<\/li>\n<li>Calendario interattivo<\/li>\n<li>Dipendenze attivit\u00e0<\/li>\n<li>Checklist e modelli interattivi<\/li>\n<li>Tool per sviluppatori per aggiungere stili e script personalizzati<\/li>\n<li>App mobili gratis (per Android, iPhone e iPad)<\/li>\n<li>Pi\u00f9 di 3000 app con integrazioni Zapier e Apiant, Dropbox, Google Drive, OneDrive e Box<\/li>\n<li>Supporto per modifiche CSS e JavaScript<\/li>\n<li>Aggiungi attivit\u00e0 via email<\/li>\n<li>API e SDK flessibili e ben documentati<\/li>\n<li>Automazione dei processi<\/li>\n<li>Attivit\u00e0 ricorrenti e posticipate con promemoria<\/li>\n<li>Reportistica (diagramma di flusso cumulativo, grafici e report sul tempo)<\/li>\n<li>Importazione\/esportazione di dati da Excel\/CSV<\/li>\n<li>API e SDK potenti e ben documentati<\/li>\n<li>Tracciamento del tempo e reportistica senza soluzione di continuit\u00e0<\/li>\n<\/ul>\n<h4>LA RECENSIONE DEGLI UTENTI<\/h4>\n<p><strong>Ryan &#8220;Facilit\u00e0 d&#8217;uso e funzionalit\u00e0&#8221;<\/strong><br \/>\n<strong>Commenti<\/strong>: Complessivamente positivo finora. Mi fornisce gli elementi fondamentali di cui ho bisogno per implementare le pratiche Agile nella mia attivit\u00e0 per rimanere al passo con le cose.<br \/>\n<strong>Pro<\/strong>: La configurazione iniziale \u00e8 stata semplice poich\u00e9 cercavo uno strumento Kanban semplice da poter integrare nella mia attivit\u00e0 in modo rapido e con costi contenuti.<br \/>\n<strong>Contro<\/strong>: La navigazione \u00e8 stata meno intuitiva di quanto mi aspettassi all&#8217;inizio, ma imparare il flusso non \u00e8 stato difficile.<\/p>\n<p><strong>Ibrahim &#8220;Revisione dello strumento Kanban&#8221;<\/strong><br \/>\n<strong>Pro<\/strong>: Uno degli aspetti pi\u00f9 preziosi di Kanban Tool \u00e8 la capacit\u00e0 di avere una visione consolidata delle attivit\u00e0 di tutti su un&#8217;unica scheda, che non solo semplifica la gestione dei progetti ma facilita anche l&#8217;assegnazione efficiente di nuove attivit\u00e0 secondo necessit\u00e0. Questa visibilit\u00e0 centralizzata promuove una migliore collaborazione, consente una migliore definizione delle priorit\u00e0 delle attivit\u00e0 e semplifica il processo di assegnazione di nuove responsabilit\u00e0 ai membri del team, contribuendo in definitiva a migliorare la produttivit\u00e0 e il successo del progetto.<br \/>\n<strong>Contro<\/strong>: Sebbene sia efficace per la gestione delle attivit\u00e0 e il monitoraggio dei progetti, pu\u00f2 essere costoso, difficile accedere al supporto e ha una curva di apprendimento ripida.<\/p>\n<p><strong>Aditya &#8220;Uno strumento Kanban emergente&#8221;<\/strong><br \/>\n<strong>Commenti<\/strong>: Un&#8217;esperienza molto positiva. Facile da iniziare. Mi ci sono voluti alcuni minuti sul mio telefono per crearlo. Qualsiasi altra piattaforma mi avrebbe impiegato un&#8217;ora intera per comprendere le opzioni e un laptop completo per vederla. Ha anche un design reattivo (abbastanza) da vedere sui dispositivi mobili<br \/>\n<strong>Pro<\/strong>: \u00c8 semplice da configurare. Se conosci le basi di Kanban e vuoi solo iniziare a funzionare, fa tutti quei lavori. Non ti travolge con un milione di opzioni diverse e non ti spaventa<br \/>\n<strong>Contro<\/strong>: Sono necessarie ulteriori integrazioni. La semplicit\u00e0 ha i suoi contro. \u00c8 semplice da avviare, ma se desideri integrazioni, manca in questo senso con altri attori sul mercato (anche se quei software\/piattaforme sono molto pi\u00f9 scoraggianti all&#8217;inizio)<\/p>\n","protected":false},"excerpt":{"rendered":"<p>Kanban Tool \u00e8 una piattaforma di gestione dei progetti che consente agli utenti di visualizzare e organizzare il proprio flusso di lavoro. La soluzione offre strumenti di collaborazione di gruppo in tempo reale e aiuta le organizzazioni a gestire le attivit\u00e0 di progetto, tenere traccia delle scadenze e allocare le risorse utilizzando tabelloni kanban digitali.<\/p>\n","protected":false},"author":19,"featured_media":72717,"parent":71820,"menu_order":0,"comment_status":"open","ping_status":"closed","template":"g1_template_page_review_new.php","meta":{"_acf_changed":false,"cwp_meta_box_check":"No","cwp_rev_product_name":"","cwp_rev_product_image":"","wppr_links":[],"cwp_rev_price":"","wppr_options":[],"wppr_pros":[],"wppr_cons":[],"_monsterinsights_skip_tracking":false,"_monsterinsights_sitenote_active":false,"_monsterinsights_sitenote_note":"","_monsterinsights_sitenote_category":0,"footnotes":""},"categories":[2892],"tags":[14749,14655,14748,2992,14666,14656,14658,2989,2985,2990,2984],"features":[],"class_list":{"0":"post-72716","1":"page","2":"type-page","3":"status-publish","4":"has-post-thumbnail","6":"category-gestionale-per-progetti-agile","7":"tag-gestionale-progetti","8":"tag-gestionale-progetti-agile","9":"tag-kanban-tool","10":"tag-piattaforma-gestionale-agile","11":"tag-piattaforma-gestionale-progetti-agile","12":"tag-programma-gestionale-agile","13":"tag-programma-gestionale-progetti-agile","14":"tag-software-gestionale-agile","15":"tag-software-gestionale-progetti-agile","16":"tag-soluzione-gestionale-agile","17":"tag-soluzione-gestionale-progetti-agile"},"wppr_data":{"cwp_meta_box_check":"No"},"acf":[],"yoast_head":"<!-- This site is optimized with the Yoast SEO plugin v27.4 - https:\/\/yoast.com\/product\/yoast-seo-wordpress\/ -->\n<title>Kanban Tool: recensione software gestionale progetti agile - Accurate Reviews<\/title>\n<meta name=\"description\" content=\"Kanban Tool: recensione piattaforma di gestione progetti che consente agli utenti di visualizzare e organizzare il proprio flusso di lavoro.\" \/>\n<meta name=\"robots\" content=\"index, follow, max-snippet:-1, max-image-preview:large, max-video-preview:-1\" \/>\n<link rel=\"canonical\" href=\"https:\/\/www.accuratereviews.com\/it\/software-progetti-agile\/kanban-tool-recensione\/\" \/>\n<meta property=\"og:locale\" content=\"it_IT\" \/>\n<meta property=\"og:type\" content=\"article\" \/>\n<meta property=\"og:title\" content=\"Kanban Tool: recensione software gestionale progetti agile - Accurate Reviews\" \/>\n<meta property=\"og:description\" content=\"Kanban Tool: recensione piattaforma di gestione progetti che consente agli utenti di visualizzare e organizzare il proprio flusso di lavoro.\" \/>\n<meta property=\"og:url\" content=\"https:\/\/www.accuratereviews.com\/it\/software-progetti-agile\/kanban-tool-recensione\/\" \/>\n<meta property=\"og:site_name\" content=\"Accurate Reviews\" \/>\n<meta property=\"article:modified_time\" content=\"2023-11-07T11:22:43+00:00\" \/>\n<meta property=\"og:image\" content=\"https:\/\/www.accuratereviews.com\/wp-content\/uploads\/2023\/11\/Kanban-Tool.png\" \/>\n\t<meta property=\"og:image:width\" content=\"512\" \/>\n\t<meta property=\"og:image:height\" content=\"512\" \/>\n\t<meta property=\"og:image:type\" content=\"image\/png\" \/>\n<meta name=\"twitter:card\" content=\"summary_large_image\" \/>\n<meta name=\"twitter:label1\" content=\"Tempo di lettura stimato\" \/>\n\t<meta name=\"twitter:data1\" content=\"4 minuti\" \/>\n<script type=\"application\/ld+json\" class=\"yoast-schema-graph\">{\"@context\":\"https:\\\/\\\/schema.org\",\"@graph\":[{\"@type\":\"WebPage\",\"@id\":\"https:\\\/\\\/www.accuratereviews.com\\\/it\\\/software-progetti-agile\\\/kanban-tool-recensione\\\/\",\"url\":\"https:\\\/\\\/www.accuratereviews.com\\\/it\\\/software-progetti-agile\\\/kanban-tool-recensione\\\/\",\"name\":\"Kanban Tool: recensione software gestionale progetti agile - Accurate Reviews\",\"isPartOf\":{\"@id\":\"https:\\\/\\\/www.accuratereviews.com\\\/it\\\/#website\"},\"primaryImageOfPage\":{\"@id\":\"https:\\\/\\\/www.accuratereviews.com\\\/it\\\/software-progetti-agile\\\/kanban-tool-recensione\\\/#primaryimage\"},\"image\":{\"@id\":\"https:\\\/\\\/www.accuratereviews.com\\\/it\\\/software-progetti-agile\\\/kanban-tool-recensione\\\/#primaryimage\"},\"thumbnailUrl\":\"https:\\\/\\\/www.accuratereviews.com\\\/wp-content\\\/uploads\\\/2023\\\/11\\\/Kanban-Tool.png\",\"datePublished\":\"2023-11-06T14:20:04+00:00\",\"dateModified\":\"2023-11-07T11:22:43+00:00\",\"description\":\"Kanban Tool: recensione piattaforma di gestione progetti che consente agli utenti di visualizzare e organizzare il proprio flusso di lavoro.\",\"breadcrumb\":{\"@id\":\"https:\\\/\\\/www.accuratereviews.com\\\/it\\\/software-progetti-agile\\\/kanban-tool-recensione\\\/#breadcrumb\"},\"inLanguage\":\"it-IT\",\"potentialAction\":[{\"@type\":\"ReadAction\",\"target\":[\"https:\\\/\\\/www.accuratereviews.com\\\/it\\\/software-progetti-agile\\\/kanban-tool-recensione\\\/\"]}]},{\"@type\":\"ImageObject\",\"inLanguage\":\"it-IT\",\"@id\":\"https:\\\/\\\/www.accuratereviews.com\\\/it\\\/software-progetti-agile\\\/kanban-tool-recensione\\\/#primaryimage\",\"url\":\"https:\\\/\\\/www.accuratereviews.com\\\/wp-content\\\/uploads\\\/2023\\\/11\\\/Kanban-Tool.png\",\"contentUrl\":\"https:\\\/\\\/www.accuratereviews.com\\\/wp-content\\\/uploads\\\/2023\\\/11\\\/Kanban-Tool.png\",\"width\":512,\"height\":512},{\"@type\":\"BreadcrumbList\",\"@id\":\"https:\\\/\\\/www.accuratereviews.com\\\/it\\\/software-progetti-agile\\\/kanban-tool-recensione\\\/#breadcrumb\",\"itemListElement\":[{\"@type\":\"ListItem\",\"position\":1,\"name\":\"Home\",\"item\":\"https:\\\/\\\/www.accuratereviews.com\\\/it\\\/\"},{\"@type\":\"ListItem\",\"position\":2,\"name\":\"Software progetti Agile\",\"item\":\"https:\\\/\\\/www.accuratereviews.com\\\/it\\\/software-progetti-agile\\\/\"},{\"@type\":\"ListItem\",\"position\":3,\"name\":\"Kanban Tool\"}]},{\"@type\":\"WebSite\",\"@id\":\"https:\\\/\\\/www.accuratereviews.com\\\/it\\\/#website\",\"url\":\"https:\\\/\\\/www.accuratereviews.com\\\/it\\\/\",\"name\":\"Accurate Reviews\",\"description\":\"\",\"potentialAction\":[{\"@type\":\"SearchAction\",\"target\":{\"@type\":\"EntryPoint\",\"urlTemplate\":\"https:\\\/\\\/www.accuratereviews.com\\\/it\\\/?s={search_term_string}\"},\"query-input\":{\"@type\":\"PropertyValueSpecification\",\"valueRequired\":true,\"valueName\":\"search_term_string\"}}],\"inLanguage\":\"it-IT\"}]}<\/script>\n<!-- \/ Yoast SEO plugin. -->","yoast_head_json":{"title":"Kanban Tool: recensione software gestionale progetti agile - Accurate Reviews","description":"Kanban Tool: recensione piattaforma di gestione progetti che consente agli utenti di visualizzare e organizzare il proprio flusso di lavoro.","robots":{"index":"index","follow":"follow","max-snippet":"max-snippet:-1","max-image-preview":"max-image-preview:large","max-video-preview":"max-video-preview:-1"},"canonical":"https:\/\/www.accuratereviews.com\/it\/software-progetti-agile\/kanban-tool-recensione\/","og_locale":"it_IT","og_type":"article","og_title":"Kanban Tool: recensione software gestionale progetti agile - Accurate Reviews","og_description":"Kanban Tool: recensione piattaforma di gestione progetti che consente agli utenti di visualizzare e organizzare il proprio flusso di lavoro.","og_url":"https:\/\/www.accuratereviews.com\/it\/software-progetti-agile\/kanban-tool-recensione\/","og_site_name":"Accurate Reviews","article_modified_time":"2023-11-07T11:22:43+00:00","og_image":[{"width":512,"height":512,"url":"https:\/\/www.accuratereviews.com\/wp-content\/uploads\/2023\/11\/Kanban-Tool.png","type":"image\/png"}],"twitter_card":"summary_large_image","twitter_misc":{"Tempo di lettura stimato":"4 minuti"},"schema":{"@context":"https:\/\/schema.org","@graph":[{"@type":"WebPage","@id":"https:\/\/www.accuratereviews.com\/it\/software-progetti-agile\/kanban-tool-recensione\/","url":"https:\/\/www.accuratereviews.com\/it\/software-progetti-agile\/kanban-tool-recensione\/","name":"Kanban Tool: recensione software gestionale progetti agile - Accurate Reviews","isPartOf":{"@id":"https:\/\/www.accuratereviews.com\/it\/#website"},"primaryImageOfPage":{"@id":"https:\/\/www.accuratereviews.com\/it\/software-progetti-agile\/kanban-tool-recensione\/#primaryimage"},"image":{"@id":"https:\/\/www.accuratereviews.com\/it\/software-progetti-agile\/kanban-tool-recensione\/#primaryimage"},"thumbnailUrl":"https:\/\/www.accuratereviews.com\/wp-content\/uploads\/2023\/11\/Kanban-Tool.png","datePublished":"2023-11-06T14:20:04+00:00","dateModified":"2023-11-07T11:22:43+00:00","description":"Kanban Tool: recensione piattaforma di gestione progetti che consente agli utenti di visualizzare e organizzare il proprio flusso di lavoro.","breadcrumb":{"@id":"https:\/\/www.accuratereviews.com\/it\/software-progetti-agile\/kanban-tool-recensione\/#breadcrumb"},"inLanguage":"it-IT","potentialAction":[{"@type":"ReadAction","target":["https:\/\/www.accuratereviews.com\/it\/software-progetti-agile\/kanban-tool-recensione\/"]}]},{"@type":"ImageObject","inLanguage":"it-IT","@id":"https:\/\/www.accuratereviews.com\/it\/software-progetti-agile\/kanban-tool-recensione\/#primaryimage","url":"https:\/\/www.accuratereviews.com\/wp-content\/uploads\/2023\/11\/Kanban-Tool.png","contentUrl":"https:\/\/www.accuratereviews.com\/wp-content\/uploads\/2023\/11\/Kanban-Tool.png","width":512,"height":512},{"@type":"BreadcrumbList","@id":"https:\/\/www.accuratereviews.com\/it\/software-progetti-agile\/kanban-tool-recensione\/#breadcrumb","itemListElement":[{"@type":"ListItem","position":1,"name":"Home","item":"https:\/\/www.accuratereviews.com\/it\/"},{"@type":"ListItem","position":2,"name":"Software progetti Agile","item":"https:\/\/www.accuratereviews.com\/it\/software-progetti-agile\/"},{"@type":"ListItem","position":3,"name":"Kanban Tool"}]},{"@type":"WebSite","@id":"https:\/\/www.accuratereviews.com\/it\/#website","url":"https:\/\/www.accuratereviews.com\/it\/","name":"Accurate Reviews","description":"","potentialAction":[{"@type":"SearchAction","target":{"@type":"EntryPoint","urlTemplate":"https:\/\/www.accuratereviews.com\/it\/?s={search_term_string}"},"query-input":{"@type":"PropertyValueSpecification","valueRequired":true,"valueName":"search_term_string"}}],"inLanguage":"it-IT"}]}},"_links":{"self":[{"href":"https:\/\/www.accuratereviews.com\/it\/wp-json\/wp\/v2\/pages\/72716","targetHints":{"allow":["GET"]}}],"collection":[{"href":"https:\/\/www.accuratereviews.com\/it\/wp-json\/wp\/v2\/pages"}],"about":[{"href":"https:\/\/www.accuratereviews.com\/it\/wp-json\/wp\/v2\/types\/page"}],"author":[{"embeddable":true,"href":"https:\/\/www.accuratereviews.com\/it\/wp-json\/wp\/v2\/users\/19"}],"replies":[{"embeddable":true,"href":"https:\/\/www.accuratereviews.com\/it\/wp-json\/wp\/v2\/comments?post=72716"}],"version-history":[{"count":13,"href":"https:\/\/www.accuratereviews.com\/it\/wp-json\/wp\/v2\/pages\/72716\/revisions"}],"predecessor-version":[{"id":72753,"href":"https:\/\/www.accuratereviews.com\/it\/wp-json\/wp\/v2\/pages\/72716\/revisions\/72753"}],"up":[{"embeddable":true,"href":"https:\/\/www.accuratereviews.com\/it\/wp-json\/wp\/v2\/pages\/71820"}],"wp:featuredmedia":[{"embeddable":true,"href":"https:\/\/www.accuratereviews.com\/it\/wp-json\/wp\/v2\/media\/72717"}],"wp:attachment":[{"href":"https:\/\/www.accuratereviews.com\/it\/wp-json\/wp\/v2\/media?parent=72716"}],"wp:term":[{"taxonomy":"category","embeddable":true,"href":"https:\/\/www.accuratereviews.com\/it\/wp-json\/wp\/v2\/categories?post=72716"},{"taxonomy":"post_tag","embeddable":true,"href":"https:\/\/www.accuratereviews.com\/it\/wp-json\/wp\/v2\/tags?post=72716"},{"taxonomy":"features","embeddable":true,"href":"https:\/\/www.accuratereviews.com\/it\/wp-json\/wp\/v2\/features?post=72716"}],"curies":[{"name":"wp","href":"https:\/\/api.w.org\/{rel}","templated":true}]}}