{"id":72738,"date":"2023-11-07T12:28:43","date_gmt":"2023-11-07T12:28:43","guid":{"rendered":"https:\/\/www.accuratereviews.com\/?page_id=72738"},"modified":"2023-11-07T12:28:43","modified_gmt":"2023-11-07T12:28:43","slug":"project-co-recensione","status":"publish","type":"page","link":"https:\/\/www.accuratereviews.com\/it\/software-progetti-agile\/project-co-recensione\/","title":{"rendered":"Project.co"},"content":{"rendered":"<p><strong>Project.co<\/strong> \u00e8 una <strong>piattaforma di gestione dei progetti<\/strong> per la collaborazione e la comunicazione del team. Gli utenti possono creare e lavorare su pi\u00f9 progetti contemporaneamente, generare fatture, condividere file, creare elenchi di attivit\u00e0 e sequenze temporali, assegnare autorizzazioni basate sui ruoli, creare pianificazioni e bacheche Kanban e altro ancora. La funzionalit\u00e0 di panoramica del progetto consente ai team di gestione del progetto e ai team dei clienti di collaborare e comunicare nella piattaforma per garantire che tutte le parti interessate siano coinvolte nel processo di pianificazione ed esecuzione del progetto. Inoltre, include una funzionalit\u00e0 di accesso specifica per ruolo alle informazioni che non devono essere condivise con il cliente, come idee preliminari, piani e proposte di budget, consentendo agli utenti di rispettare la riservatezza, la protezione dei dati e gli standard di qualit\u00e0. I pagamenti possono essere richiesti ed eseguiti direttamente nella piattaforma tramite l&#8217;integrazione di Stripe e le fatture vengono generate automaticamente al completamento dei pagamenti per garantire una fatturazione sicura e mantenere una cronologia completa delle transazioni.<\/p>\n<h2>PROJECT.CO &#8211; TUTORIAL<\/h2>\n<div id=\"fluid-wrapper-counter-1\" class=\"g1-fluid-wrapper \" style=\"width:686px;\">\n<div style=\"padding-bottom:56.268221574344%;\"><iframe loading=\"lazy\" title=\"Project.co - General Overview\" width=\"686\" height=\"386\" src=\"https:\/\/www.youtube.com\/embed\/hqzcaBGlGQc?feature=oembed&amp;wmode=transparent&amp;autohide=1&amp;autoplay=0&amp;disablekb=0&amp;fs=1&amp;loop=0&amp;enablejsapi=1&amp;rel=0&amp;controls=2&amp;showinfo=0&amp;wmode=transparent&amp;autohide=2&amp;autoplay=0&amp;disablekb=0&amp;fs=1&amp;loop=0&amp;enablejsapi=1&amp;rel=0&amp;controls=2&amp;showinfo=1\" frameborder=\"0\" allow=\"accelerometer; autoplay; clipboard-write; encrypted-media; gyroscope; picture-in-picture; web-share\" allowfullscreen><\/iframe><\/div>\n<\/div>\n<h3>PROJECT.CO &#8211; CARATTERISTICHE<\/h3>\n<ul>\n<li>Invita le persone interessate<\/li>\n<li>Aggiungi gli strumenti necessari per ogni progetto<\/li>\n<li>Mantieni tutto in un unico posto<\/li>\n<li>Attivit\u00e0 secondarie<\/li>\n<li>Campi personalizzati<\/li>\n<li>Compiti ricorrenti<\/li>\n<li>Dipendenze delle attivit\u00e0<\/li>\n<li>Visualizzazioni elenco, calendario, pianificazione e kanban<\/li>\n<li>Commenti in tempo reale<\/li>\n<li>Aggiungi file e reazioni<\/li>\n<li>Rispondi alle notifiche via e-mail<\/li>\n<li>Aggiungi reazioni e thread<\/li>\n<li>Supporta quasi tutti i tipi di file<\/li>\n<li>Ottieni feedback dettagliati sul tuo lavoro<\/li>\n<li>Visualizza gli elementi in un elenco. Ordina, raggruppa, trascina e rilascia per vedere le cose a modo tuo.<\/li>\n<li>Apporta modifiche rapide<\/li>\n<li>Fornisci il tuo lavoro migliore<\/li>\n<li>Pagamenti una tantum e ricorrenti<\/li>\n<li>Valute multiple<\/li>\n<li>Visualizza gli elementi su una sequenza temporale raggruppati per risorsa, ad esempio la persona assegnata.<\/li>\n<li>Banda e Paypal<\/li>\n<li>Scarica fatture<\/li>\n<li>Temporizzatore integrato<\/li>\n<li>Facile avvio\/arresto dei timer<\/li>\n<li>Tieni traccia manualmente del tempo<\/li>\n<li>Collaborazione in tempo reale<\/li>\n<li>Visualizza gli elementi in colonne raggruppate in base a qualsiasi campo. Trascina e rilascia per riordinare.<\/li>\n<li>Assistente AI<\/li>\n<li>Incorpora qualsiasi cosa<\/li>\n<li>Costruisci il tuo secondo cervello<\/li>\n<li>Lavora pi\u00f9 velocemente e meglio<\/li>\n<li>Semplice e integrato<\/li>\n<li>OpenAI Chat-GPT<\/li>\n<li>Incorpora gli altri strumenti che usi<\/li>\n<li>Collegamento a strumenti che non supportano iframe<\/li>\n<li>Mantieni tutto in un unico posto<\/li>\n<li>Visualizza gli elementi come blocchi colorati in base alla data di inizio e di scadenza.<\/li>\n<\/ul>\n<h4>LE RECENSIONI DEGLI UTENTI<\/h4>\n<p><strong>Shaneh Distribuzione facile e semplice&#8221;<\/strong><br \/>\n<strong>Pro<\/strong>: Project.co \u00e8 stato semplicissimo da implementare per tutto il mio team. Poich\u00e9 possiamo creare modelli di progetti, \u00e8 facile aderire alle nostre SOP<br \/>\n<strong>Contro<\/strong>: Vorrei che il time tracker non fosse inserito manualmente, ma a parte questo sono entusiasta.<\/p>\n<p><strong>Ana &#8220;Lo strumento che ha trasformato il modo in cui lavoro con i miei clienti.&#8221;<\/strong><br \/>\n<strong>Commenti<\/strong>: La funzione di chat in tempo reale \u00e8 fantastica, inoltre \u00e8 stata molto utile perch\u00e9 posso comunicare direttamente con i miei clienti e il mio team in modo agile e senza problemi.<br \/>\n<strong>Pro<\/strong>: Mi piace molto perch\u00e9 posso risolvere problemi, condividere aggiornamenti e scambiare idee in modo molto efficiente e senza problemi.<br \/>\n<strong>Contro<\/strong>: Beh, occasionalmente ho riscontrato un caricamento lento della piattaforma, il che pu\u00f2 essere un po&#8217; frustrante quando cerco di eseguire rapidamente attivit\u00e0 o accedere ai file.<\/p>\n<p><strong>Michael &#8220;Buona alternativa a Monday.com&#8221;<\/strong><br \/>\n<strong>Pro<\/strong>: Se sei un utente di Monday.com e scopri che \u00e8 troppo per le tue esigenze e desideri davvero qualcosa di pi\u00f9 semplice e altrettanto utile, Project.co \u00e8 perfetto per questo. Adoro questo software.<br \/>\n<strong>Contro<\/strong>: E&#8217; ancora all&#8217;inizio ma va bene anche come versione standard<\/p>\n","protected":false},"excerpt":{"rendered":"<p>Project.co \u00e8 una piattaforma di gestione dei progetti per la collaborazione e la comunicazione del team. Gli utenti possono creare e lavorare su pi\u00f9 progetti contemporaneamente, generare fatture, condividere file, creare elenchi di attivit\u00e0 e sequenze temporali, assegnare autorizzazioni basate sui ruoli, creare pianificazioni e bacheche Kanban e altro ancora.<\/p>\n","protected":false},"author":19,"featured_media":72744,"parent":71820,"menu_order":0,"comment_status":"open","ping_status":"closed","template":"g1_template_page_review_new.php","meta":{"_acf_changed":false,"cwp_meta_box_check":"Yes","cwp_rev_product_name":"","cwp_rev_product_image":"","wppr_links":[],"cwp_rev_price":"0.00","wppr_options":[{"name":"Usability","value":"0"},{"name":"Speed","value":"0"},{"name":"Features","value":"0"},{"name":"Support","value":"0"},{"name":"Pricing","value":"0"}],"wppr_pros":["","","","",""],"wppr_cons":["","","","",""],"_monsterinsights_skip_tracking":false,"_monsterinsights_sitenote_active":false,"_monsterinsights_sitenote_note":"","_monsterinsights_sitenote_category":0,"footnotes":""},"categories":[2892],"tags":[2916,14655,2992,14666,14656,14658,14751,2989,2985,2990,2984],"features":[],"class_list":{"0":"post-72738","1":"page","2":"type-page","3":"status-publish","4":"has-post-thumbnail","6":"category-gestionale-per-progetti-agile","7":"tag-gestionale-agile","8":"tag-gestionale-progetti-agile","9":"tag-piattaforma-gestionale-agile","10":"tag-piattaforma-gestionale-progetti-agile","11":"tag-programma-gestionale-agile","12":"tag-programma-gestionale-progetti-agile","13":"tag-project-co","14":"tag-software-gestionale-agile","15":"tag-software-gestionale-progetti-agile","16":"tag-soluzione-gestionale-agile","17":"tag-soluzione-gestionale-progetti-agile"},"wppr_data":{"cwp_meta_box_check":"Yes","_wppr_review_template":"default","cwp_rev_product_image":"","cwp_image_link":"image","wppr_links":[],"cwp_rev_price":"0.00","wppr_pros":["","","","",""],"wppr_cons":["","","","",""],"wppr_rating":"0.00","wppr_options":{"1":{"name":"Usability","value":"0"},"2":{"name":"Speed","value":"0"},"3":{"name":"Features","value":"0"},"4":{"name":"Support","value":"0"},"5":{"name":"Pricing","value":"0"}},"wppr_review_type":"Product","wppr_review_custom_fields":{"additionalProperty":"","additionalType":"","aggregateRating":"","alternateName":"","audience":"","award":"","awards":"","brand":"","color":"","depth":"","description":"","disambiguatingDescription":"","gtin12":"","gtin13":"","gtin14":"","gtin8":"","height":"","identifier":"","image":"","isAccessoryOrSparePartFor":"","isConsumableFor":"","isRelatedTo":"","isSimilarTo":"","itemCondition":"","logo":"","mainEntityOfPage":"","manufacturer":"","material":"","model":"","mpn":"","name":"","offers":"","potentialAction":"","productID":"","productionDate":"","purchaseDate":"","releaseDate":"","review":"","reviews":"","sameAs":"","sku":"","slogan":"","subjectOf":"","url":"","weight":"","width":""}},"acf":[],"yoast_head":"<!-- This site is optimized with the Yoast SEO plugin v27.4 - https:\/\/yoast.com\/product\/yoast-seo-wordpress\/ -->\n<title>Project.co: recensione software gestionale progetti agile - Accurate Reviews<\/title>\n<meta name=\"description\" content=\"Project.co: recensione piattaforma di gestione dei progetti per la collaborazione e la comunicazione del team.\" \/>\n<meta name=\"robots\" content=\"index, follow, max-snippet:-1, max-image-preview:large, max-video-preview:-1\" \/>\n<link rel=\"canonical\" href=\"https:\/\/www.accuratereviews.com\/it\/software-progetti-agile\/project-co-recensione\/\" \/>\n<meta property=\"og:locale\" content=\"it_IT\" \/>\n<meta property=\"og:type\" content=\"article\" \/>\n<meta property=\"og:title\" content=\"Project.co: recensione software gestionale progetti agile - Accurate Reviews\" \/>\n<meta property=\"og:description\" content=\"Project.co: recensione piattaforma di gestione dei progetti per la collaborazione e la comunicazione del team.\" \/>\n<meta property=\"og:url\" content=\"https:\/\/www.accuratereviews.com\/it\/software-progetti-agile\/project-co-recensione\/\" \/>\n<meta property=\"og:site_name\" content=\"Accurate Reviews\" \/>\n<meta property=\"og:image\" content=\"https:\/\/www.accuratereviews.com\/wp-content\/uploads\/2023\/11\/Project.co_.webp\" \/>\n\t<meta property=\"og:image:width\" content=\"256\" \/>\n\t<meta property=\"og:image:height\" content=\"256\" \/>\n\t<meta property=\"og:image:type\" content=\"image\/webp\" \/>\n<meta name=\"twitter:card\" content=\"summary_large_image\" \/>\n<meta name=\"twitter:label1\" content=\"Tempo di lettura stimato\" \/>\n\t<meta name=\"twitter:data1\" content=\"4 minuti\" \/>\n<script type=\"application\/ld+json\" class=\"yoast-schema-graph\">{\"@context\":\"https:\\\/\\\/schema.org\",\"@graph\":[{\"@type\":\"WebPage\",\"@id\":\"https:\\\/\\\/www.accuratereviews.com\\\/it\\\/software-progetti-agile\\\/project-co-recensione\\\/\",\"url\":\"https:\\\/\\\/www.accuratereviews.com\\\/it\\\/software-progetti-agile\\\/project-co-recensione\\\/\",\"name\":\"Project.co: recensione software gestionale progetti agile - Accurate Reviews\",\"isPartOf\":{\"@id\":\"https:\\\/\\\/www.accuratereviews.com\\\/it\\\/#website\"},\"primaryImageOfPage\":{\"@id\":\"https:\\\/\\\/www.accuratereviews.com\\\/it\\\/software-progetti-agile\\\/project-co-recensione\\\/#primaryimage\"},\"image\":{\"@id\":\"https:\\\/\\\/www.accuratereviews.com\\\/it\\\/software-progetti-agile\\\/project-co-recensione\\\/#primaryimage\"},\"thumbnailUrl\":\"https:\\\/\\\/www.accuratereviews.com\\\/wp-content\\\/uploads\\\/2023\\\/11\\\/Project.co_.webp\",\"datePublished\":\"2023-11-07T12:28:43+00:00\",\"description\":\"Project.co: recensione piattaforma di gestione dei progetti per la collaborazione e la comunicazione del team.\",\"breadcrumb\":{\"@id\":\"https:\\\/\\\/www.accuratereviews.com\\\/it\\\/software-progetti-agile\\\/project-co-recensione\\\/#breadcrumb\"},\"inLanguage\":\"it-IT\",\"potentialAction\":[{\"@type\":\"ReadAction\",\"target\":[\"https:\\\/\\\/www.accuratereviews.com\\\/it\\\/software-progetti-agile\\\/project-co-recensione\\\/\"]}]},{\"@type\":\"ImageObject\",\"inLanguage\":\"it-IT\",\"@id\":\"https:\\\/\\\/www.accuratereviews.com\\\/it\\\/software-progetti-agile\\\/project-co-recensione\\\/#primaryimage\",\"url\":\"https:\\\/\\\/www.accuratereviews.com\\\/wp-content\\\/uploads\\\/2023\\\/11\\\/Project.co_.webp\",\"contentUrl\":\"https:\\\/\\\/www.accuratereviews.com\\\/wp-content\\\/uploads\\\/2023\\\/11\\\/Project.co_.webp\",\"width\":256,\"height\":256},{\"@type\":\"BreadcrumbList\",\"@id\":\"https:\\\/\\\/www.accuratereviews.com\\\/it\\\/software-progetti-agile\\\/project-co-recensione\\\/#breadcrumb\",\"itemListElement\":[{\"@type\":\"ListItem\",\"position\":1,\"name\":\"Home\",\"item\":\"https:\\\/\\\/www.accuratereviews.com\\\/it\\\/\"},{\"@type\":\"ListItem\",\"position\":2,\"name\":\"Software progetti Agile\",\"item\":\"https:\\\/\\\/www.accuratereviews.com\\\/it\\\/software-progetti-agile\\\/\"},{\"@type\":\"ListItem\",\"position\":3,\"name\":\"Project.co\"}]},{\"@type\":\"WebSite\",\"@id\":\"https:\\\/\\\/www.accuratereviews.com\\\/it\\\/#website\",\"url\":\"https:\\\/\\\/www.accuratereviews.com\\\/it\\\/\",\"name\":\"Accurate Reviews\",\"description\":\"\",\"potentialAction\":[{\"@type\":\"SearchAction\",\"target\":{\"@type\":\"EntryPoint\",\"urlTemplate\":\"https:\\\/\\\/www.accuratereviews.com\\\/it\\\/?s={search_term_string}\"},\"query-input\":{\"@type\":\"PropertyValueSpecification\",\"valueRequired\":true,\"valueName\":\"search_term_string\"}}],\"inLanguage\":\"it-IT\"}]}<\/script>\n<!-- \/ Yoast SEO plugin. -->","yoast_head_json":{"title":"Project.co: recensione software gestionale progetti agile - Accurate Reviews","description":"Project.co: recensione piattaforma di gestione dei progetti per la collaborazione e la comunicazione del team.","robots":{"index":"index","follow":"follow","max-snippet":"max-snippet:-1","max-image-preview":"max-image-preview:large","max-video-preview":"max-video-preview:-1"},"canonical":"https:\/\/www.accuratereviews.com\/it\/software-progetti-agile\/project-co-recensione\/","og_locale":"it_IT","og_type":"article","og_title":"Project.co: recensione software gestionale progetti agile - Accurate Reviews","og_description":"Project.co: recensione piattaforma di gestione dei progetti per la collaborazione e la comunicazione del team.","og_url":"https:\/\/www.accuratereviews.com\/it\/software-progetti-agile\/project-co-recensione\/","og_site_name":"Accurate Reviews","og_image":[{"width":256,"height":256,"url":"https:\/\/www.accuratereviews.com\/wp-content\/uploads\/2023\/11\/Project.co_.webp","type":"image\/webp"}],"twitter_card":"summary_large_image","twitter_misc":{"Tempo di lettura stimato":"4 minuti"},"schema":{"@context":"https:\/\/schema.org","@graph":[{"@type":"WebPage","@id":"https:\/\/www.accuratereviews.com\/it\/software-progetti-agile\/project-co-recensione\/","url":"https:\/\/www.accuratereviews.com\/it\/software-progetti-agile\/project-co-recensione\/","name":"Project.co: recensione software gestionale progetti agile - Accurate Reviews","isPartOf":{"@id":"https:\/\/www.accuratereviews.com\/it\/#website"},"primaryImageOfPage":{"@id":"https:\/\/www.accuratereviews.com\/it\/software-progetti-agile\/project-co-recensione\/#primaryimage"},"image":{"@id":"https:\/\/www.accuratereviews.com\/it\/software-progetti-agile\/project-co-recensione\/#primaryimage"},"thumbnailUrl":"https:\/\/www.accuratereviews.com\/wp-content\/uploads\/2023\/11\/Project.co_.webp","datePublished":"2023-11-07T12:28:43+00:00","description":"Project.co: recensione piattaforma di gestione dei progetti per la collaborazione e la comunicazione del team.","breadcrumb":{"@id":"https:\/\/www.accuratereviews.com\/it\/software-progetti-agile\/project-co-recensione\/#breadcrumb"},"inLanguage":"it-IT","potentialAction":[{"@type":"ReadAction","target":["https:\/\/www.accuratereviews.com\/it\/software-progetti-agile\/project-co-recensione\/"]}]},{"@type":"ImageObject","inLanguage":"it-IT","@id":"https:\/\/www.accuratereviews.com\/it\/software-progetti-agile\/project-co-recensione\/#primaryimage","url":"https:\/\/www.accuratereviews.com\/wp-content\/uploads\/2023\/11\/Project.co_.webp","contentUrl":"https:\/\/www.accuratereviews.com\/wp-content\/uploads\/2023\/11\/Project.co_.webp","width":256,"height":256},{"@type":"BreadcrumbList","@id":"https:\/\/www.accuratereviews.com\/it\/software-progetti-agile\/project-co-recensione\/#breadcrumb","itemListElement":[{"@type":"ListItem","position":1,"name":"Home","item":"https:\/\/www.accuratereviews.com\/it\/"},{"@type":"ListItem","position":2,"name":"Software progetti Agile","item":"https:\/\/www.accuratereviews.com\/it\/software-progetti-agile\/"},{"@type":"ListItem","position":3,"name":"Project.co"}]},{"@type":"WebSite","@id":"https:\/\/www.accuratereviews.com\/it\/#website","url":"https:\/\/www.accuratereviews.com\/it\/","name":"Accurate Reviews","description":"","potentialAction":[{"@type":"SearchAction","target":{"@type":"EntryPoint","urlTemplate":"https:\/\/www.accuratereviews.com\/it\/?s={search_term_string}"},"query-input":{"@type":"PropertyValueSpecification","valueRequired":true,"valueName":"search_term_string"}}],"inLanguage":"it-IT"}]}},"_links":{"self":[{"href":"https:\/\/www.accuratereviews.com\/it\/wp-json\/wp\/v2\/pages\/72738","targetHints":{"allow":["GET"]}}],"collection":[{"href":"https:\/\/www.accuratereviews.com\/it\/wp-json\/wp\/v2\/pages"}],"about":[{"href":"https:\/\/www.accuratereviews.com\/it\/wp-json\/wp\/v2\/types\/page"}],"author":[{"embeddable":true,"href":"https:\/\/www.accuratereviews.com\/it\/wp-json\/wp\/v2\/users\/19"}],"replies":[{"embeddable":true,"href":"https:\/\/www.accuratereviews.com\/it\/wp-json\/wp\/v2\/comments?post=72738"}],"version-history":[{"count":8,"href":"https:\/\/www.accuratereviews.com\/it\/wp-json\/wp\/v2\/pages\/72738\/revisions"}],"predecessor-version":[{"id":72756,"href":"https:\/\/www.accuratereviews.com\/it\/wp-json\/wp\/v2\/pages\/72738\/revisions\/72756"}],"up":[{"embeddable":true,"href":"https:\/\/www.accuratereviews.com\/it\/wp-json\/wp\/v2\/pages\/71820"}],"wp:featuredmedia":[{"embeddable":true,"href":"https:\/\/www.accuratereviews.com\/it\/wp-json\/wp\/v2\/media\/72744"}],"wp:attachment":[{"href":"https:\/\/www.accuratereviews.com\/it\/wp-json\/wp\/v2\/media?parent=72738"}],"wp:term":[{"taxonomy":"category","embeddable":true,"href":"https:\/\/www.accuratereviews.com\/it\/wp-json\/wp\/v2\/categories?post=72738"},{"taxonomy":"post_tag","embeddable":true,"href":"https:\/\/www.accuratereviews.com\/it\/wp-json\/wp\/v2\/tags?post=72738"},{"taxonomy":"features","embeddable":true,"href":"https:\/\/www.accuratereviews.com\/it\/wp-json\/wp\/v2\/features?post=72738"}],"curies":[{"name":"wp","href":"https:\/\/api.w.org\/{rel}","templated":true}]}}