{"id":72765,"date":"2023-11-08T16:36:16","date_gmt":"2023-11-08T16:36:16","guid":{"rendered":"https:\/\/www.accuratereviews.com\/?page_id=72765"},"modified":"2023-11-09T10:46:31","modified_gmt":"2023-11-09T10:46:31","slug":"birdview-psa-recensione","status":"publish","type":"page","link":"https:\/\/www.accuratereviews.com\/it\/software-progetti-agile\/birdview-psa-recensione\/","title":{"rendered":"Birdview PSA"},"content":{"rendered":"<p><strong>Birdview PSA<\/strong> \u00e8 una <strong>piattaforma a ciclo completo<\/strong> che aiuta le organizzazioni di servizi professionali a pianificare, gestire e prevedere risorse, finanze e progetti in un unico posto. Con l&#8217;obiettivo di offrire ai clienti una visione panoramica della propria attivit\u00e0, il programma aiuta le aziende a semplificare i processi e a favorire la crescita.<br \/>\n<strong>Birdview PSA<\/strong> offre molte funzionalit\u00e0 avanzate per assicurarti di mantenere il controllo di tutte le fasi del ciclo di fornitura del servizio, dall&#8217;avvio del progetto alla consegna finale. Dashboard e report basati sulla BI consentono ai team di prendere decisioni basate sugli insight e di ottimizzare i processi per aumentare produttivit\u00e0, redditivit\u00e0 ed efficienza.<\/p>\n<h2>BIRDVIEW PSA &#8211; TUTORIAL<\/h2>\n<div id=\"fluid-wrapper-counter-1\" class=\"g1-fluid-wrapper \" style=\"width:686px;\">\n<div style=\"padding-bottom:56.268221574344%;\"><iframe loading=\"lazy\" title=\"SharePoint integration with Birdview | Weekly Workshop\" width=\"686\" height=\"386\" src=\"https:\/\/www.youtube.com\/embed\/H6OUhs_FuC4?feature=oembed&amp;wmode=transparent&amp;autohide=1&amp;autoplay=0&amp;disablekb=0&amp;fs=1&amp;loop=0&amp;enablejsapi=1&amp;rel=0&amp;controls=2&amp;showinfo=0&amp;wmode=transparent&amp;autohide=2&amp;autoplay=0&amp;disablekb=0&amp;fs=1&amp;loop=0&amp;enablejsapi=1&amp;rel=0&amp;controls=2&amp;showinfo=1\" frameborder=\"0\" allow=\"accelerometer; autoplay; clipboard-write; encrypted-media; gyroscope; picture-in-picture; web-share\" allowfullscreen><\/iframe><\/div>\n<\/div>\n<h3>BIRDVIEW PSA &#8211; CARATTERISTICHE<\/h3>\n<ul>\n<li>Gestisci pi\u00f9 progetti contemporaneamente, non importa quanto complessi<\/li>\n<li>Scegli la visualizzazione (Tabella, Gantt, Kanban, Calendario) pi\u00f9 adatta alle tue esigenze<\/li>\n<li>Un unico posto per tutte le comunicazioni del team<\/li>\n<li>Tempistiche e calendari del progetto<\/li>\n<li>Sostituisci le infinite email con un luogo centralizzato per tutte le comunicazioni di progetto<\/li>\n<li>Semplifica l&#8217;approvazione e l&#8217;annotazione dei risultati del lavoro da parte di clienti e parti interessate<\/li>\n<li>Estendi la collaborazione oltre il tuo team principale con un portale per gli ospiti dedicato<\/li>\n<li>Migliora le tue comunicazioni scritte e crea messaggi velocemente<\/li>\n<li>Genera un piano di progetto utilizzando solo il nome del progetto<\/li>\n<li>Prevedi le tempistiche del progetto con precisione<\/li>\n<li>Trova i candidati pi\u00f9 adatti per l&#8217;incarico<\/li>\n<li>Condividi i dati solo con gli utenti che desideri<\/li>\n<li>Imposta restrizioni per aggiungere, modificare e gestire i dati per ogni ruolo<\/li>\n<li>Limitare l&#8217;accesso ai dati a terzi<\/li>\n<li>Aiuta i membri del team a visualizzare solo le informazioni rilevanti per loro<\/li>\n<li>Consenti ai manager di rivedere i progressi dei progetti e dare priorit\u00e0 alle attivit\u00e0<\/li>\n<li>Condividi i dati del portafoglio e mantieni aggiornati i clienti<\/li>\n<li>Fornire solo informazioni pertinenti e aggiornate<\/li>\n<li>Crea campi personalizzati e fai domanda per progetti in tutto il portfolio<\/li>\n<li>Gestisci i tuoi portafogli in base agli obiettivi del progetto, a metriche uniche e a dati importanti<\/li>\n<li>Individua e previeni qualsiasi conflitto di tempistica o assegnazione del lavoro<\/li>\n<li>Tieni traccia delle tempistiche ed evita ritardi<\/li>\n<li>Seleziona solo i portafogli che desideri visualizzare sulla dashboard<\/li>\n<li>Filtra i progetti per portfolio, modifica degli stati, priorit\u00e0 e altri parametri<\/li>\n<li>Ottieni dati aggiornati su ogni progetto<\/li>\n<li>Semplifica la rendicontazione dei progetti<\/li>\n<li>Prendi decisioni migliori basate sui dati<\/li>\n<li>Migliorare l&#8217;accuratezza della pianificazione per le attivit\u00e0 future<\/li>\n<li>Supportare i manager per monitorare lo stato di avanzamento del progetto<\/li>\n<li>Comprendere meglio le attivit\u00e0 chiave e stabilirne la priorit\u00e0<\/li>\n<li>Fornire ai manager i dati accurati necessari per agire<\/li>\n<li>Completa i progetti rispettando tempi e budget<\/li>\n<li>Visualizza il programma di lavoro e la sequenza temporale del progetto con il diagramma di Gantt interattivo a schermo intero<\/li>\n<li>&#8220;Trascina e rilascia&#8221; facilmente le attivit\u00e0 e crea dipendenze tra le attivit\u00e0<\/li>\n<li>Assegna attivit\u00e0, visualizza il percorso critico del progetto e monitora i progressi del progetto con un solo clic<\/li>\n<li>Progetti con informazioni mancanti<\/li>\n<li>Aderenza ad una linea di base<\/li>\n<li>Pianificazione e variazione del budget<\/li>\n<\/ul>\n<h4>LE RECENSIONI DEGLI UTENTI<\/h4>\n<p><strong>Yoonus &#8220;Strumento di gestione dei progetti basato sul cloud&#8221;<\/strong><br \/>\n<strong>Commenti<\/strong>: funziona bene per noi<br \/>\n<strong>Pro<\/strong>: Strumento di gestione delle risorse e del tempo facile da usare, basato sul cloud<br \/>\n<strong>Contro<\/strong>: a volte le informazioni richieste non sono cos\u00ec facili da ottenere<\/p>\n<p><strong>Sarah &#8220;Compiti semplici, utile software di gestione dei progetti&#8221;<\/strong><br \/>\n<strong>Commenti<\/strong>: Facilita la collaborazione e la condivisione delle informazioni tra i lavoratori impegnati nelle varie fasi della creazione del prodotto. Incredibilmente facile da usare, ti consente di monitorare facilmente quanto tempo viene dedicato a ciascuna attivit\u00e0 in tutti i progetti. Mi piace che i dati possano essere registrati automaticamente e che io possa tenere traccia dei miei progressi.<br \/>\n<strong>Pro<\/strong>: \u00c8 un mezzo fantastico per condividere informazioni sui progetti in corso e sulle rispettive fasi di sviluppo. I cambiamenti di orario sono facili da implementare e lo stato di ciascun processo pu\u00f2 essere visualizzato e aggiornato secondo necessit\u00e0.<br \/>\n<strong>Contro<\/strong>: Dopo che un progetto \u00e8 stato autorizzato, vorrei vedere se esiste un modo per apportarvi piccole modifiche. Vorrei rivedere il calendario e la tempistica del progetto nel caso in cui il mio supervisore non sia disponibile per farlo.<\/p>\n<p><strong>Francis &#8220;Un modo semplice per la gestione di un progetto&#8221;<\/strong><br \/>\n<strong>Pro<\/strong>: Lo sto usando come parte del mio progetto. \u00c8 molto semplice e facile da usare, contiene solo le informazioni e i dati necessari per una gestione pi\u00f9 semplice del progetto.<br \/>\n<strong>Contro<\/strong>: Credo che non ci siano contro finch\u00e9 lo uso. \u00c8 stato pi\u00f9 semplice rispetto ad altri strumenti di gestione dei progetti.<\/p>\n","protected":false},"excerpt":{"rendered":"<p>Birdview PSA \u00e8 una piattaforma a ciclo completo che aiuta le organizzazioni di servizi professionali a pianificare, gestire e prevedere risorse, finanze e progetti in un unico posto. Con l&#8217;obiettivo di offrire ai clienti una visione panoramica della propria attivit\u00e0, il programma aiuta le aziende a semplificare i processi e a favorire la crescita.<\/p>\n","protected":false},"author":19,"featured_media":72766,"parent":71820,"menu_order":0,"comment_status":"open","ping_status":"closed","template":"g1_template_page_review_new.php","meta":{"_acf_changed":false,"cwp_meta_box_check":"Yes","cwp_rev_product_name":"","cwp_rev_product_image":"","wppr_links":[],"cwp_rev_price":"0.00","wppr_options":[{"name":"Usability","value":"0"},{"name":"Speed","value":"0"},{"name":"Features","value":"0"},{"name":"Support","value":"0"},{"name":"Pricing","value":"0"}],"wppr_pros":["","","","",""],"wppr_cons":["","","","",""],"_monsterinsights_skip_tracking":false,"_monsterinsights_sitenote_active":false,"_monsterinsights_sitenote_note":"","_monsterinsights_sitenote_category":0,"footnotes":""},"categories":[2892],"tags":[14755,2916,14655,2992,14666,14656,14658,2989,2985,2990,2984],"features":[],"class_list":{"0":"post-72765","1":"page","2":"type-page","3":"status-publish","4":"has-post-thumbnail","6":"category-gestionale-per-progetti-agile","7":"tag-birdview-psa","8":"tag-gestionale-agile","9":"tag-gestionale-progetti-agile","10":"tag-piattaforma-gestionale-agile","11":"tag-piattaforma-gestionale-progetti-agile","12":"tag-programma-gestionale-agile","13":"tag-programma-gestionale-progetti-agile","14":"tag-software-gestionale-agile","15":"tag-software-gestionale-progetti-agile","16":"tag-soluzione-gestionale-agile","17":"tag-soluzione-gestionale-progetti-agile"},"wppr_data":{"cwp_meta_box_check":"Yes","_wppr_review_template":"default","cwp_rev_product_image":"","cwp_image_link":"image","wppr_links":[],"cwp_rev_price":"0.00","wppr_pros":["","","","",""],"wppr_cons":["","","","",""],"wppr_rating":"0.00","wppr_options":{"1":{"name":"Usability","value":"0"},"2":{"name":"Speed","value":"0"},"3":{"name":"Features","value":"0"},"4":{"name":"Support","value":"0"},"5":{"name":"Pricing","value":"0"}},"wppr_review_type":"Product","wppr_review_custom_fields":{"additionalProperty":"","additionalType":"","aggregateRating":"","alternateName":"","audience":"","award":"","awards":"","brand":"","color":"","depth":"","description":"","disambiguatingDescription":"","gtin12":"","gtin13":"","gtin14":"","gtin8":"","height":"","identifier":"","image":"","isAccessoryOrSparePartFor":"","isConsumableFor":"","isRelatedTo":"","isSimilarTo":"","itemCondition":"","logo":"","mainEntityOfPage":"","manufacturer":"","material":"","model":"","mpn":"","name":"","offers":"","potentialAction":"","productID":"","productionDate":"","purchaseDate":"","releaseDate":"","review":"","reviews":"","sameAs":"","sku":"","slogan":"","subjectOf":"","url":"","weight":"","width":""}},"acf":[],"yoast_head":"<!-- This site is optimized with the Yoast SEO plugin v27.4 - https:\/\/yoast.com\/product\/yoast-seo-wordpress\/ -->\n<title>Birdview PSA: recensione software gestionale progetti agile - Accurate Reviews<\/title>\n<meta name=\"description\" content=\"Birdview PSA: recensione piattaforma che aiuta le organizzazioni di servizi professionali a pianificare, gestire e prevedere risorse.\" \/>\n<meta name=\"robots\" content=\"index, follow, max-snippet:-1, max-image-preview:large, max-video-preview:-1\" \/>\n<link rel=\"canonical\" href=\"https:\/\/www.accuratereviews.com\/it\/software-progetti-agile\/birdview-psa-recensione\/\" \/>\n<meta property=\"og:locale\" content=\"it_IT\" \/>\n<meta property=\"og:type\" content=\"article\" \/>\n<meta property=\"og:title\" content=\"Birdview PSA: recensione software gestionale progetti agile - Accurate Reviews\" \/>\n<meta property=\"og:description\" content=\"Birdview PSA: recensione piattaforma che aiuta le organizzazioni di servizi professionali a pianificare, gestire e prevedere risorse.\" \/>\n<meta property=\"og:url\" content=\"https:\/\/www.accuratereviews.com\/it\/software-progetti-agile\/birdview-psa-recensione\/\" \/>\n<meta property=\"og:site_name\" content=\"Accurate Reviews\" \/>\n<meta property=\"article:modified_time\" content=\"2023-11-09T10:46:31+00:00\" \/>\n<meta property=\"og:image\" content=\"https:\/\/www.accuratereviews.com\/wp-content\/uploads\/2023\/11\/Birdview-PSA.png\" \/>\n\t<meta property=\"og:image:width\" content=\"200\" \/>\n\t<meta property=\"og:image:height\" content=\"200\" \/>\n\t<meta property=\"og:image:type\" content=\"image\/png\" \/>\n<meta name=\"twitter:card\" content=\"summary_large_image\" \/>\n<meta name=\"twitter:label1\" content=\"Tempo di lettura stimato\" \/>\n\t<meta name=\"twitter:data1\" content=\"4 minuti\" \/>\n<script type=\"application\/ld+json\" class=\"yoast-schema-graph\">{\"@context\":\"https:\\\/\\\/schema.org\",\"@graph\":[{\"@type\":\"WebPage\",\"@id\":\"https:\\\/\\\/www.accuratereviews.com\\\/it\\\/software-progetti-agile\\\/birdview-psa-recensione\\\/\",\"url\":\"https:\\\/\\\/www.accuratereviews.com\\\/it\\\/software-progetti-agile\\\/birdview-psa-recensione\\\/\",\"name\":\"Birdview PSA: recensione software gestionale progetti agile - Accurate Reviews\",\"isPartOf\":{\"@id\":\"https:\\\/\\\/www.accuratereviews.com\\\/it\\\/#website\"},\"primaryImageOfPage\":{\"@id\":\"https:\\\/\\\/www.accuratereviews.com\\\/it\\\/software-progetti-agile\\\/birdview-psa-recensione\\\/#primaryimage\"},\"image\":{\"@id\":\"https:\\\/\\\/www.accuratereviews.com\\\/it\\\/software-progetti-agile\\\/birdview-psa-recensione\\\/#primaryimage\"},\"thumbnailUrl\":\"https:\\\/\\\/www.accuratereviews.com\\\/wp-content\\\/uploads\\\/2023\\\/11\\\/Birdview-PSA.png\",\"datePublished\":\"2023-11-08T16:36:16+00:00\",\"dateModified\":\"2023-11-09T10:46:31+00:00\",\"description\":\"Birdview PSA: recensione piattaforma che aiuta le organizzazioni di servizi professionali a pianificare, gestire e prevedere risorse.\",\"breadcrumb\":{\"@id\":\"https:\\\/\\\/www.accuratereviews.com\\\/it\\\/software-progetti-agile\\\/birdview-psa-recensione\\\/#breadcrumb\"},\"inLanguage\":\"it-IT\",\"potentialAction\":[{\"@type\":\"ReadAction\",\"target\":[\"https:\\\/\\\/www.accuratereviews.com\\\/it\\\/software-progetti-agile\\\/birdview-psa-recensione\\\/\"]}]},{\"@type\":\"ImageObject\",\"inLanguage\":\"it-IT\",\"@id\":\"https:\\\/\\\/www.accuratereviews.com\\\/it\\\/software-progetti-agile\\\/birdview-psa-recensione\\\/#primaryimage\",\"url\":\"https:\\\/\\\/www.accuratereviews.com\\\/wp-content\\\/uploads\\\/2023\\\/11\\\/Birdview-PSA.png\",\"contentUrl\":\"https:\\\/\\\/www.accuratereviews.com\\\/wp-content\\\/uploads\\\/2023\\\/11\\\/Birdview-PSA.png\",\"width\":200,\"height\":200},{\"@type\":\"BreadcrumbList\",\"@id\":\"https:\\\/\\\/www.accuratereviews.com\\\/it\\\/software-progetti-agile\\\/birdview-psa-recensione\\\/#breadcrumb\",\"itemListElement\":[{\"@type\":\"ListItem\",\"position\":1,\"name\":\"Home\",\"item\":\"https:\\\/\\\/www.accuratereviews.com\\\/it\\\/\"},{\"@type\":\"ListItem\",\"position\":2,\"name\":\"Software progetti Agile\",\"item\":\"https:\\\/\\\/www.accuratereviews.com\\\/it\\\/software-progetti-agile\\\/\"},{\"@type\":\"ListItem\",\"position\":3,\"name\":\"Birdview PSA\"}]},{\"@type\":\"WebSite\",\"@id\":\"https:\\\/\\\/www.accuratereviews.com\\\/it\\\/#website\",\"url\":\"https:\\\/\\\/www.accuratereviews.com\\\/it\\\/\",\"name\":\"Accurate Reviews\",\"description\":\"\",\"potentialAction\":[{\"@type\":\"SearchAction\",\"target\":{\"@type\":\"EntryPoint\",\"urlTemplate\":\"https:\\\/\\\/www.accuratereviews.com\\\/it\\\/?s={search_term_string}\"},\"query-input\":{\"@type\":\"PropertyValueSpecification\",\"valueRequired\":true,\"valueName\":\"search_term_string\"}}],\"inLanguage\":\"it-IT\"}]}<\/script>\n<!-- \/ Yoast SEO plugin. -->","yoast_head_json":{"title":"Birdview PSA: recensione software gestionale progetti agile - Accurate Reviews","description":"Birdview PSA: recensione piattaforma che aiuta le organizzazioni di servizi professionali a pianificare, gestire e prevedere risorse.","robots":{"index":"index","follow":"follow","max-snippet":"max-snippet:-1","max-image-preview":"max-image-preview:large","max-video-preview":"max-video-preview:-1"},"canonical":"https:\/\/www.accuratereviews.com\/it\/software-progetti-agile\/birdview-psa-recensione\/","og_locale":"it_IT","og_type":"article","og_title":"Birdview PSA: recensione software gestionale progetti agile - Accurate Reviews","og_description":"Birdview PSA: recensione piattaforma che aiuta le organizzazioni di servizi professionali a pianificare, gestire e prevedere risorse.","og_url":"https:\/\/www.accuratereviews.com\/it\/software-progetti-agile\/birdview-psa-recensione\/","og_site_name":"Accurate Reviews","article_modified_time":"2023-11-09T10:46:31+00:00","og_image":[{"width":200,"height":200,"url":"https:\/\/www.accuratereviews.com\/wp-content\/uploads\/2023\/11\/Birdview-PSA.png","type":"image\/png"}],"twitter_card":"summary_large_image","twitter_misc":{"Tempo di lettura stimato":"4 minuti"},"schema":{"@context":"https:\/\/schema.org","@graph":[{"@type":"WebPage","@id":"https:\/\/www.accuratereviews.com\/it\/software-progetti-agile\/birdview-psa-recensione\/","url":"https:\/\/www.accuratereviews.com\/it\/software-progetti-agile\/birdview-psa-recensione\/","name":"Birdview PSA: recensione software gestionale progetti agile - Accurate Reviews","isPartOf":{"@id":"https:\/\/www.accuratereviews.com\/it\/#website"},"primaryImageOfPage":{"@id":"https:\/\/www.accuratereviews.com\/it\/software-progetti-agile\/birdview-psa-recensione\/#primaryimage"},"image":{"@id":"https:\/\/www.accuratereviews.com\/it\/software-progetti-agile\/birdview-psa-recensione\/#primaryimage"},"thumbnailUrl":"https:\/\/www.accuratereviews.com\/wp-content\/uploads\/2023\/11\/Birdview-PSA.png","datePublished":"2023-11-08T16:36:16+00:00","dateModified":"2023-11-09T10:46:31+00:00","description":"Birdview PSA: recensione piattaforma che aiuta le organizzazioni di servizi professionali a pianificare, gestire e prevedere risorse.","breadcrumb":{"@id":"https:\/\/www.accuratereviews.com\/it\/software-progetti-agile\/birdview-psa-recensione\/#breadcrumb"},"inLanguage":"it-IT","potentialAction":[{"@type":"ReadAction","target":["https:\/\/www.accuratereviews.com\/it\/software-progetti-agile\/birdview-psa-recensione\/"]}]},{"@type":"ImageObject","inLanguage":"it-IT","@id":"https:\/\/www.accuratereviews.com\/it\/software-progetti-agile\/birdview-psa-recensione\/#primaryimage","url":"https:\/\/www.accuratereviews.com\/wp-content\/uploads\/2023\/11\/Birdview-PSA.png","contentUrl":"https:\/\/www.accuratereviews.com\/wp-content\/uploads\/2023\/11\/Birdview-PSA.png","width":200,"height":200},{"@type":"BreadcrumbList","@id":"https:\/\/www.accuratereviews.com\/it\/software-progetti-agile\/birdview-psa-recensione\/#breadcrumb","itemListElement":[{"@type":"ListItem","position":1,"name":"Home","item":"https:\/\/www.accuratereviews.com\/it\/"},{"@type":"ListItem","position":2,"name":"Software progetti Agile","item":"https:\/\/www.accuratereviews.com\/it\/software-progetti-agile\/"},{"@type":"ListItem","position":3,"name":"Birdview PSA"}]},{"@type":"WebSite","@id":"https:\/\/www.accuratereviews.com\/it\/#website","url":"https:\/\/www.accuratereviews.com\/it\/","name":"Accurate Reviews","description":"","potentialAction":[{"@type":"SearchAction","target":{"@type":"EntryPoint","urlTemplate":"https:\/\/www.accuratereviews.com\/it\/?s={search_term_string}"},"query-input":{"@type":"PropertyValueSpecification","valueRequired":true,"valueName":"search_term_string"}}],"inLanguage":"it-IT"}]}},"_links":{"self":[{"href":"https:\/\/www.accuratereviews.com\/it\/wp-json\/wp\/v2\/pages\/72765","targetHints":{"allow":["GET"]}}],"collection":[{"href":"https:\/\/www.accuratereviews.com\/it\/wp-json\/wp\/v2\/pages"}],"about":[{"href":"https:\/\/www.accuratereviews.com\/it\/wp-json\/wp\/v2\/types\/page"}],"author":[{"embeddable":true,"href":"https:\/\/www.accuratereviews.com\/it\/wp-json\/wp\/v2\/users\/19"}],"replies":[{"embeddable":true,"href":"https:\/\/www.accuratereviews.com\/it\/wp-json\/wp\/v2\/comments?post=72765"}],"version-history":[{"count":11,"href":"https:\/\/www.accuratereviews.com\/it\/wp-json\/wp\/v2\/pages\/72765\/revisions"}],"predecessor-version":[{"id":72796,"href":"https:\/\/www.accuratereviews.com\/it\/wp-json\/wp\/v2\/pages\/72765\/revisions\/72796"}],"up":[{"embeddable":true,"href":"https:\/\/www.accuratereviews.com\/it\/wp-json\/wp\/v2\/pages\/71820"}],"wp:featuredmedia":[{"embeddable":true,"href":"https:\/\/www.accuratereviews.com\/it\/wp-json\/wp\/v2\/media\/72766"}],"wp:attachment":[{"href":"https:\/\/www.accuratereviews.com\/it\/wp-json\/wp\/v2\/media?parent=72765"}],"wp:term":[{"taxonomy":"category","embeddable":true,"href":"https:\/\/www.accuratereviews.com\/it\/wp-json\/wp\/v2\/categories?post=72765"},{"taxonomy":"post_tag","embeddable":true,"href":"https:\/\/www.accuratereviews.com\/it\/wp-json\/wp\/v2\/tags?post=72765"},{"taxonomy":"features","embeddable":true,"href":"https:\/\/www.accuratereviews.com\/it\/wp-json\/wp\/v2\/features?post=72765"}],"curies":[{"name":"wp","href":"https:\/\/api.w.org\/{rel}","templated":true}]}}