{"id":72781,"date":"2023-11-09T13:44:28","date_gmt":"2023-11-09T13:44:28","guid":{"rendered":"https:\/\/www.accuratereviews.com\/?page_id=72781"},"modified":"2023-11-09T13:44:28","modified_gmt":"2023-11-09T13:44:28","slug":"shortcut-recensione","status":"publish","type":"page","link":"https:\/\/www.accuratereviews.com\/it\/software-progetti-agile\/shortcut-recensione\/","title":{"rendered":"Shortcut"},"content":{"rendered":"<p><strong>Shortcut<\/strong> \u00e8 una <strong>piattaforma di gestione dei progetti<\/strong>, basata su <strong>cloud<\/strong>, sviluppata per supportare in modo collaborativo l&#8217;intero ciclo di pianificazione, creazione e lancio. Scalabile per soddisfare le organizzazioni no-profit fino al livello aziendale con pacchetti di prezzi di abbonamento variabili, la soluzione offre opzioni di integrazione robuste e pronte all&#8217;uso per utenti del calibro di GitHub, GitLab e Slack ecc., con accesso API per lo sviluppo personalizzato automazioni del flusso di lavoro.<br \/>\nL&#8217;interfaccia utente online di <strong>Shortcut<\/strong> consente agli utenti di creare una &#8220;storia&#8221; per descrivere qualsiasi attivit\u00e0, lavoro, funzionalit\u00e0 o build, prima di definire &#8220;pietre miliari&#8221; ed &#8220;epiche&#8221; per la progressione basata sugli obiettivi. Le bacheche di lavoro Kanban con trascinamento del rilascio consentono di riorganizzare e assegnare priorit\u00e0 in modo intuitivo ai flussi di lavoro delle attivit\u00e0, mantenendo aggiornato ogni membro del team.<\/p>\n<h2>SHORTCUT &#8211; TUTORIAL<\/h2>\n<div id=\"fluid-wrapper-counter-1\" class=\"g1-fluid-wrapper \" style=\"width:686px;\">\n<div style=\"padding-bottom:56.268221574344%;\"><iframe loading=\"lazy\" title=\"Import your Data into Shortcut\" width=\"686\" height=\"386\" src=\"https:\/\/www.youtube.com\/embed\/1ktYoBYBDdc?feature=oembed&amp;wmode=transparent&amp;autohide=1&amp;autoplay=0&amp;disablekb=0&amp;fs=1&amp;loop=0&amp;enablejsapi=1&amp;rel=0&amp;controls=2&amp;showinfo=0&amp;wmode=transparent&amp;autohide=2&amp;autoplay=0&amp;disablekb=0&amp;fs=1&amp;loop=0&amp;enablejsapi=1&amp;rel=0&amp;controls=2&amp;showinfo=1\" frameborder=\"0\" allow=\"accelerometer; autoplay; clipboard-write; encrypted-media; gyroscope; picture-in-picture; web-share\" allowfullscreen><\/iframe><\/div>\n<\/div>\n<h3>SHORTCUT &#8211; CARATTERISTICHE<\/h3>\n<ul>\n<li>Utilizza semplici filtri per visualizzare bacheche e storie collegate a qualsiasi team, progetto, persona, tag, data di scadenza o praticamente qualsiasi cosa.<\/li>\n<li>Le storie vengono visualizzate in stile Kanban ordinate in base allo stato di avanzamento e possono essere trascinate per ridefinire le priorit\u00e0<\/li>\n<li>Crea roadmap personalizzate per i tuoi team in modo che tutti siano sulla stessa lunghezza d&#8217;onda.<\/li>\n<li>Aggiungi stati di integrit\u00e0 a ciascun progetto per mantenere la tua organizzazione aggiornata sulle ultime modifiche.<\/li>\n<li>Visualizza immediatamente i progressi non appena accadono. Utilizza semplici filtri per visualizzare il lavoro connesso a qualsiasi team, progetto, persona, tag&#8230;<\/li>\n<li>Utilizza la Roadmap per riunire tutti sulla stessa pagina e aiutarli a mantenerli l\u00ec.<\/li>\n<li>Ottieni lo stato e il contesto in tempo reale ogni volta che ne hai bisogno, senza dover cercare e fare riferimento a pi\u00f9 fonti.<\/li>\n<li>Crea una storia, una pietra miliare o un&#8217;iterazione da un documento.<\/li>\n<li>Blocchi di codice, evidenziazione della sintassi, elenchi personalizzati, virgolette, tabelle, contenuti multimediali e altro ancora!<\/li>\n<li>Consenti ad altri collaboratori di Doc di vedere quali modifiche vengono proposte.<\/li>\n<li>Modifica e collaborazione in tempo reale con persone illimitate che si aggiorna automaticamente.<\/li>\n<li>Condividi documenti pubblicamente con utenti non di Shortcut con un semplice URL.<\/li>\n<li>Il grafico della velocit\u00e0 misura il lavoro completato per ciascun intervallo.<\/li>\n<li>Lavoro completato nel tempo, raggruppato per stato del flusso di lavoro.<\/li>\n<li>Scopri quanto tempo trascorre ciascuna Storia in una determinata fase. Organizzare strategicamente le risorse laddove il lavoro viene bloccato.<\/li>\n<li>L&#8217;API ti offre un controllo ancora maggiore sui tuoi dati. Oppure utilizza l&#8217;integrazione con Fogli Google per un flusso continuo o esportazioni CSV per uno snapshot.<\/li>\n<\/ul>\n<h4>LE RECENSIONI DEGLI UTENTI<\/h4>\n<div><strong>Carlo &#8220;Una vera e propria scorciatoia&#8221;<\/strong><\/div>\n<div><strong>Pro<\/strong>: permette di gestire la documentazione e coordinare il mio lavoro con chiunque io voglio velocemente<\/div>\n<div><strong>Contro<\/strong>: non \u00e8 molto intuitivo, non sono ancora riuscito a comprendere certe funzionalit\u00e0 che potrebbero risultare utili<\/div>\n<div><\/div>\n<div><strong>Cristian &#8220;Esattamente ci\u00f2 di cui abbiamo bisogno&#8221;<\/strong><\/div>\n<div><strong>Commenti<\/strong>: \u00c8 lo strumento migliore per la nostra attivit\u00e0 date le nostre dimensioni attuali. Lo consiglierei a piccoli team di designer e ingegneri. La sua integrazione con GitHub e strumenti simili \u00e8 la migliore della categoria.<\/div>\n<div><strong>Pro<\/strong>: La sua interfaccia \u00e8 super veloce rispetto a strumenti come Jira. Trovo che la piattaforma sia estremamente facile da usare e configurare.<\/div>\n<div><strong>Contro<\/strong>: L&#8217;interfaccia \u00e8 cambiata di recente e, a volte, pu\u00f2 essere stridente. Ma non ho grandi lamentele.<\/div>\n<div><\/div>\n<div><strong>Wanja &#8220;Degno di nota&#8221;<\/strong><\/div>\n<div><strong>Pro<\/strong>: Dal punto di vista dell&#8217;usabilit\u00e0 e della tecnica questo \u00e8 davvero un software straordinario. La facilit\u00e0 di non dover mai salvare qualcosa \u00e8 estremamente impressionante<\/div>\n<div><strong>Contro<\/strong>: Lo spostamento delle storie tra flussi di lavoro diversi a volte \u00e8 un po&#8217; fastidioso. Inoltre sarebbe davvero fantastico se potessi applicare il tuo schema di definizione delle priorit\u00e0 e classificarlo.<\/div>\n","protected":false},"excerpt":{"rendered":"<p>Shortcut \u00e8 una piattaforma di gestione dei progetti, basata su cloud, sviluppata per supportare in modo collaborativo l&#8217;intero ciclo di pianificazione, creazione e lancio. Scalabile per soddisfare le organizzazioni no-profit fino al livello aziendale con pacchetti di prezzi di abbonamento variabili, la soluzione offre opzioni di integrazione robuste e pronte all&#8217;uso per utenti del calibro di GitHub, GitLab e Slack ecc.<\/p>\n","protected":false},"author":19,"featured_media":72787,"parent":71820,"menu_order":0,"comment_status":"open","ping_status":"closed","template":"g1_template_page_review_new.php","meta":{"_acf_changed":false,"cwp_meta_box_check":"No","cwp_rev_product_name":"","cwp_rev_product_image":"","wppr_links":[],"cwp_rev_price":"","wppr_options":[],"wppr_pros":[],"wppr_cons":[],"_monsterinsights_skip_tracking":false,"_monsterinsights_sitenote_active":false,"_monsterinsights_sitenote_note":"","_monsterinsights_sitenote_category":0,"footnotes":""},"categories":[2892],"tags":[2916,14655,2992,14666,14656,14697,14756,2989,2985,2990,2984],"features":[],"class_list":{"0":"post-72781","1":"page","2":"type-page","3":"status-publish","4":"has-post-thumbnail","6":"category-gestionale-per-progetti-agile","7":"tag-gestionale-agile","8":"tag-gestionale-progetti-agile","9":"tag-piattaforma-gestionale-agile","10":"tag-piattaforma-gestionale-progetti-agile","11":"tag-programma-gestionale-agile","12":"tag-programmazione-gestionale-progetti-agile","13":"tag-shortcut","14":"tag-software-gestionale-agile","15":"tag-software-gestionale-progetti-agile","16":"tag-soluzione-gestionale-agile","17":"tag-soluzione-gestionale-progetti-agile"},"wppr_data":{"cwp_meta_box_check":"No"},"acf":[],"yoast_head":"<!-- This site is optimized with the Yoast SEO plugin v27.4 - https:\/\/yoast.com\/product\/yoast-seo-wordpress\/ -->\n<title>Shortcut: recensione software gestionale progetti agile - Accurate Reviews<\/title>\n<meta name=\"description\" content=\"Shortcut: recensione software di gestione progetti che supporta in modo collaborativo l&#039;intero ciclo di pianificazione, creazione e lancio.\" \/>\n<meta name=\"robots\" content=\"index, follow, max-snippet:-1, max-image-preview:large, max-video-preview:-1\" \/>\n<link rel=\"canonical\" href=\"https:\/\/www.accuratereviews.com\/it\/software-progetti-agile\/shortcut-recensione\/\" \/>\n<meta property=\"og:locale\" content=\"it_IT\" \/>\n<meta property=\"og:type\" content=\"article\" \/>\n<meta property=\"og:title\" content=\"Shortcut: recensione software gestionale progetti agile - Accurate Reviews\" \/>\n<meta property=\"og:description\" content=\"Shortcut: recensione software di gestione progetti che supporta in modo collaborativo l&#039;intero ciclo di pianificazione, creazione e lancio.\" \/>\n<meta property=\"og:url\" content=\"https:\/\/www.accuratereviews.com\/it\/software-progetti-agile\/shortcut-recensione\/\" \/>\n<meta property=\"og:site_name\" content=\"Accurate Reviews\" \/>\n<meta property=\"og:image\" content=\"https:\/\/www.accuratereviews.com\/wp-content\/uploads\/2023\/11\/Shortcut2.png\" \/>\n\t<meta property=\"og:image:width\" content=\"1200\" \/>\n\t<meta property=\"og:image:height\" content=\"1200\" \/>\n\t<meta property=\"og:image:type\" content=\"image\/png\" \/>\n<meta name=\"twitter:card\" content=\"summary_large_image\" \/>\n<meta name=\"twitter:label1\" content=\"Tempo di lettura stimato\" \/>\n\t<meta name=\"twitter:data1\" content=\"4 minuti\" \/>\n<script type=\"application\/ld+json\" class=\"yoast-schema-graph\">{\"@context\":\"https:\\\/\\\/schema.org\",\"@graph\":[{\"@type\":\"WebPage\",\"@id\":\"https:\\\/\\\/www.accuratereviews.com\\\/it\\\/software-progetti-agile\\\/shortcut-recensione\\\/\",\"url\":\"https:\\\/\\\/www.accuratereviews.com\\\/it\\\/software-progetti-agile\\\/shortcut-recensione\\\/\",\"name\":\"Shortcut: recensione software gestionale progetti agile - Accurate Reviews\",\"isPartOf\":{\"@id\":\"https:\\\/\\\/www.accuratereviews.com\\\/it\\\/#website\"},\"primaryImageOfPage\":{\"@id\":\"https:\\\/\\\/www.accuratereviews.com\\\/it\\\/software-progetti-agile\\\/shortcut-recensione\\\/#primaryimage\"},\"image\":{\"@id\":\"https:\\\/\\\/www.accuratereviews.com\\\/it\\\/software-progetti-agile\\\/shortcut-recensione\\\/#primaryimage\"},\"thumbnailUrl\":\"https:\\\/\\\/www.accuratereviews.com\\\/wp-content\\\/uploads\\\/2023\\\/11\\\/Shortcut2.png\",\"datePublished\":\"2023-11-09T13:44:28+00:00\",\"description\":\"Shortcut: recensione software di gestione progetti che supporta in modo collaborativo l'intero ciclo di pianificazione, creazione e lancio.\",\"breadcrumb\":{\"@id\":\"https:\\\/\\\/www.accuratereviews.com\\\/it\\\/software-progetti-agile\\\/shortcut-recensione\\\/#breadcrumb\"},\"inLanguage\":\"it-IT\",\"potentialAction\":[{\"@type\":\"ReadAction\",\"target\":[\"https:\\\/\\\/www.accuratereviews.com\\\/it\\\/software-progetti-agile\\\/shortcut-recensione\\\/\"]}]},{\"@type\":\"ImageObject\",\"inLanguage\":\"it-IT\",\"@id\":\"https:\\\/\\\/www.accuratereviews.com\\\/it\\\/software-progetti-agile\\\/shortcut-recensione\\\/#primaryimage\",\"url\":\"https:\\\/\\\/www.accuratereviews.com\\\/wp-content\\\/uploads\\\/2023\\\/11\\\/Shortcut2.png\",\"contentUrl\":\"https:\\\/\\\/www.accuratereviews.com\\\/wp-content\\\/uploads\\\/2023\\\/11\\\/Shortcut2.png\",\"width\":1200,\"height\":1200},{\"@type\":\"BreadcrumbList\",\"@id\":\"https:\\\/\\\/www.accuratereviews.com\\\/it\\\/software-progetti-agile\\\/shortcut-recensione\\\/#breadcrumb\",\"itemListElement\":[{\"@type\":\"ListItem\",\"position\":1,\"name\":\"Home\",\"item\":\"https:\\\/\\\/www.accuratereviews.com\\\/it\\\/\"},{\"@type\":\"ListItem\",\"position\":2,\"name\":\"Software progetti Agile\",\"item\":\"https:\\\/\\\/www.accuratereviews.com\\\/it\\\/software-progetti-agile\\\/\"},{\"@type\":\"ListItem\",\"position\":3,\"name\":\"Shortcut\"}]},{\"@type\":\"WebSite\",\"@id\":\"https:\\\/\\\/www.accuratereviews.com\\\/it\\\/#website\",\"url\":\"https:\\\/\\\/www.accuratereviews.com\\\/it\\\/\",\"name\":\"Accurate Reviews\",\"description\":\"\",\"potentialAction\":[{\"@type\":\"SearchAction\",\"target\":{\"@type\":\"EntryPoint\",\"urlTemplate\":\"https:\\\/\\\/www.accuratereviews.com\\\/it\\\/?s={search_term_string}\"},\"query-input\":{\"@type\":\"PropertyValueSpecification\",\"valueRequired\":true,\"valueName\":\"search_term_string\"}}],\"inLanguage\":\"it-IT\"}]}<\/script>\n<!-- \/ Yoast SEO plugin. -->","yoast_head_json":{"title":"Shortcut: recensione software gestionale progetti agile - Accurate Reviews","description":"Shortcut: recensione software di gestione progetti che supporta in modo collaborativo l'intero ciclo di pianificazione, creazione e lancio.","robots":{"index":"index","follow":"follow","max-snippet":"max-snippet:-1","max-image-preview":"max-image-preview:large","max-video-preview":"max-video-preview:-1"},"canonical":"https:\/\/www.accuratereviews.com\/it\/software-progetti-agile\/shortcut-recensione\/","og_locale":"it_IT","og_type":"article","og_title":"Shortcut: recensione software gestionale progetti agile - Accurate Reviews","og_description":"Shortcut: recensione software di gestione progetti che supporta in modo collaborativo l'intero ciclo di pianificazione, creazione e lancio.","og_url":"https:\/\/www.accuratereviews.com\/it\/software-progetti-agile\/shortcut-recensione\/","og_site_name":"Accurate Reviews","og_image":[{"width":1200,"height":1200,"url":"https:\/\/www.accuratereviews.com\/wp-content\/uploads\/2023\/11\/Shortcut2.png","type":"image\/png"}],"twitter_card":"summary_large_image","twitter_misc":{"Tempo di lettura stimato":"4 minuti"},"schema":{"@context":"https:\/\/schema.org","@graph":[{"@type":"WebPage","@id":"https:\/\/www.accuratereviews.com\/it\/software-progetti-agile\/shortcut-recensione\/","url":"https:\/\/www.accuratereviews.com\/it\/software-progetti-agile\/shortcut-recensione\/","name":"Shortcut: recensione software gestionale progetti agile - Accurate Reviews","isPartOf":{"@id":"https:\/\/www.accuratereviews.com\/it\/#website"},"primaryImageOfPage":{"@id":"https:\/\/www.accuratereviews.com\/it\/software-progetti-agile\/shortcut-recensione\/#primaryimage"},"image":{"@id":"https:\/\/www.accuratereviews.com\/it\/software-progetti-agile\/shortcut-recensione\/#primaryimage"},"thumbnailUrl":"https:\/\/www.accuratereviews.com\/wp-content\/uploads\/2023\/11\/Shortcut2.png","datePublished":"2023-11-09T13:44:28+00:00","description":"Shortcut: recensione software di gestione progetti che supporta in modo collaborativo l'intero ciclo di pianificazione, creazione e lancio.","breadcrumb":{"@id":"https:\/\/www.accuratereviews.com\/it\/software-progetti-agile\/shortcut-recensione\/#breadcrumb"},"inLanguage":"it-IT","potentialAction":[{"@type":"ReadAction","target":["https:\/\/www.accuratereviews.com\/it\/software-progetti-agile\/shortcut-recensione\/"]}]},{"@type":"ImageObject","inLanguage":"it-IT","@id":"https:\/\/www.accuratereviews.com\/it\/software-progetti-agile\/shortcut-recensione\/#primaryimage","url":"https:\/\/www.accuratereviews.com\/wp-content\/uploads\/2023\/11\/Shortcut2.png","contentUrl":"https:\/\/www.accuratereviews.com\/wp-content\/uploads\/2023\/11\/Shortcut2.png","width":1200,"height":1200},{"@type":"BreadcrumbList","@id":"https:\/\/www.accuratereviews.com\/it\/software-progetti-agile\/shortcut-recensione\/#breadcrumb","itemListElement":[{"@type":"ListItem","position":1,"name":"Home","item":"https:\/\/www.accuratereviews.com\/it\/"},{"@type":"ListItem","position":2,"name":"Software progetti Agile","item":"https:\/\/www.accuratereviews.com\/it\/software-progetti-agile\/"},{"@type":"ListItem","position":3,"name":"Shortcut"}]},{"@type":"WebSite","@id":"https:\/\/www.accuratereviews.com\/it\/#website","url":"https:\/\/www.accuratereviews.com\/it\/","name":"Accurate Reviews","description":"","potentialAction":[{"@type":"SearchAction","target":{"@type":"EntryPoint","urlTemplate":"https:\/\/www.accuratereviews.com\/it\/?s={search_term_string}"},"query-input":{"@type":"PropertyValueSpecification","valueRequired":true,"valueName":"search_term_string"}}],"inLanguage":"it-IT"}]}},"_links":{"self":[{"href":"https:\/\/www.accuratereviews.com\/it\/wp-json\/wp\/v2\/pages\/72781","targetHints":{"allow":["GET"]}}],"collection":[{"href":"https:\/\/www.accuratereviews.com\/it\/wp-json\/wp\/v2\/pages"}],"about":[{"href":"https:\/\/www.accuratereviews.com\/it\/wp-json\/wp\/v2\/types\/page"}],"author":[{"embeddable":true,"href":"https:\/\/www.accuratereviews.com\/it\/wp-json\/wp\/v2\/users\/19"}],"replies":[{"embeddable":true,"href":"https:\/\/www.accuratereviews.com\/it\/wp-json\/wp\/v2\/comments?post=72781"}],"version-history":[{"count":8,"href":"https:\/\/www.accuratereviews.com\/it\/wp-json\/wp\/v2\/pages\/72781\/revisions"}],"predecessor-version":[{"id":72799,"href":"https:\/\/www.accuratereviews.com\/it\/wp-json\/wp\/v2\/pages\/72781\/revisions\/72799"}],"up":[{"embeddable":true,"href":"https:\/\/www.accuratereviews.com\/it\/wp-json\/wp\/v2\/pages\/71820"}],"wp:featuredmedia":[{"embeddable":true,"href":"https:\/\/www.accuratereviews.com\/it\/wp-json\/wp\/v2\/media\/72787"}],"wp:attachment":[{"href":"https:\/\/www.accuratereviews.com\/it\/wp-json\/wp\/v2\/media?parent=72781"}],"wp:term":[{"taxonomy":"category","embeddable":true,"href":"https:\/\/www.accuratereviews.com\/it\/wp-json\/wp\/v2\/categories?post=72781"},{"taxonomy":"post_tag","embeddable":true,"href":"https:\/\/www.accuratereviews.com\/it\/wp-json\/wp\/v2\/tags?post=72781"},{"taxonomy":"features","embeddable":true,"href":"https:\/\/www.accuratereviews.com\/it\/wp-json\/wp\/v2\/features?post=72781"}],"curies":[{"name":"wp","href":"https:\/\/api.w.org\/{rel}","templated":true}]}}