{"id":72805,"date":"2023-11-10T12:53:38","date_gmt":"2023-11-10T12:53:38","guid":{"rendered":"https:\/\/www.accuratereviews.com\/?page_id=72805"},"modified":"2023-11-13T16:11:03","modified_gmt":"2023-11-13T16:11:03","slug":"doctolib-recensione","status":"publish","type":"page","link":"https:\/\/www.accuratereviews.com\/it\/gestionali-per-fisioterapia-lista\/doctolib-recensione\/","title":{"rendered":"Doctolib"},"content":{"rendered":"<p><strong>Doctolib<\/strong> \u00e8 uno<strong> strumento di pianificazione<\/strong> degli appuntamenti e di riferimento dei pazienti, basato sul <strong>cloud,<\/strong> che aiuta i medici o i fisioterapisti a gestire gli appuntamenti, indirizzare i pazienti ai colleghi, scambiare informazioni online e altro ancora. Semplifica la comunicazione con i pazienti con promemoria automatizzati degli appuntamenti e notifiche per informazioni come i risultati degli esami del sangue.<br \/>\nLa piattaforma fornisce l&#8217;accesso centrale a un calendario personalizzato, consentendo ai medici di controllare i propri appuntamenti e l&#8217;agenda a colpo d&#8217;occhio. Il calendario \u00e8 adattabile alle esigenze specifiche dello studio. Offre inoltre agli utenti un rapido accesso ai profili dei pazienti e alla corrispondenza dei colleghi. Gli utenti possono creare la propria agenda personalizzata mutando i propri orari e aggiungendo motivazioni per eventuali appuntamenti o consultazioni. Inoltre i medici possono verificare facilmente la loro disponibilit\u00e0 dal loro calendario.<\/p>\n<h2>DOCTOLIB &#8211; TUTORIAL<\/h2>\n<div id=\"fluid-wrapper-counter-1\" class=\"g1-fluid-wrapper \" style=\"width:686px;\">\n<div style=\"padding-bottom:56.268221574344%;\"><iframe loading=\"lazy\" title=\"Video Tutorial Doctolib - Come si crea un account\" width=\"686\" height=\"386\" src=\"https:\/\/www.youtube.com\/embed\/v3piss0yMb4?feature=oembed&amp;wmode=transparent&amp;autohide=1&amp;autoplay=0&amp;disablekb=0&amp;fs=1&amp;loop=0&amp;enablejsapi=1&amp;rel=0&amp;controls=2&amp;showinfo=0&amp;wmode=transparent&amp;autohide=2&amp;autoplay=0&amp;disablekb=0&amp;fs=1&amp;loop=0&amp;enablejsapi=1&amp;rel=0&amp;controls=2&amp;showinfo=1\" frameborder=\"0\" allow=\"accelerometer; autoplay; clipboard-write; encrypted-media; gyroscope; picture-in-picture; web-share\" allowfullscreen><\/iframe><\/div>\n<\/div>\n<h2>DOCTOLIB &#8211; CARATTERISTICHE<\/h2>\n<ul>\n<li><strong>Richieste Pazienti<\/strong>: ricevi le richieste dei tuoi pazienti in un canale unico e sicuro<\/li>\n<li><strong>Agenda medica online<\/strong>: gestisci le tue visite sul software pensato per studi medici<\/li>\n<li><strong>Sistema di prenotazione online<\/strong>: consenti la prenotazione online degli appuntamenti 24\/7<\/li>\n<li><strong>Strumenti statistici:<\/strong> segui l&#8217;attivit\u00e0 del tuo studio e ottimizza la tua organizzazione<\/li>\n<li><strong>Riduzione delle assenze ingiustificate<\/strong>: riduci fino a 2\/3 le assenze grazie agli strumenti del programma<\/li>\n<li><strong>Assistenza dalla A alla Z<\/strong>: scopri il miglior servizio d&#8217;assistenza per il tuo studio o la tua struttura<\/li>\n<li><strong>Strumenti per il coordinamento delle cure<\/strong>: indirizza o ricevi pazienti dai tuoi colleghi in un clic<\/li>\n<li><strong>Marketing della tua organizzazione<\/strong>: migliora la visibilit\u00e0 online del tuo studio e delle tue specializzazioni<\/li>\n<li><strong>Comunicazione con i pazienti:<\/strong> comunica in modo semplice e sicuro via sms ed email<\/li>\n<li><strong>Videoconsulto<\/strong>: gestisci visite di controllo e monitoraggio a distanza<\/li>\n<li><strong>Siilo<\/strong>: comunica tra professionisti del settore sanitario, gratuitamente ed in piena sicurezza.<\/li>\n<\/ul>\n<p><strong>LE RECENSIONI DEGLI UTENTI<\/strong><\/p>\n<p><strong>Elinah &#8220;molto pratico&#8221;<\/strong><br \/>\n<strong>Pro<\/strong>: l&#8217;utilizzo \u00e8 davvero molto semplice e molto pratico<br \/>\n<strong>Contro<\/strong>: non c&#8217;\u00e8 molto da dire perch\u00e9 \u00e8 molto pratico, tutti lo possono usare facilmente<\/p>\n<p><strong>Anne &#8220;Recensione molto positiva&#8221;<\/strong><br \/>\n<strong>Pro<\/strong>: Iniziare con il software \u00e8 molto semplice, consiglio ++<br \/>\n<strong>Contro<\/strong>: Non ho riscontrato particolari difficolt\u00e0, basta prendere il tempo per prendere confidenza con tutte le funzionalit\u00e0.<\/p>\n<p><strong>Matthieu &#8220;utente abituale&#8221;<\/strong><br \/>\n<strong>Commenti<\/strong>: Pratico e semplice, utilizzando lo strumento ogni volta che ho bisogno di un appuntamento medico.<br \/>\n<strong>Pro<\/strong>: Praticit\u00e0, facilit\u00e0 d&#8217;uso, velocit\u00e0 e grande numero di praticanti. Archiviazione online di prescrizioni e altri documenti a portata di mano.<br \/>\n<strong>Contro<\/strong>: Nessuna brutta esperienza dall&#8217;inizio del mio utilizzo.<\/p>\n","protected":false},"excerpt":{"rendered":"<p>Doctolib \u00e8 uno strumento di pianificazione degli appuntamenti e di riferimento dei pazienti, basato sul cloud, che aiuta i medici o i fisioterapisti a gestire gli appuntamenti, indirizzare i pazienti ai colleghi, scambiare informazioni online e altro ancora. Semplifica la comunicazione con i pazienti con promemoria automatizzati degli appuntamenti e notifiche per informazioni come i risultati degli esami del sangue.<\/p>\n","protected":false},"author":19,"featured_media":72806,"parent":27304,"menu_order":0,"comment_status":"open","ping_status":"closed","template":"g1_template_page_review_new.php","meta":{"_acf_changed":false,"cwp_meta_box_check":"Yes","cwp_rev_product_name":"","cwp_rev_product_image":"","wppr_links":[],"cwp_rev_price":"0.00","wppr_options":[{"name":"Usability","value":"0"},{"name":"Speed","value":"0"},{"name":"Features","value":"0"},{"name":"Support","value":"0"},{"name":"Pricing","value":"0"}],"wppr_pros":["","","","",""],"wppr_cons":["","","","",""],"_monsterinsights_skip_tracking":false,"_monsterinsights_sitenote_active":false,"_monsterinsights_sitenote_note":"","_monsterinsights_sitenote_category":0,"footnotes":""},"categories":[2993],"tags":[14758,14759,14761,14760,3512,3114],"features":[],"class_list":{"0":"post-72805","1":"page","2":"type-page","3":"status-publish","4":"has-post-thumbnail","6":"category-gestionale-per-fisioterapia-categoria","7":"tag-doctolib","8":"tag-gestionale-fisioterapia","9":"tag-piattaforma-gestionale-fisioterapia","10":"tag-programma-gestionale-fisioterapia","11":"tag-software-gestionale-fisioterapia","12":"tag-soluzione-gestionale-fisioterapia"},"wppr_data":{"cwp_meta_box_check":"Yes","_wppr_review_template":"default","cwp_rev_product_image":"","cwp_image_link":"image","wppr_links":[],"cwp_rev_price":"0.00","wppr_pros":["","","","",""],"wppr_cons":["","","","",""],"wppr_rating":"0.00","wppr_options":{"1":{"name":"Usability","value":"0"},"2":{"name":"Speed","value":"0"},"3":{"name":"Features","value":"0"},"4":{"name":"Support","value":"0"},"5":{"name":"Pricing","value":"0"}},"wppr_review_type":"Product","wppr_review_custom_fields":{"additionalProperty":"","additionalType":"","aggregateRating":"","alternateName":"","audience":"","award":"","awards":"","brand":"","color":"","depth":"","description":"","disambiguatingDescription":"","gtin12":"","gtin13":"","gtin14":"","gtin8":"","height":"","identifier":"","image":"","isAccessoryOrSparePartFor":"","isConsumableFor":"","isRelatedTo":"","isSimilarTo":"","itemCondition":"","logo":"","mainEntityOfPage":"","manufacturer":"","material":"","model":"","mpn":"","name":"","offers":"","potentialAction":"","productID":"","productionDate":"","purchaseDate":"","releaseDate":"","review":"","reviews":"","sameAs":"","sku":"","slogan":"","subjectOf":"","url":"","weight":"","width":""}},"acf":[],"yoast_head":"<!-- This site is optimized with the Yoast SEO plugin v27.4 - https:\/\/yoast.com\/product\/yoast-seo-wordpress\/ -->\n<title>Doctolib: recensione software gestionale fisioterapia - Accurate Reviews<\/title>\n<meta name=\"description\" content=\"Doctolib: recensione soluzione di pianificazione degli appuntamenti e di riferimento dei pazienti che aiuta nella gestione delle visite.\" \/>\n<meta name=\"robots\" content=\"index, follow, max-snippet:-1, max-image-preview:large, max-video-preview:-1\" \/>\n<link rel=\"canonical\" href=\"https:\/\/www.accuratereviews.com\/it\/gestionali-per-fisioterapia-lista\/doctolib-recensione\/\" \/>\n<meta property=\"og:locale\" content=\"it_IT\" \/>\n<meta property=\"og:type\" content=\"article\" \/>\n<meta property=\"og:title\" content=\"Doctolib: recensione software gestionale fisioterapia - Accurate Reviews\" \/>\n<meta property=\"og:description\" content=\"Doctolib: recensione soluzione di pianificazione degli appuntamenti e di riferimento dei pazienti che aiuta nella gestione delle visite.\" \/>\n<meta property=\"og:url\" content=\"https:\/\/www.accuratereviews.com\/it\/gestionali-per-fisioterapia-lista\/doctolib-recensione\/\" \/>\n<meta property=\"og:site_name\" content=\"Accurate Reviews\" \/>\n<meta property=\"article:modified_time\" content=\"2023-11-13T16:11:03+00:00\" \/>\n<meta property=\"og:image\" content=\"https:\/\/www.accuratereviews.com\/wp-content\/uploads\/2023\/11\/Doctolib.webp\" \/>\n\t<meta property=\"og:image:width\" content=\"560\" \/>\n\t<meta property=\"og:image:height\" content=\"412\" \/>\n\t<meta property=\"og:image:type\" content=\"image\/webp\" \/>\n<meta name=\"twitter:card\" content=\"summary_large_image\" \/>\n<meta name=\"twitter:label1\" content=\"Tempo di lettura stimato\" \/>\n\t<meta name=\"twitter:data1\" content=\"3 minuti\" \/>\n<script type=\"application\/ld+json\" class=\"yoast-schema-graph\">{\"@context\":\"https:\\\/\\\/schema.org\",\"@graph\":[{\"@type\":\"WebPage\",\"@id\":\"https:\\\/\\\/www.accuratereviews.com\\\/it\\\/gestionali-per-fisioterapia-lista\\\/doctolib-recensione\\\/\",\"url\":\"https:\\\/\\\/www.accuratereviews.com\\\/it\\\/gestionali-per-fisioterapia-lista\\\/doctolib-recensione\\\/\",\"name\":\"Doctolib: recensione software gestionale fisioterapia - Accurate Reviews\",\"isPartOf\":{\"@id\":\"https:\\\/\\\/www.accuratereviews.com\\\/it\\\/#website\"},\"primaryImageOfPage\":{\"@id\":\"https:\\\/\\\/www.accuratereviews.com\\\/it\\\/gestionali-per-fisioterapia-lista\\\/doctolib-recensione\\\/#primaryimage\"},\"image\":{\"@id\":\"https:\\\/\\\/www.accuratereviews.com\\\/it\\\/gestionali-per-fisioterapia-lista\\\/doctolib-recensione\\\/#primaryimage\"},\"thumbnailUrl\":\"https:\\\/\\\/www.accuratereviews.com\\\/wp-content\\\/uploads\\\/2023\\\/11\\\/Doctolib.webp\",\"datePublished\":\"2023-11-10T12:53:38+00:00\",\"dateModified\":\"2023-11-13T16:11:03+00:00\",\"description\":\"Doctolib: recensione soluzione di pianificazione degli appuntamenti e di riferimento dei pazienti che aiuta nella gestione delle visite.\",\"breadcrumb\":{\"@id\":\"https:\\\/\\\/www.accuratereviews.com\\\/it\\\/gestionali-per-fisioterapia-lista\\\/doctolib-recensione\\\/#breadcrumb\"},\"inLanguage\":\"it-IT\",\"potentialAction\":[{\"@type\":\"ReadAction\",\"target\":[\"https:\\\/\\\/www.accuratereviews.com\\\/it\\\/gestionali-per-fisioterapia-lista\\\/doctolib-recensione\\\/\"]}]},{\"@type\":\"ImageObject\",\"inLanguage\":\"it-IT\",\"@id\":\"https:\\\/\\\/www.accuratereviews.com\\\/it\\\/gestionali-per-fisioterapia-lista\\\/doctolib-recensione\\\/#primaryimage\",\"url\":\"https:\\\/\\\/www.accuratereviews.com\\\/wp-content\\\/uploads\\\/2023\\\/11\\\/Doctolib.webp\",\"contentUrl\":\"https:\\\/\\\/www.accuratereviews.com\\\/wp-content\\\/uploads\\\/2023\\\/11\\\/Doctolib.webp\",\"width\":560,\"height\":412},{\"@type\":\"BreadcrumbList\",\"@id\":\"https:\\\/\\\/www.accuratereviews.com\\\/it\\\/gestionali-per-fisioterapia-lista\\\/doctolib-recensione\\\/#breadcrumb\",\"itemListElement\":[{\"@type\":\"ListItem\",\"position\":1,\"name\":\"Home\",\"item\":\"https:\\\/\\\/www.accuratereviews.com\\\/it\\\/\"},{\"@type\":\"ListItem\",\"position\":2,\"name\":\"Gestionali per fisioterapia\",\"item\":\"https:\\\/\\\/www.accuratereviews.com\\\/it\\\/gestionali-per-fisioterapia-lista\\\/\"},{\"@type\":\"ListItem\",\"position\":3,\"name\":\"Doctolib\"}]},{\"@type\":\"WebSite\",\"@id\":\"https:\\\/\\\/www.accuratereviews.com\\\/it\\\/#website\",\"url\":\"https:\\\/\\\/www.accuratereviews.com\\\/it\\\/\",\"name\":\"Accurate Reviews\",\"description\":\"\",\"potentialAction\":[{\"@type\":\"SearchAction\",\"target\":{\"@type\":\"EntryPoint\",\"urlTemplate\":\"https:\\\/\\\/www.accuratereviews.com\\\/it\\\/?s={search_term_string}\"},\"query-input\":{\"@type\":\"PropertyValueSpecification\",\"valueRequired\":true,\"valueName\":\"search_term_string\"}}],\"inLanguage\":\"it-IT\"}]}<\/script>\n<!-- \/ Yoast SEO plugin. -->","yoast_head_json":{"title":"Doctolib: recensione software gestionale fisioterapia - Accurate Reviews","description":"Doctolib: recensione soluzione di pianificazione degli appuntamenti e di riferimento dei pazienti che aiuta nella gestione delle visite.","robots":{"index":"index","follow":"follow","max-snippet":"max-snippet:-1","max-image-preview":"max-image-preview:large","max-video-preview":"max-video-preview:-1"},"canonical":"https:\/\/www.accuratereviews.com\/it\/gestionali-per-fisioterapia-lista\/doctolib-recensione\/","og_locale":"it_IT","og_type":"article","og_title":"Doctolib: recensione software gestionale fisioterapia - Accurate Reviews","og_description":"Doctolib: recensione soluzione di pianificazione degli appuntamenti e di riferimento dei pazienti che aiuta nella gestione delle visite.","og_url":"https:\/\/www.accuratereviews.com\/it\/gestionali-per-fisioterapia-lista\/doctolib-recensione\/","og_site_name":"Accurate Reviews","article_modified_time":"2023-11-13T16:11:03+00:00","og_image":[{"width":560,"height":412,"url":"https:\/\/www.accuratereviews.com\/wp-content\/uploads\/2023\/11\/Doctolib.webp","type":"image\/webp"}],"twitter_card":"summary_large_image","twitter_misc":{"Tempo di lettura stimato":"3 minuti"},"schema":{"@context":"https:\/\/schema.org","@graph":[{"@type":"WebPage","@id":"https:\/\/www.accuratereviews.com\/it\/gestionali-per-fisioterapia-lista\/doctolib-recensione\/","url":"https:\/\/www.accuratereviews.com\/it\/gestionali-per-fisioterapia-lista\/doctolib-recensione\/","name":"Doctolib: recensione software gestionale fisioterapia - Accurate Reviews","isPartOf":{"@id":"https:\/\/www.accuratereviews.com\/it\/#website"},"primaryImageOfPage":{"@id":"https:\/\/www.accuratereviews.com\/it\/gestionali-per-fisioterapia-lista\/doctolib-recensione\/#primaryimage"},"image":{"@id":"https:\/\/www.accuratereviews.com\/it\/gestionali-per-fisioterapia-lista\/doctolib-recensione\/#primaryimage"},"thumbnailUrl":"https:\/\/www.accuratereviews.com\/wp-content\/uploads\/2023\/11\/Doctolib.webp","datePublished":"2023-11-10T12:53:38+00:00","dateModified":"2023-11-13T16:11:03+00:00","description":"Doctolib: recensione soluzione di pianificazione degli appuntamenti e di riferimento dei pazienti che aiuta nella gestione delle visite.","breadcrumb":{"@id":"https:\/\/www.accuratereviews.com\/it\/gestionali-per-fisioterapia-lista\/doctolib-recensione\/#breadcrumb"},"inLanguage":"it-IT","potentialAction":[{"@type":"ReadAction","target":["https:\/\/www.accuratereviews.com\/it\/gestionali-per-fisioterapia-lista\/doctolib-recensione\/"]}]},{"@type":"ImageObject","inLanguage":"it-IT","@id":"https:\/\/www.accuratereviews.com\/it\/gestionali-per-fisioterapia-lista\/doctolib-recensione\/#primaryimage","url":"https:\/\/www.accuratereviews.com\/wp-content\/uploads\/2023\/11\/Doctolib.webp","contentUrl":"https:\/\/www.accuratereviews.com\/wp-content\/uploads\/2023\/11\/Doctolib.webp","width":560,"height":412},{"@type":"BreadcrumbList","@id":"https:\/\/www.accuratereviews.com\/it\/gestionali-per-fisioterapia-lista\/doctolib-recensione\/#breadcrumb","itemListElement":[{"@type":"ListItem","position":1,"name":"Home","item":"https:\/\/www.accuratereviews.com\/it\/"},{"@type":"ListItem","position":2,"name":"Gestionali per fisioterapia","item":"https:\/\/www.accuratereviews.com\/it\/gestionali-per-fisioterapia-lista\/"},{"@type":"ListItem","position":3,"name":"Doctolib"}]},{"@type":"WebSite","@id":"https:\/\/www.accuratereviews.com\/it\/#website","url":"https:\/\/www.accuratereviews.com\/it\/","name":"Accurate Reviews","description":"","potentialAction":[{"@type":"SearchAction","target":{"@type":"EntryPoint","urlTemplate":"https:\/\/www.accuratereviews.com\/it\/?s={search_term_string}"},"query-input":{"@type":"PropertyValueSpecification","valueRequired":true,"valueName":"search_term_string"}}],"inLanguage":"it-IT"}]}},"_links":{"self":[{"href":"https:\/\/www.accuratereviews.com\/it\/wp-json\/wp\/v2\/pages\/72805","targetHints":{"allow":["GET"]}}],"collection":[{"href":"https:\/\/www.accuratereviews.com\/it\/wp-json\/wp\/v2\/pages"}],"about":[{"href":"https:\/\/www.accuratereviews.com\/it\/wp-json\/wp\/v2\/types\/page"}],"author":[{"embeddable":true,"href":"https:\/\/www.accuratereviews.com\/it\/wp-json\/wp\/v2\/users\/19"}],"replies":[{"embeddable":true,"href":"https:\/\/www.accuratereviews.com\/it\/wp-json\/wp\/v2\/comments?post=72805"}],"version-history":[{"count":12,"href":"https:\/\/www.accuratereviews.com\/it\/wp-json\/wp\/v2\/pages\/72805\/revisions"}],"predecessor-version":[{"id":72843,"href":"https:\/\/www.accuratereviews.com\/it\/wp-json\/wp\/v2\/pages\/72805\/revisions\/72843"}],"up":[{"embeddable":true,"href":"https:\/\/www.accuratereviews.com\/it\/wp-json\/wp\/v2\/pages\/27304"}],"wp:featuredmedia":[{"embeddable":true,"href":"https:\/\/www.accuratereviews.com\/it\/wp-json\/wp\/v2\/media\/72806"}],"wp:attachment":[{"href":"https:\/\/www.accuratereviews.com\/it\/wp-json\/wp\/v2\/media?parent=72805"}],"wp:term":[{"taxonomy":"category","embeddable":true,"href":"https:\/\/www.accuratereviews.com\/it\/wp-json\/wp\/v2\/categories?post=72805"},{"taxonomy":"post_tag","embeddable":true,"href":"https:\/\/www.accuratereviews.com\/it\/wp-json\/wp\/v2\/tags?post=72805"},{"taxonomy":"features","embeddable":true,"href":"https:\/\/www.accuratereviews.com\/it\/wp-json\/wp\/v2\/features?post=72805"}],"curies":[{"name":"wp","href":"https:\/\/api.w.org\/{rel}","templated":true}]}}