{"id":72830,"date":"2023-11-13T17:44:39","date_gmt":"2023-11-13T17:44:39","guid":{"rendered":"https:\/\/www.accuratereviews.com\/?page_id=72830"},"modified":"2023-11-13T17:44:39","modified_gmt":"2023-11-13T17:44:39","slug":"etherapydocs-recensione","status":"publish","type":"page","link":"https:\/\/www.accuratereviews.com\/it\/gestionali-per-fisioterapia-lista\/etherapydocs-recensione\/","title":{"rendered":"eTherapyDocs"},"content":{"rendered":"<p><strong>eTherapyDocs<\/strong>\u00a0\u00e8 un <strong>software gestionale per fisioterapia<\/strong> nel quale ogni parte dell&#8217;interfaccia utente \u00e8 stata creata per aiutare ad automatizzare le pratiche che cercano di aumentare l&#8217;efficienza senza il costoso onere dei sistemi di gestione delle pratiche del mercato di massa. Le sue funzionalit\u00e0 includono fatturazione, note sul trattamento, documentazione del paziente e calendario. Lo strumento delle note sul trattamento aiuta l&#8217;utente a fornire accesso in tempo reale alle cartelle cliniche dei pazienti e a condividerle con contribuenti e famiglie di terze parti. La funzionalit\u00e0 di documentazione del paziente aiuta a caricare e tenere traccia delle cartelle cliniche dei pazienti, dei dettagli relativi alla sessione e del monitoraggio delle date di scadenza delle prescrizioni automatizzando le attivit\u00e0 e preparando i documenti per la stessa. Il calendario, invece, aiuta a pianificare le attivit\u00e0 registrando le sessioni di trattamento, mantenendo la presenza dei pazienti e inviando avvisi sms ed email sugli appuntamenti giornalieri e settimanali.<\/p>\n<h2>ETHERAPYDOCS &#8211; TUTORIAL<\/h2>\n<div id=\"fluid-wrapper-counter-1\" class=\"g1-fluid-wrapper \" style=\"width:686px;\">\n<div style=\"padding-bottom:56.268221574344%;\"><iframe loading=\"lazy\" title=\"eTherapyDocs Slient Video\" width=\"686\" height=\"386\" src=\"https:\/\/www.youtube.com\/embed\/ucsvQ0AC4GU?feature=oembed&amp;wmode=transparent&amp;autohide=1&amp;autoplay=0&amp;disablekb=0&amp;fs=1&amp;loop=0&amp;enablejsapi=1&amp;rel=0&amp;controls=2&amp;showinfo=0&amp;wmode=transparent&amp;autohide=2&amp;autoplay=0&amp;disablekb=0&amp;fs=1&amp;loop=0&amp;enablejsapi=1&amp;rel=0&amp;controls=2&amp;showinfo=1\" frameborder=\"0\" allow=\"accelerometer; autoplay; clipboard-write; encrypted-media; gyroscope; picture-in-picture; web-share\" allowfullscreen><\/iframe><\/div>\n<\/div>\n<h3>ETHERAPYDOCS &#8211; CARATTERISTICHE<\/h3>\n<ul>\n<li><strong>Inserimento nota elettronica:<\/strong> il software semplifica la documentazione dei trattamenti. L&#8217;interfaccia consente una narrazione dettagliata del trattamento, supporta la dettatura vocale e gli obiettivi del paziente possono essere facilmente visualizzati, aggiornati e inclusi nelle note del trattamento. Supporta tutte le procedure di elaborazione testi richieste dalla tua attivit\u00e0, tra cui grassetto, sottolineato, copia e incolla, controllo ortografico e molto altro.<\/li>\n<li><strong>Fatturazione:<\/strong> seleziona le note del trattamento, inserisci i pagamenti dei pazienti, crea fatture paziente e genera rapidamente file EDI per i centri di compensazione. Oppure genera il tuo 837P e caricalo sul tuo sistema online preferito.<\/li>\n<li><strong>Avvisi significativi<\/strong>: assicurati che tutte le note sul trattamento siano completate e firmate. Una volta che il terapista accede al programma, la dashboard di accesso fornisce feedback all&#8217;utente avvisandolo di situazioni in cui le note sul trattamento non sono state completate, ci sono note con co-firme in sospeso e se ci sono documenti del paziente in scadenza che richiedono attenzione. Gli amministratori dispongono degli stessi avvisi visibili a tutti i terapisti e ai pazienti dello studio.<\/li>\n<li><strong>Calendario degli appuntamenti unico<\/strong>: offre un&#8217;indicazione visiva per gli appuntamenti programmati privi delle note sul trattamento. Ci\u00f2 consente ai terapisti di assicurarsi di tenere il passo con la scrittura delle note sul trattamento e di creare facilmente note semplicemente facendo clic su un appuntamento sul calendario. Gli amministratori possono visualizzare visivamente le note sul trattamento mancanti per facilitare il completamento di tali note in modo che possano essere fatturate.<\/li>\n<li><strong>Sms e promemoria per il paziente<\/strong>: il programma fornisce promemoria illimitati di appuntamenti per ricordare la data e l&#8217;orario di in imminente appuntamente e supporta i promemoria sia in inglese che in spagnolo.<\/li>\n<li><strong>Posta sicura<\/strong>: fornisce un uso illimitato del sistema di posta integrato conforme a HIPAA. Questo sistema di posta consente di inviare tramite posta elettronica i documenti del paziente a pazienti, operatori sanitari e medici.<\/li>\n<\/ul>\n<h4>LE RECENSIONI DEGLI UTENTI<\/h4>\n<p><strong>Sarah &#8220;Soluzione basata sul buon senso&#8221;<\/strong><br \/>\n<strong>Commenti<\/strong>: Adoriamo assolutamente eTherapyDocs! Non abbiamo utilizzato la funzione di fatturazione, quindi non posso parlarne.<br \/>\n<strong>Pro<\/strong>: Ci piace poter fare clic su un appuntamento direttamente dal calendario per completare la documentazione. Ci piace anche che il colore dell&#8217;appuntamento cambi una volta completata la documentazione. Abbiamo ricevuto un supporto meraviglioso. \u00c8 stato molto reattivo ogni volta che abbiamo contattato per una domanda o un dubbio. Ha anche aggiunto alcune piccole modifiche in modo da poter realizzare ci\u00f2 di cui avevamo bisogno.<br \/>\n<strong>Contro<\/strong>: Alcune delle funzionalit\u00e0 di reporting non sono molto avanzate, quindi se questa \u00e8 una priorit\u00e0 per te, potrebbe non essere la soluzione giusta.<\/p>\n<p><strong>Holly &#8220;Facile, efficiente, eco-sensibile&#8221;<\/strong><br \/>\n<strong>Pro<\/strong>: eTherapyDocs \u00e8 facile da usare e aumenta l&#8217;efficienza delle note quotidiane. Le statistiche vengono generate semplicemente. Tutte le informazioni del cliente sono in un unico posto a cui \u00e8 semplice accedere quando si \u00e8 fuori ufficio. Le banconote elettroniche implicano meno utilizzo di carta\/inchiostro, quindi sono eco-banconote!<br \/>\n<strong>Contro<\/strong>: Ci vuole un po&#8217; di tempo per inserire inizialmente le informazioni dei clienti nel sistema, ma ci\u00f2 avverrebbe con qualsiasi sistema, compreso quello cartaceo.<\/p>\n<p><strong>Marissa &#8220;Ottimo strumento!&#8221;<\/strong><br \/>\n<strong>Commenti<\/strong>: Penso che sia uno strumento eccellente. Mi piace il fatto che alla fine dell&#8217;anno scolastico ho avuto accesso a tutti i miei documenti terapeutici che potevo scaricare e stampare per un facile utilizzo.<br \/>\n<strong>Pro<\/strong>: Penso che sia stato facile accedervi e utilizzarlo. Abbastanza semplice da spostare nel sistema. Mi piace avere tutte le informazioni in un unico posto e poter inviare un&#8217;e-mail direttamente ai genitori.<br \/>\n<strong>Contro<\/strong>: Dover utilizzare cos\u00ec tante caselle a discesa per inserire i dati di uno studente. A volte \u00e8 difficile spostarsi se non hai familiarit\u00e0 con alcune schede.<\/p>\n","protected":false},"excerpt":{"rendered":"<p>eTherapyDocs \u00e8 un software gestionale per fisioterapia nel quale ogni parte dell&#8217;interfaccia utente \u00e8 stata creata per aiutare ad automatizzare le pratiche che cercano di aumentare l&#8217;efficienza senza il costoso onere dei sistemi di gestione delle pratiche del mercato di massa. Le sue funzionalit\u00e0 includono fatturazione, note sul trattamento, documentazione del paziente e calendario.<\/p>\n","protected":false},"author":19,"featured_media":72835,"parent":27304,"menu_order":0,"comment_status":"open","ping_status":"closed","template":"g1_template_page_review_new.php","meta":{"_acf_changed":false,"cwp_meta_box_check":"No","cwp_rev_product_name":"","cwp_rev_product_image":"","wppr_links":[],"cwp_rev_price":"","wppr_options":[],"wppr_pros":[],"wppr_cons":[],"_monsterinsights_skip_tracking":false,"_monsterinsights_sitenote_active":false,"_monsterinsights_sitenote_note":"","_monsterinsights_sitenote_category":0,"footnotes":""},"categories":[2993],"tags":[14762,14759,14761,14760,3512,3114],"features":[],"class_list":{"0":"post-72830","1":"page","2":"type-page","3":"status-publish","4":"has-post-thumbnail","6":"category-gestionale-per-fisioterapia-categoria","7":"tag-etherapydocs","8":"tag-gestionale-fisioterapia","9":"tag-piattaforma-gestionale-fisioterapia","10":"tag-programma-gestionale-fisioterapia","11":"tag-software-gestionale-fisioterapia","12":"tag-soluzione-gestionale-fisioterapia"},"wppr_data":{"cwp_meta_box_check":"No"},"acf":[],"yoast_head":"<!-- This site is optimized with the Yoast SEO plugin v27.4 - https:\/\/yoast.com\/product\/yoast-seo-wordpress\/ -->\n<title>eTherapyDocs: recensione software gestionale fisioterapia - Accurate Reviews<\/title>\n<meta name=\"description\" content=\"eTherapyDocs: recensione del software gestionale per fisioterapia sviluppato per aiutare a gestire i pazienti.\" \/>\n<meta name=\"robots\" content=\"index, follow, max-snippet:-1, max-image-preview:large, max-video-preview:-1\" \/>\n<link rel=\"canonical\" href=\"https:\/\/www.accuratereviews.com\/it\/gestionali-per-fisioterapia-lista\/etherapydocs-recensione\/\" \/>\n<meta property=\"og:locale\" content=\"it_IT\" \/>\n<meta property=\"og:type\" content=\"article\" \/>\n<meta property=\"og:title\" content=\"eTherapyDocs: recensione software gestionale fisioterapia - Accurate Reviews\" \/>\n<meta property=\"og:description\" content=\"eTherapyDocs: recensione del software gestionale per fisioterapia sviluppato per aiutare a gestire i pazienti.\" \/>\n<meta property=\"og:url\" content=\"https:\/\/www.accuratereviews.com\/it\/gestionali-per-fisioterapia-lista\/etherapydocs-recensione\/\" \/>\n<meta property=\"og:site_name\" content=\"Accurate Reviews\" \/>\n<meta property=\"og:image\" content=\"https:\/\/www.accuratereviews.com\/wp-content\/uploads\/2023\/11\/eTherapyDocs.jpeg\" \/>\n\t<meta property=\"og:image:width\" content=\"280\" \/>\n\t<meta property=\"og:image:height\" content=\"280\" \/>\n\t<meta property=\"og:image:type\" content=\"image\/jpeg\" \/>\n<meta name=\"twitter:card\" content=\"summary_large_image\" \/>\n<meta name=\"twitter:label1\" content=\"Tempo di lettura stimato\" \/>\n\t<meta name=\"twitter:data1\" content=\"5 minuti\" \/>\n<script type=\"application\/ld+json\" class=\"yoast-schema-graph\">{\"@context\":\"https:\\\/\\\/schema.org\",\"@graph\":[{\"@type\":\"WebPage\",\"@id\":\"https:\\\/\\\/www.accuratereviews.com\\\/it\\\/gestionali-per-fisioterapia-lista\\\/etherapydocs-recensione\\\/\",\"url\":\"https:\\\/\\\/www.accuratereviews.com\\\/it\\\/gestionali-per-fisioterapia-lista\\\/etherapydocs-recensione\\\/\",\"name\":\"eTherapyDocs: recensione software gestionale fisioterapia - Accurate Reviews\",\"isPartOf\":{\"@id\":\"https:\\\/\\\/www.accuratereviews.com\\\/it\\\/#website\"},\"primaryImageOfPage\":{\"@id\":\"https:\\\/\\\/www.accuratereviews.com\\\/it\\\/gestionali-per-fisioterapia-lista\\\/etherapydocs-recensione\\\/#primaryimage\"},\"image\":{\"@id\":\"https:\\\/\\\/www.accuratereviews.com\\\/it\\\/gestionali-per-fisioterapia-lista\\\/etherapydocs-recensione\\\/#primaryimage\"},\"thumbnailUrl\":\"https:\\\/\\\/www.accuratereviews.com\\\/wp-content\\\/uploads\\\/2023\\\/11\\\/eTherapyDocs.jpeg\",\"datePublished\":\"2023-11-13T17:44:39+00:00\",\"description\":\"eTherapyDocs: recensione del software gestionale per fisioterapia sviluppato per aiutare a gestire i pazienti.\",\"breadcrumb\":{\"@id\":\"https:\\\/\\\/www.accuratereviews.com\\\/it\\\/gestionali-per-fisioterapia-lista\\\/etherapydocs-recensione\\\/#breadcrumb\"},\"inLanguage\":\"it-IT\",\"potentialAction\":[{\"@type\":\"ReadAction\",\"target\":[\"https:\\\/\\\/www.accuratereviews.com\\\/it\\\/gestionali-per-fisioterapia-lista\\\/etherapydocs-recensione\\\/\"]}]},{\"@type\":\"ImageObject\",\"inLanguage\":\"it-IT\",\"@id\":\"https:\\\/\\\/www.accuratereviews.com\\\/it\\\/gestionali-per-fisioterapia-lista\\\/etherapydocs-recensione\\\/#primaryimage\",\"url\":\"https:\\\/\\\/www.accuratereviews.com\\\/wp-content\\\/uploads\\\/2023\\\/11\\\/eTherapyDocs.jpeg\",\"contentUrl\":\"https:\\\/\\\/www.accuratereviews.com\\\/wp-content\\\/uploads\\\/2023\\\/11\\\/eTherapyDocs.jpeg\",\"width\":280,\"height\":280},{\"@type\":\"BreadcrumbList\",\"@id\":\"https:\\\/\\\/www.accuratereviews.com\\\/it\\\/gestionali-per-fisioterapia-lista\\\/etherapydocs-recensione\\\/#breadcrumb\",\"itemListElement\":[{\"@type\":\"ListItem\",\"position\":1,\"name\":\"Home\",\"item\":\"https:\\\/\\\/www.accuratereviews.com\\\/it\\\/\"},{\"@type\":\"ListItem\",\"position\":2,\"name\":\"Gestionali per fisioterapia\",\"item\":\"https:\\\/\\\/www.accuratereviews.com\\\/it\\\/gestionali-per-fisioterapia-lista\\\/\"},{\"@type\":\"ListItem\",\"position\":3,\"name\":\"eTherapyDocs\"}]},{\"@type\":\"WebSite\",\"@id\":\"https:\\\/\\\/www.accuratereviews.com\\\/it\\\/#website\",\"url\":\"https:\\\/\\\/www.accuratereviews.com\\\/it\\\/\",\"name\":\"Accurate Reviews\",\"description\":\"\",\"potentialAction\":[{\"@type\":\"SearchAction\",\"target\":{\"@type\":\"EntryPoint\",\"urlTemplate\":\"https:\\\/\\\/www.accuratereviews.com\\\/it\\\/?s={search_term_string}\"},\"query-input\":{\"@type\":\"PropertyValueSpecification\",\"valueRequired\":true,\"valueName\":\"search_term_string\"}}],\"inLanguage\":\"it-IT\"}]}<\/script>\n<!-- \/ Yoast SEO plugin. -->","yoast_head_json":{"title":"eTherapyDocs: recensione software gestionale fisioterapia - Accurate Reviews","description":"eTherapyDocs: recensione del software gestionale per fisioterapia sviluppato per aiutare a gestire i pazienti.","robots":{"index":"index","follow":"follow","max-snippet":"max-snippet:-1","max-image-preview":"max-image-preview:large","max-video-preview":"max-video-preview:-1"},"canonical":"https:\/\/www.accuratereviews.com\/it\/gestionali-per-fisioterapia-lista\/etherapydocs-recensione\/","og_locale":"it_IT","og_type":"article","og_title":"eTherapyDocs: recensione software gestionale fisioterapia - Accurate Reviews","og_description":"eTherapyDocs: recensione del software gestionale per fisioterapia sviluppato per aiutare a gestire i pazienti.","og_url":"https:\/\/www.accuratereviews.com\/it\/gestionali-per-fisioterapia-lista\/etherapydocs-recensione\/","og_site_name":"Accurate Reviews","og_image":[{"width":280,"height":280,"url":"https:\/\/www.accuratereviews.com\/wp-content\/uploads\/2023\/11\/eTherapyDocs.jpeg","type":"image\/jpeg"}],"twitter_card":"summary_large_image","twitter_misc":{"Tempo di lettura stimato":"5 minuti"},"schema":{"@context":"https:\/\/schema.org","@graph":[{"@type":"WebPage","@id":"https:\/\/www.accuratereviews.com\/it\/gestionali-per-fisioterapia-lista\/etherapydocs-recensione\/","url":"https:\/\/www.accuratereviews.com\/it\/gestionali-per-fisioterapia-lista\/etherapydocs-recensione\/","name":"eTherapyDocs: recensione software gestionale fisioterapia - Accurate Reviews","isPartOf":{"@id":"https:\/\/www.accuratereviews.com\/it\/#website"},"primaryImageOfPage":{"@id":"https:\/\/www.accuratereviews.com\/it\/gestionali-per-fisioterapia-lista\/etherapydocs-recensione\/#primaryimage"},"image":{"@id":"https:\/\/www.accuratereviews.com\/it\/gestionali-per-fisioterapia-lista\/etherapydocs-recensione\/#primaryimage"},"thumbnailUrl":"https:\/\/www.accuratereviews.com\/wp-content\/uploads\/2023\/11\/eTherapyDocs.jpeg","datePublished":"2023-11-13T17:44:39+00:00","description":"eTherapyDocs: recensione del software gestionale per fisioterapia sviluppato per aiutare a gestire i pazienti.","breadcrumb":{"@id":"https:\/\/www.accuratereviews.com\/it\/gestionali-per-fisioterapia-lista\/etherapydocs-recensione\/#breadcrumb"},"inLanguage":"it-IT","potentialAction":[{"@type":"ReadAction","target":["https:\/\/www.accuratereviews.com\/it\/gestionali-per-fisioterapia-lista\/etherapydocs-recensione\/"]}]},{"@type":"ImageObject","inLanguage":"it-IT","@id":"https:\/\/www.accuratereviews.com\/it\/gestionali-per-fisioterapia-lista\/etherapydocs-recensione\/#primaryimage","url":"https:\/\/www.accuratereviews.com\/wp-content\/uploads\/2023\/11\/eTherapyDocs.jpeg","contentUrl":"https:\/\/www.accuratereviews.com\/wp-content\/uploads\/2023\/11\/eTherapyDocs.jpeg","width":280,"height":280},{"@type":"BreadcrumbList","@id":"https:\/\/www.accuratereviews.com\/it\/gestionali-per-fisioterapia-lista\/etherapydocs-recensione\/#breadcrumb","itemListElement":[{"@type":"ListItem","position":1,"name":"Home","item":"https:\/\/www.accuratereviews.com\/it\/"},{"@type":"ListItem","position":2,"name":"Gestionali per fisioterapia","item":"https:\/\/www.accuratereviews.com\/it\/gestionali-per-fisioterapia-lista\/"},{"@type":"ListItem","position":3,"name":"eTherapyDocs"}]},{"@type":"WebSite","@id":"https:\/\/www.accuratereviews.com\/it\/#website","url":"https:\/\/www.accuratereviews.com\/it\/","name":"Accurate Reviews","description":"","potentialAction":[{"@type":"SearchAction","target":{"@type":"EntryPoint","urlTemplate":"https:\/\/www.accuratereviews.com\/it\/?s={search_term_string}"},"query-input":{"@type":"PropertyValueSpecification","valueRequired":true,"valueName":"search_term_string"}}],"inLanguage":"it-IT"}]}},"_links":{"self":[{"href":"https:\/\/www.accuratereviews.com\/it\/wp-json\/wp\/v2\/pages\/72830","targetHints":{"allow":["GET"]}}],"collection":[{"href":"https:\/\/www.accuratereviews.com\/it\/wp-json\/wp\/v2\/pages"}],"about":[{"href":"https:\/\/www.accuratereviews.com\/it\/wp-json\/wp\/v2\/types\/page"}],"author":[{"embeddable":true,"href":"https:\/\/www.accuratereviews.com\/it\/wp-json\/wp\/v2\/users\/19"}],"replies":[{"embeddable":true,"href":"https:\/\/www.accuratereviews.com\/it\/wp-json\/wp\/v2\/comments?post=72830"}],"version-history":[{"count":6,"href":"https:\/\/www.accuratereviews.com\/it\/wp-json\/wp\/v2\/pages\/72830\/revisions"}],"predecessor-version":[{"id":72845,"href":"https:\/\/www.accuratereviews.com\/it\/wp-json\/wp\/v2\/pages\/72830\/revisions\/72845"}],"up":[{"embeddable":true,"href":"https:\/\/www.accuratereviews.com\/it\/wp-json\/wp\/v2\/pages\/27304"}],"wp:featuredmedia":[{"embeddable":true,"href":"https:\/\/www.accuratereviews.com\/it\/wp-json\/wp\/v2\/media\/72835"}],"wp:attachment":[{"href":"https:\/\/www.accuratereviews.com\/it\/wp-json\/wp\/v2\/media?parent=72830"}],"wp:term":[{"taxonomy":"category","embeddable":true,"href":"https:\/\/www.accuratereviews.com\/it\/wp-json\/wp\/v2\/categories?post=72830"},{"taxonomy":"post_tag","embeddable":true,"href":"https:\/\/www.accuratereviews.com\/it\/wp-json\/wp\/v2\/tags?post=72830"},{"taxonomy":"features","embeddable":true,"href":"https:\/\/www.accuratereviews.com\/it\/wp-json\/wp\/v2\/features?post=72830"}],"curies":[{"name":"wp","href":"https:\/\/api.w.org\/{rel}","templated":true}]}}