{"id":72847,"date":"2023-11-14T13:55:10","date_gmt":"2023-11-14T13:55:10","guid":{"rendered":"https:\/\/www.accuratereviews.com\/?page_id=72847"},"modified":"2023-11-15T13:00:45","modified_gmt":"2023-11-15T13:00:45","slug":"a2c-medical-recensione","status":"publish","type":"page","link":"https:\/\/www.accuratereviews.com\/it\/gestionali-per-fisioterapia-lista\/a2c-medical-recensione\/","title":{"rendered":"A2C Medical"},"content":{"rendered":"<p><strong>A2C Medical<\/strong> fornisce uno strumento di pianificazione, fatturazione, documentazione e reporting completamente integrato progettato per la<strong> terapia ambulatoriale<\/strong>. Sistema completo di cartella clinica elettronica (EMR) per pratiche di terapia fisica, occupazionale e logopedica.<br \/>\nQuesto controller clinico SAAS, basato su <strong>cloud<\/strong>, \u00e8 compatibile con dispositivi basati sul Web, Windows e Linux. Un portale per i pazienti \u00e8 una funzionalit\u00e0 opzionale che consente ai pazienti di compilare documenti online, nonch\u00e9 di pianificare appuntamenti, effettuare pagamenti, visualizzare cartelle cliniche e chattare con il personale clinico.<\/p>\n<h2><a href=\"https:\/\/www.accuratereviews.com\/wp-content\/uploads\/2023\/11\/Screenshot-2023-11-14-alle-11.44.55.png\"><img loading=\"lazy\" decoding=\"async\" class=\"aligncenter wp-image-72853 size-large\" src=\"https:\/\/www.accuratereviews.com\/wp-content\/uploads\/2023\/11\/Screenshot-2023-11-14-alle-11.44.55-1024x581.png\" alt=\"\" width=\"686\" height=\"389\" srcset=\"https:\/\/www.accuratereviews.com\/wp-content\/uploads\/2023\/11\/Screenshot-2023-11-14-alle-11.44.55-1024x581.png 1024w, https:\/\/www.accuratereviews.com\/wp-content\/uploads\/2023\/11\/Screenshot-2023-11-14-alle-11.44.55-300x170.png 300w, https:\/\/www.accuratereviews.com\/wp-content\/uploads\/2023\/11\/Screenshot-2023-11-14-alle-11.44.55-768x436.png 768w, https:\/\/www.accuratereviews.com\/wp-content\/uploads\/2023\/11\/Screenshot-2023-11-14-alle-11.44.55-50x28.png 50w, https:\/\/www.accuratereviews.com\/wp-content\/uploads\/2023\/11\/Screenshot-2023-11-14-alle-11.44.55-220x125.png 220w, https:\/\/www.accuratereviews.com\/wp-content\/uploads\/2023\/11\/Screenshot-2023-11-14-alle-11.44.55-968x550.png 968w, https:\/\/www.accuratereviews.com\/wp-content\/uploads\/2023\/11\/Screenshot-2023-11-14-alle-11.44.55-636x361.png 636w, https:\/\/www.accuratereviews.com\/wp-content\/uploads\/2023\/11\/Screenshot-2023-11-14-alle-11.44.55-320x182.png 320w, https:\/\/www.accuratereviews.com\/wp-content\/uploads\/2023\/11\/Screenshot-2023-11-14-alle-11.44.55-239x136.png 239w, https:\/\/www.accuratereviews.com\/wp-content\/uploads\/2023\/11\/Screenshot-2023-11-14-alle-11.44.55.png 1226w\" sizes=\"auto, (max-width: 686px) 100vw, 686px\" \/><\/a><\/h2>\n<h2><strong>A2C MEDICAL &#8211; CARATTERISTICHE<\/strong><\/h2>\n<ul>\n<li><strong>Portale di pianificazione\/paziente<\/strong>: crea diverse visualizzazioni della pianificazione e inserisci le informazioni direttamente nella documentazione e nella fatturazione, consentendoti di vedere i tuoi dati nel modo in cui ti servono per l&#8217;attivit\u00e0 da svolgere.<\/li>\n<li><strong>Fatturazione e reclami<\/strong>: massimizza le entrate e garantisci un flusso di cassa accurato attraverso la tua clinica con la nostra struttura di registrazione dei pagamenti. Elabora richieste di indennizzi assicurativi puliti in modo rapido ed efficace.<\/li>\n<li><strong>Documentazione<\/strong>: personalizza il software con le tue informazioni e crea documenti di prima classe da condividere con altri fornitori. Archiviare e organizzare i file insieme alle informazioni sui pazienti per un facile accesso da parte del personale dell&#8217;ufficio.<\/li>\n<li><strong>Segnalazione:<\/strong> offre report personalizzati che ti danno accesso al riepilogo corretto dei dati per prendere ogni volta la decisione migliore per la tua azienda.<\/li>\n<li><strong>Gestione del ciclo dei ricavi:<\/strong> allevia lo stress legato alla fatturazione con gli specialisti di fatturazione dedicati che utilizzano un approccio completo per verificare l&#8217;invio di reclami, il follow-up del rifiuto e altro ancora.<\/li>\n<li><strong>Integrazioni:<\/strong> scopri di pi\u00f9 sui nostri partner di fiducia e sui programmi che offrono per integrare il piano di cura del tuo paziente, comprese routine di esercizi, valutazioni e condivisione dei dati.<\/li>\n<li><strong>Sicurezza e conformit\u00e0:<\/strong> proteggi le informazioni mediche private con il server e il data center conformi a HIPAA continuamente monitorati.<\/li>\n<\/ul>\n<h3>LE RECENSIONI DEGLI UTENTI<\/h3>\n<p><strong>Beth &#8220;Gestione efficace della clinica&#8221;<\/strong><br \/>\n<strong>Commenti<\/strong>: Clinic Controller ci consente di pianificare e documentare con facilit\u00e0, senza carta ed efficiente. Le funzionalit\u00e0 di reporting ci consentono di gestire non solo il lato clinico, ma anche il lato commerciale della pratica.<br \/>\n<strong>Pro<\/strong>: Questo EMR ha molteplici report predefiniti, ma \u00e8 facile personalizzarli se hai bisogno di qualcosa che non \u00e8 gi\u00e0 in offerta.<br \/>\n<strong>Contro<\/strong>: Imparare ad usarlo non \u00e8 intuitivo, ma non \u00e8 nemmeno difficile.<\/p>\n<p><strong>Andrew &#8220;A2C Recensione&#8221;<\/strong><br \/>\n<strong>Commenti<\/strong>: Mi fa piacere. Funziona facilmente e siamo in grado di raggiungere i nostri obiettivi utilizzandolo.<br \/>\n<strong>Pro<\/strong>: Adoro l&#8217;accesso rapido e semplice al software. Posso cambiare e aggiornare cos\u00ec rapidamente gli orari dei pazienti e dei terapisti.<br \/>\n<strong>Contro<\/strong>: Sento che mancano capacit\u00e0 esterne come i messaggi di testo.<\/p>\n<p><strong>Tami &#8220;Software facile da usare&#8221;<\/strong><br \/>\n<strong>Commenti<\/strong>: La mia esperienza complessiva con Clinic Controller \u00e8 stata fantastica. Ogni volta che \u00e8 necessario personalizzarlo o apportare modifiche per soddisfare le esigenze aziendali, A2C pu\u00f2 sempre realizzarlo.<br \/>\n<strong>Pro<\/strong>: Ho conosciuto questo software pi\u00f9 di 9 anni fa, \u00e8 molto facile da imparare e da spostare all&#8217;interno del programma. Se ho bisogno di informazioni specifiche su un individuo o di informazioni su pi\u00f9 pazienti, posso trovarle facilmente.<br \/>\n<strong>Contro<\/strong>: Non ho alcun contro in questo momento. Il software \u00e8 facile da usare.<\/p>\n","protected":false},"excerpt":{"rendered":"<p>A2C Medical fornisce uno strumento di pianificazione, fatturazione, documentazione e reporting completamente integrato progettato per la terapia ambulatoriale. Sistema completo di cartella clinica elettronica (EMR) per pratiche di terapia fisica, occupazionale e logopedica.<\/p>\n","protected":false},"author":19,"featured_media":72848,"parent":27304,"menu_order":0,"comment_status":"open","ping_status":"closed","template":"g1_template_page_review_new.php","meta":{"_acf_changed":false,"cwp_meta_box_check":"Yes","cwp_rev_product_name":"","cwp_rev_product_image":"","wppr_links":[],"cwp_rev_price":"0.00","wppr_options":[{"name":"Usability","value":"0"},{"name":"Speed","value":"0"},{"name":"Features","value":"0"},{"name":"Support","value":"0"},{"name":"Pricing","value":"0"}],"wppr_pros":["","","","",""],"wppr_cons":["","","","",""],"_monsterinsights_skip_tracking":false,"_monsterinsights_sitenote_active":false,"_monsterinsights_sitenote_note":"","_monsterinsights_sitenote_category":0,"footnotes":""},"categories":[2993],"tags":[14763,14759,14761,14760,3512,3114],"features":[],"class_list":{"0":"post-72847","1":"page","2":"type-page","3":"status-publish","4":"has-post-thumbnail","6":"category-gestionale-per-fisioterapia-categoria","7":"tag-a2c-medical","8":"tag-gestionale-fisioterapia","9":"tag-piattaforma-gestionale-fisioterapia","10":"tag-programma-gestionale-fisioterapia","11":"tag-software-gestionale-fisioterapia","12":"tag-soluzione-gestionale-fisioterapia"},"wppr_data":{"cwp_meta_box_check":"Yes","_wppr_review_template":"default","cwp_rev_product_image":"","cwp_image_link":"image","wppr_links":[],"cwp_rev_price":"0.00","wppr_pros":["","","","",""],"wppr_cons":["","","","",""],"wppr_rating":"0.00","wppr_options":{"1":{"name":"Usability","value":"0"},"2":{"name":"Speed","value":"0"},"3":{"name":"Features","value":"0"},"4":{"name":"Support","value":"0"},"5":{"name":"Pricing","value":"0"}},"wppr_review_type":"Product","wppr_review_custom_fields":{"additionalProperty":"","additionalType":"","aggregateRating":"","alternateName":"","audience":"","award":"","awards":"","brand":"","color":"","depth":"","description":"","disambiguatingDescription":"","gtin12":"","gtin13":"","gtin14":"","gtin8":"","height":"","identifier":"","image":"","isAccessoryOrSparePartFor":"","isConsumableFor":"","isRelatedTo":"","isSimilarTo":"","itemCondition":"","logo":"","mainEntityOfPage":"","manufacturer":"","material":"","model":"","mpn":"","name":"","offers":"","potentialAction":"","productID":"","productionDate":"","purchaseDate":"","releaseDate":"","review":"","reviews":"","sameAs":"","sku":"","slogan":"","subjectOf":"","url":"","weight":"","width":""}},"acf":[],"yoast_head":"<!-- This site is optimized with the Yoast SEO plugin v27.4 - https:\/\/yoast.com\/product\/yoast-seo-wordpress\/ -->\n<title>A2C Medical: recensione software gestionale fisioterapia - Accurate Reviews<\/title>\n<meta name=\"description\" content=\"A2C Medical: recensione strumento di pianificazione, fatturazione, documentazione e reporting completamente integrato.\" \/>\n<meta name=\"robots\" content=\"index, follow, max-snippet:-1, max-image-preview:large, max-video-preview:-1\" \/>\n<link rel=\"canonical\" href=\"https:\/\/www.accuratereviews.com\/it\/gestionali-per-fisioterapia-lista\/a2c-medical-recensione\/\" \/>\n<meta property=\"og:locale\" content=\"it_IT\" \/>\n<meta property=\"og:type\" content=\"article\" \/>\n<meta property=\"og:title\" content=\"A2C Medical: recensione software gestionale fisioterapia - Accurate Reviews\" \/>\n<meta property=\"og:description\" content=\"A2C Medical: recensione strumento di pianificazione, fatturazione, documentazione e reporting completamente integrato.\" \/>\n<meta property=\"og:url\" content=\"https:\/\/www.accuratereviews.com\/it\/gestionali-per-fisioterapia-lista\/a2c-medical-recensione\/\" \/>\n<meta property=\"og:site_name\" content=\"Accurate Reviews\" \/>\n<meta property=\"article:modified_time\" content=\"2023-11-15T13:00:45+00:00\" \/>\n<meta property=\"og:image\" content=\"https:\/\/www.accuratereviews.com\/wp-content\/uploads\/2023\/11\/A2C-Medical.jpeg\" \/>\n\t<meta property=\"og:image:width\" content=\"200\" \/>\n\t<meta property=\"og:image:height\" content=\"200\" \/>\n\t<meta property=\"og:image:type\" content=\"image\/jpeg\" \/>\n<meta name=\"twitter:card\" content=\"summary_large_image\" \/>\n<meta name=\"twitter:label1\" content=\"Tempo di lettura stimato\" \/>\n\t<meta name=\"twitter:data1\" content=\"3 minuti\" \/>\n<script type=\"application\/ld+json\" class=\"yoast-schema-graph\">{\"@context\":\"https:\\\/\\\/schema.org\",\"@graph\":[{\"@type\":\"WebPage\",\"@id\":\"https:\\\/\\\/www.accuratereviews.com\\\/it\\\/gestionali-per-fisioterapia-lista\\\/a2c-medical-recensione\\\/\",\"url\":\"https:\\\/\\\/www.accuratereviews.com\\\/it\\\/gestionali-per-fisioterapia-lista\\\/a2c-medical-recensione\\\/\",\"name\":\"A2C Medical: recensione software gestionale fisioterapia - Accurate Reviews\",\"isPartOf\":{\"@id\":\"https:\\\/\\\/www.accuratereviews.com\\\/it\\\/#website\"},\"primaryImageOfPage\":{\"@id\":\"https:\\\/\\\/www.accuratereviews.com\\\/it\\\/gestionali-per-fisioterapia-lista\\\/a2c-medical-recensione\\\/#primaryimage\"},\"image\":{\"@id\":\"https:\\\/\\\/www.accuratereviews.com\\\/it\\\/gestionali-per-fisioterapia-lista\\\/a2c-medical-recensione\\\/#primaryimage\"},\"thumbnailUrl\":\"https:\\\/\\\/www.accuratereviews.com\\\/wp-content\\\/uploads\\\/2023\\\/11\\\/A2C-Medical.jpeg\",\"datePublished\":\"2023-11-14T13:55:10+00:00\",\"dateModified\":\"2023-11-15T13:00:45+00:00\",\"description\":\"A2C Medical: recensione strumento di pianificazione, fatturazione, documentazione e reporting completamente integrato.\",\"breadcrumb\":{\"@id\":\"https:\\\/\\\/www.accuratereviews.com\\\/it\\\/gestionali-per-fisioterapia-lista\\\/a2c-medical-recensione\\\/#breadcrumb\"},\"inLanguage\":\"it-IT\",\"potentialAction\":[{\"@type\":\"ReadAction\",\"target\":[\"https:\\\/\\\/www.accuratereviews.com\\\/it\\\/gestionali-per-fisioterapia-lista\\\/a2c-medical-recensione\\\/\"]}]},{\"@type\":\"ImageObject\",\"inLanguage\":\"it-IT\",\"@id\":\"https:\\\/\\\/www.accuratereviews.com\\\/it\\\/gestionali-per-fisioterapia-lista\\\/a2c-medical-recensione\\\/#primaryimage\",\"url\":\"https:\\\/\\\/www.accuratereviews.com\\\/wp-content\\\/uploads\\\/2023\\\/11\\\/A2C-Medical.jpeg\",\"contentUrl\":\"https:\\\/\\\/www.accuratereviews.com\\\/wp-content\\\/uploads\\\/2023\\\/11\\\/A2C-Medical.jpeg\",\"width\":200,\"height\":200},{\"@type\":\"BreadcrumbList\",\"@id\":\"https:\\\/\\\/www.accuratereviews.com\\\/it\\\/gestionali-per-fisioterapia-lista\\\/a2c-medical-recensione\\\/#breadcrumb\",\"itemListElement\":[{\"@type\":\"ListItem\",\"position\":1,\"name\":\"Home\",\"item\":\"https:\\\/\\\/www.accuratereviews.com\\\/it\\\/\"},{\"@type\":\"ListItem\",\"position\":2,\"name\":\"Gestionali per fisioterapia\",\"item\":\"https:\\\/\\\/www.accuratereviews.com\\\/it\\\/gestionali-per-fisioterapia-lista\\\/\"},{\"@type\":\"ListItem\",\"position\":3,\"name\":\"A2C Medical\"}]},{\"@type\":\"WebSite\",\"@id\":\"https:\\\/\\\/www.accuratereviews.com\\\/it\\\/#website\",\"url\":\"https:\\\/\\\/www.accuratereviews.com\\\/it\\\/\",\"name\":\"Accurate Reviews\",\"description\":\"\",\"potentialAction\":[{\"@type\":\"SearchAction\",\"target\":{\"@type\":\"EntryPoint\",\"urlTemplate\":\"https:\\\/\\\/www.accuratereviews.com\\\/it\\\/?s={search_term_string}\"},\"query-input\":{\"@type\":\"PropertyValueSpecification\",\"valueRequired\":true,\"valueName\":\"search_term_string\"}}],\"inLanguage\":\"it-IT\"}]}<\/script>\n<!-- \/ Yoast SEO plugin. -->","yoast_head_json":{"title":"A2C Medical: recensione software gestionale fisioterapia - Accurate Reviews","description":"A2C Medical: recensione strumento di pianificazione, fatturazione, documentazione e reporting completamente integrato.","robots":{"index":"index","follow":"follow","max-snippet":"max-snippet:-1","max-image-preview":"max-image-preview:large","max-video-preview":"max-video-preview:-1"},"canonical":"https:\/\/www.accuratereviews.com\/it\/gestionali-per-fisioterapia-lista\/a2c-medical-recensione\/","og_locale":"it_IT","og_type":"article","og_title":"A2C Medical: recensione software gestionale fisioterapia - Accurate Reviews","og_description":"A2C Medical: recensione strumento di pianificazione, fatturazione, documentazione e reporting completamente integrato.","og_url":"https:\/\/www.accuratereviews.com\/it\/gestionali-per-fisioterapia-lista\/a2c-medical-recensione\/","og_site_name":"Accurate Reviews","article_modified_time":"2023-11-15T13:00:45+00:00","og_image":[{"width":200,"height":200,"url":"https:\/\/www.accuratereviews.com\/wp-content\/uploads\/2023\/11\/A2C-Medical.jpeg","type":"image\/jpeg"}],"twitter_card":"summary_large_image","twitter_misc":{"Tempo di lettura stimato":"3 minuti"},"schema":{"@context":"https:\/\/schema.org","@graph":[{"@type":"WebPage","@id":"https:\/\/www.accuratereviews.com\/it\/gestionali-per-fisioterapia-lista\/a2c-medical-recensione\/","url":"https:\/\/www.accuratereviews.com\/it\/gestionali-per-fisioterapia-lista\/a2c-medical-recensione\/","name":"A2C Medical: recensione software gestionale fisioterapia - Accurate Reviews","isPartOf":{"@id":"https:\/\/www.accuratereviews.com\/it\/#website"},"primaryImageOfPage":{"@id":"https:\/\/www.accuratereviews.com\/it\/gestionali-per-fisioterapia-lista\/a2c-medical-recensione\/#primaryimage"},"image":{"@id":"https:\/\/www.accuratereviews.com\/it\/gestionali-per-fisioterapia-lista\/a2c-medical-recensione\/#primaryimage"},"thumbnailUrl":"https:\/\/www.accuratereviews.com\/wp-content\/uploads\/2023\/11\/A2C-Medical.jpeg","datePublished":"2023-11-14T13:55:10+00:00","dateModified":"2023-11-15T13:00:45+00:00","description":"A2C Medical: recensione strumento di pianificazione, fatturazione, documentazione e reporting completamente integrato.","breadcrumb":{"@id":"https:\/\/www.accuratereviews.com\/it\/gestionali-per-fisioterapia-lista\/a2c-medical-recensione\/#breadcrumb"},"inLanguage":"it-IT","potentialAction":[{"@type":"ReadAction","target":["https:\/\/www.accuratereviews.com\/it\/gestionali-per-fisioterapia-lista\/a2c-medical-recensione\/"]}]},{"@type":"ImageObject","inLanguage":"it-IT","@id":"https:\/\/www.accuratereviews.com\/it\/gestionali-per-fisioterapia-lista\/a2c-medical-recensione\/#primaryimage","url":"https:\/\/www.accuratereviews.com\/wp-content\/uploads\/2023\/11\/A2C-Medical.jpeg","contentUrl":"https:\/\/www.accuratereviews.com\/wp-content\/uploads\/2023\/11\/A2C-Medical.jpeg","width":200,"height":200},{"@type":"BreadcrumbList","@id":"https:\/\/www.accuratereviews.com\/it\/gestionali-per-fisioterapia-lista\/a2c-medical-recensione\/#breadcrumb","itemListElement":[{"@type":"ListItem","position":1,"name":"Home","item":"https:\/\/www.accuratereviews.com\/it\/"},{"@type":"ListItem","position":2,"name":"Gestionali per fisioterapia","item":"https:\/\/www.accuratereviews.com\/it\/gestionali-per-fisioterapia-lista\/"},{"@type":"ListItem","position":3,"name":"A2C Medical"}]},{"@type":"WebSite","@id":"https:\/\/www.accuratereviews.com\/it\/#website","url":"https:\/\/www.accuratereviews.com\/it\/","name":"Accurate Reviews","description":"","potentialAction":[{"@type":"SearchAction","target":{"@type":"EntryPoint","urlTemplate":"https:\/\/www.accuratereviews.com\/it\/?s={search_term_string}"},"query-input":{"@type":"PropertyValueSpecification","valueRequired":true,"valueName":"search_term_string"}}],"inLanguage":"it-IT"}]}},"_links":{"self":[{"href":"https:\/\/www.accuratereviews.com\/it\/wp-json\/wp\/v2\/pages\/72847","targetHints":{"allow":["GET"]}}],"collection":[{"href":"https:\/\/www.accuratereviews.com\/it\/wp-json\/wp\/v2\/pages"}],"about":[{"href":"https:\/\/www.accuratereviews.com\/it\/wp-json\/wp\/v2\/types\/page"}],"author":[{"embeddable":true,"href":"https:\/\/www.accuratereviews.com\/it\/wp-json\/wp\/v2\/users\/19"}],"replies":[{"embeddable":true,"href":"https:\/\/www.accuratereviews.com\/it\/wp-json\/wp\/v2\/comments?post=72847"}],"version-history":[{"count":6,"href":"https:\/\/www.accuratereviews.com\/it\/wp-json\/wp\/v2\/pages\/72847\/revisions"}],"predecessor-version":[{"id":72895,"href":"https:\/\/www.accuratereviews.com\/it\/wp-json\/wp\/v2\/pages\/72847\/revisions\/72895"}],"up":[{"embeddable":true,"href":"https:\/\/www.accuratereviews.com\/it\/wp-json\/wp\/v2\/pages\/27304"}],"wp:featuredmedia":[{"embeddable":true,"href":"https:\/\/www.accuratereviews.com\/it\/wp-json\/wp\/v2\/media\/72848"}],"wp:attachment":[{"href":"https:\/\/www.accuratereviews.com\/it\/wp-json\/wp\/v2\/media?parent=72847"}],"wp:term":[{"taxonomy":"category","embeddable":true,"href":"https:\/\/www.accuratereviews.com\/it\/wp-json\/wp\/v2\/categories?post=72847"},{"taxonomy":"post_tag","embeddable":true,"href":"https:\/\/www.accuratereviews.com\/it\/wp-json\/wp\/v2\/tags?post=72847"},{"taxonomy":"features","embeddable":true,"href":"https:\/\/www.accuratereviews.com\/it\/wp-json\/wp\/v2\/features?post=72847"}],"curies":[{"name":"wp","href":"https:\/\/api.w.org\/{rel}","templated":true}]}}