{"id":72942,"date":"2023-11-17T14:05:47","date_gmt":"2023-11-17T14:05:47","guid":{"rendered":"https:\/\/www.accuratereviews.com\/?page_id=72942"},"modified":"2023-11-17T14:05:47","modified_gmt":"2023-11-17T14:05:47","slug":"tm3-recensione","status":"publish","type":"page","link":"https:\/\/www.accuratereviews.com\/it\/gestionali-per-fisioterapia-lista\/tm3-recensione\/","title":{"rendered":"TM3"},"content":{"rendered":"<p><strong>TM3<\/strong> \u00e8 una <strong>soluzione di gestione di cliniche<\/strong> e corsi, basata su <strong>cloud<\/strong>, che offre la prenotazione di appuntamenti e la riscossione dei pagamenti senza contatto. Gli utenti possono gestire l&#8217;agenda della propria clinica o studio, consentire ai clienti di prenotare appuntamenti online, gestire pi\u00f9 sedi e professionisti o istruttori e tenere traccia di tutte le attivit\u00e0 tramite la dashboard. Una variet\u00e0 di report fornisce approfondimenti su tutti gli aspetti della loro attivit\u00e0, tra cui l&#8217;attivit\u00e0 finanziaria, i dati dei clienti e altro ancora.<br \/>\nI clienti possono iscriversi alle liste di attesa se tutti gli slot per appuntamenti sono pieni e ricevere inviti sms automatizzati per le cancellazioni. I promemoria automatici delle prenotazioni mirano a ridurre le mancate presentazioni e le cancellazioni tardive, con gli utenti in grado di impostare modelli personalizzati per controllare la messaggistica.<\/p>\n<h2>TM3 &#8211; TUTORIAL<\/h2>\n<div id=\"fluid-wrapper-counter-1\" class=\"g1-fluid-wrapper \" style=\"width:686px;\">\n<div style=\"padding-bottom:56.268221574344%;\"><iframe loading=\"lazy\" title=\"TM3 Connect - Overview Video\" width=\"686\" height=\"386\" src=\"https:\/\/www.youtube.com\/embed\/BEOJ88EfS14?feature=oembed&amp;wmode=transparent&amp;autohide=1&amp;autoplay=0&amp;disablekb=0&amp;fs=1&amp;loop=0&amp;enablejsapi=1&amp;rel=0&amp;controls=2&amp;showinfo=0&amp;wmode=transparent&amp;autohide=2&amp;autoplay=0&amp;disablekb=0&amp;fs=1&amp;loop=0&amp;enablejsapi=1&amp;rel=0&amp;controls=2&amp;showinfo=1\" frameborder=\"0\" allow=\"accelerometer; autoplay; clipboard-write; encrypted-media; gyroscope; picture-in-picture; web-share\" allowfullscreen><\/iframe><\/div>\n<\/div>\n<h3>TM3 &#8211; CARATTERISTICHE<\/h3>\n<ul>\n<li><strong>Gestisci il tuo programma e le informazioni sui clienti ogni volta che ne hai bisogno<\/strong>: accedi a tutti i dettagli pi\u00f9 importanti del tuo cliente ogni volta che ne hai bisogno e sul tuo laptop, tablet o cellulare. Controlla il tuo programma, visualizza i profili dei clienti, invia comunicazioni, gestisci i pagamenti e altro ancora, sempre e ovunque.<\/li>\n<li><strong>Accedi a tutte le tue sedi o siti da un unico accesso<\/strong>: per le aziende in crescita che gestiscono servizi in pi\u00f9 cliniche, studi o siti, puoi assumere facilmente il controllo delle tue operazioni. La dashboard multi-sede semplifica la gestione di servizi, clienti, personale, finanze e attivit\u00e0 aziendali semplicemente passando da una sede all&#8217;altra senza dover modificare gli accessi.<\/li>\n<li><strong>Una visione dall&#8217;alto delle prestazioni della tua azienda<\/strong>: l&#8217;intuitivo dashboard aziendale ti offre una rapida panoramica delle prestazioni aziendali negli ultimi 30 giorni, inclusi fatturato, nuovi clienti e altro ancora. Se hai bisogno di un&#8217;analisi pi\u00f9 approfondita, i report standard e personalizzati possono raccogliere dati su praticamente qualsiasi metrica.<\/li>\n<li><strong>Raccogli informazioni utili con report aziendali intuitivi<\/strong>: valuta lo stato generale della tua azienda con report intuitivi che coprono entrate, fidelizzazione, ammissioni, misure dei risultati e altro ancora. Salva i tuoi report standard preferiti per un accesso semplice oppure parla con il nostro team di reporting per generare un report su misura adatto alle esigenze della tua azienda.<\/li>\n<li><strong>Imposta regole per automatizzare le attivit\u00e0 banali che svolgi ogni giorno<\/strong>: dall&#8217;invio di promemoria via sms ai clienti, alla gestione delle mancate presentazioni tramite sms, all&#8217;utilizzo dei tag per commercializzare il tuo elenco clienti, l&#8217;automazione ti aiuta a completare le attivit\u00e0 che aiutano la tua attivit\u00e0 a funzionare in modo efficiente.<\/li>\n<li><strong>Raccogli feedback con i sondaggi<\/strong>: invia automaticamente sondaggi e moduli quando un paziente viene dimesso, in modo da poter raccogliere feedback sull&#8217;esperienza del cliente.<\/li>\n<\/ul>\n<h4>LE RECENSIONI DEGLI UTENTI<\/h4>\n<p><strong>Lesley &#8220;Fisioterapia SPEAR&#8221;<\/strong><br \/>\n<strong>Pro<\/strong>: \u00c8 facile da usare e ci consente di fatturare tutte le compagnie assicurative in modo efficiente.<br \/>\n<strong>Contro<\/strong>: \u00c8 molto caro. L&#8217;assistenza clienti e la comunicazione sono variabili<\/p>\n<p><strong>Perneet &#8220;Molto buono e con molte funzioni utili&#8221;<\/strong><br \/>\n<strong>Pro<\/strong>: Sito web di prenotazione personalizzabile e funzionalit\u00e0 di pagamento online<br \/>\n<strong>Contro<\/strong>: segnalare anomalie e mancanza di supporto telefonico negli ultimi mesi<\/p>\n<p><strong>Linda &#8220;Non potrei vivere senza&#8221;<\/strong><br \/>\n<strong>Commenti<\/strong>: I TM3 sono bravissimi a rispondere in modo tempestivo. Di solito possono anche risolvere qualsiasi problema<br \/>\n<strong>Pro<\/strong>: Il software \u00e8 accessibile in ogni momento e luogo. perfetto per una pratica molto impegnativa. Posso lavorare da qualsiasi luogo per occuparmi dell&#8217;amministrazione<br \/>\n<strong>Contro<\/strong>: Vorrei pi\u00f9 di una funzionalit\u00e0 per trovare da dove ricevo i miei pazienti nel modulo di prenotazione online<\/p>\n","protected":false},"excerpt":{"rendered":"<p>TM3 \u00e8 una soluzione di gestione di cliniche e corsi, basata sul cloud, che offre funzionalit\u00e0 di prenotazione di appuntamenti e di riscossione dei pagamenti senza contatto. Gli utenti possono gestire l&#8217;agenda della propria clinica o studio, consentire ai clienti di prenotare appuntamenti online, gestire pi\u00f9 sedi e professionisti o istruttori e tenere traccia di tutte le attivit\u00e0 tramite la dashboard.<\/p>\n","protected":false},"author":19,"featured_media":72944,"parent":27304,"menu_order":0,"comment_status":"open","ping_status":"closed","template":"g1_template_page_review_new.php","meta":{"_acf_changed":false,"cwp_meta_box_check":"Yes","cwp_rev_product_name":"","cwp_rev_product_image":"","wppr_links":[],"cwp_rev_price":"0.00","wppr_options":[{"name":"Usability","value":"0"},{"name":"Speed","value":"0"},{"name":"Features","value":"0"},{"name":"Support","value":"0"},{"name":"Pricing","value":"0"}],"wppr_pros":["","","","",""],"wppr_cons":["","","","",""],"_monsterinsights_skip_tracking":false,"_monsterinsights_sitenote_active":false,"_monsterinsights_sitenote_note":"","_monsterinsights_sitenote_category":0,"footnotes":""},"categories":[2993],"tags":[14759,14761,14760,3512,3114,14783],"features":[],"class_list":{"0":"post-72942","1":"page","2":"type-page","3":"status-publish","4":"has-post-thumbnail","6":"category-gestionale-per-fisioterapia-categoria","7":"tag-gestionale-fisioterapia","8":"tag-piattaforma-gestionale-fisioterapia","9":"tag-programma-gestionale-fisioterapia","10":"tag-software-gestionale-fisioterapia","11":"tag-soluzione-gestionale-fisioterapia","12":"tag-tm3"},"wppr_data":{"cwp_meta_box_check":"Yes","_wppr_review_template":"default","cwp_rev_product_image":"","cwp_image_link":"image","wppr_links":[],"cwp_rev_price":"0.00","wppr_pros":["","","","",""],"wppr_cons":["","","","",""],"wppr_rating":"0.00","wppr_options":{"1":{"name":"Usability","value":"0"},"2":{"name":"Speed","value":"0"},"3":{"name":"Features","value":"0"},"4":{"name":"Support","value":"0"},"5":{"name":"Pricing","value":"0"}},"wppr_review_type":"Product","wppr_review_custom_fields":{"additionalProperty":"","additionalType":"","aggregateRating":"","alternateName":"","audience":"","award":"","awards":"","brand":"","color":"","depth":"","description":"","disambiguatingDescription":"","gtin12":"","gtin13":"","gtin14":"","gtin8":"","height":"","identifier":"","image":"","isAccessoryOrSparePartFor":"","isConsumableFor":"","isRelatedTo":"","isSimilarTo":"","itemCondition":"","logo":"","mainEntityOfPage":"","manufacturer":"","material":"","model":"","mpn":"","name":"","offers":"","potentialAction":"","productID":"","productionDate":"","purchaseDate":"","releaseDate":"","review":"","reviews":"","sameAs":"","sku":"","slogan":"","subjectOf":"","url":"","weight":"","width":""}},"acf":[],"yoast_head":"<!-- This site is optimized with the Yoast SEO plugin v27.4 - https:\/\/yoast.com\/product\/yoast-seo-wordpress\/ -->\n<title>TM3: recensione software gestionale fisioterapia - Accurate Reviews<\/title>\n<meta name=\"description\" content=\"TM3: soluzione gestionale di cliniche e corsi che offre funzionalit\u00e0 di prenotazione di appuntamenti e di riscossione dei pagamenti.\" \/>\n<meta name=\"robots\" content=\"index, follow, max-snippet:-1, max-image-preview:large, max-video-preview:-1\" \/>\n<link rel=\"canonical\" href=\"https:\/\/www.accuratereviews.com\/it\/gestionali-per-fisioterapia-lista\/tm3-recensione\/\" \/>\n<meta property=\"og:locale\" content=\"it_IT\" \/>\n<meta property=\"og:type\" content=\"article\" \/>\n<meta property=\"og:title\" content=\"TM3: recensione software gestionale fisioterapia - Accurate Reviews\" \/>\n<meta property=\"og:description\" content=\"TM3: soluzione gestionale di cliniche e corsi che offre funzionalit\u00e0 di prenotazione di appuntamenti e di riscossione dei pagamenti.\" \/>\n<meta property=\"og:url\" content=\"https:\/\/www.accuratereviews.com\/it\/gestionali-per-fisioterapia-lista\/tm3-recensione\/\" \/>\n<meta property=\"og:site_name\" content=\"Accurate Reviews\" \/>\n<meta property=\"og:image\" content=\"https:\/\/www.accuratereviews.com\/wp-content\/uploads\/2023\/11\/tm3.jpeg\" \/>\n\t<meta property=\"og:image:width\" content=\"400\" \/>\n\t<meta property=\"og:image:height\" content=\"400\" \/>\n\t<meta property=\"og:image:type\" content=\"image\/jpeg\" \/>\n<meta name=\"twitter:card\" content=\"summary_large_image\" \/>\n<meta name=\"twitter:label1\" content=\"Tempo di lettura stimato\" \/>\n\t<meta name=\"twitter:data1\" content=\"4 minuti\" \/>\n<script type=\"application\/ld+json\" class=\"yoast-schema-graph\">{\"@context\":\"https:\\\/\\\/schema.org\",\"@graph\":[{\"@type\":\"WebPage\",\"@id\":\"https:\\\/\\\/www.accuratereviews.com\\\/it\\\/gestionali-per-fisioterapia-lista\\\/tm3-recensione\\\/\",\"url\":\"https:\\\/\\\/www.accuratereviews.com\\\/it\\\/gestionali-per-fisioterapia-lista\\\/tm3-recensione\\\/\",\"name\":\"TM3: recensione software gestionale fisioterapia - Accurate Reviews\",\"isPartOf\":{\"@id\":\"https:\\\/\\\/www.accuratereviews.com\\\/it\\\/#website\"},\"primaryImageOfPage\":{\"@id\":\"https:\\\/\\\/www.accuratereviews.com\\\/it\\\/gestionali-per-fisioterapia-lista\\\/tm3-recensione\\\/#primaryimage\"},\"image\":{\"@id\":\"https:\\\/\\\/www.accuratereviews.com\\\/it\\\/gestionali-per-fisioterapia-lista\\\/tm3-recensione\\\/#primaryimage\"},\"thumbnailUrl\":\"https:\\\/\\\/www.accuratereviews.com\\\/wp-content\\\/uploads\\\/2023\\\/11\\\/tm3.jpeg\",\"datePublished\":\"2023-11-17T14:05:47+00:00\",\"description\":\"TM3: soluzione gestionale di cliniche e corsi che offre funzionalit\u00e0 di prenotazione di appuntamenti e di riscossione dei pagamenti.\",\"breadcrumb\":{\"@id\":\"https:\\\/\\\/www.accuratereviews.com\\\/it\\\/gestionali-per-fisioterapia-lista\\\/tm3-recensione\\\/#breadcrumb\"},\"inLanguage\":\"it-IT\",\"potentialAction\":[{\"@type\":\"ReadAction\",\"target\":[\"https:\\\/\\\/www.accuratereviews.com\\\/it\\\/gestionali-per-fisioterapia-lista\\\/tm3-recensione\\\/\"]}]},{\"@type\":\"ImageObject\",\"inLanguage\":\"it-IT\",\"@id\":\"https:\\\/\\\/www.accuratereviews.com\\\/it\\\/gestionali-per-fisioterapia-lista\\\/tm3-recensione\\\/#primaryimage\",\"url\":\"https:\\\/\\\/www.accuratereviews.com\\\/wp-content\\\/uploads\\\/2023\\\/11\\\/tm3.jpeg\",\"contentUrl\":\"https:\\\/\\\/www.accuratereviews.com\\\/wp-content\\\/uploads\\\/2023\\\/11\\\/tm3.jpeg\",\"width\":400,\"height\":400},{\"@type\":\"BreadcrumbList\",\"@id\":\"https:\\\/\\\/www.accuratereviews.com\\\/it\\\/gestionali-per-fisioterapia-lista\\\/tm3-recensione\\\/#breadcrumb\",\"itemListElement\":[{\"@type\":\"ListItem\",\"position\":1,\"name\":\"Home\",\"item\":\"https:\\\/\\\/www.accuratereviews.com\\\/it\\\/\"},{\"@type\":\"ListItem\",\"position\":2,\"name\":\"Gestionali per fisioterapia\",\"item\":\"https:\\\/\\\/www.accuratereviews.com\\\/it\\\/gestionali-per-fisioterapia-lista\\\/\"},{\"@type\":\"ListItem\",\"position\":3,\"name\":\"TM3\"}]},{\"@type\":\"WebSite\",\"@id\":\"https:\\\/\\\/www.accuratereviews.com\\\/it\\\/#website\",\"url\":\"https:\\\/\\\/www.accuratereviews.com\\\/it\\\/\",\"name\":\"Accurate Reviews\",\"description\":\"\",\"potentialAction\":[{\"@type\":\"SearchAction\",\"target\":{\"@type\":\"EntryPoint\",\"urlTemplate\":\"https:\\\/\\\/www.accuratereviews.com\\\/it\\\/?s={search_term_string}\"},\"query-input\":{\"@type\":\"PropertyValueSpecification\",\"valueRequired\":true,\"valueName\":\"search_term_string\"}}],\"inLanguage\":\"it-IT\"}]}<\/script>\n<!-- \/ Yoast SEO plugin. -->","yoast_head_json":{"title":"TM3: recensione software gestionale fisioterapia - Accurate Reviews","description":"TM3: soluzione gestionale di cliniche e corsi che offre funzionalit\u00e0 di prenotazione di appuntamenti e di riscossione dei pagamenti.","robots":{"index":"index","follow":"follow","max-snippet":"max-snippet:-1","max-image-preview":"max-image-preview:large","max-video-preview":"max-video-preview:-1"},"canonical":"https:\/\/www.accuratereviews.com\/it\/gestionali-per-fisioterapia-lista\/tm3-recensione\/","og_locale":"it_IT","og_type":"article","og_title":"TM3: recensione software gestionale fisioterapia - Accurate Reviews","og_description":"TM3: soluzione gestionale di cliniche e corsi che offre funzionalit\u00e0 di prenotazione di appuntamenti e di riscossione dei pagamenti.","og_url":"https:\/\/www.accuratereviews.com\/it\/gestionali-per-fisioterapia-lista\/tm3-recensione\/","og_site_name":"Accurate Reviews","og_image":[{"width":400,"height":400,"url":"https:\/\/www.accuratereviews.com\/wp-content\/uploads\/2023\/11\/tm3.jpeg","type":"image\/jpeg"}],"twitter_card":"summary_large_image","twitter_misc":{"Tempo di lettura stimato":"4 minuti"},"schema":{"@context":"https:\/\/schema.org","@graph":[{"@type":"WebPage","@id":"https:\/\/www.accuratereviews.com\/it\/gestionali-per-fisioterapia-lista\/tm3-recensione\/","url":"https:\/\/www.accuratereviews.com\/it\/gestionali-per-fisioterapia-lista\/tm3-recensione\/","name":"TM3: recensione software gestionale fisioterapia - Accurate Reviews","isPartOf":{"@id":"https:\/\/www.accuratereviews.com\/it\/#website"},"primaryImageOfPage":{"@id":"https:\/\/www.accuratereviews.com\/it\/gestionali-per-fisioterapia-lista\/tm3-recensione\/#primaryimage"},"image":{"@id":"https:\/\/www.accuratereviews.com\/it\/gestionali-per-fisioterapia-lista\/tm3-recensione\/#primaryimage"},"thumbnailUrl":"https:\/\/www.accuratereviews.com\/wp-content\/uploads\/2023\/11\/tm3.jpeg","datePublished":"2023-11-17T14:05:47+00:00","description":"TM3: soluzione gestionale di cliniche e corsi che offre funzionalit\u00e0 di prenotazione di appuntamenti e di riscossione dei pagamenti.","breadcrumb":{"@id":"https:\/\/www.accuratereviews.com\/it\/gestionali-per-fisioterapia-lista\/tm3-recensione\/#breadcrumb"},"inLanguage":"it-IT","potentialAction":[{"@type":"ReadAction","target":["https:\/\/www.accuratereviews.com\/it\/gestionali-per-fisioterapia-lista\/tm3-recensione\/"]}]},{"@type":"ImageObject","inLanguage":"it-IT","@id":"https:\/\/www.accuratereviews.com\/it\/gestionali-per-fisioterapia-lista\/tm3-recensione\/#primaryimage","url":"https:\/\/www.accuratereviews.com\/wp-content\/uploads\/2023\/11\/tm3.jpeg","contentUrl":"https:\/\/www.accuratereviews.com\/wp-content\/uploads\/2023\/11\/tm3.jpeg","width":400,"height":400},{"@type":"BreadcrumbList","@id":"https:\/\/www.accuratereviews.com\/it\/gestionali-per-fisioterapia-lista\/tm3-recensione\/#breadcrumb","itemListElement":[{"@type":"ListItem","position":1,"name":"Home","item":"https:\/\/www.accuratereviews.com\/it\/"},{"@type":"ListItem","position":2,"name":"Gestionali per fisioterapia","item":"https:\/\/www.accuratereviews.com\/it\/gestionali-per-fisioterapia-lista\/"},{"@type":"ListItem","position":3,"name":"TM3"}]},{"@type":"WebSite","@id":"https:\/\/www.accuratereviews.com\/it\/#website","url":"https:\/\/www.accuratereviews.com\/it\/","name":"Accurate Reviews","description":"","potentialAction":[{"@type":"SearchAction","target":{"@type":"EntryPoint","urlTemplate":"https:\/\/www.accuratereviews.com\/it\/?s={search_term_string}"},"query-input":{"@type":"PropertyValueSpecification","valueRequired":true,"valueName":"search_term_string"}}],"inLanguage":"it-IT"}]}},"_links":{"self":[{"href":"https:\/\/www.accuratereviews.com\/it\/wp-json\/wp\/v2\/pages\/72942","targetHints":{"allow":["GET"]}}],"collection":[{"href":"https:\/\/www.accuratereviews.com\/it\/wp-json\/wp\/v2\/pages"}],"about":[{"href":"https:\/\/www.accuratereviews.com\/it\/wp-json\/wp\/v2\/types\/page"}],"author":[{"embeddable":true,"href":"https:\/\/www.accuratereviews.com\/it\/wp-json\/wp\/v2\/users\/19"}],"replies":[{"embeddable":true,"href":"https:\/\/www.accuratereviews.com\/it\/wp-json\/wp\/v2\/comments?post=72942"}],"version-history":[{"count":7,"href":"https:\/\/www.accuratereviews.com\/it\/wp-json\/wp\/v2\/pages\/72942\/revisions"}],"predecessor-version":[{"id":72957,"href":"https:\/\/www.accuratereviews.com\/it\/wp-json\/wp\/v2\/pages\/72942\/revisions\/72957"}],"up":[{"embeddable":true,"href":"https:\/\/www.accuratereviews.com\/it\/wp-json\/wp\/v2\/pages\/27304"}],"wp:featuredmedia":[{"embeddable":true,"href":"https:\/\/www.accuratereviews.com\/it\/wp-json\/wp\/v2\/media\/72944"}],"wp:attachment":[{"href":"https:\/\/www.accuratereviews.com\/it\/wp-json\/wp\/v2\/media?parent=72942"}],"wp:term":[{"taxonomy":"category","embeddable":true,"href":"https:\/\/www.accuratereviews.com\/it\/wp-json\/wp\/v2\/categories?post=72942"},{"taxonomy":"post_tag","embeddable":true,"href":"https:\/\/www.accuratereviews.com\/it\/wp-json\/wp\/v2\/tags?post=72942"},{"taxonomy":"features","embeddable":true,"href":"https:\/\/www.accuratereviews.com\/it\/wp-json\/wp\/v2\/features?post=72942"}],"curies":[{"name":"wp","href":"https:\/\/api.w.org\/{rel}","templated":true}]}}