{"id":72962,"date":"2023-11-20T12:02:19","date_gmt":"2023-11-20T12:02:19","guid":{"rendered":"https:\/\/www.accuratereviews.com\/?page_id=72962"},"modified":"2023-11-21T11:36:22","modified_gmt":"2023-11-21T11:36:22","slug":"insightemr-recensione","status":"publish","type":"page","link":"https:\/\/www.accuratereviews.com\/it\/gestionali-per-fisioterapia-lista\/insightemr-recensione\/","title":{"rendered":"InsightEMR"},"content":{"rendered":"<p><strong>InsightEMR<\/strong> di Clinicient \u00e8 una <strong>soluzione EMR<\/strong> basata sul web, per la gestione di studi riabilitativi ambulatoriali, tra cui PT, OT, SLT, pediatria e agenzie di riabilitazione. Le cliniche di fisioterapia possono utilizzare il software per servizi di fatturazione, pianificazione, reporting e documentazione clinica. Fornisce al personale della reception gli strumenti necessari per gestire con successo gli account dei pazienti, inclusa la raccolta di informazioni come modifiche assicurative e ticket.<br \/>\n<strong>InsightEMR<\/strong> consente agli utenti di programmare per i pazienti pi\u00f9 appuntamenti terapeutici, anche in luoghi diversi, e di individuare a colpo d&#8217;occhio gli appuntamenti disponibili. Gli utenti possono anche impostare promemoria via email\/testo, segnali visivi e avvisi di cancellazione per tenere traccia di programmi e attivit\u00e0. Gli elenchi di attivit\u00e0 mostrano problemi urgenti che richiedono attenzione e possono essere facilmente monitorati, mentre i fogli di flusso consentono agli utenti di visualizzare e aggiornare la progressione dei trattamenti.<\/p>\n<h2>INSIGHTEMR &#8211; TUTORIAL<\/h2>\n<div id=\"fluid-wrapper-counter-1\" class=\"g1-fluid-wrapper \" style=\"width:686px;\">\n<div style=\"padding-bottom:56.268221574344%;\"><iframe loading=\"lazy\" title=\"Therapists love Clinicient\" width=\"686\" height=\"386\" src=\"https:\/\/www.youtube.com\/embed\/JbjppqrbeqY?feature=oembed&amp;wmode=transparent&amp;autohide=1&amp;autoplay=0&amp;disablekb=0&amp;fs=1&amp;loop=0&amp;enablejsapi=1&amp;rel=0&amp;controls=2&amp;showinfo=0&amp;wmode=transparent&amp;autohide=2&amp;autoplay=0&amp;disablekb=0&amp;fs=1&amp;loop=0&amp;enablejsapi=1&amp;rel=0&amp;controls=2&amp;showinfo=1\" frameborder=\"0\" allow=\"accelerometer; autoplay; clipboard-write; encrypted-media; gyroscope; picture-in-picture; web-share\" allowfullscreen><\/iframe><\/div>\n<\/div>\n<h3>INSIGHTEMR &#8211; CARATTERISTICHE<\/h3>\n<ul>\n<li>La soluzione \u00e8 basata su cloud, quindi gli utenti possono accedere al sistema sempre e ovunque. I dati dei pazienti sono protetti con sicurezza a livello bancario e piena conformit\u00e0 HIPAA.<\/li>\n<li>Il programma fornisce cartelle cliniche elettroniche che creano un ambiente privo di supporti cartacei insieme agli strumenti per contribuire ad aumentare i pagamenti da parte delle compagnie assicurative con la fatturazione elettronica.<\/li>\n<li>Gli strumenti di gestione delle attivit\u00e0 integrati nella soluzione includono il monitoraggio e la nuova prenotazione di mancate presentazioni\/cancellazioni, nonch\u00e9 il monitoraggio e gli avvisi di assicurazione mancante.<\/li>\n<li>La documentazione clinica \u00e8 digitale, ma progettata per replicare i moduli cartacei standard con cui i terapisti hanno familiarit\u00e0.<\/li>\n<li>Gli utenti possono trarre vantaggio dai controlli di conformit\u00e0 automatizzati e guidati dal sistema della soluzione e dalle funzionalit\u00e0 di cancellazione delle richieste che garantiscono la piena conformit\u00e0 prima dell&#8217;invio.<\/li>\n<\/ul>\n<h4>LE RECENSIONI DEGLI UTENTI<\/h4>\n<p style=\"font-weight: 400;\"><strong>Sally \u201dRecensione\u201d<br \/>\n<\/strong><strong>Commenti:<\/strong> Il software nel complesso \u00e8 molto facile da apprendere e utilizzare. Il supporto che ho ricevuto \u00e8 molto buono.<br \/>\n<strong>Pro<\/strong>: Il software \u00e8 molto facile da usare e la funzionalit\u00e0 ci consente di monitorare il carico del paziente. \u00c8 facile rivedere il programma degli appuntamenti e le note.<br \/>\n<strong>Contro<\/strong>: A volte \u00e8 difficile ottenere il rapporto di cui hai bisogno, \u00e8 l\u00ec, ma a volte devi davvero cercare in diversi modi prima di trovare quello che desideri. Ma questa \u00e8 solo una curva di apprendimento.<\/p>\n<p style=\"font-weight: 400;\"><strong>Melinda\u201d Recensione InsightEMR\u201d<br \/>\n<\/strong><strong>Commenti:<\/strong> \u00c8 uno dei migliori programmi con cui ho lavorato.<br \/>\n<strong>Pro<\/strong>: La pianificazione dei pazienti \u00e8 semplice. Anche il monitoraggio delle autorizzazioni richiede meno lavoro.<br \/>\n<strong>Contro<\/strong>: I resoconti non sono sempre affidabili. Le informazioni assegnate dalla fatturazione non indicano chiaramente cosa viene fatto o cosa \u00e8 necessario.<\/p>\n<p style=\"font-weight: 400;\"><strong>Vyoma\u201d Software eccezionale\u201d<br \/>\n<\/strong><strong>Commenti:<\/strong><strong>\u00a0<\/strong>La mia esperienza con InsightEMR \u00e8 stata fantastica e fruttuosa. Mi piace il contenuto, la documentazione basata sui risultati e la facilit\u00e0 di aggiungere ed eliminare i punti richiesti nella documentazione. L&#8217;invio di fax \u00e8 a portata di clic. Adoro le e-mail settimanali con buone informazioni per migliorare le prestazioni della clinica e l&#8217;attuale contesto aziendale.<br \/>\n<strong>Pro<\/strong>: Disponibilit\u00e0 di contenuti, apprendimento, documentazione basata sui risultati, facilit\u00e0 di invio di fax e creazione di lettere. Informazioni aggiornate e di facile utilizzo sia per i neolaureati che per i terapisti esperti.<br \/>\n<strong>Contro<\/strong>: Aggiornamento degli obiettivi e creazione di note di dimissione dall&#8217;ultima nota giornaliera esistente.<\/p>\n","protected":false},"excerpt":{"rendered":"<p>InsightEMR di Clinicient \u00e8 una soluzione EMR basata sul web, per la gestione di studi riabilitativi ambulatoriali, tra cui PT, OT, SLT, pediatria e agenzie di riabilitazione. Le cliniche di fisioterapia possono utilizzare il software per servizi di fatturazione, pianificazione, reporting e documentazione clinica.<\/p>\n","protected":false},"author":19,"featured_media":72964,"parent":27304,"menu_order":0,"comment_status":"open","ping_status":"closed","template":"g1_template_page_review_new.php","meta":{"_acf_changed":false,"cwp_meta_box_check":"Yes","cwp_rev_product_name":"","cwp_rev_product_image":"","wppr_links":[],"cwp_rev_price":"0.00","wppr_options":[{"name":"Usability","value":"0"},{"name":"Speed","value":"0"},{"name":"Features","value":"0"},{"name":"Support","value":"0"},{"name":"Pricing","value":"0"}],"wppr_pros":["","","","",""],"wppr_cons":["","","","",""],"_monsterinsights_skip_tracking":false,"_monsterinsights_sitenote_active":false,"_monsterinsights_sitenote_note":"","_monsterinsights_sitenote_category":0,"footnotes":""},"categories":[2993],"tags":[14759,14786,14761,14760,3512,3114],"features":[],"class_list":{"0":"post-72962","1":"page","2":"type-page","3":"status-publish","4":"has-post-thumbnail","6":"category-gestionale-per-fisioterapia-categoria","7":"tag-gestionale-fisioterapia","8":"tag-insightemr","9":"tag-piattaforma-gestionale-fisioterapia","10":"tag-programma-gestionale-fisioterapia","11":"tag-software-gestionale-fisioterapia","12":"tag-soluzione-gestionale-fisioterapia"},"wppr_data":{"cwp_meta_box_check":"Yes","_wppr_review_template":"default","cwp_rev_product_image":"","cwp_image_link":"image","wppr_links":[],"cwp_rev_price":"0.00","wppr_pros":["","","","",""],"wppr_cons":["","","","",""],"wppr_rating":"0.00","wppr_options":{"1":{"name":"Usability","value":"0"},"2":{"name":"Speed","value":"0"},"3":{"name":"Features","value":"0"},"4":{"name":"Support","value":"0"},"5":{"name":"Pricing","value":"0"}},"wppr_review_type":"Product","wppr_review_custom_fields":{"additionalProperty":"","additionalType":"","aggregateRating":"","alternateName":"","audience":"","award":"","awards":"","brand":"","color":"","depth":"","description":"","disambiguatingDescription":"","gtin12":"","gtin13":"","gtin14":"","gtin8":"","height":"","identifier":"","image":"","isAccessoryOrSparePartFor":"","isConsumableFor":"","isRelatedTo":"","isSimilarTo":"","itemCondition":"","logo":"","mainEntityOfPage":"","manufacturer":"","material":"","model":"","mpn":"","name":"","offers":"","potentialAction":"","productID":"","productionDate":"","purchaseDate":"","releaseDate":"","review":"","reviews":"","sameAs":"","sku":"","slogan":"","subjectOf":"","url":"","weight":"","width":""}},"acf":[],"yoast_head":"<!-- This site is optimized with the Yoast SEO plugin v27.4 - https:\/\/yoast.com\/product\/yoast-seo-wordpress\/ -->\n<title>InsightEMR: recensione software gestionale fisioterapia - Accurate Reviews<\/title>\n<meta name=\"description\" content=\"InsightEMR: recensione soluzione EMR, basata sul web, per la gestione degli studi riabilitativi ambulatoriali.\" \/>\n<meta name=\"robots\" content=\"index, follow, max-snippet:-1, max-image-preview:large, max-video-preview:-1\" \/>\n<link rel=\"canonical\" href=\"https:\/\/www.accuratereviews.com\/it\/gestionali-per-fisioterapia-lista\/insightemr-recensione\/\" \/>\n<meta property=\"og:locale\" content=\"it_IT\" \/>\n<meta property=\"og:type\" content=\"article\" \/>\n<meta property=\"og:title\" content=\"InsightEMR: recensione software gestionale fisioterapia - Accurate Reviews\" \/>\n<meta property=\"og:description\" content=\"InsightEMR: recensione soluzione EMR, basata sul web, per la gestione degli studi riabilitativi ambulatoriali.\" \/>\n<meta property=\"og:url\" content=\"https:\/\/www.accuratereviews.com\/it\/gestionali-per-fisioterapia-lista\/insightemr-recensione\/\" \/>\n<meta property=\"og:site_name\" content=\"Accurate Reviews\" \/>\n<meta property=\"article:modified_time\" content=\"2023-11-21T11:36:22+00:00\" \/>\n<meta property=\"og:image\" content=\"https:\/\/www.accuratereviews.com\/wp-content\/uploads\/2023\/11\/InsightEMR.webp\" \/>\n\t<meta property=\"og:image:width\" content=\"400\" \/>\n\t<meta property=\"og:image:height\" content=\"400\" \/>\n\t<meta property=\"og:image:type\" content=\"image\/webp\" \/>\n<meta name=\"twitter:card\" content=\"summary_large_image\" \/>\n<meta name=\"twitter:label1\" content=\"Tempo di lettura stimato\" \/>\n\t<meta name=\"twitter:data1\" content=\"3 minuti\" \/>\n<script type=\"application\/ld+json\" class=\"yoast-schema-graph\">{\"@context\":\"https:\\\/\\\/schema.org\",\"@graph\":[{\"@type\":\"WebPage\",\"@id\":\"https:\\\/\\\/www.accuratereviews.com\\\/it\\\/gestionali-per-fisioterapia-lista\\\/insightemr-recensione\\\/\",\"url\":\"https:\\\/\\\/www.accuratereviews.com\\\/it\\\/gestionali-per-fisioterapia-lista\\\/insightemr-recensione\\\/\",\"name\":\"InsightEMR: recensione software gestionale fisioterapia - Accurate Reviews\",\"isPartOf\":{\"@id\":\"https:\\\/\\\/www.accuratereviews.com\\\/it\\\/#website\"},\"primaryImageOfPage\":{\"@id\":\"https:\\\/\\\/www.accuratereviews.com\\\/it\\\/gestionali-per-fisioterapia-lista\\\/insightemr-recensione\\\/#primaryimage\"},\"image\":{\"@id\":\"https:\\\/\\\/www.accuratereviews.com\\\/it\\\/gestionali-per-fisioterapia-lista\\\/insightemr-recensione\\\/#primaryimage\"},\"thumbnailUrl\":\"https:\\\/\\\/www.accuratereviews.com\\\/wp-content\\\/uploads\\\/2023\\\/11\\\/InsightEMR.webp\",\"datePublished\":\"2023-11-20T12:02:19+00:00\",\"dateModified\":\"2023-11-21T11:36:22+00:00\",\"description\":\"InsightEMR: recensione soluzione EMR, basata sul web, per la gestione degli studi riabilitativi ambulatoriali.\",\"breadcrumb\":{\"@id\":\"https:\\\/\\\/www.accuratereviews.com\\\/it\\\/gestionali-per-fisioterapia-lista\\\/insightemr-recensione\\\/#breadcrumb\"},\"inLanguage\":\"it-IT\",\"potentialAction\":[{\"@type\":\"ReadAction\",\"target\":[\"https:\\\/\\\/www.accuratereviews.com\\\/it\\\/gestionali-per-fisioterapia-lista\\\/insightemr-recensione\\\/\"]}]},{\"@type\":\"ImageObject\",\"inLanguage\":\"it-IT\",\"@id\":\"https:\\\/\\\/www.accuratereviews.com\\\/it\\\/gestionali-per-fisioterapia-lista\\\/insightemr-recensione\\\/#primaryimage\",\"url\":\"https:\\\/\\\/www.accuratereviews.com\\\/wp-content\\\/uploads\\\/2023\\\/11\\\/InsightEMR.webp\",\"contentUrl\":\"https:\\\/\\\/www.accuratereviews.com\\\/wp-content\\\/uploads\\\/2023\\\/11\\\/InsightEMR.webp\",\"width\":400,\"height\":400},{\"@type\":\"BreadcrumbList\",\"@id\":\"https:\\\/\\\/www.accuratereviews.com\\\/it\\\/gestionali-per-fisioterapia-lista\\\/insightemr-recensione\\\/#breadcrumb\",\"itemListElement\":[{\"@type\":\"ListItem\",\"position\":1,\"name\":\"Home\",\"item\":\"https:\\\/\\\/www.accuratereviews.com\\\/it\\\/\"},{\"@type\":\"ListItem\",\"position\":2,\"name\":\"Gestionali per fisioterapia\",\"item\":\"https:\\\/\\\/www.accuratereviews.com\\\/it\\\/gestionali-per-fisioterapia-lista\\\/\"},{\"@type\":\"ListItem\",\"position\":3,\"name\":\"InsightEMR\"}]},{\"@type\":\"WebSite\",\"@id\":\"https:\\\/\\\/www.accuratereviews.com\\\/it\\\/#website\",\"url\":\"https:\\\/\\\/www.accuratereviews.com\\\/it\\\/\",\"name\":\"Accurate Reviews\",\"description\":\"\",\"potentialAction\":[{\"@type\":\"SearchAction\",\"target\":{\"@type\":\"EntryPoint\",\"urlTemplate\":\"https:\\\/\\\/www.accuratereviews.com\\\/it\\\/?s={search_term_string}\"},\"query-input\":{\"@type\":\"PropertyValueSpecification\",\"valueRequired\":true,\"valueName\":\"search_term_string\"}}],\"inLanguage\":\"it-IT\"}]}<\/script>\n<!-- \/ Yoast SEO plugin. -->","yoast_head_json":{"title":"InsightEMR: recensione software gestionale fisioterapia - Accurate Reviews","description":"InsightEMR: recensione soluzione EMR, basata sul web, per la gestione degli studi riabilitativi ambulatoriali.","robots":{"index":"index","follow":"follow","max-snippet":"max-snippet:-1","max-image-preview":"max-image-preview:large","max-video-preview":"max-video-preview:-1"},"canonical":"https:\/\/www.accuratereviews.com\/it\/gestionali-per-fisioterapia-lista\/insightemr-recensione\/","og_locale":"it_IT","og_type":"article","og_title":"InsightEMR: recensione software gestionale fisioterapia - Accurate Reviews","og_description":"InsightEMR: recensione soluzione EMR, basata sul web, per la gestione degli studi riabilitativi ambulatoriali.","og_url":"https:\/\/www.accuratereviews.com\/it\/gestionali-per-fisioterapia-lista\/insightemr-recensione\/","og_site_name":"Accurate Reviews","article_modified_time":"2023-11-21T11:36:22+00:00","og_image":[{"width":400,"height":400,"url":"https:\/\/www.accuratereviews.com\/wp-content\/uploads\/2023\/11\/InsightEMR.webp","type":"image\/webp"}],"twitter_card":"summary_large_image","twitter_misc":{"Tempo di lettura stimato":"3 minuti"},"schema":{"@context":"https:\/\/schema.org","@graph":[{"@type":"WebPage","@id":"https:\/\/www.accuratereviews.com\/it\/gestionali-per-fisioterapia-lista\/insightemr-recensione\/","url":"https:\/\/www.accuratereviews.com\/it\/gestionali-per-fisioterapia-lista\/insightemr-recensione\/","name":"InsightEMR: recensione software gestionale fisioterapia - Accurate Reviews","isPartOf":{"@id":"https:\/\/www.accuratereviews.com\/it\/#website"},"primaryImageOfPage":{"@id":"https:\/\/www.accuratereviews.com\/it\/gestionali-per-fisioterapia-lista\/insightemr-recensione\/#primaryimage"},"image":{"@id":"https:\/\/www.accuratereviews.com\/it\/gestionali-per-fisioterapia-lista\/insightemr-recensione\/#primaryimage"},"thumbnailUrl":"https:\/\/www.accuratereviews.com\/wp-content\/uploads\/2023\/11\/InsightEMR.webp","datePublished":"2023-11-20T12:02:19+00:00","dateModified":"2023-11-21T11:36:22+00:00","description":"InsightEMR: recensione soluzione EMR, basata sul web, per la gestione degli studi riabilitativi ambulatoriali.","breadcrumb":{"@id":"https:\/\/www.accuratereviews.com\/it\/gestionali-per-fisioterapia-lista\/insightemr-recensione\/#breadcrumb"},"inLanguage":"it-IT","potentialAction":[{"@type":"ReadAction","target":["https:\/\/www.accuratereviews.com\/it\/gestionali-per-fisioterapia-lista\/insightemr-recensione\/"]}]},{"@type":"ImageObject","inLanguage":"it-IT","@id":"https:\/\/www.accuratereviews.com\/it\/gestionali-per-fisioterapia-lista\/insightemr-recensione\/#primaryimage","url":"https:\/\/www.accuratereviews.com\/wp-content\/uploads\/2023\/11\/InsightEMR.webp","contentUrl":"https:\/\/www.accuratereviews.com\/wp-content\/uploads\/2023\/11\/InsightEMR.webp","width":400,"height":400},{"@type":"BreadcrumbList","@id":"https:\/\/www.accuratereviews.com\/it\/gestionali-per-fisioterapia-lista\/insightemr-recensione\/#breadcrumb","itemListElement":[{"@type":"ListItem","position":1,"name":"Home","item":"https:\/\/www.accuratereviews.com\/it\/"},{"@type":"ListItem","position":2,"name":"Gestionali per fisioterapia","item":"https:\/\/www.accuratereviews.com\/it\/gestionali-per-fisioterapia-lista\/"},{"@type":"ListItem","position":3,"name":"InsightEMR"}]},{"@type":"WebSite","@id":"https:\/\/www.accuratereviews.com\/it\/#website","url":"https:\/\/www.accuratereviews.com\/it\/","name":"Accurate Reviews","description":"","potentialAction":[{"@type":"SearchAction","target":{"@type":"EntryPoint","urlTemplate":"https:\/\/www.accuratereviews.com\/it\/?s={search_term_string}"},"query-input":{"@type":"PropertyValueSpecification","valueRequired":true,"valueName":"search_term_string"}}],"inLanguage":"it-IT"}]}},"_links":{"self":[{"href":"https:\/\/www.accuratereviews.com\/it\/wp-json\/wp\/v2\/pages\/72962","targetHints":{"allow":["GET"]}}],"collection":[{"href":"https:\/\/www.accuratereviews.com\/it\/wp-json\/wp\/v2\/pages"}],"about":[{"href":"https:\/\/www.accuratereviews.com\/it\/wp-json\/wp\/v2\/types\/page"}],"author":[{"embeddable":true,"href":"https:\/\/www.accuratereviews.com\/it\/wp-json\/wp\/v2\/users\/19"}],"replies":[{"embeddable":true,"href":"https:\/\/www.accuratereviews.com\/it\/wp-json\/wp\/v2\/comments?post=72962"}],"version-history":[{"count":9,"href":"https:\/\/www.accuratereviews.com\/it\/wp-json\/wp\/v2\/pages\/72962\/revisions"}],"predecessor-version":[{"id":72999,"href":"https:\/\/www.accuratereviews.com\/it\/wp-json\/wp\/v2\/pages\/72962\/revisions\/72999"}],"up":[{"embeddable":true,"href":"https:\/\/www.accuratereviews.com\/it\/wp-json\/wp\/v2\/pages\/27304"}],"wp:featuredmedia":[{"embeddable":true,"href":"https:\/\/www.accuratereviews.com\/it\/wp-json\/wp\/v2\/media\/72964"}],"wp:attachment":[{"href":"https:\/\/www.accuratereviews.com\/it\/wp-json\/wp\/v2\/media?parent=72962"}],"wp:term":[{"taxonomy":"category","embeddable":true,"href":"https:\/\/www.accuratereviews.com\/it\/wp-json\/wp\/v2\/categories?post=72962"},{"taxonomy":"post_tag","embeddable":true,"href":"https:\/\/www.accuratereviews.com\/it\/wp-json\/wp\/v2\/tags?post=72962"},{"taxonomy":"features","embeddable":true,"href":"https:\/\/www.accuratereviews.com\/it\/wp-json\/wp\/v2\/features?post=72962"}],"curies":[{"name":"wp","href":"https:\/\/api.w.org\/{rel}","templated":true}]}}