{"id":72981,"date":"2023-11-21T22:07:40","date_gmt":"2023-11-21T22:07:40","guid":{"rendered":"https:\/\/www.accuratereviews.com\/?page_id=72981"},"modified":"2023-11-21T22:07:40","modified_gmt":"2023-11-21T22:07:40","slug":"e-z-bis-recensione","status":"publish","type":"page","link":"https:\/\/www.accuratereviews.com\/it\/gestionali-per-fisioterapia-lista\/e-z-bis-recensione\/","title":{"rendered":"E-Z BIS"},"content":{"rendered":"<p class=\"oBOnKe\"><span class=\"jCAhz ChMk0b\" style=\"font-size: 16px;\"><span class=\"ryNqvb\"><strong>E-Z BIS<\/strong> \u00e8 un <strong>software di gestione delle cartelle cliniche elettroniche (EHR)<\/strong> basato sul <strong>Web<\/strong>, che offre funzionalit\u00e0 di fatturazione, gestione degli appuntamenti e gestione delle cartelle cliniche dei pazienti.<\/span><\/span> <span class=\"jCAhz ChMk0b\" style=\"font-size: 16px;\"><span class=\"ryNqvb\">Sono disponibili due diverse edizioni del prodotto: <strong>E-Z BIS Office<\/strong> per cliniche di grandi dimensioni ed <strong>E-Z BIS Basic<\/strong> per studi pi\u00f9 piccoli.<\/span><\/span> <span class=\"jCAhz ChMk0b\" style=\"font-size: 16px;\"><span class=\"ryNqvb\">Il prodotto offre anche due moduli aggiuntivi: Front Desk e Fascicolo sanitario elettronico, per aiutare rispettivamente con la pianificazione degli appuntamenti e la documentazione.<br \/>\n<strong>E-Z BIS <\/strong>offre funzionalit\u00e0 avanzate come promemoria automatici degli appuntamenti, registrazione automatica dei pagamenti assicurativi, piani di pagamento in contanti, elaborazione integrata delle carte di credito, portale online per i pazienti, illustrazioni high-tech del corpo umano, cambiamenti di pianificazione coordinati tra EHR e Front Desk, layout definito dall&#8217;utente per consentire ai medici di vedere esattamente le informazioni di cui hanno bisogno durante il trattamento dei pazienti e molto, molto altro ancora.<\/span><\/span><\/p>\n<p><a href=\"https:\/\/www.accuratereviews.com\/wp-content\/uploads\/2023\/11\/Screenshot-2023-11-21-alle-11.56.17.png\" data-wp-editing=\"1\"><img loading=\"lazy\" decoding=\"async\" class=\"aligncenter wp-image-72990 size-large\" src=\"https:\/\/www.accuratereviews.com\/wp-content\/uploads\/2023\/11\/Screenshot-2023-11-21-alle-11.56.17-1024x452.png\" alt=\"\" width=\"686\" height=\"303\" srcset=\"https:\/\/www.accuratereviews.com\/wp-content\/uploads\/2023\/11\/Screenshot-2023-11-21-alle-11.56.17-1024x452.png 1024w, https:\/\/www.accuratereviews.com\/wp-content\/uploads\/2023\/11\/Screenshot-2023-11-21-alle-11.56.17-300x133.png 300w, https:\/\/www.accuratereviews.com\/wp-content\/uploads\/2023\/11\/Screenshot-2023-11-21-alle-11.56.17-768x339.png 768w, https:\/\/www.accuratereviews.com\/wp-content\/uploads\/2023\/11\/Screenshot-2023-11-21-alle-11.56.17-1536x679.png 1536w, https:\/\/www.accuratereviews.com\/wp-content\/uploads\/2023\/11\/Screenshot-2023-11-21-alle-11.56.17-2048x905.png 2048w, https:\/\/www.accuratereviews.com\/wp-content\/uploads\/2023\/11\/Screenshot-2023-11-21-alle-11.56.17-50x22.png 50w, https:\/\/www.accuratereviews.com\/wp-content\/uploads\/2023\/11\/Screenshot-2023-11-21-alle-11.56.17-260x115.png 260w, https:\/\/www.accuratereviews.com\/wp-content\/uploads\/2023\/11\/Screenshot-2023-11-21-alle-11.56.17-968x428.png 968w, https:\/\/www.accuratereviews.com\/wp-content\/uploads\/2023\/11\/Screenshot-2023-11-21-alle-11.56.17-636x281.png 636w, https:\/\/www.accuratereviews.com\/wp-content\/uploads\/2023\/11\/Screenshot-2023-11-21-alle-11.56.17-320x141.png 320w, https:\/\/www.accuratereviews.com\/wp-content\/uploads\/2023\/11\/Screenshot-2023-11-21-alle-11.56.17-239x106.png 239w\" sizes=\"auto, (max-width: 686px) 100vw, 686px\" \/><\/a><\/p>\n<h2>E-Z BIS &#8211; CARATTERISTICHE<\/h2>\n<ul>\n<li>Facile da usare e completo per soddisfare le esigenze di qualsiasi studio chiropratico.<\/li>\n<li>Il software ha un design modulare e supporta moduli aggiuntivi &#8211; Front Desk e Cartella Clinica Elettronica &#8211; per migliorare le funzionalit\u00e0 di pianificazione degli appuntamenti e di gestione delle cartelle cliniche dei pazienti.<\/li>\n<li>Altre funzionalit\u00e0 offerte dal prodotto includono fogli di registrazione digitale dei pazienti, elaborazione dei pagamenti assicurativi, registrazione automatica dei pagamenti assicurativi, gestione dei sinistri, estratti conto mensili, report e molto altro.<\/li>\n<li>\u00c8 possibile accedere al software su desktop e tablet ed \u00e8 conforme HIPAA e certificato per la partecipazione al sistema di incentivi di pagamento basato sul merito (MIPS).<\/li>\n<li>Aiuta cliniche e professionisti a convertire processi e flussi di lavoro basati su carta in flussi di lavoro digitali e consente agli utenti di inserire direttamente nel sistema note quotidiane, resoconti professionali e informazioni sulla salute dei pazienti.<\/li>\n<li>Il software \u00e8 offerto come soluzione software in sede o come sistema software ospitato nel cloud per un facile accesso da qualsiasi luogo.<\/li>\n<\/ul>\n<h3>LE RECENSIONI DEGLI UTENTI<\/h3>\n<p><strong>James &#8220;Oltre 20 anni di utilizzo di EZ Bis&#8221;<\/strong><br \/>\n<strong>Commenti<\/strong>: Ogni volta che abbiamo problemi con il software, possiamo chiamare EZ Bis e qualcuno \u00e8 sempre in grado di risolvere il problema. Il software viene costantemente aggiornato e migliorato.<br \/>\n<strong>Pro<\/strong>: L&#8217;agenda degli appuntamenti \u00e8 fantastica! Ho pi\u00f9 fornitori in ufficio in modo che ogni fornitore possa consultare gli appuntamenti dei propri pazienti o visualizzare l&#8217;intero programma della clinica. EZ Bis aggiorna costantemente, apporta miglioramenti e aggiunge nuove funzionalit\u00e0. Ora i nostri pazienti possono comunicare direttamente tramite SMS con l&#8217;agenda degli appuntamenti della reception. Siamo in grado di eseguire centinaia di report diversi.<br \/>\n<strong>Contro<\/strong>: Non utilizzo il modulo ERH, ma credo che abbia avuto molteplici miglioramenti nel corso degli anni.<\/p>\n<p><strong>Caitlin &#8220;Ottimo servizio clienti!&#8221;<\/strong><br \/>\n<strong>Commenti<\/strong>: Ottima esperienza complessiva!<br \/>\n<strong>Pro<\/strong>: EZBIS potrebbe non essere un prodotto cos\u00ec attraente o conosciuto come altri software chiropratici, ma supera di gran lunga tutte le altre opzioni disponibili in termini di funzionalit\u00e0 e servizio clienti. Lavoriamo con loro dall&#8217;apertura del nostro ufficio e sono molto reattivi. Lavorano sempre per migliorare il loro prodotto e chiedono regolarmente feedback ai loro clienti. Adoro quanto sia simpatico il personale. Conosco la maggior parte delle persone che rispondono al telefono quando chiamo. Prendono molto sul serio la soddisfazione del cliente e si preoccupano veramente dei loro clienti.<br \/>\n<strong>Contro<\/strong>: La facilit\u00e0 di funzionalit\u00e0 per quanto riguarda gli aspetti del paziente (promemoria di testo, portale dall&#8217;aspetto obsoleto e difficile da usare) potrebbe essere migliorata. L&#8217;EHR potrebbe essere un po&#8217; pi\u00f9 user-friendly e avere pi\u00f9 opzioni per i rapporti sulle note (formato punto elenco anzich\u00e9 formato narrativo, ecc.). Nel complesso, EZBIS supera di gran lunga tutte le altre opzioni disponibili.<\/p>\n<p><strong>James &#8220;Assistenza clienti&#8221;<\/strong><br \/>\n<strong>Commenti<\/strong>: Grande<br \/>\n<strong>Pro<\/strong>: Eccezionale risolve sempre pazientemente i miei problemi alla prima chiamata.<br \/>\n<strong>Contro<\/strong>: Il tempo scade troppo velocemente. Noi e il supporto ci siamo occupati del problema, ma devo comunque accedere ripetutamente pi\u00f9 volte al giorno alla soluzione poich\u00e9 si blocca.<\/p>\n","protected":false},"excerpt":{"rendered":"<p>E-Z BIS \u00e8 un software di gestione delle cartelle cliniche elettroniche (EHR) basato sul Web, che offre funzionalit\u00e0 di fatturazione, gestione degli appuntamenti e gestione delle cartelle cliniche dei pazienti. Sono disponibili due diverse edizioni del prodotto: E-Z BIS Office per cliniche di grandi dimensioni ed E-Z BIS Basic per studi pi\u00f9 piccoli.<\/p>\n","protected":false},"author":19,"featured_media":72985,"parent":27304,"menu_order":0,"comment_status":"open","ping_status":"closed","template":"g1_template_page_review_new.php","meta":{"_acf_changed":false,"cwp_meta_box_check":"Yes","cwp_rev_product_name":"","cwp_rev_product_image":"","wppr_links":[],"cwp_rev_price":"0.00","wppr_options":[{"name":"Usability","value":"0"},{"name":"Speed","value":"0"},{"name":"Features","value":"0"},{"name":"Support","value":"0"},{"name":"Pricing","value":"0"}],"wppr_pros":["","","","",""],"wppr_cons":["","","","",""],"_monsterinsights_skip_tracking":false,"_monsterinsights_sitenote_active":false,"_monsterinsights_sitenote_note":"","_monsterinsights_sitenote_category":0,"footnotes":""},"categories":[2993],"tags":[14789,14759,14761,14760,3512,3114],"features":[],"class_list":{"0":"post-72981","1":"page","2":"type-page","3":"status-publish","4":"has-post-thumbnail","6":"category-gestionale-per-fisioterapia-categoria","7":"tag-e-z-bis","8":"tag-gestionale-fisioterapia","9":"tag-piattaforma-gestionale-fisioterapia","10":"tag-programma-gestionale-fisioterapia","11":"tag-software-gestionale-fisioterapia","12":"tag-soluzione-gestionale-fisioterapia"},"wppr_data":{"cwp_meta_box_check":"Yes","_wppr_review_template":"default","cwp_rev_product_image":"","cwp_image_link":"image","wppr_links":[],"cwp_rev_price":"0.00","wppr_pros":["","","","",""],"wppr_cons":["","","","",""],"wppr_rating":"0.00","wppr_options":{"1":{"name":"Usability","value":"0"},"2":{"name":"Speed","value":"0"},"3":{"name":"Features","value":"0"},"4":{"name":"Support","value":"0"},"5":{"name":"Pricing","value":"0"}},"wppr_review_type":"Product","wppr_review_custom_fields":{"additionalProperty":"","additionalType":"","aggregateRating":"","alternateName":"","audience":"","award":"","awards":"","brand":"","color":"","depth":"","description":"","disambiguatingDescription":"","gtin12":"","gtin13":"","gtin14":"","gtin8":"","height":"","identifier":"","image":"","isAccessoryOrSparePartFor":"","isConsumableFor":"","isRelatedTo":"","isSimilarTo":"","itemCondition":"","logo":"","mainEntityOfPage":"","manufacturer":"","material":"","model":"","mpn":"","name":"","offers":"","potentialAction":"","productID":"","productionDate":"","purchaseDate":"","releaseDate":"","review":"","reviews":"","sameAs":"","sku":"","slogan":"","subjectOf":"","url":"","weight":"","width":""}},"acf":[],"yoast_head":"<!-- This site is optimized with the Yoast SEO plugin v27.4 - https:\/\/yoast.com\/product\/yoast-seo-wordpress\/ -->\n<title>E-Z BIS: recensione software gestionale fisioterapia - Accurate Reviews<\/title>\n<meta name=\"description\" content=\"E-Z BIS: recensione software di gestione delle cartelle cliniche elettroniche (EHR) basato sul Web per cliniche di qualsiasi dimensione.\" \/>\n<meta name=\"robots\" content=\"index, follow, max-snippet:-1, max-image-preview:large, max-video-preview:-1\" \/>\n<link rel=\"canonical\" href=\"https:\/\/www.accuratereviews.com\/it\/gestionali-per-fisioterapia-lista\/e-z-bis-recensione\/\" \/>\n<meta property=\"og:locale\" content=\"it_IT\" \/>\n<meta property=\"og:type\" content=\"article\" \/>\n<meta property=\"og:title\" content=\"E-Z BIS: recensione software gestionale fisioterapia - Accurate Reviews\" \/>\n<meta property=\"og:description\" content=\"E-Z BIS: recensione software di gestione delle cartelle cliniche elettroniche (EHR) basato sul Web per cliniche di qualsiasi dimensione.\" \/>\n<meta property=\"og:url\" content=\"https:\/\/www.accuratereviews.com\/it\/gestionali-per-fisioterapia-lista\/e-z-bis-recensione\/\" \/>\n<meta property=\"og:site_name\" content=\"Accurate Reviews\" \/>\n<meta property=\"og:image\" content=\"https:\/\/www.accuratereviews.com\/wp-content\/uploads\/2023\/11\/E-Z-BIS.png\" \/>\n\t<meta property=\"og:image:width\" content=\"200\" \/>\n\t<meta property=\"og:image:height\" content=\"200\" \/>\n\t<meta property=\"og:image:type\" content=\"image\/png\" \/>\n<meta name=\"twitter:card\" content=\"summary_large_image\" \/>\n<meta name=\"twitter:label1\" content=\"Tempo di lettura stimato\" \/>\n\t<meta name=\"twitter:data1\" content=\"4 minuti\" \/>\n<script type=\"application\/ld+json\" class=\"yoast-schema-graph\">{\"@context\":\"https:\\\/\\\/schema.org\",\"@graph\":[{\"@type\":\"WebPage\",\"@id\":\"https:\\\/\\\/www.accuratereviews.com\\\/it\\\/gestionali-per-fisioterapia-lista\\\/e-z-bis-recensione\\\/\",\"url\":\"https:\\\/\\\/www.accuratereviews.com\\\/it\\\/gestionali-per-fisioterapia-lista\\\/e-z-bis-recensione\\\/\",\"name\":\"E-Z BIS: recensione software gestionale fisioterapia - Accurate Reviews\",\"isPartOf\":{\"@id\":\"https:\\\/\\\/www.accuratereviews.com\\\/it\\\/#website\"},\"primaryImageOfPage\":{\"@id\":\"https:\\\/\\\/www.accuratereviews.com\\\/it\\\/gestionali-per-fisioterapia-lista\\\/e-z-bis-recensione\\\/#primaryimage\"},\"image\":{\"@id\":\"https:\\\/\\\/www.accuratereviews.com\\\/it\\\/gestionali-per-fisioterapia-lista\\\/e-z-bis-recensione\\\/#primaryimage\"},\"thumbnailUrl\":\"https:\\\/\\\/www.accuratereviews.com\\\/wp-content\\\/uploads\\\/2023\\\/11\\\/E-Z-BIS.png\",\"datePublished\":\"2023-11-21T22:07:40+00:00\",\"description\":\"E-Z BIS: recensione software di gestione delle cartelle cliniche elettroniche (EHR) basato sul Web per cliniche di qualsiasi dimensione.\",\"breadcrumb\":{\"@id\":\"https:\\\/\\\/www.accuratereviews.com\\\/it\\\/gestionali-per-fisioterapia-lista\\\/e-z-bis-recensione\\\/#breadcrumb\"},\"inLanguage\":\"it-IT\",\"potentialAction\":[{\"@type\":\"ReadAction\",\"target\":[\"https:\\\/\\\/www.accuratereviews.com\\\/it\\\/gestionali-per-fisioterapia-lista\\\/e-z-bis-recensione\\\/\"]}]},{\"@type\":\"ImageObject\",\"inLanguage\":\"it-IT\",\"@id\":\"https:\\\/\\\/www.accuratereviews.com\\\/it\\\/gestionali-per-fisioterapia-lista\\\/e-z-bis-recensione\\\/#primaryimage\",\"url\":\"https:\\\/\\\/www.accuratereviews.com\\\/wp-content\\\/uploads\\\/2023\\\/11\\\/E-Z-BIS.png\",\"contentUrl\":\"https:\\\/\\\/www.accuratereviews.com\\\/wp-content\\\/uploads\\\/2023\\\/11\\\/E-Z-BIS.png\",\"width\":200,\"height\":200},{\"@type\":\"BreadcrumbList\",\"@id\":\"https:\\\/\\\/www.accuratereviews.com\\\/it\\\/gestionali-per-fisioterapia-lista\\\/e-z-bis-recensione\\\/#breadcrumb\",\"itemListElement\":[{\"@type\":\"ListItem\",\"position\":1,\"name\":\"Home\",\"item\":\"https:\\\/\\\/www.accuratereviews.com\\\/it\\\/\"},{\"@type\":\"ListItem\",\"position\":2,\"name\":\"Gestionali per fisioterapia\",\"item\":\"https:\\\/\\\/www.accuratereviews.com\\\/it\\\/gestionali-per-fisioterapia-lista\\\/\"},{\"@type\":\"ListItem\",\"position\":3,\"name\":\"E-Z BIS\"}]},{\"@type\":\"WebSite\",\"@id\":\"https:\\\/\\\/www.accuratereviews.com\\\/it\\\/#website\",\"url\":\"https:\\\/\\\/www.accuratereviews.com\\\/it\\\/\",\"name\":\"Accurate Reviews\",\"description\":\"\",\"potentialAction\":[{\"@type\":\"SearchAction\",\"target\":{\"@type\":\"EntryPoint\",\"urlTemplate\":\"https:\\\/\\\/www.accuratereviews.com\\\/it\\\/?s={search_term_string}\"},\"query-input\":{\"@type\":\"PropertyValueSpecification\",\"valueRequired\":true,\"valueName\":\"search_term_string\"}}],\"inLanguage\":\"it-IT\"}]}<\/script>\n<!-- \/ Yoast SEO plugin. -->","yoast_head_json":{"title":"E-Z BIS: recensione software gestionale fisioterapia - Accurate Reviews","description":"E-Z BIS: recensione software di gestione delle cartelle cliniche elettroniche (EHR) basato sul Web per cliniche di qualsiasi dimensione.","robots":{"index":"index","follow":"follow","max-snippet":"max-snippet:-1","max-image-preview":"max-image-preview:large","max-video-preview":"max-video-preview:-1"},"canonical":"https:\/\/www.accuratereviews.com\/it\/gestionali-per-fisioterapia-lista\/e-z-bis-recensione\/","og_locale":"it_IT","og_type":"article","og_title":"E-Z BIS: recensione software gestionale fisioterapia - Accurate Reviews","og_description":"E-Z BIS: recensione software di gestione delle cartelle cliniche elettroniche (EHR) basato sul Web per cliniche di qualsiasi dimensione.","og_url":"https:\/\/www.accuratereviews.com\/it\/gestionali-per-fisioterapia-lista\/e-z-bis-recensione\/","og_site_name":"Accurate Reviews","og_image":[{"width":200,"height":200,"url":"https:\/\/www.accuratereviews.com\/wp-content\/uploads\/2023\/11\/E-Z-BIS.png","type":"image\/png"}],"twitter_card":"summary_large_image","twitter_misc":{"Tempo di lettura stimato":"4 minuti"},"schema":{"@context":"https:\/\/schema.org","@graph":[{"@type":"WebPage","@id":"https:\/\/www.accuratereviews.com\/it\/gestionali-per-fisioterapia-lista\/e-z-bis-recensione\/","url":"https:\/\/www.accuratereviews.com\/it\/gestionali-per-fisioterapia-lista\/e-z-bis-recensione\/","name":"E-Z BIS: recensione software gestionale fisioterapia - Accurate Reviews","isPartOf":{"@id":"https:\/\/www.accuratereviews.com\/it\/#website"},"primaryImageOfPage":{"@id":"https:\/\/www.accuratereviews.com\/it\/gestionali-per-fisioterapia-lista\/e-z-bis-recensione\/#primaryimage"},"image":{"@id":"https:\/\/www.accuratereviews.com\/it\/gestionali-per-fisioterapia-lista\/e-z-bis-recensione\/#primaryimage"},"thumbnailUrl":"https:\/\/www.accuratereviews.com\/wp-content\/uploads\/2023\/11\/E-Z-BIS.png","datePublished":"2023-11-21T22:07:40+00:00","description":"E-Z BIS: recensione software di gestione delle cartelle cliniche elettroniche (EHR) basato sul Web per cliniche di qualsiasi dimensione.","breadcrumb":{"@id":"https:\/\/www.accuratereviews.com\/it\/gestionali-per-fisioterapia-lista\/e-z-bis-recensione\/#breadcrumb"},"inLanguage":"it-IT","potentialAction":[{"@type":"ReadAction","target":["https:\/\/www.accuratereviews.com\/it\/gestionali-per-fisioterapia-lista\/e-z-bis-recensione\/"]}]},{"@type":"ImageObject","inLanguage":"it-IT","@id":"https:\/\/www.accuratereviews.com\/it\/gestionali-per-fisioterapia-lista\/e-z-bis-recensione\/#primaryimage","url":"https:\/\/www.accuratereviews.com\/wp-content\/uploads\/2023\/11\/E-Z-BIS.png","contentUrl":"https:\/\/www.accuratereviews.com\/wp-content\/uploads\/2023\/11\/E-Z-BIS.png","width":200,"height":200},{"@type":"BreadcrumbList","@id":"https:\/\/www.accuratereviews.com\/it\/gestionali-per-fisioterapia-lista\/e-z-bis-recensione\/#breadcrumb","itemListElement":[{"@type":"ListItem","position":1,"name":"Home","item":"https:\/\/www.accuratereviews.com\/it\/"},{"@type":"ListItem","position":2,"name":"Gestionali per fisioterapia","item":"https:\/\/www.accuratereviews.com\/it\/gestionali-per-fisioterapia-lista\/"},{"@type":"ListItem","position":3,"name":"E-Z BIS"}]},{"@type":"WebSite","@id":"https:\/\/www.accuratereviews.com\/it\/#website","url":"https:\/\/www.accuratereviews.com\/it\/","name":"Accurate Reviews","description":"","potentialAction":[{"@type":"SearchAction","target":{"@type":"EntryPoint","urlTemplate":"https:\/\/www.accuratereviews.com\/it\/?s={search_term_string}"},"query-input":{"@type":"PropertyValueSpecification","valueRequired":true,"valueName":"search_term_string"}}],"inLanguage":"it-IT"}]}},"_links":{"self":[{"href":"https:\/\/www.accuratereviews.com\/it\/wp-json\/wp\/v2\/pages\/72981","targetHints":{"allow":["GET"]}}],"collection":[{"href":"https:\/\/www.accuratereviews.com\/it\/wp-json\/wp\/v2\/pages"}],"about":[{"href":"https:\/\/www.accuratereviews.com\/it\/wp-json\/wp\/v2\/types\/page"}],"author":[{"embeddable":true,"href":"https:\/\/www.accuratereviews.com\/it\/wp-json\/wp\/v2\/users\/19"}],"replies":[{"embeddable":true,"href":"https:\/\/www.accuratereviews.com\/it\/wp-json\/wp\/v2\/comments?post=72981"}],"version-history":[{"count":8,"href":"https:\/\/www.accuratereviews.com\/it\/wp-json\/wp\/v2\/pages\/72981\/revisions"}],"predecessor-version":[{"id":73003,"href":"https:\/\/www.accuratereviews.com\/it\/wp-json\/wp\/v2\/pages\/72981\/revisions\/73003"}],"up":[{"embeddable":true,"href":"https:\/\/www.accuratereviews.com\/it\/wp-json\/wp\/v2\/pages\/27304"}],"wp:featuredmedia":[{"embeddable":true,"href":"https:\/\/www.accuratereviews.com\/it\/wp-json\/wp\/v2\/media\/72985"}],"wp:attachment":[{"href":"https:\/\/www.accuratereviews.com\/it\/wp-json\/wp\/v2\/media?parent=72981"}],"wp:term":[{"taxonomy":"category","embeddable":true,"href":"https:\/\/www.accuratereviews.com\/it\/wp-json\/wp\/v2\/categories?post=72981"},{"taxonomy":"post_tag","embeddable":true,"href":"https:\/\/www.accuratereviews.com\/it\/wp-json\/wp\/v2\/tags?post=72981"},{"taxonomy":"features","embeddable":true,"href":"https:\/\/www.accuratereviews.com\/it\/wp-json\/wp\/v2\/features?post=72981"}],"curies":[{"name":"wp","href":"https:\/\/api.w.org\/{rel}","templated":true}]}}