{"id":73009,"date":"2023-11-22T17:53:53","date_gmt":"2023-11-22T17:53:53","guid":{"rendered":"https:\/\/www.accuratereviews.com\/?page_id=73009"},"modified":"2023-11-23T11:39:20","modified_gmt":"2023-11-23T11:39:20","slug":"practice-pro-recensione","status":"publish","type":"page","link":"https:\/\/www.accuratereviews.com\/it\/gestionali-per-fisioterapia-lista\/practice-pro-recensione\/","title":{"rendered":"Practice Pro"},"content":{"rendered":"<p><strong>Practice Pro<\/strong> EMR offre un&#8217;opzione per fornire la migliore assistenza e i migliori risultati per i pazienti. Frutto di due decenni di esperienza clinica e aziendale, \u00e8 sviluppato su fondamenta di sicurezza e conformit\u00e0. Con questo programma, ottieni una <strong>soluzione EMR per terapia fisica e gestione dello studio<\/strong> perfettamente integrata e all-in-one, basata su un&#8217;unica fonte di verit\u00e0.<br \/>\n<strong>Practice Pro <\/strong>\u00e8\u00a0basato al 100% sul web e non richiede assolutamente nulla da installare. Flessibile e personalizzabile per soddisfare ogni tua esigenza sfruttando il drag and drop, la pianificazione degli appuntamenti in pi\u00f9 sedi, una ricca libreria di documentazione clinica personalizzabile, robusti processi di fatturazione e riscossione, un&#8217;ampia selezione di report e dashboard, funzionalit\u00e0 di gestione dei risultati, CRM di gestione delle segnalazioni, portale paziente intuitivo e altro ancora.<\/p>\n<h2>PRACTICE PRO &#8211; TUTORIAL<\/h2>\n<div id=\"fluid-wrapper-counter-1\" class=\"g1-fluid-wrapper \" style=\"width:686px;\">\n<div style=\"padding-bottom:56.268221574344%;\"><iframe loading=\"lazy\" title=\"Practice Pro 4 0   Intro Video\" width=\"686\" height=\"386\" src=\"https:\/\/www.youtube.com\/embed\/QIYggH86j6U?feature=oembed&amp;wmode=transparent&amp;autohide=1&amp;autoplay=0&amp;disablekb=0&amp;fs=1&amp;loop=0&amp;enablejsapi=1&amp;rel=0&amp;controls=2&amp;showinfo=0&amp;wmode=transparent&amp;autohide=2&amp;autoplay=0&amp;disablekb=0&amp;fs=1&amp;loop=0&amp;enablejsapi=1&amp;rel=0&amp;controls=2&amp;showinfo=1\" frameborder=\"0\" allow=\"accelerometer; autoplay; clipboard-write; encrypted-media; gyroscope; picture-in-picture; web-share\" allowfullscreen><\/iframe><\/div>\n<\/div>\n<h3>PRACTICE PRO &#8211; CARATTERISTICHE<\/h3>\n<ul>\n<li><strong>Programmazione<\/strong>: intelligente, facile e consapevole. Il Scheduler ti manterr\u00e0 organizzato e informato.<\/li>\n<li><strong>Documentazione<\/strong>: dedica meno tempo alla creazione di grafici e pi\u00f9 tempo alla cura con modelli flessibili e altro ancora.<\/li>\n<li><strong>RCM e fatturazione<\/strong>: aumenta le tue entrate e riduci i rifiuti con il software e i servizi di fatturazione.<\/li>\n<li><strong>Report e KPI<\/strong>: misura le prestazioni con report, dashboard e analisi aziendali.<\/li>\n<li><strong>Portale paziente<\/strong>: consenti ai pazienti di accedere alla registrazione, agli appuntamenti e ai pagamenti online.<\/li>\n<li><strong>Telesalute<\/strong>: connettiti con i pazienti ovunque e in qualsiasi momento, dal tuo desktop o dispositivo mobile.<\/li>\n<li><strong>Gestione dei riferimenti<\/strong>: aumenta le segnalazioni, converti i pazienti e rafforza le relazioni con i medici.<\/li>\n<li><strong>Programmi di esercizi a casa:<\/strong> mantieni i pazienti in linea con il programma di esercizi a casa per raggiungere i loro obiettivi terapeutici.<\/li>\n<li><strong>Outsourcing servizi RCM<\/strong>: eliminare le sfide di fatturazione, aumentare il flusso di cassa e accedere a parametri finanziari in tempo reale<br \/>\ncon un team dedicato di esperti.<\/li>\n<\/ul>\n<h4>LE RECENSIONI DEGLI UTENTI<\/h4>\n<p><strong>Kenneth &#8220;Ottimo EMR&#8221;<\/strong><br \/>\n<strong>Commenti<\/strong>: Practice Pro \u00e8 una solida scelta EMR. Ampio set di funzionalit\u00e0 facile da usare per facilitare il flusso di lavoro e personalizzabile. Il team di supporto \u00e8 eccezionale e molto reattivo.<br \/>\n<strong>Pro<\/strong>: Siamo passati a Practice Pro circa 18 mesi fa. La transizione \u00e8 stata difficile, ma me lo aspettavo e ho apprezzato il grande impegno profuso dal team di professionisti per rendere il processo il pi\u00f9 agevole possibile. Hanno un programma di onboarding molto carino. L\u2019EMR stesso ha colmato molte delle carenze che avevamo nel nostro vecchio EMR. Praticamente tutto viene salvato automaticamente, esiste un&#8217;ampia gamma di funzionalit\u00e0 e report (moltissimi report). Il team di supporto lavora duramente per comprendere le esigenze del tuo processo e aiutarti a trovare flussi di lavoro pratici che funzionino per te.<br \/>\n<strong>Contro<\/strong>: Non \u00e8 il software pi\u00f9 economico, soprattutto se hai bisogno di personalizzazione, ma ottieni quello per cui paghi.<\/p>\n<p><strong>Jeanette &#8220;Completo ma complicato&#8221;<\/strong><br \/>\n<strong>Pro<\/strong>: Nel complesso, Practice Pro offre una vasta gamma di opzioni di documentazione, pianificazione, fatturazione, ecc. Tutto in un unico posto. \u00c8 facile trovare tutte le informazioni e la documentazione rilevanti su un determinato paziente\/cliente una volta capito come navigare nel sistema.<br \/>\n<strong>Contro<\/strong>: Nel complesso, PracticePro \u00e8 troppo impegnativo e difficile da navigare. Esistono troppe opzioni per i documenti, alcuni dei quali trasmettono le stesse informazioni, quindi dovrebbero essere ridotti per essere pi\u00f9 semplici e facili da trovare. I report non si adattano perfettamente al modo in cui vorrei trasmettere le informazioni sulla valutazione dei clienti\/pazienti, quindi finisco per utilizzare i miei modelli di report.<\/p>\n<p><strong>Alescia &#8220;Programma molto costoso ma robusto&#8221;<\/strong><br \/>\n<strong>Commenti<\/strong>: Mi piace il sistema ma non \u00e8 economicamente vantaggioso per gli studi pi\u00f9 piccoli. Considero di apportare una modifica a questo EMR a causa dei costi e delle commissioni eccessivi. \u00c8 un sistema pi\u00f9 robusto di molti altri disponibili, ma il portale dei pazienti \u00e8 goffo e necessita di pi\u00f9 funzionalit\u00e0. Il servizio clienti risponde rapidamente in caso di problemi.<br \/>\n<strong>Pro<\/strong>: L&#8217;interfaccia \u00e8 forse pi\u00f9 complicata di altri sistemi EMR ed \u00e8 necessaria una formazione continua per massimizzare le funzionalit\u00e0 disponibili: molte che non utilizzerai e altre che richiedono molto tempo per essere personalizzate, tuttavia i report e i modelli sono molto utili. Il servizio clienti \u00e8 reattivo.<br \/>\n<strong>Contro<\/strong>: Practice Pro \u00e8 uno dei sistemi EMR pi\u00f9 costosi se si sommano le tariffe annuali, $ 1 per visita pi\u00f9 $ per reclamo, $ per posizione. Il sistema pu\u00f2 essere travolgente e richiede una formazione approfondita del personale. Il portale dei pazienti necessita di aggiornamento per accogliere i moduli annuali e il caricamento dell&#8217;assicurazione del paziente direttamente nel sistema.<\/p>\n","protected":false},"excerpt":{"rendered":"<p>Practice Pro EMR offre un&#8217;opzione per fornire la migliore assistenza e i migliori risultati per i pazienti. Frutto di due decenni di esperienza clinica e aziendale, \u00e8 sviluppato su fondamenta di sicurezza e conformit\u00e0. Con questo programma, ottieni una soluzione EMR per terapia fisica e gestione dello studio perfettamente integrata e all-in-one, basata su un&#8217;unica fonte di verit\u00e0.<\/p>\n","protected":false},"author":19,"featured_media":73015,"parent":27304,"menu_order":0,"comment_status":"open","ping_status":"closed","template":"g1_template_page_review_new.php","meta":{"_acf_changed":false,"cwp_meta_box_check":"Yes","cwp_rev_product_name":"","cwp_rev_product_image":"","wppr_links":[],"cwp_rev_price":"0.00","wppr_options":[{"name":"Usability","value":"0"},{"name":"Speed","value":"0"},{"name":"Features","value":"0"},{"name":"Support","value":"0"},{"name":"Pricing","value":"0"}],"wppr_pros":["","","","",""],"wppr_cons":["","","","",""],"_monsterinsights_skip_tracking":false,"_monsterinsights_sitenote_active":false,"_monsterinsights_sitenote_note":"","_monsterinsights_sitenote_category":0,"footnotes":""},"categories":[2993],"tags":[14759,14761,14791,14760,3512,3114],"features":[],"class_list":{"0":"post-73009","1":"page","2":"type-page","3":"status-publish","4":"has-post-thumbnail","6":"category-gestionale-per-fisioterapia-categoria","7":"tag-gestionale-fisioterapia","8":"tag-piattaforma-gestionale-fisioterapia","9":"tag-practice-pro","10":"tag-programma-gestionale-fisioterapia","11":"tag-software-gestionale-fisioterapia","12":"tag-soluzione-gestionale-fisioterapia"},"wppr_data":{"cwp_meta_box_check":"Yes","_wppr_review_template":"default","cwp_rev_product_image":"","cwp_image_link":"image","wppr_links":[],"cwp_rev_price":"0.00","wppr_pros":["","","","",""],"wppr_cons":["","","","",""],"wppr_rating":"0.00","wppr_options":{"1":{"name":"Usability","value":"0"},"2":{"name":"Speed","value":"0"},"3":{"name":"Features","value":"0"},"4":{"name":"Support","value":"0"},"5":{"name":"Pricing","value":"0"}},"wppr_review_type":"Product","wppr_review_custom_fields":{"additionalProperty":"","additionalType":"","aggregateRating":"","alternateName":"","audience":"","award":"","awards":"","brand":"","color":"","depth":"","description":"","disambiguatingDescription":"","gtin12":"","gtin13":"","gtin14":"","gtin8":"","height":"","identifier":"","image":"","isAccessoryOrSparePartFor":"","isConsumableFor":"","isRelatedTo":"","isSimilarTo":"","itemCondition":"","logo":"","mainEntityOfPage":"","manufacturer":"","material":"","model":"","mpn":"","name":"","offers":"","potentialAction":"","productID":"","productionDate":"","purchaseDate":"","releaseDate":"","review":"","reviews":"","sameAs":"","sku":"","slogan":"","subjectOf":"","url":"","weight":"","width":""}},"acf":[],"yoast_head":"<!-- This site is optimized with the Yoast SEO plugin v27.4 - https:\/\/yoast.com\/product\/yoast-seo-wordpress\/ -->\n<title>Practice Pro: recensione software gestionale fisioterapia - Accurate Reviews<\/title>\n<meta name=\"description\" content=\"Practice Pro: recensione soluzione che offre un&#039;opzione per fornire la migliore assistenza e i migliori risultati per i pazienti.\" \/>\n<meta name=\"robots\" content=\"index, follow, max-snippet:-1, max-image-preview:large, max-video-preview:-1\" \/>\n<link rel=\"canonical\" href=\"https:\/\/www.accuratereviews.com\/it\/gestionali-per-fisioterapia-lista\/practice-pro-recensione\/\" \/>\n<meta property=\"og:locale\" content=\"it_IT\" \/>\n<meta property=\"og:type\" content=\"article\" \/>\n<meta property=\"og:title\" content=\"Practice Pro: recensione software gestionale fisioterapia - Accurate Reviews\" \/>\n<meta property=\"og:description\" content=\"Practice Pro: recensione soluzione che offre un&#039;opzione per fornire la migliore assistenza e i migliori risultati per i pazienti.\" \/>\n<meta property=\"og:url\" content=\"https:\/\/www.accuratereviews.com\/it\/gestionali-per-fisioterapia-lista\/practice-pro-recensione\/\" \/>\n<meta property=\"og:site_name\" content=\"Accurate Reviews\" \/>\n<meta property=\"article:modified_time\" content=\"2023-11-23T11:39:20+00:00\" \/>\n<meta property=\"og:image\" content=\"https:\/\/www.accuratereviews.com\/wp-content\/uploads\/2023\/11\/Practice-Pro2.jpeg\" \/>\n\t<meta property=\"og:image:width\" content=\"200\" \/>\n\t<meta property=\"og:image:height\" content=\"200\" \/>\n\t<meta property=\"og:image:type\" content=\"image\/jpeg\" \/>\n<meta name=\"twitter:card\" content=\"summary_large_image\" \/>\n<meta name=\"twitter:label1\" content=\"Tempo di lettura stimato\" \/>\n\t<meta name=\"twitter:data1\" content=\"4 minuti\" \/>\n<script type=\"application\/ld+json\" class=\"yoast-schema-graph\">{\"@context\":\"https:\\\/\\\/schema.org\",\"@graph\":[{\"@type\":\"WebPage\",\"@id\":\"https:\\\/\\\/www.accuratereviews.com\\\/it\\\/gestionali-per-fisioterapia-lista\\\/practice-pro-recensione\\\/\",\"url\":\"https:\\\/\\\/www.accuratereviews.com\\\/it\\\/gestionali-per-fisioterapia-lista\\\/practice-pro-recensione\\\/\",\"name\":\"Practice Pro: recensione software gestionale fisioterapia - Accurate Reviews\",\"isPartOf\":{\"@id\":\"https:\\\/\\\/www.accuratereviews.com\\\/it\\\/#website\"},\"primaryImageOfPage\":{\"@id\":\"https:\\\/\\\/www.accuratereviews.com\\\/it\\\/gestionali-per-fisioterapia-lista\\\/practice-pro-recensione\\\/#primaryimage\"},\"image\":{\"@id\":\"https:\\\/\\\/www.accuratereviews.com\\\/it\\\/gestionali-per-fisioterapia-lista\\\/practice-pro-recensione\\\/#primaryimage\"},\"thumbnailUrl\":\"https:\\\/\\\/www.accuratereviews.com\\\/wp-content\\\/uploads\\\/2023\\\/11\\\/Practice-Pro2.jpeg\",\"datePublished\":\"2023-11-22T17:53:53+00:00\",\"dateModified\":\"2023-11-23T11:39:20+00:00\",\"description\":\"Practice Pro: recensione soluzione che offre un'opzione per fornire la migliore assistenza e i migliori risultati per i pazienti.\",\"breadcrumb\":{\"@id\":\"https:\\\/\\\/www.accuratereviews.com\\\/it\\\/gestionali-per-fisioterapia-lista\\\/practice-pro-recensione\\\/#breadcrumb\"},\"inLanguage\":\"it-IT\",\"potentialAction\":[{\"@type\":\"ReadAction\",\"target\":[\"https:\\\/\\\/www.accuratereviews.com\\\/it\\\/gestionali-per-fisioterapia-lista\\\/practice-pro-recensione\\\/\"]}]},{\"@type\":\"ImageObject\",\"inLanguage\":\"it-IT\",\"@id\":\"https:\\\/\\\/www.accuratereviews.com\\\/it\\\/gestionali-per-fisioterapia-lista\\\/practice-pro-recensione\\\/#primaryimage\",\"url\":\"https:\\\/\\\/www.accuratereviews.com\\\/wp-content\\\/uploads\\\/2023\\\/11\\\/Practice-Pro2.jpeg\",\"contentUrl\":\"https:\\\/\\\/www.accuratereviews.com\\\/wp-content\\\/uploads\\\/2023\\\/11\\\/Practice-Pro2.jpeg\",\"width\":200,\"height\":200},{\"@type\":\"BreadcrumbList\",\"@id\":\"https:\\\/\\\/www.accuratereviews.com\\\/it\\\/gestionali-per-fisioterapia-lista\\\/practice-pro-recensione\\\/#breadcrumb\",\"itemListElement\":[{\"@type\":\"ListItem\",\"position\":1,\"name\":\"Home\",\"item\":\"https:\\\/\\\/www.accuratereviews.com\\\/it\\\/\"},{\"@type\":\"ListItem\",\"position\":2,\"name\":\"Gestionali per fisioterapia\",\"item\":\"https:\\\/\\\/www.accuratereviews.com\\\/it\\\/gestionali-per-fisioterapia-lista\\\/\"},{\"@type\":\"ListItem\",\"position\":3,\"name\":\"Practice Pro\"}]},{\"@type\":\"WebSite\",\"@id\":\"https:\\\/\\\/www.accuratereviews.com\\\/it\\\/#website\",\"url\":\"https:\\\/\\\/www.accuratereviews.com\\\/it\\\/\",\"name\":\"Accurate Reviews\",\"description\":\"\",\"potentialAction\":[{\"@type\":\"SearchAction\",\"target\":{\"@type\":\"EntryPoint\",\"urlTemplate\":\"https:\\\/\\\/www.accuratereviews.com\\\/it\\\/?s={search_term_string}\"},\"query-input\":{\"@type\":\"PropertyValueSpecification\",\"valueRequired\":true,\"valueName\":\"search_term_string\"}}],\"inLanguage\":\"it-IT\"}]}<\/script>\n<!-- \/ Yoast SEO plugin. -->","yoast_head_json":{"title":"Practice Pro: recensione software gestionale fisioterapia - Accurate Reviews","description":"Practice Pro: recensione soluzione che offre un'opzione per fornire la migliore assistenza e i migliori risultati per i pazienti.","robots":{"index":"index","follow":"follow","max-snippet":"max-snippet:-1","max-image-preview":"max-image-preview:large","max-video-preview":"max-video-preview:-1"},"canonical":"https:\/\/www.accuratereviews.com\/it\/gestionali-per-fisioterapia-lista\/practice-pro-recensione\/","og_locale":"it_IT","og_type":"article","og_title":"Practice Pro: recensione software gestionale fisioterapia - Accurate Reviews","og_description":"Practice Pro: recensione soluzione che offre un'opzione per fornire la migliore assistenza e i migliori risultati per i pazienti.","og_url":"https:\/\/www.accuratereviews.com\/it\/gestionali-per-fisioterapia-lista\/practice-pro-recensione\/","og_site_name":"Accurate Reviews","article_modified_time":"2023-11-23T11:39:20+00:00","og_image":[{"width":200,"height":200,"url":"https:\/\/www.accuratereviews.com\/wp-content\/uploads\/2023\/11\/Practice-Pro2.jpeg","type":"image\/jpeg"}],"twitter_card":"summary_large_image","twitter_misc":{"Tempo di lettura stimato":"4 minuti"},"schema":{"@context":"https:\/\/schema.org","@graph":[{"@type":"WebPage","@id":"https:\/\/www.accuratereviews.com\/it\/gestionali-per-fisioterapia-lista\/practice-pro-recensione\/","url":"https:\/\/www.accuratereviews.com\/it\/gestionali-per-fisioterapia-lista\/practice-pro-recensione\/","name":"Practice Pro: recensione software gestionale fisioterapia - Accurate Reviews","isPartOf":{"@id":"https:\/\/www.accuratereviews.com\/it\/#website"},"primaryImageOfPage":{"@id":"https:\/\/www.accuratereviews.com\/it\/gestionali-per-fisioterapia-lista\/practice-pro-recensione\/#primaryimage"},"image":{"@id":"https:\/\/www.accuratereviews.com\/it\/gestionali-per-fisioterapia-lista\/practice-pro-recensione\/#primaryimage"},"thumbnailUrl":"https:\/\/www.accuratereviews.com\/wp-content\/uploads\/2023\/11\/Practice-Pro2.jpeg","datePublished":"2023-11-22T17:53:53+00:00","dateModified":"2023-11-23T11:39:20+00:00","description":"Practice Pro: recensione soluzione che offre un'opzione per fornire la migliore assistenza e i migliori risultati per i pazienti.","breadcrumb":{"@id":"https:\/\/www.accuratereviews.com\/it\/gestionali-per-fisioterapia-lista\/practice-pro-recensione\/#breadcrumb"},"inLanguage":"it-IT","potentialAction":[{"@type":"ReadAction","target":["https:\/\/www.accuratereviews.com\/it\/gestionali-per-fisioterapia-lista\/practice-pro-recensione\/"]}]},{"@type":"ImageObject","inLanguage":"it-IT","@id":"https:\/\/www.accuratereviews.com\/it\/gestionali-per-fisioterapia-lista\/practice-pro-recensione\/#primaryimage","url":"https:\/\/www.accuratereviews.com\/wp-content\/uploads\/2023\/11\/Practice-Pro2.jpeg","contentUrl":"https:\/\/www.accuratereviews.com\/wp-content\/uploads\/2023\/11\/Practice-Pro2.jpeg","width":200,"height":200},{"@type":"BreadcrumbList","@id":"https:\/\/www.accuratereviews.com\/it\/gestionali-per-fisioterapia-lista\/practice-pro-recensione\/#breadcrumb","itemListElement":[{"@type":"ListItem","position":1,"name":"Home","item":"https:\/\/www.accuratereviews.com\/it\/"},{"@type":"ListItem","position":2,"name":"Gestionali per fisioterapia","item":"https:\/\/www.accuratereviews.com\/it\/gestionali-per-fisioterapia-lista\/"},{"@type":"ListItem","position":3,"name":"Practice Pro"}]},{"@type":"WebSite","@id":"https:\/\/www.accuratereviews.com\/it\/#website","url":"https:\/\/www.accuratereviews.com\/it\/","name":"Accurate Reviews","description":"","potentialAction":[{"@type":"SearchAction","target":{"@type":"EntryPoint","urlTemplate":"https:\/\/www.accuratereviews.com\/it\/?s={search_term_string}"},"query-input":{"@type":"PropertyValueSpecification","valueRequired":true,"valueName":"search_term_string"}}],"inLanguage":"it-IT"}]}},"_links":{"self":[{"href":"https:\/\/www.accuratereviews.com\/it\/wp-json\/wp\/v2\/pages\/73009","targetHints":{"allow":["GET"]}}],"collection":[{"href":"https:\/\/www.accuratereviews.com\/it\/wp-json\/wp\/v2\/pages"}],"about":[{"href":"https:\/\/www.accuratereviews.com\/it\/wp-json\/wp\/v2\/types\/page"}],"author":[{"embeddable":true,"href":"https:\/\/www.accuratereviews.com\/it\/wp-json\/wp\/v2\/users\/19"}],"replies":[{"embeddable":true,"href":"https:\/\/www.accuratereviews.com\/it\/wp-json\/wp\/v2\/comments?post=73009"}],"version-history":[{"count":10,"href":"https:\/\/www.accuratereviews.com\/it\/wp-json\/wp\/v2\/pages\/73009\/revisions"}],"predecessor-version":[{"id":73048,"href":"https:\/\/www.accuratereviews.com\/it\/wp-json\/wp\/v2\/pages\/73009\/revisions\/73048"}],"up":[{"embeddable":true,"href":"https:\/\/www.accuratereviews.com\/it\/wp-json\/wp\/v2\/pages\/27304"}],"wp:featuredmedia":[{"embeddable":true,"href":"https:\/\/www.accuratereviews.com\/it\/wp-json\/wp\/v2\/media\/73015"}],"wp:attachment":[{"href":"https:\/\/www.accuratereviews.com\/it\/wp-json\/wp\/v2\/media?parent=73009"}],"wp:term":[{"taxonomy":"category","embeddable":true,"href":"https:\/\/www.accuratereviews.com\/it\/wp-json\/wp\/v2\/categories?post=73009"},{"taxonomy":"post_tag","embeddable":true,"href":"https:\/\/www.accuratereviews.com\/it\/wp-json\/wp\/v2\/tags?post=73009"},{"taxonomy":"features","embeddable":true,"href":"https:\/\/www.accuratereviews.com\/it\/wp-json\/wp\/v2\/features?post=73009"}],"curies":[{"name":"wp","href":"https:\/\/api.w.org\/{rel}","templated":true}]}}